{"id":71619,"date":"2021-09-02T19:00:23","date_gmt":"2021-09-02T17:00:23","guid":{"rendered":"https:\/\/svetslik.si\/unkategorisiert\/2-cakra\/"},"modified":"2026-03-22T14:36:22","modified_gmt":"2026-03-22T13:36:22","slug":"energetische-gemalde-2-chakra","status":"publish","type":"product","link":"https:\/\/svetslik.si\/de\/chakren\/energetische-gemalde-2-chakra\/","title":{"rendered":"Energetische Gem\u00e4lde &#8211; 2. Chakra"},"content":{"rendered":"<p>Dieses Gem\u00e4lde repr\u00e4sentiert das 2. Chakra &#8211; das Sakralchakra. Es befindet sich etwa eineinhalb Daumenbreiten \u00fcber dem 1. Chakra, dem Wurzelchakra oder dem Basischakra am unteren Ende der Wirbels\u00e4ule. Es ist das Chakra f\u00fcr Kreativit\u00e4t in allen Formen, Offenheit, Empf\u00e4nglichkeit f\u00fcr neue Ideen und g\u00f6ttliche Inspiration. Es ist das Zentrum, das Beziehungen in Beziehungen, sexuelle Energie und Fortpflanzung oder Befruchtung regelt. Die vorherrschende Farbe ist Orange.<\/p>\n","protected":false},"excerpt":{"rendered":"<p>Dieses Gem\u00e4lde repr\u00e4sentiert das 2. Chakra &#8211; das Sakralchakra. Es befindet sich etwa eineinhalb Daumenbreiten \u00fcber dem 1. Chakra, dem Wurzelchakra oder dem Basischakra am unteren Ende der Wirbels\u00e4ule. Es ist das Chakra f\u00fcr Kreativit\u00e4t in allen Formen, Offenheit, Empf\u00e4nglichkeit f\u00fcr neue Ideen und g\u00f6ttliche Inspiration. Es ist das Zentrum, [&hellip;]<\/p>\n","protected":false},"featured_media":63316,"template":"","meta":{"_acf_changed":false},"product_brand":[],"product_cat":[8439,8442],"product_tag":[8487],"class_list":{"0":"post-71619","1":"product","2":"type-product","3":"status-publish","4":"has-post-thumbnail","6":"product_cat-energiebilder","7":"product_cat-chakren","8":"product_tag-energiebilder","9":"pa_dimenzija-30-x-40-cm-de","10":"pa_dimenzija-36-x-48-cm-de","11":"pa_dimenzija-60-x-80-cm-de","12":"pa_dimenzija-90-x-120-cm-de","13":"pa_oblika-vertikal","14":"pa_okvir-ohne-rahmen","15":"pa_podokvir-ja","16":"pa_podokvir-nein","18":"first","19":"instock","20":"purchasable","21":"product-type-variable","22":"has-default-attributes"},"acf":[],"yoast_head":"<!-- This site is optimized with the Yoast SEO Premium plugin v26.0 (Yoast SEO v27.2) - https:\/\/yoast.com\/product\/yoast-seo-premium-wordpress\/ -->\n<title>Energetische Gem\u00e4lde - 2. Chakra - SVETSLIK.SI - 100% handgemalt<\/title>\n<meta name=\"description\" content=\"Handgemaltes Energiegem\u00e4lde auf Leinwand - Energetische Gem\u00e4lde - 2. Chakra -. Sie k\u00f6nnen das Bild mit Hilfe unserer einzigartigen Anwendung auf der Website einrahmen.\" \/>\n<meta name=\"robots\" content=\"index, follow, max-snippet:-1, max-image-preview:large, max-video-preview:-1\" \/>\n<link rel=\"canonical\" href=\"https:\/\/svetslik.si\/de\/chakren\/energetische-gemalde-2-chakra\/\" \/>\n<meta property=\"og:locale\" content=\"de_DE\" \/>\n<meta property=\"og:type\" content=\"article\" \/>\n<meta property=\"og:title\" content=\"Energetische Gem\u00e4lde - 2. Chakra\" \/>\n<meta property=\"og:description\" content=\"100% ro\u010dno naslikane slike na platnu, reprodukcije znanih slikarjev in umetni\u0161ke slike po naro\u010dilu.\" \/>\n<meta property=\"og:url\" content=\"https:\/\/svetslik.si\/de\/chakren\/energetische-gemalde-2-chakra\/\" \/>\n<meta property=\"og:site_name\" content=\"SVETSLIK.SI\" \/>\n<meta property=\"article:publisher\" content=\"https:\/\/www.facebook.com\/svetslik.si\" \/>\n<meta property=\"article:modified_time\" content=\"2026-03-22T13:36:22+00:00\" \/>\n<meta property=\"og:image\" content=\"https:\/\/svetslik.si\/wp-content\/uploads\/2021\/08\/image_2-Cakra_680.jpg\" \/>\n\t<meta property=\"og:image:width\" content=\"528\" \/>\n\t<meta property=\"og:image:height\" content=\"680\" \/>\n\t<meta property=\"og:image:type\" content=\"image\/jpeg\" \/>\n<meta name=\"twitter:card\" content=\"summary_large_image\" \/>\n<meta name=\"twitter:site\" content=\"@svetslik\" \/>\n<meta name=\"twitter:label1\" content=\"Verf\u00fcgbarkeit\" \/>\n\t<meta name=\"twitter:data1\" content=\"Auf Lager\" \/>\n<script type=\"application\/ld+json\" class=\"yoast-schema-graph\">{\"@context\":\"https:\/\/schema.org\",\"@graph\":[{\"@type\":[\"WebPage\",\"ItemPage\"],\"@id\":\"https:\/\/svetslik.si\/de\/chakren\/energetische-gemalde-2-chakra\/\",\"url\":\"https:\/\/svetslik.si\/de\/chakren\/energetische-gemalde-2-chakra\/\",\"name\":\"Energetische Gem\u00e4lde - 2. Chakra - SVETSLIK.SI - 100% handgemalt\",\"isPartOf\":{\"@id\":\"https:\/\/svetslik.si\/de\/#website\"},\"primaryImageOfPage\":{\"@id\":\"https:\/\/svetslik.si\/de\/chakren\/energetische-gemalde-2-chakra\/#primaryimage\"},\"image\":{\"@id\":\"https:\/\/svetslik.si\/de\/chakren\/energetische-gemalde-2-chakra\/#primaryimage\"},\"thumbnailUrl\":\"https:\/\/svetslik.si\/wp-content\/uploads\/2021\/08\/image_2-Cakra_680.jpg\",\"datePublished\":\"2021-09-02T17:00:23+00:00\",\"dateModified\":\"2026-03-22T13:36:22+00:00\",\"description\":\"Handgemaltes Energiegem\u00e4lde auf Leinwand - Energetische Gem\u00e4lde - 2. Chakra -. Sie k\u00f6nnen das Bild mit Hilfe unserer einzigartigen Anwendung auf der Website einrahmen.\",\"breadcrumb\":{\"@id\":\"https:\/\/svetslik.si\/de\/chakren\/energetische-gemalde-2-chakra\/#breadcrumb\"},\"inLanguage\":\"de\",\"potentialAction\":[{\"@type\":\"ReadAction\",\"target\":[\"https:\/\/svetslik.si\/de\/chakren\/energetische-gemalde-2-chakra\/\"]}]},{\"@type\":\"ImageObject\",\"inLanguage\":\"de\",\"@id\":\"https:\/\/svetslik.si\/de\/chakren\/energetische-gemalde-2-chakra\/#primaryimage\",\"url\":\"https:\/\/svetslik.si\/wp-content\/uploads\/2021\/08\/image_2-Cakra_680.jpg\",\"contentUrl\":\"https:\/\/svetslik.si\/wp-content\/uploads\/2021\/08\/image_2-Cakra_680.jpg\",\"width\":528,\"height\":680,\"caption\":\"Energiebilder - 2. Chakra\"},{\"@type\":\"BreadcrumbList\",\"@id\":\"https:\/\/svetslik.si\/de\/chakren\/energetische-gemalde-2-chakra\/#breadcrumb\",\"itemListElement\":[{\"@type\":\"ListItem\",\"position\":1,\"name\":\"Wandkunst und Gem\u00e4lde auf Leinwand\",\"item\":\"https:\/\/svetslik.si\/de\/\"},{\"@type\":\"ListItem\",\"position\":2,\"name\":\"Verkauf von Gem\u00e4lden\",\"item\":\"https:\/\/svetslik.si\/prodaja-slik\/\"},{\"@type\":\"ListItem\",\"position\":3,\"name\":\"Energetische Gem\u00e4lde &#8211; 2. Chakra\"}]},{\"@type\":\"WebSite\",\"@id\":\"https:\/\/svetslik.si\/de\/#website\",\"url\":\"https:\/\/svetslik.si\/de\/\",\"name\":\"SVETSLIK.SI\",\"description\":\"100% handgemalte Reproduktionen von Gem\u00e4lden ber\u00fchmter Maler und Gem\u00e4lde auf Leinwand.\",\"publisher\":{\"@id\":\"https:\/\/svetslik.si\/de\/#organization\"},\"potentialAction\":[{\"@type\":\"SearchAction\",\"target\":{\"@type\":\"EntryPoint\",\"urlTemplate\":\"https:\/\/svetslik.si\/de\/?s={search_term_string}\"},\"query-input\":{\"@type\":\"PropertyValueSpecification\",\"valueRequired\":true,\"valueName\":\"search_term_string\"}}],\"inLanguage\":\"de\"},{\"@type\":\"Organization\",\"@id\":\"https:\/\/svetslik.si\/de\/#organization\",\"name\":\"SvetSlik.si\",\"url\":\"https:\/\/svetslik.si\/de\/\",\"logo\":{\"@type\":\"ImageObject\",\"inLanguage\":\"de\",\"@id\":\"https:\/\/svetslik.si\/de\/#\/schema\/logo\/image\/\",\"url\":\"https:\/\/svetslik.si\/wp-content\/uploads\/2020\/12\/logo-512.png\",\"contentUrl\":\"https:\/\/svetslik.si\/wp-content\/uploads\/2020\/12\/logo-512.png\",\"width\":512,\"height\":512,\"caption\":\"SvetSlik.si\"},\"image\":{\"@id\":\"https:\/\/svetslik.si\/de\/#\/schema\/logo\/image\/\"},\"sameAs\":[\"https:\/\/www.facebook.com\/svetslik.si\",\"https:\/\/x.com\/svetslik\",\"https:\/\/www.instagram.com\/svetslik.si\/\",\"https:\/\/www.linkedin.com\/company\/svetslik-si\"]}]}<\/script>\n<meta property=\"og:availability\" content=\"instock\" \/>\n<meta property=\"product:availability\" content=\"instock\" \/>\n<meta property=\"product:retailer_item_id\" content=\"896__\" \/>\n<meta property=\"product:condition\" content=\"new\" \/>\n<!-- \/ Yoast SEO Premium plugin. -->","yoast_head_json":{"title":"Energetische Gem\u00e4lde - 2. Chakra - SVETSLIK.SI - 100% handgemalt","description":"Handgemaltes Energiegem\u00e4lde auf Leinwand - Energetische Gem\u00e4lde - 2. Chakra -. Sie k\u00f6nnen das Bild mit Hilfe unserer einzigartigen Anwendung auf der Website einrahmen.","robots":{"index":"index","follow":"follow","max-snippet":"max-snippet:-1","max-image-preview":"max-image-preview:large","max-video-preview":"max-video-preview:-1"},"canonical":"https:\/\/svetslik.si\/de\/chakren\/energetische-gemalde-2-chakra\/","og_locale":"de_DE","og_type":"article","og_title":"Energetische Gem\u00e4lde - 2. Chakra","og_description":"100% ro\u010dno naslikane slike na platnu, reprodukcije znanih slikarjev in umetni\u0161ke slike po naro\u010dilu.","og_url":"https:\/\/svetslik.si\/de\/chakren\/energetische-gemalde-2-chakra\/","og_site_name":"SVETSLIK.SI","article_publisher":"https:\/\/www.facebook.com\/svetslik.si","article_modified_time":"2026-03-22T13:36:22+00:00","og_image":[{"width":528,"height":680,"url":"https:\/\/svetslik.si\/wp-content\/uploads\/2021\/08\/image_2-Cakra_680.jpg","type":"image\/jpeg"}],"twitter_card":"summary_large_image","twitter_site":"@svetslik","twitter_misc":{"Verf\u00fcgbarkeit":"Auf Lager"},"schema":{"@context":"https:\/\/schema.org","@graph":[{"@type":["WebPage","ItemPage"],"@id":"https:\/\/svetslik.si\/de\/chakren\/energetische-gemalde-2-chakra\/","url":"https:\/\/svetslik.si\/de\/chakren\/energetische-gemalde-2-chakra\/","name":"Energetische Gem\u00e4lde - 2. Chakra - SVETSLIK.SI - 100% handgemalt","isPartOf":{"@id":"https:\/\/svetslik.si\/de\/#website"},"primaryImageOfPage":{"@id":"https:\/\/svetslik.si\/de\/chakren\/energetische-gemalde-2-chakra\/#primaryimage"},"image":{"@id":"https:\/\/svetslik.si\/de\/chakren\/energetische-gemalde-2-chakra\/#primaryimage"},"thumbnailUrl":"https:\/\/svetslik.si\/wp-content\/uploads\/2021\/08\/image_2-Cakra_680.jpg","datePublished":"2021-09-02T17:00:23+00:00","dateModified":"2026-03-22T13:36:22+00:00","description":"Handgemaltes Energiegem\u00e4lde auf Leinwand - Energetische Gem\u00e4lde - 2. Chakra -. Sie k\u00f6nnen das Bild mit Hilfe unserer einzigartigen Anwendung auf der Website einrahmen.","breadcrumb":{"@id":"https:\/\/svetslik.si\/de\/chakren\/energetische-gemalde-2-chakra\/#breadcrumb"},"inLanguage":"de","potentialAction":[{"@type":"ReadAction","target":["https:\/\/svetslik.si\/de\/chakren\/energetische-gemalde-2-chakra\/"]}]},{"@type":"ImageObject","inLanguage":"de","@id":"https:\/\/svetslik.si\/de\/chakren\/energetische-gemalde-2-chakra\/#primaryimage","url":"https:\/\/svetslik.si\/wp-content\/uploads\/2021\/08\/image_2-Cakra_680.jpg","contentUrl":"https:\/\/svetslik.si\/wp-content\/uploads\/2021\/08\/image_2-Cakra_680.jpg","width":528,"height":680,"caption":"Energiebilder - 2. Chakra"},{"@type":"BreadcrumbList","@id":"https:\/\/svetslik.si\/de\/chakren\/energetische-gemalde-2-chakra\/#breadcrumb","itemListElement":[{"@type":"ListItem","position":1,"name":"Wandkunst und Gem\u00e4lde auf Leinwand","item":"https:\/\/svetslik.si\/de\/"},{"@type":"ListItem","position":2,"name":"Verkauf von Gem\u00e4lden","item":"https:\/\/svetslik.si\/prodaja-slik\/"},{"@type":"ListItem","position":3,"name":"Energetische Gem\u00e4lde &#8211; 2. Chakra"}]},{"@type":"WebSite","@id":"https:\/\/svetslik.si\/de\/#website","url":"https:\/\/svetslik.si\/de\/","name":"SVETSLIK.SI","description":"100% handgemalte Reproduktionen von Gem\u00e4lden ber\u00fchmter Maler und Gem\u00e4lde auf Leinwand.","publisher":{"@id":"https:\/\/svetslik.si\/de\/#organization"},"potentialAction":[{"@type":"SearchAction","target":{"@type":"EntryPoint","urlTemplate":"https:\/\/svetslik.si\/de\/?s={search_term_string}"},"query-input":{"@type":"PropertyValueSpecification","valueRequired":true,"valueName":"search_term_string"}}],"inLanguage":"de"},{"@type":"Organization","@id":"https:\/\/svetslik.si\/de\/#organization","name":"SvetSlik.si","url":"https:\/\/svetslik.si\/de\/","logo":{"@type":"ImageObject","inLanguage":"de","@id":"https:\/\/svetslik.si\/de\/#\/schema\/logo\/image\/","url":"https:\/\/svetslik.si\/wp-content\/uploads\/2020\/12\/logo-512.png","contentUrl":"https:\/\/svetslik.si\/wp-content\/uploads\/2020\/12\/logo-512.png","width":512,"height":512,"caption":"SvetSlik.si"},"image":{"@id":"https:\/\/svetslik.si\/de\/#\/schema\/logo\/image\/"},"sameAs":["https:\/\/www.facebook.com\/svetslik.si","https:\/\/x.com\/svetslik","https:\/\/www.instagram.com\/svetslik.si\/","https:\/\/www.linkedin.com\/company\/svetslik-si"]}]},"og_availability":"instock","product_availability":"instock","product_retailer_item_id":"896__","product_condition":"new"},"jetpack_sharing_enabled":true,"_links":{"self":[{"href":"https:\/\/svetslik.si\/de\/wp-json\/wp\/v2\/product\/71619","targetHints":{"allow":["GET"]}}],"collection":[{"href":"https:\/\/svetslik.si\/de\/wp-json\/wp\/v2\/product"}],"about":[{"href":"https:\/\/svetslik.si\/de\/wp-json\/wp\/v2\/types\/product"}],"wp:featuredmedia":[{"embeddable":true,"href":"https:\/\/svetslik.si\/de\/wp-json\/wp\/v2\/media\/63316"}],"wp:attachment":[{"href":"https:\/\/svetslik.si\/de\/wp-json\/wp\/v2\/media?parent=71619"}],"wp:term":[{"taxonomy":"product_brand","embeddable":true,"href":"https:\/\/svetslik.si\/de\/wp-json\/wp\/v2\/product_brand?post=71619"},{"taxonomy":"product_cat","embeddable":true,"href":"https:\/\/svetslik.si\/de\/wp-json\/wp\/v2\/product_cat?post=71619"},{"taxonomy":"product_tag","embeddable":true,"href":"https:\/\/svetslik.si\/de\/wp-json\/wp\/v2\/product_tag?post=71619"}],"curies":[{"name":"wp","href":"https:\/\/api.w.org\/{rel}","templated":true}]}}