{"id":71853,"date":"2021-09-02T19:05:44","date_gmt":"2021-09-02T17:05:44","guid":{"rendered":"https:\/\/svetslik.si\/unkategorisiert\/dekorativna-slika-drevesa\/"},"modified":"2026-03-22T14:37:59","modified_gmt":"2026-03-22T13:37:59","slug":"leinwandbilder-gemalde-baeume","status":"publish","type":"product","link":"https:\/\/svetslik.si\/de\/leinwandbilder-mehrteilige\/leinwandbilder-gemalde-baeume\/","title":{"rendered":"Leinwandbilder \/ Gem\u00e4lde &#8211; B\u00e4ume"},"content":{"rendered":"<div class=\"wpb-content-wrapper\">[vc_row][vc_column][vc_column_text]\nDie gemeinsame Dimension des Gem\u00e4ldes:<br \/>\n45 cm x 80 cm (3 x 15 x 80)<br \/>\n60 cm x 120 cm (3 x 20 x 120)<br \/>\n90 cm x 160 cm (3 x 30 x 160)<br \/>\n120 cm x 200 cm (3 x 40 x 200)<\/p>\n[\/vc_column_text][\/vc_column][\/vc_row][vc_row][vc_column]\t<div class=\"et-image-103 et-image  full   et_image_link\">\n\t\t<div class=\"et-image-inner \">\n\t\t\t\t\t\t\t<div class=\"et-image-thumb \">\n\t\t\t\t\t<img decoding=\"async\" width=\"1865\" height=\"2560\" src=\"https:\/\/svetslik.si\/wp-content\/uploads\/2021\/09\/vecdelna-slika-na-platnu-1-scaled.jpg\" class=\"attachment-full\" alt=\"mehrteiliges Gem\u00e4lde auf Leinwand\" title=\"mehrteiliges Gem\u00e4lde auf Leinwand\" srcset=\"https:\/\/svetslik.si\/wp-content\/uploads\/2021\/09\/vecdelna-slika-na-platnu-1-scaled.jpg 1865w, https:\/\/svetslik.si\/wp-content\/uploads\/2021\/09\/vecdelna-slika-na-platnu-1-600x824.jpg 600w, https:\/\/svetslik.si\/wp-content\/uploads\/2021\/09\/vecdelna-slika-na-platnu-1-scaled-1200x1647.jpg 1200w, https:\/\/svetslik.si\/wp-content\/uploads\/2021\/09\/vecdelna-slika-na-platnu-1-219x300.jpg 219w, https:\/\/svetslik.si\/wp-content\/uploads\/2021\/09\/vecdelna-slika-na-platnu-1-746x1024.jpg 746w, https:\/\/svetslik.si\/wp-content\/uploads\/2021\/09\/vecdelna-slika-na-platnu-1-768x1054.jpg 768w, https:\/\/svetslik.si\/wp-content\/uploads\/2021\/09\/vecdelna-slika-na-platnu-1-1119x1536.jpg 1119w, https:\/\/svetslik.si\/wp-content\/uploads\/2021\/09\/vecdelna-slika-na-platnu-1-1492x2048.jpg 1492w, https:\/\/svetslik.si\/wp-content\/uploads\/2021\/09\/vecdelna-slika-na-platnu-1-109x150.jpg 109w, https:\/\/svetslik.si\/wp-content\/uploads\/2021\/09\/vecdelna-slika-na-platnu-1-1320x1812.jpg 1320w, https:\/\/svetslik.si\/wp-content\/uploads\/2021\/09\/vecdelna-slika-na-platnu-1-900x1235.jpg 900w\" sizes=\"(max-width: 1865px) 100vw, 1865px\" \/>\t\t\t\t<\/div>\n\t\t\t\t\t\t\t\t\t\t\t<\/div>\n\t<\/div>\n  [\/vc_column][\/vc_row]\n<\/div>","protected":false},"excerpt":{"rendered":"<p>[vc_row][vc_column][vc_column_text] Die gemeinsame Dimension des Gem\u00e4ldes: 45 cm x 80 cm (3 x 15 x 80) 60 cm x 120 cm (3 x 20 x 120) 90 cm x 160 cm (3 x 30 x 160) 120 cm x 200 cm (3 x 40 x 200) [\/vc_column_text][\/vc_column][\/vc_row][vc_row][vc_column][\/vc_column][\/vc_row]<\/p>\n","protected":false},"featured_media":64716,"template":"","meta":{"_acf_changed":false},"product_brand":[],"product_cat":[8472],"product_tag":[8477,8522,8523,8774,8776,8499,8510,8775],"class_list":{"0":"post-71853","1":"product","2":"type-product","3":"status-publish","4":"has-post-thumbnail","6":"product_cat-leinwandbilder-mehrteilige","7":"product_tag-abstrakte-gemaelde-de","8":"product_tag-gemaelde-auf-leinwand","9":"product_tag-gemaelde-fuer-das-wohnzimmer","10":"product_tag-gemalde-fur-wohnzimmer-3","11":"product_tag-mehrteilige-gemalde","12":"product_tag-moderne-gemalde-de","13":"product_tag-verkauf-von-gemaelden","14":"product_tag-wandgemalde-1","15":"pa_dimenzija-120-x-200-de","16":"pa_dimenzija-45-x-80-de","17":"pa_dimenzija-60-x-120-de","18":"pa_dimenzija-90-x-160-de","19":"pa_oblika-vertikal","20":"pa_pod-okvir-im-preis-inbegriffen","21":"pa_podokvir-ja","22":"pa_podokvir-nein","24":"first","25":"onbackorder","26":"purchasable","27":"product-type-variable","28":"has-default-attributes"},"acf":[],"yoast_head":"<!-- This site is optimized with the Yoast SEO Premium plugin v26.0 (Yoast SEO v27.2) - https:\/\/yoast.com\/product\/yoast-seo-premium-wordpress\/ -->\n<title>Leinwandbilder \/ Gem\u00e4lde - B\u00e4ume - SVETSLIK.SI - 100% handgemalt<\/title>\n<meta name=\"description\" content=\"Leinwandbilder \/ Gem\u00e4lde - B\u00e4ume - 100% handgemalte Leinwandbilder. Verkauf von abstrakter Kunst, modernen Gem\u00e4lden, Reproduktionen bekannter Maler, individuelle Anfertigung von Gem\u00e4lden und Bilderrahmung.\" \/>\n<meta name=\"robots\" content=\"index, follow, max-snippet:-1, max-image-preview:large, max-video-preview:-1\" \/>\n<link rel=\"canonical\" href=\"https:\/\/svetslik.si\/de\/leinwandbilder-mehrteilige\/leinwandbilder-gemalde-baeume\/\" \/>\n<meta property=\"og:locale\" content=\"de_DE\" \/>\n<meta property=\"og:type\" content=\"article\" \/>\n<meta property=\"og:title\" content=\"Leinwandbilder \/ Gem\u00e4lde - B\u00e4ume\" \/>\n<meta property=\"og:description\" content=\"100% ro\u010dno naslikane slike na platnu, reprodukcije znanih slikarjev in umetni\u0161ke slike po naro\u010dilu.\" \/>\n<meta property=\"og:url\" content=\"https:\/\/svetslik.si\/de\/leinwandbilder-mehrteilige\/leinwandbilder-gemalde-baeume\/\" \/>\n<meta property=\"og:site_name\" content=\"SVETSLIK.SI\" \/>\n<meta property=\"article:publisher\" content=\"https:\/\/www.facebook.com\/svetslik.si\" \/>\n<meta property=\"article:modified_time\" content=\"2026-03-22T13:37:59+00:00\" \/>\n<meta property=\"og:image\" content=\"https:\/\/svetslik.si\/wp-content\/uploads\/2021\/09\/umetniske-stenske-slike-na-platnu-drevesa.png\" \/>\n\t<meta property=\"og:image:width\" content=\"363\" \/>\n\t<meta property=\"og:image:height\" content=\"568\" \/>\n\t<meta property=\"og:image:type\" content=\"image\/png\" \/>\n<meta name=\"twitter:card\" content=\"summary_large_image\" \/>\n<meta name=\"twitter:site\" content=\"@svetslik\" \/>\n<meta name=\"twitter:label1\" content=\"Verf\u00fcgbarkeit\" \/>\n\t<meta name=\"twitter:data1\" content=\"bei Nachbestellung\" \/>\n<script type=\"application\/ld+json\" class=\"yoast-schema-graph\">{\"@context\":\"https:\/\/schema.org\",\"@graph\":[{\"@type\":[\"WebPage\",\"ItemPage\"],\"@id\":\"https:\/\/svetslik.si\/de\/leinwandbilder-mehrteilige\/leinwandbilder-gemalde-baeume\/\",\"url\":\"https:\/\/svetslik.si\/de\/leinwandbilder-mehrteilige\/leinwandbilder-gemalde-baeume\/\",\"name\":\"Leinwandbilder \/ Gem\u00e4lde - B\u00e4ume - SVETSLIK.SI - 100% handgemalt\",\"isPartOf\":{\"@id\":\"https:\/\/svetslik.si\/de\/#website\"},\"primaryImageOfPage\":{\"@id\":\"https:\/\/svetslik.si\/de\/leinwandbilder-mehrteilige\/leinwandbilder-gemalde-baeume\/#primaryimage\"},\"image\":{\"@id\":\"https:\/\/svetslik.si\/de\/leinwandbilder-mehrteilige\/leinwandbilder-gemalde-baeume\/#primaryimage\"},\"thumbnailUrl\":\"https:\/\/svetslik.si\/wp-content\/uploads\/2021\/09\/umetniske-stenske-slike-na-platnu-drevesa.png\",\"datePublished\":\"2021-09-02T17:05:44+00:00\",\"dateModified\":\"2026-03-22T13:37:59+00:00\",\"description\":\"Leinwandbilder \/ Gem\u00e4lde - B\u00e4ume - 100% handgemalte Leinwandbilder. Verkauf von abstrakter Kunst, modernen Gem\u00e4lden, Reproduktionen bekannter Maler, individuelle Anfertigung von Gem\u00e4lden und Bilderrahmung.\",\"breadcrumb\":{\"@id\":\"https:\/\/svetslik.si\/de\/leinwandbilder-mehrteilige\/leinwandbilder-gemalde-baeume\/#breadcrumb\"},\"inLanguage\":\"de\",\"potentialAction\":[{\"@type\":\"ReadAction\",\"target\":[\"https:\/\/svetslik.si\/de\/leinwandbilder-mehrteilige\/leinwandbilder-gemalde-baeume\/\"]}]},{\"@type\":\"ImageObject\",\"inLanguage\":\"de\",\"@id\":\"https:\/\/svetslik.si\/de\/leinwandbilder-mehrteilige\/leinwandbilder-gemalde-baeume\/#primaryimage\",\"url\":\"https:\/\/svetslik.si\/wp-content\/uploads\/2021\/09\/umetniske-stenske-slike-na-platnu-drevesa.png\",\"contentUrl\":\"https:\/\/svetslik.si\/wp-content\/uploads\/2021\/09\/umetniske-stenske-slike-na-platnu-drevesa.png\",\"width\":363,\"height\":568,\"caption\":\"Leinwandbilder \u2013 Gem\u00e4lde\"},{\"@type\":\"BreadcrumbList\",\"@id\":\"https:\/\/svetslik.si\/de\/leinwandbilder-mehrteilige\/leinwandbilder-gemalde-baeume\/#breadcrumb\",\"itemListElement\":[{\"@type\":\"ListItem\",\"position\":1,\"name\":\"Wandkunst und Gem\u00e4lde auf Leinwand\",\"item\":\"https:\/\/svetslik.si\/de\/\"},{\"@type\":\"ListItem\",\"position\":2,\"name\":\"Verkauf von Gem\u00e4lden\",\"item\":\"https:\/\/svetslik.si\/prodaja-slik\/\"},{\"@type\":\"ListItem\",\"position\":3,\"name\":\"Leinwandbilder \/ Gem\u00e4lde &#8211; B\u00e4ume\"}]},{\"@type\":\"WebSite\",\"@id\":\"https:\/\/svetslik.si\/de\/#website\",\"url\":\"https:\/\/svetslik.si\/de\/\",\"name\":\"SVETSLIK.SI\",\"description\":\"100% handgemalte Reproduktionen von Gem\u00e4lden ber\u00fchmter Maler und Gem\u00e4lde auf Leinwand.\",\"publisher\":{\"@id\":\"https:\/\/svetslik.si\/de\/#organization\"},\"potentialAction\":[{\"@type\":\"SearchAction\",\"target\":{\"@type\":\"EntryPoint\",\"urlTemplate\":\"https:\/\/svetslik.si\/de\/?s={search_term_string}\"},\"query-input\":{\"@type\":\"PropertyValueSpecification\",\"valueRequired\":true,\"valueName\":\"search_term_string\"}}],\"inLanguage\":\"de\"},{\"@type\":\"Organization\",\"@id\":\"https:\/\/svetslik.si\/de\/#organization\",\"name\":\"SvetSlik.si\",\"url\":\"https:\/\/svetslik.si\/de\/\",\"logo\":{\"@type\":\"ImageObject\",\"inLanguage\":\"de\",\"@id\":\"https:\/\/svetslik.si\/de\/#\/schema\/logo\/image\/\",\"url\":\"https:\/\/svetslik.si\/wp-content\/uploads\/2020\/12\/logo-512.png\",\"contentUrl\":\"https:\/\/svetslik.si\/wp-content\/uploads\/2020\/12\/logo-512.png\",\"width\":512,\"height\":512,\"caption\":\"SvetSlik.si\"},\"image\":{\"@id\":\"https:\/\/svetslik.si\/de\/#\/schema\/logo\/image\/\"},\"sameAs\":[\"https:\/\/www.facebook.com\/svetslik.si\",\"https:\/\/x.com\/svetslik\",\"https:\/\/www.instagram.com\/svetslik.si\/\",\"https:\/\/www.linkedin.com\/company\/svetslik-si\"]}]}<\/script>\n<meta property=\"og:availability\" content=\"backorder\" \/>\n<meta property=\"product:availability\" content=\"available for order\" \/>\n<meta property=\"product:retailer_item_id\" content=\"947__\" \/>\n<meta property=\"product:condition\" content=\"new\" \/>\n<!-- \/ Yoast SEO Premium plugin. -->","yoast_head_json":{"title":"Leinwandbilder \/ Gem\u00e4lde - B\u00e4ume - SVETSLIK.SI - 100% handgemalt","description":"Leinwandbilder \/ Gem\u00e4lde - B\u00e4ume - 100% handgemalte Leinwandbilder. Verkauf von abstrakter Kunst, modernen Gem\u00e4lden, Reproduktionen bekannter Maler, individuelle Anfertigung von Gem\u00e4lden und Bilderrahmung.","robots":{"index":"index","follow":"follow","max-snippet":"max-snippet:-1","max-image-preview":"max-image-preview:large","max-video-preview":"max-video-preview:-1"},"canonical":"https:\/\/svetslik.si\/de\/leinwandbilder-mehrteilige\/leinwandbilder-gemalde-baeume\/","og_locale":"de_DE","og_type":"article","og_title":"Leinwandbilder \/ Gem\u00e4lde - B\u00e4ume","og_description":"100% ro\u010dno naslikane slike na platnu, reprodukcije znanih slikarjev in umetni\u0161ke slike po naro\u010dilu.","og_url":"https:\/\/svetslik.si\/de\/leinwandbilder-mehrteilige\/leinwandbilder-gemalde-baeume\/","og_site_name":"SVETSLIK.SI","article_publisher":"https:\/\/www.facebook.com\/svetslik.si","article_modified_time":"2026-03-22T13:37:59+00:00","og_image":[{"width":363,"height":568,"url":"https:\/\/svetslik.si\/wp-content\/uploads\/2021\/09\/umetniske-stenske-slike-na-platnu-drevesa.png","type":"image\/png"}],"twitter_card":"summary_large_image","twitter_site":"@svetslik","twitter_misc":{"Verf\u00fcgbarkeit":"bei Nachbestellung"},"schema":{"@context":"https:\/\/schema.org","@graph":[{"@type":["WebPage","ItemPage"],"@id":"https:\/\/svetslik.si\/de\/leinwandbilder-mehrteilige\/leinwandbilder-gemalde-baeume\/","url":"https:\/\/svetslik.si\/de\/leinwandbilder-mehrteilige\/leinwandbilder-gemalde-baeume\/","name":"Leinwandbilder \/ Gem\u00e4lde - B\u00e4ume - SVETSLIK.SI - 100% handgemalt","isPartOf":{"@id":"https:\/\/svetslik.si\/de\/#website"},"primaryImageOfPage":{"@id":"https:\/\/svetslik.si\/de\/leinwandbilder-mehrteilige\/leinwandbilder-gemalde-baeume\/#primaryimage"},"image":{"@id":"https:\/\/svetslik.si\/de\/leinwandbilder-mehrteilige\/leinwandbilder-gemalde-baeume\/#primaryimage"},"thumbnailUrl":"https:\/\/svetslik.si\/wp-content\/uploads\/2021\/09\/umetniske-stenske-slike-na-platnu-drevesa.png","datePublished":"2021-09-02T17:05:44+00:00","dateModified":"2026-03-22T13:37:59+00:00","description":"Leinwandbilder \/ Gem\u00e4lde - B\u00e4ume - 100% handgemalte Leinwandbilder. Verkauf von abstrakter Kunst, modernen Gem\u00e4lden, Reproduktionen bekannter Maler, individuelle Anfertigung von Gem\u00e4lden und Bilderrahmung.","breadcrumb":{"@id":"https:\/\/svetslik.si\/de\/leinwandbilder-mehrteilige\/leinwandbilder-gemalde-baeume\/#breadcrumb"},"inLanguage":"de","potentialAction":[{"@type":"ReadAction","target":["https:\/\/svetslik.si\/de\/leinwandbilder-mehrteilige\/leinwandbilder-gemalde-baeume\/"]}]},{"@type":"ImageObject","inLanguage":"de","@id":"https:\/\/svetslik.si\/de\/leinwandbilder-mehrteilige\/leinwandbilder-gemalde-baeume\/#primaryimage","url":"https:\/\/svetslik.si\/wp-content\/uploads\/2021\/09\/umetniske-stenske-slike-na-platnu-drevesa.png","contentUrl":"https:\/\/svetslik.si\/wp-content\/uploads\/2021\/09\/umetniske-stenske-slike-na-platnu-drevesa.png","width":363,"height":568,"caption":"Leinwandbilder \u2013 Gem\u00e4lde"},{"@type":"BreadcrumbList","@id":"https:\/\/svetslik.si\/de\/leinwandbilder-mehrteilige\/leinwandbilder-gemalde-baeume\/#breadcrumb","itemListElement":[{"@type":"ListItem","position":1,"name":"Wandkunst und Gem\u00e4lde auf Leinwand","item":"https:\/\/svetslik.si\/de\/"},{"@type":"ListItem","position":2,"name":"Verkauf von Gem\u00e4lden","item":"https:\/\/svetslik.si\/prodaja-slik\/"},{"@type":"ListItem","position":3,"name":"Leinwandbilder \/ Gem\u00e4lde &#8211; B\u00e4ume"}]},{"@type":"WebSite","@id":"https:\/\/svetslik.si\/de\/#website","url":"https:\/\/svetslik.si\/de\/","name":"SVETSLIK.SI","description":"100% handgemalte Reproduktionen von Gem\u00e4lden ber\u00fchmter Maler und Gem\u00e4lde auf Leinwand.","publisher":{"@id":"https:\/\/svetslik.si\/de\/#organization"},"potentialAction":[{"@type":"SearchAction","target":{"@type":"EntryPoint","urlTemplate":"https:\/\/svetslik.si\/de\/?s={search_term_string}"},"query-input":{"@type":"PropertyValueSpecification","valueRequired":true,"valueName":"search_term_string"}}],"inLanguage":"de"},{"@type":"Organization","@id":"https:\/\/svetslik.si\/de\/#organization","name":"SvetSlik.si","url":"https:\/\/svetslik.si\/de\/","logo":{"@type":"ImageObject","inLanguage":"de","@id":"https:\/\/svetslik.si\/de\/#\/schema\/logo\/image\/","url":"https:\/\/svetslik.si\/wp-content\/uploads\/2020\/12\/logo-512.png","contentUrl":"https:\/\/svetslik.si\/wp-content\/uploads\/2020\/12\/logo-512.png","width":512,"height":512,"caption":"SvetSlik.si"},"image":{"@id":"https:\/\/svetslik.si\/de\/#\/schema\/logo\/image\/"},"sameAs":["https:\/\/www.facebook.com\/svetslik.si","https:\/\/x.com\/svetslik","https:\/\/www.instagram.com\/svetslik.si\/","https:\/\/www.linkedin.com\/company\/svetslik-si"]}]},"og_availability":"backorder","product_availability":"available for order","product_retailer_item_id":"947__","product_condition":"new"},"jetpack_sharing_enabled":true,"_links":{"self":[{"href":"https:\/\/svetslik.si\/de\/wp-json\/wp\/v2\/product\/71853","targetHints":{"allow":["GET"]}}],"collection":[{"href":"https:\/\/svetslik.si\/de\/wp-json\/wp\/v2\/product"}],"about":[{"href":"https:\/\/svetslik.si\/de\/wp-json\/wp\/v2\/types\/product"}],"wp:featuredmedia":[{"embeddable":true,"href":"https:\/\/svetslik.si\/de\/wp-json\/wp\/v2\/media\/64716"}],"wp:attachment":[{"href":"https:\/\/svetslik.si\/de\/wp-json\/wp\/v2\/media?parent=71853"}],"wp:term":[{"taxonomy":"product_brand","embeddable":true,"href":"https:\/\/svetslik.si\/de\/wp-json\/wp\/v2\/product_brand?post=71853"},{"taxonomy":"product_cat","embeddable":true,"href":"https:\/\/svetslik.si\/de\/wp-json\/wp\/v2\/product_cat?post=71853"},{"taxonomy":"product_tag","embeddable":true,"href":"https:\/\/svetslik.si\/de\/wp-json\/wp\/v2\/product_tag?post=71853"}],"curies":[{"name":"wp","href":"https:\/\/api.w.org\/{rel}","templated":true}]}}