{"id":72050,"date":"2021-09-02T19:10:16","date_gmt":"2021-09-02T17:10:16","guid":{"rendered":"https:\/\/svetslik.si\/unkategorisiert\/dekorativna-slika-vesolje-i\/"},"modified":"2025-11-02T21:17:54","modified_gmt":"2025-11-02T20:17:54","slug":"leinwandbilder-gemalde-universum-i","status":"publish","type":"product","link":"https:\/\/svetslik.si\/de\/leinwandbilder-einteilige\/leinwandbilder-gemalde-universum-i\/","title":{"rendered":"Leinwandbilder &#8211; Gem\u00e4lde &#8211; Universum I"},"content":{"rendered":"<div class=\"wpb-content-wrapper\">[vc_row][vc_column][vc_column_text css=&#8221;&#8221;]\n<p data-pm-slice=\"1 1 []\"><div class=\"yt-lazy-video ratio-square\" data-id=\"XcPvJ8lh1aM\"><\/div>\n[\/vc_column][\/vc_row][vc_row css=&#8221;.vc_custom_1700819513208{margin-bottom: 10px !important;}&#8221;][vc_column]\t<div class=\"et-image-917 et-image     et_image_link\">\n\t\t<div class=\"et-image-inner \">\n\t\t\t\t\t\t\t<div class=\"et-image-thumb \">\n\t\t\t\t\t<img decoding=\"async\" width=\"1000\" height=\"626\" src=\"https:\/\/svetslik.si\/wp-content\/uploads\/2021\/09\/Dekorativne-slike-\u2013-Vesolje-I-1.jpg\" class=\"attachment-full\" alt=\"Dekorative Bilder - Universum I-1: Einzigartige Dekoration - Dekorative Bilder - Universum I-1\" title=\"Dekorative Bilder - Universum I-1\" srcset=\"https:\/\/svetslik.si\/wp-content\/uploads\/2021\/09\/Dekorativne-slike-\u2013-Vesolje-I-1.jpg 1000w, https:\/\/svetslik.si\/wp-content\/uploads\/2021\/09\/Dekorativne-slike-\u2013-Vesolje-I-1-600x376.jpg 600w, https:\/\/svetslik.si\/wp-content\/uploads\/2021\/09\/Dekorativne-slike-\u2013-Vesolje-I-1-300x188.jpg 300w, https:\/\/svetslik.si\/wp-content\/uploads\/2021\/09\/Dekorativne-slike-\u2013-Vesolje-I-1-768x481.jpg 768w, https:\/\/svetslik.si\/wp-content\/uploads\/2021\/09\/Dekorativne-slike-\u2013-Vesolje-I-1-150x94.jpg 150w, https:\/\/svetslik.si\/wp-content\/uploads\/2021\/09\/Dekorativne-slike-\u2013-Vesolje-I-1-900x563.jpg 900w\" sizes=\"(max-width: 1000px) 100vw, 1000px\" \/>\t\t\t\t<\/div>\n\t\t\t\t\t\t\t\t\t\t\t<\/div>\n\t<\/div>\n  [\/vc_column][\/vc_row][vc_row css=&#8221;.vc_custom_1700819513208{margin-bottom: 10px !important;}&#8221;][vc_column]\t<div class=\"et-image-447 et-image     et_image_link\">\n\t\t<div class=\"et-image-inner \">\n\t\t\t\t\t\t\t<div class=\"et-image-thumb \">\n\t\t\t\t\t<img decoding=\"async\" width=\"1000\" height=\"885\" src=\"https:\/\/svetslik.si\/wp-content\/uploads\/2021\/09\/Dekorativne-slike-\u2013-Vesolje-I-2.jpg\" class=\"attachment-full\" alt=\"Dekorative Bilder - Universum I-2: Abstrakte Dekorationsideen - Dekorative Bilder - Universum I-2\" title=\"Dekorative Bilder - Universum I-2\" srcset=\"https:\/\/svetslik.si\/wp-content\/uploads\/2021\/09\/Dekorativne-slike-\u2013-Vesolje-I-2.jpg 1000w, https:\/\/svetslik.si\/wp-content\/uploads\/2021\/09\/Dekorativne-slike-\u2013-Vesolje-I-2-600x531.jpg 600w, https:\/\/svetslik.si\/wp-content\/uploads\/2021\/09\/Dekorativne-slike-\u2013-Vesolje-I-2-300x266.jpg 300w, https:\/\/svetslik.si\/wp-content\/uploads\/2021\/09\/Dekorativne-slike-\u2013-Vesolje-I-2-768x680.jpg 768w, https:\/\/svetslik.si\/wp-content\/uploads\/2021\/09\/Dekorativne-slike-\u2013-Vesolje-I-2-150x133.jpg 150w, https:\/\/svetslik.si\/wp-content\/uploads\/2021\/09\/Dekorativne-slike-\u2013-Vesolje-I-2-900x797.jpg 900w\" sizes=\"(max-width: 1000px) 100vw, 1000px\" \/>\t\t\t\t<\/div>\n\t\t\t\t\t\t\t\t\t\t\t<\/div>\n\t<\/div>\n  [\/vc_column][\/vc_row][vc_row css=&#8221;.vc_custom_1700819513208{margin-bottom: 10px !important;}&#8221;][vc_column]\t<div class=\"et-image-658 et-image     et_image_link\">\n\t\t<div class=\"et-image-inner \">\n\t\t\t\t\t\t\t<div class=\"et-image-thumb \">\n\t\t\t\t\t<img decoding=\"async\" width=\"1000\" height=\"877\" src=\"https:\/\/svetslik.si\/wp-content\/uploads\/2021\/09\/Dekorativne-slike-\u2013-Vesolje-I.jpg\" class=\"attachment-full\" alt=\"Dekorative Bilder - Universum I: K\u00fcnstlerische Dekoration - Dekorative Bilder - Universum I\" title=\"Dekorative Bilder - Universum I\" srcset=\"https:\/\/svetslik.si\/wp-content\/uploads\/2021\/09\/Dekorativne-slike-\u2013-Vesolje-I.jpg 1000w, https:\/\/svetslik.si\/wp-content\/uploads\/2021\/09\/Dekorativne-slike-\u2013-Vesolje-I-600x526.jpg 600w, https:\/\/svetslik.si\/wp-content\/uploads\/2021\/09\/Dekorativne-slike-\u2013-Vesolje-I-300x263.jpg 300w, https:\/\/svetslik.si\/wp-content\/uploads\/2021\/09\/Dekorativne-slike-\u2013-Vesolje-I-768x674.jpg 768w, https:\/\/svetslik.si\/wp-content\/uploads\/2021\/09\/Dekorativne-slike-\u2013-Vesolje-I-150x132.jpg 150w, https:\/\/svetslik.si\/wp-content\/uploads\/2021\/09\/Dekorativne-slike-\u2013-Vesolje-I-900x789.jpg 900w\" sizes=\"(max-width: 1000px) 100vw, 1000px\" \/>\t\t\t\t<\/div>\n\t\t\t\t\t\t\t\t\t\t\t<\/div>\n\t<\/div>\n  [\/vc_column][\/vc_row][vc_row css=&#8221;.vc_custom_1700819513208{margin-bottom: 10px !important;}&#8221;][vc_column]\t<div class=\"et-image-399 et-image     et_image_link\">\n\t\t<div class=\"et-image-inner \">\n\t\t\t\t\t\t\t<div class=\"et-image-thumb \">\n\t\t\t\t\t<img decoding=\"async\" width=\"1000\" height=\"673\" src=\"https:\/\/svetslik.si\/wp-content\/uploads\/2021\/09\/Dekorativne-slike-\u2013-Vesolje-I-4.jpg\" class=\"attachment-full\" alt=\"Dekorative Bilder - Universum I-4: Inspirierende Dekorationsideen - Dekorative Bilder - Universum I-4\" title=\"Dekorative Bilder - Universum I-4\" srcset=\"https:\/\/svetslik.si\/wp-content\/uploads\/2021\/09\/Dekorativne-slike-\u2013-Vesolje-I-4.jpg 1000w, https:\/\/svetslik.si\/wp-content\/uploads\/2021\/09\/Dekorativne-slike-\u2013-Vesolje-I-4-600x404.jpg 600w, https:\/\/svetslik.si\/wp-content\/uploads\/2021\/09\/Dekorativne-slike-\u2013-Vesolje-I-4-300x202.jpg 300w, https:\/\/svetslik.si\/wp-content\/uploads\/2021\/09\/Dekorativne-slike-\u2013-Vesolje-I-4-768x517.jpg 768w, https:\/\/svetslik.si\/wp-content\/uploads\/2021\/09\/Dekorativne-slike-\u2013-Vesolje-I-4-150x101.jpg 150w, https:\/\/svetslik.si\/wp-content\/uploads\/2021\/09\/Dekorativne-slike-\u2013-Vesolje-I-4-900x606.jpg 900w\" sizes=\"(max-width: 1000px) 100vw, 1000px\" \/>\t\t\t\t<\/div>\n\t\t\t\t\t\t\t\t\t\t\t<\/div>\n\t<\/div>\n  [\/vc_column][\/vc_row][vc_row css=&#8221;.vc_custom_1700819513208{margin-bottom: 10px !important;}&#8221;][vc_column]\t<div class=\"et-image-766 et-image     et_image_link\">\n\t\t<div class=\"et-image-inner \">\n\t\t\t\t\t\t\t<div class=\"et-image-thumb \">\n\t\t\t\t\t<img decoding=\"async\" width=\"1000\" height=\"563\" src=\"https:\/\/svetslik.si\/wp-content\/uploads\/2021\/09\/Dekorativne-slike-\u2013-Vesolje-I3.jpg\" class=\"attachment-full\" alt=\"Dekorative Bilder - Universum I-3: K\u00fcnstlerische Wanddekoration - Dekorative Bilder - Universum I-3\" title=\"Dekorative Bilder - Universum I-3\" srcset=\"https:\/\/svetslik.si\/wp-content\/uploads\/2021\/09\/Dekorativne-slike-\u2013-Vesolje-I3.jpg 1000w, https:\/\/svetslik.si\/wp-content\/uploads\/2021\/09\/Dekorativne-slike-\u2013-Vesolje-I3-600x338.jpg 600w, https:\/\/svetslik.si\/wp-content\/uploads\/2021\/09\/Dekorativne-slike-\u2013-Vesolje-I3-300x169.jpg 300w, https:\/\/svetslik.si\/wp-content\/uploads\/2021\/09\/Dekorativne-slike-\u2013-Vesolje-I3-768x432.jpg 768w, https:\/\/svetslik.si\/wp-content\/uploads\/2021\/09\/Dekorativne-slike-\u2013-Vesolje-I3-150x84.jpg 150w, https:\/\/svetslik.si\/wp-content\/uploads\/2021\/09\/Dekorativne-slike-\u2013-Vesolje-I3-900x507.jpg 900w\" sizes=\"(max-width: 1000px) 100vw, 1000px\" \/>\t\t\t\t<\/div>\n\t\t\t\t\t\t\t\t\t\t\t<\/div>\n\t<\/div>\n  [\/vc_column][\/vc_row]\n<\/div>","protected":false},"excerpt":{"rendered":"<p>[vc_row][vc_column][vc_column_text css=&#8221;&#8221;] [\/vc_column][\/vc_row][vc_row css=&#8221;.vc_custom_1700819513208{margin-bottom: 10px !important;}&#8221;][vc_column][\/vc_column][\/vc_row][vc_row css=&#8221;.vc_custom_1700819513208{margin-bottom: 10px !important;}&#8221;][vc_column][\/vc_column][\/vc_row][vc_row css=&#8221;.vc_custom_1700819513208{margin-bottom: 10px !important;}&#8221;][vc_column][\/vc_column][\/vc_row][vc_row css=&#8221;.vc_custom_1700819513208{margin-bottom: 10px !important;}&#8221;][vc_column][\/vc_column][\/vc_row][vc_row css=&#8221;.vc_custom_1700819513208{margin-bottom: 10px !important;}&#8221;][vc_column][\/vc_column][\/vc_row]<\/p>\n","protected":false},"featured_media":63569,"template":"","meta":{"_acf_changed":false},"product_brand":[],"product_cat":[8471],"product_tag":[8477,8485,8522,8523,8524,8774,9135,8499,9133,8510,9134,8775],"class_list":{"0":"post-72050","1":"product","2":"type-product","3":"status-publish","4":"has-post-thumbnail","6":"product_cat-leinwandbilder-einteilige","7":"product_tag-abstrakte-gemaelde-de","8":"product_tag-dekorative-gemaelde","9":"product_tag-gemaelde-auf-leinwand","10":"product_tag-gemaelde-fuer-das-wohnzimmer","11":"product_tag-gemaelde-fuer-die-wand","12":"product_tag-gemalde-fur-wohnzimmer-3","13":"product_tag-kunst-gemalde","14":"product_tag-moderne-gemalde-de","15":"product_tag-online-galerie","16":"product_tag-verkauf-von-gemaelden","17":"product_tag-wanddekoration","18":"product_tag-wandgemalde-1","19":"pa_dimenzija-100-x-50-cm-de","20":"pa_dimenzija-120-x-60-cm-de","21":"pa_dimenzija-60-x-30-cm-de","22":"pa_dimenzija-80-x-40-cm-de","23":"pa_oblika-horizontal-de","24":"pa_okvir-ohne-rahmen","25":"pa_podokvir-ja","26":"pa_podokvir-nein","28":"first","29":"onbackorder","30":"purchasable","31":"product-type-variable","32":"has-default-attributes"},"acf":[],"yoast_head":"<!-- This site is optimized with the Yoast SEO Premium plugin v26.0 (Yoast SEO v27.2) - https:\/\/yoast.com\/product\/yoast-seo-premium-wordpress\/ -->\n<title>Leinwandbilder - Gem\u00e4lde - Universum I - SVETSLIK.SI - 100% handgemalt<\/title>\n<meta name=\"description\" content=\"Leinwandbilder - Gem\u00e4lde - Universum I - 100% handgemalte Leinwandbilder. Verkauf von abstrakter Kunst, modernen Gem\u00e4lden, Reproduktionen bekannter Maler, individuelle Anfertigung von Gem\u00e4lden und Bilderrahmung.\" \/>\n<meta name=\"robots\" content=\"index, follow, max-snippet:-1, max-image-preview:large, max-video-preview:-1\" \/>\n<link rel=\"canonical\" href=\"https:\/\/svetslik.si\/de\/leinwandbilder-einteilige\/leinwandbilder-gemalde-universum-i\/\" \/>\n<meta property=\"og:locale\" content=\"de_DE\" \/>\n<meta property=\"og:type\" content=\"article\" \/>\n<meta property=\"og:title\" content=\"Leinwandbilder - Gem\u00e4lde - Universum I\" \/>\n<meta property=\"og:description\" content=\"100% ro\u010dno naslikane slike na platnu, reprodukcije znanih slikarjev in umetni\u0161ke slike po naro\u010dilu.\" \/>\n<meta property=\"og:url\" content=\"https:\/\/svetslik.si\/de\/leinwandbilder-einteilige\/leinwandbilder-gemalde-universum-i\/\" \/>\n<meta property=\"og:site_name\" content=\"SVETSLIK.SI\" \/>\n<meta property=\"article:publisher\" content=\"https:\/\/www.facebook.com\/svetslik.si\" \/>\n<meta property=\"article:modified_time\" content=\"2025-11-02T20:17:54+00:00\" \/>\n<meta property=\"og:image\" content=\"https:\/\/svetslik.si\/wp-content\/uploads\/2021\/08\/image_Dekorativna-slika-v-Vesolje-I_680.jpg\" \/>\n\t<meta property=\"og:image:width\" content=\"680\" \/>\n\t<meta property=\"og:image:height\" content=\"315\" \/>\n\t<meta property=\"og:image:type\" content=\"image\/jpeg\" \/>\n<meta name=\"twitter:card\" content=\"summary_large_image\" \/>\n<meta name=\"twitter:site\" content=\"@svetslik\" \/>\n<meta name=\"twitter:label1\" content=\"Verf\u00fcgbarkeit\" \/>\n\t<meta name=\"twitter:data1\" content=\"bei Nachbestellung\" \/>\n<script type=\"application\/ld+json\" class=\"yoast-schema-graph\">{\"@context\":\"https:\/\/schema.org\",\"@graph\":[{\"@type\":[\"WebPage\",\"ItemPage\"],\"@id\":\"https:\/\/svetslik.si\/de\/leinwandbilder-einteilige\/leinwandbilder-gemalde-universum-i\/\",\"url\":\"https:\/\/svetslik.si\/de\/leinwandbilder-einteilige\/leinwandbilder-gemalde-universum-i\/\",\"name\":\"Leinwandbilder - Gem\u00e4lde - Universum I - SVETSLIK.SI - 100% handgemalt\",\"isPartOf\":{\"@id\":\"https:\/\/svetslik.si\/de\/#website\"},\"primaryImageOfPage\":{\"@id\":\"https:\/\/svetslik.si\/de\/leinwandbilder-einteilige\/leinwandbilder-gemalde-universum-i\/#primaryimage\"},\"image\":{\"@id\":\"https:\/\/svetslik.si\/de\/leinwandbilder-einteilige\/leinwandbilder-gemalde-universum-i\/#primaryimage\"},\"thumbnailUrl\":\"https:\/\/svetslik.si\/wp-content\/uploads\/2021\/08\/image_Dekorativna-slika-v-Vesolje-I_680.jpg\",\"datePublished\":\"2021-09-02T17:10:16+00:00\",\"dateModified\":\"2025-11-02T20:17:54+00:00\",\"description\":\"Leinwandbilder - Gem\u00e4lde - Universum I - 100% handgemalte Leinwandbilder. Verkauf von abstrakter Kunst, modernen Gem\u00e4lden, Reproduktionen bekannter Maler, individuelle Anfertigung von Gem\u00e4lden und Bilderrahmung.\",\"breadcrumb\":{\"@id\":\"https:\/\/svetslik.si\/de\/leinwandbilder-einteilige\/leinwandbilder-gemalde-universum-i\/#breadcrumb\"},\"inLanguage\":\"de\",\"potentialAction\":[{\"@type\":\"ReadAction\",\"target\":[\"https:\/\/svetslik.si\/de\/leinwandbilder-einteilige\/leinwandbilder-gemalde-universum-i\/\"]}]},{\"@type\":\"ImageObject\",\"inLanguage\":\"de\",\"@id\":\"https:\/\/svetslik.si\/de\/leinwandbilder-einteilige\/leinwandbilder-gemalde-universum-i\/#primaryimage\",\"url\":\"https:\/\/svetslik.si\/wp-content\/uploads\/2021\/08\/image_Dekorativna-slika-v-Vesolje-I_680.jpg\",\"contentUrl\":\"https:\/\/svetslik.si\/wp-content\/uploads\/2021\/08\/image_Dekorativna-slika-v-Vesolje-I_680.jpg\",\"width\":680,\"height\":315,\"caption\":\"Wandbilder auf Leinwand, Kunstbilder \u2013 moderne Bilder, Ambientebilder f\u00fcr die Wand, abstrakte Bilder, dekorative Wandbilder, Bilder kaufen und verkaufen \u2013 : Dekobild Space I\"},{\"@type\":\"BreadcrumbList\",\"@id\":\"https:\/\/svetslik.si\/de\/leinwandbilder-einteilige\/leinwandbilder-gemalde-universum-i\/#breadcrumb\",\"itemListElement\":[{\"@type\":\"ListItem\",\"position\":1,\"name\":\"Wandkunst und Gem\u00e4lde auf Leinwand\",\"item\":\"https:\/\/svetslik.si\/de\/\"},{\"@type\":\"ListItem\",\"position\":2,\"name\":\"Verkauf von Gem\u00e4lden\",\"item\":\"https:\/\/svetslik.si\/prodaja-slik\/\"},{\"@type\":\"ListItem\",\"position\":3,\"name\":\"Leinwandbilder &#8211; Gem\u00e4lde &#8211; Universum I\"}]},{\"@type\":\"WebSite\",\"@id\":\"https:\/\/svetslik.si\/de\/#website\",\"url\":\"https:\/\/svetslik.si\/de\/\",\"name\":\"SVETSLIK.SI\",\"description\":\"100% handgemalte Reproduktionen von Gem\u00e4lden ber\u00fchmter Maler und Gem\u00e4lde auf Leinwand.\",\"publisher\":{\"@id\":\"https:\/\/svetslik.si\/de\/#organization\"},\"potentialAction\":[{\"@type\":\"SearchAction\",\"target\":{\"@type\":\"EntryPoint\",\"urlTemplate\":\"https:\/\/svetslik.si\/de\/?s={search_term_string}\"},\"query-input\":{\"@type\":\"PropertyValueSpecification\",\"valueRequired\":true,\"valueName\":\"search_term_string\"}}],\"inLanguage\":\"de\"},{\"@type\":\"Organization\",\"@id\":\"https:\/\/svetslik.si\/de\/#organization\",\"name\":\"SvetSlik.si\",\"url\":\"https:\/\/svetslik.si\/de\/\",\"logo\":{\"@type\":\"ImageObject\",\"inLanguage\":\"de\",\"@id\":\"https:\/\/svetslik.si\/de\/#\/schema\/logo\/image\/\",\"url\":\"https:\/\/svetslik.si\/wp-content\/uploads\/2020\/12\/logo-512.png\",\"contentUrl\":\"https:\/\/svetslik.si\/wp-content\/uploads\/2020\/12\/logo-512.png\",\"width\":512,\"height\":512,\"caption\":\"SvetSlik.si\"},\"image\":{\"@id\":\"https:\/\/svetslik.si\/de\/#\/schema\/logo\/image\/\"},\"sameAs\":[\"https:\/\/www.facebook.com\/svetslik.si\",\"https:\/\/x.com\/svetslik\",\"https:\/\/www.instagram.com\/svetslik.si\/\",\"https:\/\/www.linkedin.com\/company\/svetslik-si\"]}]}<\/script>\n<meta property=\"og:availability\" content=\"backorder\" \/>\n<meta property=\"product:availability\" content=\"available for order\" \/>\n<meta property=\"product:retailer_item_id\" content=\"994__\" \/>\n<meta property=\"product:condition\" content=\"new\" \/>\n<!-- \/ Yoast SEO Premium plugin. -->","yoast_head_json":{"title":"Leinwandbilder - Gem\u00e4lde - Universum I - SVETSLIK.SI - 100% handgemalt","description":"Leinwandbilder - Gem\u00e4lde - Universum I - 100% handgemalte Leinwandbilder. Verkauf von abstrakter Kunst, modernen Gem\u00e4lden, Reproduktionen bekannter Maler, individuelle Anfertigung von Gem\u00e4lden und Bilderrahmung.","robots":{"index":"index","follow":"follow","max-snippet":"max-snippet:-1","max-image-preview":"max-image-preview:large","max-video-preview":"max-video-preview:-1"},"canonical":"https:\/\/svetslik.si\/de\/leinwandbilder-einteilige\/leinwandbilder-gemalde-universum-i\/","og_locale":"de_DE","og_type":"article","og_title":"Leinwandbilder - Gem\u00e4lde - Universum I","og_description":"100% ro\u010dno naslikane slike na platnu, reprodukcije znanih slikarjev in umetni\u0161ke slike po naro\u010dilu.","og_url":"https:\/\/svetslik.si\/de\/leinwandbilder-einteilige\/leinwandbilder-gemalde-universum-i\/","og_site_name":"SVETSLIK.SI","article_publisher":"https:\/\/www.facebook.com\/svetslik.si","article_modified_time":"2025-11-02T20:17:54+00:00","og_image":[{"width":680,"height":315,"url":"https:\/\/svetslik.si\/wp-content\/uploads\/2021\/08\/image_Dekorativna-slika-v-Vesolje-I_680.jpg","type":"image\/jpeg"}],"twitter_card":"summary_large_image","twitter_site":"@svetslik","twitter_misc":{"Verf\u00fcgbarkeit":"bei Nachbestellung"},"schema":{"@context":"https:\/\/schema.org","@graph":[{"@type":["WebPage","ItemPage"],"@id":"https:\/\/svetslik.si\/de\/leinwandbilder-einteilige\/leinwandbilder-gemalde-universum-i\/","url":"https:\/\/svetslik.si\/de\/leinwandbilder-einteilige\/leinwandbilder-gemalde-universum-i\/","name":"Leinwandbilder - Gem\u00e4lde - Universum I - SVETSLIK.SI - 100% handgemalt","isPartOf":{"@id":"https:\/\/svetslik.si\/de\/#website"},"primaryImageOfPage":{"@id":"https:\/\/svetslik.si\/de\/leinwandbilder-einteilige\/leinwandbilder-gemalde-universum-i\/#primaryimage"},"image":{"@id":"https:\/\/svetslik.si\/de\/leinwandbilder-einteilige\/leinwandbilder-gemalde-universum-i\/#primaryimage"},"thumbnailUrl":"https:\/\/svetslik.si\/wp-content\/uploads\/2021\/08\/image_Dekorativna-slika-v-Vesolje-I_680.jpg","datePublished":"2021-09-02T17:10:16+00:00","dateModified":"2025-11-02T20:17:54+00:00","description":"Leinwandbilder - Gem\u00e4lde - Universum I - 100% handgemalte Leinwandbilder. Verkauf von abstrakter Kunst, modernen Gem\u00e4lden, Reproduktionen bekannter Maler, individuelle Anfertigung von Gem\u00e4lden und Bilderrahmung.","breadcrumb":{"@id":"https:\/\/svetslik.si\/de\/leinwandbilder-einteilige\/leinwandbilder-gemalde-universum-i\/#breadcrumb"},"inLanguage":"de","potentialAction":[{"@type":"ReadAction","target":["https:\/\/svetslik.si\/de\/leinwandbilder-einteilige\/leinwandbilder-gemalde-universum-i\/"]}]},{"@type":"ImageObject","inLanguage":"de","@id":"https:\/\/svetslik.si\/de\/leinwandbilder-einteilige\/leinwandbilder-gemalde-universum-i\/#primaryimage","url":"https:\/\/svetslik.si\/wp-content\/uploads\/2021\/08\/image_Dekorativna-slika-v-Vesolje-I_680.jpg","contentUrl":"https:\/\/svetslik.si\/wp-content\/uploads\/2021\/08\/image_Dekorativna-slika-v-Vesolje-I_680.jpg","width":680,"height":315,"caption":"Wandbilder auf Leinwand, Kunstbilder \u2013 moderne Bilder, Ambientebilder f\u00fcr die Wand, abstrakte Bilder, dekorative Wandbilder, Bilder kaufen und verkaufen \u2013 : Dekobild Space I"},{"@type":"BreadcrumbList","@id":"https:\/\/svetslik.si\/de\/leinwandbilder-einteilige\/leinwandbilder-gemalde-universum-i\/#breadcrumb","itemListElement":[{"@type":"ListItem","position":1,"name":"Wandkunst und Gem\u00e4lde auf Leinwand","item":"https:\/\/svetslik.si\/de\/"},{"@type":"ListItem","position":2,"name":"Verkauf von Gem\u00e4lden","item":"https:\/\/svetslik.si\/prodaja-slik\/"},{"@type":"ListItem","position":3,"name":"Leinwandbilder &#8211; Gem\u00e4lde &#8211; Universum I"}]},{"@type":"WebSite","@id":"https:\/\/svetslik.si\/de\/#website","url":"https:\/\/svetslik.si\/de\/","name":"SVETSLIK.SI","description":"100% handgemalte Reproduktionen von Gem\u00e4lden ber\u00fchmter Maler und Gem\u00e4lde auf Leinwand.","publisher":{"@id":"https:\/\/svetslik.si\/de\/#organization"},"potentialAction":[{"@type":"SearchAction","target":{"@type":"EntryPoint","urlTemplate":"https:\/\/svetslik.si\/de\/?s={search_term_string}"},"query-input":{"@type":"PropertyValueSpecification","valueRequired":true,"valueName":"search_term_string"}}],"inLanguage":"de"},{"@type":"Organization","@id":"https:\/\/svetslik.si\/de\/#organization","name":"SvetSlik.si","url":"https:\/\/svetslik.si\/de\/","logo":{"@type":"ImageObject","inLanguage":"de","@id":"https:\/\/svetslik.si\/de\/#\/schema\/logo\/image\/","url":"https:\/\/svetslik.si\/wp-content\/uploads\/2020\/12\/logo-512.png","contentUrl":"https:\/\/svetslik.si\/wp-content\/uploads\/2020\/12\/logo-512.png","width":512,"height":512,"caption":"SvetSlik.si"},"image":{"@id":"https:\/\/svetslik.si\/de\/#\/schema\/logo\/image\/"},"sameAs":["https:\/\/www.facebook.com\/svetslik.si","https:\/\/x.com\/svetslik","https:\/\/www.instagram.com\/svetslik.si\/","https:\/\/www.linkedin.com\/company\/svetslik-si"]}]},"og_availability":"backorder","product_availability":"available for order","product_retailer_item_id":"994__","product_condition":"new"},"jetpack_sharing_enabled":true,"_links":{"self":[{"href":"https:\/\/svetslik.si\/de\/wp-json\/wp\/v2\/product\/72050","targetHints":{"allow":["GET"]}}],"collection":[{"href":"https:\/\/svetslik.si\/de\/wp-json\/wp\/v2\/product"}],"about":[{"href":"https:\/\/svetslik.si\/de\/wp-json\/wp\/v2\/types\/product"}],"wp:featuredmedia":[{"embeddable":true,"href":"https:\/\/svetslik.si\/de\/wp-json\/wp\/v2\/media\/63569"}],"wp:attachment":[{"href":"https:\/\/svetslik.si\/de\/wp-json\/wp\/v2\/media?parent=72050"}],"wp:term":[{"taxonomy":"product_brand","embeddable":true,"href":"https:\/\/svetslik.si\/de\/wp-json\/wp\/v2\/product_brand?post=72050"},{"taxonomy":"product_cat","embeddable":true,"href":"https:\/\/svetslik.si\/de\/wp-json\/wp\/v2\/product_cat?post=72050"},{"taxonomy":"product_tag","embeddable":true,"href":"https:\/\/svetslik.si\/de\/wp-json\/wp\/v2\/product_tag?post=72050"}],"curies":[{"name":"wp","href":"https:\/\/api.w.org\/{rel}","templated":true}]}}