{"id":72060,"date":"2021-09-02T19:10:44","date_gmt":"2021-09-02T17:10:44","guid":{"rendered":"https:\/\/svetslik.si\/unkategorisiert\/dekorativna-slika-razcvet-v-rdecem-ii\/"},"modified":"2024-06-27T10:45:46","modified_gmt":"2024-06-27T08:45:46","slug":"leinwandbilder-gemalde-bluete-in-rot-ii","status":"publish","type":"product","link":"https:\/\/svetslik.si\/de\/leinwandbilder-einteilige\/leinwandbilder-gemalde-bluete-in-rot-ii\/","title":{"rendered":"Leinwandbilder &#8211; Gem\u00e4lde &#8211; Bl\u00fcte in Rot II"},"content":{"rendered":"<div class=\"wpb-content-wrapper\">[vc_row css=&#8221;.vc_custom_1719477861596{margin-bottom: 15px !important;}&#8221;][vc_column]\t<div class=\"et-image-573 et-image     et_image_link\">\n\t\t<div class=\"et-image-inner \">\n\t\t\t\t\t\t\t<div class=\"et-image-thumb \">\n\t\t\t\t\t<img decoding=\"async\" width=\"1000\" height=\"1239\" src=\"https:\/\/svetslik.si\/wp-content\/uploads\/2021\/09\/Dekorativne-slike-\u2013-Razcvet-v-rdecem-II-slike-na-platnu-2.jpg\" class=\"attachment-full\" alt=\"Leinwandbilder - Gem\u00e4lde - Bl\u00fcte in Rot II\" title=\"Leinwandbilder - Gem\u00e4lde - Bl\u00fcte in Rot II\" srcset=\"https:\/\/svetslik.si\/wp-content\/uploads\/2021\/09\/Dekorativne-slike-\u2013-Razcvet-v-rdecem-II-slike-na-platnu-2.jpg 1000w, https:\/\/svetslik.si\/wp-content\/uploads\/2021\/09\/Dekorativne-slike-\u2013-Razcvet-v-rdecem-II-slike-na-platnu-2-600x743.jpg 600w, https:\/\/svetslik.si\/wp-content\/uploads\/2021\/09\/Dekorativne-slike-\u2013-Razcvet-v-rdecem-II-slike-na-platnu-2-242x300.jpg 242w, https:\/\/svetslik.si\/wp-content\/uploads\/2021\/09\/Dekorativne-slike-\u2013-Razcvet-v-rdecem-II-slike-na-platnu-2-826x1024.jpg 826w, https:\/\/svetslik.si\/wp-content\/uploads\/2021\/09\/Dekorativne-slike-\u2013-Razcvet-v-rdecem-II-slike-na-platnu-2-768x952.jpg 768w, https:\/\/svetslik.si\/wp-content\/uploads\/2021\/09\/Dekorativne-slike-\u2013-Razcvet-v-rdecem-II-slike-na-platnu-2-121x150.jpg 121w, https:\/\/svetslik.si\/wp-content\/uploads\/2021\/09\/Dekorativne-slike-\u2013-Razcvet-v-rdecem-II-slike-na-platnu-2-900x1115.jpg 900w\" sizes=\"(max-width: 1000px) 100vw, 1000px\" \/>\t\t\t\t<\/div>\n\t\t\t\t\t\t\t\t\t\t\t<\/div>\n\t<\/div>\n  [\/vc_column][\/vc_row][vc_row css=&#8221;.vc_custom_1719477861596{margin-bottom: 15px !important;}&#8221;][vc_column]\t<div class=\"et-image-520 et-image     et_image_link\">\n\t\t<div class=\"et-image-inner \">\n\t\t\t\t\t\t\t<div class=\"et-image-thumb \">\n\t\t\t\t\t<img decoding=\"async\" width=\"1000\" height=\"1762\" src=\"https:\/\/svetslik.si\/wp-content\/uploads\/2021\/09\/Dekorativne-slike-\u2013-Razcvet-v-rdecem-II-slike-na-platnu-3.jpg\" class=\"attachment-full\" alt=\"Leinwandbilder - Gem\u00e4lde - Bl\u00fcte in Rot II\" title=\"Leinwandbilder - Gem\u00e4lde - Bl\u00fcte in Rot II\" srcset=\"https:\/\/svetslik.si\/wp-content\/uploads\/2021\/09\/Dekorativne-slike-\u2013-Razcvet-v-rdecem-II-slike-na-platnu-3.jpg 1000w, https:\/\/svetslik.si\/wp-content\/uploads\/2021\/09\/Dekorativne-slike-\u2013-Razcvet-v-rdecem-II-slike-na-platnu-3-600x1057.jpg 600w, https:\/\/svetslik.si\/wp-content\/uploads\/2021\/09\/Dekorativne-slike-\u2013-Razcvet-v-rdecem-II-slike-na-platnu-3-170x300.jpg 170w, https:\/\/svetslik.si\/wp-content\/uploads\/2021\/09\/Dekorativne-slike-\u2013-Razcvet-v-rdecem-II-slike-na-platnu-3-581x1024.jpg 581w, https:\/\/svetslik.si\/wp-content\/uploads\/2021\/09\/Dekorativne-slike-\u2013-Razcvet-v-rdecem-II-slike-na-platnu-3-768x1353.jpg 768w, https:\/\/svetslik.si\/wp-content\/uploads\/2021\/09\/Dekorativne-slike-\u2013-Razcvet-v-rdecem-II-slike-na-platnu-3-872x1536.jpg 872w, https:\/\/svetslik.si\/wp-content\/uploads\/2021\/09\/Dekorativne-slike-\u2013-Razcvet-v-rdecem-II-slike-na-platnu-3-85x150.jpg 85w, https:\/\/svetslik.si\/wp-content\/uploads\/2021\/09\/Dekorativne-slike-\u2013-Razcvet-v-rdecem-II-slike-na-platnu-3-900x1586.jpg 900w\" sizes=\"(max-width: 1000px) 100vw, 1000px\" \/>\t\t\t\t<\/div>\n\t\t\t\t\t\t\t\t\t\t\t<\/div>\n\t<\/div>\n  [\/vc_column][\/vc_row][vc_row css=&#8221;.vc_custom_1719477861596{margin-bottom: 15px !important;}&#8221;][vc_column]\t<div class=\"et-image-682 et-image     et_image_link\">\n\t\t<div class=\"et-image-inner \">\n\t\t\t\t\t\t\t<div class=\"et-image-thumb \">\n\t\t\t\t\t<img decoding=\"async\" width=\"1000\" height=\"1545\" src=\"https:\/\/svetslik.si\/wp-content\/uploads\/2021\/09\/Dekorativne-slike-\u2013-Razcvet-v-rdecem-II-slike-na-platnu-4.jpg\" class=\"attachment-full\" alt=\"Leinwandbilder - Gem\u00e4lde - Bl\u00fcte in Rot II\" title=\"Leinwandbilder - Gem\u00e4lde - Bl\u00fcte in Rot II\" srcset=\"https:\/\/svetslik.si\/wp-content\/uploads\/2021\/09\/Dekorativne-slike-\u2013-Razcvet-v-rdecem-II-slike-na-platnu-4.jpg 1000w, https:\/\/svetslik.si\/wp-content\/uploads\/2021\/09\/Dekorativne-slike-\u2013-Razcvet-v-rdecem-II-slike-na-platnu-4-600x927.jpg 600w, https:\/\/svetslik.si\/wp-content\/uploads\/2021\/09\/Dekorativne-slike-\u2013-Razcvet-v-rdecem-II-slike-na-platnu-4-194x300.jpg 194w, https:\/\/svetslik.si\/wp-content\/uploads\/2021\/09\/Dekorativne-slike-\u2013-Razcvet-v-rdecem-II-slike-na-platnu-4-663x1024.jpg 663w, https:\/\/svetslik.si\/wp-content\/uploads\/2021\/09\/Dekorativne-slike-\u2013-Razcvet-v-rdecem-II-slike-na-platnu-4-768x1187.jpg 768w, https:\/\/svetslik.si\/wp-content\/uploads\/2021\/09\/Dekorativne-slike-\u2013-Razcvet-v-rdecem-II-slike-na-platnu-4-994x1536.jpg 994w, https:\/\/svetslik.si\/wp-content\/uploads\/2021\/09\/Dekorativne-slike-\u2013-Razcvet-v-rdecem-II-slike-na-platnu-4-97x150.jpg 97w, https:\/\/svetslik.si\/wp-content\/uploads\/2021\/09\/Dekorativne-slike-\u2013-Razcvet-v-rdecem-II-slike-na-platnu-4-900x1391.jpg 900w\" sizes=\"(max-width: 1000px) 100vw, 1000px\" \/>\t\t\t\t<\/div>\n\t\t\t\t\t\t\t\t\t\t\t<\/div>\n\t<\/div>\n  [\/vc_column][\/vc_row][vc_row css=&#8221;.vc_custom_1719477861596{margin-bottom: 15px !important;}&#8221;][vc_column]\t<div class=\"et-image-375 et-image     et_image_link\">\n\t\t<div class=\"et-image-inner \">\n\t\t\t\t\t\t\t<div class=\"et-image-thumb \">\n\t\t\t\t\t<img decoding=\"async\" width=\"1000\" height=\"886\" src=\"https:\/\/svetslik.si\/wp-content\/uploads\/2021\/09\/Dekorativne-slike-\u2013-Razcvet-v-rdecem-II-slike-na-platnu-5.jpg\" class=\"attachment-full\" alt=\"Leinwandbilder - Gem\u00e4lde - Bl\u00fcte in Rot II\" title=\"Leinwandbilder - Gem\u00e4lde - Bl\u00fcte in Rot II\" srcset=\"https:\/\/svetslik.si\/wp-content\/uploads\/2021\/09\/Dekorativne-slike-\u2013-Razcvet-v-rdecem-II-slike-na-platnu-5.jpg 1000w, https:\/\/svetslik.si\/wp-content\/uploads\/2021\/09\/Dekorativne-slike-\u2013-Razcvet-v-rdecem-II-slike-na-platnu-5-600x532.jpg 600w, https:\/\/svetslik.si\/wp-content\/uploads\/2021\/09\/Dekorativne-slike-\u2013-Razcvet-v-rdecem-II-slike-na-platnu-5-300x266.jpg 300w, https:\/\/svetslik.si\/wp-content\/uploads\/2021\/09\/Dekorativne-slike-\u2013-Razcvet-v-rdecem-II-slike-na-platnu-5-768x680.jpg 768w, https:\/\/svetslik.si\/wp-content\/uploads\/2021\/09\/Dekorativne-slike-\u2013-Razcvet-v-rdecem-II-slike-na-platnu-5-150x133.jpg 150w, https:\/\/svetslik.si\/wp-content\/uploads\/2021\/09\/Dekorativne-slike-\u2013-Razcvet-v-rdecem-II-slike-na-platnu-5-900x797.jpg 900w\" sizes=\"(max-width: 1000px) 100vw, 1000px\" \/>\t\t\t\t<\/div>\n\t\t\t\t\t\t\t\t\t\t\t<\/div>\n\t<\/div>\n  [\/vc_column][\/vc_row][vc_row css=&#8221;.vc_custom_1719477861596{margin-bottom: 15px !important;}&#8221;][vc_column]\t<div class=\"et-image-146 et-image     et_image_link\">\n\t\t<div class=\"et-image-inner \">\n\t\t\t\t\t\t\t<div class=\"et-image-thumb \">\n\t\t\t\t\t<img decoding=\"async\" width=\"1000\" height=\"563\" src=\"https:\/\/svetslik.si\/wp-content\/uploads\/2021\/09\/Dekorativne-slike-\u2013-Razcvet-v-rdecem-II-slike-na-platnu.jpg\" class=\"attachment-full\" alt=\"Leinwandbilder - Gem\u00e4lde - Bl\u00fcte in Rot II\" title=\"Leinwandbilder - Gem\u00e4lde - Bl\u00fcte in Rot II\" srcset=\"https:\/\/svetslik.si\/wp-content\/uploads\/2021\/09\/Dekorativne-slike-\u2013-Razcvet-v-rdecem-II-slike-na-platnu.jpg 1000w, https:\/\/svetslik.si\/wp-content\/uploads\/2021\/09\/Dekorativne-slike-\u2013-Razcvet-v-rdecem-II-slike-na-platnu-600x338.jpg 600w, https:\/\/svetslik.si\/wp-content\/uploads\/2021\/09\/Dekorativne-slike-\u2013-Razcvet-v-rdecem-II-slike-na-platnu-300x169.jpg 300w, https:\/\/svetslik.si\/wp-content\/uploads\/2021\/09\/Dekorativne-slike-\u2013-Razcvet-v-rdecem-II-slike-na-platnu-768x432.jpg 768w, https:\/\/svetslik.si\/wp-content\/uploads\/2021\/09\/Dekorativne-slike-\u2013-Razcvet-v-rdecem-II-slike-na-platnu-150x84.jpg 150w, https:\/\/svetslik.si\/wp-content\/uploads\/2021\/09\/Dekorativne-slike-\u2013-Razcvet-v-rdecem-II-slike-na-platnu-900x507.jpg 900w\" sizes=\"(max-width: 1000px) 100vw, 1000px\" \/>\t\t\t\t<\/div>\n\t\t\t\t\t\t\t\t\t\t\t<\/div>\n\t<\/div>\n  [\/vc_column][\/vc_row]\n<\/div>","protected":false},"excerpt":{"rendered":"<p>[vc_row css=&#8221;.vc_custom_1719477861596{margin-bottom: 15px !important;}&#8221;][vc_column][\/vc_column][\/vc_row][vc_row css=&#8221;.vc_custom_1719477861596{margin-bottom: 15px !important;}&#8221;][vc_column][\/vc_column][\/vc_row][vc_row css=&#8221;.vc_custom_1719477861596{margin-bottom: 15px !important;}&#8221;][vc_column][\/vc_column][\/vc_row][vc_row css=&#8221;.vc_custom_1719477861596{margin-bottom: 15px !important;}&#8221;][vc_column][\/vc_column][\/vc_row][vc_row css=&#8221;.vc_custom_1719477861596{margin-bottom: 15px !important;}&#8221;][vc_column][\/vc_column][\/vc_row]<\/p>\n","protected":false},"featured_media":63364,"template":"","meta":{"_acf_changed":false},"product_brand":[],"product_cat":[8471],"product_tag":[8477,8485,8522,8523,8524,8774,9135,8499,9133,8510,9134,8775],"class_list":{"0":"post-72060","1":"product","2":"type-product","3":"status-publish","4":"has-post-thumbnail","6":"product_cat-leinwandbilder-einteilige","7":"product_tag-abstrakte-gemaelde-de","8":"product_tag-dekorative-gemaelde","9":"product_tag-gemaelde-auf-leinwand","10":"product_tag-gemaelde-fuer-das-wohnzimmer","11":"product_tag-gemaelde-fuer-die-wand","12":"product_tag-gemalde-fur-wohnzimmer-3","13":"product_tag-kunst-gemalde","14":"product_tag-moderne-gemalde-de","15":"product_tag-online-galerie","16":"product_tag-verkauf-von-gemaelden","17":"product_tag-wanddekoration","18":"product_tag-wandgemalde-1","19":"pa_dimenzija-100-x-140-cm","20":"pa_dimenzija-40-x-60-cm","21":"pa_dimenzija-60-x-80-cm","22":"pa_dimenzija-80-x-110-cm","23":"pa_oblika-vertikal","24":"pa_okvir-ohne-rahmen","25":"pa_podokvir-ja","26":"pa_podokvir-nein","28":"first","29":"instock","30":"purchasable","31":"product-type-variable","32":"has-default-attributes"},"acf":[],"yoast_head":"<!-- This site is optimized with the Yoast SEO Premium plugin v26.0 (Yoast SEO v27.2) - https:\/\/yoast.com\/product\/yoast-seo-premium-wordpress\/ -->\n<title>Leinwandbilder - Gem\u00e4lde - Bl\u00fcte in Rot II - SVETSLIK.SI - 100% handgemalt<\/title>\n<meta name=\"description\" content=\"Leinwandbilder - Gem\u00e4lde - Bl\u00fcte in Rot II - 100% handgemalte Leinwandbilder. Verkauf von abstrakter Kunst, modernen Gem\u00e4lden, Reproduktionen bekannter Maler, individuelle Anfertigung von Gem\u00e4lden und Bilderrahmung.\" \/>\n<meta name=\"robots\" content=\"index, follow, max-snippet:-1, max-image-preview:large, max-video-preview:-1\" \/>\n<link rel=\"canonical\" href=\"https:\/\/svetslik.si\/de\/leinwandbilder-einteilige\/leinwandbilder-gemalde-bluete-in-rot-ii\/\" \/>\n<meta property=\"og:locale\" content=\"de_DE\" \/>\n<meta property=\"og:type\" content=\"article\" \/>\n<meta property=\"og:title\" content=\"Leinwandbilder - Gem\u00e4lde - Bl\u00fcte in Rot II\" \/>\n<meta property=\"og:description\" content=\"100% ro\u010dno naslikane slike na platnu, reprodukcije znanih slikarjev in umetni\u0161ke slike po naro\u010dilu.\" \/>\n<meta property=\"og:url\" content=\"https:\/\/svetslik.si\/de\/leinwandbilder-einteilige\/leinwandbilder-gemalde-bluete-in-rot-ii\/\" \/>\n<meta property=\"og:site_name\" content=\"SVETSLIK.SI\" \/>\n<meta property=\"article:publisher\" content=\"https:\/\/www.facebook.com\/svetslik.si\" \/>\n<meta property=\"article:modified_time\" content=\"2024-06-27T08:45:46+00:00\" \/>\n<meta property=\"og:image\" content=\"https:\/\/svetslik.si\/wp-content\/uploads\/2021\/08\/image_Ambientalna-slika-Razcvet-v-rdecem-II_680.jpg\" \/>\n\t<meta property=\"og:image:width\" content=\"406\" \/>\n\t<meta property=\"og:image:height\" content=\"572\" \/>\n\t<meta property=\"og:image:type\" content=\"image\/jpeg\" \/>\n<meta name=\"twitter:card\" content=\"summary_large_image\" \/>\n<meta name=\"twitter:site\" content=\"@svetslik\" \/>\n<meta name=\"twitter:label1\" content=\"Verf\u00fcgbarkeit\" \/>\n\t<meta name=\"twitter:data1\" content=\"Auf Lager\" \/>\n<script type=\"application\/ld+json\" class=\"yoast-schema-graph\">{\"@context\":\"https:\/\/schema.org\",\"@graph\":[{\"@type\":[\"WebPage\",\"ItemPage\"],\"@id\":\"https:\/\/svetslik.si\/de\/leinwandbilder-einteilige\/leinwandbilder-gemalde-bluete-in-rot-ii\/\",\"url\":\"https:\/\/svetslik.si\/de\/leinwandbilder-einteilige\/leinwandbilder-gemalde-bluete-in-rot-ii\/\",\"name\":\"Leinwandbilder - Gem\u00e4lde - Bl\u00fcte in Rot II - SVETSLIK.SI - 100% handgemalt\",\"isPartOf\":{\"@id\":\"https:\/\/svetslik.si\/de\/#website\"},\"primaryImageOfPage\":{\"@id\":\"https:\/\/svetslik.si\/de\/leinwandbilder-einteilige\/leinwandbilder-gemalde-bluete-in-rot-ii\/#primaryimage\"},\"image\":{\"@id\":\"https:\/\/svetslik.si\/de\/leinwandbilder-einteilige\/leinwandbilder-gemalde-bluete-in-rot-ii\/#primaryimage\"},\"thumbnailUrl\":\"https:\/\/svetslik.si\/wp-content\/uploads\/2021\/08\/image_Ambientalna-slika-Razcvet-v-rdecem-II_680.jpg\",\"datePublished\":\"2021-09-02T17:10:44+00:00\",\"dateModified\":\"2024-06-27T08:45:46+00:00\",\"description\":\"Leinwandbilder - Gem\u00e4lde - Bl\u00fcte in Rot II - 100% handgemalte Leinwandbilder. Verkauf von abstrakter Kunst, modernen Gem\u00e4lden, Reproduktionen bekannter Maler, individuelle Anfertigung von Gem\u00e4lden und Bilderrahmung.\",\"breadcrumb\":{\"@id\":\"https:\/\/svetslik.si\/de\/leinwandbilder-einteilige\/leinwandbilder-gemalde-bluete-in-rot-ii\/#breadcrumb\"},\"inLanguage\":\"de\",\"potentialAction\":[{\"@type\":\"ReadAction\",\"target\":[\"https:\/\/svetslik.si\/de\/leinwandbilder-einteilige\/leinwandbilder-gemalde-bluete-in-rot-ii\/\"]}]},{\"@type\":\"ImageObject\",\"inLanguage\":\"de\",\"@id\":\"https:\/\/svetslik.si\/de\/leinwandbilder-einteilige\/leinwandbilder-gemalde-bluete-in-rot-ii\/#primaryimage\",\"url\":\"https:\/\/svetslik.si\/wp-content\/uploads\/2021\/08\/image_Ambientalna-slika-Razcvet-v-rdecem-II_680.jpg\",\"contentUrl\":\"https:\/\/svetslik.si\/wp-content\/uploads\/2021\/08\/image_Ambientalna-slika-Razcvet-v-rdecem-II_680.jpg\",\"width\":406,\"height\":572,\"caption\":\"Wandgem\u00e4lde auf Leinwand, Gem\u00e4lde f\u00fcr die Wand, Kunstgem\u00e4lde, moderne Gem\u00e4lde, Ambientegem\u00e4lde, abstrakte Gem\u00e4lde, dekorative Wandgem\u00e4lde, Gem\u00e4lde kaufen und verkaufen - Dekoratives Gem\u00e4lde Bl\u00fcte in Rot IIa\"},{\"@type\":\"BreadcrumbList\",\"@id\":\"https:\/\/svetslik.si\/de\/leinwandbilder-einteilige\/leinwandbilder-gemalde-bluete-in-rot-ii\/#breadcrumb\",\"itemListElement\":[{\"@type\":\"ListItem\",\"position\":1,\"name\":\"Wandkunst und Gem\u00e4lde auf Leinwand\",\"item\":\"https:\/\/svetslik.si\/de\/\"},{\"@type\":\"ListItem\",\"position\":2,\"name\":\"Verkauf von Gem\u00e4lden\",\"item\":\"https:\/\/svetslik.si\/prodaja-slik\/\"},{\"@type\":\"ListItem\",\"position\":3,\"name\":\"Leinwandbilder &#8211; Gem\u00e4lde &#8211; Bl\u00fcte in Rot II\"}]},{\"@type\":\"WebSite\",\"@id\":\"https:\/\/svetslik.si\/de\/#website\",\"url\":\"https:\/\/svetslik.si\/de\/\",\"name\":\"SVETSLIK.SI\",\"description\":\"100% handgemalte Reproduktionen von Gem\u00e4lden ber\u00fchmter Maler und Gem\u00e4lde auf Leinwand.\",\"publisher\":{\"@id\":\"https:\/\/svetslik.si\/de\/#organization\"},\"potentialAction\":[{\"@type\":\"SearchAction\",\"target\":{\"@type\":\"EntryPoint\",\"urlTemplate\":\"https:\/\/svetslik.si\/de\/?s={search_term_string}\"},\"query-input\":{\"@type\":\"PropertyValueSpecification\",\"valueRequired\":true,\"valueName\":\"search_term_string\"}}],\"inLanguage\":\"de\"},{\"@type\":\"Organization\",\"@id\":\"https:\/\/svetslik.si\/de\/#organization\",\"name\":\"SvetSlik.si\",\"url\":\"https:\/\/svetslik.si\/de\/\",\"logo\":{\"@type\":\"ImageObject\",\"inLanguage\":\"de\",\"@id\":\"https:\/\/svetslik.si\/de\/#\/schema\/logo\/image\/\",\"url\":\"https:\/\/svetslik.si\/wp-content\/uploads\/2020\/12\/logo-512.png\",\"contentUrl\":\"https:\/\/svetslik.si\/wp-content\/uploads\/2020\/12\/logo-512.png\",\"width\":512,\"height\":512,\"caption\":\"SvetSlik.si\"},\"image\":{\"@id\":\"https:\/\/svetslik.si\/de\/#\/schema\/logo\/image\/\"},\"sameAs\":[\"https:\/\/www.facebook.com\/svetslik.si\",\"https:\/\/x.com\/svetslik\",\"https:\/\/www.instagram.com\/svetslik.si\/\",\"https:\/\/www.linkedin.com\/company\/svetslik-si\"]}]}<\/script>\n<meta property=\"og:availability\" content=\"instock\" \/>\n<meta property=\"product:availability\" content=\"instock\" \/>\n<meta property=\"product:retailer_item_id\" content=\"996__\" \/>\n<meta property=\"product:condition\" content=\"new\" \/>\n<!-- \/ Yoast SEO Premium plugin. -->","yoast_head_json":{"title":"Leinwandbilder - Gem\u00e4lde - Bl\u00fcte in Rot II - SVETSLIK.SI - 100% handgemalt","description":"Leinwandbilder - Gem\u00e4lde - Bl\u00fcte in Rot II - 100% handgemalte Leinwandbilder. Verkauf von abstrakter Kunst, modernen Gem\u00e4lden, Reproduktionen bekannter Maler, individuelle Anfertigung von Gem\u00e4lden und Bilderrahmung.","robots":{"index":"index","follow":"follow","max-snippet":"max-snippet:-1","max-image-preview":"max-image-preview:large","max-video-preview":"max-video-preview:-1"},"canonical":"https:\/\/svetslik.si\/de\/leinwandbilder-einteilige\/leinwandbilder-gemalde-bluete-in-rot-ii\/","og_locale":"de_DE","og_type":"article","og_title":"Leinwandbilder - Gem\u00e4lde - Bl\u00fcte in Rot II","og_description":"100% ro\u010dno naslikane slike na platnu, reprodukcije znanih slikarjev in umetni\u0161ke slike po naro\u010dilu.","og_url":"https:\/\/svetslik.si\/de\/leinwandbilder-einteilige\/leinwandbilder-gemalde-bluete-in-rot-ii\/","og_site_name":"SVETSLIK.SI","article_publisher":"https:\/\/www.facebook.com\/svetslik.si","article_modified_time":"2024-06-27T08:45:46+00:00","og_image":[{"width":406,"height":572,"url":"https:\/\/svetslik.si\/wp-content\/uploads\/2021\/08\/image_Ambientalna-slika-Razcvet-v-rdecem-II_680.jpg","type":"image\/jpeg"}],"twitter_card":"summary_large_image","twitter_site":"@svetslik","twitter_misc":{"Verf\u00fcgbarkeit":"Auf Lager"},"schema":{"@context":"https:\/\/schema.org","@graph":[{"@type":["WebPage","ItemPage"],"@id":"https:\/\/svetslik.si\/de\/leinwandbilder-einteilige\/leinwandbilder-gemalde-bluete-in-rot-ii\/","url":"https:\/\/svetslik.si\/de\/leinwandbilder-einteilige\/leinwandbilder-gemalde-bluete-in-rot-ii\/","name":"Leinwandbilder - Gem\u00e4lde - Bl\u00fcte in Rot II - SVETSLIK.SI - 100% handgemalt","isPartOf":{"@id":"https:\/\/svetslik.si\/de\/#website"},"primaryImageOfPage":{"@id":"https:\/\/svetslik.si\/de\/leinwandbilder-einteilige\/leinwandbilder-gemalde-bluete-in-rot-ii\/#primaryimage"},"image":{"@id":"https:\/\/svetslik.si\/de\/leinwandbilder-einteilige\/leinwandbilder-gemalde-bluete-in-rot-ii\/#primaryimage"},"thumbnailUrl":"https:\/\/svetslik.si\/wp-content\/uploads\/2021\/08\/image_Ambientalna-slika-Razcvet-v-rdecem-II_680.jpg","datePublished":"2021-09-02T17:10:44+00:00","dateModified":"2024-06-27T08:45:46+00:00","description":"Leinwandbilder - Gem\u00e4lde - Bl\u00fcte in Rot II - 100% handgemalte Leinwandbilder. Verkauf von abstrakter Kunst, modernen Gem\u00e4lden, Reproduktionen bekannter Maler, individuelle Anfertigung von Gem\u00e4lden und Bilderrahmung.","breadcrumb":{"@id":"https:\/\/svetslik.si\/de\/leinwandbilder-einteilige\/leinwandbilder-gemalde-bluete-in-rot-ii\/#breadcrumb"},"inLanguage":"de","potentialAction":[{"@type":"ReadAction","target":["https:\/\/svetslik.si\/de\/leinwandbilder-einteilige\/leinwandbilder-gemalde-bluete-in-rot-ii\/"]}]},{"@type":"ImageObject","inLanguage":"de","@id":"https:\/\/svetslik.si\/de\/leinwandbilder-einteilige\/leinwandbilder-gemalde-bluete-in-rot-ii\/#primaryimage","url":"https:\/\/svetslik.si\/wp-content\/uploads\/2021\/08\/image_Ambientalna-slika-Razcvet-v-rdecem-II_680.jpg","contentUrl":"https:\/\/svetslik.si\/wp-content\/uploads\/2021\/08\/image_Ambientalna-slika-Razcvet-v-rdecem-II_680.jpg","width":406,"height":572,"caption":"Wandgem\u00e4lde auf Leinwand, Gem\u00e4lde f\u00fcr die Wand, Kunstgem\u00e4lde, moderne Gem\u00e4lde, Ambientegem\u00e4lde, abstrakte Gem\u00e4lde, dekorative Wandgem\u00e4lde, Gem\u00e4lde kaufen und verkaufen - Dekoratives Gem\u00e4lde Bl\u00fcte in Rot IIa"},{"@type":"BreadcrumbList","@id":"https:\/\/svetslik.si\/de\/leinwandbilder-einteilige\/leinwandbilder-gemalde-bluete-in-rot-ii\/#breadcrumb","itemListElement":[{"@type":"ListItem","position":1,"name":"Wandkunst und Gem\u00e4lde auf Leinwand","item":"https:\/\/svetslik.si\/de\/"},{"@type":"ListItem","position":2,"name":"Verkauf von Gem\u00e4lden","item":"https:\/\/svetslik.si\/prodaja-slik\/"},{"@type":"ListItem","position":3,"name":"Leinwandbilder &#8211; Gem\u00e4lde &#8211; Bl\u00fcte in Rot II"}]},{"@type":"WebSite","@id":"https:\/\/svetslik.si\/de\/#website","url":"https:\/\/svetslik.si\/de\/","name":"SVETSLIK.SI","description":"100% handgemalte Reproduktionen von Gem\u00e4lden ber\u00fchmter Maler und Gem\u00e4lde auf Leinwand.","publisher":{"@id":"https:\/\/svetslik.si\/de\/#organization"},"potentialAction":[{"@type":"SearchAction","target":{"@type":"EntryPoint","urlTemplate":"https:\/\/svetslik.si\/de\/?s={search_term_string}"},"query-input":{"@type":"PropertyValueSpecification","valueRequired":true,"valueName":"search_term_string"}}],"inLanguage":"de"},{"@type":"Organization","@id":"https:\/\/svetslik.si\/de\/#organization","name":"SvetSlik.si","url":"https:\/\/svetslik.si\/de\/","logo":{"@type":"ImageObject","inLanguage":"de","@id":"https:\/\/svetslik.si\/de\/#\/schema\/logo\/image\/","url":"https:\/\/svetslik.si\/wp-content\/uploads\/2020\/12\/logo-512.png","contentUrl":"https:\/\/svetslik.si\/wp-content\/uploads\/2020\/12\/logo-512.png","width":512,"height":512,"caption":"SvetSlik.si"},"image":{"@id":"https:\/\/svetslik.si\/de\/#\/schema\/logo\/image\/"},"sameAs":["https:\/\/www.facebook.com\/svetslik.si","https:\/\/x.com\/svetslik","https:\/\/www.instagram.com\/svetslik.si\/","https:\/\/www.linkedin.com\/company\/svetslik-si"]}]},"og_availability":"instock","product_availability":"instock","product_retailer_item_id":"996__","product_condition":"new"},"jetpack_sharing_enabled":true,"_links":{"self":[{"href":"https:\/\/svetslik.si\/de\/wp-json\/wp\/v2\/product\/72060","targetHints":{"allow":["GET"]}}],"collection":[{"href":"https:\/\/svetslik.si\/de\/wp-json\/wp\/v2\/product"}],"about":[{"href":"https:\/\/svetslik.si\/de\/wp-json\/wp\/v2\/types\/product"}],"wp:featuredmedia":[{"embeddable":true,"href":"https:\/\/svetslik.si\/de\/wp-json\/wp\/v2\/media\/63364"}],"wp:attachment":[{"href":"https:\/\/svetslik.si\/de\/wp-json\/wp\/v2\/media?parent=72060"}],"wp:term":[{"taxonomy":"product_brand","embeddable":true,"href":"https:\/\/svetslik.si\/de\/wp-json\/wp\/v2\/product_brand?post=72060"},{"taxonomy":"product_cat","embeddable":true,"href":"https:\/\/svetslik.si\/de\/wp-json\/wp\/v2\/product_cat?post=72060"},{"taxonomy":"product_tag","embeddable":true,"href":"https:\/\/svetslik.si\/de\/wp-json\/wp\/v2\/product_tag?post=72060"}],"curies":[{"name":"wp","href":"https:\/\/api.w.org\/{rel}","templated":true}]}}