{"id":72192,"date":"2021-09-02T19:13:35","date_gmt":"2021-09-02T17:13:35","guid":{"rendered":"https:\/\/svetslik.si\/unkategorisiert\/the-elephants\/"},"modified":"2026-03-22T14:41:50","modified_gmt":"2026-03-22T13:41:50","slug":"the-elephants","status":"publish","type":"product","link":"https:\/\/svetslik.si\/de\/salvador-dali-de\/the-elephants\/","title":{"rendered":"Salvador Dali &#8211; The Elephants"},"content":{"rendered":"<div class=\"wpb-content-wrapper\">[vc_row css=&#8221;.vc_custom_1722501964272{margin-bottom: 10px !important;}&#8221;][vc_column]\t<div class=\"et-image-942 et-image     et_image_link\">\n\t\t<div class=\"et-image-inner \">\n\t\t\t\t\t\t\t<div class=\"et-image-thumb \">\n\t\t\t\t\t<img decoding=\"async\" width=\"1000\" height=\"879\" src=\"https:\/\/svetslik.si\/wp-content\/uploads\/2021\/09\/Salvador-Dali-The-Elephants-reprodukcija-slike-na-platnu-4.jpg\" class=\"attachment-full\" alt=\"Salvador Dali - The Elephants\" title=\"Salvador Dali - The Elephants\" srcset=\"https:\/\/svetslik.si\/wp-content\/uploads\/2021\/09\/Salvador-Dali-The-Elephants-reprodukcija-slike-na-platnu-4.jpg 1000w, https:\/\/svetslik.si\/wp-content\/uploads\/2021\/09\/Salvador-Dali-The-Elephants-reprodukcija-slike-na-platnu-4-600x527.jpg 600w, https:\/\/svetslik.si\/wp-content\/uploads\/2021\/09\/Salvador-Dali-The-Elephants-reprodukcija-slike-na-platnu-4-300x264.jpg 300w, https:\/\/svetslik.si\/wp-content\/uploads\/2021\/09\/Salvador-Dali-The-Elephants-reprodukcija-slike-na-platnu-4-768x675.jpg 768w, https:\/\/svetslik.si\/wp-content\/uploads\/2021\/09\/Salvador-Dali-The-Elephants-reprodukcija-slike-na-platnu-4-150x132.jpg 150w, https:\/\/svetslik.si\/wp-content\/uploads\/2021\/09\/Salvador-Dali-The-Elephants-reprodukcija-slike-na-platnu-4-900x791.jpg 900w\" sizes=\"(max-width: 1000px) 100vw, 1000px\" \/>\t\t\t\t<\/div>\n\t\t\t\t\t\t\t\t\t\t\t<\/div>\n\t<\/div>\n  [\/vc_column][\/vc_row][vc_row css=&#8221;.vc_custom_1722501964272{margin-bottom: 10px !important;}&#8221;][vc_column]\t<div class=\"et-image-598 et-image     et_image_link\">\n\t\t<div class=\"et-image-inner \">\n\t\t\t\t\t\t\t<div class=\"et-image-thumb \">\n\t\t\t\t\t<img decoding=\"async\" width=\"1000\" height=\"1065\" src=\"https:\/\/svetslik.si\/wp-content\/uploads\/2021\/09\/Salvador-Dali-The-Elephants-reprodukcija-slike-na-platnu-2.jpg\" class=\"attachment-full\" alt=\"Salvador Dali - The Elephants\" title=\"Salvador Dali - The Elephants\" srcset=\"https:\/\/svetslik.si\/wp-content\/uploads\/2021\/09\/Salvador-Dali-The-Elephants-reprodukcija-slike-na-platnu-2.jpg 1000w, https:\/\/svetslik.si\/wp-content\/uploads\/2021\/09\/Salvador-Dali-The-Elephants-reprodukcija-slike-na-platnu-2-600x639.jpg 600w, https:\/\/svetslik.si\/wp-content\/uploads\/2021\/09\/Salvador-Dali-The-Elephants-reprodukcija-slike-na-platnu-2-282x300.jpg 282w, https:\/\/svetslik.si\/wp-content\/uploads\/2021\/09\/Salvador-Dali-The-Elephants-reprodukcija-slike-na-platnu-2-962x1024.jpg 962w, https:\/\/svetslik.si\/wp-content\/uploads\/2021\/09\/Salvador-Dali-The-Elephants-reprodukcija-slike-na-platnu-2-768x818.jpg 768w, https:\/\/svetslik.si\/wp-content\/uploads\/2021\/09\/Salvador-Dali-The-Elephants-reprodukcija-slike-na-platnu-2-141x150.jpg 141w, https:\/\/svetslik.si\/wp-content\/uploads\/2021\/09\/Salvador-Dali-The-Elephants-reprodukcija-slike-na-platnu-2-900x959.jpg 900w\" sizes=\"(max-width: 1000px) 100vw, 1000px\" \/>\t\t\t\t<\/div>\n\t\t\t\t\t\t\t\t\t\t\t<\/div>\n\t<\/div>\n  [\/vc_column][\/vc_row][vc_row css=&#8221;.vc_custom_1722501964272{margin-bottom: 10px !important;}&#8221;][vc_column]\t<div class=\"et-image-96 et-image     et_image_link\">\n\t\t<div class=\"et-image-inner \">\n\t\t\t\t\t\t\t<div class=\"et-image-thumb \">\n\t\t\t\t\t<img decoding=\"async\" width=\"1000\" height=\"680\" src=\"https:\/\/svetslik.si\/wp-content\/uploads\/2021\/09\/Salvador-Dali-The-Elephants-reprodukcija-slike-na-platnu-3.jpg\" class=\"attachment-full\" alt=\"Salvador Dali - The Elephants\" title=\"Salvador Dali - The Elephants\" srcset=\"https:\/\/svetslik.si\/wp-content\/uploads\/2021\/09\/Salvador-Dali-The-Elephants-reprodukcija-slike-na-platnu-3.jpg 1000w, https:\/\/svetslik.si\/wp-content\/uploads\/2021\/09\/Salvador-Dali-The-Elephants-reprodukcija-slike-na-platnu-3-600x408.jpg 600w, https:\/\/svetslik.si\/wp-content\/uploads\/2021\/09\/Salvador-Dali-The-Elephants-reprodukcija-slike-na-platnu-3-300x204.jpg 300w, https:\/\/svetslik.si\/wp-content\/uploads\/2021\/09\/Salvador-Dali-The-Elephants-reprodukcija-slike-na-platnu-3-768x522.jpg 768w, https:\/\/svetslik.si\/wp-content\/uploads\/2021\/09\/Salvador-Dali-The-Elephants-reprodukcija-slike-na-platnu-3-150x102.jpg 150w, https:\/\/svetslik.si\/wp-content\/uploads\/2021\/09\/Salvador-Dali-The-Elephants-reprodukcija-slike-na-platnu-3-900x612.jpg 900w\" sizes=\"(max-width: 1000px) 100vw, 1000px\" \/>\t\t\t\t<\/div>\n\t\t\t\t\t\t\t\t\t\t\t<\/div>\n\t<\/div>\n  [\/vc_column][\/vc_row][vc_row css=&#8221;.vc_custom_1722501964272{margin-bottom: 10px !important;}&#8221;][vc_column]\t<div class=\"et-image-321 et-image     et_image_link\">\n\t\t<div class=\"et-image-inner \">\n\t\t\t\t\t\t\t<div class=\"et-image-thumb \">\n\t\t\t\t\t<img decoding=\"async\" width=\"1000\" height=\"563\" src=\"https:\/\/svetslik.si\/wp-content\/uploads\/2021\/09\/Salvador-Dali-The-Elephants-reprodukcija-slike-na-platnu.jpg\" class=\"attachment-full\" alt=\"Salvador Dali - The Elephants\" title=\"Salvador Dali - The Elephants\" srcset=\"https:\/\/svetslik.si\/wp-content\/uploads\/2021\/09\/Salvador-Dali-The-Elephants-reprodukcija-slike-na-platnu.jpg 1000w, https:\/\/svetslik.si\/wp-content\/uploads\/2021\/09\/Salvador-Dali-The-Elephants-reprodukcija-slike-na-platnu-600x338.jpg 600w, https:\/\/svetslik.si\/wp-content\/uploads\/2021\/09\/Salvador-Dali-The-Elephants-reprodukcija-slike-na-platnu-300x169.jpg 300w, https:\/\/svetslik.si\/wp-content\/uploads\/2021\/09\/Salvador-Dali-The-Elephants-reprodukcija-slike-na-platnu-768x432.jpg 768w, https:\/\/svetslik.si\/wp-content\/uploads\/2021\/09\/Salvador-Dali-The-Elephants-reprodukcija-slike-na-platnu-150x84.jpg 150w, https:\/\/svetslik.si\/wp-content\/uploads\/2021\/09\/Salvador-Dali-The-Elephants-reprodukcija-slike-na-platnu-900x507.jpg 900w\" sizes=\"(max-width: 1000px) 100vw, 1000px\" \/>\t\t\t\t<\/div>\n\t\t\t\t\t\t\t\t\t\t\t<\/div>\n\t<\/div>\n  [\/vc_column][\/vc_row][vc_row][vc_column][vc_column_text]\n<h1>Salvador Dali \u2013 Die Elefanten<\/h1>\n<div><\/div>\n<div>\n<table style=\"width: 673px;\" border=\"0\" width=\"673\" cellpadding=\"0\">\n<tbody>\n<tr>\n<td style=\"width: 180px; height: 21px;\" height=\"21\">Erstellungsjahr:<\/td>\n<td style=\"width: 493px;\">1948<\/td>\n<\/tr>\n<tr>\n<td style=\"width: 180px; height: 21px;\" height=\"21\">Originalgr\u00f6\u00dfe:<\/td>\n<td style=\"width: 493px;\"><\/td>\n<\/tr>\n<tr>\n<td style=\"width: 180px; height: 21px;\" height=\"21\">Lackstil:<\/td>\n<td>\n<div>\n<div>\n<div>\n<div>\n<div>Surrealismus<\/div>\n<\/div>\n<\/div>\n<\/div>\n<\/div>\n<\/td>\n<\/tr>\n<tr>\n<td style=\"width: 180px; height: 21px;\" height=\"21\">Originaltechnik:<\/td>\n<td>\u00d6l auf Leinwand<\/td>\n<\/tr>\n<tr>\n<td style=\"width: 180px; height: 21px;\" height=\"21\">Standort:<\/td>\n<td>Dali Museum Spanien<\/td>\n<\/tr>\n<\/tbody>\n<colgroup>\n<col \/> <\/colgroup>\n<\/table>\n<\/div>\n<p>Salvador Dalis Elefanten ist ein surrealistisches Gem\u00e4lde aus dem Jahr 1948. Das Gem\u00e4lde zeigt drei langbeinige Elefanten, die durch eine karge W\u00fcstenumgebung laufen. Die Elefanten scheinen \u00fcber dem Boden zu schweben, was den traumhaften und surrealen Charakter des Gem\u00e4ldes noch verst\u00e4rkt.<\/p>\n<p>Eines der auff\u00e4lligsten Elemente des Gem\u00e4ldes Elefanten ist die Verwendung von Farbe. Dali verwendet eine begrenzte Farbpalette, die haupts\u00e4chlich aus Grau- und Braunt\u00f6nen besteht. Dieses Farbschema verst\u00e4rkt das Gef\u00fchl einer W\u00fcste und trostlosen Landschaft und kontrastiert mit dem hellen, fast leuchtenden Wei\u00df der Elefanten.<\/p>\n<p>Die Elefanten auf dem Gem\u00e4lde wurden auch als Symbol des Unterbewusstseins interpretiert, da ihre ausgestreckten Beine die Verbindung zwischen Bewusstsein und Unterbewusstsein darstellen. Dal\u00eds Verwendung von Elefanten, die normalerweise mit Erinnerung und Macht in Verbindung gebracht werden, verleiht dem Gem\u00e4lde auch eine tiefere Bedeutung.<\/p>\n<p>\u201eElefanten\u201c gilt als eines der bedeutendsten Werke Dal\u00eds aus den 1940er Jahren und ist ein hervorragendes Beispiel f\u00fcr seinen surrealistischen Stil. Das Gem\u00e4lde wurde auf zahlreichen Ausstellungen pr\u00e4sentiert und befindet sich in der Sammlung des Museum of Modern Art in New York.<\/p>\n<p>Zusammenfassend l\u00e4sst sich sagen, dass Salvador Dalis Elefanten ein kraftvolles und atemberaubendes Gem\u00e4lde sind, das den einzigartigen Stil und die F\u00e4higkeit des K\u00fcnstlers zeigt, tiefe Bedeutungen durch surreale Bilder auszudr\u00fccken. Das Gem\u00e4lde ist immer noch ein beliebtes und gesch\u00e4tztes Kunstwerk und ein Muss f\u00fcr jeden Fan des Surrealismus oder Dal\u00eds Werk.<\/p>\n<\/div>","protected":false},"excerpt":{"rendered":"<p>[vc_row css=&#8221;.vc_custom_1722501964272{margin-bottom: 10px !important;}&#8221;][vc_column][\/vc_column][\/vc_row][vc_row css=&#8221;.vc_custom_1722501964272{margin-bottom: 10px !important;}&#8221;][vc_column][\/vc_column][\/vc_row][vc_row css=&#8221;.vc_custom_1722501964272{margin-bottom: 10px !important;}&#8221;][vc_column][\/vc_column][\/vc_row][vc_row css=&#8221;.vc_custom_1722501964272{margin-bottom: 10px !important;}&#8221;][vc_column][\/vc_column][\/vc_row][vc_row][vc_column][vc_column_text] Salvador Dali \u2013 Die Elefanten Erstellungsjahr: 1948 Originalgr\u00f6\u00dfe: Lackstil: Surrealismus Originaltechnik: \u00d6l auf Leinwand Standort: Dali Museum Spanien Salvador Dalis Elefanten ist ein surrealistisches Gem\u00e4lde aus dem Jahr 1948. Das Gem\u00e4lde zeigt drei langbeinige Elefanten, die durch [&hellip;]<\/p>\n","protected":false},"featured_media":64171,"template":"","meta":{"_acf_changed":false},"product_brand":[],"product_cat":[8452],"product_tag":[8482,8521,8513,8514,8519],"class_list":{"0":"post-72192","1":"product","2":"type-product","3":"status-publish","4":"has-post-thumbnail","6":"product_cat-salvador-dali-de","7":"product_tag-dali-de","8":"product_tag-maler","9":"product_tag-reproduktion","10":"product_tag-reproduktionen","11":"product_tag-salvador-dali-de","12":"pa_dimenzija-100-x-80-cm","13":"pa_dimenzija-120-x-100-cm","14":"pa_dimenzija-160-x-130-cm","15":"pa_dimenzija-50-x-40-cm","16":"pa_dimenzija-60-x-50-cm","17":"pa_dimenzija-70-x-50-cm","18":"pa_dimenzija-70-x-60-cm","19":"pa_dimenzija-80-x-65-cm","20":"pa_oblika-horizontal-de","21":"pa_okvir-ohne-rahmen","22":"pa_podokvir-ja","23":"pa_podokvir-nein","25":"first","26":"onbackorder","27":"purchasable","28":"product-type-variable","29":"has-default-attributes"},"acf":[],"yoast_head":"<!-- This site is optimized with the Yoast SEO Premium plugin v26.0 (Yoast SEO v27.2) - https:\/\/yoast.com\/product\/yoast-seo-premium-wordpress\/ -->\n<title>Salvador Dali - The Elephants - SVETSLIK.SI - 100% handgemalt<\/title>\n<meta name=\"description\" content=\"Salvador Dali - The Elephants - 100% handgemalte Gem\u00e4lde - Verkauf von Reproduktionen ber\u00fchmter Gem\u00e4lde und abstrakter Kunst - Wandbilder f\u00fcr das Wohnzimmer\" \/>\n<meta name=\"robots\" content=\"index, follow, max-snippet:-1, max-image-preview:large, max-video-preview:-1\" \/>\n<link rel=\"canonical\" href=\"https:\/\/svetslik.si\/de\/salvador-dali-de\/the-elephants\/\" \/>\n<meta property=\"og:locale\" content=\"de_DE\" \/>\n<meta property=\"og:type\" content=\"article\" \/>\n<meta property=\"og:title\" content=\"Salvador Dali - The Elephants\" \/>\n<meta property=\"og:description\" content=\"100% ro\u010dno naslikane slike na platnu, reprodukcije znanih slikarjev in umetni\u0161ke slike po naro\u010dilu.\" \/>\n<meta property=\"og:url\" content=\"https:\/\/svetslik.si\/de\/salvador-dali-de\/the-elephants\/\" \/>\n<meta property=\"og:site_name\" content=\"SVETSLIK.SI\" \/>\n<meta property=\"article:publisher\" content=\"https:\/\/www.facebook.com\/svetslik.si\" \/>\n<meta property=\"article:modified_time\" content=\"2026-03-22T13:41:50+00:00\" \/>\n<meta property=\"og:image\" content=\"https:\/\/svetslik.si\/wp-content\/uploads\/2021\/08\/image_The-Elephants_680.jpg\" \/>\n\t<meta property=\"og:image:width\" content=\"1920\" \/>\n\t<meta property=\"og:image:height\" content=\"1603\" \/>\n\t<meta property=\"og:image:type\" content=\"image\/jpeg\" \/>\n<meta name=\"twitter:card\" content=\"summary_large_image\" \/>\n<meta name=\"twitter:site\" content=\"@svetslik\" \/>\n<meta name=\"twitter:label1\" content=\"Verf\u00fcgbarkeit\" \/>\n\t<meta name=\"twitter:data1\" content=\"bei Nachbestellung\" \/>\n<script type=\"application\/ld+json\" class=\"yoast-schema-graph\">{\"@context\":\"https:\/\/schema.org\",\"@graph\":[{\"@type\":[\"WebPage\",\"ItemPage\"],\"@id\":\"https:\/\/svetslik.si\/de\/salvador-dali-de\/the-elephants\/\",\"url\":\"https:\/\/svetslik.si\/de\/salvador-dali-de\/the-elephants\/\",\"name\":\"Salvador Dali - The Elephants - SVETSLIK.SI - 100% handgemalt\",\"isPartOf\":{\"@id\":\"https:\/\/svetslik.si\/de\/#website\"},\"primaryImageOfPage\":{\"@id\":\"https:\/\/svetslik.si\/de\/salvador-dali-de\/the-elephants\/#primaryimage\"},\"image\":{\"@id\":\"https:\/\/svetslik.si\/de\/salvador-dali-de\/the-elephants\/#primaryimage\"},\"thumbnailUrl\":\"https:\/\/svetslik.si\/wp-content\/uploads\/2021\/08\/image_The-Elephants_680.jpg\",\"datePublished\":\"2021-09-02T17:13:35+00:00\",\"dateModified\":\"2026-03-22T13:41:50+00:00\",\"description\":\"Salvador Dali - The Elephants - 100% handgemalte Gem\u00e4lde - Verkauf von Reproduktionen ber\u00fchmter Gem\u00e4lde und abstrakter Kunst - Wandbilder f\u00fcr das Wohnzimmer\",\"breadcrumb\":{\"@id\":\"https:\/\/svetslik.si\/de\/salvador-dali-de\/the-elephants\/#breadcrumb\"},\"inLanguage\":\"de\",\"potentialAction\":[{\"@type\":\"ReadAction\",\"target\":[\"https:\/\/svetslik.si\/de\/salvador-dali-de\/the-elephants\/\"]}]},{\"@type\":\"ImageObject\",\"inLanguage\":\"de\",\"@id\":\"https:\/\/svetslik.si\/de\/salvador-dali-de\/the-elephants\/#primaryimage\",\"url\":\"https:\/\/svetslik.si\/wp-content\/uploads\/2021\/08\/image_The-Elephants_680.jpg\",\"contentUrl\":\"https:\/\/svetslik.si\/wp-content\/uploads\/2021\/08\/image_The-Elephants_680.jpg\",\"width\":1920,\"height\":1603,\"caption\":\"Salvador Dali - The Elephants (Die Elefanten) Gem\u00e4lde, Leinwandbilder - 100% handgemalte, Reproduktionen ber\u00fchmter Gem\u00e4lde, Gem\u00e4lde kaufen, Wandbilder Wohnzimmer, ber\u00fchmtes Gem\u00e4lde, \u00d6lgem\u00e4lde, Bilderrahmen\"},{\"@type\":\"BreadcrumbList\",\"@id\":\"https:\/\/svetslik.si\/de\/salvador-dali-de\/the-elephants\/#breadcrumb\",\"itemListElement\":[{\"@type\":\"ListItem\",\"position\":1,\"name\":\"Wandkunst und Gem\u00e4lde auf Leinwand\",\"item\":\"https:\/\/svetslik.si\/de\/\"},{\"@type\":\"ListItem\",\"position\":2,\"name\":\"Verkauf von Gem\u00e4lden\",\"item\":\"https:\/\/svetslik.si\/prodaja-slik\/\"},{\"@type\":\"ListItem\",\"position\":3,\"name\":\"Salvador Dali &#8211; The Elephants\"}]},{\"@type\":\"WebSite\",\"@id\":\"https:\/\/svetslik.si\/de\/#website\",\"url\":\"https:\/\/svetslik.si\/de\/\",\"name\":\"SVETSLIK.SI\",\"description\":\"100% handgemalte Reproduktionen von Gem\u00e4lden ber\u00fchmter Maler und Gem\u00e4lde auf Leinwand.\",\"publisher\":{\"@id\":\"https:\/\/svetslik.si\/de\/#organization\"},\"potentialAction\":[{\"@type\":\"SearchAction\",\"target\":{\"@type\":\"EntryPoint\",\"urlTemplate\":\"https:\/\/svetslik.si\/de\/?s={search_term_string}\"},\"query-input\":{\"@type\":\"PropertyValueSpecification\",\"valueRequired\":true,\"valueName\":\"search_term_string\"}}],\"inLanguage\":\"de\"},{\"@type\":\"Organization\",\"@id\":\"https:\/\/svetslik.si\/de\/#organization\",\"name\":\"SvetSlik.si\",\"url\":\"https:\/\/svetslik.si\/de\/\",\"logo\":{\"@type\":\"ImageObject\",\"inLanguage\":\"de\",\"@id\":\"https:\/\/svetslik.si\/de\/#\/schema\/logo\/image\/\",\"url\":\"https:\/\/svetslik.si\/wp-content\/uploads\/2020\/12\/logo-512.png\",\"contentUrl\":\"https:\/\/svetslik.si\/wp-content\/uploads\/2020\/12\/logo-512.png\",\"width\":512,\"height\":512,\"caption\":\"SvetSlik.si\"},\"image\":{\"@id\":\"https:\/\/svetslik.si\/de\/#\/schema\/logo\/image\/\"},\"sameAs\":[\"https:\/\/www.facebook.com\/svetslik.si\",\"https:\/\/x.com\/svetslik\",\"https:\/\/www.instagram.com\/svetslik.si\/\",\"https:\/\/www.linkedin.com\/company\/svetslik-si\"]}]}<\/script>\n<meta property=\"og:availability\" content=\"backorder\" \/>\n<meta property=\"product:availability\" content=\"available for order\" \/>\n<meta property=\"product:retailer_item_id\" content=\"1030__\" \/>\n<meta property=\"product:condition\" content=\"new\" \/>\n<!-- \/ Yoast SEO Premium plugin. -->","yoast_head_json":{"title":"Salvador Dali - The Elephants - SVETSLIK.SI - 100% handgemalt","description":"Salvador Dali - The Elephants - 100% handgemalte Gem\u00e4lde - Verkauf von Reproduktionen ber\u00fchmter Gem\u00e4lde und abstrakter Kunst - Wandbilder f\u00fcr das Wohnzimmer","robots":{"index":"index","follow":"follow","max-snippet":"max-snippet:-1","max-image-preview":"max-image-preview:large","max-video-preview":"max-video-preview:-1"},"canonical":"https:\/\/svetslik.si\/de\/salvador-dali-de\/the-elephants\/","og_locale":"de_DE","og_type":"article","og_title":"Salvador Dali - The Elephants","og_description":"100% ro\u010dno naslikane slike na platnu, reprodukcije znanih slikarjev in umetni\u0161ke slike po naro\u010dilu.","og_url":"https:\/\/svetslik.si\/de\/salvador-dali-de\/the-elephants\/","og_site_name":"SVETSLIK.SI","article_publisher":"https:\/\/www.facebook.com\/svetslik.si","article_modified_time":"2026-03-22T13:41:50+00:00","og_image":[{"width":1920,"height":1603,"url":"https:\/\/svetslik.si\/wp-content\/uploads\/2021\/08\/image_The-Elephants_680.jpg","type":"image\/jpeg"}],"twitter_card":"summary_large_image","twitter_site":"@svetslik","twitter_misc":{"Verf\u00fcgbarkeit":"bei Nachbestellung"},"schema":{"@context":"https:\/\/schema.org","@graph":[{"@type":["WebPage","ItemPage"],"@id":"https:\/\/svetslik.si\/de\/salvador-dali-de\/the-elephants\/","url":"https:\/\/svetslik.si\/de\/salvador-dali-de\/the-elephants\/","name":"Salvador Dali - The Elephants - SVETSLIK.SI - 100% handgemalt","isPartOf":{"@id":"https:\/\/svetslik.si\/de\/#website"},"primaryImageOfPage":{"@id":"https:\/\/svetslik.si\/de\/salvador-dali-de\/the-elephants\/#primaryimage"},"image":{"@id":"https:\/\/svetslik.si\/de\/salvador-dali-de\/the-elephants\/#primaryimage"},"thumbnailUrl":"https:\/\/svetslik.si\/wp-content\/uploads\/2021\/08\/image_The-Elephants_680.jpg","datePublished":"2021-09-02T17:13:35+00:00","dateModified":"2026-03-22T13:41:50+00:00","description":"Salvador Dali - The Elephants - 100% handgemalte Gem\u00e4lde - Verkauf von Reproduktionen ber\u00fchmter Gem\u00e4lde und abstrakter Kunst - Wandbilder f\u00fcr das Wohnzimmer","breadcrumb":{"@id":"https:\/\/svetslik.si\/de\/salvador-dali-de\/the-elephants\/#breadcrumb"},"inLanguage":"de","potentialAction":[{"@type":"ReadAction","target":["https:\/\/svetslik.si\/de\/salvador-dali-de\/the-elephants\/"]}]},{"@type":"ImageObject","inLanguage":"de","@id":"https:\/\/svetslik.si\/de\/salvador-dali-de\/the-elephants\/#primaryimage","url":"https:\/\/svetslik.si\/wp-content\/uploads\/2021\/08\/image_The-Elephants_680.jpg","contentUrl":"https:\/\/svetslik.si\/wp-content\/uploads\/2021\/08\/image_The-Elephants_680.jpg","width":1920,"height":1603,"caption":"Salvador Dali - The Elephants (Die Elefanten) Gem\u00e4lde, Leinwandbilder - 100% handgemalte, Reproduktionen ber\u00fchmter Gem\u00e4lde, Gem\u00e4lde kaufen, Wandbilder Wohnzimmer, ber\u00fchmtes Gem\u00e4lde, \u00d6lgem\u00e4lde, Bilderrahmen"},{"@type":"BreadcrumbList","@id":"https:\/\/svetslik.si\/de\/salvador-dali-de\/the-elephants\/#breadcrumb","itemListElement":[{"@type":"ListItem","position":1,"name":"Wandkunst und Gem\u00e4lde auf Leinwand","item":"https:\/\/svetslik.si\/de\/"},{"@type":"ListItem","position":2,"name":"Verkauf von Gem\u00e4lden","item":"https:\/\/svetslik.si\/prodaja-slik\/"},{"@type":"ListItem","position":3,"name":"Salvador Dali &#8211; The Elephants"}]},{"@type":"WebSite","@id":"https:\/\/svetslik.si\/de\/#website","url":"https:\/\/svetslik.si\/de\/","name":"SVETSLIK.SI","description":"100% handgemalte Reproduktionen von Gem\u00e4lden ber\u00fchmter Maler und Gem\u00e4lde auf Leinwand.","publisher":{"@id":"https:\/\/svetslik.si\/de\/#organization"},"potentialAction":[{"@type":"SearchAction","target":{"@type":"EntryPoint","urlTemplate":"https:\/\/svetslik.si\/de\/?s={search_term_string}"},"query-input":{"@type":"PropertyValueSpecification","valueRequired":true,"valueName":"search_term_string"}}],"inLanguage":"de"},{"@type":"Organization","@id":"https:\/\/svetslik.si\/de\/#organization","name":"SvetSlik.si","url":"https:\/\/svetslik.si\/de\/","logo":{"@type":"ImageObject","inLanguage":"de","@id":"https:\/\/svetslik.si\/de\/#\/schema\/logo\/image\/","url":"https:\/\/svetslik.si\/wp-content\/uploads\/2020\/12\/logo-512.png","contentUrl":"https:\/\/svetslik.si\/wp-content\/uploads\/2020\/12\/logo-512.png","width":512,"height":512,"caption":"SvetSlik.si"},"image":{"@id":"https:\/\/svetslik.si\/de\/#\/schema\/logo\/image\/"},"sameAs":["https:\/\/www.facebook.com\/svetslik.si","https:\/\/x.com\/svetslik","https:\/\/www.instagram.com\/svetslik.si\/","https:\/\/www.linkedin.com\/company\/svetslik-si"]}]},"og_availability":"backorder","product_availability":"available for order","product_retailer_item_id":"1030__","product_condition":"new"},"jetpack_sharing_enabled":true,"_links":{"self":[{"href":"https:\/\/svetslik.si\/de\/wp-json\/wp\/v2\/product\/72192","targetHints":{"allow":["GET"]}}],"collection":[{"href":"https:\/\/svetslik.si\/de\/wp-json\/wp\/v2\/product"}],"about":[{"href":"https:\/\/svetslik.si\/de\/wp-json\/wp\/v2\/types\/product"}],"wp:featuredmedia":[{"embeddable":true,"href":"https:\/\/svetslik.si\/de\/wp-json\/wp\/v2\/media\/64171"}],"wp:attachment":[{"href":"https:\/\/svetslik.si\/de\/wp-json\/wp\/v2\/media?parent=72192"}],"wp:term":[{"taxonomy":"product_brand","embeddable":true,"href":"https:\/\/svetslik.si\/de\/wp-json\/wp\/v2\/product_brand?post=72192"},{"taxonomy":"product_cat","embeddable":true,"href":"https:\/\/svetslik.si\/de\/wp-json\/wp\/v2\/product_cat?post=72192"},{"taxonomy":"product_tag","embeddable":true,"href":"https:\/\/svetslik.si\/de\/wp-json\/wp\/v2\/product_tag?post=72192"}],"curies":[{"name":"wp","href":"https:\/\/api.w.org\/{rel}","templated":true}]}}