{"id":72326,"date":"2021-09-02T19:17:14","date_gmt":"2021-09-02T17:17:14","guid":{"rendered":"https:\/\/svetslik.si\/unkategorisiert\/originali-enodelna-moderna-slika\/"},"modified":"2026-03-22T14:44:17","modified_gmt":"2026-03-22T13:44:17","slug":"wandbilder-gemalde-originale","status":"publish","type":"product","link":"https:\/\/svetslik.si\/de\/leinwandbilder-einteilige\/wandbilder-gemalde-originale\/","title":{"rendered":"Wandbilder &#8211; Gem\u00e4lde &#8211; Originale"},"content":{"rendered":"<div class=\"wpb-content-wrapper\">[vc_row css=&#8221;.vc_custom_1735994797320{margin-bottom: 10px !important;}&#8221;][vc_column]\t<div class=\"et-image-776 et-image  full   et_image_link\">\n\t\t<div class=\"et-image-inner \">\n\t\t\t\t\t\t\t<a  class=\"mfp-image et-lightbox\" data-mfp-type=\"image\" data-mfp-src=\"https:\/\/svetslik.si\/wp-content\/uploads\/2021\/09\/Stenske-slike-\u2013-Originali-5.jpg\"  title=\"Wandbilder &#8211; Gem\u00e4lde &#8211; Originale\">\n\t\t\t\t\t\t\t<div class=\"et-image-thumb \">\n\t\t\t\t\t<img decoding=\"async\" width=\"1000\" height=\"624\" src=\"https:\/\/svetslik.si\/wp-content\/uploads\/2021\/09\/Stenske-slike-\u2013-Originali-5.jpg\" class=\"attachment-full\" alt=\"Wandbilder - Gem\u00e4lde - Originale\" title=\"Wandbilder - Gem\u00e4lde - Originale\" srcset=\"https:\/\/svetslik.si\/wp-content\/uploads\/2021\/09\/Stenske-slike-\u2013-Originali-5.jpg 1000w, https:\/\/svetslik.si\/wp-content\/uploads\/2021\/09\/Stenske-slike-\u2013-Originali-5-600x374.jpg 600w, https:\/\/svetslik.si\/wp-content\/uploads\/2021\/09\/Stenske-slike-\u2013-Originali-5-300x187.jpg 300w, https:\/\/svetslik.si\/wp-content\/uploads\/2021\/09\/Stenske-slike-\u2013-Originali-5-768x479.jpg 768w, https:\/\/svetslik.si\/wp-content\/uploads\/2021\/09\/Stenske-slike-\u2013-Originali-5-150x94.jpg 150w, https:\/\/svetslik.si\/wp-content\/uploads\/2021\/09\/Stenske-slike-\u2013-Originali-5-900x562.jpg 900w\" sizes=\"(max-width: 1000px) 100vw, 1000px\" \/>\t\t\t\t<\/div>\n\t\t\t\t\t\t\t<\/a>\n\t\t\t\t\t\t\t\t\t\t\t<\/div>\n\t<\/div>\n  [\/vc_column][\/vc_row][vc_row css=&#8221;.vc_custom_1735994797320{margin-bottom: 10px !important;}&#8221;][vc_column]\t<div class=\"et-image-13 et-image  full   et_image_link\">\n\t\t<div class=\"et-image-inner \">\n\t\t\t\t\t\t\t<a  class=\"mfp-image et-lightbox\" data-mfp-type=\"image\" data-mfp-src=\"https:\/\/svetslik.si\/wp-content\/uploads\/2021\/09\/Stenske-slike-\u2013-Originali-3.jpg\"  title=\"Wandbilder &#8211; Gem\u00e4lde &#8211; Originale\">\n\t\t\t\t\t\t\t<div class=\"et-image-thumb \">\n\t\t\t\t\t<img decoding=\"async\" width=\"1000\" height=\"887\" src=\"https:\/\/svetslik.si\/wp-content\/uploads\/2021\/09\/Stenske-slike-\u2013-Originali-3.jpg\" class=\"attachment-full\" alt=\"Wandbilder - Gem\u00e4lde - Originale\" title=\"Wandbilder - Gem\u00e4lde - Originale\" srcset=\"https:\/\/svetslik.si\/wp-content\/uploads\/2021\/09\/Stenske-slike-\u2013-Originali-3.jpg 1000w, https:\/\/svetslik.si\/wp-content\/uploads\/2021\/09\/Stenske-slike-\u2013-Originali-3-600x532.jpg 600w, https:\/\/svetslik.si\/wp-content\/uploads\/2021\/09\/Stenske-slike-\u2013-Originali-3-300x266.jpg 300w, https:\/\/svetslik.si\/wp-content\/uploads\/2021\/09\/Stenske-slike-\u2013-Originali-3-768x681.jpg 768w, https:\/\/svetslik.si\/wp-content\/uploads\/2021\/09\/Stenske-slike-\u2013-Originali-3-150x133.jpg 150w, https:\/\/svetslik.si\/wp-content\/uploads\/2021\/09\/Stenske-slike-\u2013-Originali-3-900x798.jpg 900w\" sizes=\"(max-width: 1000px) 100vw, 1000px\" \/>\t\t\t\t<\/div>\n\t\t\t\t\t\t\t<\/a>\n\t\t\t\t\t\t\t\t\t\t\t<\/div>\n\t<\/div>\n  [\/vc_column][\/vc_row][vc_row css=&#8221;.vc_custom_1735994797320{margin-bottom: 10px !important;}&#8221;][vc_column]\t<div class=\"et-image-873 et-image  full   et_image_link\">\n\t\t<div class=\"et-image-inner \">\n\t\t\t\t\t\t\t<a  class=\"mfp-image et-lightbox\" data-mfp-type=\"image\" data-mfp-src=\"https:\/\/svetslik.si\/wp-content\/uploads\/2021\/09\/Stenske-slike-\u2013-Originali-2.jpg\"  title=\"Wandbilder &#8211; Gem\u00e4lde &#8211; Originale\">\n\t\t\t\t\t\t\t<div class=\"et-image-thumb \">\n\t\t\t\t\t<img decoding=\"async\" width=\"1000\" height=\"806\" src=\"https:\/\/svetslik.si\/wp-content\/uploads\/2021\/09\/Stenske-slike-\u2013-Originali-2.jpg\" class=\"attachment-full\" alt=\"Wandbilder - Gem\u00e4lde - Originale\" title=\"Wandbilder - Gem\u00e4lde - Originale\" srcset=\"https:\/\/svetslik.si\/wp-content\/uploads\/2021\/09\/Stenske-slike-\u2013-Originali-2.jpg 1000w, https:\/\/svetslik.si\/wp-content\/uploads\/2021\/09\/Stenske-slike-\u2013-Originali-2-600x484.jpg 600w, https:\/\/svetslik.si\/wp-content\/uploads\/2021\/09\/Stenske-slike-\u2013-Originali-2-300x242.jpg 300w, https:\/\/svetslik.si\/wp-content\/uploads\/2021\/09\/Stenske-slike-\u2013-Originali-2-768x619.jpg 768w, https:\/\/svetslik.si\/wp-content\/uploads\/2021\/09\/Stenske-slike-\u2013-Originali-2-150x121.jpg 150w, https:\/\/svetslik.si\/wp-content\/uploads\/2021\/09\/Stenske-slike-\u2013-Originali-2-900x725.jpg 900w\" sizes=\"(max-width: 1000px) 100vw, 1000px\" \/>\t\t\t\t<\/div>\n\t\t\t\t\t\t\t<\/a>\n\t\t\t\t\t\t\t\t\t\t\t<\/div>\n\t<\/div>\n  [\/vc_column][\/vc_row][vc_row css=&#8221;.vc_custom_1735994797320{margin-bottom: 10px !important;}&#8221;][vc_column]\t<div class=\"et-image-477 et-image  full   et_image_link\">\n\t\t<div class=\"et-image-inner \">\n\t\t\t\t\t\t\t<a  class=\"mfp-image et-lightbox\" data-mfp-type=\"image\" data-mfp-src=\"https:\/\/svetslik.si\/wp-content\/uploads\/2021\/09\/Stenske-slike-\u2013-Originali-1.jpg\"  title=\"Wandbilder &#8211; Gem\u00e4lde &#8211; Originale\">\n\t\t\t\t\t\t\t<div class=\"et-image-thumb \">\n\t\t\t\t\t<img decoding=\"async\" width=\"1000\" height=\"678\" src=\"https:\/\/svetslik.si\/wp-content\/uploads\/2021\/09\/Stenske-slike-\u2013-Originali-1.jpg\" class=\"attachment-full\" alt=\"Wandbilder - Gem\u00e4lde - Originale\" title=\"Wandbilder - Gem\u00e4lde - Originale\" srcset=\"https:\/\/svetslik.si\/wp-content\/uploads\/2021\/09\/Stenske-slike-\u2013-Originali-1.jpg 1000w, https:\/\/svetslik.si\/wp-content\/uploads\/2021\/09\/Stenske-slike-\u2013-Originali-1-600x407.jpg 600w, https:\/\/svetslik.si\/wp-content\/uploads\/2021\/09\/Stenske-slike-\u2013-Originali-1-300x203.jpg 300w, https:\/\/svetslik.si\/wp-content\/uploads\/2021\/09\/Stenske-slike-\u2013-Originali-1-768x521.jpg 768w, https:\/\/svetslik.si\/wp-content\/uploads\/2021\/09\/Stenske-slike-\u2013-Originali-1-150x102.jpg 150w, https:\/\/svetslik.si\/wp-content\/uploads\/2021\/09\/Stenske-slike-\u2013-Originali-1-900x610.jpg 900w\" sizes=\"(max-width: 1000px) 100vw, 1000px\" \/>\t\t\t\t<\/div>\n\t\t\t\t\t\t\t<\/a>\n\t\t\t\t\t\t\t\t\t\t\t<\/div>\n\t<\/div>\n  [\/vc_column][\/vc_row][vc_row css=&#8221;.vc_custom_1735994797320{margin-bottom: 10px !important;}&#8221;][vc_column]\t<div class=\"et-image-234 et-image  full   et_image_link\">\n\t\t<div class=\"et-image-inner \">\n\t\t\t\t\t\t\t<a  class=\"mfp-image et-lightbox\" data-mfp-type=\"image\" data-mfp-src=\"https:\/\/svetslik.si\/wp-content\/uploads\/2021\/09\/Stenske-slike-\u2013-Originali-6.jpg\"  title=\"Wandbilder &#8211; Gem\u00e4lde &#8211; Originale\">\n\t\t\t\t\t\t\t<div class=\"et-image-thumb \">\n\t\t\t\t\t<img decoding=\"async\" width=\"1000\" height=\"750\" src=\"https:\/\/svetslik.si\/wp-content\/uploads\/2021\/09\/Stenske-slike-\u2013-Originali-6.jpg\" class=\"attachment-full\" alt=\"Wandbilder - Gem\u00e4lde - Originale\" title=\"Wandbilder - Gem\u00e4lde - Originale\" srcset=\"https:\/\/svetslik.si\/wp-content\/uploads\/2021\/09\/Stenske-slike-\u2013-Originali-6.jpg 1000w, https:\/\/svetslik.si\/wp-content\/uploads\/2021\/09\/Stenske-slike-\u2013-Originali-6-600x450.jpg 600w, https:\/\/svetslik.si\/wp-content\/uploads\/2021\/09\/Stenske-slike-\u2013-Originali-6-300x225.jpg 300w, https:\/\/svetslik.si\/wp-content\/uploads\/2021\/09\/Stenske-slike-\u2013-Originali-6-768x576.jpg 768w, https:\/\/svetslik.si\/wp-content\/uploads\/2021\/09\/Stenske-slike-\u2013-Originali-6-150x113.jpg 150w, https:\/\/svetslik.si\/wp-content\/uploads\/2021\/09\/Stenske-slike-\u2013-Originali-6-900x675.jpg 900w\" sizes=\"(max-width: 1000px) 100vw, 1000px\" \/>\t\t\t\t<\/div>\n\t\t\t\t\t\t\t<\/a>\n\t\t\t\t\t\t\t\t\t\t\t<\/div>\n\t<\/div>\n  [\/vc_column][\/vc_row]\n<\/div>","protected":false},"excerpt":{"rendered":"<p>[vc_row css=&#8221;.vc_custom_1735994797320{margin-bottom: 10px !important;}&#8221;][vc_column][\/vc_column][\/vc_row][vc_row css=&#8221;.vc_custom_1735994797320{margin-bottom: 10px !important;}&#8221;][vc_column][\/vc_column][\/vc_row][vc_row css=&#8221;.vc_custom_1735994797320{margin-bottom: 10px !important;}&#8221;][vc_column][\/vc_column][\/vc_row][vc_row css=&#8221;.vc_custom_1735994797320{margin-bottom: 10px !important;}&#8221;][vc_column][\/vc_column][\/vc_row][vc_row css=&#8221;.vc_custom_1735994797320{margin-bottom: 10px !important;}&#8221;][vc_column][\/vc_column][\/vc_row]<\/p>\n","protected":false},"featured_media":63906,"template":"","meta":{"_acf_changed":false},"product_brand":[],"product_cat":[8471],"product_tag":[8477,8485,8522,8523,8524,8774,9135,8499,9133,8510,9134,8775],"class_list":{"0":"post-72326","1":"product","2":"type-product","3":"status-publish","4":"has-post-thumbnail","6":"product_cat-leinwandbilder-einteilige","7":"product_tag-abstrakte-gemaelde-de","8":"product_tag-dekorative-gemaelde","9":"product_tag-gemaelde-auf-leinwand","10":"product_tag-gemaelde-fuer-das-wohnzimmer","11":"product_tag-gemaelde-fuer-die-wand","12":"product_tag-gemalde-fur-wohnzimmer-3","13":"product_tag-kunst-gemalde","14":"product_tag-moderne-gemalde-de","15":"product_tag-online-galerie","16":"product_tag-verkauf-von-gemaelden","17":"product_tag-wanddekoration","18":"product_tag-wandgemalde-1","19":"pa_dimenzija-100-x-50-cm-de","20":"pa_dimenzija-120-x-60-cm-de","21":"pa_dimenzija-150-x-75-cm-de","22":"pa_dimenzija-180-x-90-cm-de","23":"pa_dimenzija-60-x-30-cm-de","24":"pa_dimenzija-80-x-40-cm-de","25":"pa_oblika-horizontal-de","26":"pa_okvir-ohne-rahmen","27":"pa_podokvir-ja","28":"pa_podokvir-nein","30":"first","31":"onbackorder","32":"purchasable","33":"product-type-variable","34":"has-default-attributes"},"acf":[],"yoast_head":"<!-- This site is optimized with the Yoast SEO Premium plugin v26.0 (Yoast SEO v27.2) - https:\/\/yoast.com\/product\/yoast-seo-premium-wordpress\/ -->\n<title>Wandbilder - Gem\u00e4lde - Originale - SVETSLIK.SI - 100% handgemalt<\/title>\n<meta name=\"description\" content=\"Wandbilder - Gem\u00e4lde - Originale - 100% handgemalte Leinwandbilder. Verkauf von abstrakter Kunst, modernen Gem\u00e4lden, Reproduktionen bekannter Maler, individuelle Anfertigung von Gem\u00e4lden und Bilderrahmung.\" \/>\n<meta name=\"robots\" content=\"index, follow, max-snippet:-1, max-image-preview:large, max-video-preview:-1\" \/>\n<link rel=\"canonical\" href=\"https:\/\/svetslik.si\/de\/leinwandbilder-einteilige\/wandbilder-gemalde-originale\/\" \/>\n<meta property=\"og:locale\" content=\"de_DE\" \/>\n<meta property=\"og:type\" content=\"article\" \/>\n<meta property=\"og:title\" content=\"Wandbilder - Gem\u00e4lde - Originale\" \/>\n<meta property=\"og:description\" content=\"100% ro\u010dno naslikane slike na platnu, reprodukcije znanih slikarjev in umetni\u0161ke slike po naro\u010dilu.\" \/>\n<meta property=\"og:url\" content=\"https:\/\/svetslik.si\/de\/leinwandbilder-einteilige\/wandbilder-gemalde-originale\/\" \/>\n<meta property=\"og:site_name\" content=\"SVETSLIK.SI\" \/>\n<meta property=\"article:publisher\" content=\"https:\/\/www.facebook.com\/svetslik.si\" \/>\n<meta property=\"article:modified_time\" content=\"2026-03-22T13:44:17+00:00\" \/>\n<meta property=\"og:image\" content=\"https:\/\/svetslik.si\/wp-content\/uploads\/2021\/08\/image_Originali-Enodelna-moderna-slika_680.jpg\" \/>\n\t<meta property=\"og:image:width\" content=\"680\" \/>\n\t<meta property=\"og:image:height\" content=\"353\" \/>\n\t<meta property=\"og:image:type\" content=\"image\/jpeg\" \/>\n<meta name=\"twitter:card\" content=\"summary_large_image\" \/>\n<meta name=\"twitter:site\" content=\"@svetslik\" \/>\n<meta name=\"twitter:label1\" content=\"Verf\u00fcgbarkeit\" \/>\n\t<meta name=\"twitter:data1\" content=\"bei Nachbestellung\" \/>\n<script type=\"application\/ld+json\" class=\"yoast-schema-graph\">{\"@context\":\"https:\/\/schema.org\",\"@graph\":[{\"@type\":[\"WebPage\",\"ItemPage\"],\"@id\":\"https:\/\/svetslik.si\/de\/leinwandbilder-einteilige\/wandbilder-gemalde-originale\/\",\"url\":\"https:\/\/svetslik.si\/de\/leinwandbilder-einteilige\/wandbilder-gemalde-originale\/\",\"name\":\"Wandbilder - Gem\u00e4lde - Originale - SVETSLIK.SI - 100% handgemalt\",\"isPartOf\":{\"@id\":\"https:\/\/svetslik.si\/de\/#website\"},\"primaryImageOfPage\":{\"@id\":\"https:\/\/svetslik.si\/de\/leinwandbilder-einteilige\/wandbilder-gemalde-originale\/#primaryimage\"},\"image\":{\"@id\":\"https:\/\/svetslik.si\/de\/leinwandbilder-einteilige\/wandbilder-gemalde-originale\/#primaryimage\"},\"thumbnailUrl\":\"https:\/\/svetslik.si\/wp-content\/uploads\/2021\/08\/image_Originali-Enodelna-moderna-slika_680.jpg\",\"datePublished\":\"2021-09-02T17:17:14+00:00\",\"dateModified\":\"2026-03-22T13:44:17+00:00\",\"description\":\"Wandbilder - Gem\u00e4lde - Originale - 100% handgemalte Leinwandbilder. Verkauf von abstrakter Kunst, modernen Gem\u00e4lden, Reproduktionen bekannter Maler, individuelle Anfertigung von Gem\u00e4lden und Bilderrahmung.\",\"breadcrumb\":{\"@id\":\"https:\/\/svetslik.si\/de\/leinwandbilder-einteilige\/wandbilder-gemalde-originale\/#breadcrumb\"},\"inLanguage\":\"de\",\"potentialAction\":[{\"@type\":\"ReadAction\",\"target\":[\"https:\/\/svetslik.si\/de\/leinwandbilder-einteilige\/wandbilder-gemalde-originale\/\"]}]},{\"@type\":\"ImageObject\",\"inLanguage\":\"de\",\"@id\":\"https:\/\/svetslik.si\/de\/leinwandbilder-einteilige\/wandbilder-gemalde-originale\/#primaryimage\",\"url\":\"https:\/\/svetslik.si\/wp-content\/uploads\/2021\/08\/image_Originali-Enodelna-moderna-slika_680.jpg\",\"contentUrl\":\"https:\/\/svetslik.si\/wp-content\/uploads\/2021\/08\/image_Originali-Enodelna-moderna-slika_680.jpg\",\"width\":680,\"height\":353,\"caption\":\"Originale One Piece \u2013 moderne, stimmungsvolle, abstrakte, dekorative Gem\u00e4lde auf Leinwand, Wandgem\u00e4lde\"},{\"@type\":\"BreadcrumbList\",\"@id\":\"https:\/\/svetslik.si\/de\/leinwandbilder-einteilige\/wandbilder-gemalde-originale\/#breadcrumb\",\"itemListElement\":[{\"@type\":\"ListItem\",\"position\":1,\"name\":\"Wandkunst und Gem\u00e4lde auf Leinwand\",\"item\":\"https:\/\/svetslik.si\/de\/\"},{\"@type\":\"ListItem\",\"position\":2,\"name\":\"Verkauf von Gem\u00e4lden\",\"item\":\"https:\/\/svetslik.si\/prodaja-slik\/\"},{\"@type\":\"ListItem\",\"position\":3,\"name\":\"Wandbilder &#8211; Gem\u00e4lde &#8211; Originale\"}]},{\"@type\":\"WebSite\",\"@id\":\"https:\/\/svetslik.si\/de\/#website\",\"url\":\"https:\/\/svetslik.si\/de\/\",\"name\":\"SVETSLIK.SI\",\"description\":\"100% handgemalte Reproduktionen von Gem\u00e4lden ber\u00fchmter Maler und Gem\u00e4lde auf Leinwand.\",\"publisher\":{\"@id\":\"https:\/\/svetslik.si\/de\/#organization\"},\"potentialAction\":[{\"@type\":\"SearchAction\",\"target\":{\"@type\":\"EntryPoint\",\"urlTemplate\":\"https:\/\/svetslik.si\/de\/?s={search_term_string}\"},\"query-input\":{\"@type\":\"PropertyValueSpecification\",\"valueRequired\":true,\"valueName\":\"search_term_string\"}}],\"inLanguage\":\"de\"},{\"@type\":\"Organization\",\"@id\":\"https:\/\/svetslik.si\/de\/#organization\",\"name\":\"SvetSlik.si\",\"url\":\"https:\/\/svetslik.si\/de\/\",\"logo\":{\"@type\":\"ImageObject\",\"inLanguage\":\"de\",\"@id\":\"https:\/\/svetslik.si\/de\/#\/schema\/logo\/image\/\",\"url\":\"https:\/\/svetslik.si\/wp-content\/uploads\/2020\/12\/logo-512.png\",\"contentUrl\":\"https:\/\/svetslik.si\/wp-content\/uploads\/2020\/12\/logo-512.png\",\"width\":512,\"height\":512,\"caption\":\"SvetSlik.si\"},\"image\":{\"@id\":\"https:\/\/svetslik.si\/de\/#\/schema\/logo\/image\/\"},\"sameAs\":[\"https:\/\/www.facebook.com\/svetslik.si\",\"https:\/\/x.com\/svetslik\",\"https:\/\/www.instagram.com\/svetslik.si\/\",\"https:\/\/www.linkedin.com\/company\/svetslik-si\"]}]}<\/script>\n<meta property=\"og:availability\" content=\"backorder\" \/>\n<meta property=\"product:availability\" content=\"available for order\" \/>\n<meta property=\"product:retailer_item_id\" content=\"1054__\" \/>\n<meta property=\"product:condition\" content=\"new\" \/>\n<!-- \/ Yoast SEO Premium plugin. -->","yoast_head_json":{"title":"Wandbilder - Gem\u00e4lde - Originale - SVETSLIK.SI - 100% handgemalt","description":"Wandbilder - Gem\u00e4lde - Originale - 100% handgemalte Leinwandbilder. Verkauf von abstrakter Kunst, modernen Gem\u00e4lden, Reproduktionen bekannter Maler, individuelle Anfertigung von Gem\u00e4lden und Bilderrahmung.","robots":{"index":"index","follow":"follow","max-snippet":"max-snippet:-1","max-image-preview":"max-image-preview:large","max-video-preview":"max-video-preview:-1"},"canonical":"https:\/\/svetslik.si\/de\/leinwandbilder-einteilige\/wandbilder-gemalde-originale\/","og_locale":"de_DE","og_type":"article","og_title":"Wandbilder - Gem\u00e4lde - Originale","og_description":"100% ro\u010dno naslikane slike na platnu, reprodukcije znanih slikarjev in umetni\u0161ke slike po naro\u010dilu.","og_url":"https:\/\/svetslik.si\/de\/leinwandbilder-einteilige\/wandbilder-gemalde-originale\/","og_site_name":"SVETSLIK.SI","article_publisher":"https:\/\/www.facebook.com\/svetslik.si","article_modified_time":"2026-03-22T13:44:17+00:00","og_image":[{"width":680,"height":353,"url":"https:\/\/svetslik.si\/wp-content\/uploads\/2021\/08\/image_Originali-Enodelna-moderna-slika_680.jpg","type":"image\/jpeg"}],"twitter_card":"summary_large_image","twitter_site":"@svetslik","twitter_misc":{"Verf\u00fcgbarkeit":"bei Nachbestellung"},"schema":{"@context":"https:\/\/schema.org","@graph":[{"@type":["WebPage","ItemPage"],"@id":"https:\/\/svetslik.si\/de\/leinwandbilder-einteilige\/wandbilder-gemalde-originale\/","url":"https:\/\/svetslik.si\/de\/leinwandbilder-einteilige\/wandbilder-gemalde-originale\/","name":"Wandbilder - Gem\u00e4lde - Originale - SVETSLIK.SI - 100% handgemalt","isPartOf":{"@id":"https:\/\/svetslik.si\/de\/#website"},"primaryImageOfPage":{"@id":"https:\/\/svetslik.si\/de\/leinwandbilder-einteilige\/wandbilder-gemalde-originale\/#primaryimage"},"image":{"@id":"https:\/\/svetslik.si\/de\/leinwandbilder-einteilige\/wandbilder-gemalde-originale\/#primaryimage"},"thumbnailUrl":"https:\/\/svetslik.si\/wp-content\/uploads\/2021\/08\/image_Originali-Enodelna-moderna-slika_680.jpg","datePublished":"2021-09-02T17:17:14+00:00","dateModified":"2026-03-22T13:44:17+00:00","description":"Wandbilder - Gem\u00e4lde - Originale - 100% handgemalte Leinwandbilder. Verkauf von abstrakter Kunst, modernen Gem\u00e4lden, Reproduktionen bekannter Maler, individuelle Anfertigung von Gem\u00e4lden und Bilderrahmung.","breadcrumb":{"@id":"https:\/\/svetslik.si\/de\/leinwandbilder-einteilige\/wandbilder-gemalde-originale\/#breadcrumb"},"inLanguage":"de","potentialAction":[{"@type":"ReadAction","target":["https:\/\/svetslik.si\/de\/leinwandbilder-einteilige\/wandbilder-gemalde-originale\/"]}]},{"@type":"ImageObject","inLanguage":"de","@id":"https:\/\/svetslik.si\/de\/leinwandbilder-einteilige\/wandbilder-gemalde-originale\/#primaryimage","url":"https:\/\/svetslik.si\/wp-content\/uploads\/2021\/08\/image_Originali-Enodelna-moderna-slika_680.jpg","contentUrl":"https:\/\/svetslik.si\/wp-content\/uploads\/2021\/08\/image_Originali-Enodelna-moderna-slika_680.jpg","width":680,"height":353,"caption":"Originale One Piece \u2013 moderne, stimmungsvolle, abstrakte, dekorative Gem\u00e4lde auf Leinwand, Wandgem\u00e4lde"},{"@type":"BreadcrumbList","@id":"https:\/\/svetslik.si\/de\/leinwandbilder-einteilige\/wandbilder-gemalde-originale\/#breadcrumb","itemListElement":[{"@type":"ListItem","position":1,"name":"Wandkunst und Gem\u00e4lde auf Leinwand","item":"https:\/\/svetslik.si\/de\/"},{"@type":"ListItem","position":2,"name":"Verkauf von Gem\u00e4lden","item":"https:\/\/svetslik.si\/prodaja-slik\/"},{"@type":"ListItem","position":3,"name":"Wandbilder &#8211; Gem\u00e4lde &#8211; Originale"}]},{"@type":"WebSite","@id":"https:\/\/svetslik.si\/de\/#website","url":"https:\/\/svetslik.si\/de\/","name":"SVETSLIK.SI","description":"100% handgemalte Reproduktionen von Gem\u00e4lden ber\u00fchmter Maler und Gem\u00e4lde auf Leinwand.","publisher":{"@id":"https:\/\/svetslik.si\/de\/#organization"},"potentialAction":[{"@type":"SearchAction","target":{"@type":"EntryPoint","urlTemplate":"https:\/\/svetslik.si\/de\/?s={search_term_string}"},"query-input":{"@type":"PropertyValueSpecification","valueRequired":true,"valueName":"search_term_string"}}],"inLanguage":"de"},{"@type":"Organization","@id":"https:\/\/svetslik.si\/de\/#organization","name":"SvetSlik.si","url":"https:\/\/svetslik.si\/de\/","logo":{"@type":"ImageObject","inLanguage":"de","@id":"https:\/\/svetslik.si\/de\/#\/schema\/logo\/image\/","url":"https:\/\/svetslik.si\/wp-content\/uploads\/2020\/12\/logo-512.png","contentUrl":"https:\/\/svetslik.si\/wp-content\/uploads\/2020\/12\/logo-512.png","width":512,"height":512,"caption":"SvetSlik.si"},"image":{"@id":"https:\/\/svetslik.si\/de\/#\/schema\/logo\/image\/"},"sameAs":["https:\/\/www.facebook.com\/svetslik.si","https:\/\/x.com\/svetslik","https:\/\/www.instagram.com\/svetslik.si\/","https:\/\/www.linkedin.com\/company\/svetslik-si"]}]},"og_availability":"backorder","product_availability":"available for order","product_retailer_item_id":"1054__","product_condition":"new"},"jetpack_sharing_enabled":true,"_links":{"self":[{"href":"https:\/\/svetslik.si\/de\/wp-json\/wp\/v2\/product\/72326","targetHints":{"allow":["GET"]}}],"collection":[{"href":"https:\/\/svetslik.si\/de\/wp-json\/wp\/v2\/product"}],"about":[{"href":"https:\/\/svetslik.si\/de\/wp-json\/wp\/v2\/types\/product"}],"wp:featuredmedia":[{"embeddable":true,"href":"https:\/\/svetslik.si\/de\/wp-json\/wp\/v2\/media\/63906"}],"wp:attachment":[{"href":"https:\/\/svetslik.si\/de\/wp-json\/wp\/v2\/media?parent=72326"}],"wp:term":[{"taxonomy":"product_brand","embeddable":true,"href":"https:\/\/svetslik.si\/de\/wp-json\/wp\/v2\/product_brand?post=72326"},{"taxonomy":"product_cat","embeddable":true,"href":"https:\/\/svetslik.si\/de\/wp-json\/wp\/v2\/product_cat?post=72326"},{"taxonomy":"product_tag","embeddable":true,"href":"https:\/\/svetslik.si\/de\/wp-json\/wp\/v2\/product_tag?post=72326"}],"curies":[{"name":"wp","href":"https:\/\/api.w.org\/{rel}","templated":true}]}}