{"id":72355,"date":"2021-09-02T19:18:15","date_gmt":"2021-09-02T17:18:15","guid":{"rendered":"https:\/\/svetslik.si\/unkategorisiert\/druzina-moderna-vecdelna-slika\/"},"modified":"2026-03-22T14:44:17","modified_gmt":"2026-03-22T13:44:17","slug":"wandbilder-gemalde-familie","status":"publish","type":"product","link":"https:\/\/svetslik.si\/de\/leinwandbilder-mehrteilige\/wandbilder-gemalde-familie\/","title":{"rendered":"Wandbilder &#8211; Gem\u00e4lde &#8211; Familie"},"content":{"rendered":"<div class=\"wpb-content-wrapper\">[vc_row css=&#8221;.vc_custom_1641490317263{margin-bottom: 10px !important;}&#8221;][vc_column]\t<div class=\"et-image-432 et-image  full   et_image_link\">\n\t\t<div class=\"et-image-inner \">\n\t\t\t\t\t\t\t<a  class=\"mfp-image et-lightbox\" data-mfp-type=\"image\" data-mfp-src=\"https:\/\/svetslik.si\/wp-content\/uploads\/2021\/12\/vecdena-slika-na-platnu-3-scaled.jpg\"  title=\"Wandgem\u00e4lde\">\n\t\t\t\t\t\t\t<div class=\"et-image-thumb \">\n\t\t\t\t\t<img decoding=\"async\" width=\"1663\" height=\"2560\" src=\"https:\/\/svetslik.si\/wp-content\/uploads\/2021\/12\/vecdena-slika-na-platnu-3-scaled.jpg\" class=\"attachment-full\" alt=\"Wandgem\u00e4lde\" title=\"Wandgem\u00e4lde\" srcset=\"https:\/\/svetslik.si\/wp-content\/uploads\/2021\/12\/vecdena-slika-na-platnu-3-scaled.jpg 1663w, https:\/\/svetslik.si\/wp-content\/uploads\/2021\/12\/vecdena-slika-na-platnu-3-600x924.jpg 600w, https:\/\/svetslik.si\/wp-content\/uploads\/2021\/12\/vecdena-slika-na-platnu-3-scaled-1200x1847.jpg 1200w, https:\/\/svetslik.si\/wp-content\/uploads\/2021\/12\/vecdena-slika-na-platnu-3-195x300.jpg 195w, https:\/\/svetslik.si\/wp-content\/uploads\/2021\/12\/vecdena-slika-na-platnu-3-665x1024.jpg 665w, https:\/\/svetslik.si\/wp-content\/uploads\/2021\/12\/vecdena-slika-na-platnu-3-768x1182.jpg 768w, https:\/\/svetslik.si\/wp-content\/uploads\/2021\/12\/vecdena-slika-na-platnu-3-998x1536.jpg 998w, https:\/\/svetslik.si\/wp-content\/uploads\/2021\/12\/vecdena-slika-na-platnu-3-1330x2048.jpg 1330w, https:\/\/svetslik.si\/wp-content\/uploads\/2021\/12\/vecdena-slika-na-platnu-3-97x150.jpg 97w, https:\/\/svetslik.si\/wp-content\/uploads\/2021\/12\/vecdena-slika-na-platnu-3-1320x2032.jpg 1320w, https:\/\/svetslik.si\/wp-content\/uploads\/2021\/12\/vecdena-slika-na-platnu-3-900x1386.jpg 900w\" sizes=\"(max-width: 1663px) 100vw, 1663px\" \/>\t\t\t\t<\/div>\n\t\t\t\t\t\t\t<\/a>\n\t\t\t\t\t\t\t\t\t\t\t<\/div>\n\t<\/div>\n  [\/vc_column][\/vc_row][vc_row css=&#8221;.vc_custom_1641490317263{margin-bottom: 10px !important;}&#8221;][vc_column]\t<div class=\"et-image-258 et-image  full   et_image_link\">\n\t\t<div class=\"et-image-inner \">\n\t\t\t\t\t\t\t<a  class=\"mfp-image et-lightbox\" data-mfp-type=\"image\" data-mfp-src=\"https:\/\/svetslik.si\/wp-content\/uploads\/2021\/09\/Vecdelna-umetniska-stenska-slika-na-platnu-druzina-scaled.jpg\"  title=\"Mehrteiliges Leinwandbild &#8211; Familie &#8211; 100% handgemalte Leinwandbilder, Verkauf von abstrakter Kunst, modernen Gem\u00e4lden, Wandbilder Wohnzimmer, ber\u00fchmtes Gem\u00e4lde, \u00d6lgem\u00e4lde, Bilderrahmen\">\n\t\t\t\t\t\t\t<div class=\"et-image-thumb \">\n\t\t\t\t\t<img decoding=\"async\" width=\"2560\" height=\"1379\" src=\"https:\/\/svetslik.si\/wp-content\/uploads\/2021\/09\/Vecdelna-umetniska-stenska-slika-na-platnu-druzina-scaled.jpg\" class=\"attachment-full\" alt=\"Mehrteiliges Leinwandbild - Familie - 100% handgemalte Leinwandbilder, Verkauf von abstrakter Kunst, modernen Gem\u00e4lden, Wandbilder Wohnzimmer, ber\u00fchmtes Gem\u00e4lde, \u00d6lgem\u00e4lde, Bilderrahmen\" title=\"Mehrteiliges Leinwandbild - Familie - 100% handgemalte Leinwandbilder, Verkauf von abstrakter Kunst, modernen Gem\u00e4lden, Wandbilder Wohnzimmer, ber\u00fchmtes Gem\u00e4lde, \u00d6lgem\u00e4lde, Bilderrahmen\" srcset=\"https:\/\/svetslik.si\/wp-content\/uploads\/2021\/09\/Vecdelna-umetniska-stenska-slika-na-platnu-druzina-scaled.jpg 2560w, https:\/\/svetslik.si\/wp-content\/uploads\/2021\/09\/Vecdelna-umetniska-stenska-slika-na-platnu-druzina-600x323.jpg 600w, https:\/\/svetslik.si\/wp-content\/uploads\/2021\/09\/Vecdelna-umetniska-stenska-slika-na-platnu-druzina-scaled-1200x646.jpg 1200w, https:\/\/svetslik.si\/wp-content\/uploads\/2021\/09\/Vecdelna-umetniska-stenska-slika-na-platnu-druzina-300x162.jpg 300w, https:\/\/svetslik.si\/wp-content\/uploads\/2021\/09\/Vecdelna-umetniska-stenska-slika-na-platnu-druzina-1024x552.jpg 1024w, https:\/\/svetslik.si\/wp-content\/uploads\/2021\/09\/Vecdelna-umetniska-stenska-slika-na-platnu-druzina-768x414.jpg 768w, https:\/\/svetslik.si\/wp-content\/uploads\/2021\/09\/Vecdelna-umetniska-stenska-slika-na-platnu-druzina-1536x828.jpg 1536w, https:\/\/svetslik.si\/wp-content\/uploads\/2021\/09\/Vecdelna-umetniska-stenska-slika-na-platnu-druzina-2048x1103.jpg 2048w, https:\/\/svetslik.si\/wp-content\/uploads\/2021\/09\/Vecdelna-umetniska-stenska-slika-na-platnu-druzina-150x81.jpg 150w, https:\/\/svetslik.si\/wp-content\/uploads\/2021\/09\/Vecdelna-umetniska-stenska-slika-na-platnu-druzina-1320x711.jpg 1320w, https:\/\/svetslik.si\/wp-content\/uploads\/2021\/09\/Vecdelna-umetniska-stenska-slika-na-platnu-druzina-900x485.jpg 900w\" sizes=\"(max-width: 2560px) 100vw, 2560px\" \/>\t\t\t\t<\/div>\n\t\t\t\t\t\t\t<\/a>\n\t\t\t\t\t\t\t\t\t\t\t<\/div>\n\t<\/div>\n  [\/vc_column][\/vc_row][vc_row css=&#8221;.vc_custom_1641490317263{margin-bottom: 10px !important;}&#8221;][vc_column]\t<div class=\"et-image-496 et-image  full   et_image_link\">\n\t\t<div class=\"et-image-inner \">\n\t\t\t\t\t\t\t<a  class=\"mfp-image et-lightbox\" data-mfp-type=\"image\" data-mfp-src=\"https:\/\/svetslik.si\/wp-content\/uploads\/2021\/09\/20220106_110439-scaled.jpg\"  title=\"Mehrteiliges Leinwandbild &#8211; Familie &#8211; 100% handgemalte Leinwandbilder, Verkauf von abstrakter Kunst, modernen Gem\u00e4lden, Wandbilder Wohnzimmer, ber\u00fchmtes Gem\u00e4lde, \u00d6lgem\u00e4lde, Bilderrahmen\">\n\t\t\t\t\t\t\t<div class=\"et-image-thumb \">\n\t\t\t\t\t<img decoding=\"async\" width=\"2560\" height=\"1441\" src=\"https:\/\/svetslik.si\/wp-content\/uploads\/2021\/09\/20220106_110439-scaled.jpg\" class=\"attachment-full\" alt=\"Mehrteiliges Leinwandbild - Familie - 100% handgemalte Leinwandbilder, Verkauf von abstrakter Kunst, modernen Gem\u00e4lden, Wandbilder Wohnzimmer, ber\u00fchmtes Gem\u00e4lde, \u00d6lgem\u00e4lde, Bilderrahmen\" title=\"Mehrteiliges Leinwandbild - Familie - 100% handgemalte Leinwandbilder, Verkauf von abstrakter Kunst, modernen Gem\u00e4lden, Wandbilder Wohnzimmer, ber\u00fchmtes Gem\u00e4lde, \u00d6lgem\u00e4lde, Bilderrahmen\" srcset=\"https:\/\/svetslik.si\/wp-content\/uploads\/2021\/09\/20220106_110439-scaled.jpg 2560w, https:\/\/svetslik.si\/wp-content\/uploads\/2021\/09\/20220106_110439-600x338.jpg 600w, https:\/\/svetslik.si\/wp-content\/uploads\/2021\/09\/20220106_110439-scaled-1200x675.jpg 1200w, https:\/\/svetslik.si\/wp-content\/uploads\/2021\/09\/20220106_110439-300x169.jpg 300w, https:\/\/svetslik.si\/wp-content\/uploads\/2021\/09\/20220106_110439-1024x577.jpg 1024w, https:\/\/svetslik.si\/wp-content\/uploads\/2021\/09\/20220106_110439-768x432.jpg 768w, https:\/\/svetslik.si\/wp-content\/uploads\/2021\/09\/20220106_110439-1536x865.jpg 1536w, https:\/\/svetslik.si\/wp-content\/uploads\/2021\/09\/20220106_110439-2048x1153.jpg 2048w, https:\/\/svetslik.si\/wp-content\/uploads\/2021\/09\/20220106_110439-150x84.jpg 150w, https:\/\/svetslik.si\/wp-content\/uploads\/2021\/09\/20220106_110439-1320x743.jpg 1320w, https:\/\/svetslik.si\/wp-content\/uploads\/2021\/09\/20220106_110439-900x507.jpg 900w\" sizes=\"(max-width: 2560px) 100vw, 2560px\" \/>\t\t\t\t<\/div>\n\t\t\t\t\t\t\t<\/a>\n\t\t\t\t\t\t\t\t\t\t\t<\/div>\n\t<\/div>\n  [\/vc_column][\/vc_row][vc_row css=&#8221;.vc_custom_1641490317263{margin-bottom: 10px !important;}&#8221;][vc_column]\t<div class=\"et-image-190 et-image  full   et_image_link\">\n\t\t<div class=\"et-image-inner \">\n\t\t\t\t\t\t\t<a  class=\"mfp-image et-lightbox\" data-mfp-type=\"image\" data-mfp-src=\"https:\/\/svetslik.si\/wp-content\/uploads\/2021\/09\/20220106_110343-scaled.jpg\"  title=\"Mehrteiliges Leinwandbild &#8211; Familie &#8211; 100% handgemalte Leinwandbilder, Verkauf von abstrakter Kunst, modernen Gem\u00e4lden, Wandbilder Wohnzimmer, ber\u00fchmtes Gem\u00e4lde, \u00d6lgem\u00e4lde, Bilderrahmen\">\n\t\t\t\t\t\t\t<div class=\"et-image-thumb \">\n\t\t\t\t\t<img decoding=\"async\" width=\"2560\" height=\"1441\" src=\"https:\/\/svetslik.si\/wp-content\/uploads\/2021\/09\/20220106_110343-scaled.jpg\" class=\"attachment-full\" alt=\"Mehrteiliges Leinwandbild - Familie - 100% handgemalte Leinwandbilder, Verkauf von abstrakter Kunst, modernen Gem\u00e4lden, Wandbilder Wohnzimmer, ber\u00fchmtes Gem\u00e4lde, \u00d6lgem\u00e4lde, Bilderrahmen\" title=\"Mehrteiliges Leinwandbild - Familie - 100% handgemalte Leinwandbilder, Verkauf von abstrakter Kunst, modernen Gem\u00e4lden, Wandbilder Wohnzimmer, ber\u00fchmtes Gem\u00e4lde, \u00d6lgem\u00e4lde, Bilderrahmen\" srcset=\"https:\/\/svetslik.si\/wp-content\/uploads\/2021\/09\/20220106_110343-scaled.jpg 2560w, https:\/\/svetslik.si\/wp-content\/uploads\/2021\/09\/20220106_110343-600x338.jpg 600w, https:\/\/svetslik.si\/wp-content\/uploads\/2021\/09\/20220106_110343-scaled-1200x675.jpg 1200w, https:\/\/svetslik.si\/wp-content\/uploads\/2021\/09\/20220106_110343-300x169.jpg 300w, https:\/\/svetslik.si\/wp-content\/uploads\/2021\/09\/20220106_110343-1024x577.jpg 1024w, https:\/\/svetslik.si\/wp-content\/uploads\/2021\/09\/20220106_110343-768x432.jpg 768w, https:\/\/svetslik.si\/wp-content\/uploads\/2021\/09\/20220106_110343-1536x865.jpg 1536w, https:\/\/svetslik.si\/wp-content\/uploads\/2021\/09\/20220106_110343-2048x1153.jpg 2048w, https:\/\/svetslik.si\/wp-content\/uploads\/2021\/09\/20220106_110343-150x84.jpg 150w, https:\/\/svetslik.si\/wp-content\/uploads\/2021\/09\/20220106_110343-1320x743.jpg 1320w, https:\/\/svetslik.si\/wp-content\/uploads\/2021\/09\/20220106_110343-900x507.jpg 900w\" sizes=\"(max-width: 2560px) 100vw, 2560px\" \/>\t\t\t\t<\/div>\n\t\t\t\t\t\t\t<\/a>\n\t\t\t\t\t\t\t\t\t\t\t<\/div>\n\t<\/div>\n  [\/vc_column][\/vc_row][vc_row css=&#8221;.vc_custom_1641490317263{margin-bottom: 10px !important;}&#8221;][vc_column]\t<div class=\"et-image-433 et-image  full   et_image_link\">\n\t\t<div class=\"et-image-inner \">\n\t\t\t\t\t\t\t<a  class=\"mfp-image et-lightbox\" data-mfp-type=\"image\" data-mfp-src=\"https:\/\/svetslik.si\/wp-content\/uploads\/2021\/09\/20220106_110448-scaled.jpg\"  title=\"Mehrteiliges Leinwandbild &#8211; Familie &#8211; 100% handgemalte Leinwandbilder, Verkauf von abstrakter Kunst, modernen Gem\u00e4lden, Wandbilder Wohnzimmer, ber\u00fchmtes Gem\u00e4lde, \u00d6lgem\u00e4lde, Bilderrahmen\">\n\t\t\t\t\t\t\t<div class=\"et-image-thumb \">\n\t\t\t\t\t<img decoding=\"async\" width=\"2560\" height=\"1441\" src=\"https:\/\/svetslik.si\/wp-content\/uploads\/2021\/09\/20220106_110448-scaled.jpg\" class=\"attachment-full\" alt=\"Mehrteiliges Leinwandbild - Familie - 100% handgemalte Leinwandbilder, Verkauf von abstrakter Kunst, modernen Gem\u00e4lden, Wandbilder Wohnzimmer, ber\u00fchmtes Gem\u00e4lde, \u00d6lgem\u00e4lde, Bilderrahmen\" title=\"Mehrteiliges Leinwandbild - Familie - 100% handgemalte Leinwandbilder, Verkauf von abstrakter Kunst, modernen Gem\u00e4lden, Wandbilder Wohnzimmer, ber\u00fchmtes Gem\u00e4lde, \u00d6lgem\u00e4lde, Bilderrahmen\" srcset=\"https:\/\/svetslik.si\/wp-content\/uploads\/2021\/09\/20220106_110448-scaled.jpg 2560w, https:\/\/svetslik.si\/wp-content\/uploads\/2021\/09\/20220106_110448-600x338.jpg 600w, https:\/\/svetslik.si\/wp-content\/uploads\/2021\/09\/20220106_110448-scaled-1200x675.jpg 1200w, https:\/\/svetslik.si\/wp-content\/uploads\/2021\/09\/20220106_110448-300x169.jpg 300w, https:\/\/svetslik.si\/wp-content\/uploads\/2021\/09\/20220106_110448-1024x577.jpg 1024w, https:\/\/svetslik.si\/wp-content\/uploads\/2021\/09\/20220106_110448-768x432.jpg 768w, https:\/\/svetslik.si\/wp-content\/uploads\/2021\/09\/20220106_110448-1536x865.jpg 1536w, https:\/\/svetslik.si\/wp-content\/uploads\/2021\/09\/20220106_110448-2048x1153.jpg 2048w, https:\/\/svetslik.si\/wp-content\/uploads\/2021\/09\/20220106_110448-150x84.jpg 150w, https:\/\/svetslik.si\/wp-content\/uploads\/2021\/09\/20220106_110448-1320x743.jpg 1320w, https:\/\/svetslik.si\/wp-content\/uploads\/2021\/09\/20220106_110448-900x507.jpg 900w\" sizes=\"(max-width: 2560px) 100vw, 2560px\" \/>\t\t\t\t<\/div>\n\t\t\t\t\t\t\t<\/a>\n\t\t\t\t\t\t\t\t\t\t\t<\/div>\n\t<\/div>\n  [\/vc_column][\/vc_row][vc_row][vc_column][vc_column_text]\n<\/div>","protected":false},"excerpt":{"rendered":"<p>[vc_row css=&#8221;.vc_custom_1641490317263{margin-bottom: 10px !important;}&#8221;][vc_column][\/vc_column][\/vc_row][vc_row css=&#8221;.vc_custom_1641490317263{margin-bottom: 10px !important;}&#8221;][vc_column][\/vc_column][\/vc_row][vc_row css=&#8221;.vc_custom_1641490317263{margin-bottom: 10px !important;}&#8221;][vc_column][\/vc_column][\/vc_row][vc_row css=&#8221;.vc_custom_1641490317263{margin-bottom: 10px !important;}&#8221;][vc_column][\/vc_column][\/vc_row][vc_row css=&#8221;.vc_custom_1641490317263{margin-bottom: 10px !important;}&#8221;][vc_column][\/vc_column][\/vc_row][vc_row][vc_column][vc_column_text]<\/p>\n","protected":false},"featured_media":63593,"template":"","meta":{"_acf_changed":false},"product_brand":[],"product_cat":[8472],"product_tag":[8477,8522,8523,8774,9135,8776,8499,8510,8775],"class_list":{"0":"post-72355","1":"product","2":"type-product","3":"status-publish","4":"has-post-thumbnail","6":"product_cat-leinwandbilder-mehrteilige","7":"product_tag-abstrakte-gemaelde-de","8":"product_tag-gemaelde-auf-leinwand","9":"product_tag-gemaelde-fuer-das-wohnzimmer","10":"product_tag-gemalde-fur-wohnzimmer-3","11":"product_tag-kunst-gemalde","12":"product_tag-mehrteilige-gemalde","13":"product_tag-moderne-gemalde-de","14":"product_tag-verkauf-von-gemaelden","15":"product_tag-wandgemalde-1","16":"pa_dimenzija-140-x-80-cm","17":"pa_dimenzija-145-x-90-cm","18":"pa_dimenzija-170-x-110-cm","19":"pa_dimenzija-215-x-130-cm","20":"pa_dimenzija-250-x-150-cm","21":"pa_oblika-horizontal-de","22":"pa_okvir-ohne-rahmen","23":"pa_pod-okvir-im-preis-inbegriffen","24":"pa_podokvir-ja","25":"pa_podokvir-nein","27":"first","28":"onbackorder","29":"purchasable","30":"product-type-variable","31":"has-default-attributes"},"acf":[],"yoast_head":"<!-- This site is optimized with the Yoast SEO Premium plugin v26.0 (Yoast SEO v27.2) - https:\/\/yoast.com\/product\/yoast-seo-premium-wordpress\/ -->\n<title>Wandbilder - Gem\u00e4lde - Familie - SVETSLIK.SI - 100% handgemalt<\/title>\n<meta name=\"description\" content=\"Wandbilder - Gem\u00e4lde - Familie - 100% handgemalte Leinwandbilder. Verkauf von abstrakter Kunst, modernen Gem\u00e4lden, Reproduktionen bekannter Maler, individuelle Anfertigung von Gem\u00e4lden und Bilderrahmung.\" \/>\n<meta name=\"robots\" content=\"index, follow, max-snippet:-1, max-image-preview:large, max-video-preview:-1\" \/>\n<link rel=\"canonical\" href=\"https:\/\/svetslik.si\/de\/leinwandbilder-mehrteilige\/wandbilder-gemalde-familie\/\" \/>\n<meta property=\"og:locale\" content=\"de_DE\" \/>\n<meta property=\"og:type\" content=\"article\" \/>\n<meta property=\"og:title\" content=\"Wandbilder - Gem\u00e4lde - Familie\" \/>\n<meta property=\"og:description\" content=\"100% ro\u010dno naslikane slike na platnu, reprodukcije znanih slikarjev in umetni\u0161ke slike po naro\u010dilu.\" \/>\n<meta property=\"og:url\" content=\"https:\/\/svetslik.si\/de\/leinwandbilder-mehrteilige\/wandbilder-gemalde-familie\/\" \/>\n<meta property=\"og:site_name\" content=\"SVETSLIK.SI\" \/>\n<meta property=\"article:publisher\" content=\"https:\/\/www.facebook.com\/svetslik.si\" \/>\n<meta property=\"article:modified_time\" content=\"2026-03-22T13:44:17+00:00\" \/>\n<meta property=\"og:image\" content=\"https:\/\/svetslik.si\/wp-content\/uploads\/2021\/08\/image_Druzina-moderna-vecdelna-slika_680.png\" \/>\n\t<meta property=\"og:image:width\" content=\"680\" \/>\n\t<meta property=\"og:image:height\" content=\"419\" \/>\n\t<meta property=\"og:image:type\" content=\"image\/png\" \/>\n<meta name=\"twitter:card\" content=\"summary_large_image\" \/>\n<meta name=\"twitter:site\" content=\"@svetslik\" \/>\n<meta name=\"twitter:label1\" content=\"Verf\u00fcgbarkeit\" \/>\n\t<meta name=\"twitter:data1\" content=\"bei Nachbestellung\" \/>\n<script type=\"application\/ld+json\" class=\"yoast-schema-graph\">{\"@context\":\"https:\/\/schema.org\",\"@graph\":[{\"@type\":[\"WebPage\",\"ItemPage\"],\"@id\":\"https:\/\/svetslik.si\/de\/leinwandbilder-mehrteilige\/wandbilder-gemalde-familie\/\",\"url\":\"https:\/\/svetslik.si\/de\/leinwandbilder-mehrteilige\/wandbilder-gemalde-familie\/\",\"name\":\"Wandbilder - Gem\u00e4lde - Familie - SVETSLIK.SI - 100% handgemalt\",\"isPartOf\":{\"@id\":\"https:\/\/svetslik.si\/de\/#website\"},\"primaryImageOfPage\":{\"@id\":\"https:\/\/svetslik.si\/de\/leinwandbilder-mehrteilige\/wandbilder-gemalde-familie\/#primaryimage\"},\"image\":{\"@id\":\"https:\/\/svetslik.si\/de\/leinwandbilder-mehrteilige\/wandbilder-gemalde-familie\/#primaryimage\"},\"thumbnailUrl\":\"https:\/\/svetslik.si\/wp-content\/uploads\/2021\/08\/image_Druzina-moderna-vecdelna-slika_680.png\",\"datePublished\":\"2021-09-02T17:18:15+00:00\",\"dateModified\":\"2026-03-22T13:44:17+00:00\",\"description\":\"Wandbilder - Gem\u00e4lde - Familie - 100% handgemalte Leinwandbilder. Verkauf von abstrakter Kunst, modernen Gem\u00e4lden, Reproduktionen bekannter Maler, individuelle Anfertigung von Gem\u00e4lden und Bilderrahmung.\",\"breadcrumb\":{\"@id\":\"https:\/\/svetslik.si\/de\/leinwandbilder-mehrteilige\/wandbilder-gemalde-familie\/#breadcrumb\"},\"inLanguage\":\"de\",\"potentialAction\":[{\"@type\":\"ReadAction\",\"target\":[\"https:\/\/svetslik.si\/de\/leinwandbilder-mehrteilige\/wandbilder-gemalde-familie\/\"]}]},{\"@type\":\"ImageObject\",\"inLanguage\":\"de\",\"@id\":\"https:\/\/svetslik.si\/de\/leinwandbilder-mehrteilige\/wandbilder-gemalde-familie\/#primaryimage\",\"url\":\"https:\/\/svetslik.si\/wp-content\/uploads\/2021\/08\/image_Druzina-moderna-vecdelna-slika_680.png\",\"contentUrl\":\"https:\/\/svetslik.si\/wp-content\/uploads\/2021\/08\/image_Druzina-moderna-vecdelna-slika_680.png\",\"width\":680,\"height\":419,\"caption\":\"Wandgem\u00e4lde auf Leinwand \u2013 Familie \u2013 moderne mehrteilige Malerei \u2013 Kunstmalerei \u2013 moderne Gem\u00e4lde, stimmungsvolle Gem\u00e4lde f\u00fcr die Wand, abstrakte Gem\u00e4lde, dekorative Wandgem\u00e4lde, Gem\u00e4lde kaufen und verkaufen\"},{\"@type\":\"BreadcrumbList\",\"@id\":\"https:\/\/svetslik.si\/de\/leinwandbilder-mehrteilige\/wandbilder-gemalde-familie\/#breadcrumb\",\"itemListElement\":[{\"@type\":\"ListItem\",\"position\":1,\"name\":\"Wandkunst und Gem\u00e4lde auf Leinwand\",\"item\":\"https:\/\/svetslik.si\/de\/\"},{\"@type\":\"ListItem\",\"position\":2,\"name\":\"Verkauf von Gem\u00e4lden\",\"item\":\"https:\/\/svetslik.si\/prodaja-slik\/\"},{\"@type\":\"ListItem\",\"position\":3,\"name\":\"Wandbilder &#8211; Gem\u00e4lde &#8211; Familie\"}]},{\"@type\":\"WebSite\",\"@id\":\"https:\/\/svetslik.si\/de\/#website\",\"url\":\"https:\/\/svetslik.si\/de\/\",\"name\":\"SVETSLIK.SI\",\"description\":\"100% handgemalte Reproduktionen von Gem\u00e4lden ber\u00fchmter Maler und Gem\u00e4lde auf Leinwand.\",\"publisher\":{\"@id\":\"https:\/\/svetslik.si\/de\/#organization\"},\"potentialAction\":[{\"@type\":\"SearchAction\",\"target\":{\"@type\":\"EntryPoint\",\"urlTemplate\":\"https:\/\/svetslik.si\/de\/?s={search_term_string}\"},\"query-input\":{\"@type\":\"PropertyValueSpecification\",\"valueRequired\":true,\"valueName\":\"search_term_string\"}}],\"inLanguage\":\"de\"},{\"@type\":\"Organization\",\"@id\":\"https:\/\/svetslik.si\/de\/#organization\",\"name\":\"SvetSlik.si\",\"url\":\"https:\/\/svetslik.si\/de\/\",\"logo\":{\"@type\":\"ImageObject\",\"inLanguage\":\"de\",\"@id\":\"https:\/\/svetslik.si\/de\/#\/schema\/logo\/image\/\",\"url\":\"https:\/\/svetslik.si\/wp-content\/uploads\/2020\/12\/logo-512.png\",\"contentUrl\":\"https:\/\/svetslik.si\/wp-content\/uploads\/2020\/12\/logo-512.png\",\"width\":512,\"height\":512,\"caption\":\"SvetSlik.si\"},\"image\":{\"@id\":\"https:\/\/svetslik.si\/de\/#\/schema\/logo\/image\/\"},\"sameAs\":[\"https:\/\/www.facebook.com\/svetslik.si\",\"https:\/\/x.com\/svetslik\",\"https:\/\/www.instagram.com\/svetslik.si\/\",\"https:\/\/www.linkedin.com\/company\/svetslik-si\"]}]}<\/script>\n<meta property=\"og:availability\" content=\"backorder\" \/>\n<meta property=\"product:availability\" content=\"available for order\" \/>\n<meta property=\"product:retailer_item_id\" content=\"1059__\" \/>\n<meta property=\"product:condition\" content=\"new\" \/>\n<!-- \/ Yoast SEO Premium plugin. -->","yoast_head_json":{"title":"Wandbilder - Gem\u00e4lde - Familie - SVETSLIK.SI - 100% handgemalt","description":"Wandbilder - Gem\u00e4lde - Familie - 100% handgemalte Leinwandbilder. Verkauf von abstrakter Kunst, modernen Gem\u00e4lden, Reproduktionen bekannter Maler, individuelle Anfertigung von Gem\u00e4lden und Bilderrahmung.","robots":{"index":"index","follow":"follow","max-snippet":"max-snippet:-1","max-image-preview":"max-image-preview:large","max-video-preview":"max-video-preview:-1"},"canonical":"https:\/\/svetslik.si\/de\/leinwandbilder-mehrteilige\/wandbilder-gemalde-familie\/","og_locale":"de_DE","og_type":"article","og_title":"Wandbilder - Gem\u00e4lde - Familie","og_description":"100% ro\u010dno naslikane slike na platnu, reprodukcije znanih slikarjev in umetni\u0161ke slike po naro\u010dilu.","og_url":"https:\/\/svetslik.si\/de\/leinwandbilder-mehrteilige\/wandbilder-gemalde-familie\/","og_site_name":"SVETSLIK.SI","article_publisher":"https:\/\/www.facebook.com\/svetslik.si","article_modified_time":"2026-03-22T13:44:17+00:00","og_image":[{"width":680,"height":419,"url":"https:\/\/svetslik.si\/wp-content\/uploads\/2021\/08\/image_Druzina-moderna-vecdelna-slika_680.png","type":"image\/png"}],"twitter_card":"summary_large_image","twitter_site":"@svetslik","twitter_misc":{"Verf\u00fcgbarkeit":"bei Nachbestellung"},"schema":{"@context":"https:\/\/schema.org","@graph":[{"@type":["WebPage","ItemPage"],"@id":"https:\/\/svetslik.si\/de\/leinwandbilder-mehrteilige\/wandbilder-gemalde-familie\/","url":"https:\/\/svetslik.si\/de\/leinwandbilder-mehrteilige\/wandbilder-gemalde-familie\/","name":"Wandbilder - Gem\u00e4lde - Familie - SVETSLIK.SI - 100% handgemalt","isPartOf":{"@id":"https:\/\/svetslik.si\/de\/#website"},"primaryImageOfPage":{"@id":"https:\/\/svetslik.si\/de\/leinwandbilder-mehrteilige\/wandbilder-gemalde-familie\/#primaryimage"},"image":{"@id":"https:\/\/svetslik.si\/de\/leinwandbilder-mehrteilige\/wandbilder-gemalde-familie\/#primaryimage"},"thumbnailUrl":"https:\/\/svetslik.si\/wp-content\/uploads\/2021\/08\/image_Druzina-moderna-vecdelna-slika_680.png","datePublished":"2021-09-02T17:18:15+00:00","dateModified":"2026-03-22T13:44:17+00:00","description":"Wandbilder - Gem\u00e4lde - Familie - 100% handgemalte Leinwandbilder. Verkauf von abstrakter Kunst, modernen Gem\u00e4lden, Reproduktionen bekannter Maler, individuelle Anfertigung von Gem\u00e4lden und Bilderrahmung.","breadcrumb":{"@id":"https:\/\/svetslik.si\/de\/leinwandbilder-mehrteilige\/wandbilder-gemalde-familie\/#breadcrumb"},"inLanguage":"de","potentialAction":[{"@type":"ReadAction","target":["https:\/\/svetslik.si\/de\/leinwandbilder-mehrteilige\/wandbilder-gemalde-familie\/"]}]},{"@type":"ImageObject","inLanguage":"de","@id":"https:\/\/svetslik.si\/de\/leinwandbilder-mehrteilige\/wandbilder-gemalde-familie\/#primaryimage","url":"https:\/\/svetslik.si\/wp-content\/uploads\/2021\/08\/image_Druzina-moderna-vecdelna-slika_680.png","contentUrl":"https:\/\/svetslik.si\/wp-content\/uploads\/2021\/08\/image_Druzina-moderna-vecdelna-slika_680.png","width":680,"height":419,"caption":"Wandgem\u00e4lde auf Leinwand \u2013 Familie \u2013 moderne mehrteilige Malerei \u2013 Kunstmalerei \u2013 moderne Gem\u00e4lde, stimmungsvolle Gem\u00e4lde f\u00fcr die Wand, abstrakte Gem\u00e4lde, dekorative Wandgem\u00e4lde, Gem\u00e4lde kaufen und verkaufen"},{"@type":"BreadcrumbList","@id":"https:\/\/svetslik.si\/de\/leinwandbilder-mehrteilige\/wandbilder-gemalde-familie\/#breadcrumb","itemListElement":[{"@type":"ListItem","position":1,"name":"Wandkunst und Gem\u00e4lde auf Leinwand","item":"https:\/\/svetslik.si\/de\/"},{"@type":"ListItem","position":2,"name":"Verkauf von Gem\u00e4lden","item":"https:\/\/svetslik.si\/prodaja-slik\/"},{"@type":"ListItem","position":3,"name":"Wandbilder &#8211; Gem\u00e4lde &#8211; Familie"}]},{"@type":"WebSite","@id":"https:\/\/svetslik.si\/de\/#website","url":"https:\/\/svetslik.si\/de\/","name":"SVETSLIK.SI","description":"100% handgemalte Reproduktionen von Gem\u00e4lden ber\u00fchmter Maler und Gem\u00e4lde auf Leinwand.","publisher":{"@id":"https:\/\/svetslik.si\/de\/#organization"},"potentialAction":[{"@type":"SearchAction","target":{"@type":"EntryPoint","urlTemplate":"https:\/\/svetslik.si\/de\/?s={search_term_string}"},"query-input":{"@type":"PropertyValueSpecification","valueRequired":true,"valueName":"search_term_string"}}],"inLanguage":"de"},{"@type":"Organization","@id":"https:\/\/svetslik.si\/de\/#organization","name":"SvetSlik.si","url":"https:\/\/svetslik.si\/de\/","logo":{"@type":"ImageObject","inLanguage":"de","@id":"https:\/\/svetslik.si\/de\/#\/schema\/logo\/image\/","url":"https:\/\/svetslik.si\/wp-content\/uploads\/2020\/12\/logo-512.png","contentUrl":"https:\/\/svetslik.si\/wp-content\/uploads\/2020\/12\/logo-512.png","width":512,"height":512,"caption":"SvetSlik.si"},"image":{"@id":"https:\/\/svetslik.si\/de\/#\/schema\/logo\/image\/"},"sameAs":["https:\/\/www.facebook.com\/svetslik.si","https:\/\/x.com\/svetslik","https:\/\/www.instagram.com\/svetslik.si\/","https:\/\/www.linkedin.com\/company\/svetslik-si"]}]},"og_availability":"backorder","product_availability":"available for order","product_retailer_item_id":"1059__","product_condition":"new"},"jetpack_sharing_enabled":true,"_links":{"self":[{"href":"https:\/\/svetslik.si\/de\/wp-json\/wp\/v2\/product\/72355","targetHints":{"allow":["GET"]}}],"collection":[{"href":"https:\/\/svetslik.si\/de\/wp-json\/wp\/v2\/product"}],"about":[{"href":"https:\/\/svetslik.si\/de\/wp-json\/wp\/v2\/types\/product"}],"wp:featuredmedia":[{"embeddable":true,"href":"https:\/\/svetslik.si\/de\/wp-json\/wp\/v2\/media\/63593"}],"wp:attachment":[{"href":"https:\/\/svetslik.si\/de\/wp-json\/wp\/v2\/media?parent=72355"}],"wp:term":[{"taxonomy":"product_brand","embeddable":true,"href":"https:\/\/svetslik.si\/de\/wp-json\/wp\/v2\/product_brand?post=72355"},{"taxonomy":"product_cat","embeddable":true,"href":"https:\/\/svetslik.si\/de\/wp-json\/wp\/v2\/product_cat?post=72355"},{"taxonomy":"product_tag","embeddable":true,"href":"https:\/\/svetslik.si\/de\/wp-json\/wp\/v2\/product_tag?post=72355"}],"curies":[{"name":"wp","href":"https:\/\/api.w.org\/{rel}","templated":true}]}}