{"id":72372,"date":"2021-09-02T19:18:46","date_gmt":"2021-09-02T17:18:46","guid":{"rendered":"https:\/\/svetslik.si\/unkategorisiert\/sprehod-v-jeseni-umetniska-slika\/"},"modified":"2026-03-22T14:45:08","modified_gmt":"2026-03-22T13:45:08","slug":"wandbilder-gemalde-herbstspaziergang","status":"publish","type":"product","link":"https:\/\/svetslik.si\/de\/leinwandbilder-einteilige\/wandbilder-gemalde-herbstspaziergang\/","title":{"rendered":"Wandbilder &#8211; Gem\u00e4lde &#8211; Herbstspaziergang"},"content":{"rendered":"<div class=\"wpb-content-wrapper\">[vc_row css=&#8221;.vc_custom_1694783009198{margin-bottom: 10px !important;}&#8221;][vc_column]\t<div class=\"et-image-20 et-image     et_image_link\">\n\t\t<div class=\"et-image-inner \">\n\t\t\t\t\t\t\t<div class=\"et-image-thumb \">\n\t\t\t\t\t<img decoding=\"async\" width=\"1000\" height=\"1533\" src=\"https:\/\/svetslik.si\/wp-content\/uploads\/2021\/09\/Stenske-slike-\u2013-Sprehod-v-jeseni-5.jpg\" class=\"attachment-full\" alt=\"Wandbilder \u2013 Herbstspaziergang\" title=\"Wandbilder \u2013 Herbstspaziergang\" srcset=\"https:\/\/svetslik.si\/wp-content\/uploads\/2021\/09\/Stenske-slike-\u2013-Sprehod-v-jeseni-5.jpg 1000w, https:\/\/svetslik.si\/wp-content\/uploads\/2021\/09\/Stenske-slike-\u2013-Sprehod-v-jeseni-5-600x920.jpg 600w, https:\/\/svetslik.si\/wp-content\/uploads\/2021\/09\/Stenske-slike-\u2013-Sprehod-v-jeseni-5-196x300.jpg 196w, https:\/\/svetslik.si\/wp-content\/uploads\/2021\/09\/Stenske-slike-\u2013-Sprehod-v-jeseni-5-668x1024.jpg 668w, https:\/\/svetslik.si\/wp-content\/uploads\/2021\/09\/Stenske-slike-\u2013-Sprehod-v-jeseni-5-768x1177.jpg 768w, https:\/\/svetslik.si\/wp-content\/uploads\/2021\/09\/Stenske-slike-\u2013-Sprehod-v-jeseni-5-98x150.jpg 98w, https:\/\/svetslik.si\/wp-content\/uploads\/2021\/09\/Stenske-slike-\u2013-Sprehod-v-jeseni-5-900x1380.jpg 900w\" sizes=\"(max-width: 1000px) 100vw, 1000px\" \/>\t\t\t\t<\/div>\n\t\t\t\t\t\t\t\t\t\t\t<\/div>\n\t<\/div>\n  [\/vc_column][\/vc_row][vc_row css=&#8221;.vc_custom_1694783009198{margin-bottom: 10px !important;}&#8221;][vc_column]\t<div class=\"et-image-163 et-image     et_image_link\">\n\t\t<div class=\"et-image-inner \">\n\t\t\t\t\t\t\t<div class=\"et-image-thumb \">\n\t\t\t\t\t<img decoding=\"async\" width=\"1000\" height=\"1876\" src=\"https:\/\/svetslik.si\/wp-content\/uploads\/2021\/09\/Stenske-slike-\u2013-Sprehod-v-jeseni-1.jpg\" class=\"attachment-full\" alt=\"Wandbilder \u2013 Herbstspaziergang 1\" title=\"Wandbilder \u2013 Herbstspaziergang 1\" srcset=\"https:\/\/svetslik.si\/wp-content\/uploads\/2021\/09\/Stenske-slike-\u2013-Sprehod-v-jeseni-1.jpg 1000w, https:\/\/svetslik.si\/wp-content\/uploads\/2021\/09\/Stenske-slike-\u2013-Sprehod-v-jeseni-1-600x1126.jpg 600w, https:\/\/svetslik.si\/wp-content\/uploads\/2021\/09\/Stenske-slike-\u2013-Sprehod-v-jeseni-1-160x300.jpg 160w, https:\/\/svetslik.si\/wp-content\/uploads\/2021\/09\/Stenske-slike-\u2013-Sprehod-v-jeseni-1-546x1024.jpg 546w, https:\/\/svetslik.si\/wp-content\/uploads\/2021\/09\/Stenske-slike-\u2013-Sprehod-v-jeseni-1-768x1441.jpg 768w, https:\/\/svetslik.si\/wp-content\/uploads\/2021\/09\/Stenske-slike-\u2013-Sprehod-v-jeseni-1-819x1536.jpg 819w, https:\/\/svetslik.si\/wp-content\/uploads\/2021\/09\/Stenske-slike-\u2013-Sprehod-v-jeseni-1-80x150.jpg 80w, https:\/\/svetslik.si\/wp-content\/uploads\/2021\/09\/Stenske-slike-\u2013-Sprehod-v-jeseni-1-900x1688.jpg 900w\" sizes=\"(max-width: 1000px) 100vw, 1000px\" \/>\t\t\t\t<\/div>\n\t\t\t\t\t\t\t\t\t\t\t<\/div>\n\t<\/div>\n  [\/vc_column][\/vc_row][vc_row css=&#8221;.vc_custom_1694783009198{margin-bottom: 10px !important;}&#8221;][vc_column]\t<div class=\"et-image-650 et-image     et_image_link\">\n\t\t<div class=\"et-image-inner \">\n\t\t\t\t\t\t\t<div class=\"et-image-thumb \">\n\t\t\t\t\t<img decoding=\"async\" width=\"1000\" height=\"1702\" src=\"https:\/\/svetslik.si\/wp-content\/uploads\/2021\/09\/Stenske-slike-\u2013-Sprehod-v-jeseni-2-1.jpg\" class=\"attachment-full\" alt=\"Wandbilder \u2013 Herbstspaziergang 2\" title=\"Wandbilder \u2013 Herbstspaziergang 2\" srcset=\"https:\/\/svetslik.si\/wp-content\/uploads\/2021\/09\/Stenske-slike-\u2013-Sprehod-v-jeseni-2-1.jpg 1000w, https:\/\/svetslik.si\/wp-content\/uploads\/2021\/09\/Stenske-slike-\u2013-Sprehod-v-jeseni-2-1-600x1021.jpg 600w, https:\/\/svetslik.si\/wp-content\/uploads\/2021\/09\/Stenske-slike-\u2013-Sprehod-v-jeseni-2-1-176x300.jpg 176w, https:\/\/svetslik.si\/wp-content\/uploads\/2021\/09\/Stenske-slike-\u2013-Sprehod-v-jeseni-2-1-602x1024.jpg 602w, https:\/\/svetslik.si\/wp-content\/uploads\/2021\/09\/Stenske-slike-\u2013-Sprehod-v-jeseni-2-1-768x1307.jpg 768w, https:\/\/svetslik.si\/wp-content\/uploads\/2021\/09\/Stenske-slike-\u2013-Sprehod-v-jeseni-2-1-902x1536.jpg 902w, https:\/\/svetslik.si\/wp-content\/uploads\/2021\/09\/Stenske-slike-\u2013-Sprehod-v-jeseni-2-1-88x150.jpg 88w, https:\/\/svetslik.si\/wp-content\/uploads\/2021\/09\/Stenske-slike-\u2013-Sprehod-v-jeseni-2-1-900x1532.jpg 900w\" sizes=\"(max-width: 1000px) 100vw, 1000px\" \/>\t\t\t\t<\/div>\n\t\t\t\t\t\t\t\t\t\t\t<\/div>\n\t<\/div>\n  [\/vc_column][\/vc_row][vc_row css=&#8221;.vc_custom_1694783009198{margin-bottom: 10px !important;}&#8221;][vc_column]\t<div class=\"et-image-331 et-image     et_image_link\">\n\t\t<div class=\"et-image-inner \">\n\t\t\t\t\t\t\t<div class=\"et-image-thumb \">\n\t\t\t\t\t<img decoding=\"async\" width=\"1000\" height=\"563\" src=\"https:\/\/svetslik.si\/wp-content\/uploads\/2021\/09\/Stenske-slike-\u2013-Sprehod-v-jeseni-3.jpg\" class=\"attachment-full\" alt=\"Wandbilder \u2013 Herbstspaziergang 3\" title=\"Wandbilder \u2013 Herbstspaziergang 3\" srcset=\"https:\/\/svetslik.si\/wp-content\/uploads\/2021\/09\/Stenske-slike-\u2013-Sprehod-v-jeseni-3.jpg 1000w, https:\/\/svetslik.si\/wp-content\/uploads\/2021\/09\/Stenske-slike-\u2013-Sprehod-v-jeseni-3-600x338.jpg 600w, https:\/\/svetslik.si\/wp-content\/uploads\/2021\/09\/Stenske-slike-\u2013-Sprehod-v-jeseni-3-300x169.jpg 300w, https:\/\/svetslik.si\/wp-content\/uploads\/2021\/09\/Stenske-slike-\u2013-Sprehod-v-jeseni-3-768x432.jpg 768w, https:\/\/svetslik.si\/wp-content\/uploads\/2021\/09\/Stenske-slike-\u2013-Sprehod-v-jeseni-3-150x84.jpg 150w, https:\/\/svetslik.si\/wp-content\/uploads\/2021\/09\/Stenske-slike-\u2013-Sprehod-v-jeseni-3-900x507.jpg 900w\" sizes=\"(max-width: 1000px) 100vw, 1000px\" \/>\t\t\t\t<\/div>\n\t\t\t\t\t\t\t\t\t\t\t<\/div>\n\t<\/div>\n  [\/vc_column][\/vc_row]\n<\/div>","protected":false},"excerpt":{"rendered":"<p>[vc_row css=&#8221;.vc_custom_1694783009198{margin-bottom: 10px !important;}&#8221;][vc_column][\/vc_column][\/vc_row][vc_row css=&#8221;.vc_custom_1694783009198{margin-bottom: 10px !important;}&#8221;][vc_column][\/vc_column][\/vc_row][vc_row css=&#8221;.vc_custom_1694783009198{margin-bottom: 10px !important;}&#8221;][vc_column][\/vc_column][\/vc_row][vc_row css=&#8221;.vc_custom_1694783009198{margin-bottom: 10px !important;}&#8221;][vc_column][\/vc_column][\/vc_row]<\/p>\n","protected":false},"featured_media":64076,"template":"","meta":{"_acf_changed":false},"product_brand":[],"product_cat":[8471],"product_tag":[8477,8485,8522,8523,8524,8774,9135,8499,9133,8510,9134,8775],"class_list":{"0":"post-72372","1":"product","2":"type-product","3":"status-publish","4":"has-post-thumbnail","6":"product_cat-leinwandbilder-einteilige","7":"product_tag-abstrakte-gemaelde-de","8":"product_tag-dekorative-gemaelde","9":"product_tag-gemaelde-auf-leinwand","10":"product_tag-gemaelde-fuer-das-wohnzimmer","11":"product_tag-gemaelde-fuer-die-wand","12":"product_tag-gemalde-fur-wohnzimmer-3","13":"product_tag-kunst-gemalde","14":"product_tag-moderne-gemalde-de","15":"product_tag-online-galerie","16":"product_tag-verkauf-von-gemaelden","17":"product_tag-wanddekoration","18":"product_tag-wandgemalde-1","19":"pa_dimenzija-100-x-200-cm-de","20":"pa_dimenzija-40-x-80-cm-de","21":"pa_dimenzija-50-x-100-cm-de","22":"pa_dimenzija-60-x-120-cm-de","23":"pa_dimenzija-70-x-140-cm-de","24":"pa_dimenzija-80-x-160-cm-de","25":"pa_dimenzija-90-x-180-cm-de","26":"pa_oblika-vertikal","27":"pa_okvir-ohne-rahmen","28":"pa_podokvir-ja","29":"pa_podokvir-nein","31":"first","32":"onbackorder","33":"purchasable","34":"product-type-variable","35":"has-default-attributes"},"acf":[],"yoast_head":"<!-- This site is optimized with the Yoast SEO Premium plugin v26.0 (Yoast SEO v27.2) - https:\/\/yoast.com\/product\/yoast-seo-premium-wordpress\/ -->\n<title>Wandbilder - Gem\u00e4lde - Herbstspaziergang - SVETSLIK.SI - 100% handgemalt<\/title>\n<meta name=\"description\" content=\"Wandbilder - Gem\u00e4lde - Herbstspaziergang - 100% handgemalte Leinwandbilder. Verkauf von abstrakter Kunst, modernen Gem\u00e4lden, Reproduktionen bekannter Maler, individuelle Anfertigung von Gem\u00e4lden und Bilderrahmung.\" \/>\n<meta name=\"robots\" content=\"index, follow, max-snippet:-1, max-image-preview:large, max-video-preview:-1\" \/>\n<link rel=\"canonical\" href=\"https:\/\/svetslik.si\/de\/leinwandbilder-einteilige\/wandbilder-gemalde-herbstspaziergang\/\" \/>\n<meta property=\"og:locale\" content=\"de_DE\" \/>\n<meta property=\"og:type\" content=\"article\" \/>\n<meta property=\"og:title\" content=\"Wandbilder - Gem\u00e4lde - Herbstspaziergang\" \/>\n<meta property=\"og:description\" content=\"100% ro\u010dno naslikane slike na platnu, reprodukcije znanih slikarjev in umetni\u0161ke slike po naro\u010dilu.\" \/>\n<meta property=\"og:url\" content=\"https:\/\/svetslik.si\/de\/leinwandbilder-einteilige\/wandbilder-gemalde-herbstspaziergang\/\" \/>\n<meta property=\"og:site_name\" content=\"SVETSLIK.SI\" \/>\n<meta property=\"article:publisher\" content=\"https:\/\/www.facebook.com\/svetslik.si\" \/>\n<meta property=\"article:modified_time\" content=\"2026-03-22T13:45:08+00:00\" \/>\n<meta property=\"og:image\" content=\"https:\/\/svetslik.si\/wp-content\/uploads\/2021\/08\/image_Sprehod-v-jeseni-umetniska-slika_680.jpg\" \/>\n\t<meta property=\"og:image:width\" content=\"362\" \/>\n\t<meta property=\"og:image:height\" content=\"680\" \/>\n\t<meta property=\"og:image:type\" content=\"image\/jpeg\" \/>\n<meta name=\"twitter:card\" content=\"summary_large_image\" \/>\n<meta name=\"twitter:site\" content=\"@svetslik\" \/>\n<meta name=\"twitter:label1\" content=\"Verf\u00fcgbarkeit\" \/>\n\t<meta name=\"twitter:data1\" content=\"bei Nachbestellung\" \/>\n<script type=\"application\/ld+json\" class=\"yoast-schema-graph\">{\"@context\":\"https:\/\/schema.org\",\"@graph\":[{\"@type\":[\"WebPage\",\"ItemPage\"],\"@id\":\"https:\/\/svetslik.si\/de\/leinwandbilder-einteilige\/wandbilder-gemalde-herbstspaziergang\/\",\"url\":\"https:\/\/svetslik.si\/de\/leinwandbilder-einteilige\/wandbilder-gemalde-herbstspaziergang\/\",\"name\":\"Wandbilder - Gem\u00e4lde - Herbstspaziergang - SVETSLIK.SI - 100% handgemalt\",\"isPartOf\":{\"@id\":\"https:\/\/svetslik.si\/de\/#website\"},\"primaryImageOfPage\":{\"@id\":\"https:\/\/svetslik.si\/de\/leinwandbilder-einteilige\/wandbilder-gemalde-herbstspaziergang\/#primaryimage\"},\"image\":{\"@id\":\"https:\/\/svetslik.si\/de\/leinwandbilder-einteilige\/wandbilder-gemalde-herbstspaziergang\/#primaryimage\"},\"thumbnailUrl\":\"https:\/\/svetslik.si\/wp-content\/uploads\/2021\/08\/image_Sprehod-v-jeseni-umetniska-slika_680.jpg\",\"datePublished\":\"2021-09-02T17:18:46+00:00\",\"dateModified\":\"2026-03-22T13:45:08+00:00\",\"description\":\"Wandbilder - Gem\u00e4lde - Herbstspaziergang - 100% handgemalte Leinwandbilder. Verkauf von abstrakter Kunst, modernen Gem\u00e4lden, Reproduktionen bekannter Maler, individuelle Anfertigung von Gem\u00e4lden und Bilderrahmung.\",\"breadcrumb\":{\"@id\":\"https:\/\/svetslik.si\/de\/leinwandbilder-einteilige\/wandbilder-gemalde-herbstspaziergang\/#breadcrumb\"},\"inLanguage\":\"de\",\"potentialAction\":[{\"@type\":\"ReadAction\",\"target\":[\"https:\/\/svetslik.si\/de\/leinwandbilder-einteilige\/wandbilder-gemalde-herbstspaziergang\/\"]}]},{\"@type\":\"ImageObject\",\"inLanguage\":\"de\",\"@id\":\"https:\/\/svetslik.si\/de\/leinwandbilder-einteilige\/wandbilder-gemalde-herbstspaziergang\/#primaryimage\",\"url\":\"https:\/\/svetslik.si\/wp-content\/uploads\/2021\/08\/image_Sprehod-v-jeseni-umetniska-slika_680.jpg\",\"contentUrl\":\"https:\/\/svetslik.si\/wp-content\/uploads\/2021\/08\/image_Sprehod-v-jeseni-umetniska-slika_680.jpg\",\"width\":362,\"height\":680,\"caption\":\"Walk in Autumn-Art-Gem\u00e4lde Moderne Gem\u00e4lde auf Leinwand\"},{\"@type\":\"BreadcrumbList\",\"@id\":\"https:\/\/svetslik.si\/de\/leinwandbilder-einteilige\/wandbilder-gemalde-herbstspaziergang\/#breadcrumb\",\"itemListElement\":[{\"@type\":\"ListItem\",\"position\":1,\"name\":\"Wandkunst und Gem\u00e4lde auf Leinwand\",\"item\":\"https:\/\/svetslik.si\/de\/\"},{\"@type\":\"ListItem\",\"position\":2,\"name\":\"Verkauf von Gem\u00e4lden\",\"item\":\"https:\/\/svetslik.si\/prodaja-slik\/\"},{\"@type\":\"ListItem\",\"position\":3,\"name\":\"Wandbilder &#8211; Gem\u00e4lde &#8211; Herbstspaziergang\"}]},{\"@type\":\"WebSite\",\"@id\":\"https:\/\/svetslik.si\/de\/#website\",\"url\":\"https:\/\/svetslik.si\/de\/\",\"name\":\"SVETSLIK.SI\",\"description\":\"100% handgemalte Reproduktionen von Gem\u00e4lden ber\u00fchmter Maler und Gem\u00e4lde auf Leinwand.\",\"publisher\":{\"@id\":\"https:\/\/svetslik.si\/de\/#organization\"},\"potentialAction\":[{\"@type\":\"SearchAction\",\"target\":{\"@type\":\"EntryPoint\",\"urlTemplate\":\"https:\/\/svetslik.si\/de\/?s={search_term_string}\"},\"query-input\":{\"@type\":\"PropertyValueSpecification\",\"valueRequired\":true,\"valueName\":\"search_term_string\"}}],\"inLanguage\":\"de\"},{\"@type\":\"Organization\",\"@id\":\"https:\/\/svetslik.si\/de\/#organization\",\"name\":\"SvetSlik.si\",\"url\":\"https:\/\/svetslik.si\/de\/\",\"logo\":{\"@type\":\"ImageObject\",\"inLanguage\":\"de\",\"@id\":\"https:\/\/svetslik.si\/de\/#\/schema\/logo\/image\/\",\"url\":\"https:\/\/svetslik.si\/wp-content\/uploads\/2020\/12\/logo-512.png\",\"contentUrl\":\"https:\/\/svetslik.si\/wp-content\/uploads\/2020\/12\/logo-512.png\",\"width\":512,\"height\":512,\"caption\":\"SvetSlik.si\"},\"image\":{\"@id\":\"https:\/\/svetslik.si\/de\/#\/schema\/logo\/image\/\"},\"sameAs\":[\"https:\/\/www.facebook.com\/svetslik.si\",\"https:\/\/x.com\/svetslik\",\"https:\/\/www.instagram.com\/svetslik.si\/\",\"https:\/\/www.linkedin.com\/company\/svetslik-si\"]}]}<\/script>\n<meta property=\"og:availability\" content=\"backorder\" \/>\n<meta property=\"product:availability\" content=\"available for order\" \/>\n<meta property=\"product:retailer_item_id\" content=\"1062__\" \/>\n<meta property=\"product:condition\" content=\"new\" \/>\n<!-- \/ Yoast SEO Premium plugin. -->","yoast_head_json":{"title":"Wandbilder - Gem\u00e4lde - Herbstspaziergang - SVETSLIK.SI - 100% handgemalt","description":"Wandbilder - Gem\u00e4lde - Herbstspaziergang - 100% handgemalte Leinwandbilder. Verkauf von abstrakter Kunst, modernen Gem\u00e4lden, Reproduktionen bekannter Maler, individuelle Anfertigung von Gem\u00e4lden und Bilderrahmung.","robots":{"index":"index","follow":"follow","max-snippet":"max-snippet:-1","max-image-preview":"max-image-preview:large","max-video-preview":"max-video-preview:-1"},"canonical":"https:\/\/svetslik.si\/de\/leinwandbilder-einteilige\/wandbilder-gemalde-herbstspaziergang\/","og_locale":"de_DE","og_type":"article","og_title":"Wandbilder - Gem\u00e4lde - Herbstspaziergang","og_description":"100% ro\u010dno naslikane slike na platnu, reprodukcije znanih slikarjev in umetni\u0161ke slike po naro\u010dilu.","og_url":"https:\/\/svetslik.si\/de\/leinwandbilder-einteilige\/wandbilder-gemalde-herbstspaziergang\/","og_site_name":"SVETSLIK.SI","article_publisher":"https:\/\/www.facebook.com\/svetslik.si","article_modified_time":"2026-03-22T13:45:08+00:00","og_image":[{"width":362,"height":680,"url":"https:\/\/svetslik.si\/wp-content\/uploads\/2021\/08\/image_Sprehod-v-jeseni-umetniska-slika_680.jpg","type":"image\/jpeg"}],"twitter_card":"summary_large_image","twitter_site":"@svetslik","twitter_misc":{"Verf\u00fcgbarkeit":"bei Nachbestellung"},"schema":{"@context":"https:\/\/schema.org","@graph":[{"@type":["WebPage","ItemPage"],"@id":"https:\/\/svetslik.si\/de\/leinwandbilder-einteilige\/wandbilder-gemalde-herbstspaziergang\/","url":"https:\/\/svetslik.si\/de\/leinwandbilder-einteilige\/wandbilder-gemalde-herbstspaziergang\/","name":"Wandbilder - Gem\u00e4lde - Herbstspaziergang - SVETSLIK.SI - 100% handgemalt","isPartOf":{"@id":"https:\/\/svetslik.si\/de\/#website"},"primaryImageOfPage":{"@id":"https:\/\/svetslik.si\/de\/leinwandbilder-einteilige\/wandbilder-gemalde-herbstspaziergang\/#primaryimage"},"image":{"@id":"https:\/\/svetslik.si\/de\/leinwandbilder-einteilige\/wandbilder-gemalde-herbstspaziergang\/#primaryimage"},"thumbnailUrl":"https:\/\/svetslik.si\/wp-content\/uploads\/2021\/08\/image_Sprehod-v-jeseni-umetniska-slika_680.jpg","datePublished":"2021-09-02T17:18:46+00:00","dateModified":"2026-03-22T13:45:08+00:00","description":"Wandbilder - Gem\u00e4lde - Herbstspaziergang - 100% handgemalte Leinwandbilder. Verkauf von abstrakter Kunst, modernen Gem\u00e4lden, Reproduktionen bekannter Maler, individuelle Anfertigung von Gem\u00e4lden und Bilderrahmung.","breadcrumb":{"@id":"https:\/\/svetslik.si\/de\/leinwandbilder-einteilige\/wandbilder-gemalde-herbstspaziergang\/#breadcrumb"},"inLanguage":"de","potentialAction":[{"@type":"ReadAction","target":["https:\/\/svetslik.si\/de\/leinwandbilder-einteilige\/wandbilder-gemalde-herbstspaziergang\/"]}]},{"@type":"ImageObject","inLanguage":"de","@id":"https:\/\/svetslik.si\/de\/leinwandbilder-einteilige\/wandbilder-gemalde-herbstspaziergang\/#primaryimage","url":"https:\/\/svetslik.si\/wp-content\/uploads\/2021\/08\/image_Sprehod-v-jeseni-umetniska-slika_680.jpg","contentUrl":"https:\/\/svetslik.si\/wp-content\/uploads\/2021\/08\/image_Sprehod-v-jeseni-umetniska-slika_680.jpg","width":362,"height":680,"caption":"Walk in Autumn-Art-Gem\u00e4lde Moderne Gem\u00e4lde auf Leinwand"},{"@type":"BreadcrumbList","@id":"https:\/\/svetslik.si\/de\/leinwandbilder-einteilige\/wandbilder-gemalde-herbstspaziergang\/#breadcrumb","itemListElement":[{"@type":"ListItem","position":1,"name":"Wandkunst und Gem\u00e4lde auf Leinwand","item":"https:\/\/svetslik.si\/de\/"},{"@type":"ListItem","position":2,"name":"Verkauf von Gem\u00e4lden","item":"https:\/\/svetslik.si\/prodaja-slik\/"},{"@type":"ListItem","position":3,"name":"Wandbilder &#8211; Gem\u00e4lde &#8211; Herbstspaziergang"}]},{"@type":"WebSite","@id":"https:\/\/svetslik.si\/de\/#website","url":"https:\/\/svetslik.si\/de\/","name":"SVETSLIK.SI","description":"100% handgemalte Reproduktionen von Gem\u00e4lden ber\u00fchmter Maler und Gem\u00e4lde auf Leinwand.","publisher":{"@id":"https:\/\/svetslik.si\/de\/#organization"},"potentialAction":[{"@type":"SearchAction","target":{"@type":"EntryPoint","urlTemplate":"https:\/\/svetslik.si\/de\/?s={search_term_string}"},"query-input":{"@type":"PropertyValueSpecification","valueRequired":true,"valueName":"search_term_string"}}],"inLanguage":"de"},{"@type":"Organization","@id":"https:\/\/svetslik.si\/de\/#organization","name":"SvetSlik.si","url":"https:\/\/svetslik.si\/de\/","logo":{"@type":"ImageObject","inLanguage":"de","@id":"https:\/\/svetslik.si\/de\/#\/schema\/logo\/image\/","url":"https:\/\/svetslik.si\/wp-content\/uploads\/2020\/12\/logo-512.png","contentUrl":"https:\/\/svetslik.si\/wp-content\/uploads\/2020\/12\/logo-512.png","width":512,"height":512,"caption":"SvetSlik.si"},"image":{"@id":"https:\/\/svetslik.si\/de\/#\/schema\/logo\/image\/"},"sameAs":["https:\/\/www.facebook.com\/svetslik.si","https:\/\/x.com\/svetslik","https:\/\/www.instagram.com\/svetslik.si\/","https:\/\/www.linkedin.com\/company\/svetslik-si"]}]},"og_availability":"backorder","product_availability":"available for order","product_retailer_item_id":"1062__","product_condition":"new"},"jetpack_sharing_enabled":true,"_links":{"self":[{"href":"https:\/\/svetslik.si\/de\/wp-json\/wp\/v2\/product\/72372","targetHints":{"allow":["GET"]}}],"collection":[{"href":"https:\/\/svetslik.si\/de\/wp-json\/wp\/v2\/product"}],"about":[{"href":"https:\/\/svetslik.si\/de\/wp-json\/wp\/v2\/types\/product"}],"wp:featuredmedia":[{"embeddable":true,"href":"https:\/\/svetslik.si\/de\/wp-json\/wp\/v2\/media\/64076"}],"wp:attachment":[{"href":"https:\/\/svetslik.si\/de\/wp-json\/wp\/v2\/media?parent=72372"}],"wp:term":[{"taxonomy":"product_brand","embeddable":true,"href":"https:\/\/svetslik.si\/de\/wp-json\/wp\/v2\/product_brand?post=72372"},{"taxonomy":"product_cat","embeddable":true,"href":"https:\/\/svetslik.si\/de\/wp-json\/wp\/v2\/product_cat?post=72372"},{"taxonomy":"product_tag","embeddable":true,"href":"https:\/\/svetslik.si\/de\/wp-json\/wp\/v2\/product_tag?post=72372"}],"curies":[{"name":"wp","href":"https:\/\/api.w.org\/{rel}","templated":true}]}}