{"id":72487,"date":"2021-09-02T19:21:23","date_gmt":"2021-09-02T17:21:23","guid":{"rendered":"https:\/\/svetslik.si\/unkategorisiert\/ornament-moderna-umetniska-slika\/"},"modified":"2026-03-21T11:43:08","modified_gmt":"2026-03-21T10:43:08","slug":"wandbilder-gemalde-ornament","status":"publish","type":"product","link":"https:\/\/svetslik.si\/de\/leinwandbilder-einteilige\/wandbilder-gemalde-ornament\/","title":{"rendered":"Wandbilder &#8211; Gem\u00e4lde &#8211; Ornament"},"content":{"rendered":"<div class=\"wpb-content-wrapper\">[vc_row css=&#8221;.vc_custom_1774089670870{margin-bottom: 10px !important;}&#8221;][vc_column]\t<div class=\"et-image-656 et-image     et_image_link\">\n\t\t<div class=\"et-image-inner \">\n\t\t\t\t\t\t\t<div class=\"et-image-thumb \">\n\t\t\t\t\t<img decoding=\"async\" width=\"1500\" height=\"1009\" src=\"https:\/\/svetslik.si\/wp-content\/uploads\/2021\/09\/Stenske-slike-\u2013-Ornament.jpg\" class=\"attachment-full\" alt=\"Wandbilder - Gem\u00e4lde - Ornament\" title=\"Wandbilder - Gem\u00e4lde - Ornament\" srcset=\"https:\/\/svetslik.si\/wp-content\/uploads\/2021\/09\/Stenske-slike-\u2013-Ornament.jpg 1500w, https:\/\/svetslik.si\/wp-content\/uploads\/2021\/09\/Stenske-slike-\u2013-Ornament-300x202.jpg 300w, https:\/\/svetslik.si\/wp-content\/uploads\/2021\/09\/Stenske-slike-\u2013-Ornament-1024x689.jpg 1024w, https:\/\/svetslik.si\/wp-content\/uploads\/2021\/09\/Stenske-slike-\u2013-Ornament-768x517.jpg 768w, https:\/\/svetslik.si\/wp-content\/uploads\/2021\/09\/Stenske-slike-\u2013-Ornament-150x101.jpg 150w, https:\/\/svetslik.si\/wp-content\/uploads\/2021\/09\/Stenske-slike-\u2013-Ornament-600x404.jpg 600w, https:\/\/svetslik.si\/wp-content\/uploads\/2021\/09\/Stenske-slike-\u2013-Ornament-1200x807.jpg 1200w\" sizes=\"(max-width: 1500px) 100vw, 1500px\" \/>\t\t\t\t<\/div>\n\t\t\t\t\t\t\t\t\t\t\t<\/div>\n\t<\/div>\n  [\/vc_column][\/vc_row][vc_row css=&#8221;.vc_custom_1774089670870{margin-bottom: 10px !important;}&#8221;][vc_column]\t<div class=\"et-image-95 et-image     et_image_link\">\n\t\t<div class=\"et-image-inner \">\n\t\t\t\t\t\t\t<div class=\"et-image-thumb \">\n\t\t\t\t\t<img decoding=\"async\" width=\"1500\" height=\"1410\" src=\"https:\/\/svetslik.si\/wp-content\/uploads\/2021\/09\/Stenske-slike-\u2013-Ornament-2.jpg\" class=\"attachment-full\" alt=\"Wandbilder - Gem\u00e4lde - Ornament\" title=\"Wandbilder - Gem\u00e4lde - Ornament\" srcset=\"https:\/\/svetslik.si\/wp-content\/uploads\/2021\/09\/Stenske-slike-\u2013-Ornament-2.jpg 1500w, https:\/\/svetslik.si\/wp-content\/uploads\/2021\/09\/Stenske-slike-\u2013-Ornament-2-300x282.jpg 300w, https:\/\/svetslik.si\/wp-content\/uploads\/2021\/09\/Stenske-slike-\u2013-Ornament-2-1024x963.jpg 1024w, https:\/\/svetslik.si\/wp-content\/uploads\/2021\/09\/Stenske-slike-\u2013-Ornament-2-768x722.jpg 768w, https:\/\/svetslik.si\/wp-content\/uploads\/2021\/09\/Stenske-slike-\u2013-Ornament-2-150x141.jpg 150w, https:\/\/svetslik.si\/wp-content\/uploads\/2021\/09\/Stenske-slike-\u2013-Ornament-2-600x564.jpg 600w, https:\/\/svetslik.si\/wp-content\/uploads\/2021\/09\/Stenske-slike-\u2013-Ornament-2-1200x1128.jpg 1200w\" sizes=\"(max-width: 1500px) 100vw, 1500px\" \/>\t\t\t\t<\/div>\n\t\t\t\t\t\t\t\t\t\t\t<\/div>\n\t<\/div>\n  [\/vc_column][\/vc_row][vc_row css=&#8221;.vc_custom_1774089670870{margin-bottom: 10px !important;}&#8221;][vc_column]\t<div class=\"et-image-800 et-image     et_image_link\">\n\t\t<div class=\"et-image-inner \">\n\t\t\t\t\t\t\t<div class=\"et-image-thumb \">\n\t\t\t\t\t<img decoding=\"async\" width=\"1500\" height=\"1370\" src=\"https:\/\/svetslik.si\/wp-content\/uploads\/2021\/09\/Stenske-slike-\u2013-Ornament.webp\" class=\"attachment-full\" alt=\"Wandbilder - Gem\u00e4lde - Ornament\" title=\"Wandbilder - Gem\u00e4lde - Ornament\" srcset=\"https:\/\/svetslik.si\/wp-content\/uploads\/2021\/09\/Stenske-slike-\u2013-Ornament.webp 1500w, https:\/\/svetslik.si\/wp-content\/uploads\/2021\/09\/Stenske-slike-\u2013-Ornament-300x274.webp 300w, https:\/\/svetslik.si\/wp-content\/uploads\/2021\/09\/Stenske-slike-\u2013-Ornament-1024x935.webp 1024w, https:\/\/svetslik.si\/wp-content\/uploads\/2021\/09\/Stenske-slike-\u2013-Ornament-768x701.webp 768w, https:\/\/svetslik.si\/wp-content\/uploads\/2021\/09\/Stenske-slike-\u2013-Ornament-150x137.webp 150w, https:\/\/svetslik.si\/wp-content\/uploads\/2021\/09\/Stenske-slike-\u2013-Ornament-600x548.webp 600w, https:\/\/svetslik.si\/wp-content\/uploads\/2021\/09\/Stenske-slike-\u2013-Ornament-1200x1096.webp 1200w\" sizes=\"(max-width: 1500px) 100vw, 1500px\" \/>\t\t\t\t<\/div>\n\t\t\t\t\t\t\t\t\t\t\t<\/div>\n\t<\/div>\n  [\/vc_column][\/vc_row][vc_row css=&#8221;.vc_custom_1774089670870{margin-bottom: 10px !important;}&#8221;][vc_column]\t<div class=\"et-image-134 et-image     et_image_link\">\n\t\t<div class=\"et-image-inner \">\n\t\t\t\t\t\t\t<div class=\"et-image-thumb \">\n\t\t\t\t\t<img decoding=\"async\" width=\"1500\" height=\"1125\" src=\"https:\/\/svetslik.si\/wp-content\/uploads\/2021\/09\/Stenske-slike-\u2013-Ornament3.webp\" class=\"attachment-full\" alt=\"Wandbilder - Gem\u00e4lde - Ornament\" title=\"Wandbilder - Gem\u00e4lde - Ornament\" srcset=\"https:\/\/svetslik.si\/wp-content\/uploads\/2021\/09\/Stenske-slike-\u2013-Ornament3.webp 1500w, https:\/\/svetslik.si\/wp-content\/uploads\/2021\/09\/Stenske-slike-\u2013-Ornament3-300x225.webp 300w, https:\/\/svetslik.si\/wp-content\/uploads\/2021\/09\/Stenske-slike-\u2013-Ornament3-1024x768.webp 1024w, https:\/\/svetslik.si\/wp-content\/uploads\/2021\/09\/Stenske-slike-\u2013-Ornament3-768x576.webp 768w, https:\/\/svetslik.si\/wp-content\/uploads\/2021\/09\/Stenske-slike-\u2013-Ornament3-150x113.webp 150w, https:\/\/svetslik.si\/wp-content\/uploads\/2021\/09\/Stenske-slike-\u2013-Ornament3-600x450.webp 600w, https:\/\/svetslik.si\/wp-content\/uploads\/2021\/09\/Stenske-slike-\u2013-Ornament3-1200x900.webp 1200w\" sizes=\"(max-width: 1500px) 100vw, 1500px\" \/>\t\t\t\t<\/div>\n\t\t\t\t\t\t\t\t\t\t\t<\/div>\n\t<\/div>\n  [\/vc_column][\/vc_row]\n<\/div>","protected":false},"excerpt":{"rendered":"<p>[vc_row css=&#8221;.vc_custom_1774089670870{margin-bottom: 10px !important;}&#8221;][vc_column][\/vc_column][\/vc_row][vc_row css=&#8221;.vc_custom_1774089670870{margin-bottom: 10px !important;}&#8221;][vc_column][\/vc_column][\/vc_row][vc_row css=&#8221;.vc_custom_1774089670870{margin-bottom: 10px !important;}&#8221;][vc_column][\/vc_column][\/vc_row][vc_row css=&#8221;.vc_custom_1774089670870{margin-bottom: 10px !important;}&#8221;][vc_column][\/vc_column][\/vc_row]<\/p>\n","protected":false},"featured_media":63908,"template":"","meta":{"_acf_changed":false},"product_brand":[],"product_cat":[8471],"product_tag":[8477,8485,8522,8523,8524,8774,9135,8499,9133,8510,9134,8775],"class_list":{"0":"post-72487","1":"product","2":"type-product","3":"status-publish","4":"has-post-thumbnail","6":"product_cat-leinwandbilder-einteilige","7":"product_tag-abstrakte-gemaelde-de","8":"product_tag-dekorative-gemaelde","9":"product_tag-gemaelde-auf-leinwand","10":"product_tag-gemaelde-fuer-das-wohnzimmer","11":"product_tag-gemaelde-fuer-die-wand","12":"product_tag-gemalde-fur-wohnzimmer-3","13":"product_tag-kunst-gemalde","14":"product_tag-moderne-gemalde-de","15":"product_tag-online-galerie","16":"product_tag-verkauf-von-gemaelden","17":"product_tag-wanddekoration","18":"product_tag-wandgemalde-1","19":"pa_dimenzija-100-x-50-cm","20":"pa_dimenzija-120-x-60-cm","21":"pa_dimenzija-140-x-70-cm","22":"pa_dimenzija-160-x-80-cm","23":"pa_dimenzija-180-x-90-cm","24":"pa_dimenzija-200-x-100-cm","25":"pa_oblika-horizontal-de","26":"pa_okvir-ohne-rahmen","27":"pa_podokvir-ja","28":"pa_podokvir-nein","30":"first","31":"instock","32":"purchasable","33":"product-type-variable","34":"has-default-attributes"},"acf":[],"yoast_head":"<!-- This site is optimized with the Yoast SEO Premium plugin v26.0 (Yoast SEO v27.2) - https:\/\/yoast.com\/product\/yoast-seo-premium-wordpress\/ -->\n<title>Wandbilder - Gem\u00e4lde - Ornament - SVETSLIK.SI - 100% handgemalt<\/title>\n<meta name=\"description\" content=\"Wandbilder - Gem\u00e4lde - Ornament - 100% handgemalte Leinwandbilder. Verkauf von abstrakter Kunst, modernen Gem\u00e4lden, Reproduktionen bekannter Maler, individuelle Anfertigung von Gem\u00e4lden und Bilderrahmung.\" \/>\n<meta name=\"robots\" content=\"index, follow, max-snippet:-1, max-image-preview:large, max-video-preview:-1\" \/>\n<link rel=\"canonical\" href=\"https:\/\/svetslik.si\/de\/leinwandbilder-einteilige\/wandbilder-gemalde-ornament\/\" \/>\n<meta property=\"og:locale\" content=\"de_DE\" \/>\n<meta property=\"og:type\" content=\"article\" \/>\n<meta property=\"og:title\" content=\"Wandbilder - Gem\u00e4lde - Ornament\" \/>\n<meta property=\"og:description\" content=\"100% ro\u010dno naslikane slike na platnu, reprodukcije znanih slikarjev in umetni\u0161ke slike po naro\u010dilu.\" \/>\n<meta property=\"og:url\" content=\"https:\/\/svetslik.si\/de\/leinwandbilder-einteilige\/wandbilder-gemalde-ornament\/\" \/>\n<meta property=\"og:site_name\" content=\"SVETSLIK.SI\" \/>\n<meta property=\"article:publisher\" content=\"https:\/\/www.facebook.com\/svetslik.si\" \/>\n<meta property=\"article:modified_time\" content=\"2026-03-21T10:43:08+00:00\" \/>\n<meta property=\"og:image\" content=\"https:\/\/svetslik.si\/wp-content\/uploads\/2021\/08\/image_Ornament-moderna-umetniska-slika_680.jpg\" \/>\n\t<meta property=\"og:image:width\" content=\"680\" \/>\n\t<meta property=\"og:image:height\" content=\"337\" \/>\n\t<meta property=\"og:image:type\" content=\"image\/jpeg\" \/>\n<meta name=\"twitter:card\" content=\"summary_large_image\" \/>\n<meta name=\"twitter:site\" content=\"@svetslik\" \/>\n<meta name=\"twitter:label1\" content=\"Verf\u00fcgbarkeit\" \/>\n\t<meta name=\"twitter:data1\" content=\"Auf Lager\" \/>\n<script type=\"application\/ld+json\" class=\"yoast-schema-graph\">{\"@context\":\"https:\/\/schema.org\",\"@graph\":[{\"@type\":[\"WebPage\",\"ItemPage\"],\"@id\":\"https:\/\/svetslik.si\/de\/leinwandbilder-einteilige\/wandbilder-gemalde-ornament\/\",\"url\":\"https:\/\/svetslik.si\/de\/leinwandbilder-einteilige\/wandbilder-gemalde-ornament\/\",\"name\":\"Wandbilder - Gem\u00e4lde - Ornament - SVETSLIK.SI - 100% handgemalt\",\"isPartOf\":{\"@id\":\"https:\/\/svetslik.si\/de\/#website\"},\"primaryImageOfPage\":{\"@id\":\"https:\/\/svetslik.si\/de\/leinwandbilder-einteilige\/wandbilder-gemalde-ornament\/#primaryimage\"},\"image\":{\"@id\":\"https:\/\/svetslik.si\/de\/leinwandbilder-einteilige\/wandbilder-gemalde-ornament\/#primaryimage\"},\"thumbnailUrl\":\"https:\/\/svetslik.si\/wp-content\/uploads\/2021\/08\/image_Ornament-moderna-umetniska-slika_680.jpg\",\"datePublished\":\"2021-09-02T17:21:23+00:00\",\"dateModified\":\"2026-03-21T10:43:08+00:00\",\"description\":\"Wandbilder - Gem\u00e4lde - Ornament - 100% handgemalte Leinwandbilder. Verkauf von abstrakter Kunst, modernen Gem\u00e4lden, Reproduktionen bekannter Maler, individuelle Anfertigung von Gem\u00e4lden und Bilderrahmung.\",\"breadcrumb\":{\"@id\":\"https:\/\/svetslik.si\/de\/leinwandbilder-einteilige\/wandbilder-gemalde-ornament\/#breadcrumb\"},\"inLanguage\":\"de\",\"potentialAction\":[{\"@type\":\"ReadAction\",\"target\":[\"https:\/\/svetslik.si\/de\/leinwandbilder-einteilige\/wandbilder-gemalde-ornament\/\"]}]},{\"@type\":\"ImageObject\",\"inLanguage\":\"de\",\"@id\":\"https:\/\/svetslik.si\/de\/leinwandbilder-einteilige\/wandbilder-gemalde-ornament\/#primaryimage\",\"url\":\"https:\/\/svetslik.si\/wp-content\/uploads\/2021\/08\/image_Ornament-moderna-umetniska-slika_680.jpg\",\"contentUrl\":\"https:\/\/svetslik.si\/wp-content\/uploads\/2021\/08\/image_Ornament-moderna-umetniska-slika_680.jpg\",\"width\":680,\"height\":337,\"caption\":\"Ornament \u2013 \u200b\u200bmoderne Kunstmalerei \u2013 moderne, stimmungsvolle, abstrakte, dekorative Gem\u00e4lde auf Leinwand, Wandgem\u00e4lde\"},{\"@type\":\"BreadcrumbList\",\"@id\":\"https:\/\/svetslik.si\/de\/leinwandbilder-einteilige\/wandbilder-gemalde-ornament\/#breadcrumb\",\"itemListElement\":[{\"@type\":\"ListItem\",\"position\":1,\"name\":\"Wandkunst und Gem\u00e4lde auf Leinwand\",\"item\":\"https:\/\/svetslik.si\/de\/\"},{\"@type\":\"ListItem\",\"position\":2,\"name\":\"Verkauf von Gem\u00e4lden\",\"item\":\"https:\/\/svetslik.si\/prodaja-slik\/\"},{\"@type\":\"ListItem\",\"position\":3,\"name\":\"Wandbilder &#8211; Gem\u00e4lde &#8211; Ornament\"}]},{\"@type\":\"WebSite\",\"@id\":\"https:\/\/svetslik.si\/de\/#website\",\"url\":\"https:\/\/svetslik.si\/de\/\",\"name\":\"SVETSLIK.SI\",\"description\":\"100% handgemalte Reproduktionen von Gem\u00e4lden ber\u00fchmter Maler und Gem\u00e4lde auf Leinwand.\",\"publisher\":{\"@id\":\"https:\/\/svetslik.si\/de\/#organization\"},\"potentialAction\":[{\"@type\":\"SearchAction\",\"target\":{\"@type\":\"EntryPoint\",\"urlTemplate\":\"https:\/\/svetslik.si\/de\/?s={search_term_string}\"},\"query-input\":{\"@type\":\"PropertyValueSpecification\",\"valueRequired\":true,\"valueName\":\"search_term_string\"}}],\"inLanguage\":\"de\"},{\"@type\":\"Organization\",\"@id\":\"https:\/\/svetslik.si\/de\/#organization\",\"name\":\"SvetSlik.si\",\"url\":\"https:\/\/svetslik.si\/de\/\",\"logo\":{\"@type\":\"ImageObject\",\"inLanguage\":\"de\",\"@id\":\"https:\/\/svetslik.si\/de\/#\/schema\/logo\/image\/\",\"url\":\"https:\/\/svetslik.si\/wp-content\/uploads\/2020\/12\/logo-512.png\",\"contentUrl\":\"https:\/\/svetslik.si\/wp-content\/uploads\/2020\/12\/logo-512.png\",\"width\":512,\"height\":512,\"caption\":\"SvetSlik.si\"},\"image\":{\"@id\":\"https:\/\/svetslik.si\/de\/#\/schema\/logo\/image\/\"},\"sameAs\":[\"https:\/\/www.facebook.com\/svetslik.si\",\"https:\/\/x.com\/svetslik\",\"https:\/\/www.instagram.com\/svetslik.si\/\",\"https:\/\/www.linkedin.com\/company\/svetslik-si\"]}]}<\/script>\n<meta property=\"og:availability\" content=\"instock\" \/>\n<meta property=\"product:availability\" content=\"instock\" \/>\n<meta property=\"product:retailer_item_id\" content=\"1081__\" \/>\n<meta property=\"product:condition\" content=\"new\" \/>\n<!-- \/ Yoast SEO Premium plugin. -->","yoast_head_json":{"title":"Wandbilder - Gem\u00e4lde - Ornament - SVETSLIK.SI - 100% handgemalt","description":"Wandbilder - Gem\u00e4lde - Ornament - 100% handgemalte Leinwandbilder. Verkauf von abstrakter Kunst, modernen Gem\u00e4lden, Reproduktionen bekannter Maler, individuelle Anfertigung von Gem\u00e4lden und Bilderrahmung.","robots":{"index":"index","follow":"follow","max-snippet":"max-snippet:-1","max-image-preview":"max-image-preview:large","max-video-preview":"max-video-preview:-1"},"canonical":"https:\/\/svetslik.si\/de\/leinwandbilder-einteilige\/wandbilder-gemalde-ornament\/","og_locale":"de_DE","og_type":"article","og_title":"Wandbilder - Gem\u00e4lde - Ornament","og_description":"100% ro\u010dno naslikane slike na platnu, reprodukcije znanih slikarjev in umetni\u0161ke slike po naro\u010dilu.","og_url":"https:\/\/svetslik.si\/de\/leinwandbilder-einteilige\/wandbilder-gemalde-ornament\/","og_site_name":"SVETSLIK.SI","article_publisher":"https:\/\/www.facebook.com\/svetslik.si","article_modified_time":"2026-03-21T10:43:08+00:00","og_image":[{"width":680,"height":337,"url":"https:\/\/svetslik.si\/wp-content\/uploads\/2021\/08\/image_Ornament-moderna-umetniska-slika_680.jpg","type":"image\/jpeg"}],"twitter_card":"summary_large_image","twitter_site":"@svetslik","twitter_misc":{"Verf\u00fcgbarkeit":"Auf Lager"},"schema":{"@context":"https:\/\/schema.org","@graph":[{"@type":["WebPage","ItemPage"],"@id":"https:\/\/svetslik.si\/de\/leinwandbilder-einteilige\/wandbilder-gemalde-ornament\/","url":"https:\/\/svetslik.si\/de\/leinwandbilder-einteilige\/wandbilder-gemalde-ornament\/","name":"Wandbilder - Gem\u00e4lde - Ornament - SVETSLIK.SI - 100% handgemalt","isPartOf":{"@id":"https:\/\/svetslik.si\/de\/#website"},"primaryImageOfPage":{"@id":"https:\/\/svetslik.si\/de\/leinwandbilder-einteilige\/wandbilder-gemalde-ornament\/#primaryimage"},"image":{"@id":"https:\/\/svetslik.si\/de\/leinwandbilder-einteilige\/wandbilder-gemalde-ornament\/#primaryimage"},"thumbnailUrl":"https:\/\/svetslik.si\/wp-content\/uploads\/2021\/08\/image_Ornament-moderna-umetniska-slika_680.jpg","datePublished":"2021-09-02T17:21:23+00:00","dateModified":"2026-03-21T10:43:08+00:00","description":"Wandbilder - Gem\u00e4lde - Ornament - 100% handgemalte Leinwandbilder. Verkauf von abstrakter Kunst, modernen Gem\u00e4lden, Reproduktionen bekannter Maler, individuelle Anfertigung von Gem\u00e4lden und Bilderrahmung.","breadcrumb":{"@id":"https:\/\/svetslik.si\/de\/leinwandbilder-einteilige\/wandbilder-gemalde-ornament\/#breadcrumb"},"inLanguage":"de","potentialAction":[{"@type":"ReadAction","target":["https:\/\/svetslik.si\/de\/leinwandbilder-einteilige\/wandbilder-gemalde-ornament\/"]}]},{"@type":"ImageObject","inLanguage":"de","@id":"https:\/\/svetslik.si\/de\/leinwandbilder-einteilige\/wandbilder-gemalde-ornament\/#primaryimage","url":"https:\/\/svetslik.si\/wp-content\/uploads\/2021\/08\/image_Ornament-moderna-umetniska-slika_680.jpg","contentUrl":"https:\/\/svetslik.si\/wp-content\/uploads\/2021\/08\/image_Ornament-moderna-umetniska-slika_680.jpg","width":680,"height":337,"caption":"Ornament \u2013 \u200b\u200bmoderne Kunstmalerei \u2013 moderne, stimmungsvolle, abstrakte, dekorative Gem\u00e4lde auf Leinwand, Wandgem\u00e4lde"},{"@type":"BreadcrumbList","@id":"https:\/\/svetslik.si\/de\/leinwandbilder-einteilige\/wandbilder-gemalde-ornament\/#breadcrumb","itemListElement":[{"@type":"ListItem","position":1,"name":"Wandkunst und Gem\u00e4lde auf Leinwand","item":"https:\/\/svetslik.si\/de\/"},{"@type":"ListItem","position":2,"name":"Verkauf von Gem\u00e4lden","item":"https:\/\/svetslik.si\/prodaja-slik\/"},{"@type":"ListItem","position":3,"name":"Wandbilder &#8211; Gem\u00e4lde &#8211; Ornament"}]},{"@type":"WebSite","@id":"https:\/\/svetslik.si\/de\/#website","url":"https:\/\/svetslik.si\/de\/","name":"SVETSLIK.SI","description":"100% handgemalte Reproduktionen von Gem\u00e4lden ber\u00fchmter Maler und Gem\u00e4lde auf Leinwand.","publisher":{"@id":"https:\/\/svetslik.si\/de\/#organization"},"potentialAction":[{"@type":"SearchAction","target":{"@type":"EntryPoint","urlTemplate":"https:\/\/svetslik.si\/de\/?s={search_term_string}"},"query-input":{"@type":"PropertyValueSpecification","valueRequired":true,"valueName":"search_term_string"}}],"inLanguage":"de"},{"@type":"Organization","@id":"https:\/\/svetslik.si\/de\/#organization","name":"SvetSlik.si","url":"https:\/\/svetslik.si\/de\/","logo":{"@type":"ImageObject","inLanguage":"de","@id":"https:\/\/svetslik.si\/de\/#\/schema\/logo\/image\/","url":"https:\/\/svetslik.si\/wp-content\/uploads\/2020\/12\/logo-512.png","contentUrl":"https:\/\/svetslik.si\/wp-content\/uploads\/2020\/12\/logo-512.png","width":512,"height":512,"caption":"SvetSlik.si"},"image":{"@id":"https:\/\/svetslik.si\/de\/#\/schema\/logo\/image\/"},"sameAs":["https:\/\/www.facebook.com\/svetslik.si","https:\/\/x.com\/svetslik","https:\/\/www.instagram.com\/svetslik.si\/","https:\/\/www.linkedin.com\/company\/svetslik-si"]}]},"og_availability":"instock","product_availability":"instock","product_retailer_item_id":"1081__","product_condition":"new"},"jetpack_sharing_enabled":true,"_links":{"self":[{"href":"https:\/\/svetslik.si\/de\/wp-json\/wp\/v2\/product\/72487","targetHints":{"allow":["GET"]}}],"collection":[{"href":"https:\/\/svetslik.si\/de\/wp-json\/wp\/v2\/product"}],"about":[{"href":"https:\/\/svetslik.si\/de\/wp-json\/wp\/v2\/types\/product"}],"wp:featuredmedia":[{"embeddable":true,"href":"https:\/\/svetslik.si\/de\/wp-json\/wp\/v2\/media\/63908"}],"wp:attachment":[{"href":"https:\/\/svetslik.si\/de\/wp-json\/wp\/v2\/media?parent=72487"}],"wp:term":[{"taxonomy":"product_brand","embeddable":true,"href":"https:\/\/svetslik.si\/de\/wp-json\/wp\/v2\/product_brand?post=72487"},{"taxonomy":"product_cat","embeddable":true,"href":"https:\/\/svetslik.si\/de\/wp-json\/wp\/v2\/product_cat?post=72487"},{"taxonomy":"product_tag","embeddable":true,"href":"https:\/\/svetslik.si\/de\/wp-json\/wp\/v2\/product_tag?post=72487"}],"curies":[{"name":"wp","href":"https:\/\/api.w.org\/{rel}","templated":true}]}}