{"id":72513,"date":"2021-09-02T19:22:26","date_gmt":"2021-09-02T17:22:26","guid":{"rendered":"https:\/\/svetslik.si\/unkategorisiert\/drevesa-jeseni-umetniska-slika\/"},"modified":"2026-03-22T14:47:46","modified_gmt":"2026-03-22T13:47:46","slug":"wandbilder-gemalde-herbstbaeume","status":"publish","type":"product","link":"https:\/\/svetslik.si\/de\/leinwandbilder-mehrteilige\/wandbilder-gemalde-herbstbaeume\/","title":{"rendered":"Wandbilder &#8211; Gem\u00e4lde &#8211; Herbstb\u00e4ume"},"content":{"rendered":"<div class=\"wpb-content-wrapper\">[vc_row css=&#8221;.vc_custom_1699625982477{margin-bottom: 10px !important;}&#8221;][vc_column]\t<div class=\"et-image-717 et-image     et_image_link\">\n\t\t<div class=\"et-image-inner \">\n\t\t\t\t\t\t\t<div class=\"et-image-thumb \">\n\t\t\t\t\t<img decoding=\"async\" width=\"1000\" height=\"656\" src=\"https:\/\/svetslik.si\/wp-content\/uploads\/2021\/09\/Stenske-slike-\u2013-Drevesa-jeseni.jpg\" class=\"attachment-full\" alt=\"Wandbild: Herbstliche B\u00e4ume in lebendigen Farben.\" title=\"Wandbilder \u2013 Herbstb\u00e4ume\" srcset=\"https:\/\/svetslik.si\/wp-content\/uploads\/2021\/09\/Stenske-slike-\u2013-Drevesa-jeseni.jpg 1000w, https:\/\/svetslik.si\/wp-content\/uploads\/2021\/09\/Stenske-slike-\u2013-Drevesa-jeseni-600x394.jpg 600w, https:\/\/svetslik.si\/wp-content\/uploads\/2021\/09\/Stenske-slike-\u2013-Drevesa-jeseni-300x197.jpg 300w, https:\/\/svetslik.si\/wp-content\/uploads\/2021\/09\/Stenske-slike-\u2013-Drevesa-jeseni-768x504.jpg 768w, https:\/\/svetslik.si\/wp-content\/uploads\/2021\/09\/Stenske-slike-\u2013-Drevesa-jeseni-150x98.jpg 150w, https:\/\/svetslik.si\/wp-content\/uploads\/2021\/09\/Stenske-slike-\u2013-Drevesa-jeseni-900x590.jpg 900w\" sizes=\"(max-width: 1000px) 100vw, 1000px\" \/>\t\t\t\t<\/div>\n\t\t\t\t\t\t\t\t\t\t\t<\/div>\n\t<\/div>\n  [\/vc_column][\/vc_row][vc_row css=&#8221;.vc_custom_1699625982477{margin-bottom: 10px !important;}&#8221;][vc_column]\t<div class=\"et-image-446 et-image     et_image_link\">\n\t\t<div class=\"et-image-inner \">\n\t\t\t\t\t\t\t<div class=\"et-image-thumb \">\n\t\t\t\t\t<img decoding=\"async\" width=\"1000\" height=\"1302\" src=\"https:\/\/svetslik.si\/wp-content\/uploads\/2021\/09\/Stenske-slike-\u2013-Drevesa-jeseni-3.jpg\" class=\"attachment-full\" alt=\"Mehrteilige Leinwandkunst mit dem Titel &quot;Center&quot;.\" title=\"Wandbilder \u2013 Herbstb\u00e4ume\" srcset=\"https:\/\/svetslik.si\/wp-content\/uploads\/2021\/09\/Stenske-slike-\u2013-Drevesa-jeseni-3.jpg 1000w, https:\/\/svetslik.si\/wp-content\/uploads\/2021\/09\/Stenske-slike-\u2013-Drevesa-jeseni-3-600x781.jpg 600w, https:\/\/svetslik.si\/wp-content\/uploads\/2021\/09\/Stenske-slike-\u2013-Drevesa-jeseni-3-230x300.jpg 230w, https:\/\/svetslik.si\/wp-content\/uploads\/2021\/09\/Stenske-slike-\u2013-Drevesa-jeseni-3-786x1024.jpg 786w, https:\/\/svetslik.si\/wp-content\/uploads\/2021\/09\/Stenske-slike-\u2013-Drevesa-jeseni-3-768x1000.jpg 768w, https:\/\/svetslik.si\/wp-content\/uploads\/2021\/09\/Stenske-slike-\u2013-Drevesa-jeseni-3-115x150.jpg 115w, https:\/\/svetslik.si\/wp-content\/uploads\/2021\/09\/Stenske-slike-\u2013-Drevesa-jeseni-3-900x1172.jpg 900w\" sizes=\"(max-width: 1000px) 100vw, 1000px\" \/>\t\t\t\t<\/div>\n\t\t\t\t\t\t\t\t\t\t\t<\/div>\n\t<\/div>\n  [\/vc_column][\/vc_row][vc_row css=&#8221;.vc_custom_1699625982477{margin-bottom: 10px !important;}&#8221;][vc_column]\t<div class=\"et-image-451 et-image     et_image_link\">\n\t\t<div class=\"et-image-inner \">\n\t\t\t\t\t\t\t<div class=\"et-image-thumb \">\n\t\t\t\t\t<img decoding=\"async\" width=\"1000\" height=\"547\" src=\"https:\/\/svetslik.si\/wp-content\/uploads\/2021\/09\/Stenske-slike-\u2013-Drevesa-jeseni-2.jpg\" class=\"attachment-full\" alt=\"Stimmungsvolle Wandbilder mit dem Motiv von herbstlichen B\u00e4umen.\" title=\"Wandbilder \u2013 Herbstb\u00e4ume\" srcset=\"https:\/\/svetslik.si\/wp-content\/uploads\/2021\/09\/Stenske-slike-\u2013-Drevesa-jeseni-2.jpg 1000w, https:\/\/svetslik.si\/wp-content\/uploads\/2021\/09\/Stenske-slike-\u2013-Drevesa-jeseni-2-600x328.jpg 600w, https:\/\/svetslik.si\/wp-content\/uploads\/2021\/09\/Stenske-slike-\u2013-Drevesa-jeseni-2-300x164.jpg 300w, https:\/\/svetslik.si\/wp-content\/uploads\/2021\/09\/Stenske-slike-\u2013-Drevesa-jeseni-2-768x420.jpg 768w, https:\/\/svetslik.si\/wp-content\/uploads\/2021\/09\/Stenske-slike-\u2013-Drevesa-jeseni-2-150x82.jpg 150w, https:\/\/svetslik.si\/wp-content\/uploads\/2021\/09\/Stenske-slike-\u2013-Drevesa-jeseni-2-900x492.jpg 900w\" sizes=\"(max-width: 1000px) 100vw, 1000px\" \/>\t\t\t\t<\/div>\n\t\t\t\t\t\t\t\t\t\t\t<\/div>\n\t<\/div>\n  [\/vc_column][\/vc_row]\n<\/div>","protected":false},"excerpt":{"rendered":"<p>[vc_row css=&#8221;.vc_custom_1699625982477{margin-bottom: 10px !important;}&#8221;][vc_column][\/vc_column][\/vc_row][vc_row css=&#8221;.vc_custom_1699625982477{margin-bottom: 10px !important;}&#8221;][vc_column][\/vc_column][\/vc_row][vc_row css=&#8221;.vc_custom_1699625982477{margin-bottom: 10px !important;}&#8221;][vc_column][\/vc_column][\/vc_row]<\/p>\n","protected":false},"featured_media":63588,"template":"","meta":{"_acf_changed":false},"product_brand":[],"product_cat":[8472],"product_tag":[8477,8522,8523,8774,9135,8776,8499,8510,8775],"class_list":{"0":"post-72513","1":"product","2":"type-product","3":"status-publish","4":"has-post-thumbnail","6":"product_cat-leinwandbilder-mehrteilige","7":"product_tag-abstrakte-gemaelde-de","8":"product_tag-gemaelde-auf-leinwand","9":"product_tag-gemaelde-fuer-das-wohnzimmer","10":"product_tag-gemalde-fur-wohnzimmer-3","11":"product_tag-kunst-gemalde","12":"product_tag-mehrteilige-gemalde","13":"product_tag-moderne-gemalde-de","14":"product_tag-verkauf-von-gemaelden","15":"product_tag-wandgemalde-1","16":"pa_dimenzija-105-x-70-cm-de","17":"pa_dimenzija-150-x-100-cm-de","18":"pa_dimenzija-210-x-150-cm-de","19":"pa_dimenzija-75-x-50-cm-de","20":"pa_oblika-horizontal-de","21":"pa_pod-okvir-im-preis-inbegriffen","22":"pa_podokvir-ja","23":"pa_podokvir-nein","25":"first","26":"onbackorder","27":"purchasable","28":"product-type-variable","29":"has-default-attributes"},"acf":[],"yoast_head":"<!-- This site is optimized with the Yoast SEO Premium plugin v26.0 (Yoast SEO v27.2) - https:\/\/yoast.com\/product\/yoast-seo-premium-wordpress\/ -->\n<title>Wandbilder - Gem\u00e4lde - Herbstb\u00e4ume - SVETSLIK.SI - 100% handgemalt<\/title>\n<meta name=\"description\" content=\"Wandbilder - Gem\u00e4lde - Herbstb\u00e4ume - 100% handgemalte Leinwandbilder. Verkauf von abstrakter Kunst, modernen Gem\u00e4lden, Reproduktionen bekannter Maler, individuelle Anfertigung von Gem\u00e4lden und Bilderrahmung.\" \/>\n<meta name=\"robots\" content=\"index, follow, max-snippet:-1, max-image-preview:large, max-video-preview:-1\" \/>\n<link rel=\"canonical\" href=\"https:\/\/svetslik.si\/de\/leinwandbilder-mehrteilige\/wandbilder-gemalde-herbstbaeume\/\" \/>\n<meta property=\"og:locale\" content=\"de_DE\" \/>\n<meta property=\"og:type\" content=\"article\" \/>\n<meta property=\"og:title\" content=\"Wandbilder - Gem\u00e4lde - Herbstb\u00e4ume\" \/>\n<meta property=\"og:description\" content=\"100% ro\u010dno naslikane slike na platnu, reprodukcije znanih slikarjev in umetni\u0161ke slike po naro\u010dilu.\" \/>\n<meta property=\"og:url\" content=\"https:\/\/svetslik.si\/de\/leinwandbilder-mehrteilige\/wandbilder-gemalde-herbstbaeume\/\" \/>\n<meta property=\"og:site_name\" content=\"SVETSLIK.SI\" \/>\n<meta property=\"article:publisher\" content=\"https:\/\/www.facebook.com\/svetslik.si\" \/>\n<meta property=\"article:modified_time\" content=\"2026-03-22T13:47:46+00:00\" \/>\n<meta property=\"og:image\" content=\"https:\/\/svetslik.si\/wp-content\/uploads\/2021\/08\/image_Drevesa-jeseni-umetniska-slika_680.png\" \/>\n\t<meta property=\"og:image:width\" content=\"680\" \/>\n\t<meta property=\"og:image:height\" content=\"433\" \/>\n\t<meta property=\"og:image:type\" content=\"image\/png\" \/>\n<meta name=\"twitter:card\" content=\"summary_large_image\" \/>\n<meta name=\"twitter:site\" content=\"@svetslik\" \/>\n<meta name=\"twitter:label1\" content=\"Verf\u00fcgbarkeit\" \/>\n\t<meta name=\"twitter:data1\" content=\"bei Nachbestellung\" \/>\n<script type=\"application\/ld+json\" class=\"yoast-schema-graph\">{\"@context\":\"https:\/\/schema.org\",\"@graph\":[{\"@type\":[\"WebPage\",\"ItemPage\"],\"@id\":\"https:\/\/svetslik.si\/de\/leinwandbilder-mehrteilige\/wandbilder-gemalde-herbstbaeume\/\",\"url\":\"https:\/\/svetslik.si\/de\/leinwandbilder-mehrteilige\/wandbilder-gemalde-herbstbaeume\/\",\"name\":\"Wandbilder - Gem\u00e4lde - Herbstb\u00e4ume - SVETSLIK.SI - 100% handgemalt\",\"isPartOf\":{\"@id\":\"https:\/\/svetslik.si\/de\/#website\"},\"primaryImageOfPage\":{\"@id\":\"https:\/\/svetslik.si\/de\/leinwandbilder-mehrteilige\/wandbilder-gemalde-herbstbaeume\/#primaryimage\"},\"image\":{\"@id\":\"https:\/\/svetslik.si\/de\/leinwandbilder-mehrteilige\/wandbilder-gemalde-herbstbaeume\/#primaryimage\"},\"thumbnailUrl\":\"https:\/\/svetslik.si\/wp-content\/uploads\/2021\/08\/image_Drevesa-jeseni-umetniska-slika_680.png\",\"datePublished\":\"2021-09-02T17:22:26+00:00\",\"dateModified\":\"2026-03-22T13:47:46+00:00\",\"description\":\"Wandbilder - Gem\u00e4lde - Herbstb\u00e4ume - 100% handgemalte Leinwandbilder. Verkauf von abstrakter Kunst, modernen Gem\u00e4lden, Reproduktionen bekannter Maler, individuelle Anfertigung von Gem\u00e4lden und Bilderrahmung.\",\"breadcrumb\":{\"@id\":\"https:\/\/svetslik.si\/de\/leinwandbilder-mehrteilige\/wandbilder-gemalde-herbstbaeume\/#breadcrumb\"},\"inLanguage\":\"de\",\"potentialAction\":[{\"@type\":\"ReadAction\",\"target\":[\"https:\/\/svetslik.si\/de\/leinwandbilder-mehrteilige\/wandbilder-gemalde-herbstbaeume\/\"]}]},{\"@type\":\"ImageObject\",\"inLanguage\":\"de\",\"@id\":\"https:\/\/svetslik.si\/de\/leinwandbilder-mehrteilige\/wandbilder-gemalde-herbstbaeume\/#primaryimage\",\"url\":\"https:\/\/svetslik.si\/wp-content\/uploads\/2021\/08\/image_Drevesa-jeseni-umetniska-slika_680.png\",\"contentUrl\":\"https:\/\/svetslik.si\/wp-content\/uploads\/2021\/08\/image_Drevesa-jeseni-umetniska-slika_680.png\",\"width\":680,\"height\":433,\"caption\":\"Wandbilder auf Leinwand, Kunstbild \u2013 moderne Bilder, Ambientebilder f\u00fcr die Wand, abstrakte Bilder, dekorative Wandbilder, Bilder kaufen und verkaufen \u2013 Herbstb\u00e4ume \u2013 Kunstbild\"},{\"@type\":\"BreadcrumbList\",\"@id\":\"https:\/\/svetslik.si\/de\/leinwandbilder-mehrteilige\/wandbilder-gemalde-herbstbaeume\/#breadcrumb\",\"itemListElement\":[{\"@type\":\"ListItem\",\"position\":1,\"name\":\"Wandkunst und Gem\u00e4lde auf Leinwand\",\"item\":\"https:\/\/svetslik.si\/de\/\"},{\"@type\":\"ListItem\",\"position\":2,\"name\":\"Verkauf von Gem\u00e4lden\",\"item\":\"https:\/\/svetslik.si\/prodaja-slik\/\"},{\"@type\":\"ListItem\",\"position\":3,\"name\":\"Wandbilder &#8211; Gem\u00e4lde &#8211; Herbstb\u00e4ume\"}]},{\"@type\":\"WebSite\",\"@id\":\"https:\/\/svetslik.si\/de\/#website\",\"url\":\"https:\/\/svetslik.si\/de\/\",\"name\":\"SVETSLIK.SI\",\"description\":\"100% handgemalte Reproduktionen von Gem\u00e4lden ber\u00fchmter Maler und Gem\u00e4lde auf Leinwand.\",\"publisher\":{\"@id\":\"https:\/\/svetslik.si\/de\/#organization\"},\"potentialAction\":[{\"@type\":\"SearchAction\",\"target\":{\"@type\":\"EntryPoint\",\"urlTemplate\":\"https:\/\/svetslik.si\/de\/?s={search_term_string}\"},\"query-input\":{\"@type\":\"PropertyValueSpecification\",\"valueRequired\":true,\"valueName\":\"search_term_string\"}}],\"inLanguage\":\"de\"},{\"@type\":\"Organization\",\"@id\":\"https:\/\/svetslik.si\/de\/#organization\",\"name\":\"SvetSlik.si\",\"url\":\"https:\/\/svetslik.si\/de\/\",\"logo\":{\"@type\":\"ImageObject\",\"inLanguage\":\"de\",\"@id\":\"https:\/\/svetslik.si\/de\/#\/schema\/logo\/image\/\",\"url\":\"https:\/\/svetslik.si\/wp-content\/uploads\/2020\/12\/logo-512.png\",\"contentUrl\":\"https:\/\/svetslik.si\/wp-content\/uploads\/2020\/12\/logo-512.png\",\"width\":512,\"height\":512,\"caption\":\"SvetSlik.si\"},\"image\":{\"@id\":\"https:\/\/svetslik.si\/de\/#\/schema\/logo\/image\/\"},\"sameAs\":[\"https:\/\/www.facebook.com\/svetslik.si\",\"https:\/\/x.com\/svetslik\",\"https:\/\/www.instagram.com\/svetslik.si\/\",\"https:\/\/www.linkedin.com\/company\/svetslik-si\"]}]}<\/script>\n<meta property=\"og:availability\" content=\"backorder\" \/>\n<meta property=\"product:availability\" content=\"available for order\" \/>\n<meta property=\"product:retailer_item_id\" content=\"1087__\" \/>\n<meta property=\"product:condition\" content=\"new\" \/>\n<!-- \/ Yoast SEO Premium plugin. -->","yoast_head_json":{"title":"Wandbilder - Gem\u00e4lde - Herbstb\u00e4ume - SVETSLIK.SI - 100% handgemalt","description":"Wandbilder - Gem\u00e4lde - Herbstb\u00e4ume - 100% handgemalte Leinwandbilder. Verkauf von abstrakter Kunst, modernen Gem\u00e4lden, Reproduktionen bekannter Maler, individuelle Anfertigung von Gem\u00e4lden und Bilderrahmung.","robots":{"index":"index","follow":"follow","max-snippet":"max-snippet:-1","max-image-preview":"max-image-preview:large","max-video-preview":"max-video-preview:-1"},"canonical":"https:\/\/svetslik.si\/de\/leinwandbilder-mehrteilige\/wandbilder-gemalde-herbstbaeume\/","og_locale":"de_DE","og_type":"article","og_title":"Wandbilder - Gem\u00e4lde - Herbstb\u00e4ume","og_description":"100% ro\u010dno naslikane slike na platnu, reprodukcije znanih slikarjev in umetni\u0161ke slike po naro\u010dilu.","og_url":"https:\/\/svetslik.si\/de\/leinwandbilder-mehrteilige\/wandbilder-gemalde-herbstbaeume\/","og_site_name":"SVETSLIK.SI","article_publisher":"https:\/\/www.facebook.com\/svetslik.si","article_modified_time":"2026-03-22T13:47:46+00:00","og_image":[{"width":680,"height":433,"url":"https:\/\/svetslik.si\/wp-content\/uploads\/2021\/08\/image_Drevesa-jeseni-umetniska-slika_680.png","type":"image\/png"}],"twitter_card":"summary_large_image","twitter_site":"@svetslik","twitter_misc":{"Verf\u00fcgbarkeit":"bei Nachbestellung"},"schema":{"@context":"https:\/\/schema.org","@graph":[{"@type":["WebPage","ItemPage"],"@id":"https:\/\/svetslik.si\/de\/leinwandbilder-mehrteilige\/wandbilder-gemalde-herbstbaeume\/","url":"https:\/\/svetslik.si\/de\/leinwandbilder-mehrteilige\/wandbilder-gemalde-herbstbaeume\/","name":"Wandbilder - Gem\u00e4lde - Herbstb\u00e4ume - SVETSLIK.SI - 100% handgemalt","isPartOf":{"@id":"https:\/\/svetslik.si\/de\/#website"},"primaryImageOfPage":{"@id":"https:\/\/svetslik.si\/de\/leinwandbilder-mehrteilige\/wandbilder-gemalde-herbstbaeume\/#primaryimage"},"image":{"@id":"https:\/\/svetslik.si\/de\/leinwandbilder-mehrteilige\/wandbilder-gemalde-herbstbaeume\/#primaryimage"},"thumbnailUrl":"https:\/\/svetslik.si\/wp-content\/uploads\/2021\/08\/image_Drevesa-jeseni-umetniska-slika_680.png","datePublished":"2021-09-02T17:22:26+00:00","dateModified":"2026-03-22T13:47:46+00:00","description":"Wandbilder - Gem\u00e4lde - Herbstb\u00e4ume - 100% handgemalte Leinwandbilder. Verkauf von abstrakter Kunst, modernen Gem\u00e4lden, Reproduktionen bekannter Maler, individuelle Anfertigung von Gem\u00e4lden und Bilderrahmung.","breadcrumb":{"@id":"https:\/\/svetslik.si\/de\/leinwandbilder-mehrteilige\/wandbilder-gemalde-herbstbaeume\/#breadcrumb"},"inLanguage":"de","potentialAction":[{"@type":"ReadAction","target":["https:\/\/svetslik.si\/de\/leinwandbilder-mehrteilige\/wandbilder-gemalde-herbstbaeume\/"]}]},{"@type":"ImageObject","inLanguage":"de","@id":"https:\/\/svetslik.si\/de\/leinwandbilder-mehrteilige\/wandbilder-gemalde-herbstbaeume\/#primaryimage","url":"https:\/\/svetslik.si\/wp-content\/uploads\/2021\/08\/image_Drevesa-jeseni-umetniska-slika_680.png","contentUrl":"https:\/\/svetslik.si\/wp-content\/uploads\/2021\/08\/image_Drevesa-jeseni-umetniska-slika_680.png","width":680,"height":433,"caption":"Wandbilder auf Leinwand, Kunstbild \u2013 moderne Bilder, Ambientebilder f\u00fcr die Wand, abstrakte Bilder, dekorative Wandbilder, Bilder kaufen und verkaufen \u2013 Herbstb\u00e4ume \u2013 Kunstbild"},{"@type":"BreadcrumbList","@id":"https:\/\/svetslik.si\/de\/leinwandbilder-mehrteilige\/wandbilder-gemalde-herbstbaeume\/#breadcrumb","itemListElement":[{"@type":"ListItem","position":1,"name":"Wandkunst und Gem\u00e4lde auf Leinwand","item":"https:\/\/svetslik.si\/de\/"},{"@type":"ListItem","position":2,"name":"Verkauf von Gem\u00e4lden","item":"https:\/\/svetslik.si\/prodaja-slik\/"},{"@type":"ListItem","position":3,"name":"Wandbilder &#8211; Gem\u00e4lde &#8211; Herbstb\u00e4ume"}]},{"@type":"WebSite","@id":"https:\/\/svetslik.si\/de\/#website","url":"https:\/\/svetslik.si\/de\/","name":"SVETSLIK.SI","description":"100% handgemalte Reproduktionen von Gem\u00e4lden ber\u00fchmter Maler und Gem\u00e4lde auf Leinwand.","publisher":{"@id":"https:\/\/svetslik.si\/de\/#organization"},"potentialAction":[{"@type":"SearchAction","target":{"@type":"EntryPoint","urlTemplate":"https:\/\/svetslik.si\/de\/?s={search_term_string}"},"query-input":{"@type":"PropertyValueSpecification","valueRequired":true,"valueName":"search_term_string"}}],"inLanguage":"de"},{"@type":"Organization","@id":"https:\/\/svetslik.si\/de\/#organization","name":"SvetSlik.si","url":"https:\/\/svetslik.si\/de\/","logo":{"@type":"ImageObject","inLanguage":"de","@id":"https:\/\/svetslik.si\/de\/#\/schema\/logo\/image\/","url":"https:\/\/svetslik.si\/wp-content\/uploads\/2020\/12\/logo-512.png","contentUrl":"https:\/\/svetslik.si\/wp-content\/uploads\/2020\/12\/logo-512.png","width":512,"height":512,"caption":"SvetSlik.si"},"image":{"@id":"https:\/\/svetslik.si\/de\/#\/schema\/logo\/image\/"},"sameAs":["https:\/\/www.facebook.com\/svetslik.si","https:\/\/x.com\/svetslik","https:\/\/www.instagram.com\/svetslik.si\/","https:\/\/www.linkedin.com\/company\/svetslik-si"]}]},"og_availability":"backorder","product_availability":"available for order","product_retailer_item_id":"1087__","product_condition":"new"},"jetpack_sharing_enabled":true,"_links":{"self":[{"href":"https:\/\/svetslik.si\/de\/wp-json\/wp\/v2\/product\/72513","targetHints":{"allow":["GET"]}}],"collection":[{"href":"https:\/\/svetslik.si\/de\/wp-json\/wp\/v2\/product"}],"about":[{"href":"https:\/\/svetslik.si\/de\/wp-json\/wp\/v2\/types\/product"}],"wp:featuredmedia":[{"embeddable":true,"href":"https:\/\/svetslik.si\/de\/wp-json\/wp\/v2\/media\/63588"}],"wp:attachment":[{"href":"https:\/\/svetslik.si\/de\/wp-json\/wp\/v2\/media?parent=72513"}],"wp:term":[{"taxonomy":"product_brand","embeddable":true,"href":"https:\/\/svetslik.si\/de\/wp-json\/wp\/v2\/product_brand?post=72513"},{"taxonomy":"product_cat","embeddable":true,"href":"https:\/\/svetslik.si\/de\/wp-json\/wp\/v2\/product_cat?post=72513"},{"taxonomy":"product_tag","embeddable":true,"href":"https:\/\/svetslik.si\/de\/wp-json\/wp\/v2\/product_tag?post=72513"}],"curies":[{"name":"wp","href":"https:\/\/api.w.org\/{rel}","templated":true}]}}