{"id":72652,"date":"2021-09-02T19:26:03","date_gmt":"2021-09-02T17:26:03","guid":{"rendered":"https:\/\/svetslik.si\/unkategorisiert\/dekorativna-umetniska-slika-zahod\/"},"modified":"2023-10-18T11:32:26","modified_gmt":"2023-10-18T09:32:26","slug":"gemalde-wandbilder-sonnenuntergang","status":"publish","type":"product","link":"https:\/\/svetslik.si\/de\/leinwandbilder-einteilige\/gemalde-wandbilder-sonnenuntergang\/","title":{"rendered":"Gem\u00e4lde &#8211; Wandbilder &#8211; Sonnenuntergang"},"content":{"rendered":"<div class=\"wpb-content-wrapper\">[vc_row css=&#8221;.vc_custom_1697621435255{margin-bottom: 10px !important;}&#8221;][vc_column]\t<div class=\"et-image-396 et-image     et_image_link\">\n\t\t<div class=\"et-image-inner \">\n\t\t\t\t\t\t\t<div class=\"et-image-thumb \">\n\t\t\t\t\t<img decoding=\"async\" width=\"1464\" height=\"2252\" src=\"https:\/\/svetslik.si\/wp-content\/uploads\/2021\/09\/umetniske-slike-na-platnu-zahod.jpg\" class=\"attachment-full\" alt=\"Kunstgem\u00e4lde-auf-Leinwand-Westen\" title=\"Kunstgem\u00e4lde-auf-Leinwand-Westen\" srcset=\"https:\/\/svetslik.si\/wp-content\/uploads\/2021\/09\/umetniske-slike-na-platnu-zahod.jpg 1464w, https:\/\/svetslik.si\/wp-content\/uploads\/2021\/09\/umetniske-slike-na-platnu-zahod-600x923.jpg 600w, https:\/\/svetslik.si\/wp-content\/uploads\/2021\/09\/umetniske-slike-na-platnu-zahod-1200x1846.jpg 1200w, https:\/\/svetslik.si\/wp-content\/uploads\/2021\/09\/umetniske-slike-na-platnu-zahod-195x300.jpg 195w, https:\/\/svetslik.si\/wp-content\/uploads\/2021\/09\/umetniske-slike-na-platnu-zahod-666x1024.jpg 666w, https:\/\/svetslik.si\/wp-content\/uploads\/2021\/09\/umetniske-slike-na-platnu-zahod-768x1181.jpg 768w, https:\/\/svetslik.si\/wp-content\/uploads\/2021\/09\/umetniske-slike-na-platnu-zahod-999x1536.jpg 999w, https:\/\/svetslik.si\/wp-content\/uploads\/2021\/09\/umetniske-slike-na-platnu-zahod-1331x2048.jpg 1331w, https:\/\/svetslik.si\/wp-content\/uploads\/2021\/09\/umetniske-slike-na-platnu-zahod-98x150.jpg 98w\" sizes=\"(max-width: 1464px) 100vw, 1464px\" \/>\t\t\t\t<\/div>\n\t\t\t\t\t\t\t\t\t\t\t<\/div>\n\t<\/div>\n  [\/vc_column][\/vc_row][vc_row css=&#8221;.vc_custom_1697621435255{margin-bottom: 10px !important;}&#8221;][vc_column]\t<div class=\"et-image-965 et-image     et_image_link\">\n\t\t<div class=\"et-image-inner \">\n\t\t\t\t\t\t\t<div class=\"et-image-thumb \">\n\t\t\t\t\t<img decoding=\"async\" width=\"1518\" height=\"2012\" src=\"https:\/\/svetslik.si\/wp-content\/uploads\/2021\/09\/umetniske-slike-na-platnu-zahod-1.jpg\" class=\"attachment-full\" alt=\"Kunstgem\u00e4lde-auf-Leinwand-Westen-1\" title=\"Kunstgem\u00e4lde-auf-Leinwand-Westen-1\" srcset=\"https:\/\/svetslik.si\/wp-content\/uploads\/2021\/09\/umetniske-slike-na-platnu-zahod-1.jpg 1518w, https:\/\/svetslik.si\/wp-content\/uploads\/2021\/09\/umetniske-slike-na-platnu-zahod-1-600x795.jpg 600w, https:\/\/svetslik.si\/wp-content\/uploads\/2021\/09\/umetniske-slike-na-platnu-zahod-1-1200x1591.jpg 1200w, https:\/\/svetslik.si\/wp-content\/uploads\/2021\/09\/umetniske-slike-na-platnu-zahod-1-226x300.jpg 226w, https:\/\/svetslik.si\/wp-content\/uploads\/2021\/09\/umetniske-slike-na-platnu-zahod-1-773x1024.jpg 773w, https:\/\/svetslik.si\/wp-content\/uploads\/2021\/09\/umetniske-slike-na-platnu-zahod-1-768x1018.jpg 768w, https:\/\/svetslik.si\/wp-content\/uploads\/2021\/09\/umetniske-slike-na-platnu-zahod-1-1159x1536.jpg 1159w, https:\/\/svetslik.si\/wp-content\/uploads\/2021\/09\/umetniske-slike-na-platnu-zahod-1-113x150.jpg 113w\" sizes=\"(max-width: 1518px) 100vw, 1518px\" \/>\t\t\t\t<\/div>\n\t\t\t\t\t\t\t\t\t\t\t<\/div>\n\t<\/div>\n  [\/vc_column][\/vc_row][vc_row css=&#8221;.vc_custom_1697621435255{margin-bottom: 10px !important;}&#8221;][vc_column]\t<div class=\"et-image-92 et-image     et_image_link\">\n\t\t<div class=\"et-image-inner \">\n\t\t\t\t\t\t\t<div class=\"et-image-thumb \">\n\t\t\t\t\t<img decoding=\"async\" width=\"1524\" height=\"2252\" src=\"https:\/\/svetslik.si\/wp-content\/uploads\/2021\/09\/umetniske-slike-na-platnu-zahod-2.jpg\" class=\"attachment-full\" alt=\"Kunstgem\u00e4lde-auf-Leinwand-Westen-2\" title=\"Kunstgem\u00e4lde-auf-Leinwand-Westen-2\" srcset=\"https:\/\/svetslik.si\/wp-content\/uploads\/2021\/09\/umetniske-slike-na-platnu-zahod-2.jpg 1524w, https:\/\/svetslik.si\/wp-content\/uploads\/2021\/09\/umetniske-slike-na-platnu-zahod-2-600x887.jpg 600w, https:\/\/svetslik.si\/wp-content\/uploads\/2021\/09\/umetniske-slike-na-platnu-zahod-2-1200x1773.jpg 1200w, https:\/\/svetslik.si\/wp-content\/uploads\/2021\/09\/umetniske-slike-na-platnu-zahod-2-203x300.jpg 203w, https:\/\/svetslik.si\/wp-content\/uploads\/2021\/09\/umetniske-slike-na-platnu-zahod-2-693x1024.jpg 693w, https:\/\/svetslik.si\/wp-content\/uploads\/2021\/09\/umetniske-slike-na-platnu-zahod-2-768x1135.jpg 768w, https:\/\/svetslik.si\/wp-content\/uploads\/2021\/09\/umetniske-slike-na-platnu-zahod-2-1039x1536.jpg 1039w, https:\/\/svetslik.si\/wp-content\/uploads\/2021\/09\/umetniske-slike-na-platnu-zahod-2-1386x2048.jpg 1386w, https:\/\/svetslik.si\/wp-content\/uploads\/2021\/09\/umetniske-slike-na-platnu-zahod-2-102x150.jpg 102w\" sizes=\"(max-width: 1524px) 100vw, 1524px\" \/>\t\t\t\t<\/div>\n\t\t\t\t\t\t\t\t\t\t\t<\/div>\n\t<\/div>\n  [\/vc_column][\/vc_row]\n<\/div>","protected":false},"excerpt":{"rendered":"<p>[vc_row css=&#8221;.vc_custom_1697621435255{margin-bottom: 10px !important;}&#8221;][vc_column][\/vc_column][\/vc_row][vc_row css=&#8221;.vc_custom_1697621435255{margin-bottom: 10px !important;}&#8221;][vc_column][\/vc_column][\/vc_row][vc_row css=&#8221;.vc_custom_1697621435255{margin-bottom: 10px !important;}&#8221;][vc_column][\/vc_column][\/vc_row]<\/p>\n","protected":false},"featured_media":63579,"template":"","meta":{"_acf_changed":false},"product_brand":[],"product_cat":[8471],"product_tag":[8477,8485,8522,8523,8524,8774,9135,8499,9133,8510,9134,8775],"class_list":{"0":"post-72652","1":"product","2":"type-product","3":"status-publish","4":"has-post-thumbnail","6":"product_cat-leinwandbilder-einteilige","7":"product_tag-abstrakte-gemaelde-de","8":"product_tag-dekorative-gemaelde","9":"product_tag-gemaelde-auf-leinwand","10":"product_tag-gemaelde-fuer-das-wohnzimmer","11":"product_tag-gemaelde-fuer-die-wand","12":"product_tag-gemalde-fur-wohnzimmer-3","13":"product_tag-kunst-gemalde","14":"product_tag-moderne-gemalde-de","15":"product_tag-online-galerie","16":"product_tag-verkauf-von-gemaelden","17":"product_tag-wanddekoration","18":"product_tag-wandgemalde-1","19":"pa_dimenzija-100-x-130-cm","20":"pa_dimenzija-40-x-50-cm","21":"pa_dimenzija-45-x-60-cm","22":"pa_dimenzija-50-x-70-cm","23":"pa_dimenzija-60-x-80-cm","24":"pa_dimenzija-65-x-90-cm","25":"pa_dimenzija-75-x-100-cm","26":"pa_dimenzija-90-x-120-cm","27":"pa_oblika-vertikal","28":"pa_okvir-ohne-rahmen","29":"pa_podokvir-ja","30":"pa_podokvir-nein","32":"first","33":"onbackorder","34":"purchasable","35":"product-type-variable","36":"has-default-attributes"},"acf":[],"yoast_head":"<!-- This site is optimized with the Yoast SEO Premium plugin v26.0 (Yoast SEO v27.2) - https:\/\/yoast.com\/product\/yoast-seo-premium-wordpress\/ -->\n<title>Gem\u00e4lde - Wandbilder - Sonnenuntergang - SVETSLIK.SI - 100% handgemalt<\/title>\n<meta name=\"description\" content=\"Gem\u00e4lde - Wandbilder - Sonnenuntergang - 100% handgemalte Leinwandbilder. Verkauf von abstrakter Kunst, modernen Gem\u00e4lden, Reproduktionen bekannter Maler, individuelle Anfertigung von Gem\u00e4lden und Bilderrahmung.\" \/>\n<meta name=\"robots\" content=\"index, follow, max-snippet:-1, max-image-preview:large, max-video-preview:-1\" \/>\n<link rel=\"canonical\" href=\"https:\/\/svetslik.si\/de\/leinwandbilder-einteilige\/gemalde-wandbilder-sonnenuntergang\/\" \/>\n<meta property=\"og:locale\" content=\"de_DE\" \/>\n<meta property=\"og:type\" content=\"article\" \/>\n<meta property=\"og:title\" content=\"Gem\u00e4lde - Wandbilder - Sonnenuntergang\" \/>\n<meta property=\"og:description\" content=\"100% ro\u010dno naslikane slike na platnu, reprodukcije znanih slikarjev in umetni\u0161ke slike po naro\u010dilu.\" \/>\n<meta property=\"og:url\" content=\"https:\/\/svetslik.si\/de\/leinwandbilder-einteilige\/gemalde-wandbilder-sonnenuntergang\/\" \/>\n<meta property=\"og:site_name\" content=\"SVETSLIK.SI\" \/>\n<meta property=\"article:publisher\" content=\"https:\/\/www.facebook.com\/svetslik.si\" \/>\n<meta property=\"article:modified_time\" content=\"2023-10-18T09:32:26+00:00\" \/>\n<meta property=\"og:image\" content=\"https:\/\/svetslik.si\/wp-content\/uploads\/2021\/08\/image_Dekorativna-umetniska-slika-Zahod_680.jpg\" \/>\n\t<meta property=\"og:image:width\" content=\"970\" \/>\n\t<meta property=\"og:image:height\" content=\"1295\" \/>\n\t<meta property=\"og:image:type\" content=\"image\/jpeg\" \/>\n<meta name=\"twitter:card\" content=\"summary_large_image\" \/>\n<meta name=\"twitter:site\" content=\"@svetslik\" \/>\n<meta name=\"twitter:label1\" content=\"Verf\u00fcgbarkeit\" \/>\n\t<meta name=\"twitter:data1\" content=\"bei Nachbestellung\" \/>\n<script type=\"application\/ld+json\" class=\"yoast-schema-graph\">{\"@context\":\"https:\/\/schema.org\",\"@graph\":[{\"@type\":[\"WebPage\",\"ItemPage\"],\"@id\":\"https:\/\/svetslik.si\/de\/leinwandbilder-einteilige\/gemalde-wandbilder-sonnenuntergang\/\",\"url\":\"https:\/\/svetslik.si\/de\/leinwandbilder-einteilige\/gemalde-wandbilder-sonnenuntergang\/\",\"name\":\"Gem\u00e4lde - Wandbilder - Sonnenuntergang - SVETSLIK.SI - 100% handgemalt\",\"isPartOf\":{\"@id\":\"https:\/\/svetslik.si\/de\/#website\"},\"primaryImageOfPage\":{\"@id\":\"https:\/\/svetslik.si\/de\/leinwandbilder-einteilige\/gemalde-wandbilder-sonnenuntergang\/#primaryimage\"},\"image\":{\"@id\":\"https:\/\/svetslik.si\/de\/leinwandbilder-einteilige\/gemalde-wandbilder-sonnenuntergang\/#primaryimage\"},\"thumbnailUrl\":\"https:\/\/svetslik.si\/wp-content\/uploads\/2021\/08\/image_Dekorativna-umetniska-slika-Zahod_680.jpg\",\"datePublished\":\"2021-09-02T17:26:03+00:00\",\"dateModified\":\"2023-10-18T09:32:26+00:00\",\"description\":\"Gem\u00e4lde - Wandbilder - Sonnenuntergang - 100% handgemalte Leinwandbilder. Verkauf von abstrakter Kunst, modernen Gem\u00e4lden, Reproduktionen bekannter Maler, individuelle Anfertigung von Gem\u00e4lden und Bilderrahmung.\",\"breadcrumb\":{\"@id\":\"https:\/\/svetslik.si\/de\/leinwandbilder-einteilige\/gemalde-wandbilder-sonnenuntergang\/#breadcrumb\"},\"inLanguage\":\"de\",\"potentialAction\":[{\"@type\":\"ReadAction\",\"target\":[\"https:\/\/svetslik.si\/de\/leinwandbilder-einteilige\/gemalde-wandbilder-sonnenuntergang\/\"]}]},{\"@type\":\"ImageObject\",\"inLanguage\":\"de\",\"@id\":\"https:\/\/svetslik.si\/de\/leinwandbilder-einteilige\/gemalde-wandbilder-sonnenuntergang\/#primaryimage\",\"url\":\"https:\/\/svetslik.si\/wp-content\/uploads\/2021\/08\/image_Dekorativna-umetniska-slika-Zahod_680.jpg\",\"contentUrl\":\"https:\/\/svetslik.si\/wp-content\/uploads\/2021\/08\/image_Dekorativna-umetniska-slika-Zahod_680.jpg\",\"width\":970,\"height\":1295,\"caption\":\"Wandgem\u00e4lde auf Leinwand - Dekorative Kunstmalerei West - Kunstmalerei - moderne Gem\u00e4lde, stimmungsvolle Wandgem\u00e4lde, abstrakte Gem\u00e4lde, dekorative Wandgem\u00e4lde, Gem\u00e4lde kaufen und verkaufen\"},{\"@type\":\"BreadcrumbList\",\"@id\":\"https:\/\/svetslik.si\/de\/leinwandbilder-einteilige\/gemalde-wandbilder-sonnenuntergang\/#breadcrumb\",\"itemListElement\":[{\"@type\":\"ListItem\",\"position\":1,\"name\":\"Wandkunst und Gem\u00e4lde auf Leinwand\",\"item\":\"https:\/\/svetslik.si\/de\/\"},{\"@type\":\"ListItem\",\"position\":2,\"name\":\"Verkauf von Gem\u00e4lden\",\"item\":\"https:\/\/svetslik.si\/prodaja-slik\/\"},{\"@type\":\"ListItem\",\"position\":3,\"name\":\"Gem\u00e4lde &#8211; Wandbilder &#8211; Sonnenuntergang\"}]},{\"@type\":\"WebSite\",\"@id\":\"https:\/\/svetslik.si\/de\/#website\",\"url\":\"https:\/\/svetslik.si\/de\/\",\"name\":\"SVETSLIK.SI\",\"description\":\"100% handgemalte Reproduktionen von Gem\u00e4lden ber\u00fchmter Maler und Gem\u00e4lde auf Leinwand.\",\"publisher\":{\"@id\":\"https:\/\/svetslik.si\/de\/#organization\"},\"potentialAction\":[{\"@type\":\"SearchAction\",\"target\":{\"@type\":\"EntryPoint\",\"urlTemplate\":\"https:\/\/svetslik.si\/de\/?s={search_term_string}\"},\"query-input\":{\"@type\":\"PropertyValueSpecification\",\"valueRequired\":true,\"valueName\":\"search_term_string\"}}],\"inLanguage\":\"de\"},{\"@type\":\"Organization\",\"@id\":\"https:\/\/svetslik.si\/de\/#organization\",\"name\":\"SvetSlik.si\",\"url\":\"https:\/\/svetslik.si\/de\/\",\"logo\":{\"@type\":\"ImageObject\",\"inLanguage\":\"de\",\"@id\":\"https:\/\/svetslik.si\/de\/#\/schema\/logo\/image\/\",\"url\":\"https:\/\/svetslik.si\/wp-content\/uploads\/2020\/12\/logo-512.png\",\"contentUrl\":\"https:\/\/svetslik.si\/wp-content\/uploads\/2020\/12\/logo-512.png\",\"width\":512,\"height\":512,\"caption\":\"SvetSlik.si\"},\"image\":{\"@id\":\"https:\/\/svetslik.si\/de\/#\/schema\/logo\/image\/\"},\"sameAs\":[\"https:\/\/www.facebook.com\/svetslik.si\",\"https:\/\/x.com\/svetslik\",\"https:\/\/www.instagram.com\/svetslik.si\/\",\"https:\/\/www.linkedin.com\/company\/svetslik-si\"]}]}<\/script>\n<meta property=\"og:availability\" content=\"backorder\" \/>\n<meta property=\"product:availability\" content=\"available for order\" \/>\n<meta property=\"product:retailer_item_id\" content=\"1123__\" \/>\n<meta property=\"product:condition\" content=\"new\" \/>\n<!-- \/ Yoast SEO Premium plugin. -->","yoast_head_json":{"title":"Gem\u00e4lde - Wandbilder - Sonnenuntergang - SVETSLIK.SI - 100% handgemalt","description":"Gem\u00e4lde - Wandbilder - Sonnenuntergang - 100% handgemalte Leinwandbilder. Verkauf von abstrakter Kunst, modernen Gem\u00e4lden, Reproduktionen bekannter Maler, individuelle Anfertigung von Gem\u00e4lden und Bilderrahmung.","robots":{"index":"index","follow":"follow","max-snippet":"max-snippet:-1","max-image-preview":"max-image-preview:large","max-video-preview":"max-video-preview:-1"},"canonical":"https:\/\/svetslik.si\/de\/leinwandbilder-einteilige\/gemalde-wandbilder-sonnenuntergang\/","og_locale":"de_DE","og_type":"article","og_title":"Gem\u00e4lde - Wandbilder - Sonnenuntergang","og_description":"100% ro\u010dno naslikane slike na platnu, reprodukcije znanih slikarjev in umetni\u0161ke slike po naro\u010dilu.","og_url":"https:\/\/svetslik.si\/de\/leinwandbilder-einteilige\/gemalde-wandbilder-sonnenuntergang\/","og_site_name":"SVETSLIK.SI","article_publisher":"https:\/\/www.facebook.com\/svetslik.si","article_modified_time":"2023-10-18T09:32:26+00:00","og_image":[{"width":970,"height":1295,"url":"https:\/\/svetslik.si\/wp-content\/uploads\/2021\/08\/image_Dekorativna-umetniska-slika-Zahod_680.jpg","type":"image\/jpeg"}],"twitter_card":"summary_large_image","twitter_site":"@svetslik","twitter_misc":{"Verf\u00fcgbarkeit":"bei Nachbestellung"},"schema":{"@context":"https:\/\/schema.org","@graph":[{"@type":["WebPage","ItemPage"],"@id":"https:\/\/svetslik.si\/de\/leinwandbilder-einteilige\/gemalde-wandbilder-sonnenuntergang\/","url":"https:\/\/svetslik.si\/de\/leinwandbilder-einteilige\/gemalde-wandbilder-sonnenuntergang\/","name":"Gem\u00e4lde - Wandbilder - Sonnenuntergang - SVETSLIK.SI - 100% handgemalt","isPartOf":{"@id":"https:\/\/svetslik.si\/de\/#website"},"primaryImageOfPage":{"@id":"https:\/\/svetslik.si\/de\/leinwandbilder-einteilige\/gemalde-wandbilder-sonnenuntergang\/#primaryimage"},"image":{"@id":"https:\/\/svetslik.si\/de\/leinwandbilder-einteilige\/gemalde-wandbilder-sonnenuntergang\/#primaryimage"},"thumbnailUrl":"https:\/\/svetslik.si\/wp-content\/uploads\/2021\/08\/image_Dekorativna-umetniska-slika-Zahod_680.jpg","datePublished":"2021-09-02T17:26:03+00:00","dateModified":"2023-10-18T09:32:26+00:00","description":"Gem\u00e4lde - Wandbilder - Sonnenuntergang - 100% handgemalte Leinwandbilder. Verkauf von abstrakter Kunst, modernen Gem\u00e4lden, Reproduktionen bekannter Maler, individuelle Anfertigung von Gem\u00e4lden und Bilderrahmung.","breadcrumb":{"@id":"https:\/\/svetslik.si\/de\/leinwandbilder-einteilige\/gemalde-wandbilder-sonnenuntergang\/#breadcrumb"},"inLanguage":"de","potentialAction":[{"@type":"ReadAction","target":["https:\/\/svetslik.si\/de\/leinwandbilder-einteilige\/gemalde-wandbilder-sonnenuntergang\/"]}]},{"@type":"ImageObject","inLanguage":"de","@id":"https:\/\/svetslik.si\/de\/leinwandbilder-einteilige\/gemalde-wandbilder-sonnenuntergang\/#primaryimage","url":"https:\/\/svetslik.si\/wp-content\/uploads\/2021\/08\/image_Dekorativna-umetniska-slika-Zahod_680.jpg","contentUrl":"https:\/\/svetslik.si\/wp-content\/uploads\/2021\/08\/image_Dekorativna-umetniska-slika-Zahod_680.jpg","width":970,"height":1295,"caption":"Wandgem\u00e4lde auf Leinwand - Dekorative Kunstmalerei West - Kunstmalerei - moderne Gem\u00e4lde, stimmungsvolle Wandgem\u00e4lde, abstrakte Gem\u00e4lde, dekorative Wandgem\u00e4lde, Gem\u00e4lde kaufen und verkaufen"},{"@type":"BreadcrumbList","@id":"https:\/\/svetslik.si\/de\/leinwandbilder-einteilige\/gemalde-wandbilder-sonnenuntergang\/#breadcrumb","itemListElement":[{"@type":"ListItem","position":1,"name":"Wandkunst und Gem\u00e4lde auf Leinwand","item":"https:\/\/svetslik.si\/de\/"},{"@type":"ListItem","position":2,"name":"Verkauf von Gem\u00e4lden","item":"https:\/\/svetslik.si\/prodaja-slik\/"},{"@type":"ListItem","position":3,"name":"Gem\u00e4lde &#8211; Wandbilder &#8211; Sonnenuntergang"}]},{"@type":"WebSite","@id":"https:\/\/svetslik.si\/de\/#website","url":"https:\/\/svetslik.si\/de\/","name":"SVETSLIK.SI","description":"100% handgemalte Reproduktionen von Gem\u00e4lden ber\u00fchmter Maler und Gem\u00e4lde auf Leinwand.","publisher":{"@id":"https:\/\/svetslik.si\/de\/#organization"},"potentialAction":[{"@type":"SearchAction","target":{"@type":"EntryPoint","urlTemplate":"https:\/\/svetslik.si\/de\/?s={search_term_string}"},"query-input":{"@type":"PropertyValueSpecification","valueRequired":true,"valueName":"search_term_string"}}],"inLanguage":"de"},{"@type":"Organization","@id":"https:\/\/svetslik.si\/de\/#organization","name":"SvetSlik.si","url":"https:\/\/svetslik.si\/de\/","logo":{"@type":"ImageObject","inLanguage":"de","@id":"https:\/\/svetslik.si\/de\/#\/schema\/logo\/image\/","url":"https:\/\/svetslik.si\/wp-content\/uploads\/2020\/12\/logo-512.png","contentUrl":"https:\/\/svetslik.si\/wp-content\/uploads\/2020\/12\/logo-512.png","width":512,"height":512,"caption":"SvetSlik.si"},"image":{"@id":"https:\/\/svetslik.si\/de\/#\/schema\/logo\/image\/"},"sameAs":["https:\/\/www.facebook.com\/svetslik.si","https:\/\/x.com\/svetslik","https:\/\/www.instagram.com\/svetslik.si\/","https:\/\/www.linkedin.com\/company\/svetslik-si"]}]},"og_availability":"backorder","product_availability":"available for order","product_retailer_item_id":"1123__","product_condition":"new"},"jetpack_sharing_enabled":true,"_links":{"self":[{"href":"https:\/\/svetslik.si\/de\/wp-json\/wp\/v2\/product\/72652","targetHints":{"allow":["GET"]}}],"collection":[{"href":"https:\/\/svetslik.si\/de\/wp-json\/wp\/v2\/product"}],"about":[{"href":"https:\/\/svetslik.si\/de\/wp-json\/wp\/v2\/types\/product"}],"wp:featuredmedia":[{"embeddable":true,"href":"https:\/\/svetslik.si\/de\/wp-json\/wp\/v2\/media\/63579"}],"wp:attachment":[{"href":"https:\/\/svetslik.si\/de\/wp-json\/wp\/v2\/media?parent=72652"}],"wp:term":[{"taxonomy":"product_brand","embeddable":true,"href":"https:\/\/svetslik.si\/de\/wp-json\/wp\/v2\/product_brand?post=72652"},{"taxonomy":"product_cat","embeddable":true,"href":"https:\/\/svetslik.si\/de\/wp-json\/wp\/v2\/product_cat?post=72652"},{"taxonomy":"product_tag","embeddable":true,"href":"https:\/\/svetslik.si\/de\/wp-json\/wp\/v2\/product_tag?post=72652"}],"curies":[{"name":"wp","href":"https:\/\/api.w.org\/{rel}","templated":true}]}}