{"id":72748,"date":"2021-09-02T19:28:41","date_gmt":"2021-09-02T17:28:41","guid":{"rendered":"https:\/\/svetslik.si\/unkategorisiert\/vecdelna-slika-crte-in-barve\/"},"modified":"2026-03-22T14:50:15","modified_gmt":"2026-03-22T13:50:15","slug":"mehrteilige-gemalde-linien-und-farben","status":"publish","type":"product","link":"https:\/\/svetslik.si\/de\/leinwandbilder-zweiteilig\/mehrteilige-gemalde-linien-und-farben\/","title":{"rendered":"Mehrteilige Gem\u00e4lde &#8211; Linien und Farben"},"content":{"rendered":"<p>Die gemeinsame Dimension des Gem\u00e4ldes:<br \/>\n60 x 60 = 30&#215;60 + 30&#215;60<br \/>\n70 x 70 = 35&#215;70 + 35&#215;70<br \/>\n80 x 80 = 40&#215;80 + 40&#215;80<br \/>\n90 x 90 = 45&#215;90 + 45&#215;90<br \/>\n100 x 100 = 50&#215;100 + 50&#215;100<br \/>\n120 x 120 = 60&#215;120 + 60&#215;120<\/p>\n","protected":false},"excerpt":{"rendered":"<p>Die gemeinsame Dimension des Gem\u00e4ldes: 60 x 60 = 30&#215;60 + 30&#215;60 70 x 70 = 35&#215;70 + 35&#215;70 80 x 80 = 40&#215;80 + 40&#215;80 90 x 90 = 45&#215;90 + 45&#215;90 100 x 100 = 50&#215;100 + 50&#215;100 120 x 120 = 60&#215;120 + 60&#215;120<\/p>\n","protected":false},"featured_media":64315,"template":"","meta":{"_acf_changed":false},"product_brand":[],"product_cat":[8470],"product_tag":[8477,8522,8523,8774,8776,8499,8775,8486],"class_list":{"0":"post-72748","1":"product","2":"type-product","3":"status-publish","4":"has-post-thumbnail","6":"product_cat-leinwandbilder-zweiteilig","7":"product_tag-abstrakte-gemaelde-de","8":"product_tag-gemaelde-auf-leinwand","9":"product_tag-gemaelde-fuer-das-wohnzimmer","10":"product_tag-gemalde-fur-wohnzimmer-3","11":"product_tag-mehrteilige-gemalde","12":"product_tag-moderne-gemalde-de","13":"product_tag-wandgemalde-1","14":"product_tag-zweiteilige-bilder","15":"pa_dimenzija-100-x-100-cm-de","16":"pa_dimenzija-120-x-120-cm-de","17":"pa_dimenzija-60-x-60-cm-de","18":"pa_dimenzija-70-x-70-cm-de","19":"pa_dimenzija-80-x-80-cm-de","20":"pa_dimenzija-90-x-90-cm-de","21":"pa_oblika-quadrat","22":"pa_pod-okvir-im-preis-inbegriffen","23":"pa_podokvir-ja","24":"pa_podokvir-nein","26":"first","27":"onbackorder","28":"purchasable","29":"product-type-variable","30":"has-default-attributes"},"acf":[],"yoast_head":"<!-- This site is optimized with the Yoast SEO Premium plugin v26.0 (Yoast SEO v27.2) - https:\/\/yoast.com\/product\/yoast-seo-premium-wordpress\/ -->\n<title>Mehrteilige Gem\u00e4lde - Linien und Farben - SVETSLIK.SI - 100% handgemalt<\/title>\n<meta name=\"description\" content=\"Mehrteilige Gem\u00e4lde - Linien und Farben - 100% handgemalte Leinwandbilder. Verkauf von abstrakter Kunst, modernen Gem\u00e4lden, Reproduktionen bekannter Maler, individuelle Anfertigung von Gem\u00e4lden und Bilderrahmung.\" \/>\n<meta name=\"robots\" content=\"index, follow, max-snippet:-1, max-image-preview:large, max-video-preview:-1\" \/>\n<link rel=\"canonical\" href=\"https:\/\/svetslik.si\/de\/leinwandbilder-zweiteilig\/mehrteilige-gemalde-linien-und-farben\/\" \/>\n<meta property=\"og:locale\" content=\"de_DE\" \/>\n<meta property=\"og:type\" content=\"article\" \/>\n<meta property=\"og:title\" content=\"Mehrteilige Gem\u00e4lde - Linien und Farben\" \/>\n<meta property=\"og:description\" content=\"100% ro\u010dno naslikane slike na platnu, reprodukcije znanih slikarjev in umetni\u0161ke slike po naro\u010dilu.\" \/>\n<meta property=\"og:url\" content=\"https:\/\/svetslik.si\/de\/leinwandbilder-zweiteilig\/mehrteilige-gemalde-linien-und-farben\/\" \/>\n<meta property=\"og:site_name\" content=\"SVETSLIK.SI\" \/>\n<meta property=\"article:publisher\" content=\"https:\/\/www.facebook.com\/svetslik.si\" \/>\n<meta property=\"article:modified_time\" content=\"2026-03-22T13:50:15+00:00\" \/>\n<meta property=\"og:image\" content=\"https:\/\/svetslik.si\/wp-content\/uploads\/2021\/08\/image_Vecdelna-slika-Crte-in-Barve_680.png\" \/>\n\t<meta property=\"og:image:width\" content=\"680\" \/>\n\t<meta property=\"og:image:height\" content=\"640\" \/>\n\t<meta property=\"og:image:type\" content=\"image\/png\" \/>\n<meta name=\"twitter:card\" content=\"summary_large_image\" \/>\n<meta name=\"twitter:site\" content=\"@svetslik\" \/>\n<meta name=\"twitter:label1\" content=\"Verf\u00fcgbarkeit\" \/>\n\t<meta name=\"twitter:data1\" content=\"bei Nachbestellung\" \/>\n<script type=\"application\/ld+json\" class=\"yoast-schema-graph\">{\"@context\":\"https:\/\/schema.org\",\"@graph\":[{\"@type\":[\"WebPage\",\"ItemPage\"],\"@id\":\"https:\/\/svetslik.si\/de\/leinwandbilder-zweiteilig\/mehrteilige-gemalde-linien-und-farben\/\",\"url\":\"https:\/\/svetslik.si\/de\/leinwandbilder-zweiteilig\/mehrteilige-gemalde-linien-und-farben\/\",\"name\":\"Mehrteilige Gem\u00e4lde - Linien und Farben - SVETSLIK.SI - 100% handgemalt\",\"isPartOf\":{\"@id\":\"https:\/\/svetslik.si\/de\/#website\"},\"primaryImageOfPage\":{\"@id\":\"https:\/\/svetslik.si\/de\/leinwandbilder-zweiteilig\/mehrteilige-gemalde-linien-und-farben\/#primaryimage\"},\"image\":{\"@id\":\"https:\/\/svetslik.si\/de\/leinwandbilder-zweiteilig\/mehrteilige-gemalde-linien-und-farben\/#primaryimage\"},\"thumbnailUrl\":\"https:\/\/svetslik.si\/wp-content\/uploads\/2021\/08\/image_Vecdelna-slika-Crte-in-Barve_680.png\",\"datePublished\":\"2021-09-02T17:28:41+00:00\",\"dateModified\":\"2026-03-22T13:50:15+00:00\",\"description\":\"Mehrteilige Gem\u00e4lde - Linien und Farben - 100% handgemalte Leinwandbilder. Verkauf von abstrakter Kunst, modernen Gem\u00e4lden, Reproduktionen bekannter Maler, individuelle Anfertigung von Gem\u00e4lden und Bilderrahmung.\",\"breadcrumb\":{\"@id\":\"https:\/\/svetslik.si\/de\/leinwandbilder-zweiteilig\/mehrteilige-gemalde-linien-und-farben\/#breadcrumb\"},\"inLanguage\":\"de\",\"potentialAction\":[{\"@type\":\"ReadAction\",\"target\":[\"https:\/\/svetslik.si\/de\/leinwandbilder-zweiteilig\/mehrteilige-gemalde-linien-und-farben\/\"]}]},{\"@type\":\"ImageObject\",\"inLanguage\":\"de\",\"@id\":\"https:\/\/svetslik.si\/de\/leinwandbilder-zweiteilig\/mehrteilige-gemalde-linien-und-farben\/#primaryimage\",\"url\":\"https:\/\/svetslik.si\/wp-content\/uploads\/2021\/08\/image_Vecdelna-slika-Crte-in-Barve_680.png\",\"contentUrl\":\"https:\/\/svetslik.si\/wp-content\/uploads\/2021\/08\/image_Vecdelna-slika-Crte-in-Barve_680.png\",\"width\":680,\"height\":640,\"caption\":\"Linien und Farben - 100% handgemalte - abstrakter Kunst - gem\u00e4lde kaufen - modernen Gem\u00e4lden - wandbilder wohnzimmer - ber\u00fchmtes gem\u00e4lde - \u00f6lgem\u00e4lde - bilderrahmen\"},{\"@type\":\"BreadcrumbList\",\"@id\":\"https:\/\/svetslik.si\/de\/leinwandbilder-zweiteilig\/mehrteilige-gemalde-linien-und-farben\/#breadcrumb\",\"itemListElement\":[{\"@type\":\"ListItem\",\"position\":1,\"name\":\"Wandkunst und Gem\u00e4lde auf Leinwand\",\"item\":\"https:\/\/svetslik.si\/de\/\"},{\"@type\":\"ListItem\",\"position\":2,\"name\":\"Verkauf von Gem\u00e4lden\",\"item\":\"https:\/\/svetslik.si\/prodaja-slik\/\"},{\"@type\":\"ListItem\",\"position\":3,\"name\":\"Mehrteilige Gem\u00e4lde &#8211; Linien und Farben\"}]},{\"@type\":\"WebSite\",\"@id\":\"https:\/\/svetslik.si\/de\/#website\",\"url\":\"https:\/\/svetslik.si\/de\/\",\"name\":\"SVETSLIK.SI\",\"description\":\"100% handgemalte Reproduktionen von Gem\u00e4lden ber\u00fchmter Maler und Gem\u00e4lde auf Leinwand.\",\"publisher\":{\"@id\":\"https:\/\/svetslik.si\/de\/#organization\"},\"potentialAction\":[{\"@type\":\"SearchAction\",\"target\":{\"@type\":\"EntryPoint\",\"urlTemplate\":\"https:\/\/svetslik.si\/de\/?s={search_term_string}\"},\"query-input\":{\"@type\":\"PropertyValueSpecification\",\"valueRequired\":true,\"valueName\":\"search_term_string\"}}],\"inLanguage\":\"de\"},{\"@type\":\"Organization\",\"@id\":\"https:\/\/svetslik.si\/de\/#organization\",\"name\":\"SvetSlik.si\",\"url\":\"https:\/\/svetslik.si\/de\/\",\"logo\":{\"@type\":\"ImageObject\",\"inLanguage\":\"de\",\"@id\":\"https:\/\/svetslik.si\/de\/#\/schema\/logo\/image\/\",\"url\":\"https:\/\/svetslik.si\/wp-content\/uploads\/2020\/12\/logo-512.png\",\"contentUrl\":\"https:\/\/svetslik.si\/wp-content\/uploads\/2020\/12\/logo-512.png\",\"width\":512,\"height\":512,\"caption\":\"SvetSlik.si\"},\"image\":{\"@id\":\"https:\/\/svetslik.si\/de\/#\/schema\/logo\/image\/\"},\"sameAs\":[\"https:\/\/www.facebook.com\/svetslik.si\",\"https:\/\/x.com\/svetslik\",\"https:\/\/www.instagram.com\/svetslik.si\/\",\"https:\/\/www.linkedin.com\/company\/svetslik-si\"]}]}<\/script>\n<meta property=\"og:availability\" content=\"backorder\" \/>\n<meta property=\"product:availability\" content=\"available for order\" \/>\n<meta property=\"product:retailer_item_id\" content=\"1140__\" \/>\n<meta property=\"product:condition\" content=\"new\" \/>\n<!-- \/ Yoast SEO Premium plugin. -->","yoast_head_json":{"title":"Mehrteilige Gem\u00e4lde - Linien und Farben - SVETSLIK.SI - 100% handgemalt","description":"Mehrteilige Gem\u00e4lde - Linien und Farben - 100% handgemalte Leinwandbilder. Verkauf von abstrakter Kunst, modernen Gem\u00e4lden, Reproduktionen bekannter Maler, individuelle Anfertigung von Gem\u00e4lden und Bilderrahmung.","robots":{"index":"index","follow":"follow","max-snippet":"max-snippet:-1","max-image-preview":"max-image-preview:large","max-video-preview":"max-video-preview:-1"},"canonical":"https:\/\/svetslik.si\/de\/leinwandbilder-zweiteilig\/mehrteilige-gemalde-linien-und-farben\/","og_locale":"de_DE","og_type":"article","og_title":"Mehrteilige Gem\u00e4lde - Linien und Farben","og_description":"100% ro\u010dno naslikane slike na platnu, reprodukcije znanih slikarjev in umetni\u0161ke slike po naro\u010dilu.","og_url":"https:\/\/svetslik.si\/de\/leinwandbilder-zweiteilig\/mehrteilige-gemalde-linien-und-farben\/","og_site_name":"SVETSLIK.SI","article_publisher":"https:\/\/www.facebook.com\/svetslik.si","article_modified_time":"2026-03-22T13:50:15+00:00","og_image":[{"width":680,"height":640,"url":"https:\/\/svetslik.si\/wp-content\/uploads\/2021\/08\/image_Vecdelna-slika-Crte-in-Barve_680.png","type":"image\/png"}],"twitter_card":"summary_large_image","twitter_site":"@svetslik","twitter_misc":{"Verf\u00fcgbarkeit":"bei Nachbestellung"},"schema":{"@context":"https:\/\/schema.org","@graph":[{"@type":["WebPage","ItemPage"],"@id":"https:\/\/svetslik.si\/de\/leinwandbilder-zweiteilig\/mehrteilige-gemalde-linien-und-farben\/","url":"https:\/\/svetslik.si\/de\/leinwandbilder-zweiteilig\/mehrteilige-gemalde-linien-und-farben\/","name":"Mehrteilige Gem\u00e4lde - Linien und Farben - SVETSLIK.SI - 100% handgemalt","isPartOf":{"@id":"https:\/\/svetslik.si\/de\/#website"},"primaryImageOfPage":{"@id":"https:\/\/svetslik.si\/de\/leinwandbilder-zweiteilig\/mehrteilige-gemalde-linien-und-farben\/#primaryimage"},"image":{"@id":"https:\/\/svetslik.si\/de\/leinwandbilder-zweiteilig\/mehrteilige-gemalde-linien-und-farben\/#primaryimage"},"thumbnailUrl":"https:\/\/svetslik.si\/wp-content\/uploads\/2021\/08\/image_Vecdelna-slika-Crte-in-Barve_680.png","datePublished":"2021-09-02T17:28:41+00:00","dateModified":"2026-03-22T13:50:15+00:00","description":"Mehrteilige Gem\u00e4lde - Linien und Farben - 100% handgemalte Leinwandbilder. Verkauf von abstrakter Kunst, modernen Gem\u00e4lden, Reproduktionen bekannter Maler, individuelle Anfertigung von Gem\u00e4lden und Bilderrahmung.","breadcrumb":{"@id":"https:\/\/svetslik.si\/de\/leinwandbilder-zweiteilig\/mehrteilige-gemalde-linien-und-farben\/#breadcrumb"},"inLanguage":"de","potentialAction":[{"@type":"ReadAction","target":["https:\/\/svetslik.si\/de\/leinwandbilder-zweiteilig\/mehrteilige-gemalde-linien-und-farben\/"]}]},{"@type":"ImageObject","inLanguage":"de","@id":"https:\/\/svetslik.si\/de\/leinwandbilder-zweiteilig\/mehrteilige-gemalde-linien-und-farben\/#primaryimage","url":"https:\/\/svetslik.si\/wp-content\/uploads\/2021\/08\/image_Vecdelna-slika-Crte-in-Barve_680.png","contentUrl":"https:\/\/svetslik.si\/wp-content\/uploads\/2021\/08\/image_Vecdelna-slika-Crte-in-Barve_680.png","width":680,"height":640,"caption":"Linien und Farben - 100% handgemalte - abstrakter Kunst - gem\u00e4lde kaufen - modernen Gem\u00e4lden - wandbilder wohnzimmer - ber\u00fchmtes gem\u00e4lde - \u00f6lgem\u00e4lde - bilderrahmen"},{"@type":"BreadcrumbList","@id":"https:\/\/svetslik.si\/de\/leinwandbilder-zweiteilig\/mehrteilige-gemalde-linien-und-farben\/#breadcrumb","itemListElement":[{"@type":"ListItem","position":1,"name":"Wandkunst und Gem\u00e4lde auf Leinwand","item":"https:\/\/svetslik.si\/de\/"},{"@type":"ListItem","position":2,"name":"Verkauf von Gem\u00e4lden","item":"https:\/\/svetslik.si\/prodaja-slik\/"},{"@type":"ListItem","position":3,"name":"Mehrteilige Gem\u00e4lde &#8211; Linien und Farben"}]},{"@type":"WebSite","@id":"https:\/\/svetslik.si\/de\/#website","url":"https:\/\/svetslik.si\/de\/","name":"SVETSLIK.SI","description":"100% handgemalte Reproduktionen von Gem\u00e4lden ber\u00fchmter Maler und Gem\u00e4lde auf Leinwand.","publisher":{"@id":"https:\/\/svetslik.si\/de\/#organization"},"potentialAction":[{"@type":"SearchAction","target":{"@type":"EntryPoint","urlTemplate":"https:\/\/svetslik.si\/de\/?s={search_term_string}"},"query-input":{"@type":"PropertyValueSpecification","valueRequired":true,"valueName":"search_term_string"}}],"inLanguage":"de"},{"@type":"Organization","@id":"https:\/\/svetslik.si\/de\/#organization","name":"SvetSlik.si","url":"https:\/\/svetslik.si\/de\/","logo":{"@type":"ImageObject","inLanguage":"de","@id":"https:\/\/svetslik.si\/de\/#\/schema\/logo\/image\/","url":"https:\/\/svetslik.si\/wp-content\/uploads\/2020\/12\/logo-512.png","contentUrl":"https:\/\/svetslik.si\/wp-content\/uploads\/2020\/12\/logo-512.png","width":512,"height":512,"caption":"SvetSlik.si"},"image":{"@id":"https:\/\/svetslik.si\/de\/#\/schema\/logo\/image\/"},"sameAs":["https:\/\/www.facebook.com\/svetslik.si","https:\/\/x.com\/svetslik","https:\/\/www.instagram.com\/svetslik.si\/","https:\/\/www.linkedin.com\/company\/svetslik-si"]}]},"og_availability":"backorder","product_availability":"available for order","product_retailer_item_id":"1140__","product_condition":"new"},"jetpack_sharing_enabled":true,"_links":{"self":[{"href":"https:\/\/svetslik.si\/de\/wp-json\/wp\/v2\/product\/72748","targetHints":{"allow":["GET"]}}],"collection":[{"href":"https:\/\/svetslik.si\/de\/wp-json\/wp\/v2\/product"}],"about":[{"href":"https:\/\/svetslik.si\/de\/wp-json\/wp\/v2\/types\/product"}],"wp:featuredmedia":[{"embeddable":true,"href":"https:\/\/svetslik.si\/de\/wp-json\/wp\/v2\/media\/64315"}],"wp:attachment":[{"href":"https:\/\/svetslik.si\/de\/wp-json\/wp\/v2\/media?parent=72748"}],"wp:term":[{"taxonomy":"product_brand","embeddable":true,"href":"https:\/\/svetslik.si\/de\/wp-json\/wp\/v2\/product_brand?post=72748"},{"taxonomy":"product_cat","embeddable":true,"href":"https:\/\/svetslik.si\/de\/wp-json\/wp\/v2\/product_cat?post=72748"},{"taxonomy":"product_tag","embeddable":true,"href":"https:\/\/svetslik.si\/de\/wp-json\/wp\/v2\/product_tag?post=72748"}],"curies":[{"name":"wp","href":"https:\/\/api.w.org\/{rel}","templated":true}]}}