{"id":72874,"date":"2021-09-02T19:31:58","date_gmt":"2021-09-02T17:31:58","guid":{"rendered":"https:\/\/svetslik.si\/unkategorisiert\/blizina-dekorativna-moderna-slika\/"},"modified":"2026-03-22T14:52:26","modified_gmt":"2026-03-22T13:52:26","slug":"wandbilder-gemalde-naehe","status":"publish","type":"product","link":"https:\/\/svetslik.si\/de\/leinwandbilder-einteilige\/wandbilder-gemalde-naehe\/","title":{"rendered":"Wandbilder &#8211; Gem\u00e4lde &#8211; N\u00e4he"},"content":{"rendered":"<div class=\"wpb-content-wrapper\">[vc_row][vc_column][vc_column_text css=&#8221;&#8221;]\n<p data-pm-slice=\"1 1 []\"><div class=\"yt-lazy-video ratio-square\" data-id=\"Zi_5MJ6QsAg\"><\/div>\n[\/vc_column][\/vc_row][vc_row][vc_column]\t<div class=\"et-image-749 et-image  full   et_image_link\">\n\t\t<div class=\"et-image-inner \">\n\t\t\t\t\t\t\t<div class=\"et-image-thumb \">\n\t\t\t\t\t<img decoding=\"async\" width=\"1853\" height=\"2560\" src=\"https:\/\/svetslik.si\/wp-content\/uploads\/2021\/12\/abstraktna-slika-na-platnu-scaled.jpg\" class=\"attachment-full\" alt=\"Bilder f\u00fcrs Wohnzimmer\" title=\"Bilder f\u00fcrs Wohnzimmer\" srcset=\"https:\/\/svetslik.si\/wp-content\/uploads\/2021\/12\/abstraktna-slika-na-platnu-scaled.jpg 1853w, https:\/\/svetslik.si\/wp-content\/uploads\/2021\/12\/abstraktna-slika-na-platnu-600x829.jpg 600w, https:\/\/svetslik.si\/wp-content\/uploads\/2021\/12\/abstraktna-slika-na-platnu-scaled-1200x1658.jpg 1200w, https:\/\/svetslik.si\/wp-content\/uploads\/2021\/12\/abstraktna-slika-na-platnu-217x300.jpg 217w, https:\/\/svetslik.si\/wp-content\/uploads\/2021\/12\/abstraktna-slika-na-platnu-741x1024.jpg 741w, https:\/\/svetslik.si\/wp-content\/uploads\/2021\/12\/abstraktna-slika-na-platnu-768x1061.jpg 768w, https:\/\/svetslik.si\/wp-content\/uploads\/2021\/12\/abstraktna-slika-na-platnu-1112x1536.jpg 1112w, https:\/\/svetslik.si\/wp-content\/uploads\/2021\/12\/abstraktna-slika-na-platnu-1483x2048.jpg 1483w, https:\/\/svetslik.si\/wp-content\/uploads\/2021\/12\/abstraktna-slika-na-platnu-109x150.jpg 109w, https:\/\/svetslik.si\/wp-content\/uploads\/2021\/12\/abstraktna-slika-na-platnu-1320x1824.jpg 1320w, https:\/\/svetslik.si\/wp-content\/uploads\/2021\/12\/abstraktna-slika-na-platnu-900x1243.jpg 900w\" sizes=\"(max-width: 1853px) 100vw, 1853px\" \/>\t\t\t\t<\/div>\n\t\t\t\t\t\t\t\t\t\t\t<\/div>\n\t<\/div>\n  [\/vc_column][\/vc_row][vc_row][vc_column]\t<div class=\"et-image-103 et-image  full   et_image_link\">\n\t\t<div class=\"et-image-inner \">\n\t\t\t\t\t\t\t<div class=\"et-image-thumb \">\n\t\t\t\t\t<img decoding=\"async\" width=\"1500\" height=\"2257\" src=\"https:\/\/svetslik.si\/wp-content\/uploads\/2021\/09\/Stenske-slike-\u2013-Blizina-slike-na-platnu-11.jpg\" class=\"attachment-full\" alt=\"Wandbilder - Gem\u00e4lde - N\u00e4he\" title=\"Wandbilder - Gem\u00e4lde - N\u00e4he\" srcset=\"https:\/\/svetslik.si\/wp-content\/uploads\/2021\/09\/Stenske-slike-\u2013-Blizina-slike-na-platnu-11.jpg 1500w, https:\/\/svetslik.si\/wp-content\/uploads\/2021\/09\/Stenske-slike-\u2013-Blizina-slike-na-platnu-11-600x903.jpg 600w, https:\/\/svetslik.si\/wp-content\/uploads\/2021\/09\/Stenske-slike-\u2013-Blizina-slike-na-platnu-11-1200x1806.jpg 1200w, https:\/\/svetslik.si\/wp-content\/uploads\/2021\/09\/Stenske-slike-\u2013-Blizina-slike-na-platnu-11-199x300.jpg 199w, https:\/\/svetslik.si\/wp-content\/uploads\/2021\/09\/Stenske-slike-\u2013-Blizina-slike-na-platnu-11-681x1024.jpg 681w, https:\/\/svetslik.si\/wp-content\/uploads\/2021\/09\/Stenske-slike-\u2013-Blizina-slike-na-platnu-11-768x1156.jpg 768w, https:\/\/svetslik.si\/wp-content\/uploads\/2021\/09\/Stenske-slike-\u2013-Blizina-slike-na-platnu-11-1021x1536.jpg 1021w, https:\/\/svetslik.si\/wp-content\/uploads\/2021\/09\/Stenske-slike-\u2013-Blizina-slike-na-platnu-11-1361x2048.jpg 1361w, https:\/\/svetslik.si\/wp-content\/uploads\/2021\/09\/Stenske-slike-\u2013-Blizina-slike-na-platnu-11-100x150.jpg 100w\" sizes=\"(max-width: 1500px) 100vw, 1500px\" \/>\t\t\t\t<\/div>\n\t\t\t\t\t\t\t\t\t\t\t<\/div>\n\t<\/div>\n  [\/vc_column][\/vc_row][vc_row][vc_column]\t<div class=\"et-image-682 et-image  full   et_image_link\">\n\t\t<div class=\"et-image-inner \">\n\t\t\t\t\t\t\t<div class=\"et-image-thumb \">\n\t\t\t\t\t<img decoding=\"async\" width=\"1334\" height=\"2560\" src=\"https:\/\/svetslik.si\/wp-content\/uploads\/2021\/09\/Stenske-slike-\u2013-Blizina-slike-na-platnu-2-scaled.jpg\" class=\"attachment-full\" alt=\"Wandbilder - Gem\u00e4lde - N\u00e4he\" title=\"Wandbilder - Gem\u00e4lde - N\u00e4he\" srcset=\"https:\/\/svetslik.si\/wp-content\/uploads\/2021\/09\/Stenske-slike-\u2013-Blizina-slike-na-platnu-2-scaled.jpg 1334w, https:\/\/svetslik.si\/wp-content\/uploads\/2021\/09\/Stenske-slike-\u2013-Blizina-slike-na-platnu-2-scaled-600x1151.jpg 600w, https:\/\/svetslik.si\/wp-content\/uploads\/2021\/09\/Stenske-slike-\u2013-Blizina-slike-na-platnu-2-scaled-1200x2303.jpg 1200w, https:\/\/svetslik.si\/wp-content\/uploads\/2021\/09\/Stenske-slike-\u2013-Blizina-slike-na-platnu-2-156x300.jpg 156w, https:\/\/svetslik.si\/wp-content\/uploads\/2021\/09\/Stenske-slike-\u2013-Blizina-slike-na-platnu-2-534x1024.jpg 534w, https:\/\/svetslik.si\/wp-content\/uploads\/2021\/09\/Stenske-slike-\u2013-Blizina-slike-na-platnu-2-768x1474.jpg 768w, https:\/\/svetslik.si\/wp-content\/uploads\/2021\/09\/Stenske-slike-\u2013-Blizina-slike-na-platnu-2-800x1536.jpg 800w, https:\/\/svetslik.si\/wp-content\/uploads\/2021\/09\/Stenske-slike-\u2013-Blizina-slike-na-platnu-2-1067x2048.jpg 1067w, https:\/\/svetslik.si\/wp-content\/uploads\/2021\/09\/Stenske-slike-\u2013-Blizina-slike-na-platnu-2-78x150.jpg 78w\" sizes=\"(max-width: 1334px) 100vw, 1334px\" \/>\t\t\t\t<\/div>\n\t\t\t\t\t\t\t\t\t\t\t<\/div>\n\t<\/div>\n  [\/vc_column][\/vc_row][vc_row][vc_column]\t<div class=\"et-image-771 et-image  full   et_image_link\">\n\t\t<div class=\"et-image-inner \">\n\t\t\t\t\t\t\t<div class=\"et-image-thumb \">\n\t\t\t\t\t<img decoding=\"async\" width=\"1173\" height=\"2560\" src=\"https:\/\/svetslik.si\/wp-content\/uploads\/2021\/09\/Stenske-slike-\u2013-Blizina-slike-na-platnu-scaled.jpg\" class=\"attachment-full\" alt=\"Wandbilder - Gem\u00e4lde - N\u00e4he\" title=\"Wandbilder - Gem\u00e4lde - N\u00e4he\" srcset=\"https:\/\/svetslik.si\/wp-content\/uploads\/2021\/09\/Stenske-slike-\u2013-Blizina-slike-na-platnu-scaled.jpg 1173w, https:\/\/svetslik.si\/wp-content\/uploads\/2021\/09\/Stenske-slike-\u2013-Blizina-slike-na-platnu-scaled-600x1309.jpg 600w, https:\/\/svetslik.si\/wp-content\/uploads\/2021\/09\/Stenske-slike-\u2013-Blizina-slike-na-platnu-137x300.jpg 137w, https:\/\/svetslik.si\/wp-content\/uploads\/2021\/09\/Stenske-slike-\u2013-Blizina-slike-na-platnu-469x1024.jpg 469w, https:\/\/svetslik.si\/wp-content\/uploads\/2021\/09\/Stenske-slike-\u2013-Blizina-slike-na-platnu-768x1676.jpg 768w, https:\/\/svetslik.si\/wp-content\/uploads\/2021\/09\/Stenske-slike-\u2013-Blizina-slike-na-platnu-704x1536.jpg 704w, https:\/\/svetslik.si\/wp-content\/uploads\/2021\/09\/Stenske-slike-\u2013-Blizina-slike-na-platnu-939x2048.jpg 939w, https:\/\/svetslik.si\/wp-content\/uploads\/2021\/09\/Stenske-slike-\u2013-Blizina-slike-na-platnu-69x150.jpg 69w, https:\/\/svetslik.si\/wp-content\/uploads\/2021\/09\/Stenske-slike-\u2013-Blizina-slike-na-platnu-900x1964.jpg 900w\" sizes=\"(max-width: 1173px) 100vw, 1173px\" \/>\t\t\t\t<\/div>\n\t\t\t\t\t\t\t\t\t\t\t<\/div>\n\t<\/div>\n  [\/vc_column][\/vc_row][vc_row][vc_column]\t<div class=\"et-image-67 et-image  full   et_image_link\">\n\t\t<div class=\"et-image-inner \">\n\t\t\t\t\t\t\t<div class=\"et-image-thumb \">\n\t\t\t\t\t<img decoding=\"async\" width=\"1500\" height=\"1375\" src=\"https:\/\/svetslik.si\/wp-content\/uploads\/2021\/09\/Stenske-slike-\u2013-Blizina-slike-na-platnu-3.jpg\" class=\"attachment-full\" alt=\"Wandbilder - Gem\u00e4lde - N\u00e4he\" title=\"Wandbilder - Gem\u00e4lde - N\u00e4he\" srcset=\"https:\/\/svetslik.si\/wp-content\/uploads\/2021\/09\/Stenske-slike-\u2013-Blizina-slike-na-platnu-3.jpg 1500w, https:\/\/svetslik.si\/wp-content\/uploads\/2021\/09\/Stenske-slike-\u2013-Blizina-slike-na-platnu-3-600x550.jpg 600w, https:\/\/svetslik.si\/wp-content\/uploads\/2021\/09\/Stenske-slike-\u2013-Blizina-slike-na-platnu-3-1200x1100.jpg 1200w, https:\/\/svetslik.si\/wp-content\/uploads\/2021\/09\/Stenske-slike-\u2013-Blizina-slike-na-platnu-3-300x275.jpg 300w, https:\/\/svetslik.si\/wp-content\/uploads\/2021\/09\/Stenske-slike-\u2013-Blizina-slike-na-platnu-3-1024x939.jpg 1024w, https:\/\/svetslik.si\/wp-content\/uploads\/2021\/09\/Stenske-slike-\u2013-Blizina-slike-na-platnu-3-768x704.jpg 768w, https:\/\/svetslik.si\/wp-content\/uploads\/2021\/09\/Stenske-slike-\u2013-Blizina-slike-na-platnu-3-150x138.jpg 150w\" sizes=\"(max-width: 1500px) 100vw, 1500px\" \/>\t\t\t\t<\/div>\n\t\t\t\t\t\t\t\t\t\t\t<\/div>\n\t<\/div>\n  [\/vc_column][\/vc_row][vc_row][vc_column]\t<div class=\"et-image-973 et-image  full   et_image_link\">\n\t\t<div class=\"et-image-inner \">\n\t\t\t\t\t\t\t<div class=\"et-image-thumb \">\n\t\t\t\t\t<img decoding=\"async\" width=\"1500\" height=\"1125\" src=\"https:\/\/svetslik.si\/wp-content\/uploads\/2021\/09\/Stenske-slike-\u2013-Blizina-slike-na-platnu-4.jpg\" class=\"attachment-full\" alt=\"Wandbilder - Gem\u00e4lde - N\u00e4he\" title=\"Wandbilder - Gem\u00e4lde - N\u00e4he\" srcset=\"https:\/\/svetslik.si\/wp-content\/uploads\/2021\/09\/Stenske-slike-\u2013-Blizina-slike-na-platnu-4.jpg 1500w, https:\/\/svetslik.si\/wp-content\/uploads\/2021\/09\/Stenske-slike-\u2013-Blizina-slike-na-platnu-4-600x450.jpg 600w, https:\/\/svetslik.si\/wp-content\/uploads\/2021\/09\/Stenske-slike-\u2013-Blizina-slike-na-platnu-4-1200x900.jpg 1200w, https:\/\/svetslik.si\/wp-content\/uploads\/2021\/09\/Stenske-slike-\u2013-Blizina-slike-na-platnu-4-300x225.jpg 300w, https:\/\/svetslik.si\/wp-content\/uploads\/2021\/09\/Stenske-slike-\u2013-Blizina-slike-na-platnu-4-1024x768.jpg 1024w, https:\/\/svetslik.si\/wp-content\/uploads\/2021\/09\/Stenske-slike-\u2013-Blizina-slike-na-platnu-4-768x576.jpg 768w, https:\/\/svetslik.si\/wp-content\/uploads\/2021\/09\/Stenske-slike-\u2013-Blizina-slike-na-platnu-4-150x113.jpg 150w\" sizes=\"(max-width: 1500px) 100vw, 1500px\" \/>\t\t\t\t<\/div>\n\t\t\t\t\t\t\t\t\t\t\t<\/div>\n\t<\/div>\n  [\/vc_column][\/vc_row]\n<\/div>","protected":false},"excerpt":{"rendered":"<p>[vc_row][vc_column][vc_column_text css=&#8221;&#8221;] [\/vc_column][\/vc_row][vc_row][vc_column][\/vc_column][\/vc_row][vc_row][vc_column][\/vc_column][\/vc_row][vc_row][vc_column][\/vc_column][\/vc_row][vc_row][vc_column][\/vc_column][\/vc_row][vc_row][vc_column][\/vc_column][\/vc_row][vc_row][vc_column][\/vc_column][\/vc_row]<\/p>\n","protected":false},"featured_media":63412,"template":"","meta":{"_acf_changed":false},"product_brand":[],"product_cat":[8471],"product_tag":[8477,8485,8522,8523,8524,8774,9135,8499,9133,8510,9134,8775],"class_list":{"0":"post-72874","1":"product","2":"type-product","3":"status-publish","4":"has-post-thumbnail","6":"product_cat-leinwandbilder-einteilige","7":"product_tag-abstrakte-gemaelde-de","8":"product_tag-dekorative-gemaelde","9":"product_tag-gemaelde-auf-leinwand","10":"product_tag-gemaelde-fuer-das-wohnzimmer","11":"product_tag-gemaelde-fuer-die-wand","12":"product_tag-gemalde-fur-wohnzimmer-3","13":"product_tag-kunst-gemalde","14":"product_tag-moderne-gemalde-de","15":"product_tag-online-galerie","16":"product_tag-verkauf-von-gemaelden","17":"product_tag-wanddekoration","18":"product_tag-wandgemalde-1","19":"pa_dimenzija-100-x-170-cm","20":"pa_dimenzija-120-x-205-cm","21":"pa_dimenzija-30-x-50-cm","22":"pa_dimenzija-40-x-70-cm","23":"pa_dimenzija-50-x-85-cm","24":"pa_dimenzija-60-x-105-cm","25":"pa_dimenzija-70-x-120-cm","26":"pa_dimenzija-80-x-130-cm","27":"pa_dimenzija-90-x-155-cm","28":"pa_oblika-vertikal","29":"pa_okvir-ohne-rahmen","30":"pa_podokvir-ja","31":"pa_podokvir-nein","33":"first","34":"onbackorder","35":"purchasable","36":"product-type-variable","37":"has-default-attributes"},"acf":[],"yoast_head":"<!-- This site is optimized with the Yoast SEO Premium plugin v26.0 (Yoast SEO v27.2) - https:\/\/yoast.com\/product\/yoast-seo-premium-wordpress\/ -->\n<title>Wandbilder - Gem\u00e4lde - N\u00e4he - SVETSLIK.SI - 100% handgemalt<\/title>\n<meta name=\"description\" content=\"Wandbilder - Gem\u00e4lde - N\u00e4he - 100% handgemalte Leinwandbilder. Verkauf von abstrakter Kunst, modernen Gem\u00e4lden, Reproduktionen bekannter Maler, individuelle Anfertigung von Gem\u00e4lden und Bilderrahmung.\" \/>\n<meta name=\"robots\" content=\"index, follow, max-snippet:-1, max-image-preview:large, max-video-preview:-1\" \/>\n<link rel=\"canonical\" href=\"https:\/\/svetslik.si\/de\/leinwandbilder-einteilige\/wandbilder-gemalde-naehe\/\" \/>\n<meta property=\"og:locale\" content=\"de_DE\" \/>\n<meta property=\"og:type\" content=\"article\" \/>\n<meta property=\"og:title\" content=\"Wandbilder - Gem\u00e4lde - N\u00e4he\" \/>\n<meta property=\"og:description\" content=\"100% ro\u010dno naslikane slike na platnu, reprodukcije znanih slikarjev in umetni\u0161ke slike po naro\u010dilu.\" \/>\n<meta property=\"og:url\" content=\"https:\/\/svetslik.si\/de\/leinwandbilder-einteilige\/wandbilder-gemalde-naehe\/\" \/>\n<meta property=\"og:site_name\" content=\"SVETSLIK.SI\" \/>\n<meta property=\"article:publisher\" content=\"https:\/\/www.facebook.com\/svetslik.si\" \/>\n<meta property=\"article:modified_time\" content=\"2026-03-22T13:52:26+00:00\" \/>\n<meta property=\"og:image\" content=\"https:\/\/svetslik.si\/wp-content\/uploads\/2021\/08\/image_Blizina-dekorativna-moderna-slika_680.jpg\" \/>\n\t<meta property=\"og:image:width\" content=\"400\" \/>\n\t<meta property=\"og:image:height\" content=\"680\" \/>\n\t<meta property=\"og:image:type\" content=\"image\/jpeg\" \/>\n<meta name=\"twitter:card\" content=\"summary_large_image\" \/>\n<meta name=\"twitter:site\" content=\"@svetslik\" \/>\n<meta name=\"twitter:label1\" content=\"Verf\u00fcgbarkeit\" \/>\n\t<meta name=\"twitter:data1\" content=\"bei Nachbestellung\" \/>\n<script type=\"application\/ld+json\" class=\"yoast-schema-graph\">{\"@context\":\"https:\/\/schema.org\",\"@graph\":[{\"@type\":[\"WebPage\",\"ItemPage\"],\"@id\":\"https:\/\/svetslik.si\/de\/leinwandbilder-einteilige\/wandbilder-gemalde-naehe\/\",\"url\":\"https:\/\/svetslik.si\/de\/leinwandbilder-einteilige\/wandbilder-gemalde-naehe\/\",\"name\":\"Wandbilder - Gem\u00e4lde - N\u00e4he - SVETSLIK.SI - 100% handgemalt\",\"isPartOf\":{\"@id\":\"https:\/\/svetslik.si\/de\/#website\"},\"primaryImageOfPage\":{\"@id\":\"https:\/\/svetslik.si\/de\/leinwandbilder-einteilige\/wandbilder-gemalde-naehe\/#primaryimage\"},\"image\":{\"@id\":\"https:\/\/svetslik.si\/de\/leinwandbilder-einteilige\/wandbilder-gemalde-naehe\/#primaryimage\"},\"thumbnailUrl\":\"https:\/\/svetslik.si\/wp-content\/uploads\/2021\/08\/image_Blizina-dekorativna-moderna-slika_680.jpg\",\"datePublished\":\"2021-09-02T17:31:58+00:00\",\"dateModified\":\"2026-03-22T13:52:26+00:00\",\"description\":\"Wandbilder - Gem\u00e4lde - N\u00e4he - 100% handgemalte Leinwandbilder. Verkauf von abstrakter Kunst, modernen Gem\u00e4lden, Reproduktionen bekannter Maler, individuelle Anfertigung von Gem\u00e4lden und Bilderrahmung.\",\"breadcrumb\":{\"@id\":\"https:\/\/svetslik.si\/de\/leinwandbilder-einteilige\/wandbilder-gemalde-naehe\/#breadcrumb\"},\"inLanguage\":\"de\",\"potentialAction\":[{\"@type\":\"ReadAction\",\"target\":[\"https:\/\/svetslik.si\/de\/leinwandbilder-einteilige\/wandbilder-gemalde-naehe\/\"]}]},{\"@type\":\"ImageObject\",\"inLanguage\":\"de\",\"@id\":\"https:\/\/svetslik.si\/de\/leinwandbilder-einteilige\/wandbilder-gemalde-naehe\/#primaryimage\",\"url\":\"https:\/\/svetslik.si\/wp-content\/uploads\/2021\/08\/image_Blizina-dekorativna-moderna-slika_680.jpg\",\"contentUrl\":\"https:\/\/svetslik.si\/wp-content\/uploads\/2021\/08\/image_Blizina-dekorativna-moderna-slika_680.jpg\",\"width\":400,\"height\":680,\"caption\":\"Leinwandwandgem\u00e4lde, Wandgem\u00e4lde, Kunstgem\u00e4lde, moderne Gem\u00e4lde, Ambientegem\u00e4lde, abstrakte Gem\u00e4lde, dekorative Wandgem\u00e4lde, Gem\u00e4lde kaufen und verkaufen \u2013 In der N\u00e4he \u2013 dekorative moderne Malerei\"},{\"@type\":\"BreadcrumbList\",\"@id\":\"https:\/\/svetslik.si\/de\/leinwandbilder-einteilige\/wandbilder-gemalde-naehe\/#breadcrumb\",\"itemListElement\":[{\"@type\":\"ListItem\",\"position\":1,\"name\":\"Wandkunst und Gem\u00e4lde auf Leinwand\",\"item\":\"https:\/\/svetslik.si\/de\/\"},{\"@type\":\"ListItem\",\"position\":2,\"name\":\"Verkauf von Gem\u00e4lden\",\"item\":\"https:\/\/svetslik.si\/prodaja-slik\/\"},{\"@type\":\"ListItem\",\"position\":3,\"name\":\"Wandbilder &#8211; Gem\u00e4lde &#8211; N\u00e4he\"}]},{\"@type\":\"WebSite\",\"@id\":\"https:\/\/svetslik.si\/de\/#website\",\"url\":\"https:\/\/svetslik.si\/de\/\",\"name\":\"SVETSLIK.SI\",\"description\":\"100% handgemalte Reproduktionen von Gem\u00e4lden ber\u00fchmter Maler und Gem\u00e4lde auf Leinwand.\",\"publisher\":{\"@id\":\"https:\/\/svetslik.si\/de\/#organization\"},\"potentialAction\":[{\"@type\":\"SearchAction\",\"target\":{\"@type\":\"EntryPoint\",\"urlTemplate\":\"https:\/\/svetslik.si\/de\/?s={search_term_string}\"},\"query-input\":{\"@type\":\"PropertyValueSpecification\",\"valueRequired\":true,\"valueName\":\"search_term_string\"}}],\"inLanguage\":\"de\"},{\"@type\":\"Organization\",\"@id\":\"https:\/\/svetslik.si\/de\/#organization\",\"name\":\"SvetSlik.si\",\"url\":\"https:\/\/svetslik.si\/de\/\",\"logo\":{\"@type\":\"ImageObject\",\"inLanguage\":\"de\",\"@id\":\"https:\/\/svetslik.si\/de\/#\/schema\/logo\/image\/\",\"url\":\"https:\/\/svetslik.si\/wp-content\/uploads\/2020\/12\/logo-512.png\",\"contentUrl\":\"https:\/\/svetslik.si\/wp-content\/uploads\/2020\/12\/logo-512.png\",\"width\":512,\"height\":512,\"caption\":\"SvetSlik.si\"},\"image\":{\"@id\":\"https:\/\/svetslik.si\/de\/#\/schema\/logo\/image\/\"},\"sameAs\":[\"https:\/\/www.facebook.com\/svetslik.si\",\"https:\/\/x.com\/svetslik\",\"https:\/\/www.instagram.com\/svetslik.si\/\",\"https:\/\/www.linkedin.com\/company\/svetslik-si\"]}]}<\/script>\n<meta property=\"og:availability\" content=\"backorder\" \/>\n<meta property=\"product:availability\" content=\"available for order\" \/>\n<meta property=\"product:retailer_item_id\" content=\"1159__\" \/>\n<meta property=\"product:condition\" content=\"new\" \/>\n<!-- \/ Yoast SEO Premium plugin. -->","yoast_head_json":{"title":"Wandbilder - Gem\u00e4lde - N\u00e4he - SVETSLIK.SI - 100% handgemalt","description":"Wandbilder - Gem\u00e4lde - N\u00e4he - 100% handgemalte Leinwandbilder. Verkauf von abstrakter Kunst, modernen Gem\u00e4lden, Reproduktionen bekannter Maler, individuelle Anfertigung von Gem\u00e4lden und Bilderrahmung.","robots":{"index":"index","follow":"follow","max-snippet":"max-snippet:-1","max-image-preview":"max-image-preview:large","max-video-preview":"max-video-preview:-1"},"canonical":"https:\/\/svetslik.si\/de\/leinwandbilder-einteilige\/wandbilder-gemalde-naehe\/","og_locale":"de_DE","og_type":"article","og_title":"Wandbilder - Gem\u00e4lde - N\u00e4he","og_description":"100% ro\u010dno naslikane slike na platnu, reprodukcije znanih slikarjev in umetni\u0161ke slike po naro\u010dilu.","og_url":"https:\/\/svetslik.si\/de\/leinwandbilder-einteilige\/wandbilder-gemalde-naehe\/","og_site_name":"SVETSLIK.SI","article_publisher":"https:\/\/www.facebook.com\/svetslik.si","article_modified_time":"2026-03-22T13:52:26+00:00","og_image":[{"width":400,"height":680,"url":"https:\/\/svetslik.si\/wp-content\/uploads\/2021\/08\/image_Blizina-dekorativna-moderna-slika_680.jpg","type":"image\/jpeg"}],"twitter_card":"summary_large_image","twitter_site":"@svetslik","twitter_misc":{"Verf\u00fcgbarkeit":"bei Nachbestellung"},"schema":{"@context":"https:\/\/schema.org","@graph":[{"@type":["WebPage","ItemPage"],"@id":"https:\/\/svetslik.si\/de\/leinwandbilder-einteilige\/wandbilder-gemalde-naehe\/","url":"https:\/\/svetslik.si\/de\/leinwandbilder-einteilige\/wandbilder-gemalde-naehe\/","name":"Wandbilder - Gem\u00e4lde - N\u00e4he - SVETSLIK.SI - 100% handgemalt","isPartOf":{"@id":"https:\/\/svetslik.si\/de\/#website"},"primaryImageOfPage":{"@id":"https:\/\/svetslik.si\/de\/leinwandbilder-einteilige\/wandbilder-gemalde-naehe\/#primaryimage"},"image":{"@id":"https:\/\/svetslik.si\/de\/leinwandbilder-einteilige\/wandbilder-gemalde-naehe\/#primaryimage"},"thumbnailUrl":"https:\/\/svetslik.si\/wp-content\/uploads\/2021\/08\/image_Blizina-dekorativna-moderna-slika_680.jpg","datePublished":"2021-09-02T17:31:58+00:00","dateModified":"2026-03-22T13:52:26+00:00","description":"Wandbilder - Gem\u00e4lde - N\u00e4he - 100% handgemalte Leinwandbilder. Verkauf von abstrakter Kunst, modernen Gem\u00e4lden, Reproduktionen bekannter Maler, individuelle Anfertigung von Gem\u00e4lden und Bilderrahmung.","breadcrumb":{"@id":"https:\/\/svetslik.si\/de\/leinwandbilder-einteilige\/wandbilder-gemalde-naehe\/#breadcrumb"},"inLanguage":"de","potentialAction":[{"@type":"ReadAction","target":["https:\/\/svetslik.si\/de\/leinwandbilder-einteilige\/wandbilder-gemalde-naehe\/"]}]},{"@type":"ImageObject","inLanguage":"de","@id":"https:\/\/svetslik.si\/de\/leinwandbilder-einteilige\/wandbilder-gemalde-naehe\/#primaryimage","url":"https:\/\/svetslik.si\/wp-content\/uploads\/2021\/08\/image_Blizina-dekorativna-moderna-slika_680.jpg","contentUrl":"https:\/\/svetslik.si\/wp-content\/uploads\/2021\/08\/image_Blizina-dekorativna-moderna-slika_680.jpg","width":400,"height":680,"caption":"Leinwandwandgem\u00e4lde, Wandgem\u00e4lde, Kunstgem\u00e4lde, moderne Gem\u00e4lde, Ambientegem\u00e4lde, abstrakte Gem\u00e4lde, dekorative Wandgem\u00e4lde, Gem\u00e4lde kaufen und verkaufen \u2013 In der N\u00e4he \u2013 dekorative moderne Malerei"},{"@type":"BreadcrumbList","@id":"https:\/\/svetslik.si\/de\/leinwandbilder-einteilige\/wandbilder-gemalde-naehe\/#breadcrumb","itemListElement":[{"@type":"ListItem","position":1,"name":"Wandkunst und Gem\u00e4lde auf Leinwand","item":"https:\/\/svetslik.si\/de\/"},{"@type":"ListItem","position":2,"name":"Verkauf von Gem\u00e4lden","item":"https:\/\/svetslik.si\/prodaja-slik\/"},{"@type":"ListItem","position":3,"name":"Wandbilder &#8211; Gem\u00e4lde &#8211; N\u00e4he"}]},{"@type":"WebSite","@id":"https:\/\/svetslik.si\/de\/#website","url":"https:\/\/svetslik.si\/de\/","name":"SVETSLIK.SI","description":"100% handgemalte Reproduktionen von Gem\u00e4lden ber\u00fchmter Maler und Gem\u00e4lde auf Leinwand.","publisher":{"@id":"https:\/\/svetslik.si\/de\/#organization"},"potentialAction":[{"@type":"SearchAction","target":{"@type":"EntryPoint","urlTemplate":"https:\/\/svetslik.si\/de\/?s={search_term_string}"},"query-input":{"@type":"PropertyValueSpecification","valueRequired":true,"valueName":"search_term_string"}}],"inLanguage":"de"},{"@type":"Organization","@id":"https:\/\/svetslik.si\/de\/#organization","name":"SvetSlik.si","url":"https:\/\/svetslik.si\/de\/","logo":{"@type":"ImageObject","inLanguage":"de","@id":"https:\/\/svetslik.si\/de\/#\/schema\/logo\/image\/","url":"https:\/\/svetslik.si\/wp-content\/uploads\/2020\/12\/logo-512.png","contentUrl":"https:\/\/svetslik.si\/wp-content\/uploads\/2020\/12\/logo-512.png","width":512,"height":512,"caption":"SvetSlik.si"},"image":{"@id":"https:\/\/svetslik.si\/de\/#\/schema\/logo\/image\/"},"sameAs":["https:\/\/www.facebook.com\/svetslik.si","https:\/\/x.com\/svetslik","https:\/\/www.instagram.com\/svetslik.si\/","https:\/\/www.linkedin.com\/company\/svetslik-si"]}]},"og_availability":"backorder","product_availability":"available for order","product_retailer_item_id":"1159__","product_condition":"new"},"jetpack_sharing_enabled":true,"_links":{"self":[{"href":"https:\/\/svetslik.si\/de\/wp-json\/wp\/v2\/product\/72874","targetHints":{"allow":["GET"]}}],"collection":[{"href":"https:\/\/svetslik.si\/de\/wp-json\/wp\/v2\/product"}],"about":[{"href":"https:\/\/svetslik.si\/de\/wp-json\/wp\/v2\/types\/product"}],"wp:featuredmedia":[{"embeddable":true,"href":"https:\/\/svetslik.si\/de\/wp-json\/wp\/v2\/media\/63412"}],"wp:attachment":[{"href":"https:\/\/svetslik.si\/de\/wp-json\/wp\/v2\/media?parent=72874"}],"wp:term":[{"taxonomy":"product_brand","embeddable":true,"href":"https:\/\/svetslik.si\/de\/wp-json\/wp\/v2\/product_brand?post=72874"},{"taxonomy":"product_cat","embeddable":true,"href":"https:\/\/svetslik.si\/de\/wp-json\/wp\/v2\/product_cat?post=72874"},{"taxonomy":"product_tag","embeddable":true,"href":"https:\/\/svetslik.si\/de\/wp-json\/wp\/v2\/product_tag?post=72874"}],"curies":[{"name":"wp","href":"https:\/\/api.w.org\/{rel}","templated":true}]}}