{"id":72938,"date":"2021-09-03T14:22:59","date_gmt":"2021-09-03T12:22:59","guid":{"rendered":"https:\/\/svetslik.si\/unkategorisiert\/dekorativna-slika-drevo-v-cvetju\/"},"modified":"2026-03-22T14:54:50","modified_gmt":"2026-03-22T13:54:50","slug":"leinwandbilder-gemalde-baum-in-bluete","status":"publish","type":"product","link":"https:\/\/svetslik.si\/de\/leinwandbilder-mehrteilige\/leinwandbilder-gemalde-baum-in-bluete\/","title":{"rendered":"Leinwandbilder \/ Gem\u00e4lde &#8211; Baum in Bl\u00fcte"},"content":{"rendered":"<p>Die gemeinsame Dimension des Gem\u00e4ldes:<br \/>\n 170 cm x 110 cm (2 x 40 cm x 60 cm + 2 x 30 cm x 90 cm + 30 cm x 110 cm).<\/p>\n","protected":false},"excerpt":{"rendered":"<p>Die gemeinsame Dimension des Gem\u00e4ldes: 170 cm x 110 cm (2 x 40 cm x 60 cm + 2 x 30 cm x 90 cm + 30 cm x 110 cm).<\/p>\n","protected":false},"featured_media":63513,"template":"","meta":{"_acf_changed":false},"product_brand":[],"product_cat":[8472],"product_tag":[8477,8522,8523,8774,9135,8776,8499,8510,8775],"class_list":{"0":"post-72938","1":"product","2":"type-product","3":"status-publish","4":"has-post-thumbnail","6":"product_cat-leinwandbilder-mehrteilige","7":"product_tag-abstrakte-gemaelde-de","8":"product_tag-gemaelde-auf-leinwand","9":"product_tag-gemaelde-fuer-das-wohnzimmer","10":"product_tag-gemalde-fur-wohnzimmer-3","11":"product_tag-kunst-gemalde","12":"product_tag-mehrteilige-gemalde","13":"product_tag-moderne-gemalde-de","14":"product_tag-verkauf-von-gemaelden","15":"product_tag-wandgemalde-1","16":"pa_dimenzija-170-x-110-cm-de","17":"pa_oblika-horizontal-de","18":"pa_pod-okvir-im-preis-inbegriffen","19":"pa_podokvir-ja","20":"pa_podokvir-nein","22":"first","23":"instock","24":"purchasable","25":"product-type-variable"},"acf":[],"yoast_head":"<!-- This site is optimized with the Yoast SEO Premium plugin v26.0 (Yoast SEO v27.2) - https:\/\/yoast.com\/product\/yoast-seo-premium-wordpress\/ -->\n<title>Leinwandbilder \/ Gem\u00e4lde - Baum in Bl\u00fcte - SVETSLIK.SI - 100% handgemalt<\/title>\n<meta name=\"description\" content=\"Leinwandbilder \/ Gem\u00e4lde - Baum in Bl\u00fcte - 100% handgemalte Leinwandbilder. Verkauf von abstrakter Kunst, modernen Gem\u00e4lden, Reproduktionen bekannter Maler, individuelle Anfertigung von Gem\u00e4lden und Bilderrahmung.\" \/>\n<meta name=\"robots\" content=\"index, follow, max-snippet:-1, max-image-preview:large, max-video-preview:-1\" \/>\n<link rel=\"canonical\" href=\"https:\/\/svetslik.si\/de\/leinwandbilder-mehrteilige\/leinwandbilder-gemalde-baum-in-bluete\/\" \/>\n<meta property=\"og:locale\" content=\"de_DE\" \/>\n<meta property=\"og:type\" content=\"article\" \/>\n<meta property=\"og:title\" content=\"Leinwandbilder \/ Gem\u00e4lde - Baum in Bl\u00fcte\" \/>\n<meta property=\"og:description\" content=\"100% ro\u010dno naslikane slike na platnu, reprodukcije znanih slikarjev in umetni\u0161ke slike po naro\u010dilu.\" \/>\n<meta property=\"og:url\" content=\"https:\/\/svetslik.si\/de\/leinwandbilder-mehrteilige\/leinwandbilder-gemalde-baum-in-bluete\/\" \/>\n<meta property=\"og:site_name\" content=\"SVETSLIK.SI\" \/>\n<meta property=\"article:publisher\" content=\"https:\/\/www.facebook.com\/svetslik.si\" \/>\n<meta property=\"article:modified_time\" content=\"2026-03-22T13:54:50+00:00\" \/>\n<meta property=\"og:image\" content=\"https:\/\/svetslik.si\/wp-content\/uploads\/2021\/08\/image_Dekorativna-slika-Drevo-v-cvetju-moderna-stenska-slika_680.png\" \/>\n\t<meta property=\"og:image:width\" content=\"680\" \/>\n\t<meta property=\"og:image:height\" content=\"388\" \/>\n\t<meta property=\"og:image:type\" content=\"image\/png\" \/>\n<meta name=\"twitter:card\" content=\"summary_large_image\" \/>\n<meta name=\"twitter:site\" content=\"@svetslik\" \/>\n<meta name=\"twitter:label1\" content=\"Verf\u00fcgbarkeit\" \/>\n\t<meta name=\"twitter:data1\" content=\"Auf Lager\" \/>\n<script type=\"application\/ld+json\" class=\"yoast-schema-graph\">{\"@context\":\"https:\/\/schema.org\",\"@graph\":[{\"@type\":[\"WebPage\",\"ItemPage\"],\"@id\":\"https:\/\/svetslik.si\/de\/leinwandbilder-mehrteilige\/leinwandbilder-gemalde-baum-in-bluete\/\",\"url\":\"https:\/\/svetslik.si\/de\/leinwandbilder-mehrteilige\/leinwandbilder-gemalde-baum-in-bluete\/\",\"name\":\"Leinwandbilder \/ Gem\u00e4lde - Baum in Bl\u00fcte - SVETSLIK.SI - 100% handgemalt\",\"isPartOf\":{\"@id\":\"https:\/\/svetslik.si\/de\/#website\"},\"primaryImageOfPage\":{\"@id\":\"https:\/\/svetslik.si\/de\/leinwandbilder-mehrteilige\/leinwandbilder-gemalde-baum-in-bluete\/#primaryimage\"},\"image\":{\"@id\":\"https:\/\/svetslik.si\/de\/leinwandbilder-mehrteilige\/leinwandbilder-gemalde-baum-in-bluete\/#primaryimage\"},\"thumbnailUrl\":\"https:\/\/svetslik.si\/wp-content\/uploads\/2021\/08\/image_Dekorativna-slika-Drevo-v-cvetju-moderna-stenska-slika_680.png\",\"datePublished\":\"2021-09-03T12:22:59+00:00\",\"dateModified\":\"2026-03-22T13:54:50+00:00\",\"description\":\"Leinwandbilder \/ Gem\u00e4lde - Baum in Bl\u00fcte - 100% handgemalte Leinwandbilder. Verkauf von abstrakter Kunst, modernen Gem\u00e4lden, Reproduktionen bekannter Maler, individuelle Anfertigung von Gem\u00e4lden und Bilderrahmung.\",\"breadcrumb\":{\"@id\":\"https:\/\/svetslik.si\/de\/leinwandbilder-mehrteilige\/leinwandbilder-gemalde-baum-in-bluete\/#breadcrumb\"},\"inLanguage\":\"de\",\"potentialAction\":[{\"@type\":\"ReadAction\",\"target\":[\"https:\/\/svetslik.si\/de\/leinwandbilder-mehrteilige\/leinwandbilder-gemalde-baum-in-bluete\/\"]}]},{\"@type\":\"ImageObject\",\"inLanguage\":\"de\",\"@id\":\"https:\/\/svetslik.si\/de\/leinwandbilder-mehrteilige\/leinwandbilder-gemalde-baum-in-bluete\/#primaryimage\",\"url\":\"https:\/\/svetslik.si\/wp-content\/uploads\/2021\/08\/image_Dekorativna-slika-Drevo-v-cvetju-moderna-stenska-slika_680.png\",\"contentUrl\":\"https:\/\/svetslik.si\/wp-content\/uploads\/2021\/08\/image_Dekorativna-slika-Drevo-v-cvetju-moderna-stenska-slika_680.png\",\"width\":680,\"height\":388,\"caption\":\"Wandgem\u00e4lde auf Leinwand, Kunstgem\u00e4lde \u2013 moderne Gem\u00e4lde, stimmungsvolle Wandgem\u00e4lde, abstrakte Gem\u00e4lde, dekorative Wandgem\u00e4lde, Gem\u00e4lde kaufen und verkaufen \u2013 mehrteiliges Gem\u00e4lde Baum-in-Blume-moderne-Wandmalerei\"},{\"@type\":\"BreadcrumbList\",\"@id\":\"https:\/\/svetslik.si\/de\/leinwandbilder-mehrteilige\/leinwandbilder-gemalde-baum-in-bluete\/#breadcrumb\",\"itemListElement\":[{\"@type\":\"ListItem\",\"position\":1,\"name\":\"Wandkunst und Gem\u00e4lde auf Leinwand\",\"item\":\"https:\/\/svetslik.si\/de\/\"},{\"@type\":\"ListItem\",\"position\":2,\"name\":\"Verkauf von Gem\u00e4lden\",\"item\":\"https:\/\/svetslik.si\/prodaja-slik\/\"},{\"@type\":\"ListItem\",\"position\":3,\"name\":\"Leinwandbilder \/ Gem\u00e4lde &#8211; Baum in Bl\u00fcte\"}]},{\"@type\":\"WebSite\",\"@id\":\"https:\/\/svetslik.si\/de\/#website\",\"url\":\"https:\/\/svetslik.si\/de\/\",\"name\":\"SVETSLIK.SI\",\"description\":\"100% handgemalte Reproduktionen von Gem\u00e4lden ber\u00fchmter Maler und Gem\u00e4lde auf Leinwand.\",\"publisher\":{\"@id\":\"https:\/\/svetslik.si\/de\/#organization\"},\"potentialAction\":[{\"@type\":\"SearchAction\",\"target\":{\"@type\":\"EntryPoint\",\"urlTemplate\":\"https:\/\/svetslik.si\/de\/?s={search_term_string}\"},\"query-input\":{\"@type\":\"PropertyValueSpecification\",\"valueRequired\":true,\"valueName\":\"search_term_string\"}}],\"inLanguage\":\"de\"},{\"@type\":\"Organization\",\"@id\":\"https:\/\/svetslik.si\/de\/#organization\",\"name\":\"SvetSlik.si\",\"url\":\"https:\/\/svetslik.si\/de\/\",\"logo\":{\"@type\":\"ImageObject\",\"inLanguage\":\"de\",\"@id\":\"https:\/\/svetslik.si\/de\/#\/schema\/logo\/image\/\",\"url\":\"https:\/\/svetslik.si\/wp-content\/uploads\/2020\/12\/logo-512.png\",\"contentUrl\":\"https:\/\/svetslik.si\/wp-content\/uploads\/2020\/12\/logo-512.png\",\"width\":512,\"height\":512,\"caption\":\"SvetSlik.si\"},\"image\":{\"@id\":\"https:\/\/svetslik.si\/de\/#\/schema\/logo\/image\/\"},\"sameAs\":[\"https:\/\/www.facebook.com\/svetslik.si\",\"https:\/\/x.com\/svetslik\",\"https:\/\/www.instagram.com\/svetslik.si\/\",\"https:\/\/www.linkedin.com\/company\/svetslik-si\"]}]}<\/script>\n<meta property=\"og:availability\" content=\"instock\" \/>\n<meta property=\"product:availability\" content=\"instock\" \/>\n<meta property=\"product:retailer_item_id\" content=\"805__\" \/>\n<meta property=\"product:condition\" content=\"new\" \/>\n<!-- \/ Yoast SEO Premium plugin. -->","yoast_head_json":{"title":"Leinwandbilder \/ Gem\u00e4lde - Baum in Bl\u00fcte - SVETSLIK.SI - 100% handgemalt","description":"Leinwandbilder \/ Gem\u00e4lde - Baum in Bl\u00fcte - 100% handgemalte Leinwandbilder. Verkauf von abstrakter Kunst, modernen Gem\u00e4lden, Reproduktionen bekannter Maler, individuelle Anfertigung von Gem\u00e4lden und Bilderrahmung.","robots":{"index":"index","follow":"follow","max-snippet":"max-snippet:-1","max-image-preview":"max-image-preview:large","max-video-preview":"max-video-preview:-1"},"canonical":"https:\/\/svetslik.si\/de\/leinwandbilder-mehrteilige\/leinwandbilder-gemalde-baum-in-bluete\/","og_locale":"de_DE","og_type":"article","og_title":"Leinwandbilder \/ Gem\u00e4lde - Baum in Bl\u00fcte","og_description":"100% ro\u010dno naslikane slike na platnu, reprodukcije znanih slikarjev in umetni\u0161ke slike po naro\u010dilu.","og_url":"https:\/\/svetslik.si\/de\/leinwandbilder-mehrteilige\/leinwandbilder-gemalde-baum-in-bluete\/","og_site_name":"SVETSLIK.SI","article_publisher":"https:\/\/www.facebook.com\/svetslik.si","article_modified_time":"2026-03-22T13:54:50+00:00","og_image":[{"width":680,"height":388,"url":"https:\/\/svetslik.si\/wp-content\/uploads\/2021\/08\/image_Dekorativna-slika-Drevo-v-cvetju-moderna-stenska-slika_680.png","type":"image\/png"}],"twitter_card":"summary_large_image","twitter_site":"@svetslik","twitter_misc":{"Verf\u00fcgbarkeit":"Auf Lager"},"schema":{"@context":"https:\/\/schema.org","@graph":[{"@type":["WebPage","ItemPage"],"@id":"https:\/\/svetslik.si\/de\/leinwandbilder-mehrteilige\/leinwandbilder-gemalde-baum-in-bluete\/","url":"https:\/\/svetslik.si\/de\/leinwandbilder-mehrteilige\/leinwandbilder-gemalde-baum-in-bluete\/","name":"Leinwandbilder \/ Gem\u00e4lde - Baum in Bl\u00fcte - SVETSLIK.SI - 100% handgemalt","isPartOf":{"@id":"https:\/\/svetslik.si\/de\/#website"},"primaryImageOfPage":{"@id":"https:\/\/svetslik.si\/de\/leinwandbilder-mehrteilige\/leinwandbilder-gemalde-baum-in-bluete\/#primaryimage"},"image":{"@id":"https:\/\/svetslik.si\/de\/leinwandbilder-mehrteilige\/leinwandbilder-gemalde-baum-in-bluete\/#primaryimage"},"thumbnailUrl":"https:\/\/svetslik.si\/wp-content\/uploads\/2021\/08\/image_Dekorativna-slika-Drevo-v-cvetju-moderna-stenska-slika_680.png","datePublished":"2021-09-03T12:22:59+00:00","dateModified":"2026-03-22T13:54:50+00:00","description":"Leinwandbilder \/ Gem\u00e4lde - Baum in Bl\u00fcte - 100% handgemalte Leinwandbilder. Verkauf von abstrakter Kunst, modernen Gem\u00e4lden, Reproduktionen bekannter Maler, individuelle Anfertigung von Gem\u00e4lden und Bilderrahmung.","breadcrumb":{"@id":"https:\/\/svetslik.si\/de\/leinwandbilder-mehrteilige\/leinwandbilder-gemalde-baum-in-bluete\/#breadcrumb"},"inLanguage":"de","potentialAction":[{"@type":"ReadAction","target":["https:\/\/svetslik.si\/de\/leinwandbilder-mehrteilige\/leinwandbilder-gemalde-baum-in-bluete\/"]}]},{"@type":"ImageObject","inLanguage":"de","@id":"https:\/\/svetslik.si\/de\/leinwandbilder-mehrteilige\/leinwandbilder-gemalde-baum-in-bluete\/#primaryimage","url":"https:\/\/svetslik.si\/wp-content\/uploads\/2021\/08\/image_Dekorativna-slika-Drevo-v-cvetju-moderna-stenska-slika_680.png","contentUrl":"https:\/\/svetslik.si\/wp-content\/uploads\/2021\/08\/image_Dekorativna-slika-Drevo-v-cvetju-moderna-stenska-slika_680.png","width":680,"height":388,"caption":"Wandgem\u00e4lde auf Leinwand, Kunstgem\u00e4lde \u2013 moderne Gem\u00e4lde, stimmungsvolle Wandgem\u00e4lde, abstrakte Gem\u00e4lde, dekorative Wandgem\u00e4lde, Gem\u00e4lde kaufen und verkaufen \u2013 mehrteiliges Gem\u00e4lde Baum-in-Blume-moderne-Wandmalerei"},{"@type":"BreadcrumbList","@id":"https:\/\/svetslik.si\/de\/leinwandbilder-mehrteilige\/leinwandbilder-gemalde-baum-in-bluete\/#breadcrumb","itemListElement":[{"@type":"ListItem","position":1,"name":"Wandkunst und Gem\u00e4lde auf Leinwand","item":"https:\/\/svetslik.si\/de\/"},{"@type":"ListItem","position":2,"name":"Verkauf von Gem\u00e4lden","item":"https:\/\/svetslik.si\/prodaja-slik\/"},{"@type":"ListItem","position":3,"name":"Leinwandbilder \/ Gem\u00e4lde &#8211; Baum in Bl\u00fcte"}]},{"@type":"WebSite","@id":"https:\/\/svetslik.si\/de\/#website","url":"https:\/\/svetslik.si\/de\/","name":"SVETSLIK.SI","description":"100% handgemalte Reproduktionen von Gem\u00e4lden ber\u00fchmter Maler und Gem\u00e4lde auf Leinwand.","publisher":{"@id":"https:\/\/svetslik.si\/de\/#organization"},"potentialAction":[{"@type":"SearchAction","target":{"@type":"EntryPoint","urlTemplate":"https:\/\/svetslik.si\/de\/?s={search_term_string}"},"query-input":{"@type":"PropertyValueSpecification","valueRequired":true,"valueName":"search_term_string"}}],"inLanguage":"de"},{"@type":"Organization","@id":"https:\/\/svetslik.si\/de\/#organization","name":"SvetSlik.si","url":"https:\/\/svetslik.si\/de\/","logo":{"@type":"ImageObject","inLanguage":"de","@id":"https:\/\/svetslik.si\/de\/#\/schema\/logo\/image\/","url":"https:\/\/svetslik.si\/wp-content\/uploads\/2020\/12\/logo-512.png","contentUrl":"https:\/\/svetslik.si\/wp-content\/uploads\/2020\/12\/logo-512.png","width":512,"height":512,"caption":"SvetSlik.si"},"image":{"@id":"https:\/\/svetslik.si\/de\/#\/schema\/logo\/image\/"},"sameAs":["https:\/\/www.facebook.com\/svetslik.si","https:\/\/x.com\/svetslik","https:\/\/www.instagram.com\/svetslik.si\/","https:\/\/www.linkedin.com\/company\/svetslik-si"]}]},"og_availability":"instock","product_availability":"instock","product_retailer_item_id":"805__","product_condition":"new"},"jetpack_sharing_enabled":true,"_links":{"self":[{"href":"https:\/\/svetslik.si\/de\/wp-json\/wp\/v2\/product\/72938","targetHints":{"allow":["GET"]}}],"collection":[{"href":"https:\/\/svetslik.si\/de\/wp-json\/wp\/v2\/product"}],"about":[{"href":"https:\/\/svetslik.si\/de\/wp-json\/wp\/v2\/types\/product"}],"wp:featuredmedia":[{"embeddable":true,"href":"https:\/\/svetslik.si\/de\/wp-json\/wp\/v2\/media\/63513"}],"wp:attachment":[{"href":"https:\/\/svetslik.si\/de\/wp-json\/wp\/v2\/media?parent=72938"}],"wp:term":[{"taxonomy":"product_brand","embeddable":true,"href":"https:\/\/svetslik.si\/de\/wp-json\/wp\/v2\/product_brand?post=72938"},{"taxonomy":"product_cat","embeddable":true,"href":"https:\/\/svetslik.si\/de\/wp-json\/wp\/v2\/product_cat?post=72938"},{"taxonomy":"product_tag","embeddable":true,"href":"https:\/\/svetslik.si\/de\/wp-json\/wp\/v2\/product_tag?post=72938"}],"curies":[{"name":"wp","href":"https:\/\/api.w.org\/{rel}","templated":true}]}}