{"id":72968,"date":"2021-09-03T14:23:04","date_gmt":"2021-09-03T12:23:04","guid":{"rendered":"https:\/\/svetslik.si\/unkategorisiert\/kline-1\/"},"modified":"2026-03-22T14:57:20","modified_gmt":"2026-03-22T13:57:20","slug":"kline-1","status":"publish","type":"product","link":"https:\/\/svetslik.si\/de\/gemalde-auf-bestellung\/kline-1\/","title":{"rendered":"Kline 1"},"content":{"rendered":"<p><a href=\"https:\/\/svetslik.si\/wp-content\/uploads\/2021\/09\/IMG_20190629_145756-1-scaled.jpg\"><img decoding=\"async\" title=\"Moderne Wandgem\u00e4lde auf Leinwand\"  src=\"https:\/\/svetslik.si\/wp-content\/uploads\/2021\/09\/IMG_20190629_145756-1-169x300.jpg\" alt=\"Moderne Wandgem\u00e4lde auf Leinwand\" width=\"169\" height=\"300\" class=\"alignnone size-medium wp-image-12217\" srcset=\"https:\/\/svetslik.si\/wp-content\/uploads\/2021\/09\/IMG_20190629_145756-1-169x300.jpg 169w, https:\/\/svetslik.si\/wp-content\/uploads\/2021\/09\/IMG_20190629_145756-1-600x1067.jpg 600w, https:\/\/svetslik.si\/wp-content\/uploads\/2021\/09\/IMG_20190629_145756-1-scaled-1200x2133.jpg 1200w, https:\/\/svetslik.si\/wp-content\/uploads\/2021\/09\/IMG_20190629_145756-1-576x1024.jpg 576w, https:\/\/svetslik.si\/wp-content\/uploads\/2021\/09\/IMG_20190629_145756-1-768x1365.jpg 768w, https:\/\/svetslik.si\/wp-content\/uploads\/2021\/09\/IMG_20190629_145756-1-864x1536.jpg 864w, https:\/\/svetslik.si\/wp-content\/uploads\/2021\/09\/IMG_20190629_145756-1-1152x2048.jpg 1152w, https:\/\/svetslik.si\/wp-content\/uploads\/2021\/09\/IMG_20190629_145756-1-84x150.jpg 84w, https:\/\/svetslik.si\/wp-content\/uploads\/2021\/09\/IMG_20190629_145756-1-900x1600.jpg 900w, https:\/\/svetslik.si\/wp-content\/uploads\/2021\/09\/IMG_20190629_145756-1-scaled.jpg 1440w\" sizes=\"(max-width: 169px) 100vw, 169px\" \/><\/a><\/p>\n","protected":false},"excerpt":{"rendered":"","protected":false},"featured_media":63715,"template":"","meta":{"_acf_changed":false},"product_brand":[],"product_cat":[8473],"product_tag":[],"class_list":{"0":"post-72968","1":"product","2":"type-product","3":"status-publish","4":"has-post-thumbnail","6":"product_cat-gemalde-auf-bestellung","7":"pa_dimenzija-120-x-170-cm-de","8":"pa_oblika-vertikal","9":"pa_okvir-ohne-rahmen","10":"pa_podokvir-ja","11":"pa_podokvir-nein","13":"first","14":"onbackorder","15":"purchasable","16":"product-type-variable","17":"has-default-attributes"},"acf":[],"yoast_head":"<!-- This site is optimized with the Yoast SEO Premium plugin v26.0 (Yoast SEO v27.2) - https:\/\/yoast.com\/product\/yoast-seo-premium-wordpress\/ -->\n<title>Kline 1 - SVETSLIK.SI - 100% handgemalt<\/title>\n<meta name=\"description\" content=\"Kline 1 - 100% handgemalte Gem\u00e4lde nach Wunsch. Verkauf von Reproduktionen ber\u00fchmter Gem\u00e4lde und abstrakter Kunst - Wandbilder f\u00fcr das Wohnzimmer.\" \/>\n<meta name=\"robots\" content=\"index, follow, max-snippet:-1, max-image-preview:large, max-video-preview:-1\" \/>\n<link rel=\"canonical\" href=\"https:\/\/svetslik.si\/de\/gemalde-auf-bestellung\/kline-1\/\" \/>\n<meta property=\"og:locale\" content=\"de_DE\" \/>\n<meta property=\"og:type\" content=\"article\" \/>\n<meta property=\"og:title\" content=\"Kline 1\" \/>\n<meta property=\"og:description\" content=\"100% ro\u010dno naslikane slike na platnu, reprodukcije znanih slikarjev in umetni\u0161ke slike po naro\u010dilu.\" \/>\n<meta property=\"og:url\" content=\"https:\/\/svetslik.si\/de\/gemalde-auf-bestellung\/kline-1\/\" \/>\n<meta property=\"og:site_name\" content=\"SVETSLIK.SI\" \/>\n<meta property=\"article:publisher\" content=\"https:\/\/www.facebook.com\/svetslik.si\" \/>\n<meta property=\"article:modified_time\" content=\"2026-03-22T13:57:20+00:00\" \/>\n<meta property=\"og:image\" content=\"https:\/\/svetslik.si\/wp-content\/uploads\/2021\/08\/image_Kline-1_680.jpg\" \/>\n\t<meta property=\"og:image:width\" content=\"498\" \/>\n\t<meta property=\"og:image:height\" content=\"680\" \/>\n\t<meta property=\"og:image:type\" content=\"image\/jpeg\" \/>\n<meta name=\"twitter:card\" content=\"summary_large_image\" \/>\n<meta name=\"twitter:site\" content=\"@svetslik\" \/>\n<meta name=\"twitter:label1\" content=\"Verf\u00fcgbarkeit\" \/>\n\t<meta name=\"twitter:data1\" content=\"bei Nachbestellung\" \/>\n<script type=\"application\/ld+json\" class=\"yoast-schema-graph\">{\"@context\":\"https:\/\/schema.org\",\"@graph\":[{\"@type\":[\"WebPage\",\"ItemPage\"],\"@id\":\"https:\/\/svetslik.si\/de\/gemalde-auf-bestellung\/kline-1\/\",\"url\":\"https:\/\/svetslik.si\/de\/gemalde-auf-bestellung\/kline-1\/\",\"name\":\"Kline 1 - SVETSLIK.SI - 100% handgemalt\",\"isPartOf\":{\"@id\":\"https:\/\/svetslik.si\/de\/#website\"},\"primaryImageOfPage\":{\"@id\":\"https:\/\/svetslik.si\/de\/gemalde-auf-bestellung\/kline-1\/#primaryimage\"},\"image\":{\"@id\":\"https:\/\/svetslik.si\/de\/gemalde-auf-bestellung\/kline-1\/#primaryimage\"},\"thumbnailUrl\":\"https:\/\/svetslik.si\/wp-content\/uploads\/2021\/08\/image_Kline-1_680.jpg\",\"datePublished\":\"2021-09-03T12:23:04+00:00\",\"dateModified\":\"2026-03-22T13:57:20+00:00\",\"description\":\"Kline 1 - 100% handgemalte Gem\u00e4lde nach Wunsch. Verkauf von Reproduktionen ber\u00fchmter Gem\u00e4lde und abstrakter Kunst - Wandbilder f\u00fcr das Wohnzimmer.\",\"breadcrumb\":{\"@id\":\"https:\/\/svetslik.si\/de\/gemalde-auf-bestellung\/kline-1\/#breadcrumb\"},\"inLanguage\":\"de\",\"potentialAction\":[{\"@type\":\"ReadAction\",\"target\":[\"https:\/\/svetslik.si\/de\/gemalde-auf-bestellung\/kline-1\/\"]}]},{\"@type\":\"ImageObject\",\"inLanguage\":\"de\",\"@id\":\"https:\/\/svetslik.si\/de\/gemalde-auf-bestellung\/kline-1\/#primaryimage\",\"url\":\"https:\/\/svetslik.si\/wp-content\/uploads\/2021\/08\/image_Kline-1_680.jpg\",\"contentUrl\":\"https:\/\/svetslik.si\/wp-content\/uploads\/2021\/08\/image_Kline-1_680.jpg\",\"width\":498,\"height\":680,\"caption\":\"Wandgem\u00e4lde auf Leinwand - Kline - Kunstmalerei - moderne Gem\u00e4lde, stimmungsvolle Wandgem\u00e4lde, abstrakte Gem\u00e4lde, dekorative Wandgem\u00e4lde, Kauf und Verkauf von Gem\u00e4lden\"},{\"@type\":\"BreadcrumbList\",\"@id\":\"https:\/\/svetslik.si\/de\/gemalde-auf-bestellung\/kline-1\/#breadcrumb\",\"itemListElement\":[{\"@type\":\"ListItem\",\"position\":1,\"name\":\"Wandkunst und Gem\u00e4lde auf Leinwand\",\"item\":\"https:\/\/svetslik.si\/de\/\"},{\"@type\":\"ListItem\",\"position\":2,\"name\":\"Verkauf von Gem\u00e4lden\",\"item\":\"https:\/\/svetslik.si\/prodaja-slik\/\"},{\"@type\":\"ListItem\",\"position\":3,\"name\":\"Kline 1\"}]},{\"@type\":\"WebSite\",\"@id\":\"https:\/\/svetslik.si\/de\/#website\",\"url\":\"https:\/\/svetslik.si\/de\/\",\"name\":\"SVETSLIK.SI\",\"description\":\"100% handgemalte Reproduktionen von Gem\u00e4lden ber\u00fchmter Maler und Gem\u00e4lde auf Leinwand.\",\"publisher\":{\"@id\":\"https:\/\/svetslik.si\/de\/#organization\"},\"potentialAction\":[{\"@type\":\"SearchAction\",\"target\":{\"@type\":\"EntryPoint\",\"urlTemplate\":\"https:\/\/svetslik.si\/de\/?s={search_term_string}\"},\"query-input\":{\"@type\":\"PropertyValueSpecification\",\"valueRequired\":true,\"valueName\":\"search_term_string\"}}],\"inLanguage\":\"de\"},{\"@type\":\"Organization\",\"@id\":\"https:\/\/svetslik.si\/de\/#organization\",\"name\":\"SvetSlik.si\",\"url\":\"https:\/\/svetslik.si\/de\/\",\"logo\":{\"@type\":\"ImageObject\",\"inLanguage\":\"de\",\"@id\":\"https:\/\/svetslik.si\/de\/#\/schema\/logo\/image\/\",\"url\":\"https:\/\/svetslik.si\/wp-content\/uploads\/2020\/12\/logo-512.png\",\"contentUrl\":\"https:\/\/svetslik.si\/wp-content\/uploads\/2020\/12\/logo-512.png\",\"width\":512,\"height\":512,\"caption\":\"SvetSlik.si\"},\"image\":{\"@id\":\"https:\/\/svetslik.si\/de\/#\/schema\/logo\/image\/\"},\"sameAs\":[\"https:\/\/www.facebook.com\/svetslik.si\",\"https:\/\/x.com\/svetslik\",\"https:\/\/www.instagram.com\/svetslik.si\/\",\"https:\/\/www.linkedin.com\/company\/svetslik-si\"]}]}<\/script>\n<meta property=\"og:availability\" content=\"backorder\" \/>\n<meta property=\"product:availability\" content=\"available for order\" \/>\n<meta property=\"product:retailer_item_id\" content=\"1166__\" \/>\n<meta property=\"product:condition\" content=\"new\" \/>\n<!-- \/ Yoast SEO Premium plugin. -->","yoast_head_json":{"title":"Kline 1 - SVETSLIK.SI - 100% handgemalt","description":"Kline 1 - 100% handgemalte Gem\u00e4lde nach Wunsch. Verkauf von Reproduktionen ber\u00fchmter Gem\u00e4lde und abstrakter Kunst - Wandbilder f\u00fcr das Wohnzimmer.","robots":{"index":"index","follow":"follow","max-snippet":"max-snippet:-1","max-image-preview":"max-image-preview:large","max-video-preview":"max-video-preview:-1"},"canonical":"https:\/\/svetslik.si\/de\/gemalde-auf-bestellung\/kline-1\/","og_locale":"de_DE","og_type":"article","og_title":"Kline 1","og_description":"100% ro\u010dno naslikane slike na platnu, reprodukcije znanih slikarjev in umetni\u0161ke slike po naro\u010dilu.","og_url":"https:\/\/svetslik.si\/de\/gemalde-auf-bestellung\/kline-1\/","og_site_name":"SVETSLIK.SI","article_publisher":"https:\/\/www.facebook.com\/svetslik.si","article_modified_time":"2026-03-22T13:57:20+00:00","og_image":[{"width":498,"height":680,"url":"https:\/\/svetslik.si\/wp-content\/uploads\/2021\/08\/image_Kline-1_680.jpg","type":"image\/jpeg"}],"twitter_card":"summary_large_image","twitter_site":"@svetslik","twitter_misc":{"Verf\u00fcgbarkeit":"bei Nachbestellung"},"schema":{"@context":"https:\/\/schema.org","@graph":[{"@type":["WebPage","ItemPage"],"@id":"https:\/\/svetslik.si\/de\/gemalde-auf-bestellung\/kline-1\/","url":"https:\/\/svetslik.si\/de\/gemalde-auf-bestellung\/kline-1\/","name":"Kline 1 - SVETSLIK.SI - 100% handgemalt","isPartOf":{"@id":"https:\/\/svetslik.si\/de\/#website"},"primaryImageOfPage":{"@id":"https:\/\/svetslik.si\/de\/gemalde-auf-bestellung\/kline-1\/#primaryimage"},"image":{"@id":"https:\/\/svetslik.si\/de\/gemalde-auf-bestellung\/kline-1\/#primaryimage"},"thumbnailUrl":"https:\/\/svetslik.si\/wp-content\/uploads\/2021\/08\/image_Kline-1_680.jpg","datePublished":"2021-09-03T12:23:04+00:00","dateModified":"2026-03-22T13:57:20+00:00","description":"Kline 1 - 100% handgemalte Gem\u00e4lde nach Wunsch. Verkauf von Reproduktionen ber\u00fchmter Gem\u00e4lde und abstrakter Kunst - Wandbilder f\u00fcr das Wohnzimmer.","breadcrumb":{"@id":"https:\/\/svetslik.si\/de\/gemalde-auf-bestellung\/kline-1\/#breadcrumb"},"inLanguage":"de","potentialAction":[{"@type":"ReadAction","target":["https:\/\/svetslik.si\/de\/gemalde-auf-bestellung\/kline-1\/"]}]},{"@type":"ImageObject","inLanguage":"de","@id":"https:\/\/svetslik.si\/de\/gemalde-auf-bestellung\/kline-1\/#primaryimage","url":"https:\/\/svetslik.si\/wp-content\/uploads\/2021\/08\/image_Kline-1_680.jpg","contentUrl":"https:\/\/svetslik.si\/wp-content\/uploads\/2021\/08\/image_Kline-1_680.jpg","width":498,"height":680,"caption":"Wandgem\u00e4lde auf Leinwand - Kline - Kunstmalerei - moderne Gem\u00e4lde, stimmungsvolle Wandgem\u00e4lde, abstrakte Gem\u00e4lde, dekorative Wandgem\u00e4lde, Kauf und Verkauf von Gem\u00e4lden"},{"@type":"BreadcrumbList","@id":"https:\/\/svetslik.si\/de\/gemalde-auf-bestellung\/kline-1\/#breadcrumb","itemListElement":[{"@type":"ListItem","position":1,"name":"Wandkunst und Gem\u00e4lde auf Leinwand","item":"https:\/\/svetslik.si\/de\/"},{"@type":"ListItem","position":2,"name":"Verkauf von Gem\u00e4lden","item":"https:\/\/svetslik.si\/prodaja-slik\/"},{"@type":"ListItem","position":3,"name":"Kline 1"}]},{"@type":"WebSite","@id":"https:\/\/svetslik.si\/de\/#website","url":"https:\/\/svetslik.si\/de\/","name":"SVETSLIK.SI","description":"100% handgemalte Reproduktionen von Gem\u00e4lden ber\u00fchmter Maler und Gem\u00e4lde auf Leinwand.","publisher":{"@id":"https:\/\/svetslik.si\/de\/#organization"},"potentialAction":[{"@type":"SearchAction","target":{"@type":"EntryPoint","urlTemplate":"https:\/\/svetslik.si\/de\/?s={search_term_string}"},"query-input":{"@type":"PropertyValueSpecification","valueRequired":true,"valueName":"search_term_string"}}],"inLanguage":"de"},{"@type":"Organization","@id":"https:\/\/svetslik.si\/de\/#organization","name":"SvetSlik.si","url":"https:\/\/svetslik.si\/de\/","logo":{"@type":"ImageObject","inLanguage":"de","@id":"https:\/\/svetslik.si\/de\/#\/schema\/logo\/image\/","url":"https:\/\/svetslik.si\/wp-content\/uploads\/2020\/12\/logo-512.png","contentUrl":"https:\/\/svetslik.si\/wp-content\/uploads\/2020\/12\/logo-512.png","width":512,"height":512,"caption":"SvetSlik.si"},"image":{"@id":"https:\/\/svetslik.si\/de\/#\/schema\/logo\/image\/"},"sameAs":["https:\/\/www.facebook.com\/svetslik.si","https:\/\/x.com\/svetslik","https:\/\/www.instagram.com\/svetslik.si\/","https:\/\/www.linkedin.com\/company\/svetslik-si"]}]},"og_availability":"backorder","product_availability":"available for order","product_retailer_item_id":"1166__","product_condition":"new"},"jetpack_sharing_enabled":true,"_links":{"self":[{"href":"https:\/\/svetslik.si\/de\/wp-json\/wp\/v2\/product\/72968","targetHints":{"allow":["GET"]}}],"collection":[{"href":"https:\/\/svetslik.si\/de\/wp-json\/wp\/v2\/product"}],"about":[{"href":"https:\/\/svetslik.si\/de\/wp-json\/wp\/v2\/types\/product"}],"wp:featuredmedia":[{"embeddable":true,"href":"https:\/\/svetslik.si\/de\/wp-json\/wp\/v2\/media\/63715"}],"wp:attachment":[{"href":"https:\/\/svetslik.si\/de\/wp-json\/wp\/v2\/media?parent=72968"}],"wp:term":[{"taxonomy":"product_brand","embeddable":true,"href":"https:\/\/svetslik.si\/de\/wp-json\/wp\/v2\/product_brand?post=72968"},{"taxonomy":"product_cat","embeddable":true,"href":"https:\/\/svetslik.si\/de\/wp-json\/wp\/v2\/product_cat?post=72968"},{"taxonomy":"product_tag","embeddable":true,"href":"https:\/\/svetslik.si\/de\/wp-json\/wp\/v2\/product_tag?post=72968"}],"curies":[{"name":"wp","href":"https:\/\/api.w.org\/{rel}","templated":true}]}}