{"id":72983,"date":"2021-09-20T15:12:00","date_gmt":"2021-09-20T13:12:00","guid":{"rendered":"https:\/\/svetslik.si\/unkategorisiert\/christ\/"},"modified":"2024-07-11T14:14:45","modified_gmt":"2024-07-11T12:14:45","slug":"christ","status":"publish","type":"product","link":"https:\/\/svetslik.si\/de\/salvador-dali-de\/christ\/","title":{"rendered":"Salvador Dali &#8211; Christ"},"content":{"rendered":"<div class=\"wpb-content-wrapper\">[vc_row][vc_column][vc_column_text]\n<h1>Salvador Dali \u2013 Christus<\/h1>\n[\/vc_column_text][\/vc_column][\/vc_row][vc_row css=&#8221;.vc_custom_1640127370226{margin-bottom: 20px !important;}&#8221;][vc_column][vc_row_inner][vc_column_inner]\t<div class=\"et-image-818 et-image  full   et_image_link\">\n\t\t<div class=\"et-image-inner \">\n\t\t\t\t\t\t\t<div class=\"et-image-thumb \">\n\t\t\t\t\t\t\t\t\t\t\t<img decoding=\"async\" src=\"https:\/\/svetslik.si\/wp-content\/themes\/goya\/assets\/img\/placeholder.png\" \/>\n\t\t\t\t\t\t\t\t\t<\/div>\n\t\t\t\t\t\t\t\t\t\t\t<\/div>\n\t<\/div>\n  [\/vc_column_inner][\/vc_row_inner][\/vc_column][\/vc_row][vc_row css=&#8221;.vc_custom_1640127167167{border-bottom-width: 20px !important;}] [ vc_column][vc_row_inner][vc_column_inner]\t<div class=\"et-image-434 et-image  full   et_image_link\">\n\t\t<div class=\"et-image-inner \">\n\t\t\t\t\t\t\t<div class=\"et-image-thumb \">\n\t\t\t\t\t<img decoding=\"async\" width=\"1920\" height=\"2560\" src=\"https:\/\/svetslik.si\/wp-content\/uploads\/2021\/12\/salvador-dali-Christ-Jezus-scaled.jpg\" class=\"attachment-full\" alt=\"Salvador Dal\u00ed - Christus - Reproduktionen von Gem\u00e4lden - Leinwandbilder - Gem\u00e4lde - Abstrakte Kunst\" title=\"Salvador Dal\u00ed - Christus - Reproduktionen von Gem\u00e4lden - Leinwandbilder - Gem\u00e4lde - Abstrakte Kunst\" srcset=\"https:\/\/svetslik.si\/wp-content\/uploads\/2021\/12\/salvador-dali-Christ-Jezus-scaled.jpg 1920w, https:\/\/svetslik.si\/wp-content\/uploads\/2021\/12\/salvador-dali-Christ-Jezus-600x800.jpg 600w, https:\/\/svetslik.si\/wp-content\/uploads\/2021\/12\/salvador-dali-Christ-Jezus-scaled-1200x1600.jpg 1200w, https:\/\/svetslik.si\/wp-content\/uploads\/2021\/12\/salvador-dali-Christ-Jezus-225x300.jpg 225w, https:\/\/svetslik.si\/wp-content\/uploads\/2021\/12\/salvador-dali-Christ-Jezus-768x1024.jpg 768w, https:\/\/svetslik.si\/wp-content\/uploads\/2021\/12\/salvador-dali-Christ-Jezus-1152x1536.jpg 1152w, https:\/\/svetslik.si\/wp-content\/uploads\/2021\/12\/salvador-dali-Christ-Jezus-1536x2048.jpg 1536w, https:\/\/svetslik.si\/wp-content\/uploads\/2021\/12\/salvador-dali-Christ-Jezus-112x150.jpg 112w, https:\/\/svetslik.si\/wp-content\/uploads\/2021\/12\/salvador-dali-Christ-Jezus-1320x1760.jpg 1320w, https:\/\/svetslik.si\/wp-content\/uploads\/2021\/12\/salvador-dali-Christ-Jezus-900x1200.jpg 900w\" sizes=\"(max-width: 1920px) 100vw, 1920px\" \/>\t\t\t\t<\/div>\n\t\t\t\t\t\t\t\t\t\t\t<\/div>\n\t<\/div>\n  [\/vc_column_inner][\/vc_row_inner][\/vc_column][\/vc_row][vc_row] [ vc_column][vc_column_text]Salvador Dal\u00eds \u201eChristus\u201c-Gem\u00e4lde ist ein einzigartiges und beeindruckendes Kunstwerk, das den einzigartigen Stil und die Vision des K\u00fcnstlers zeigt. Das Gem\u00e4lde entstand 1951 und zeigt den gekreuzigten Christus in einer surrealistischen und traumhaften Umgebung.<\/p>\n<p>Das Gem\u00e4lde zeichnet sich durch Dal\u00eds charakteristische Verwendung surrealistischer Elemente und Symbolik sowie seine meisterhafte Technik aus, ein Gef\u00fchl von Tiefe und Bewegung zu erzeugen. Die Christusfigur ist verdreht und langgestreckt dargestellt, mit ausgestreckten Armen in verschr\u00e4nkter Haltung. Im Hintergrund des Gem\u00e4ldes ist eine Traumlandschaft mit einer schmelzenden Uhr und seltsamen, organischen Formen zu sehen.<\/p>\n<p>Eines der auff\u00e4lligsten Elemente des Gem\u00e4ldes ist die Verwendung von Farbe. Dali verwendet eine ged\u00e4mpfte Palette aus Gr\u00fcn-, Blau- und Graut\u00f6nen, die dem Gem\u00e4lde ein melancholisches und jenseitiges Gef\u00fchl verleiht. Farbe wird auch verwendet, um ein Gef\u00fchl von Tiefe und Bewegung zu erzeugen, da der Hintergrund in die Ferne zu verschwinden scheint.<\/p>\n<p>Neben technischen und \u00e4sthetischen Qualit\u00e4ten hat das Gem\u00e4lde \u201eChristus\u201c auch eine tiefere Bedeutung und Bedeutung. Dali war ein gl\u00e4ubiger Katholik und besch\u00e4ftigte sich in seinen Werken h\u00e4ufig mit religi\u00f6sen Themen und Symbolen. In diesem Gem\u00e4lde kann die Figur Christi als Symbol f\u00fcr Opfer und Erl\u00f6sung und das Schmelzen der Uhr als Kommentar zur Verg\u00e4nglichkeit von Zeit und Erinnerung verstanden werden.<\/p>\n<p>Insgesamt ist Salvador Dal\u00eds Gem\u00e4lde \u201eDer Christus\u201c ein kraftvolles und anregendes Kunstwerk, das die einzigartige Vision und Technik des K\u00fcnstlers zeigt. Es ist immer noch ein beliebtes und gesch\u00e4tztes Kunstwerk und gilt als Meisterwerk der surrealistischen Kunst des 20. Jahrhunderts.[\/vc_column_text][\/vc_column][\/vc_row]\n<\/div>","protected":false},"excerpt":{"rendered":"<p>[vc_row][vc_column][vc_column_text] Salvador Dali \u2013 Christus [\/vc_column_text][\/vc_column][\/vc_row][vc_row css=&#8221;.vc_custom_1640127370226{margin-bottom: 20px !important;}&#8221;][vc_column][vc_row_inner][vc_column_inner][\/vc_column_inner][\/vc_row_inner][\/vc_column][\/vc_row][vc_row css=&#8221;.vc_custom_1640127167167{border-bottom-width: 20px !important;}] [ vc_column][vc_row_inner][vc_column_inner][\/vc_column_inner][\/vc_row_inner][\/vc_column][\/vc_row][vc_row] [ vc_column][vc_column_text]Salvador Dal\u00eds \u201eChristus\u201c-Gem\u00e4lde ist ein einzigartiges und beeindruckendes Kunstwerk, das den einzigartigen Stil und die Vision des K\u00fcnstlers zeigt. Das Gem\u00e4lde entstand 1951 und zeigt den gekreuzigten Christus in einer surrealistischen und traumhaften Umgebung. Das [&hellip;]<\/p>\n","protected":false},"featured_media":63449,"template":"","meta":{"_acf_changed":false},"product_brand":[],"product_cat":[8452],"product_tag":[8482,8521,8513,8514,8519],"class_list":{"0":"post-72983","1":"product","2":"type-product","3":"status-publish","4":"has-post-thumbnail","6":"product_cat-salvador-dali-de","7":"product_tag-dali-de","8":"product_tag-maler","9":"product_tag-reproduktion","10":"product_tag-reproduktionen","11":"product_tag-salvador-dali-de","12":"pa_dimenzija-116-x-205-cm","13":"pa_dimenzija-120-x-210-cm","14":"pa_dimenzija-40-x-70-cm","15":"pa_dimenzija-50-x-90-cm","16":"pa_dimenzija-60-x-100-cm","17":"pa_dimenzija-70-x-120-cm","18":"pa_dimenzija-80-x-140-cm","19":"pa_dimenzija-90-x-160-cm","20":"pa_oblika-vertikal","21":"pa_okvir-ohne-rahmen","22":"pa_podokvir-ja","23":"pa_podokvir-nein","25":"first","26":"onbackorder","27":"purchasable","28":"product-type-variable","29":"has-default-attributes"},"acf":[],"yoast_head":"<!-- This site is optimized with the Yoast SEO Premium plugin v27.5 (Yoast SEO v27.6) - https:\/\/yoast.com\/product\/yoast-seo-premium-wordpress\/ -->\n<title>Salvador Dali - Christ - SVETSLIK.SI - 100% handgemalt<\/title>\n<meta name=\"description\" content=\"Salvador Dali - Christ - 100% handgemalte Gem\u00e4lde - Verkauf von Reproduktionen ber\u00fchmter Gem\u00e4lde und abstrakter Kunst - Wandbilder f\u00fcr das Wohnzimmer\" \/>\n<meta name=\"robots\" content=\"index, follow, max-snippet:-1, max-image-preview:large, max-video-preview:-1\" \/>\n<link rel=\"canonical\" href=\"https:\/\/svetslik.si\/de\/salvador-dali-de\/christ\/\" \/>\n<meta property=\"og:locale\" content=\"de_DE\" \/>\n<meta property=\"og:type\" content=\"article\" \/>\n<meta property=\"og:title\" content=\"Salvador Dali - Christ\" \/>\n<meta property=\"og:description\" content=\"100% ro\u010dno naslikane slike na platnu, reprodukcije znanih slikarjev in umetni\u0161ke slike po naro\u010dilu.\" \/>\n<meta property=\"og:url\" content=\"https:\/\/svetslik.si\/de\/salvador-dali-de\/christ\/\" \/>\n<meta property=\"og:site_name\" content=\"SVETSLIK.SI\" \/>\n<meta property=\"article:publisher\" content=\"https:\/\/www.facebook.com\/svetslik.si\" \/>\n<meta property=\"article:modified_time\" content=\"2024-07-11T12:14:45+00:00\" \/>\n<meta property=\"og:image\" content=\"https:\/\/svetslik.si\/wp-content\/uploads\/2021\/08\/image_Christ_680.jpg\" \/>\n\t<meta property=\"og:image:width\" content=\"1000\" \/>\n\t<meta property=\"og:image:height\" content=\"1783\" \/>\n\t<meta property=\"og:image:type\" content=\"image\/jpeg\" \/>\n<meta name=\"twitter:card\" content=\"summary_large_image\" \/>\n<meta name=\"twitter:site\" content=\"@svetslik\" \/>\n<meta name=\"twitter:label1\" content=\"Verf\u00fcgbarkeit\" \/>\n\t<meta name=\"twitter:data1\" content=\"bei Nachbestellung\" \/>\n<script type=\"application\/ld+json\" class=\"yoast-schema-graph\">{\"@context\":\"https:\\\/\\\/schema.org\",\"@graph\":[{\"@type\":[\"WebPage\",\"ItemPage\"],\"@id\":\"https:\\\/\\\/svetslik.si\\\/de\\\/salvador-dali-de\\\/christ\\\/\",\"url\":\"https:\\\/\\\/svetslik.si\\\/de\\\/salvador-dali-de\\\/christ\\\/\",\"name\":\"Salvador Dali - Christ - SVETSLIK.SI - 100% handgemalt\",\"isPartOf\":{\"@id\":\"https:\\\/\\\/svetslik.si\\\/de\\\/#website\"},\"primaryImageOfPage\":{\"@id\":\"https:\\\/\\\/svetslik.si\\\/de\\\/salvador-dali-de\\\/christ\\\/#primaryimage\"},\"image\":{\"@id\":\"https:\\\/\\\/svetslik.si\\\/de\\\/salvador-dali-de\\\/christ\\\/#primaryimage\"},\"thumbnailUrl\":\"https:\\\/\\\/svetslik.si\\\/wp-content\\\/uploads\\\/2021\\\/08\\\/image_Christ_680.jpg\",\"datePublished\":\"2021-09-20T13:12:00+00:00\",\"dateModified\":\"2024-07-11T12:14:45+00:00\",\"description\":\"Salvador Dali - Christ - 100% handgemalte Gem\u00e4lde - Verkauf von Reproduktionen ber\u00fchmter Gem\u00e4lde und abstrakter Kunst - Wandbilder f\u00fcr das Wohnzimmer\",\"breadcrumb\":{\"@id\":\"https:\\\/\\\/svetslik.si\\\/de\\\/salvador-dali-de\\\/christ\\\/#breadcrumb\"},\"inLanguage\":\"de\",\"potentialAction\":[{\"@type\":\"ReadAction\",\"target\":[\"https:\\\/\\\/svetslik.si\\\/de\\\/salvador-dali-de\\\/christ\\\/\"]}]},{\"@type\":\"ImageObject\",\"inLanguage\":\"de\",\"@id\":\"https:\\\/\\\/svetslik.si\\\/de\\\/salvador-dali-de\\\/christ\\\/#primaryimage\",\"url\":\"https:\\\/\\\/svetslik.si\\\/wp-content\\\/uploads\\\/2021\\\/08\\\/image_Christ_680.jpg\",\"contentUrl\":\"https:\\\/\\\/svetslik.si\\\/wp-content\\\/uploads\\\/2021\\\/08\\\/image_Christ_680.jpg\",\"width\":1000,\"height\":1783,\"caption\":\"Salvador Dali - Christ - Jezus Gem\u00e4lde, Leinwandbilder - 100% handgemalte, Reproduktionen ber\u00fchmter Gem\u00e4lde, Gem\u00e4lde kaufen, Wandbilder Wohnzimmer, ber\u00fchmtes Gem\u00e4lde, \u00d6lgem\u00e4lde, Bilderrahmen\"},{\"@type\":\"BreadcrumbList\",\"@id\":\"https:\\\/\\\/svetslik.si\\\/de\\\/salvador-dali-de\\\/christ\\\/#breadcrumb\",\"itemListElement\":[{\"@type\":\"ListItem\",\"position\":1,\"name\":\"Wandkunst und Gem\u00e4lde auf Leinwand\",\"item\":\"https:\\\/\\\/svetslik.si\\\/de\\\/\"},{\"@type\":\"ListItem\",\"position\":2,\"name\":\"Verkauf von Gem\u00e4lden\",\"item\":\"https:\\\/\\\/svetslik.si\\\/prodaja-slik\\\/\"},{\"@type\":\"ListItem\",\"position\":3,\"name\":\"Salvador Dali &#8211; Christ\"}]},{\"@type\":\"WebSite\",\"@id\":\"https:\\\/\\\/svetslik.si\\\/de\\\/#website\",\"url\":\"https:\\\/\\\/svetslik.si\\\/de\\\/\",\"name\":\"SVETSLIK.SI\",\"description\":\"100% handgemalte Reproduktionen von Gem\u00e4lden ber\u00fchmter Maler und Gem\u00e4lde auf Leinwand.\",\"publisher\":{\"@id\":\"https:\\\/\\\/svetslik.si\\\/de\\\/#organization\"},\"potentialAction\":[{\"@type\":\"SearchAction\",\"target\":{\"@type\":\"EntryPoint\",\"urlTemplate\":\"https:\\\/\\\/svetslik.si\\\/de\\\/?s={search_term_string}\"},\"query-input\":{\"@type\":\"PropertyValueSpecification\",\"valueRequired\":true,\"valueName\":\"search_term_string\"}}],\"inLanguage\":\"de\"},{\"@type\":\"Organization\",\"@id\":\"https:\\\/\\\/svetslik.si\\\/de\\\/#organization\",\"name\":\"SvetSlik.si\",\"url\":\"https:\\\/\\\/svetslik.si\\\/de\\\/\",\"logo\":{\"@type\":\"ImageObject\",\"inLanguage\":\"de\",\"@id\":\"https:\\\/\\\/svetslik.si\\\/de\\\/#\\\/schema\\\/logo\\\/image\\\/\",\"url\":\"https:\\\/\\\/svetslik.si\\\/wp-content\\\/uploads\\\/2020\\\/12\\\/logo-512.png\",\"contentUrl\":\"https:\\\/\\\/svetslik.si\\\/wp-content\\\/uploads\\\/2020\\\/12\\\/logo-512.png\",\"width\":512,\"height\":512,\"caption\":\"SvetSlik.si\"},\"image\":{\"@id\":\"https:\\\/\\\/svetslik.si\\\/de\\\/#\\\/schema\\\/logo\\\/image\\\/\"},\"sameAs\":[\"https:\\\/\\\/www.facebook.com\\\/svetslik.si\",\"https:\\\/\\\/x.com\\\/svetslik\",\"https:\\\/\\\/www.instagram.com\\\/svetslik.si\\\/\",\"https:\\\/\\\/www.linkedin.com\\\/company\\\/svetslik-si\"]}]}<\/script>\n<meta property=\"og:availability\" content=\"backorder\" \/>\n<meta property=\"product:availability\" content=\"available for order\" \/>\n<meta property=\"product:retailer_item_id\" content=\"135__\" \/>\n<meta property=\"product:condition\" content=\"new\" \/>\n<!-- \/ Yoast SEO Premium plugin. -->","yoast_head_json":{"title":"Salvador Dali - Christ - SVETSLIK.SI - 100% handgemalt","description":"Salvador Dali - Christ - 100% handgemalte Gem\u00e4lde - Verkauf von Reproduktionen ber\u00fchmter Gem\u00e4lde und abstrakter Kunst - Wandbilder f\u00fcr das Wohnzimmer","robots":{"index":"index","follow":"follow","max-snippet":"max-snippet:-1","max-image-preview":"max-image-preview:large","max-video-preview":"max-video-preview:-1"},"canonical":"https:\/\/svetslik.si\/de\/salvador-dali-de\/christ\/","og_locale":"de_DE","og_type":"article","og_title":"Salvador Dali - Christ","og_description":"100% ro\u010dno naslikane slike na platnu, reprodukcije znanih slikarjev in umetni\u0161ke slike po naro\u010dilu.","og_url":"https:\/\/svetslik.si\/de\/salvador-dali-de\/christ\/","og_site_name":"SVETSLIK.SI","article_publisher":"https:\/\/www.facebook.com\/svetslik.si","article_modified_time":"2024-07-11T12:14:45+00:00","og_image":[{"width":1000,"height":1783,"url":"https:\/\/svetslik.si\/wp-content\/uploads\/2021\/08\/image_Christ_680.jpg","type":"image\/jpeg"}],"twitter_card":"summary_large_image","twitter_site":"@svetslik","twitter_misc":{"Verf\u00fcgbarkeit":"bei Nachbestellung"},"schema":{"@context":"https:\/\/schema.org","@graph":[{"@type":["WebPage","ItemPage"],"@id":"https:\/\/svetslik.si\/de\/salvador-dali-de\/christ\/","url":"https:\/\/svetslik.si\/de\/salvador-dali-de\/christ\/","name":"Salvador Dali - Christ - SVETSLIK.SI - 100% handgemalt","isPartOf":{"@id":"https:\/\/svetslik.si\/de\/#website"},"primaryImageOfPage":{"@id":"https:\/\/svetslik.si\/de\/salvador-dali-de\/christ\/#primaryimage"},"image":{"@id":"https:\/\/svetslik.si\/de\/salvador-dali-de\/christ\/#primaryimage"},"thumbnailUrl":"https:\/\/svetslik.si\/wp-content\/uploads\/2021\/08\/image_Christ_680.jpg","datePublished":"2021-09-20T13:12:00+00:00","dateModified":"2024-07-11T12:14:45+00:00","description":"Salvador Dali - Christ - 100% handgemalte Gem\u00e4lde - Verkauf von Reproduktionen ber\u00fchmter Gem\u00e4lde und abstrakter Kunst - Wandbilder f\u00fcr das Wohnzimmer","breadcrumb":{"@id":"https:\/\/svetslik.si\/de\/salvador-dali-de\/christ\/#breadcrumb"},"inLanguage":"de","potentialAction":[{"@type":"ReadAction","target":["https:\/\/svetslik.si\/de\/salvador-dali-de\/christ\/"]}]},{"@type":"ImageObject","inLanguage":"de","@id":"https:\/\/svetslik.si\/de\/salvador-dali-de\/christ\/#primaryimage","url":"https:\/\/svetslik.si\/wp-content\/uploads\/2021\/08\/image_Christ_680.jpg","contentUrl":"https:\/\/svetslik.si\/wp-content\/uploads\/2021\/08\/image_Christ_680.jpg","width":1000,"height":1783,"caption":"Salvador Dali - Christ - Jezus Gem\u00e4lde, Leinwandbilder - 100% handgemalte, Reproduktionen ber\u00fchmter Gem\u00e4lde, Gem\u00e4lde kaufen, Wandbilder Wohnzimmer, ber\u00fchmtes Gem\u00e4lde, \u00d6lgem\u00e4lde, Bilderrahmen"},{"@type":"BreadcrumbList","@id":"https:\/\/svetslik.si\/de\/salvador-dali-de\/christ\/#breadcrumb","itemListElement":[{"@type":"ListItem","position":1,"name":"Wandkunst und Gem\u00e4lde auf Leinwand","item":"https:\/\/svetslik.si\/de\/"},{"@type":"ListItem","position":2,"name":"Verkauf von Gem\u00e4lden","item":"https:\/\/svetslik.si\/prodaja-slik\/"},{"@type":"ListItem","position":3,"name":"Salvador Dali &#8211; Christ"}]},{"@type":"WebSite","@id":"https:\/\/svetslik.si\/de\/#website","url":"https:\/\/svetslik.si\/de\/","name":"SVETSLIK.SI","description":"100% handgemalte Reproduktionen von Gem\u00e4lden ber\u00fchmter Maler und Gem\u00e4lde auf Leinwand.","publisher":{"@id":"https:\/\/svetslik.si\/de\/#organization"},"potentialAction":[{"@type":"SearchAction","target":{"@type":"EntryPoint","urlTemplate":"https:\/\/svetslik.si\/de\/?s={search_term_string}"},"query-input":{"@type":"PropertyValueSpecification","valueRequired":true,"valueName":"search_term_string"}}],"inLanguage":"de"},{"@type":"Organization","@id":"https:\/\/svetslik.si\/de\/#organization","name":"SvetSlik.si","url":"https:\/\/svetslik.si\/de\/","logo":{"@type":"ImageObject","inLanguage":"de","@id":"https:\/\/svetslik.si\/de\/#\/schema\/logo\/image\/","url":"https:\/\/svetslik.si\/wp-content\/uploads\/2020\/12\/logo-512.png","contentUrl":"https:\/\/svetslik.si\/wp-content\/uploads\/2020\/12\/logo-512.png","width":512,"height":512,"caption":"SvetSlik.si"},"image":{"@id":"https:\/\/svetslik.si\/de\/#\/schema\/logo\/image\/"},"sameAs":["https:\/\/www.facebook.com\/svetslik.si","https:\/\/x.com\/svetslik","https:\/\/www.instagram.com\/svetslik.si\/","https:\/\/www.linkedin.com\/company\/svetslik-si"]}]},"og_availability":"backorder","product_availability":"available for order","product_retailer_item_id":"135__","product_condition":"new"},"jetpack_sharing_enabled":true,"_links":{"self":[{"href":"https:\/\/svetslik.si\/de\/wp-json\/wp\/v2\/product\/72983","targetHints":{"allow":["GET"]}}],"collection":[{"href":"https:\/\/svetslik.si\/de\/wp-json\/wp\/v2\/product"}],"about":[{"href":"https:\/\/svetslik.si\/de\/wp-json\/wp\/v2\/types\/product"}],"wp:featuredmedia":[{"embeddable":true,"href":"https:\/\/svetslik.si\/de\/wp-json\/wp\/v2\/media\/63449"}],"wp:attachment":[{"href":"https:\/\/svetslik.si\/de\/wp-json\/wp\/v2\/media?parent=72983"}],"wp:term":[{"taxonomy":"product_brand","embeddable":true,"href":"https:\/\/svetslik.si\/de\/wp-json\/wp\/v2\/product_brand?post=72983"},{"taxonomy":"product_cat","embeddable":true,"href":"https:\/\/svetslik.si\/de\/wp-json\/wp\/v2\/product_cat?post=72983"},{"taxonomy":"product_tag","embeddable":true,"href":"https:\/\/svetslik.si\/de\/wp-json\/wp\/v2\/product_tag?post=72983"}],"curies":[{"name":"wp","href":"https:\/\/api.w.org\/{rel}","templated":true}]}}