{"id":73064,"date":"2021-09-20T15:12:19","date_gmt":"2021-09-20T13:12:19","guid":{"rendered":"https:\/\/svetslik.si\/unkategorisiert\/adam-and-eve-2\/"},"modified":"2026-03-22T19:12:52","modified_gmt":"2026-03-22T18:12:52","slug":"adam-and-eve-2","status":"publish","type":"product","link":"https:\/\/svetslik.si\/de\/gustav-klimt-de\/adam-and-eve-2\/","title":{"rendered":"Gustav Klim &#8211; Adam and Eve"},"content":{"rendered":"<div class=\"wpb-content-wrapper\">[vc_row][\/vc_row][vc_column][vc_column_text]\n<h1>Gustav Klimt \u2013 Adam und Eva<\/h1>\n<p>\u201eAdam und Eva\u201c, 1913\u20131914 vom \u00f6sterreichischen K\u00fcnstler Gustav Klimt gemalt, gilt als eines der umstrittensten und zum Nachdenken anregendsten Werke des K\u00fcnstlers. Das Gem\u00e4lde zeigt die biblischen Figuren Adam und Eva im Garten Eden, wobei Eva Adam einen Apfel anbietet, ein Ereignis, das in der biblischen Erz\u00e4hlung den Untergang der Menschheit markiert.<\/p>\n<p>Das Gem\u00e4lde ist ein hervorragendes Beispiel f\u00fcr Klimts Jugendstilstil, der durch die Verwendung kunstvoller Muster, kr\u00e4ftiger Farben und sinnlicher Themen gekennzeichnet war. Adam und Eva werden stark stilisiert dargestellt, mit verl\u00e4ngerten Gliedma\u00dfen und vereinfachten Gesichtsz\u00fcgen, was dem Bild eine jenseitige und traumhafte Qualit\u00e4t verleiht.<\/p>\n<p>Eines der auff\u00e4lligsten Merkmale von \u201eAdam und Eva\u201c ist die Verwendung kr\u00e4ftiger Farben und komplizierter Muster. Das Gem\u00e4lde ist ein Farbenrausch: Adam, Eva und der Hintergrund bestehen alle aus wirbelnden, ineinander verwobenen Mustern. Die Verwendung von Farben und Mustern erzeugt ein Gef\u00fchl von Bewegung und Fl\u00fcssigkeit, was angesichts des Themas des Gem\u00e4ldes \u00fcber die Erbs\u00fcnde und ihre Folgen angemessen ist.<\/p>\n<p>Auch die Symbolik des Gem\u00e4ldes ist reichhaltig. Adam und Eva werden oft als Symbole f\u00fcr Unschuld, Versuchung und den Untergang der Menschheit angesehen. Der Apfel, den Eva Adam anbietet, k\u00f6nnte die Versuchung des Wissens und das Verlangen nach der verbotenen Frucht darstellen. Der Hintergrund des Gem\u00e4ldes ist au\u00dferdem mit Natursymbolen wie einer Schlange und einem Baum gef\u00fcllt, die in der biblischen Geschichte ebenfalls eine tiefe symbolische Bedeutung haben.<\/p>\n<p>Die erste Ausstellung wurde von der Kritik wegen ihres sinnlichen und erotischen Charakters nicht gut aufgenommen, der f\u00fcr die Darstellung biblischer Figuren als ungeeignet erachtet wurde. Es wurde auch heftig kritisiert, weil es Nacktheit darstellte und von der traditionellen religi\u00f6sen Kunst abwich. Trotz der Kontroverse ist das Gem\u00e4lde seitdem zu einem der bekanntesten und ber\u00fchmtesten Werke Klimts geworden. Es befindet sich derzeit in der Neuen Galerie in New York.<\/p>\n<p>Alles in allem ist \u201eAdam und Eva\u201c ein kontroverses, zum Nachdenken anregendes Gem\u00e4lde, das die reich verzierten Muster, kr\u00e4ftigen Farben und sinnlichen Themen zeigt, die die Markenzeichen von Gustav Klimts Jugendstil sind. Die Verwendung von Farben und Mustern im Gem\u00e4lde erzeugt ein Gef\u00fchl von Bewegung und Fl\u00fcssigkeit, w\u00e4hrend Adam und Eva Unschuld, Versuchung und den Untergang der Menschheit symbolisieren. Das Gem\u00e4lde wurde bei seiner ersten Ausstellung aufgrund seines sinnlichen und erotischen Charakters von den Kritikern nicht gut aufgenommen, ist aber seitdem zu einem der bekanntesten und ber\u00fchmtesten Werke Klimts geworden und befindet sich derzeit in der Neuen Galerie in New York.[\/vc_column_text][\/vc_column]\n<\/div>","protected":false},"excerpt":{"rendered":"<p>[vc_row][\/vc_row][vc_column][vc_column_text] Gustav Klimt \u2013 Adam und Eva \u201eAdam und Eva\u201c, 1913\u20131914 vom \u00f6sterreichischen K\u00fcnstler Gustav Klimt gemalt, gilt als eines der umstrittensten und zum Nachdenken anregendsten Werke des K\u00fcnstlers. Das Gem\u00e4lde zeigt die biblischen Figuren Adam und Eva im Garten Eden, wobei Eva Adam einen Apfel anbietet, ein Ereignis, das [&hellip;]<\/p>\n","protected":false},"featured_media":63333,"template":"","meta":{"_acf_changed":false},"product_brand":[],"product_cat":[8461],"product_tag":[8489,8493,8521,8513,8514],"class_list":{"0":"post-73064","1":"product","2":"type-product","3":"status-publish","4":"has-post-thumbnail","6":"product_cat-gustav-klimt-de","7":"product_tag-gustav-klimt-de","8":"product_tag-klimt-de","9":"product_tag-maler","10":"product_tag-reproduktion","11":"product_tag-reproduktionen","12":"pa_dimenzija-30-x-90-cm","13":"pa_dimenzija-40-x-110-cm","14":"pa_dimenzija-50-x-140-cm","15":"pa_dimenzija-60-x-173-cm","16":"pa_dimenzija-70-x-200-cm","17":"pa_dimenzija-75-x-210-cm","18":"pa_dimenzija-80-x-230-cm","19":"pa_dimenzija-90-x-260-cm","20":"pa_oblika-vertikal","21":"pa_okvir-ohne-rahmen","22":"pa_podokvir-ja","23":"pa_podokvir-nein","25":"first","26":"onbackorder","27":"purchasable","28":"product-type-variable","29":"has-default-attributes"},"acf":[],"yoast_head":"<!-- This site is optimized with the Yoast SEO Premium plugin v26.0 (Yoast SEO v27.2) - https:\/\/yoast.com\/product\/yoast-seo-premium-wordpress\/ -->\n<title>Gustav Klim - Adam and Eve - SVETSLIK.SI - 100% handgemalt<\/title>\n<meta name=\"description\" content=\"Gustav Klim - Adam and Eve - 100% handgemalte Gem\u00e4lde - Verkauf von Reproduktionen ber\u00fchmter Gem\u00e4lde und abstrakter Kunst - Wandbilder f\u00fcr das Wohnzimmer\" \/>\n<meta name=\"robots\" content=\"index, follow, max-snippet:-1, max-image-preview:large, max-video-preview:-1\" \/>\n<link rel=\"canonical\" href=\"https:\/\/svetslik.si\/de\/gustav-klimt-de\/adam-and-eve-2\/\" \/>\n<meta property=\"og:locale\" content=\"de_DE\" \/>\n<meta property=\"og:type\" content=\"article\" \/>\n<meta property=\"og:title\" content=\"Gustav Klim - Adam and Eve\" \/>\n<meta property=\"og:description\" content=\"100% ro\u010dno naslikane slike na platnu, reprodukcije znanih slikarjev in umetni\u0161ke slike po naro\u010dilu.\" \/>\n<meta property=\"og:url\" content=\"https:\/\/svetslik.si\/de\/gustav-klimt-de\/adam-and-eve-2\/\" \/>\n<meta property=\"og:site_name\" content=\"SVETSLIK.SI\" \/>\n<meta property=\"article:publisher\" content=\"https:\/\/www.facebook.com\/svetslik.si\" \/>\n<meta property=\"article:modified_time\" content=\"2026-03-22T18:12:52+00:00\" \/>\n<meta property=\"og:image\" content=\"https:\/\/svetslik.si\/wp-content\/uploads\/2021\/08\/image_Adam-and-Eve-Gustva-Klimt_680.jpg\" \/>\n\t<meta property=\"og:image:width\" content=\"671\" \/>\n\t<meta property=\"og:image:height\" content=\"2049\" \/>\n\t<meta property=\"og:image:type\" content=\"image\/jpeg\" \/>\n<meta name=\"twitter:card\" content=\"summary_large_image\" \/>\n<meta name=\"twitter:site\" content=\"@svetslik\" \/>\n<meta name=\"twitter:label1\" content=\"Verf\u00fcgbarkeit\" \/>\n\t<meta name=\"twitter:data1\" content=\"bei Nachbestellung\" \/>\n<script type=\"application\/ld+json\" class=\"yoast-schema-graph\">{\"@context\":\"https:\/\/schema.org\",\"@graph\":[{\"@type\":[\"WebPage\",\"ItemPage\"],\"@id\":\"https:\/\/svetslik.si\/de\/gustav-klimt-de\/adam-and-eve-2\/\",\"url\":\"https:\/\/svetslik.si\/de\/gustav-klimt-de\/adam-and-eve-2\/\",\"name\":\"Gustav Klim - Adam and Eve - SVETSLIK.SI - 100% handgemalt\",\"isPartOf\":{\"@id\":\"https:\/\/svetslik.si\/de\/#website\"},\"primaryImageOfPage\":{\"@id\":\"https:\/\/svetslik.si\/de\/gustav-klimt-de\/adam-and-eve-2\/#primaryimage\"},\"image\":{\"@id\":\"https:\/\/svetslik.si\/de\/gustav-klimt-de\/adam-and-eve-2\/#primaryimage\"},\"thumbnailUrl\":\"https:\/\/svetslik.si\/wp-content\/uploads\/2021\/08\/image_Adam-and-Eve-Gustva-Klimt_680.jpg\",\"datePublished\":\"2021-09-20T13:12:19+00:00\",\"dateModified\":\"2026-03-22T18:12:52+00:00\",\"description\":\"Gustav Klim - Adam and Eve - 100% handgemalte Gem\u00e4lde - Verkauf von Reproduktionen ber\u00fchmter Gem\u00e4lde und abstrakter Kunst - Wandbilder f\u00fcr das Wohnzimmer\",\"breadcrumb\":{\"@id\":\"https:\/\/svetslik.si\/de\/gustav-klimt-de\/adam-and-eve-2\/#breadcrumb\"},\"inLanguage\":\"de\",\"potentialAction\":[{\"@type\":\"ReadAction\",\"target\":[\"https:\/\/svetslik.si\/de\/gustav-klimt-de\/adam-and-eve-2\/\"]}]},{\"@type\":\"ImageObject\",\"inLanguage\":\"de\",\"@id\":\"https:\/\/svetslik.si\/de\/gustav-klimt-de\/adam-and-eve-2\/#primaryimage\",\"url\":\"https:\/\/svetslik.si\/wp-content\/uploads\/2021\/08\/image_Adam-and-Eve-Gustva-Klimt_680.jpg\",\"contentUrl\":\"https:\/\/svetslik.si\/wp-content\/uploads\/2021\/08\/image_Adam-and-Eve-Gustva-Klimt_680.jpg\",\"width\":671,\"height\":2049,\"caption\":\"Gustav Klimt - Adam and Eve (Adam und Eva) - Gem\u00e4lde, biblische Motive, mythologische Figuren - 100% handgemalte - Reproduktionen ber\u00fchmter Gem\u00e4lde - Gem\u00e4lde kaufen - Wandbilder Wohnzimmer - Ber\u00fchmtes Gem\u00e4lde - \u00d6lgem\u00e4lde - Bilderrahmen\"},{\"@type\":\"BreadcrumbList\",\"@id\":\"https:\/\/svetslik.si\/de\/gustav-klimt-de\/adam-and-eve-2\/#breadcrumb\",\"itemListElement\":[{\"@type\":\"ListItem\",\"position\":1,\"name\":\"Wandkunst und Gem\u00e4lde auf Leinwand\",\"item\":\"https:\/\/svetslik.si\/de\/\"},{\"@type\":\"ListItem\",\"position\":2,\"name\":\"Verkauf von Gem\u00e4lden\",\"item\":\"https:\/\/svetslik.si\/prodaja-slik\/\"},{\"@type\":\"ListItem\",\"position\":3,\"name\":\"Gustav Klim &#8211; Adam and Eve\"}]},{\"@type\":\"WebSite\",\"@id\":\"https:\/\/svetslik.si\/de\/#website\",\"url\":\"https:\/\/svetslik.si\/de\/\",\"name\":\"SVETSLIK.SI\",\"description\":\"100% handgemalte Reproduktionen von Gem\u00e4lden ber\u00fchmter Maler und Gem\u00e4lde auf Leinwand.\",\"publisher\":{\"@id\":\"https:\/\/svetslik.si\/de\/#organization\"},\"potentialAction\":[{\"@type\":\"SearchAction\",\"target\":{\"@type\":\"EntryPoint\",\"urlTemplate\":\"https:\/\/svetslik.si\/de\/?s={search_term_string}\"},\"query-input\":{\"@type\":\"PropertyValueSpecification\",\"valueRequired\":true,\"valueName\":\"search_term_string\"}}],\"inLanguage\":\"de\"},{\"@type\":\"Organization\",\"@id\":\"https:\/\/svetslik.si\/de\/#organization\",\"name\":\"SvetSlik.si\",\"url\":\"https:\/\/svetslik.si\/de\/\",\"logo\":{\"@type\":\"ImageObject\",\"inLanguage\":\"de\",\"@id\":\"https:\/\/svetslik.si\/de\/#\/schema\/logo\/image\/\",\"url\":\"https:\/\/svetslik.si\/wp-content\/uploads\/2020\/12\/logo-512.png\",\"contentUrl\":\"https:\/\/svetslik.si\/wp-content\/uploads\/2020\/12\/logo-512.png\",\"width\":512,\"height\":512,\"caption\":\"SvetSlik.si\"},\"image\":{\"@id\":\"https:\/\/svetslik.si\/de\/#\/schema\/logo\/image\/\"},\"sameAs\":[\"https:\/\/www.facebook.com\/svetslik.si\",\"https:\/\/x.com\/svetslik\",\"https:\/\/www.instagram.com\/svetslik.si\/\",\"https:\/\/www.linkedin.com\/company\/svetslik-si\"]}]}<\/script>\n<meta property=\"og:availability\" content=\"backorder\" \/>\n<meta property=\"product:availability\" content=\"available for order\" \/>\n<meta property=\"product:retailer_item_id\" content=\"556__\" \/>\n<meta property=\"product:condition\" content=\"new\" \/>\n<!-- \/ Yoast SEO Premium plugin. -->","yoast_head_json":{"title":"Gustav Klim - Adam and Eve - SVETSLIK.SI - 100% handgemalt","description":"Gustav Klim - Adam and Eve - 100% handgemalte Gem\u00e4lde - Verkauf von Reproduktionen ber\u00fchmter Gem\u00e4lde und abstrakter Kunst - Wandbilder f\u00fcr das Wohnzimmer","robots":{"index":"index","follow":"follow","max-snippet":"max-snippet:-1","max-image-preview":"max-image-preview:large","max-video-preview":"max-video-preview:-1"},"canonical":"https:\/\/svetslik.si\/de\/gustav-klimt-de\/adam-and-eve-2\/","og_locale":"de_DE","og_type":"article","og_title":"Gustav Klim - Adam and Eve","og_description":"100% ro\u010dno naslikane slike na platnu, reprodukcije znanih slikarjev in umetni\u0161ke slike po naro\u010dilu.","og_url":"https:\/\/svetslik.si\/de\/gustav-klimt-de\/adam-and-eve-2\/","og_site_name":"SVETSLIK.SI","article_publisher":"https:\/\/www.facebook.com\/svetslik.si","article_modified_time":"2026-03-22T18:12:52+00:00","og_image":[{"width":671,"height":2049,"url":"https:\/\/svetslik.si\/wp-content\/uploads\/2021\/08\/image_Adam-and-Eve-Gustva-Klimt_680.jpg","type":"image\/jpeg"}],"twitter_card":"summary_large_image","twitter_site":"@svetslik","twitter_misc":{"Verf\u00fcgbarkeit":"bei Nachbestellung"},"schema":{"@context":"https:\/\/schema.org","@graph":[{"@type":["WebPage","ItemPage"],"@id":"https:\/\/svetslik.si\/de\/gustav-klimt-de\/adam-and-eve-2\/","url":"https:\/\/svetslik.si\/de\/gustav-klimt-de\/adam-and-eve-2\/","name":"Gustav Klim - Adam and Eve - SVETSLIK.SI - 100% handgemalt","isPartOf":{"@id":"https:\/\/svetslik.si\/de\/#website"},"primaryImageOfPage":{"@id":"https:\/\/svetslik.si\/de\/gustav-klimt-de\/adam-and-eve-2\/#primaryimage"},"image":{"@id":"https:\/\/svetslik.si\/de\/gustav-klimt-de\/adam-and-eve-2\/#primaryimage"},"thumbnailUrl":"https:\/\/svetslik.si\/wp-content\/uploads\/2021\/08\/image_Adam-and-Eve-Gustva-Klimt_680.jpg","datePublished":"2021-09-20T13:12:19+00:00","dateModified":"2026-03-22T18:12:52+00:00","description":"Gustav Klim - Adam and Eve - 100% handgemalte Gem\u00e4lde - Verkauf von Reproduktionen ber\u00fchmter Gem\u00e4lde und abstrakter Kunst - Wandbilder f\u00fcr das Wohnzimmer","breadcrumb":{"@id":"https:\/\/svetslik.si\/de\/gustav-klimt-de\/adam-and-eve-2\/#breadcrumb"},"inLanguage":"de","potentialAction":[{"@type":"ReadAction","target":["https:\/\/svetslik.si\/de\/gustav-klimt-de\/adam-and-eve-2\/"]}]},{"@type":"ImageObject","inLanguage":"de","@id":"https:\/\/svetslik.si\/de\/gustav-klimt-de\/adam-and-eve-2\/#primaryimage","url":"https:\/\/svetslik.si\/wp-content\/uploads\/2021\/08\/image_Adam-and-Eve-Gustva-Klimt_680.jpg","contentUrl":"https:\/\/svetslik.si\/wp-content\/uploads\/2021\/08\/image_Adam-and-Eve-Gustva-Klimt_680.jpg","width":671,"height":2049,"caption":"Gustav Klimt - Adam and Eve (Adam und Eva) - Gem\u00e4lde, biblische Motive, mythologische Figuren - 100% handgemalte - Reproduktionen ber\u00fchmter Gem\u00e4lde - Gem\u00e4lde kaufen - Wandbilder Wohnzimmer - Ber\u00fchmtes Gem\u00e4lde - \u00d6lgem\u00e4lde - Bilderrahmen"},{"@type":"BreadcrumbList","@id":"https:\/\/svetslik.si\/de\/gustav-klimt-de\/adam-and-eve-2\/#breadcrumb","itemListElement":[{"@type":"ListItem","position":1,"name":"Wandkunst und Gem\u00e4lde auf Leinwand","item":"https:\/\/svetslik.si\/de\/"},{"@type":"ListItem","position":2,"name":"Verkauf von Gem\u00e4lden","item":"https:\/\/svetslik.si\/prodaja-slik\/"},{"@type":"ListItem","position":3,"name":"Gustav Klim &#8211; Adam and Eve"}]},{"@type":"WebSite","@id":"https:\/\/svetslik.si\/de\/#website","url":"https:\/\/svetslik.si\/de\/","name":"SVETSLIK.SI","description":"100% handgemalte Reproduktionen von Gem\u00e4lden ber\u00fchmter Maler und Gem\u00e4lde auf Leinwand.","publisher":{"@id":"https:\/\/svetslik.si\/de\/#organization"},"potentialAction":[{"@type":"SearchAction","target":{"@type":"EntryPoint","urlTemplate":"https:\/\/svetslik.si\/de\/?s={search_term_string}"},"query-input":{"@type":"PropertyValueSpecification","valueRequired":true,"valueName":"search_term_string"}}],"inLanguage":"de"},{"@type":"Organization","@id":"https:\/\/svetslik.si\/de\/#organization","name":"SvetSlik.si","url":"https:\/\/svetslik.si\/de\/","logo":{"@type":"ImageObject","inLanguage":"de","@id":"https:\/\/svetslik.si\/de\/#\/schema\/logo\/image\/","url":"https:\/\/svetslik.si\/wp-content\/uploads\/2020\/12\/logo-512.png","contentUrl":"https:\/\/svetslik.si\/wp-content\/uploads\/2020\/12\/logo-512.png","width":512,"height":512,"caption":"SvetSlik.si"},"image":{"@id":"https:\/\/svetslik.si\/de\/#\/schema\/logo\/image\/"},"sameAs":["https:\/\/www.facebook.com\/svetslik.si","https:\/\/x.com\/svetslik","https:\/\/www.instagram.com\/svetslik.si\/","https:\/\/www.linkedin.com\/company\/svetslik-si"]}]},"og_availability":"backorder","product_availability":"available for order","product_retailer_item_id":"556__","product_condition":"new"},"jetpack_sharing_enabled":true,"_links":{"self":[{"href":"https:\/\/svetslik.si\/de\/wp-json\/wp\/v2\/product\/73064","targetHints":{"allow":["GET"]}}],"collection":[{"href":"https:\/\/svetslik.si\/de\/wp-json\/wp\/v2\/product"}],"about":[{"href":"https:\/\/svetslik.si\/de\/wp-json\/wp\/v2\/types\/product"}],"wp:featuredmedia":[{"embeddable":true,"href":"https:\/\/svetslik.si\/de\/wp-json\/wp\/v2\/media\/63333"}],"wp:attachment":[{"href":"https:\/\/svetslik.si\/de\/wp-json\/wp\/v2\/media?parent=73064"}],"wp:term":[{"taxonomy":"product_brand","embeddable":true,"href":"https:\/\/svetslik.si\/de\/wp-json\/wp\/v2\/product_brand?post=73064"},{"taxonomy":"product_cat","embeddable":true,"href":"https:\/\/svetslik.si\/de\/wp-json\/wp\/v2\/product_cat?post=73064"},{"taxonomy":"product_tag","embeddable":true,"href":"https:\/\/svetslik.si\/de\/wp-json\/wp\/v2\/product_tag?post=73064"}],"curies":[{"name":"wp","href":"https:\/\/api.w.org\/{rel}","templated":true}]}}