{"id":73155,"date":"2021-12-09T16:37:39","date_gmt":"2021-12-09T15:37:39","guid":{"rendered":"https:\/\/svetslik.si\/unkategorisiert\/the-large-poplar-ii-gathering-storm-2\/"},"modified":"2026-03-22T19:14:46","modified_gmt":"2026-03-22T18:14:46","slug":"the-large-poplar-ii-gathering-storm-2","status":"publish","type":"product","link":"https:\/\/svetslik.si\/de\/gustav-klimt-de\/the-large-poplar-ii-gathering-storm-2\/","title":{"rendered":"Gustav Klimt &#8211; The Large Poplar II (Gathering Storm)"},"content":{"rendered":"<div class=\"wpb-content-wrapper\">[vc_row][vc_column][vc_column_text]\n<h1>Gustav Klimt \u2013 Die gro\u00dfe Pappel II (Gathering Storm)<\/h1>\n<p>\u201eBig Poplar II (The Coming Storm)\u201c, 1903 vom \u00f6sterreichischen K\u00fcnstler Gustav Klimt gemalt, gilt als eines der markantesten und stimmungsvollsten Werke des K\u00fcnstlers. Das Gem\u00e4lde zeigt eine gro\u00dfe Pappel, im Hintergrund ziehen dunkle Gewitterwolken auf, die ein Gef\u00fchl drohender Gefahr und Unbehagen erzeugen.<\/p>\n<p>Das Gem\u00e4lde ist ein hervorragendes Beispiel f\u00fcr Klimts Jugendstilstil, der durch die Verwendung kunstvoller Muster, kr\u00e4ftiger Farben und sinnlicher Themen gekennzeichnet war. Die Pappel ist stark stilisiert dargestellt, mit l\u00e4nglichen Zweigen und einem gedrehten Stamm, was dem Bild eine \u00fcberirdische und traumhafte Atmosph\u00e4re verleiht.<\/p>\n<p>Eines der auff\u00e4lligsten Merkmale von \u201eThe Large Poplar II (Gathering Storm)\u201c ist die Verwendung kr\u00e4ftiger Farben und komplizierter Muster. Das Bild ist ein Farbenrausch mit einer Pappel, Gewitterwolken und einem Hintergrund aus wirbelnden, ineinander verwobenen Mustern. Die Verwendung von Farben und Mustern erzeugt ein Gef\u00fchl von Bewegung und Fl\u00fcssigkeit, was angesichts des Themas des Gem\u00e4ldes, Natur und Gefahr, angemessen ist.<\/p>\n<p>Die Symbolik des Gem\u00e4ldes ist ebenfalls reichhaltig. Die Pappel gilt oft als Symbol der Widerstandskraft, da sie starken Winden und St\u00fcrmen standh\u00e4lt. Die Gewitterwolken im Hintergrund k\u00f6nnten die Dunkelheit und Ungewissheit des Lebens sowie Naturkr\u00e4fte darstellen, die zerst\u00f6rerisch und m\u00e4chtig sein k\u00f6nnen.<\/p>\n<p>Das Gem\u00e4lde wurde von den Kritikern bei seiner ersten Ausstellung gut aufgenommen und ist seitdem zu einem der bekanntesten und ber\u00fchmtesten Werke Klimts geworden. Es befindet sich derzeit im Museum der bildenden K\u00fcnste in Wien, \u00d6sterreich.<\/p>\n<p>Kurz gesagt, \u201eThe Great Poplar II (The Coming Storm)\u201c ist ein eindrucksvolles und stimmungsvolles Gem\u00e4lde, das die kunstvollen Muster, kr\u00e4ftigen Farben und sinnlichen Themen zeigt, die die Markenzeichen von Gustav Klimts Jugendstil sind. Die Verwendung von Farben und Mustern im Gem\u00e4lde erzeugt ein Gef\u00fchl von Bewegung und Flie\u00dff\u00e4higkeit, w\u00e4hrend die Pappel Widerstandsf\u00e4higkeit symbolisiert und der Sturm die Dunkelheit und Unsicherheit des Lebens und der Kr\u00e4fte der Natur vernebelt. Das Gem\u00e4lde gilt als eines der bekanntesten und ber\u00fchmtesten Werke Klimts und befindet sich derzeit im Museum der bildenden K\u00fcnste in Wien, \u00d6sterreich.[\/vc_column_text][\/vc_column][\/vc_row]\n<\/div>","protected":false},"excerpt":{"rendered":"<p>[vc_row][vc_column][vc_column_text] Gustav Klimt \u2013 Die gro\u00dfe Pappel II (Gathering Storm) \u201eBig Poplar II (The Coming Storm)\u201c, 1903 vom \u00f6sterreichischen K\u00fcnstler Gustav Klimt gemalt, gilt als eines der markantesten und stimmungsvollsten Werke des K\u00fcnstlers. Das Gem\u00e4lde zeigt eine gro\u00dfe Pappel, im Hintergrund ziehen dunkle Gewitterwolken auf, die ein Gef\u00fchl drohender Gefahr [&hellip;]<\/p>\n","protected":false},"featured_media":64194,"template":"","meta":{"_acf_changed":false},"product_brand":[],"product_cat":[8461],"product_tag":[8489,8493,8521,8513,8514],"class_list":{"0":"post-73155","1":"product","2":"type-product","3":"status-publish","4":"has-post-thumbnail","6":"product_cat-gustav-klimt-de","7":"product_tag-gustav-klimt-de","8":"product_tag-klimt-de","9":"product_tag-maler","10":"product_tag-reproduktion","11":"product_tag-reproduktionen","12":"pa_dimenzija-100-x-100-cm-de","13":"pa_dimenzija-120-x-120-cm-de","14":"pa_dimenzija-138-x-138-cm-de","15":"pa_dimenzija-150-x-150-cm-de","16":"pa_dimenzija-50-x-50-cm-de","17":"pa_dimenzija-60-x-60-cm-de","18":"pa_dimenzija-80-x-80-cm-de","19":"pa_dimenzija-90-x-90-cm-de","20":"pa_oblika-quadrat","21":"pa_okvir-ohne-rahmen","22":"pa_podokvir-ja","23":"pa_podokvir-nein","25":"first","26":"onbackorder","27":"purchasable","28":"product-type-variable","29":"has-default-attributes"},"acf":[],"yoast_head":"<!-- This site is optimized with the Yoast SEO Premium plugin v26.0 (Yoast SEO v27.2) - https:\/\/yoast.com\/product\/yoast-seo-premium-wordpress\/ -->\n<title>Gustav Klimt - The Large Poplar II (Gathering Storm) - SVETSLIK.SI - 100% handgemalt<\/title>\n<meta name=\"description\" content=\"Gustav Klimt - The Large Poplar II (Gathering Storm) - 100% handgemalte Gem\u00e4lde - Verkauf von Reproduktionen ber\u00fchmter Gem\u00e4lde und abstrakter Kunst - Wandbilder f\u00fcr das Wohnzimmer\" \/>\n<meta name=\"robots\" content=\"index, follow, max-snippet:-1, max-image-preview:large, max-video-preview:-1\" \/>\n<link rel=\"canonical\" href=\"https:\/\/svetslik.si\/de\/gustav-klimt-de\/the-large-poplar-ii-gathering-storm-2\/\" \/>\n<meta property=\"og:locale\" content=\"de_DE\" \/>\n<meta property=\"og:type\" content=\"article\" \/>\n<meta property=\"og:title\" content=\"Gustav Klimt - The Large Poplar II (Gathering Storm)\" \/>\n<meta property=\"og:description\" content=\"100% ro\u010dno naslikane slike na platnu, reprodukcije znanih slikarjev in umetni\u0161ke slike po naro\u010dilu.\" \/>\n<meta property=\"og:url\" content=\"https:\/\/svetslik.si\/de\/gustav-klimt-de\/the-large-poplar-ii-gathering-storm-2\/\" \/>\n<meta property=\"og:site_name\" content=\"SVETSLIK.SI\" \/>\n<meta property=\"article:publisher\" content=\"https:\/\/www.facebook.com\/svetslik.si\" \/>\n<meta property=\"article:modified_time\" content=\"2026-03-22T18:14:46+00:00\" \/>\n<meta property=\"og:image\" content=\"https:\/\/svetslik.si\/wp-content\/uploads\/2021\/08\/image_The-Large-Poplar-II-Gathering-Storm_680.jpg\" \/>\n\t<meta property=\"og:image:width\" content=\"2016\" \/>\n\t<meta property=\"og:image:height\" content=\"2020\" \/>\n\t<meta property=\"og:image:type\" content=\"image\/jpeg\" \/>\n<meta name=\"twitter:card\" content=\"summary_large_image\" \/>\n<meta name=\"twitter:site\" content=\"@svetslik\" \/>\n<meta name=\"twitter:label1\" content=\"Verf\u00fcgbarkeit\" \/>\n\t<meta name=\"twitter:data1\" content=\"bei Nachbestellung\" \/>\n<script type=\"application\/ld+json\" class=\"yoast-schema-graph\">{\"@context\":\"https:\/\/schema.org\",\"@graph\":[{\"@type\":[\"WebPage\",\"ItemPage\"],\"@id\":\"https:\/\/svetslik.si\/de\/gustav-klimt-de\/the-large-poplar-ii-gathering-storm-2\/\",\"url\":\"https:\/\/svetslik.si\/de\/gustav-klimt-de\/the-large-poplar-ii-gathering-storm-2\/\",\"name\":\"Gustav Klimt - The Large Poplar II (Gathering Storm) - SVETSLIK.SI - 100% handgemalt\",\"isPartOf\":{\"@id\":\"https:\/\/svetslik.si\/de\/#website\"},\"primaryImageOfPage\":{\"@id\":\"https:\/\/svetslik.si\/de\/gustav-klimt-de\/the-large-poplar-ii-gathering-storm-2\/#primaryimage\"},\"image\":{\"@id\":\"https:\/\/svetslik.si\/de\/gustav-klimt-de\/the-large-poplar-ii-gathering-storm-2\/#primaryimage\"},\"thumbnailUrl\":\"https:\/\/svetslik.si\/wp-content\/uploads\/2021\/08\/image_The-Large-Poplar-II-Gathering-Storm_680.jpg\",\"datePublished\":\"2021-12-09T15:37:39+00:00\",\"dateModified\":\"2026-03-22T18:14:46+00:00\",\"description\":\"Gustav Klimt - The Large Poplar II (Gathering Storm) - 100% handgemalte Gem\u00e4lde - Verkauf von Reproduktionen ber\u00fchmter Gem\u00e4lde und abstrakter Kunst - Wandbilder f\u00fcr das Wohnzimmer\",\"breadcrumb\":{\"@id\":\"https:\/\/svetslik.si\/de\/gustav-klimt-de\/the-large-poplar-ii-gathering-storm-2\/#breadcrumb\"},\"inLanguage\":\"de\",\"potentialAction\":[{\"@type\":\"ReadAction\",\"target\":[\"https:\/\/svetslik.si\/de\/gustav-klimt-de\/the-large-poplar-ii-gathering-storm-2\/\"]}]},{\"@type\":\"ImageObject\",\"inLanguage\":\"de\",\"@id\":\"https:\/\/svetslik.si\/de\/gustav-klimt-de\/the-large-poplar-ii-gathering-storm-2\/#primaryimage\",\"url\":\"https:\/\/svetslik.si\/wp-content\/uploads\/2021\/08\/image_The-Large-Poplar-II-Gathering-Storm_680.jpg\",\"contentUrl\":\"https:\/\/svetslik.si\/wp-content\/uploads\/2021\/08\/image_The-Large-Poplar-II-Gathering-Storm_680.jpg\",\"width\":2016,\"height\":2020,\"caption\":\"Gustav Klimt - The Large Poplar II (Gathering Storm) (Die gro\u00dfe Pappel II - Aufziehendes Unwetter) - Gem\u00e4lde, Landschaft, Naturmotive, Symbolismus, Jugendstil - 100% handgemalte - Reproduktionen ber\u00fchmter Gem\u00e4lde - Gem\u00e4lde kaufen - Wandbilder Wohnzimmer - Ber\u00fchmtes Gem\u00e4lde - \u00d6lgem\u00e4lde - Bilderrahmen\"},{\"@type\":\"BreadcrumbList\",\"@id\":\"https:\/\/svetslik.si\/de\/gustav-klimt-de\/the-large-poplar-ii-gathering-storm-2\/#breadcrumb\",\"itemListElement\":[{\"@type\":\"ListItem\",\"position\":1,\"name\":\"Wandkunst und Gem\u00e4lde auf Leinwand\",\"item\":\"https:\/\/svetslik.si\/de\/\"},{\"@type\":\"ListItem\",\"position\":2,\"name\":\"Verkauf von Gem\u00e4lden\",\"item\":\"https:\/\/svetslik.si\/prodaja-slik\/\"},{\"@type\":\"ListItem\",\"position\":3,\"name\":\"Gustav Klimt &#8211; The Large Poplar II (Gathering Storm)\"}]},{\"@type\":\"WebSite\",\"@id\":\"https:\/\/svetslik.si\/de\/#website\",\"url\":\"https:\/\/svetslik.si\/de\/\",\"name\":\"SVETSLIK.SI\",\"description\":\"100% handgemalte Reproduktionen von Gem\u00e4lden ber\u00fchmter Maler und Gem\u00e4lde auf Leinwand.\",\"publisher\":{\"@id\":\"https:\/\/svetslik.si\/de\/#organization\"},\"potentialAction\":[{\"@type\":\"SearchAction\",\"target\":{\"@type\":\"EntryPoint\",\"urlTemplate\":\"https:\/\/svetslik.si\/de\/?s={search_term_string}\"},\"query-input\":{\"@type\":\"PropertyValueSpecification\",\"valueRequired\":true,\"valueName\":\"search_term_string\"}}],\"inLanguage\":\"de\"},{\"@type\":\"Organization\",\"@id\":\"https:\/\/svetslik.si\/de\/#organization\",\"name\":\"SvetSlik.si\",\"url\":\"https:\/\/svetslik.si\/de\/\",\"logo\":{\"@type\":\"ImageObject\",\"inLanguage\":\"de\",\"@id\":\"https:\/\/svetslik.si\/de\/#\/schema\/logo\/image\/\",\"url\":\"https:\/\/svetslik.si\/wp-content\/uploads\/2020\/12\/logo-512.png\",\"contentUrl\":\"https:\/\/svetslik.si\/wp-content\/uploads\/2020\/12\/logo-512.png\",\"width\":512,\"height\":512,\"caption\":\"SvetSlik.si\"},\"image\":{\"@id\":\"https:\/\/svetslik.si\/de\/#\/schema\/logo\/image\/\"},\"sameAs\":[\"https:\/\/www.facebook.com\/svetslik.si\",\"https:\/\/x.com\/svetslik\",\"https:\/\/www.instagram.com\/svetslik.si\/\",\"https:\/\/www.linkedin.com\/company\/svetslik-si\"]}]}<\/script>\n<meta property=\"og:availability\" content=\"backorder\" \/>\n<meta property=\"product:availability\" content=\"available for order\" \/>\n<meta property=\"product:retailer_item_id\" content=\"22__-1\" \/>\n<meta property=\"product:condition\" content=\"new\" \/>\n<!-- \/ Yoast SEO Premium plugin. -->","yoast_head_json":{"title":"Gustav Klimt - The Large Poplar II (Gathering Storm) - SVETSLIK.SI - 100% handgemalt","description":"Gustav Klimt - The Large Poplar II (Gathering Storm) - 100% handgemalte Gem\u00e4lde - Verkauf von Reproduktionen ber\u00fchmter Gem\u00e4lde und abstrakter Kunst - Wandbilder f\u00fcr das Wohnzimmer","robots":{"index":"index","follow":"follow","max-snippet":"max-snippet:-1","max-image-preview":"max-image-preview:large","max-video-preview":"max-video-preview:-1"},"canonical":"https:\/\/svetslik.si\/de\/gustav-klimt-de\/the-large-poplar-ii-gathering-storm-2\/","og_locale":"de_DE","og_type":"article","og_title":"Gustav Klimt - The Large Poplar II (Gathering Storm)","og_description":"100% ro\u010dno naslikane slike na platnu, reprodukcije znanih slikarjev in umetni\u0161ke slike po naro\u010dilu.","og_url":"https:\/\/svetslik.si\/de\/gustav-klimt-de\/the-large-poplar-ii-gathering-storm-2\/","og_site_name":"SVETSLIK.SI","article_publisher":"https:\/\/www.facebook.com\/svetslik.si","article_modified_time":"2026-03-22T18:14:46+00:00","og_image":[{"width":2016,"height":2020,"url":"https:\/\/svetslik.si\/wp-content\/uploads\/2021\/08\/image_The-Large-Poplar-II-Gathering-Storm_680.jpg","type":"image\/jpeg"}],"twitter_card":"summary_large_image","twitter_site":"@svetslik","twitter_misc":{"Verf\u00fcgbarkeit":"bei Nachbestellung"},"schema":{"@context":"https:\/\/schema.org","@graph":[{"@type":["WebPage","ItemPage"],"@id":"https:\/\/svetslik.si\/de\/gustav-klimt-de\/the-large-poplar-ii-gathering-storm-2\/","url":"https:\/\/svetslik.si\/de\/gustav-klimt-de\/the-large-poplar-ii-gathering-storm-2\/","name":"Gustav Klimt - The Large Poplar II (Gathering Storm) - SVETSLIK.SI - 100% handgemalt","isPartOf":{"@id":"https:\/\/svetslik.si\/de\/#website"},"primaryImageOfPage":{"@id":"https:\/\/svetslik.si\/de\/gustav-klimt-de\/the-large-poplar-ii-gathering-storm-2\/#primaryimage"},"image":{"@id":"https:\/\/svetslik.si\/de\/gustav-klimt-de\/the-large-poplar-ii-gathering-storm-2\/#primaryimage"},"thumbnailUrl":"https:\/\/svetslik.si\/wp-content\/uploads\/2021\/08\/image_The-Large-Poplar-II-Gathering-Storm_680.jpg","datePublished":"2021-12-09T15:37:39+00:00","dateModified":"2026-03-22T18:14:46+00:00","description":"Gustav Klimt - The Large Poplar II (Gathering Storm) - 100% handgemalte Gem\u00e4lde - Verkauf von Reproduktionen ber\u00fchmter Gem\u00e4lde und abstrakter Kunst - Wandbilder f\u00fcr das Wohnzimmer","breadcrumb":{"@id":"https:\/\/svetslik.si\/de\/gustav-klimt-de\/the-large-poplar-ii-gathering-storm-2\/#breadcrumb"},"inLanguage":"de","potentialAction":[{"@type":"ReadAction","target":["https:\/\/svetslik.si\/de\/gustav-klimt-de\/the-large-poplar-ii-gathering-storm-2\/"]}]},{"@type":"ImageObject","inLanguage":"de","@id":"https:\/\/svetslik.si\/de\/gustav-klimt-de\/the-large-poplar-ii-gathering-storm-2\/#primaryimage","url":"https:\/\/svetslik.si\/wp-content\/uploads\/2021\/08\/image_The-Large-Poplar-II-Gathering-Storm_680.jpg","contentUrl":"https:\/\/svetslik.si\/wp-content\/uploads\/2021\/08\/image_The-Large-Poplar-II-Gathering-Storm_680.jpg","width":2016,"height":2020,"caption":"Gustav Klimt - The Large Poplar II (Gathering Storm) (Die gro\u00dfe Pappel II - Aufziehendes Unwetter) - Gem\u00e4lde, Landschaft, Naturmotive, Symbolismus, Jugendstil - 100% handgemalte - Reproduktionen ber\u00fchmter Gem\u00e4lde - Gem\u00e4lde kaufen - Wandbilder Wohnzimmer - Ber\u00fchmtes Gem\u00e4lde - \u00d6lgem\u00e4lde - Bilderrahmen"},{"@type":"BreadcrumbList","@id":"https:\/\/svetslik.si\/de\/gustav-klimt-de\/the-large-poplar-ii-gathering-storm-2\/#breadcrumb","itemListElement":[{"@type":"ListItem","position":1,"name":"Wandkunst und Gem\u00e4lde auf Leinwand","item":"https:\/\/svetslik.si\/de\/"},{"@type":"ListItem","position":2,"name":"Verkauf von Gem\u00e4lden","item":"https:\/\/svetslik.si\/prodaja-slik\/"},{"@type":"ListItem","position":3,"name":"Gustav Klimt &#8211; The Large Poplar II (Gathering Storm)"}]},{"@type":"WebSite","@id":"https:\/\/svetslik.si\/de\/#website","url":"https:\/\/svetslik.si\/de\/","name":"SVETSLIK.SI","description":"100% handgemalte Reproduktionen von Gem\u00e4lden ber\u00fchmter Maler und Gem\u00e4lde auf Leinwand.","publisher":{"@id":"https:\/\/svetslik.si\/de\/#organization"},"potentialAction":[{"@type":"SearchAction","target":{"@type":"EntryPoint","urlTemplate":"https:\/\/svetslik.si\/de\/?s={search_term_string}"},"query-input":{"@type":"PropertyValueSpecification","valueRequired":true,"valueName":"search_term_string"}}],"inLanguage":"de"},{"@type":"Organization","@id":"https:\/\/svetslik.si\/de\/#organization","name":"SvetSlik.si","url":"https:\/\/svetslik.si\/de\/","logo":{"@type":"ImageObject","inLanguage":"de","@id":"https:\/\/svetslik.si\/de\/#\/schema\/logo\/image\/","url":"https:\/\/svetslik.si\/wp-content\/uploads\/2020\/12\/logo-512.png","contentUrl":"https:\/\/svetslik.si\/wp-content\/uploads\/2020\/12\/logo-512.png","width":512,"height":512,"caption":"SvetSlik.si"},"image":{"@id":"https:\/\/svetslik.si\/de\/#\/schema\/logo\/image\/"},"sameAs":["https:\/\/www.facebook.com\/svetslik.si","https:\/\/x.com\/svetslik","https:\/\/www.instagram.com\/svetslik.si\/","https:\/\/www.linkedin.com\/company\/svetslik-si"]}]},"og_availability":"backorder","product_availability":"available for order","product_retailer_item_id":"22__-1","product_condition":"new"},"jetpack_sharing_enabled":true,"_links":{"self":[{"href":"https:\/\/svetslik.si\/de\/wp-json\/wp\/v2\/product\/73155","targetHints":{"allow":["GET"]}}],"collection":[{"href":"https:\/\/svetslik.si\/de\/wp-json\/wp\/v2\/product"}],"about":[{"href":"https:\/\/svetslik.si\/de\/wp-json\/wp\/v2\/types\/product"}],"wp:featuredmedia":[{"embeddable":true,"href":"https:\/\/svetslik.si\/de\/wp-json\/wp\/v2\/media\/64194"}],"wp:attachment":[{"href":"https:\/\/svetslik.si\/de\/wp-json\/wp\/v2\/media?parent=73155"}],"wp:term":[{"taxonomy":"product_brand","embeddable":true,"href":"https:\/\/svetslik.si\/de\/wp-json\/wp\/v2\/product_brand?post=73155"},{"taxonomy":"product_cat","embeddable":true,"href":"https:\/\/svetslik.si\/de\/wp-json\/wp\/v2\/product_cat?post=73155"},{"taxonomy":"product_tag","embeddable":true,"href":"https:\/\/svetslik.si\/de\/wp-json\/wp\/v2\/product_tag?post=73155"}],"curies":[{"name":"wp","href":"https:\/\/api.w.org\/{rel}","templated":true}]}}