{"id":73381,"date":"2022-08-23T12:09:25","date_gmt":"2022-08-23T10:09:25","guid":{"rendered":"https:\/\/svetslik.si\/unkategorisiert\/darilni-bon\/"},"modified":"2026-03-22T19:16:20","modified_gmt":"2026-03-22T18:16:20","slug":"wertgutschein","status":"publish","type":"product","link":"https:\/\/svetslik.si\/de\/geschenkgutschein\/wertgutschein\/","title":{"rendered":"Wertgutschein"},"content":{"rendered":"<div class=\"wpb-content-wrapper\">[vc_row][vc_column][vc_column_text]\n<h3>GESCHENKGUTSCHEIN und WERTGUTSCHEIN<\/h3>\n<p>Wir bieten Ihnen die M\u00f6glichkeit, ZWEI Arten von Gutscheinen zu erstellen:<\/p>\n<p>&nbsp;<\/p>\n<h4>WERTGUTSCHEIN F\u00dcR DEN KAUF EINES KUNSTGEM\u00c4LDES<\/h4>\n<p>Wenn Sie die Auswahl des Gem\u00e4ldes dem Beschenkten \u00fcberlassen m\u00f6chten, schenken Sie einen <strong>WERTGUTSCHEIN F\u00dcR EIN GEM\u00c4LDE<\/strong>, der den gew\u00fcnschten Betrag und den <strong><em>Gutscheinwertcode<\/em><\/strong> enth\u00e4lt.<\/p>\n<p>Bestellen Sie den Wertgutschein auf dieser Website. W\u00e4hlen Sie den Wert des Gutscheins und schlie\u00dfen Sie die Bestellung ab. Wenn Sie eine zus\u00e4tzliche Widmung auf der R\u00fcckseite w\u00fcnschen, f\u00fcgen Sie diese bitte als Kommentar bei der Bestellung hinzu. Der Gutschein wird in einem Umschlag per Post verschickt.<\/p>\n<p>Der Gutschein wird wie folgt aussehen:[\/vc_column_text][\/vc_column][\/vc_row][vc_row][vc_column]\t<div id=\"et-image-slider-19\" class=\"et-image-slider slick slick-slider slick-dotted slick-dots-centered centered   \" data-adaptive-height=\"false\" variable-width=\"true\" data-pagination=\"true\" data-navigation=\"true\" data-center=\"\" data-fade=\"\" data-columns=\"1\" data-infinite=\"false\" data-autoplay=\"true\" data-autoplay-speed=\"\" data-pause=\"true\">\n\t\t\n\t\t\t\t\t<div class=\"gallery-item\">\n\t\t\t\t\t\t\t\t\t\t\t\t\t<div class=\"et-image-inner\">\n\t\t\t\t\t\t\t\t<div class=\"et_image_slider-wrapper\"><img decoding=\"async\" width=\"1240\" height=\"585\" src=\"https:\/\/svetslik.si\/wp-content\/uploads\/2022\/08\/Vrednostni-bon2.jpg\" class=\"et_image_slider-img attachment-full\" alt=\"Gutschein f\u00fcr ein Kunstgem\u00e4lde\" title=\"Gutschein f\u00fcr ein Kunstgem\u00e4lde\" srcset=\"https:\/\/svetslik.si\/wp-content\/uploads\/2022\/08\/Vrednostni-bon2.jpg 1240w, https:\/\/svetslik.si\/wp-content\/uploads\/2022\/08\/Vrednostni-bon2-600x283.jpg 600w, https:\/\/svetslik.si\/wp-content\/uploads\/2022\/08\/Vrednostni-bon2-1200x566.jpg 1200w, https:\/\/svetslik.si\/wp-content\/uploads\/2022\/08\/Vrednostni-bon2-300x142.jpg 300w, https:\/\/svetslik.si\/wp-content\/uploads\/2022\/08\/Vrednostni-bon2-1024x483.jpg 1024w, https:\/\/svetslik.si\/wp-content\/uploads\/2022\/08\/Vrednostni-bon2-768x362.jpg 768w, https:\/\/svetslik.si\/wp-content\/uploads\/2022\/08\/Vrednostni-bon2-18x8.jpg 18w, https:\/\/svetslik.si\/wp-content\/uploads\/2022\/08\/Vrednostni-bon2-150x71.jpg 150w, https:\/\/svetslik.si\/wp-content\/uploads\/2022\/08\/Vrednostni-bon2-900x425.jpg 900w\" sizes=\"(max-width: 1240px) 100vw, 1240px\" \/><\/div>\t\t\t\t\t\t\t\t\t\t\t\t\t\t\t\t\t\t\t\t\t\t\t<\/div>\n\t\t\t\t\t\t\t\t\t\t\t<\/div>\n\t\t\t\t\n\t\t\t\t\n\t\t\t\t\t<div class=\"gallery-item\">\n\t\t\t\t\t\t\t\t\t\t\t\t\t<div class=\"et-image-inner\">\n\t\t\t\t\t\t\t\t<div class=\"et_image_slider-wrapper\"><img decoding=\"async\" width=\"1240\" height=\"585\" src=\"https:\/\/svetslik.si\/wp-content\/uploads\/2022\/08\/Vrednostni-bon.jpg\" class=\"et_image_slider-img attachment-full\" alt=\"Gutschein f\u00fcr ein Kunstgem\u00e4lde\" title=\"Gutschein f\u00fcr ein Kunstgem\u00e4lde\" srcset=\"https:\/\/svetslik.si\/wp-content\/uploads\/2022\/08\/Vrednostni-bon.jpg 1240w, https:\/\/svetslik.si\/wp-content\/uploads\/2022\/08\/Vrednostni-bon-600x283.jpg 600w, https:\/\/svetslik.si\/wp-content\/uploads\/2022\/08\/Vrednostni-bon-1200x566.jpg 1200w, https:\/\/svetslik.si\/wp-content\/uploads\/2022\/08\/Vrednostni-bon-300x142.jpg 300w, https:\/\/svetslik.si\/wp-content\/uploads\/2022\/08\/Vrednostni-bon-1024x483.jpg 1024w, https:\/\/svetslik.si\/wp-content\/uploads\/2022\/08\/Vrednostni-bon-768x362.jpg 768w, https:\/\/svetslik.si\/wp-content\/uploads\/2022\/08\/Vrednostni-bon-18x8.jpg 18w, https:\/\/svetslik.si\/wp-content\/uploads\/2022\/08\/Vrednostni-bon-150x71.jpg 150w, https:\/\/svetslik.si\/wp-content\/uploads\/2022\/08\/Vrednostni-bon-900x425.jpg 900w\" sizes=\"(max-width: 1240px) 100vw, 1240px\" \/><\/div>\t\t\t\t\t\t\t\t\t\t\t\t\t\t\t\t\t\t\t\t\t\t\t<\/div>\n\t\t\t\t\t\t\t\t\t\t\t<\/div>\n\t\t\t\t\n\t\t\t\t\t<\/div>\n\t[\/vc_column][\/vc_row][vc_row][vc_column][vc_column_text]\n<h4>GESCHENKGUTSCHEIN F\u00dcR EIN KUNSTGEM\u00c4LDE<\/h4>\n<p>M\u00f6chten Sie ein Gem\u00e4lde verschenken, aber die Lieferung kann nicht rechtzeitig zum Geburtstag erfolgen? Wir haben die L\u00f6sung&#8230;<\/p>\n<p>Wir drucken und senden Ihnen einen <strong>einzigartigen GESCHENKGUTSCHEIN<\/strong>, der eine pers\u00f6nliche <strong><em>Widmung<\/em><\/strong> und ein <strong><em>Foto des bestellten Gem\u00e4ldes<\/em><\/strong> enthalten kann.<\/p>\n<p><strong>Schenken Sie dem Beschenkten den Geschenkgutschein, das Gem\u00e4lde wird folgen, sobald es fertiggestellt ist.<\/strong><\/p>\n<p>F\u00fcr die Erstellung dieses Gutscheins kontaktieren Sie uns unter info@svetslik.si oder rufen Sie 051 675 637 an und teilen Sie uns folgendes mit:<\/p>\n<ol>\n<li>welches Gem\u00e4lde Sie verschenken m\u00f6chten (wir k\u00f6nnen auch Gem\u00e4lde malen, die nicht in unserem Angebot enthalten sind)<\/li>\n<li>Abmessungen des bestellten Gem\u00e4ldes<\/li>\n<li>eventueller Rahmen (der Beschenkte kann ihn sp\u00e4ter selbst ausw\u00e4hlen, wir informieren ihn, wenn das Gem\u00e4lde fertig ist)<\/li>\n<li>Text der Widmung<\/li>\n<li>Lieferadresse des Geschenkgutscheins<\/li>\n<li>Lieferadresse des Beschenkten f\u00fcr das Gem\u00e4lde<\/li>\n<li>Kontakt des Beschenkten f\u00fcr eine m\u00f6gliche Rahmenauswahl<\/li>\n<\/ol>\n<p>Sie erhalten ein Angebot f\u00fcr das Gem\u00e4lde. Der personalisierte Geschenkgutschein wird in einem Umschlag per Post verschickt, das Gem\u00e4lde wird dem Beschenkten zugesandt, sobald es gemalt und gerahmt ist.<\/p>\n<p>Die Zahlung kann im Voraus per Vorausrechnung erfolgen, oder wir senden Ihnen den endg\u00fcltigen Zahlungsbetrag vor der Lieferung des Gem\u00e4ldes.<\/p>\n<p>Der Gutschein wird wie folgt aussehen:[\/vc_column_text][\/vc_column][\/vc_row][vc_row][vc_column]\t<div id=\"et-image-slider-172\" class=\"et-image-slider slick slick-slider slick-dotted slick-dots-centered centered   \" data-adaptive-height=\"false\" variable-width=\"true\" data-pagination=\"true\" data-navigation=\"true\" data-center=\"\" data-fade=\"\" data-columns=\"1\" data-infinite=\"false\" data-autoplay=\"true\" data-autoplay-speed=\"\" data-pause=\"true\">\n\t\t\n\t\t\t\t\t<div class=\"gallery-item\">\n\t\t\t\t\t\t\t\t\t\t\t\t\t<div class=\"et-image-inner\">\n\t\t\t\t\t\t\t\t<div class=\"et_image_slider-wrapper\"><img decoding=\"async\" width=\"1240\" height=\"585\" src=\"https:\/\/svetslik.si\/wp-content\/uploads\/2022\/08\/Darilni-bon2.jpg\" class=\"et_image_slider-img attachment-full\" alt=\"Bildgutschein\" title=\"Bildgutschein\" srcset=\"https:\/\/svetslik.si\/wp-content\/uploads\/2022\/08\/Darilni-bon2.jpg 1240w, https:\/\/svetslik.si\/wp-content\/uploads\/2022\/08\/Darilni-bon2-600x283.jpg 600w, https:\/\/svetslik.si\/wp-content\/uploads\/2022\/08\/Darilni-bon2-1200x566.jpg 1200w, https:\/\/svetslik.si\/wp-content\/uploads\/2022\/08\/Darilni-bon2-300x142.jpg 300w, https:\/\/svetslik.si\/wp-content\/uploads\/2022\/08\/Darilni-bon2-1024x483.jpg 1024w, https:\/\/svetslik.si\/wp-content\/uploads\/2022\/08\/Darilni-bon2-768x362.jpg 768w, https:\/\/svetslik.si\/wp-content\/uploads\/2022\/08\/Darilni-bon2-18x8.jpg 18w, https:\/\/svetslik.si\/wp-content\/uploads\/2022\/08\/Darilni-bon2-150x71.jpg 150w, https:\/\/svetslik.si\/wp-content\/uploads\/2022\/08\/Darilni-bon2-900x425.jpg 900w\" sizes=\"(max-width: 1240px) 100vw, 1240px\" \/><\/div>\t\t\t\t\t\t\t\t\t\t\t\t\t\t\t\t\t\t\t\t\t\t\t<\/div>\n\t\t\t\t\t\t\t\t\t\t\t<\/div>\n\t\t\t\t\n\t\t\t\t\n\t\t\t\t\t<div class=\"gallery-item\">\n\t\t\t\t\t\t\t\t\t\t\t\t\t<div class=\"et-image-inner\">\n\t\t\t\t\t\t\t\t<div class=\"et_image_slider-wrapper\"><img decoding=\"async\" width=\"1240\" height=\"585\" src=\"https:\/\/svetslik.si\/wp-content\/uploads\/2022\/08\/Darilni-bon.jpg\" class=\"et_image_slider-img attachment-full\" alt=\"Bildgutschein\" title=\"Bildgutschein\" srcset=\"https:\/\/svetslik.si\/wp-content\/uploads\/2022\/08\/Darilni-bon.jpg 1240w, https:\/\/svetslik.si\/wp-content\/uploads\/2022\/08\/Darilni-bon-600x283.jpg 600w, https:\/\/svetslik.si\/wp-content\/uploads\/2022\/08\/Darilni-bon-1200x566.jpg 1200w, https:\/\/svetslik.si\/wp-content\/uploads\/2022\/08\/Darilni-bon-300x142.jpg 300w, https:\/\/svetslik.si\/wp-content\/uploads\/2022\/08\/Darilni-bon-1024x483.jpg 1024w, https:\/\/svetslik.si\/wp-content\/uploads\/2022\/08\/Darilni-bon-768x362.jpg 768w, https:\/\/svetslik.si\/wp-content\/uploads\/2022\/08\/Darilni-bon-18x8.jpg 18w, https:\/\/svetslik.si\/wp-content\/uploads\/2022\/08\/Darilni-bon-150x71.jpg 150w, https:\/\/svetslik.si\/wp-content\/uploads\/2022\/08\/Darilni-bon-900x425.jpg 900w\" sizes=\"(max-width: 1240px) 100vw, 1240px\" \/><\/div>\t\t\t\t\t\t\t\t\t\t\t\t\t\t\t\t\t\t\t\t\t\t\t<\/div>\n\t\t\t\t\t\t\t\t\t\t\t<\/div>\n\t\t\t\t\n\t\t\t\t\t<\/div>\n\t[\/vc_column][\/vc_row][vc_row][vc_column][\/vc_column][\/vc_row]\n<\/div>","protected":false},"excerpt":{"rendered":"<p>[vc_row][vc_column][vc_column_text] GESCHENKGUTSCHEIN und WERTGUTSCHEIN Wir bieten Ihnen die M\u00f6glichkeit, ZWEI Arten von Gutscheinen zu erstellen: &nbsp; WERTGUTSCHEIN F\u00dcR DEN KAUF EINES KUNSTGEM\u00c4LDES Wenn Sie die Auswahl des Gem\u00e4ldes dem Beschenkten \u00fcberlassen m\u00f6chten, schenken Sie einen WERTGUTSCHEIN F\u00dcR EIN GEM\u00c4LDE, der den gew\u00fcnschten Betrag und den Gutscheinwertcode enth\u00e4lt. Bestellen Sie den [&hellip;]<\/p>\n","protected":false},"featured_media":64941,"template":"","meta":{"_acf_changed":false},"product_brand":[],"product_cat":[8438],"product_tag":[],"class_list":{"0":"post-73381","1":"product","2":"type-product","3":"status-publish","4":"has-post-thumbnail","6":"product_cat-geschenkgutschein","7":"product_shipping_class-posiljanje-za-darilni-bon-de","8":"pa_dimenzija-20-x-25-cm-de","9":"pa_dimenzija-30-x-40-cm-de","10":"pa_dimenzija-40-x-60-cm-de","11":"pa_dimenzija-90-x-120-cm-de","12":"pa_oblika-horizontal-de","14":"first","15":"instock","16":"purchasable","17":"product-type-variable","18":"has-default-attributes"},"acf":[],"yoast_head":"<!-- This site is optimized with the Yoast SEO Premium plugin v26.0 (Yoast SEO v27.2) - https:\/\/yoast.com\/product\/yoast-seo-premium-wordpress\/ -->\n<title>Wertgutschein - SVETSLIK.SI - 100% handgemalt<\/title>\n<meta name=\"description\" content=\"Wertgutschein f\u00fcr handgemalte Kunstwerke. Die L\u00f6sung f\u00fcr alle, die den Geburtstag vergessen haben :) oder wenn die Lieferung des Bildes bis zum Datum nicht m\u00f6glich ist.\" \/>\n<meta name=\"robots\" content=\"index, follow, max-snippet:-1, max-image-preview:large, max-video-preview:-1\" \/>\n<link rel=\"canonical\" href=\"https:\/\/svetslik.si\/de\/geschenkgutschein\/wertgutschein\/\" \/>\n<meta property=\"og:locale\" content=\"de_DE\" \/>\n<meta property=\"og:type\" content=\"article\" \/>\n<meta property=\"og:title\" content=\"Wertgutschein\" \/>\n<meta property=\"og:description\" content=\"100% ro\u010dno naslikane slike na platnu, reprodukcije znanih slikarjev in umetni\u0161ke slike po naro\u010dilu.\" \/>\n<meta property=\"og:url\" content=\"https:\/\/svetslik.si\/de\/geschenkgutschein\/wertgutschein\/\" \/>\n<meta property=\"og:site_name\" content=\"SVETSLIK.SI\" \/>\n<meta property=\"article:publisher\" content=\"https:\/\/www.facebook.com\/svetslik.si\" \/>\n<meta property=\"article:modified_time\" content=\"2026-03-22T18:16:20+00:00\" \/>\n<meta property=\"og:image\" content=\"https:\/\/svetslik.si\/wp-content\/uploads\/2022\/08\/Vrednostni-bon2.jpg\" \/>\n\t<meta property=\"og:image:width\" content=\"1240\" \/>\n\t<meta property=\"og:image:height\" content=\"585\" \/>\n\t<meta property=\"og:image:type\" content=\"image\/jpeg\" \/>\n<meta name=\"twitter:card\" content=\"summary_large_image\" \/>\n<meta name=\"twitter:site\" content=\"@svetslik\" \/>\n<meta name=\"twitter:label1\" content=\"Verf\u00fcgbarkeit\" \/>\n\t<meta name=\"twitter:data1\" content=\"Auf Lager\" \/>\n<script type=\"application\/ld+json\" class=\"yoast-schema-graph\">{\"@context\":\"https:\/\/schema.org\",\"@graph\":[{\"@type\":[\"WebPage\",\"ItemPage\"],\"@id\":\"https:\/\/svetslik.si\/de\/geschenkgutschein\/wertgutschein\/\",\"url\":\"https:\/\/svetslik.si\/de\/geschenkgutschein\/wertgutschein\/\",\"name\":\"Wertgutschein - SVETSLIK.SI - 100% handgemalt\",\"isPartOf\":{\"@id\":\"https:\/\/svetslik.si\/de\/#website\"},\"primaryImageOfPage\":{\"@id\":\"https:\/\/svetslik.si\/de\/geschenkgutschein\/wertgutschein\/#primaryimage\"},\"image\":{\"@id\":\"https:\/\/svetslik.si\/de\/geschenkgutschein\/wertgutschein\/#primaryimage\"},\"thumbnailUrl\":\"https:\/\/svetslik.si\/wp-content\/uploads\/2022\/08\/Vrednostni-bon2.jpg\",\"datePublished\":\"2022-08-23T10:09:25+00:00\",\"dateModified\":\"2026-03-22T18:16:20+00:00\",\"description\":\"Wertgutschein f\u00fcr handgemalte Kunstwerke. Die L\u00f6sung f\u00fcr alle, die den Geburtstag vergessen haben :) oder wenn die Lieferung des Bildes bis zum Datum nicht m\u00f6glich ist.\",\"breadcrumb\":{\"@id\":\"https:\/\/svetslik.si\/de\/geschenkgutschein\/wertgutschein\/#breadcrumb\"},\"inLanguage\":\"de\",\"potentialAction\":[{\"@type\":\"ReadAction\",\"target\":[\"https:\/\/svetslik.si\/de\/geschenkgutschein\/wertgutschein\/\"]}]},{\"@type\":\"ImageObject\",\"inLanguage\":\"de\",\"@id\":\"https:\/\/svetslik.si\/de\/geschenkgutschein\/wertgutschein\/#primaryimage\",\"url\":\"https:\/\/svetslik.si\/wp-content\/uploads\/2022\/08\/Vrednostni-bon2.jpg\",\"contentUrl\":\"https:\/\/svetslik.si\/wp-content\/uploads\/2022\/08\/Vrednostni-bon2.jpg\",\"width\":1240,\"height\":585,\"caption\":\"Gutschein f\u00fcr ein Kunstgem\u00e4lde\"},{\"@type\":\"BreadcrumbList\",\"@id\":\"https:\/\/svetslik.si\/de\/geschenkgutschein\/wertgutschein\/#breadcrumb\",\"itemListElement\":[{\"@type\":\"ListItem\",\"position\":1,\"name\":\"Wandkunst und Gem\u00e4lde auf Leinwand\",\"item\":\"https:\/\/svetslik.si\/de\/\"},{\"@type\":\"ListItem\",\"position\":2,\"name\":\"Verkauf von Gem\u00e4lden\",\"item\":\"https:\/\/svetslik.si\/prodaja-slik\/\"},{\"@type\":\"ListItem\",\"position\":3,\"name\":\"Wertgutschein\"}]},{\"@type\":\"WebSite\",\"@id\":\"https:\/\/svetslik.si\/de\/#website\",\"url\":\"https:\/\/svetslik.si\/de\/\",\"name\":\"SVETSLIK.SI\",\"description\":\"100% handgemalte Reproduktionen von Gem\u00e4lden ber\u00fchmter Maler und Gem\u00e4lde auf Leinwand.\",\"publisher\":{\"@id\":\"https:\/\/svetslik.si\/de\/#organization\"},\"potentialAction\":[{\"@type\":\"SearchAction\",\"target\":{\"@type\":\"EntryPoint\",\"urlTemplate\":\"https:\/\/svetslik.si\/de\/?s={search_term_string}\"},\"query-input\":{\"@type\":\"PropertyValueSpecification\",\"valueRequired\":true,\"valueName\":\"search_term_string\"}}],\"inLanguage\":\"de\"},{\"@type\":\"Organization\",\"@id\":\"https:\/\/svetslik.si\/de\/#organization\",\"name\":\"SvetSlik.si\",\"url\":\"https:\/\/svetslik.si\/de\/\",\"logo\":{\"@type\":\"ImageObject\",\"inLanguage\":\"de\",\"@id\":\"https:\/\/svetslik.si\/de\/#\/schema\/logo\/image\/\",\"url\":\"https:\/\/svetslik.si\/wp-content\/uploads\/2020\/12\/logo-512.png\",\"contentUrl\":\"https:\/\/svetslik.si\/wp-content\/uploads\/2020\/12\/logo-512.png\",\"width\":512,\"height\":512,\"caption\":\"SvetSlik.si\"},\"image\":{\"@id\":\"https:\/\/svetslik.si\/de\/#\/schema\/logo\/image\/\"},\"sameAs\":[\"https:\/\/www.facebook.com\/svetslik.si\",\"https:\/\/x.com\/svetslik\",\"https:\/\/www.instagram.com\/svetslik.si\/\",\"https:\/\/www.linkedin.com\/company\/svetslik-si\"]}]}<\/script>\n<meta property=\"og:availability\" content=\"instock\" \/>\n<meta property=\"product:availability\" content=\"instock\" \/>\n<meta property=\"product:retailer_item_id\" content=\"824__-1\" \/>\n<meta property=\"product:condition\" content=\"new\" \/>\n<!-- \/ Yoast SEO Premium plugin. -->","yoast_head_json":{"title":"Wertgutschein - SVETSLIK.SI - 100% handgemalt","description":"Wertgutschein f\u00fcr handgemalte Kunstwerke. Die L\u00f6sung f\u00fcr alle, die den Geburtstag vergessen haben :) oder wenn die Lieferung des Bildes bis zum Datum nicht m\u00f6glich ist.","robots":{"index":"index","follow":"follow","max-snippet":"max-snippet:-1","max-image-preview":"max-image-preview:large","max-video-preview":"max-video-preview:-1"},"canonical":"https:\/\/svetslik.si\/de\/geschenkgutschein\/wertgutschein\/","og_locale":"de_DE","og_type":"article","og_title":"Wertgutschein","og_description":"100% ro\u010dno naslikane slike na platnu, reprodukcije znanih slikarjev in umetni\u0161ke slike po naro\u010dilu.","og_url":"https:\/\/svetslik.si\/de\/geschenkgutschein\/wertgutschein\/","og_site_name":"SVETSLIK.SI","article_publisher":"https:\/\/www.facebook.com\/svetslik.si","article_modified_time":"2026-03-22T18:16:20+00:00","og_image":[{"width":1240,"height":585,"url":"https:\/\/svetslik.si\/wp-content\/uploads\/2022\/08\/Vrednostni-bon2.jpg","type":"image\/jpeg"}],"twitter_card":"summary_large_image","twitter_site":"@svetslik","twitter_misc":{"Verf\u00fcgbarkeit":"Auf Lager"},"schema":{"@context":"https:\/\/schema.org","@graph":[{"@type":["WebPage","ItemPage"],"@id":"https:\/\/svetslik.si\/de\/geschenkgutschein\/wertgutschein\/","url":"https:\/\/svetslik.si\/de\/geschenkgutschein\/wertgutschein\/","name":"Wertgutschein - SVETSLIK.SI - 100% handgemalt","isPartOf":{"@id":"https:\/\/svetslik.si\/de\/#website"},"primaryImageOfPage":{"@id":"https:\/\/svetslik.si\/de\/geschenkgutschein\/wertgutschein\/#primaryimage"},"image":{"@id":"https:\/\/svetslik.si\/de\/geschenkgutschein\/wertgutschein\/#primaryimage"},"thumbnailUrl":"https:\/\/svetslik.si\/wp-content\/uploads\/2022\/08\/Vrednostni-bon2.jpg","datePublished":"2022-08-23T10:09:25+00:00","dateModified":"2026-03-22T18:16:20+00:00","description":"Wertgutschein f\u00fcr handgemalte Kunstwerke. Die L\u00f6sung f\u00fcr alle, die den Geburtstag vergessen haben :) oder wenn die Lieferung des Bildes bis zum Datum nicht m\u00f6glich ist.","breadcrumb":{"@id":"https:\/\/svetslik.si\/de\/geschenkgutschein\/wertgutschein\/#breadcrumb"},"inLanguage":"de","potentialAction":[{"@type":"ReadAction","target":["https:\/\/svetslik.si\/de\/geschenkgutschein\/wertgutschein\/"]}]},{"@type":"ImageObject","inLanguage":"de","@id":"https:\/\/svetslik.si\/de\/geschenkgutschein\/wertgutschein\/#primaryimage","url":"https:\/\/svetslik.si\/wp-content\/uploads\/2022\/08\/Vrednostni-bon2.jpg","contentUrl":"https:\/\/svetslik.si\/wp-content\/uploads\/2022\/08\/Vrednostni-bon2.jpg","width":1240,"height":585,"caption":"Gutschein f\u00fcr ein Kunstgem\u00e4lde"},{"@type":"BreadcrumbList","@id":"https:\/\/svetslik.si\/de\/geschenkgutschein\/wertgutschein\/#breadcrumb","itemListElement":[{"@type":"ListItem","position":1,"name":"Wandkunst und Gem\u00e4lde auf Leinwand","item":"https:\/\/svetslik.si\/de\/"},{"@type":"ListItem","position":2,"name":"Verkauf von Gem\u00e4lden","item":"https:\/\/svetslik.si\/prodaja-slik\/"},{"@type":"ListItem","position":3,"name":"Wertgutschein"}]},{"@type":"WebSite","@id":"https:\/\/svetslik.si\/de\/#website","url":"https:\/\/svetslik.si\/de\/","name":"SVETSLIK.SI","description":"100% handgemalte Reproduktionen von Gem\u00e4lden ber\u00fchmter Maler und Gem\u00e4lde auf Leinwand.","publisher":{"@id":"https:\/\/svetslik.si\/de\/#organization"},"potentialAction":[{"@type":"SearchAction","target":{"@type":"EntryPoint","urlTemplate":"https:\/\/svetslik.si\/de\/?s={search_term_string}"},"query-input":{"@type":"PropertyValueSpecification","valueRequired":true,"valueName":"search_term_string"}}],"inLanguage":"de"},{"@type":"Organization","@id":"https:\/\/svetslik.si\/de\/#organization","name":"SvetSlik.si","url":"https:\/\/svetslik.si\/de\/","logo":{"@type":"ImageObject","inLanguage":"de","@id":"https:\/\/svetslik.si\/de\/#\/schema\/logo\/image\/","url":"https:\/\/svetslik.si\/wp-content\/uploads\/2020\/12\/logo-512.png","contentUrl":"https:\/\/svetslik.si\/wp-content\/uploads\/2020\/12\/logo-512.png","width":512,"height":512,"caption":"SvetSlik.si"},"image":{"@id":"https:\/\/svetslik.si\/de\/#\/schema\/logo\/image\/"},"sameAs":["https:\/\/www.facebook.com\/svetslik.si","https:\/\/x.com\/svetslik","https:\/\/www.instagram.com\/svetslik.si\/","https:\/\/www.linkedin.com\/company\/svetslik-si"]}]},"og_availability":"instock","product_availability":"instock","product_retailer_item_id":"824__-1","product_condition":"new"},"jetpack_sharing_enabled":true,"_links":{"self":[{"href":"https:\/\/svetslik.si\/de\/wp-json\/wp\/v2\/product\/73381","targetHints":{"allow":["GET"]}}],"collection":[{"href":"https:\/\/svetslik.si\/de\/wp-json\/wp\/v2\/product"}],"about":[{"href":"https:\/\/svetslik.si\/de\/wp-json\/wp\/v2\/types\/product"}],"wp:featuredmedia":[{"embeddable":true,"href":"https:\/\/svetslik.si\/de\/wp-json\/wp\/v2\/media\/64941"}],"wp:attachment":[{"href":"https:\/\/svetslik.si\/de\/wp-json\/wp\/v2\/media?parent=73381"}],"wp:term":[{"taxonomy":"product_brand","embeddable":true,"href":"https:\/\/svetslik.si\/de\/wp-json\/wp\/v2\/product_brand?post=73381"},{"taxonomy":"product_cat","embeddable":true,"href":"https:\/\/svetslik.si\/de\/wp-json\/wp\/v2\/product_cat?post=73381"},{"taxonomy":"product_tag","embeddable":true,"href":"https:\/\/svetslik.si\/de\/wp-json\/wp\/v2\/product_tag?post=73381"}],"curies":[{"name":"wp","href":"https:\/\/api.w.org\/{rel}","templated":true}]}}