{"id":73464,"date":"2022-08-25T12:01:07","date_gmt":"2022-08-25T10:01:07","guid":{"rendered":"https:\/\/svetslik.si\/unkategorisiert\/dvodelne-slike-na-platnu-d125-1\/"},"modified":"2023-06-03T08:55:07","modified_gmt":"2023-06-03T06:55:07","slug":"zweiteilige-leinwandbilder-d125-1","status":"publish","type":"product","link":"https:\/\/svetslik.si\/de\/leinwandbilder-zweiteilig\/zweiteilige-leinwandbilder-d125-1\/","title":{"rendered":"Zweiteilige Leinwandbilder &#8211; D125-1"},"content":{"rendered":"<div class=\"wpb-content-wrapper\">[vc_row css=&#8221;.vc_custom_1661420408540{margin-bottom: 10px !important;}&#8221;][vc_column]\t<div class=\"et-image-909 et-image     et_image_link\">\n\t\t<div class=\"et-image-inner \">\n\t\t\t\t\t\t\t<div class=\"et-image-thumb \">\n\t\t\t\t\t<img decoding=\"async\" width=\"800\" height=\"741\" src=\"https:\/\/svetslik.si\/wp-content\/uploads\/2022\/08\/dvodelne-slike-na-platnu-D125.jpg\" class=\"attachment-full\" alt=\"Zweiteilige Leinwandbilder - D125-1, Gem\u00e4lde, Leinwandbilder\" title=\"Zweiteilige Leinwandbilder - D125-1, Gem\u00e4lde, Leinwandbilder\" srcset=\"https:\/\/svetslik.si\/wp-content\/uploads\/2022\/08\/dvodelne-slike-na-platnu-D125.jpg 800w, https:\/\/svetslik.si\/wp-content\/uploads\/2022\/08\/dvodelne-slike-na-platnu-D125-600x556.jpg 600w, https:\/\/svetslik.si\/wp-content\/uploads\/2022\/08\/dvodelne-slike-na-platnu-D125-300x278.jpg 300w, https:\/\/svetslik.si\/wp-content\/uploads\/2022\/08\/dvodelne-slike-na-platnu-D125-768x711.jpg 768w, https:\/\/svetslik.si\/wp-content\/uploads\/2022\/08\/dvodelne-slike-na-platnu-D125-13x12.jpg 13w, https:\/\/svetslik.si\/wp-content\/uploads\/2022\/08\/dvodelne-slike-na-platnu-D125-150x139.jpg 150w\" sizes=\"(max-width: 800px) 100vw, 800px\" \/>\t\t\t\t<\/div>\n\t\t\t\t\t\t\t\t\t\t\t<\/div>\n\t<\/div>\n  [\/vc_column][\/vc_row]\n<\/div>","protected":false},"excerpt":{"rendered":"<p>[vc_row css=&#8221;.vc_custom_1661420408540{margin-bottom: 10px !important;}&#8221;][vc_column][\/vc_column][\/vc_row]<\/p>\n","protected":false},"featured_media":65004,"template":"","meta":{"_acf_changed":false},"product_brand":[],"product_cat":[8470],"product_tag":[8477,8522,8523,8774,8776,8499,8775,8486],"class_list":{"0":"post-73464","1":"product","2":"type-product","3":"status-publish","4":"has-post-thumbnail","6":"product_cat-leinwandbilder-zweiteilig","7":"product_tag-abstrakte-gemaelde-de","8":"product_tag-gemaelde-auf-leinwand","9":"product_tag-gemaelde-fuer-das-wohnzimmer","10":"product_tag-gemalde-fur-wohnzimmer-3","11":"product_tag-mehrteilige-gemalde","12":"product_tag-moderne-gemalde-de","13":"product_tag-wandgemalde-1","14":"product_tag-zweiteilige-bilder","15":"pa_dimenzija-100-cm-x-140-cm-2-x-100-x-70-de","16":"pa_dimenzija-70-cm-x-100-cm-2-x-70-x-50-de","17":"pa_dimenzija-75-cm-x-110-cm-2-x-75-x-55-de","18":"pa_dimenzija-85-cm-x-120-cm-2-x-85-x-60-de","19":"pa_dimenzija-90-cm-x-130-cm-2-x-90-x-65-de","20":"pa_oblika-horizontal-de","21":"pa_pod-okvir-im-preis-inbegriffen","22":"pa_podokvir-ja","23":"pa_podokvir-nein","25":"first","26":"onbackorder","27":"purchasable","28":"product-type-variable"},"acf":[],"yoast_head":"<!-- This site is optimized with the Yoast SEO Premium plugin v26.0 (Yoast SEO v27.2) - https:\/\/yoast.com\/product\/yoast-seo-premium-wordpress\/ -->\n<title>Zweiteilige Leinwandbilder - D125-1 - SVETSLIK.SI - 100% handgemalt<\/title>\n<meta name=\"description\" content=\"Zweiteilige Leinwandbilder - D125-1 - 100% handgemalte Leinwandbilder. Verkauf von abstrakter Kunst, modernen Gem\u00e4lden, Reproduktionen bekannter Maler, individuelle Anfertigung von Gem\u00e4lden und Bilderrahmung.\" \/>\n<meta name=\"robots\" content=\"index, follow, max-snippet:-1, max-image-preview:large, max-video-preview:-1\" \/>\n<link rel=\"canonical\" href=\"https:\/\/svetslik.si\/de\/leinwandbilder-zweiteilig\/zweiteilige-leinwandbilder-d125-1\/\" \/>\n<meta property=\"og:locale\" content=\"de_DE\" \/>\n<meta property=\"og:type\" content=\"article\" \/>\n<meta property=\"og:title\" content=\"Zweiteilige Leinwandbilder - D125-1\" \/>\n<meta property=\"og:description\" content=\"100% ro\u010dno naslikane slike na platnu, reprodukcije znanih slikarjev in umetni\u0161ke slike po naro\u010dilu.\" \/>\n<meta property=\"og:url\" content=\"https:\/\/svetslik.si\/de\/leinwandbilder-zweiteilig\/zweiteilige-leinwandbilder-d125-1\/\" \/>\n<meta property=\"og:site_name\" content=\"SVETSLIK.SI\" \/>\n<meta property=\"article:publisher\" content=\"https:\/\/www.facebook.com\/svetslik.si\" \/>\n<meta property=\"article:modified_time\" content=\"2023-06-03T06:55:07+00:00\" \/>\n<meta property=\"og:image\" content=\"https:\/\/svetslik.si\/wp-content\/uploads\/2022\/08\/dvodelne-slike-na-platnu-D125-1.png\" \/>\n\t<meta property=\"og:image:width\" content=\"1000\" \/>\n\t<meta property=\"og:image:height\" content=\"672\" \/>\n\t<meta property=\"og:image:type\" content=\"image\/png\" \/>\n<meta name=\"twitter:card\" content=\"summary_large_image\" \/>\n<meta name=\"twitter:site\" content=\"@svetslik\" \/>\n<meta name=\"twitter:label1\" content=\"Verf\u00fcgbarkeit\" \/>\n\t<meta name=\"twitter:data1\" content=\"bei Nachbestellung\" \/>\n<script type=\"application\/ld+json\" class=\"yoast-schema-graph\">{\"@context\":\"https:\/\/schema.org\",\"@graph\":[{\"@type\":[\"WebPage\",\"ItemPage\"],\"@id\":\"https:\/\/svetslik.si\/de\/leinwandbilder-zweiteilig\/zweiteilige-leinwandbilder-d125-1\/\",\"url\":\"https:\/\/svetslik.si\/de\/leinwandbilder-zweiteilig\/zweiteilige-leinwandbilder-d125-1\/\",\"name\":\"Zweiteilige Leinwandbilder - D125-1 - SVETSLIK.SI - 100% handgemalt\",\"isPartOf\":{\"@id\":\"https:\/\/svetslik.si\/de\/#website\"},\"primaryImageOfPage\":{\"@id\":\"https:\/\/svetslik.si\/de\/leinwandbilder-zweiteilig\/zweiteilige-leinwandbilder-d125-1\/#primaryimage\"},\"image\":{\"@id\":\"https:\/\/svetslik.si\/de\/leinwandbilder-zweiteilig\/zweiteilige-leinwandbilder-d125-1\/#primaryimage\"},\"thumbnailUrl\":\"https:\/\/svetslik.si\/wp-content\/uploads\/2022\/08\/dvodelne-slike-na-platnu-D125-1.png\",\"datePublished\":\"2022-08-25T10:01:07+00:00\",\"dateModified\":\"2023-06-03T06:55:07+00:00\",\"description\":\"Zweiteilige Leinwandbilder - D125-1 - 100% handgemalte Leinwandbilder. Verkauf von abstrakter Kunst, modernen Gem\u00e4lden, Reproduktionen bekannter Maler, individuelle Anfertigung von Gem\u00e4lden und Bilderrahmung.\",\"breadcrumb\":{\"@id\":\"https:\/\/svetslik.si\/de\/leinwandbilder-zweiteilig\/zweiteilige-leinwandbilder-d125-1\/#breadcrumb\"},\"inLanguage\":\"de\",\"potentialAction\":[{\"@type\":\"ReadAction\",\"target\":[\"https:\/\/svetslik.si\/de\/leinwandbilder-zweiteilig\/zweiteilige-leinwandbilder-d125-1\/\"]}]},{\"@type\":\"ImageObject\",\"inLanguage\":\"de\",\"@id\":\"https:\/\/svetslik.si\/de\/leinwandbilder-zweiteilig\/zweiteilige-leinwandbilder-d125-1\/#primaryimage\",\"url\":\"https:\/\/svetslik.si\/wp-content\/uploads\/2022\/08\/dvodelne-slike-na-platnu-D125-1.png\",\"contentUrl\":\"https:\/\/svetslik.si\/wp-content\/uploads\/2022\/08\/dvodelne-slike-na-platnu-D125-1.png\",\"width\":1000,\"height\":672,\"caption\":\"Zweiteilige Leinwandbilder - D125-1, Gem\u00e4lde, Leinwandbilder - 100% handgemalte - abstrakter Kunst - gem\u00e4lde kaufen - modernen Gem\u00e4lden - wandbilder wohnzimmer - ber\u00fchmtes gem\u00e4lde - \u00f6lgem\u00e4lde - bilderrahmen\"},{\"@type\":\"BreadcrumbList\",\"@id\":\"https:\/\/svetslik.si\/de\/leinwandbilder-zweiteilig\/zweiteilige-leinwandbilder-d125-1\/#breadcrumb\",\"itemListElement\":[{\"@type\":\"ListItem\",\"position\":1,\"name\":\"Wandkunst und Gem\u00e4lde auf Leinwand\",\"item\":\"https:\/\/svetslik.si\/de\/\"},{\"@type\":\"ListItem\",\"position\":2,\"name\":\"Verkauf von Gem\u00e4lden\",\"item\":\"https:\/\/svetslik.si\/prodaja-slik\/\"},{\"@type\":\"ListItem\",\"position\":3,\"name\":\"Zweiteilige Leinwandbilder &#8211; D125-1\"}]},{\"@type\":\"WebSite\",\"@id\":\"https:\/\/svetslik.si\/de\/#website\",\"url\":\"https:\/\/svetslik.si\/de\/\",\"name\":\"SVETSLIK.SI\",\"description\":\"100% handgemalte Reproduktionen von Gem\u00e4lden ber\u00fchmter Maler und Gem\u00e4lde auf Leinwand.\",\"publisher\":{\"@id\":\"https:\/\/svetslik.si\/de\/#organization\"},\"potentialAction\":[{\"@type\":\"SearchAction\",\"target\":{\"@type\":\"EntryPoint\",\"urlTemplate\":\"https:\/\/svetslik.si\/de\/?s={search_term_string}\"},\"query-input\":{\"@type\":\"PropertyValueSpecification\",\"valueRequired\":true,\"valueName\":\"search_term_string\"}}],\"inLanguage\":\"de\"},{\"@type\":\"Organization\",\"@id\":\"https:\/\/svetslik.si\/de\/#organization\",\"name\":\"SvetSlik.si\",\"url\":\"https:\/\/svetslik.si\/de\/\",\"logo\":{\"@type\":\"ImageObject\",\"inLanguage\":\"de\",\"@id\":\"https:\/\/svetslik.si\/de\/#\/schema\/logo\/image\/\",\"url\":\"https:\/\/svetslik.si\/wp-content\/uploads\/2020\/12\/logo-512.png\",\"contentUrl\":\"https:\/\/svetslik.si\/wp-content\/uploads\/2020\/12\/logo-512.png\",\"width\":512,\"height\":512,\"caption\":\"SvetSlik.si\"},\"image\":{\"@id\":\"https:\/\/svetslik.si\/de\/#\/schema\/logo\/image\/\"},\"sameAs\":[\"https:\/\/www.facebook.com\/svetslik.si\",\"https:\/\/x.com\/svetslik\",\"https:\/\/www.instagram.com\/svetslik.si\/\",\"https:\/\/www.linkedin.com\/company\/svetslik-si\"]}]}<\/script>\n<meta property=\"og:availability\" content=\"backorder\" \/>\n<meta property=\"product:availability\" content=\"available for order\" \/>\n<meta property=\"product:retailer_item_id\" content=\"979__-1-1\" \/>\n<meta property=\"product:condition\" content=\"new\" \/>\n<!-- \/ Yoast SEO Premium plugin. -->","yoast_head_json":{"title":"Zweiteilige Leinwandbilder - D125-1 - SVETSLIK.SI - 100% handgemalt","description":"Zweiteilige Leinwandbilder - D125-1 - 100% handgemalte Leinwandbilder. Verkauf von abstrakter Kunst, modernen Gem\u00e4lden, Reproduktionen bekannter Maler, individuelle Anfertigung von Gem\u00e4lden und Bilderrahmung.","robots":{"index":"index","follow":"follow","max-snippet":"max-snippet:-1","max-image-preview":"max-image-preview:large","max-video-preview":"max-video-preview:-1"},"canonical":"https:\/\/svetslik.si\/de\/leinwandbilder-zweiteilig\/zweiteilige-leinwandbilder-d125-1\/","og_locale":"de_DE","og_type":"article","og_title":"Zweiteilige Leinwandbilder - D125-1","og_description":"100% ro\u010dno naslikane slike na platnu, reprodukcije znanih slikarjev in umetni\u0161ke slike po naro\u010dilu.","og_url":"https:\/\/svetslik.si\/de\/leinwandbilder-zweiteilig\/zweiteilige-leinwandbilder-d125-1\/","og_site_name":"SVETSLIK.SI","article_publisher":"https:\/\/www.facebook.com\/svetslik.si","article_modified_time":"2023-06-03T06:55:07+00:00","og_image":[{"width":1000,"height":672,"url":"https:\/\/svetslik.si\/wp-content\/uploads\/2022\/08\/dvodelne-slike-na-platnu-D125-1.png","type":"image\/png"}],"twitter_card":"summary_large_image","twitter_site":"@svetslik","twitter_misc":{"Verf\u00fcgbarkeit":"bei Nachbestellung"},"schema":{"@context":"https:\/\/schema.org","@graph":[{"@type":["WebPage","ItemPage"],"@id":"https:\/\/svetslik.si\/de\/leinwandbilder-zweiteilig\/zweiteilige-leinwandbilder-d125-1\/","url":"https:\/\/svetslik.si\/de\/leinwandbilder-zweiteilig\/zweiteilige-leinwandbilder-d125-1\/","name":"Zweiteilige Leinwandbilder - D125-1 - SVETSLIK.SI - 100% handgemalt","isPartOf":{"@id":"https:\/\/svetslik.si\/de\/#website"},"primaryImageOfPage":{"@id":"https:\/\/svetslik.si\/de\/leinwandbilder-zweiteilig\/zweiteilige-leinwandbilder-d125-1\/#primaryimage"},"image":{"@id":"https:\/\/svetslik.si\/de\/leinwandbilder-zweiteilig\/zweiteilige-leinwandbilder-d125-1\/#primaryimage"},"thumbnailUrl":"https:\/\/svetslik.si\/wp-content\/uploads\/2022\/08\/dvodelne-slike-na-platnu-D125-1.png","datePublished":"2022-08-25T10:01:07+00:00","dateModified":"2023-06-03T06:55:07+00:00","description":"Zweiteilige Leinwandbilder - D125-1 - 100% handgemalte Leinwandbilder. Verkauf von abstrakter Kunst, modernen Gem\u00e4lden, Reproduktionen bekannter Maler, individuelle Anfertigung von Gem\u00e4lden und Bilderrahmung.","breadcrumb":{"@id":"https:\/\/svetslik.si\/de\/leinwandbilder-zweiteilig\/zweiteilige-leinwandbilder-d125-1\/#breadcrumb"},"inLanguage":"de","potentialAction":[{"@type":"ReadAction","target":["https:\/\/svetslik.si\/de\/leinwandbilder-zweiteilig\/zweiteilige-leinwandbilder-d125-1\/"]}]},{"@type":"ImageObject","inLanguage":"de","@id":"https:\/\/svetslik.si\/de\/leinwandbilder-zweiteilig\/zweiteilige-leinwandbilder-d125-1\/#primaryimage","url":"https:\/\/svetslik.si\/wp-content\/uploads\/2022\/08\/dvodelne-slike-na-platnu-D125-1.png","contentUrl":"https:\/\/svetslik.si\/wp-content\/uploads\/2022\/08\/dvodelne-slike-na-platnu-D125-1.png","width":1000,"height":672,"caption":"Zweiteilige Leinwandbilder - D125-1, Gem\u00e4lde, Leinwandbilder - 100% handgemalte - abstrakter Kunst - gem\u00e4lde kaufen - modernen Gem\u00e4lden - wandbilder wohnzimmer - ber\u00fchmtes gem\u00e4lde - \u00f6lgem\u00e4lde - bilderrahmen"},{"@type":"BreadcrumbList","@id":"https:\/\/svetslik.si\/de\/leinwandbilder-zweiteilig\/zweiteilige-leinwandbilder-d125-1\/#breadcrumb","itemListElement":[{"@type":"ListItem","position":1,"name":"Wandkunst und Gem\u00e4lde auf Leinwand","item":"https:\/\/svetslik.si\/de\/"},{"@type":"ListItem","position":2,"name":"Verkauf von Gem\u00e4lden","item":"https:\/\/svetslik.si\/prodaja-slik\/"},{"@type":"ListItem","position":3,"name":"Zweiteilige Leinwandbilder &#8211; D125-1"}]},{"@type":"WebSite","@id":"https:\/\/svetslik.si\/de\/#website","url":"https:\/\/svetslik.si\/de\/","name":"SVETSLIK.SI","description":"100% handgemalte Reproduktionen von Gem\u00e4lden ber\u00fchmter Maler und Gem\u00e4lde auf Leinwand.","publisher":{"@id":"https:\/\/svetslik.si\/de\/#organization"},"potentialAction":[{"@type":"SearchAction","target":{"@type":"EntryPoint","urlTemplate":"https:\/\/svetslik.si\/de\/?s={search_term_string}"},"query-input":{"@type":"PropertyValueSpecification","valueRequired":true,"valueName":"search_term_string"}}],"inLanguage":"de"},{"@type":"Organization","@id":"https:\/\/svetslik.si\/de\/#organization","name":"SvetSlik.si","url":"https:\/\/svetslik.si\/de\/","logo":{"@type":"ImageObject","inLanguage":"de","@id":"https:\/\/svetslik.si\/de\/#\/schema\/logo\/image\/","url":"https:\/\/svetslik.si\/wp-content\/uploads\/2020\/12\/logo-512.png","contentUrl":"https:\/\/svetslik.si\/wp-content\/uploads\/2020\/12\/logo-512.png","width":512,"height":512,"caption":"SvetSlik.si"},"image":{"@id":"https:\/\/svetslik.si\/de\/#\/schema\/logo\/image\/"},"sameAs":["https:\/\/www.facebook.com\/svetslik.si","https:\/\/x.com\/svetslik","https:\/\/www.instagram.com\/svetslik.si\/","https:\/\/www.linkedin.com\/company\/svetslik-si"]}]},"og_availability":"backorder","product_availability":"available for order","product_retailer_item_id":"979__-1-1","product_condition":"new"},"jetpack_sharing_enabled":true,"_links":{"self":[{"href":"https:\/\/svetslik.si\/de\/wp-json\/wp\/v2\/product\/73464","targetHints":{"allow":["GET"]}}],"collection":[{"href":"https:\/\/svetslik.si\/de\/wp-json\/wp\/v2\/product"}],"about":[{"href":"https:\/\/svetslik.si\/de\/wp-json\/wp\/v2\/types\/product"}],"wp:featuredmedia":[{"embeddable":true,"href":"https:\/\/svetslik.si\/de\/wp-json\/wp\/v2\/media\/65004"}],"wp:attachment":[{"href":"https:\/\/svetslik.si\/de\/wp-json\/wp\/v2\/media?parent=73464"}],"wp:term":[{"taxonomy":"product_brand","embeddable":true,"href":"https:\/\/svetslik.si\/de\/wp-json\/wp\/v2\/product_brand?post=73464"},{"taxonomy":"product_cat","embeddable":true,"href":"https:\/\/svetslik.si\/de\/wp-json\/wp\/v2\/product_cat?post=73464"},{"taxonomy":"product_tag","embeddable":true,"href":"https:\/\/svetslik.si\/de\/wp-json\/wp\/v2\/product_tag?post=73464"}],"curies":[{"name":"wp","href":"https:\/\/api.w.org\/{rel}","templated":true}]}}