{"id":73841,"date":"2022-10-20T17:42:33","date_gmt":"2022-10-20T15:42:33","guid":{"rendered":"https:\/\/svetslik.si\/unkategorisiert\/mark-rothko-blue-green-blue\/"},"modified":"2024-07-04T17:03:24","modified_gmt":"2024-07-04T15:03:24","slug":"mark-rothko-blue-green-blue","status":"publish","type":"product","link":"https:\/\/svetslik.si\/de\/mark-rothko-de\/mark-rothko-blue-green-blue\/","title":{"rendered":"Mark Rothko &#8211; Blue, Green, Blue"},"content":{"rendered":"<h1>Mark Rothko \u2013 Blau, Gr\u00fcn, Blau<\/h1>\n<p>&nbsp;<\/p>\n<table style=\"width: 673px\" border=\"0\" width=\"673\" cellpadding=\"0\">\n<tbody>\n<tr>\n<td style=\"width: 180px;height: 21px\" height=\"21\">Erstellungsjahr:<\/td>\n<td style=\"width: 493px\">1969<\/td>\n<\/tr>\n<tr>\n<td style=\"width: 180px;height: 21px\" height=\"21\">Originalgr\u00f6\u00dfe:<\/td>\n<td style=\"width: 493px\">123 cm x 103 cm<\/td>\n<\/tr>\n<tr>\n<td style=\"width: 180px;height: 21px\" height=\"21\">Lackstil:<\/td>\n<td style=\"width: 493px\">Abstraktion<\/td>\n<\/tr>\n<tr>\n<td style=\"width: 180px;height: 21px\" height=\"21\">Originaltechnik:<\/td>\n<td>\u00d6l auf Leinwand<\/td>\n<\/tr>\n<tr>\n<td style=\"width: 180px;height: 21px\" height=\"21\">Standort:<\/td>\n<td><em>Washington<\/em><\/td>\n<\/tr>\n<\/tbody>\n<colgroup>\n<col \/>\n<col \/> <\/colgroup>\n<\/table>\n<p>&nbsp;<\/p>\n<p>Eines seiner bekanntesten Werke ist \u201eBlue, Green, Blue\u201c, auch bekannt als Nr. 61.<\/p>\n<p>\u201eBlue, Green, Blue\u201c ist ein Gem\u00e4lde mit drei gro\u00dfen Rechtecken aus Blau, Gr\u00fcn und Blau, die vertikal auf der Leinwand angeordnet sind. Die blauen und gr\u00fcnen Rechtecke sind durch ein d\u00fcnnes wei\u00dfes Band getrennt, was dem Gem\u00e4lde ein Gef\u00fchl von Bewegung und Tiefe verleiht . Die Wahl der Farben und die Platzierung der Rechtecke werden sorgf\u00e4ltig durchdacht, um ein Gef\u00fchl von Harmonie und Ausgewogenheit in der Komposition zu schaffen.<\/p>\n<p>Das Gem\u00e4lde entstand 1953 und gilt als eines der kraftvollsten und markantesten Werke Rothkos. Es ist ein atemberaubendes Werk, das Rothkos F\u00e4higkeit demonstriert, Farbe zu nutzen, um einem Bild ein Gef\u00fchl von Tiefe und Bewegung zu verleihen. Die Verwendung von blauen, gr\u00fcnen und blauen Rechtecken erzeugt ein Gef\u00fchl der Gelassenheit und eine besinnliche Stimmung.<\/p>\n<p>Rothkos Werke sind bekannt f\u00fcr ihre emotionale Wirkung und ihre F\u00e4higkeit, beim Betrachter ein Gef\u00fchl der Kontemplation hervorzurufen. \u201eBlau, Gr\u00fcn, Blau\u201c ist keine Ausnahme, denn die Einfachheit der Komposition und die Verwendung von nur drei Farben, Blau, Gr\u00fcn und Blau, machen es zu einem starken und eindrucksvollen Bild.<\/p>\n<p>\u201eBlue, Green, Blue\u201c befindet sich derzeit in der Sammlung des Museum of Fine Arts in Houston, USA, und gilt als eines der wichtigsten Werke in Rothkos Karriere. Sie wird immer noch von Kunstliebhabern und Kritikern gleicherma\u00dfen gefeiert und bewundert.<\/p>\n<p>Kurz gesagt, \u201eBlue, Green, Blue\u201c ist ein Gem\u00e4lde von Mark Rothko, einem amerikanischen Maler, der einer der f\u00fchrenden Vertreter der Farbfeldbewegung war. Dies ist eines seiner ber\u00fchmtesten Werke, das f\u00fcr seine kraftvolle und suggestive Komposition bekannt ist. Es demonstriert Rothkos F\u00e4higkeit, Farbe zu nutzen, um einem Gem\u00e4lde ein Gef\u00fchl von Tiefe und Bewegung zu verleihen, und wird immer noch von Kunstliebhabern und Kritikern gleicherma\u00dfen gefeiert und bewundert. Es gilt als eines der wichtigsten Werke in Rothkos Karriere.<\/p>\n","protected":false},"excerpt":{"rendered":"<p>Mark Rothko \u2013 Blau, Gr\u00fcn, Blau &nbsp; Erstellungsjahr: 1969 Originalgr\u00f6\u00dfe: 123 cm x 103 cm Lackstil: Abstraktion Originaltechnik: \u00d6l auf Leinwand Standort: Washington &nbsp; Eines seiner bekanntesten Werke ist \u201eBlue, Green, Blue\u201c, auch bekannt als Nr. 61. \u201eBlue, Green, Blue\u201c ist ein Gem\u00e4lde mit drei gro\u00dfen Rechtecken aus Blau, Gr\u00fcn [&hellip;]<\/p>\n","protected":false},"featured_media":65167,"template":"","meta":{"_acf_changed":false},"product_brand":[],"product_cat":[8450],"product_tag":[8521,8513,8514,8516],"class_list":{"0":"post-73841","1":"product","2":"type-product","3":"status-publish","4":"has-post-thumbnail","6":"product_cat-mark-rothko-de","7":"product_tag-maler","8":"product_tag-reproduktion","9":"product_tag-reproduktionen","10":"product_tag-rothko-de","11":"pa_dimenzija-100-cm-x-86-cm-de","12":"pa_dimenzija-110-cm-x-94-cm-de","13":"pa_dimenzija-120-cm-x-102-cm-de","14":"pa_dimenzija-123-cm-x-103-cm-de","15":"pa_dimenzija-130-cm-x-110-cm-de","16":"pa_dimenzija-150-cm-x-126-cm-de","17":"pa_dimenzija-175-cm-x-147-cm-de","18":"pa_dimenzija-200-cm-x-168-cm-de","19":"pa_dimenzija-250-cm-x-210-cm-de","20":"pa_dimenzija-40-cm-x-36-cm-de","21":"pa_dimenzija-50-cm-x-45-cm-de","22":"pa_dimenzija-60-cm-x-54-cm-de","23":"pa_dimenzija-70-cm-x-62-cm-de","24":"pa_dimenzija-80-cm-x-70-cm-de","25":"pa_dimenzija-90-cm-x-78-cm-de","26":"pa_oblika-vertikal","27":"pa_okvir-ohne-rahmen","28":"pa_podokvir-ja","29":"pa_podokvir-nein","31":"first","32":"onbackorder","33":"purchasable","34":"product-type-variable","35":"has-default-attributes"},"acf":[],"yoast_head":"<!-- This site is optimized with the Yoast SEO Premium plugin v26.0 (Yoast SEO v27.2) - https:\/\/yoast.com\/product\/yoast-seo-premium-wordpress\/ -->\n<title>Mark Rothko - Blue, Green, Blue - SVETSLIK.SI - 100% handgemalt<\/title>\n<meta name=\"description\" content=\"Mark Rothko - Blue, Green, Blue - 100% handgemalte Gem\u00e4lde - Verkauf von Reproduktionen ber\u00fchmter Gem\u00e4lde und abstrakter Kunst - Wandbilder f\u00fcr das Wohnzimmer\" \/>\n<meta name=\"robots\" content=\"index, follow, max-snippet:-1, max-image-preview:large, max-video-preview:-1\" \/>\n<link rel=\"canonical\" href=\"https:\/\/svetslik.si\/de\/mark-rothko-de\/mark-rothko-blue-green-blue\/\" \/>\n<meta property=\"og:locale\" content=\"de_DE\" \/>\n<meta property=\"og:type\" content=\"article\" \/>\n<meta property=\"og:title\" content=\"Mark Rothko - Blue, Green, Blue\" \/>\n<meta property=\"og:description\" content=\"100% ro\u010dno naslikane slike na platnu, reprodukcije znanih slikarjev in umetni\u0161ke slike po naro\u010dilu.\" \/>\n<meta property=\"og:url\" content=\"https:\/\/svetslik.si\/de\/mark-rothko-de\/mark-rothko-blue-green-blue\/\" \/>\n<meta property=\"og:site_name\" content=\"SVETSLIK.SI\" \/>\n<meta property=\"article:publisher\" content=\"https:\/\/www.facebook.com\/svetslik.si\" \/>\n<meta property=\"article:modified_time\" content=\"2024-07-04T15:03:24+00:00\" \/>\n<meta property=\"og:image\" content=\"https:\/\/svetslik.si\/wp-content\/uploads\/2022\/10\/MARK-ROTHKO-GREEN-BLUE-GREEN.jpg\" \/>\n\t<meta property=\"og:image:width\" content=\"1255\" \/>\n\t<meta property=\"og:image:height\" content=\"1500\" \/>\n\t<meta property=\"og:image:type\" content=\"image\/jpeg\" \/>\n<meta name=\"twitter:card\" content=\"summary_large_image\" \/>\n<meta name=\"twitter:site\" content=\"@svetslik\" \/>\n<meta name=\"twitter:label1\" content=\"Verf\u00fcgbarkeit\" \/>\n\t<meta name=\"twitter:data1\" content=\"bei Nachbestellung\" \/>\n<script type=\"application\/ld+json\" class=\"yoast-schema-graph\">{\"@context\":\"https:\/\/schema.org\",\"@graph\":[{\"@type\":[\"WebPage\",\"ItemPage\"],\"@id\":\"https:\/\/svetslik.si\/de\/mark-rothko-de\/mark-rothko-blue-green-blue\/\",\"url\":\"https:\/\/svetslik.si\/de\/mark-rothko-de\/mark-rothko-blue-green-blue\/\",\"name\":\"Mark Rothko - Blue, Green, Blue - SVETSLIK.SI - 100% handgemalt\",\"isPartOf\":{\"@id\":\"https:\/\/svetslik.si\/de\/#website\"},\"primaryImageOfPage\":{\"@id\":\"https:\/\/svetslik.si\/de\/mark-rothko-de\/mark-rothko-blue-green-blue\/#primaryimage\"},\"image\":{\"@id\":\"https:\/\/svetslik.si\/de\/mark-rothko-de\/mark-rothko-blue-green-blue\/#primaryimage\"},\"thumbnailUrl\":\"https:\/\/svetslik.si\/wp-content\/uploads\/2022\/10\/MARK-ROTHKO-GREEN-BLUE-GREEN.jpg\",\"datePublished\":\"2022-10-20T15:42:33+00:00\",\"dateModified\":\"2024-07-04T15:03:24+00:00\",\"description\":\"Mark Rothko - Blue, Green, Blue - 100% handgemalte Gem\u00e4lde - Verkauf von Reproduktionen ber\u00fchmter Gem\u00e4lde und abstrakter Kunst - Wandbilder f\u00fcr das Wohnzimmer\",\"breadcrumb\":{\"@id\":\"https:\/\/svetslik.si\/de\/mark-rothko-de\/mark-rothko-blue-green-blue\/#breadcrumb\"},\"inLanguage\":\"de\",\"potentialAction\":[{\"@type\":\"ReadAction\",\"target\":[\"https:\/\/svetslik.si\/de\/mark-rothko-de\/mark-rothko-blue-green-blue\/\"]}]},{\"@type\":\"ImageObject\",\"inLanguage\":\"de\",\"@id\":\"https:\/\/svetslik.si\/de\/mark-rothko-de\/mark-rothko-blue-green-blue\/#primaryimage\",\"url\":\"https:\/\/svetslik.si\/wp-content\/uploads\/2022\/10\/MARK-ROTHKO-GREEN-BLUE-GREEN.jpg\",\"contentUrl\":\"https:\/\/svetslik.si\/wp-content\/uploads\/2022\/10\/MARK-ROTHKO-GREEN-BLUE-GREEN.jpg\",\"width\":1255,\"height\":1500,\"caption\":\"Mark Rothko - Blau, Gr\u00fcn, Blau (Blue, Green, Blue) gem\u00e4lde, Reproduktion - 100% handgemalte, Reproduktionen ber\u00fchmter gem\u00e4lde, gem\u00e4lde kaufen, wandbilder wohnzimmer, ber\u00fchmtes gem\u00e4lde, \u00f6lgem\u00e4lde, bilderrahmen\"},{\"@type\":\"BreadcrumbList\",\"@id\":\"https:\/\/svetslik.si\/de\/mark-rothko-de\/mark-rothko-blue-green-blue\/#breadcrumb\",\"itemListElement\":[{\"@type\":\"ListItem\",\"position\":1,\"name\":\"Wandkunst und Gem\u00e4lde auf Leinwand\",\"item\":\"https:\/\/svetslik.si\/de\/\"},{\"@type\":\"ListItem\",\"position\":2,\"name\":\"Verkauf von Gem\u00e4lden\",\"item\":\"https:\/\/svetslik.si\/prodaja-slik\/\"},{\"@type\":\"ListItem\",\"position\":3,\"name\":\"Mark Rothko &#8211; Blue, Green, Blue\"}]},{\"@type\":\"WebSite\",\"@id\":\"https:\/\/svetslik.si\/de\/#website\",\"url\":\"https:\/\/svetslik.si\/de\/\",\"name\":\"SVETSLIK.SI\",\"description\":\"100% handgemalte Reproduktionen von Gem\u00e4lden ber\u00fchmter Maler und Gem\u00e4lde auf Leinwand.\",\"publisher\":{\"@id\":\"https:\/\/svetslik.si\/de\/#organization\"},\"potentialAction\":[{\"@type\":\"SearchAction\",\"target\":{\"@type\":\"EntryPoint\",\"urlTemplate\":\"https:\/\/svetslik.si\/de\/?s={search_term_string}\"},\"query-input\":{\"@type\":\"PropertyValueSpecification\",\"valueRequired\":true,\"valueName\":\"search_term_string\"}}],\"inLanguage\":\"de\"},{\"@type\":\"Organization\",\"@id\":\"https:\/\/svetslik.si\/de\/#organization\",\"name\":\"SvetSlik.si\",\"url\":\"https:\/\/svetslik.si\/de\/\",\"logo\":{\"@type\":\"ImageObject\",\"inLanguage\":\"de\",\"@id\":\"https:\/\/svetslik.si\/de\/#\/schema\/logo\/image\/\",\"url\":\"https:\/\/svetslik.si\/wp-content\/uploads\/2020\/12\/logo-512.png\",\"contentUrl\":\"https:\/\/svetslik.si\/wp-content\/uploads\/2020\/12\/logo-512.png\",\"width\":512,\"height\":512,\"caption\":\"SvetSlik.si\"},\"image\":{\"@id\":\"https:\/\/svetslik.si\/de\/#\/schema\/logo\/image\/\"},\"sameAs\":[\"https:\/\/www.facebook.com\/svetslik.si\",\"https:\/\/x.com\/svetslik\",\"https:\/\/www.instagram.com\/svetslik.si\/\",\"https:\/\/www.linkedin.com\/company\/svetslik-si\"]}]}<\/script>\n<meta property=\"og:availability\" content=\"backorder\" \/>\n<meta property=\"product:availability\" content=\"available for order\" \/>\n<meta property=\"product:retailer_item_id\" content=\"405_1_-1-1\" \/>\n<meta property=\"product:condition\" content=\"new\" \/>\n<!-- \/ Yoast SEO Premium plugin. -->","yoast_head_json":{"title":"Mark Rothko - Blue, Green, Blue - SVETSLIK.SI - 100% handgemalt","description":"Mark Rothko - Blue, Green, Blue - 100% handgemalte Gem\u00e4lde - Verkauf von Reproduktionen ber\u00fchmter Gem\u00e4lde und abstrakter Kunst - Wandbilder f\u00fcr das Wohnzimmer","robots":{"index":"index","follow":"follow","max-snippet":"max-snippet:-1","max-image-preview":"max-image-preview:large","max-video-preview":"max-video-preview:-1"},"canonical":"https:\/\/svetslik.si\/de\/mark-rothko-de\/mark-rothko-blue-green-blue\/","og_locale":"de_DE","og_type":"article","og_title":"Mark Rothko - Blue, Green, Blue","og_description":"100% ro\u010dno naslikane slike na platnu, reprodukcije znanih slikarjev in umetni\u0161ke slike po naro\u010dilu.","og_url":"https:\/\/svetslik.si\/de\/mark-rothko-de\/mark-rothko-blue-green-blue\/","og_site_name":"SVETSLIK.SI","article_publisher":"https:\/\/www.facebook.com\/svetslik.si","article_modified_time":"2024-07-04T15:03:24+00:00","og_image":[{"width":1255,"height":1500,"url":"https:\/\/svetslik.si\/wp-content\/uploads\/2022\/10\/MARK-ROTHKO-GREEN-BLUE-GREEN.jpg","type":"image\/jpeg"}],"twitter_card":"summary_large_image","twitter_site":"@svetslik","twitter_misc":{"Verf\u00fcgbarkeit":"bei Nachbestellung"},"schema":{"@context":"https:\/\/schema.org","@graph":[{"@type":["WebPage","ItemPage"],"@id":"https:\/\/svetslik.si\/de\/mark-rothko-de\/mark-rothko-blue-green-blue\/","url":"https:\/\/svetslik.si\/de\/mark-rothko-de\/mark-rothko-blue-green-blue\/","name":"Mark Rothko - Blue, Green, Blue - SVETSLIK.SI - 100% handgemalt","isPartOf":{"@id":"https:\/\/svetslik.si\/de\/#website"},"primaryImageOfPage":{"@id":"https:\/\/svetslik.si\/de\/mark-rothko-de\/mark-rothko-blue-green-blue\/#primaryimage"},"image":{"@id":"https:\/\/svetslik.si\/de\/mark-rothko-de\/mark-rothko-blue-green-blue\/#primaryimage"},"thumbnailUrl":"https:\/\/svetslik.si\/wp-content\/uploads\/2022\/10\/MARK-ROTHKO-GREEN-BLUE-GREEN.jpg","datePublished":"2022-10-20T15:42:33+00:00","dateModified":"2024-07-04T15:03:24+00:00","description":"Mark Rothko - Blue, Green, Blue - 100% handgemalte Gem\u00e4lde - Verkauf von Reproduktionen ber\u00fchmter Gem\u00e4lde und abstrakter Kunst - Wandbilder f\u00fcr das Wohnzimmer","breadcrumb":{"@id":"https:\/\/svetslik.si\/de\/mark-rothko-de\/mark-rothko-blue-green-blue\/#breadcrumb"},"inLanguage":"de","potentialAction":[{"@type":"ReadAction","target":["https:\/\/svetslik.si\/de\/mark-rothko-de\/mark-rothko-blue-green-blue\/"]}]},{"@type":"ImageObject","inLanguage":"de","@id":"https:\/\/svetslik.si\/de\/mark-rothko-de\/mark-rothko-blue-green-blue\/#primaryimage","url":"https:\/\/svetslik.si\/wp-content\/uploads\/2022\/10\/MARK-ROTHKO-GREEN-BLUE-GREEN.jpg","contentUrl":"https:\/\/svetslik.si\/wp-content\/uploads\/2022\/10\/MARK-ROTHKO-GREEN-BLUE-GREEN.jpg","width":1255,"height":1500,"caption":"Mark Rothko - Blau, Gr\u00fcn, Blau (Blue, Green, Blue) gem\u00e4lde, Reproduktion - 100% handgemalte, Reproduktionen ber\u00fchmter gem\u00e4lde, gem\u00e4lde kaufen, wandbilder wohnzimmer, ber\u00fchmtes gem\u00e4lde, \u00f6lgem\u00e4lde, bilderrahmen"},{"@type":"BreadcrumbList","@id":"https:\/\/svetslik.si\/de\/mark-rothko-de\/mark-rothko-blue-green-blue\/#breadcrumb","itemListElement":[{"@type":"ListItem","position":1,"name":"Wandkunst und Gem\u00e4lde auf Leinwand","item":"https:\/\/svetslik.si\/de\/"},{"@type":"ListItem","position":2,"name":"Verkauf von Gem\u00e4lden","item":"https:\/\/svetslik.si\/prodaja-slik\/"},{"@type":"ListItem","position":3,"name":"Mark Rothko &#8211; Blue, Green, Blue"}]},{"@type":"WebSite","@id":"https:\/\/svetslik.si\/de\/#website","url":"https:\/\/svetslik.si\/de\/","name":"SVETSLIK.SI","description":"100% handgemalte Reproduktionen von Gem\u00e4lden ber\u00fchmter Maler und Gem\u00e4lde auf Leinwand.","publisher":{"@id":"https:\/\/svetslik.si\/de\/#organization"},"potentialAction":[{"@type":"SearchAction","target":{"@type":"EntryPoint","urlTemplate":"https:\/\/svetslik.si\/de\/?s={search_term_string}"},"query-input":{"@type":"PropertyValueSpecification","valueRequired":true,"valueName":"search_term_string"}}],"inLanguage":"de"},{"@type":"Organization","@id":"https:\/\/svetslik.si\/de\/#organization","name":"SvetSlik.si","url":"https:\/\/svetslik.si\/de\/","logo":{"@type":"ImageObject","inLanguage":"de","@id":"https:\/\/svetslik.si\/de\/#\/schema\/logo\/image\/","url":"https:\/\/svetslik.si\/wp-content\/uploads\/2020\/12\/logo-512.png","contentUrl":"https:\/\/svetslik.si\/wp-content\/uploads\/2020\/12\/logo-512.png","width":512,"height":512,"caption":"SvetSlik.si"},"image":{"@id":"https:\/\/svetslik.si\/de\/#\/schema\/logo\/image\/"},"sameAs":["https:\/\/www.facebook.com\/svetslik.si","https:\/\/x.com\/svetslik","https:\/\/www.instagram.com\/svetslik.si\/","https:\/\/www.linkedin.com\/company\/svetslik-si"]}]},"og_availability":"backorder","product_availability":"available for order","product_retailer_item_id":"405_1_-1-1","product_condition":"new"},"jetpack_sharing_enabled":true,"_links":{"self":[{"href":"https:\/\/svetslik.si\/de\/wp-json\/wp\/v2\/product\/73841","targetHints":{"allow":["GET"]}}],"collection":[{"href":"https:\/\/svetslik.si\/de\/wp-json\/wp\/v2\/product"}],"about":[{"href":"https:\/\/svetslik.si\/de\/wp-json\/wp\/v2\/types\/product"}],"wp:featuredmedia":[{"embeddable":true,"href":"https:\/\/svetslik.si\/de\/wp-json\/wp\/v2\/media\/65167"}],"wp:attachment":[{"href":"https:\/\/svetslik.si\/de\/wp-json\/wp\/v2\/media?parent=73841"}],"wp:term":[{"taxonomy":"product_brand","embeddable":true,"href":"https:\/\/svetslik.si\/de\/wp-json\/wp\/v2\/product_brand?post=73841"},{"taxonomy":"product_cat","embeddable":true,"href":"https:\/\/svetslik.si\/de\/wp-json\/wp\/v2\/product_cat?post=73841"},{"taxonomy":"product_tag","embeddable":true,"href":"https:\/\/svetslik.si\/de\/wp-json\/wp\/v2\/product_tag?post=73841"}],"curies":[{"name":"wp","href":"https:\/\/api.w.org\/{rel}","templated":true}]}}