{"id":73857,"date":"2022-10-20T17:58:30","date_gmt":"2022-10-20T15:58:30","guid":{"rendered":"https:\/\/svetslik.si\/unkategorisiert\/mark-rothko-no-10\/"},"modified":"2025-12-19T15:20:52","modified_gmt":"2025-12-19T14:20:52","slug":"mark-rothko-no-10","status":"publish","type":"product","link":"https:\/\/svetslik.si\/de\/mark-rothko-de\/mark-rothko-no-10\/","title":{"rendered":"Mark Rothko &#8211; No.10"},"content":{"rendered":"<div class=\"wpb-content-wrapper\">[vc_row css=&#8221;.vc_custom_1766153241844{margin-bottom: 5px !important;}&#8221;][vc_column]\t<div class=\"et-image-207 et-image     et_image_link\">\n\t\t<div class=\"et-image-inner \">\n\t\t\t\t\t\t\t<div class=\"et-image-thumb \">\n\t\t\t\t\t<img decoding=\"async\" width=\"1500\" height=\"1671\" src=\"https:\/\/svetslik.si\/wp-content\/uploads\/2022\/10\/Mark-Rothko-\u2013-No.10-umetniske-slike-na-platnu.webp\" class=\"attachment-full\" alt=\"Mark Rothko - No.10\" title=\"Mark Rothko - No.10\" srcset=\"https:\/\/svetslik.si\/wp-content\/uploads\/2022\/10\/Mark-Rothko-\u2013-No.10-umetniske-slike-na-platnu.webp 1500w, https:\/\/svetslik.si\/wp-content\/uploads\/2022\/10\/Mark-Rothko-\u2013-No.10-umetniske-slike-na-platnu-269x300.webp 269w, https:\/\/svetslik.si\/wp-content\/uploads\/2022\/10\/Mark-Rothko-\u2013-No.10-umetniske-slike-na-platnu-919x1024.webp 919w, https:\/\/svetslik.si\/wp-content\/uploads\/2022\/10\/Mark-Rothko-\u2013-No.10-umetniske-slike-na-platnu-768x856.webp 768w, https:\/\/svetslik.si\/wp-content\/uploads\/2022\/10\/Mark-Rothko-\u2013-No.10-umetniske-slike-na-platnu-1379x1536.webp 1379w, https:\/\/svetslik.si\/wp-content\/uploads\/2022\/10\/Mark-Rothko-\u2013-No.10-umetniske-slike-na-platnu-135x150.webp 135w, https:\/\/svetslik.si\/wp-content\/uploads\/2022\/10\/Mark-Rothko-\u2013-No.10-umetniske-slike-na-platnu-600x668.webp 600w, https:\/\/svetslik.si\/wp-content\/uploads\/2022\/10\/Mark-Rothko-\u2013-No.10-umetniske-slike-na-platnu-1200x1337.webp 1200w\" sizes=\"(max-width: 1500px) 100vw, 1500px\" \/>\t\t\t\t<\/div>\n\t\t\t\t\t\t\t\t\t\t\t<\/div>\n\t<\/div>\n  [\/vc_column][\/vc_row][vc_row css=&#8221;.vc_custom_1766153241844{margin-bottom: 5px !important;}&#8221;][vc_column]\t<div class=\"et-image-438 et-image     et_image_link\">\n\t\t<div class=\"et-image-inner \">\n\t\t\t\t\t\t\t<div class=\"et-image-thumb \">\n\t\t\t\t\t<img decoding=\"async\" width=\"1500\" height=\"1784\" src=\"https:\/\/svetslik.si\/wp-content\/uploads\/2022\/10\/Mark-Rothko-\u2013-No.10-umetniske-slike-na-platnu-2.webp\" class=\"attachment-full\" alt=\"Mark Rothko \u2013 No.10 - umetni\u0161ke slike na platnu\" title=\"Mark Rothko - No.10\" srcset=\"https:\/\/svetslik.si\/wp-content\/uploads\/2022\/10\/Mark-Rothko-\u2013-No.10-umetniske-slike-na-platnu-2.webp 1500w, https:\/\/svetslik.si\/wp-content\/uploads\/2022\/10\/Mark-Rothko-\u2013-No.10-umetniske-slike-na-platnu-2-252x300.webp 252w, https:\/\/svetslik.si\/wp-content\/uploads\/2022\/10\/Mark-Rothko-\u2013-No.10-umetniske-slike-na-platnu-2-861x1024.webp 861w, https:\/\/svetslik.si\/wp-content\/uploads\/2022\/10\/Mark-Rothko-\u2013-No.10-umetniske-slike-na-platnu-2-768x913.webp 768w, https:\/\/svetslik.si\/wp-content\/uploads\/2022\/10\/Mark-Rothko-\u2013-No.10-umetniske-slike-na-platnu-2-1291x1536.webp 1291w, https:\/\/svetslik.si\/wp-content\/uploads\/2022\/10\/Mark-Rothko-\u2013-No.10-umetniske-slike-na-platnu-2-126x150.webp 126w, https:\/\/svetslik.si\/wp-content\/uploads\/2022\/10\/Mark-Rothko-\u2013-No.10-umetniske-slike-na-platnu-2-600x714.webp 600w, https:\/\/svetslik.si\/wp-content\/uploads\/2022\/10\/Mark-Rothko-\u2013-No.10-umetniske-slike-na-platnu-2-1200x1427.webp 1200w\" sizes=\"(max-width: 1500px) 100vw, 1500px\" \/>\t\t\t\t<\/div>\n\t\t\t\t\t\t\t\t\t\t\t<\/div>\n\t<\/div>\n  [\/vc_column][\/vc_row][vc_row css=&#8221;.vc_custom_1766153241844{margin-bottom: 5px !important;}&#8221;][vc_column]\t<div class=\"et-image-177 et-image     et_image_link\">\n\t\t<div class=\"et-image-inner \">\n\t\t\t\t\t\t\t<div class=\"et-image-thumb \">\n\t\t\t\t\t<img decoding=\"async\" width=\"1500\" height=\"1650\" src=\"https:\/\/svetslik.si\/wp-content\/uploads\/2022\/10\/Mark-Rothko-\u2013-No.10-umetniske-slike-na-platnu-3.jpg\" class=\"attachment-full\" alt=\"Mark Rothko \u2013 No.10 - umetni\u0161ke slike na platnu\" title=\"Mark Rothko - No.10\" srcset=\"https:\/\/svetslik.si\/wp-content\/uploads\/2022\/10\/Mark-Rothko-\u2013-No.10-umetniske-slike-na-platnu-3.jpg 1500w, https:\/\/svetslik.si\/wp-content\/uploads\/2022\/10\/Mark-Rothko-\u2013-No.10-umetniske-slike-na-platnu-3-273x300.jpg 273w, https:\/\/svetslik.si\/wp-content\/uploads\/2022\/10\/Mark-Rothko-\u2013-No.10-umetniske-slike-na-platnu-3-931x1024.jpg 931w, https:\/\/svetslik.si\/wp-content\/uploads\/2022\/10\/Mark-Rothko-\u2013-No.10-umetniske-slike-na-platnu-3-768x845.jpg 768w, https:\/\/svetslik.si\/wp-content\/uploads\/2022\/10\/Mark-Rothko-\u2013-No.10-umetniske-slike-na-platnu-3-1396x1536.jpg 1396w, https:\/\/svetslik.si\/wp-content\/uploads\/2022\/10\/Mark-Rothko-\u2013-No.10-umetniske-slike-na-platnu-3-136x150.jpg 136w, https:\/\/svetslik.si\/wp-content\/uploads\/2022\/10\/Mark-Rothko-\u2013-No.10-umetniske-slike-na-platnu-3-600x660.jpg 600w, https:\/\/svetslik.si\/wp-content\/uploads\/2022\/10\/Mark-Rothko-\u2013-No.10-umetniske-slike-na-platnu-3-1200x1320.jpg 1200w\" sizes=\"(max-width: 1500px) 100vw, 1500px\" \/>\t\t\t\t<\/div>\n\t\t\t\t\t\t\t\t\t\t\t<\/div>\n\t<\/div>\n  [\/vc_column][\/vc_row][vc_row css=&#8221;.vc_custom_1766153241844{margin-bottom: 5px !important;}&#8221;][vc_column]\t<div class=\"et-image-95 et-image     et_image_link\">\n\t\t<div class=\"et-image-inner \">\n\t\t\t\t\t\t\t<div class=\"et-image-thumb \">\n\t\t\t\t\t<img decoding=\"async\" width=\"1500\" height=\"1125\" src=\"https:\/\/svetslik.si\/wp-content\/uploads\/2022\/10\/Mark-Rothko-\u2013-No.10-umetniske-slike-na-platnu-4.jpg\" class=\"attachment-full\" alt=\"Mark Rothko - No.10\" title=\"Mark Rothko - No.10\" srcset=\"https:\/\/svetslik.si\/wp-content\/uploads\/2022\/10\/Mark-Rothko-\u2013-No.10-umetniske-slike-na-platnu-4.jpg 1500w, https:\/\/svetslik.si\/wp-content\/uploads\/2022\/10\/Mark-Rothko-\u2013-No.10-umetniske-slike-na-platnu-4-300x225.jpg 300w, https:\/\/svetslik.si\/wp-content\/uploads\/2022\/10\/Mark-Rothko-\u2013-No.10-umetniske-slike-na-platnu-4-1024x768.jpg 1024w, https:\/\/svetslik.si\/wp-content\/uploads\/2022\/10\/Mark-Rothko-\u2013-No.10-umetniske-slike-na-platnu-4-768x576.jpg 768w, https:\/\/svetslik.si\/wp-content\/uploads\/2022\/10\/Mark-Rothko-\u2013-No.10-umetniske-slike-na-platnu-4-150x113.jpg 150w, https:\/\/svetslik.si\/wp-content\/uploads\/2022\/10\/Mark-Rothko-\u2013-No.10-umetniske-slike-na-platnu-4-600x450.jpg 600w, https:\/\/svetslik.si\/wp-content\/uploads\/2022\/10\/Mark-Rothko-\u2013-No.10-umetniske-slike-na-platnu-4-1200x900.jpg 1200w\" sizes=\"(max-width: 1500px) 100vw, 1500px\" \/>\t\t\t\t<\/div>\n\t\t\t\t\t\t\t\t\t\t\t<\/div>\n\t<\/div>\n  [\/vc_column][\/vc_row][vc_row][vc_column][vc_column_text]\n<h1>Mark Rothko \u2013 Nr. 10<\/h1>\n<p>&nbsp;<\/p>\n<table style=\"width: 673px;\" border=\"0\" width=\"673\" cellpadding=\"0\">\n<tbody>\n<tr>\n<td style=\"width: 180px; height: 21px;\" height=\"21\">Erstellungsjahr:<\/td>\n<td style=\"width: 493px;\">1950<\/td>\n<\/tr>\n<tr>\n<td style=\"width: 180px; height: 21px;\" height=\"21\">Originalgr\u00f6\u00dfe:<\/td>\n<td style=\"width: 493px;\">229,6 cm x 145,1 cm<\/td>\n<\/tr>\n<tr>\n<td style=\"width: 180px; height: 21px;\" height=\"21\">Lackstil:<\/td>\n<td style=\"width: 493px;\">Abstraktion<\/td>\n<\/tr>\n<tr>\n<td style=\"width: 180px; height: 21px;\" height=\"21\">Originaltechnik:<\/td>\n<td>\u00d6l auf Leinwand<\/td>\n<\/tr>\n<tr>\n<td style=\"width: 180px; height: 21px;\" height=\"21\">Standort:<\/td>\n<td><em>New York<\/em><\/td>\n<\/tr>\n<\/tbody>\n<colgroup>\n<col \/>\n<col \/> <\/colgroup>\n<\/table>\n<p>Bildnr. 10 ist ein Bild mit einem gro\u00dfen zentralen schwarzen Rechteck, umgeben von kleineren wei\u00dfen und grauen Rechtecken. Das zentrale schwarze Rechteck wird links und rechts von einem d\u00fcnnen wei\u00dfen Rechteck und oben und unten von einem d\u00fcnnen grauen Rechteck begrenzt. Das Bild zeichnet sich durch Einfachheit aus, wobei der Fokus ausschlie\u00dflich auf der Verflechtung dreier Farben liegt.<\/p>\n<p>Das Gem\u00e4lde entstand 1958 und gilt als eines der kraftvollsten und markantesten Werke Rothkos. Es ist ein atemberaubendes Werk, das Rothkos F\u00e4higkeit demonstriert, Farbe zu nutzen, um einem Bild ein Gef\u00fchl von Tiefe und Bewegung zu verleihen. Die Verwendung eines zentralen schwarzen Rechtecks, das von wei\u00dfen und grauen Rechtecken umgeben ist, erzeugt ein Gef\u00fchl von Spannung und Dramatik im Bild.<\/p>\n<p>Rothkos Werke sind bekannt f\u00fcr ihre emotionale Wirkung und ihre F\u00e4higkeit, beim Betrachter ein Gef\u00fchl der Kontemplation hervorzurufen. Bildnr. 10 ist da keine Ausnahme, da es aufgrund der Einfachheit der Komposition und der Verwendung von nur drei Farben, Schwarz, Wei\u00df und Grau, stark und suggestiv ist.<\/p>\n<p>Bildnr. 10 befindet sich derzeit in der Sammlung der National Gallery of Art in Washington, USA, und gilt als eines der wichtigsten Werke in Rothkos Karriere. Sie wird immer noch von Kunstliebhabern und Kritikern gleicherma\u00dfen gefeiert und bewundert.<\/p>\n<p>Kurz gesagt, Mark Rothko war ein amerikanischer Maler, der einer der f\u00fchrenden Vertreter der Farbfeldbewegung war. Eines seiner ber\u00fchmtesten Werke ist Werk Nr. 10, auch bekannt als \u201eSchwarz, Wei\u00df und Grau\u201c. Dieses Gem\u00e4lde ist ein kraftvolles und eindrucksvolles Werk, das Rothkos F\u00e4higkeit demonstriert, mit Farbe ein Gef\u00fchl von Tiefe und Bewegung in einem Bild zu erzeugen. Es wird immer noch von Kunstliebhabern und Kritikern gleicherma\u00dfen gefeiert und bewundert und gilt als eines der wichtigsten Werke in Rothkos Karriere.<\/p>\n<\/div>","protected":false},"excerpt":{"rendered":"<p>[vc_row css=&#8221;.vc_custom_1766153241844{margin-bottom: 5px !important;}&#8221;][vc_column][\/vc_column][\/vc_row][vc_row css=&#8221;.vc_custom_1766153241844{margin-bottom: 5px !important;}&#8221;][vc_column][\/vc_column][\/vc_row][vc_row css=&#8221;.vc_custom_1766153241844{margin-bottom: 5px !important;}&#8221;][vc_column][\/vc_column][\/vc_row][vc_row css=&#8221;.vc_custom_1766153241844{margin-bottom: 5px !important;}&#8221;][vc_column][\/vc_column][\/vc_row][vc_row][vc_column][vc_column_text] Mark Rothko \u2013 Nr. 10 &nbsp; Erstellungsjahr: 1950 Originalgr\u00f6\u00dfe: 229,6 cm x 145,1 cm Lackstil: Abstraktion Originaltechnik: \u00d6l auf Leinwand Standort: New York Bildnr. 10 ist ein Bild mit einem gro\u00dfen zentralen schwarzen Rechteck, umgeben von kleineren [&hellip;]<\/p>\n","protected":false},"featured_media":65168,"template":"","meta":{"_acf_changed":false},"product_brand":[],"product_cat":[8450],"product_tag":[8521,8513,8514,8516],"class_list":{"0":"post-73857","1":"product","2":"type-product","3":"status-publish","4":"has-post-thumbnail","6":"product_cat-mark-rothko-de","7":"product_tag-maler","8":"product_tag-reproduktion","9":"product_tag-reproduktionen","10":"product_tag-rothko-de","11":"pa_dimenzija-100-cm-x-66-cm","12":"pa_dimenzija-110-cm-x-72-cm","13":"pa_dimenzija-120-cm-x-78-cm","14":"pa_dimenzija-130-cm-x-84-cm","15":"pa_dimenzija-150-cm-x-96-cm","16":"pa_dimenzija-175-cm-x-112-cm","17":"pa_dimenzija-200-cm-x-128-cm","18":"pa_dimenzija-230-cm-x-145-cm","19":"pa_dimenzija-250-cm-x-159-cm","20":"pa_dimenzija-40-cm-x-28-cm","21":"pa_dimenzija-50-cm-x-35-cm","22":"pa_dimenzija-60-cm-x-42-cm","23":"pa_dimenzija-70-cm-x-48-cm","24":"pa_dimenzija-80-cm-x-54-cm","25":"pa_dimenzija-90-cm-x-60-cm","26":"pa_oblika-vertikal","27":"pa_okvir-ohne-rahmen","28":"pa_podokvir-ja","29":"pa_podokvir-nein","31":"first","32":"onbackorder","33":"purchasable","34":"product-type-variable","35":"has-default-attributes"},"acf":[],"yoast_head":"<!-- This site is optimized with the Yoast SEO Premium plugin v26.0 (Yoast SEO v27.2) - https:\/\/yoast.com\/product\/yoast-seo-premium-wordpress\/ -->\n<title>Mark Rothko - No.10 - SVETSLIK.SI - 100% handgemalt<\/title>\n<meta name=\"description\" content=\"Mark Rothko - No.10 - 100% handgemalte Gem\u00e4lde - Verkauf von Reproduktionen ber\u00fchmter Gem\u00e4lde und abstrakter Kunst - Wandbilder f\u00fcr das Wohnzimmer\" \/>\n<meta name=\"robots\" content=\"index, follow, max-snippet:-1, max-image-preview:large, max-video-preview:-1\" \/>\n<link rel=\"canonical\" href=\"https:\/\/svetslik.si\/de\/mark-rothko-de\/mark-rothko-no-10\/\" \/>\n<meta property=\"og:locale\" content=\"de_DE\" \/>\n<meta property=\"og:type\" content=\"article\" \/>\n<meta property=\"og:title\" content=\"Mark Rothko - No.10\" \/>\n<meta property=\"og:description\" content=\"100% ro\u010dno naslikane slike na platnu, reprodukcije znanih slikarjev in umetni\u0161ke slike po naro\u010dilu.\" \/>\n<meta property=\"og:url\" content=\"https:\/\/svetslik.si\/de\/mark-rothko-de\/mark-rothko-no-10\/\" \/>\n<meta property=\"og:site_name\" content=\"SVETSLIK.SI\" \/>\n<meta property=\"article:publisher\" content=\"https:\/\/www.facebook.com\/svetslik.si\" \/>\n<meta property=\"article:modified_time\" content=\"2025-12-19T14:20:52+00:00\" \/>\n<meta property=\"og:image\" content=\"https:\/\/svetslik.si\/wp-content\/uploads\/2022\/10\/Mark-Rothko-No.10.jpg\" \/>\n\t<meta property=\"og:image:width\" content=\"959\" \/>\n\t<meta property=\"og:image:height\" content=\"1500\" \/>\n\t<meta property=\"og:image:type\" content=\"image\/jpeg\" \/>\n<meta name=\"twitter:card\" content=\"summary_large_image\" \/>\n<meta name=\"twitter:site\" content=\"@svetslik\" \/>\n<meta name=\"twitter:label1\" content=\"Verf\u00fcgbarkeit\" \/>\n\t<meta name=\"twitter:data1\" content=\"bei Nachbestellung\" \/>\n<script type=\"application\/ld+json\" class=\"yoast-schema-graph\">{\"@context\":\"https:\/\/schema.org\",\"@graph\":[{\"@type\":[\"WebPage\",\"ItemPage\"],\"@id\":\"https:\/\/svetslik.si\/de\/mark-rothko-de\/mark-rothko-no-10\/\",\"url\":\"https:\/\/svetslik.si\/de\/mark-rothko-de\/mark-rothko-no-10\/\",\"name\":\"Mark Rothko - No.10 - SVETSLIK.SI - 100% handgemalt\",\"isPartOf\":{\"@id\":\"https:\/\/svetslik.si\/de\/#website\"},\"primaryImageOfPage\":{\"@id\":\"https:\/\/svetslik.si\/de\/mark-rothko-de\/mark-rothko-no-10\/#primaryimage\"},\"image\":{\"@id\":\"https:\/\/svetslik.si\/de\/mark-rothko-de\/mark-rothko-no-10\/#primaryimage\"},\"thumbnailUrl\":\"https:\/\/svetslik.si\/wp-content\/uploads\/2022\/10\/Mark-Rothko-No.10.jpg\",\"datePublished\":\"2022-10-20T15:58:30+00:00\",\"dateModified\":\"2025-12-19T14:20:52+00:00\",\"description\":\"Mark Rothko - No.10 - 100% handgemalte Gem\u00e4lde - Verkauf von Reproduktionen ber\u00fchmter Gem\u00e4lde und abstrakter Kunst - Wandbilder f\u00fcr das Wohnzimmer\",\"breadcrumb\":{\"@id\":\"https:\/\/svetslik.si\/de\/mark-rothko-de\/mark-rothko-no-10\/#breadcrumb\"},\"inLanguage\":\"de\",\"potentialAction\":[{\"@type\":\"ReadAction\",\"target\":[\"https:\/\/svetslik.si\/de\/mark-rothko-de\/mark-rothko-no-10\/\"]}]},{\"@type\":\"ImageObject\",\"inLanguage\":\"de\",\"@id\":\"https:\/\/svetslik.si\/de\/mark-rothko-de\/mark-rothko-no-10\/#primaryimage\",\"url\":\"https:\/\/svetslik.si\/wp-content\/uploads\/2022\/10\/Mark-Rothko-No.10.jpg\",\"contentUrl\":\"https:\/\/svetslik.si\/wp-content\/uploads\/2022\/10\/Mark-Rothko-No.10.jpg\",\"width\":959,\"height\":1500,\"caption\":\"Mark Rothko - Nr. 10 (No. 10) gem\u00e4lde, Reproduktion - 100% handgemalte, Reproduktionen ber\u00fchmter gem\u00e4lde, gem\u00e4lde kaufen, wandbilder wohnzimmer, ber\u00fchmtes gem\u00e4lde, \u00f6lgem\u00e4lde, bilderrahmen\"},{\"@type\":\"BreadcrumbList\",\"@id\":\"https:\/\/svetslik.si\/de\/mark-rothko-de\/mark-rothko-no-10\/#breadcrumb\",\"itemListElement\":[{\"@type\":\"ListItem\",\"position\":1,\"name\":\"Wandkunst und Gem\u00e4lde auf Leinwand\",\"item\":\"https:\/\/svetslik.si\/de\/\"},{\"@type\":\"ListItem\",\"position\":2,\"name\":\"Verkauf von Gem\u00e4lden\",\"item\":\"https:\/\/svetslik.si\/prodaja-slik\/\"},{\"@type\":\"ListItem\",\"position\":3,\"name\":\"Mark Rothko &#8211; No.10\"}]},{\"@type\":\"WebSite\",\"@id\":\"https:\/\/svetslik.si\/de\/#website\",\"url\":\"https:\/\/svetslik.si\/de\/\",\"name\":\"SVETSLIK.SI\",\"description\":\"100% handgemalte Reproduktionen von Gem\u00e4lden ber\u00fchmter Maler und Gem\u00e4lde auf Leinwand.\",\"publisher\":{\"@id\":\"https:\/\/svetslik.si\/de\/#organization\"},\"potentialAction\":[{\"@type\":\"SearchAction\",\"target\":{\"@type\":\"EntryPoint\",\"urlTemplate\":\"https:\/\/svetslik.si\/de\/?s={search_term_string}\"},\"query-input\":{\"@type\":\"PropertyValueSpecification\",\"valueRequired\":true,\"valueName\":\"search_term_string\"}}],\"inLanguage\":\"de\"},{\"@type\":\"Organization\",\"@id\":\"https:\/\/svetslik.si\/de\/#organization\",\"name\":\"SvetSlik.si\",\"url\":\"https:\/\/svetslik.si\/de\/\",\"logo\":{\"@type\":\"ImageObject\",\"inLanguage\":\"de\",\"@id\":\"https:\/\/svetslik.si\/de\/#\/schema\/logo\/image\/\",\"url\":\"https:\/\/svetslik.si\/wp-content\/uploads\/2020\/12\/logo-512.png\",\"contentUrl\":\"https:\/\/svetslik.si\/wp-content\/uploads\/2020\/12\/logo-512.png\",\"width\":512,\"height\":512,\"caption\":\"SvetSlik.si\"},\"image\":{\"@id\":\"https:\/\/svetslik.si\/de\/#\/schema\/logo\/image\/\"},\"sameAs\":[\"https:\/\/www.facebook.com\/svetslik.si\",\"https:\/\/x.com\/svetslik\",\"https:\/\/www.instagram.com\/svetslik.si\/\",\"https:\/\/www.linkedin.com\/company\/svetslik-si\"]}]}<\/script>\n<meta property=\"og:availability\" content=\"backorder\" \/>\n<meta property=\"product:availability\" content=\"available for order\" \/>\n<meta property=\"product:retailer_item_id\" content=\"405_1_-1-1-1\" \/>\n<meta property=\"product:condition\" content=\"new\" \/>\n<!-- \/ Yoast SEO Premium plugin. -->","yoast_head_json":{"title":"Mark Rothko - No.10 - SVETSLIK.SI - 100% handgemalt","description":"Mark Rothko - No.10 - 100% handgemalte Gem\u00e4lde - Verkauf von Reproduktionen ber\u00fchmter Gem\u00e4lde und abstrakter Kunst - Wandbilder f\u00fcr das Wohnzimmer","robots":{"index":"index","follow":"follow","max-snippet":"max-snippet:-1","max-image-preview":"max-image-preview:large","max-video-preview":"max-video-preview:-1"},"canonical":"https:\/\/svetslik.si\/de\/mark-rothko-de\/mark-rothko-no-10\/","og_locale":"de_DE","og_type":"article","og_title":"Mark Rothko - No.10","og_description":"100% ro\u010dno naslikane slike na platnu, reprodukcije znanih slikarjev in umetni\u0161ke slike po naro\u010dilu.","og_url":"https:\/\/svetslik.si\/de\/mark-rothko-de\/mark-rothko-no-10\/","og_site_name":"SVETSLIK.SI","article_publisher":"https:\/\/www.facebook.com\/svetslik.si","article_modified_time":"2025-12-19T14:20:52+00:00","og_image":[{"width":959,"height":1500,"url":"https:\/\/svetslik.si\/wp-content\/uploads\/2022\/10\/Mark-Rothko-No.10.jpg","type":"image\/jpeg"}],"twitter_card":"summary_large_image","twitter_site":"@svetslik","twitter_misc":{"Verf\u00fcgbarkeit":"bei Nachbestellung"},"schema":{"@context":"https:\/\/schema.org","@graph":[{"@type":["WebPage","ItemPage"],"@id":"https:\/\/svetslik.si\/de\/mark-rothko-de\/mark-rothko-no-10\/","url":"https:\/\/svetslik.si\/de\/mark-rothko-de\/mark-rothko-no-10\/","name":"Mark Rothko - No.10 - SVETSLIK.SI - 100% handgemalt","isPartOf":{"@id":"https:\/\/svetslik.si\/de\/#website"},"primaryImageOfPage":{"@id":"https:\/\/svetslik.si\/de\/mark-rothko-de\/mark-rothko-no-10\/#primaryimage"},"image":{"@id":"https:\/\/svetslik.si\/de\/mark-rothko-de\/mark-rothko-no-10\/#primaryimage"},"thumbnailUrl":"https:\/\/svetslik.si\/wp-content\/uploads\/2022\/10\/Mark-Rothko-No.10.jpg","datePublished":"2022-10-20T15:58:30+00:00","dateModified":"2025-12-19T14:20:52+00:00","description":"Mark Rothko - No.10 - 100% handgemalte Gem\u00e4lde - Verkauf von Reproduktionen ber\u00fchmter Gem\u00e4lde und abstrakter Kunst - Wandbilder f\u00fcr das Wohnzimmer","breadcrumb":{"@id":"https:\/\/svetslik.si\/de\/mark-rothko-de\/mark-rothko-no-10\/#breadcrumb"},"inLanguage":"de","potentialAction":[{"@type":"ReadAction","target":["https:\/\/svetslik.si\/de\/mark-rothko-de\/mark-rothko-no-10\/"]}]},{"@type":"ImageObject","inLanguage":"de","@id":"https:\/\/svetslik.si\/de\/mark-rothko-de\/mark-rothko-no-10\/#primaryimage","url":"https:\/\/svetslik.si\/wp-content\/uploads\/2022\/10\/Mark-Rothko-No.10.jpg","contentUrl":"https:\/\/svetslik.si\/wp-content\/uploads\/2022\/10\/Mark-Rothko-No.10.jpg","width":959,"height":1500,"caption":"Mark Rothko - Nr. 10 (No. 10) gem\u00e4lde, Reproduktion - 100% handgemalte, Reproduktionen ber\u00fchmter gem\u00e4lde, gem\u00e4lde kaufen, wandbilder wohnzimmer, ber\u00fchmtes gem\u00e4lde, \u00f6lgem\u00e4lde, bilderrahmen"},{"@type":"BreadcrumbList","@id":"https:\/\/svetslik.si\/de\/mark-rothko-de\/mark-rothko-no-10\/#breadcrumb","itemListElement":[{"@type":"ListItem","position":1,"name":"Wandkunst und Gem\u00e4lde auf Leinwand","item":"https:\/\/svetslik.si\/de\/"},{"@type":"ListItem","position":2,"name":"Verkauf von Gem\u00e4lden","item":"https:\/\/svetslik.si\/prodaja-slik\/"},{"@type":"ListItem","position":3,"name":"Mark Rothko &#8211; No.10"}]},{"@type":"WebSite","@id":"https:\/\/svetslik.si\/de\/#website","url":"https:\/\/svetslik.si\/de\/","name":"SVETSLIK.SI","description":"100% handgemalte Reproduktionen von Gem\u00e4lden ber\u00fchmter Maler und Gem\u00e4lde auf Leinwand.","publisher":{"@id":"https:\/\/svetslik.si\/de\/#organization"},"potentialAction":[{"@type":"SearchAction","target":{"@type":"EntryPoint","urlTemplate":"https:\/\/svetslik.si\/de\/?s={search_term_string}"},"query-input":{"@type":"PropertyValueSpecification","valueRequired":true,"valueName":"search_term_string"}}],"inLanguage":"de"},{"@type":"Organization","@id":"https:\/\/svetslik.si\/de\/#organization","name":"SvetSlik.si","url":"https:\/\/svetslik.si\/de\/","logo":{"@type":"ImageObject","inLanguage":"de","@id":"https:\/\/svetslik.si\/de\/#\/schema\/logo\/image\/","url":"https:\/\/svetslik.si\/wp-content\/uploads\/2020\/12\/logo-512.png","contentUrl":"https:\/\/svetslik.si\/wp-content\/uploads\/2020\/12\/logo-512.png","width":512,"height":512,"caption":"SvetSlik.si"},"image":{"@id":"https:\/\/svetslik.si\/de\/#\/schema\/logo\/image\/"},"sameAs":["https:\/\/www.facebook.com\/svetslik.si","https:\/\/x.com\/svetslik","https:\/\/www.instagram.com\/svetslik.si\/","https:\/\/www.linkedin.com\/company\/svetslik-si"]}]},"og_availability":"backorder","product_availability":"available for order","product_retailer_item_id":"405_1_-1-1-1","product_condition":"new"},"jetpack_sharing_enabled":true,"_links":{"self":[{"href":"https:\/\/svetslik.si\/de\/wp-json\/wp\/v2\/product\/73857","targetHints":{"allow":["GET"]}}],"collection":[{"href":"https:\/\/svetslik.si\/de\/wp-json\/wp\/v2\/product"}],"about":[{"href":"https:\/\/svetslik.si\/de\/wp-json\/wp\/v2\/types\/product"}],"wp:featuredmedia":[{"embeddable":true,"href":"https:\/\/svetslik.si\/de\/wp-json\/wp\/v2\/media\/65168"}],"wp:attachment":[{"href":"https:\/\/svetslik.si\/de\/wp-json\/wp\/v2\/media?parent=73857"}],"wp:term":[{"taxonomy":"product_brand","embeddable":true,"href":"https:\/\/svetslik.si\/de\/wp-json\/wp\/v2\/product_brand?post=73857"},{"taxonomy":"product_cat","embeddable":true,"href":"https:\/\/svetslik.si\/de\/wp-json\/wp\/v2\/product_cat?post=73857"},{"taxonomy":"product_tag","embeddable":true,"href":"https:\/\/svetslik.si\/de\/wp-json\/wp\/v2\/product_tag?post=73857"}],"curies":[{"name":"wp","href":"https:\/\/api.w.org\/{rel}","templated":true}]}}