{"id":73898,"date":"2022-10-25T13:53:48","date_gmt":"2022-10-25T11:53:48","guid":{"rendered":"https:\/\/svetslik.si\/unkategorisiert\/slike-na-platnu-w161\/"},"modified":"2024-07-04T17:03:34","modified_gmt":"2024-07-04T15:03:34","slug":"leinwandbilder-gemalde-e161","status":"publish","type":"product","link":"https:\/\/svetslik.si\/de\/leinwandbilder-einteilige\/leinwandbilder-gemalde-e161\/","title":{"rendered":"Leinwandbilder &#8211; Gem\u00e4lde &#8211; E161"},"content":{"rendered":"<div class=\"wpb-content-wrapper\">[vc_row css=&#8221;.vc_custom_1661405884285{margin-bottom: 10px !important;}&#8221;][vc_column]\t<div class=\"et-image-828 et-image     et_image_link\">\n\t\t<div class=\"et-image-inner \">\n\t\t\t\t\t\t\t<div class=\"et-image-thumb \">\n\t\t\t\t\t<img decoding=\"async\" width=\"800\" height=\"800\" src=\"https:\/\/svetslik.si\/wp-content\/uploads\/2022\/10\/slike-na-platnu-W161-1.jpg\" class=\"attachment-full\" alt=\"Leinwandbilder \u2013 Gem\u00e4lde \u2013 E161\" title=\"Leinwandbilder \u2013 Gem\u00e4lde \u2013 E161\" srcset=\"https:\/\/svetslik.si\/wp-content\/uploads\/2022\/10\/slike-na-platnu-W161-1.jpg 800w, https:\/\/svetslik.si\/wp-content\/uploads\/2022\/10\/slike-na-platnu-W161-1-600x600.jpg 600w, https:\/\/svetslik.si\/wp-content\/uploads\/2022\/10\/slike-na-platnu-W161-1-100x100.jpg 100w, https:\/\/svetslik.si\/wp-content\/uploads\/2022\/10\/slike-na-platnu-W161-1-300x300.jpg 300w, https:\/\/svetslik.si\/wp-content\/uploads\/2022\/10\/slike-na-platnu-W161-1-150x150.jpg 150w, https:\/\/svetslik.si\/wp-content\/uploads\/2022\/10\/slike-na-platnu-W161-1-768x768.jpg 768w, https:\/\/svetslik.si\/wp-content\/uploads\/2022\/10\/slike-na-platnu-W161-1-12x12.jpg 12w\" sizes=\"(max-width: 800px) 100vw, 800px\" \/>\t\t\t\t<\/div>\n\t\t\t\t\t\t\t\t\t\t\t<\/div>\n\t<\/div>\n  [\/vc_column][\/vc_row][vc_row css=&#8221;.vc_custom_1661424638916{margin-bottom: 10px !important;}&#8221;][vc_column]\t<div class=\"et-image-598 et-image     et_image_link\">\n\t\t<div class=\"et-image-inner \">\n\t\t\t\t\t\t\t<div class=\"et-image-thumb \">\n\t\t\t\t\t<img decoding=\"async\" width=\"800\" height=\"800\" src=\"https:\/\/svetslik.si\/wp-content\/uploads\/2022\/10\/slike-na-platnu-W161.jpg\" class=\"attachment-full\" alt=\"Leinwandbilder \u2013 Gem\u00e4lde \u2013 E161\" title=\"Leinwandbilder \u2013 Gem\u00e4lde \u2013 E161\" srcset=\"https:\/\/svetslik.si\/wp-content\/uploads\/2022\/10\/slike-na-platnu-W161.jpg 800w, https:\/\/svetslik.si\/wp-content\/uploads\/2022\/10\/slike-na-platnu-W161-600x600.jpg 600w, https:\/\/svetslik.si\/wp-content\/uploads\/2022\/10\/slike-na-platnu-W161-100x100.jpg 100w, https:\/\/svetslik.si\/wp-content\/uploads\/2022\/10\/slike-na-platnu-W161-300x300.jpg 300w, https:\/\/svetslik.si\/wp-content\/uploads\/2022\/10\/slike-na-platnu-W161-150x150.jpg 150w, https:\/\/svetslik.si\/wp-content\/uploads\/2022\/10\/slike-na-platnu-W161-768x768.jpg 768w, https:\/\/svetslik.si\/wp-content\/uploads\/2022\/10\/slike-na-platnu-W161-12x12.jpg 12w\" sizes=\"(max-width: 800px) 100vw, 800px\" \/>\t\t\t\t<\/div>\n\t\t\t\t\t\t\t\t\t\t\t<\/div>\n\t<\/div>\n  [\/vc_column][\/vc_row][vc_row css=&#8221;.vc_custom_1661424649765{margin-bottom: 10px !important;}&#8221;][vc_column]\t<div class=\"et-image-40 et-image     et_image_link\">\n\t\t<div class=\"et-image-inner \">\n\t\t\t\t\t\t\t<div class=\"et-image-thumb \">\n\t\t\t\t\t<img decoding=\"async\" width=\"800\" height=\"800\" src=\"https:\/\/svetslik.si\/wp-content\/uploads\/2022\/10\/slike-na-platnu-W161-4.jpg\" class=\"attachment-full\" alt=\"Leinwandbilder \u2013 Gem\u00e4lde \u2013 E161\" title=\"Leinwandbilder \u2013 Gem\u00e4lde \u2013 E161\" srcset=\"https:\/\/svetslik.si\/wp-content\/uploads\/2022\/10\/slike-na-platnu-W161-4.jpg 800w, https:\/\/svetslik.si\/wp-content\/uploads\/2022\/10\/slike-na-platnu-W161-4-600x600.jpg 600w, https:\/\/svetslik.si\/wp-content\/uploads\/2022\/10\/slike-na-platnu-W161-4-100x100.jpg 100w, https:\/\/svetslik.si\/wp-content\/uploads\/2022\/10\/slike-na-platnu-W161-4-300x300.jpg 300w, https:\/\/svetslik.si\/wp-content\/uploads\/2022\/10\/slike-na-platnu-W161-4-150x150.jpg 150w, https:\/\/svetslik.si\/wp-content\/uploads\/2022\/10\/slike-na-platnu-W161-4-768x768.jpg 768w, https:\/\/svetslik.si\/wp-content\/uploads\/2022\/10\/slike-na-platnu-W161-4-12x12.jpg 12w\" sizes=\"(max-width: 800px) 100vw, 800px\" \/>\t\t\t\t<\/div>\n\t\t\t\t\t\t\t\t\t\t\t<\/div>\n\t<\/div>\n  [\/vc_column][\/vc_row][vc_row css=&#8221;.vc_custom_1661424649765{margin-bottom: 10px !important;}&#8221;][vc_column]\t<div class=\"et-image-678 et-image     et_image_link\">\n\t\t<div class=\"et-image-inner \">\n\t\t\t\t\t\t\t<div class=\"et-image-thumb \">\n\t\t\t\t\t<img decoding=\"async\" width=\"800\" height=\"800\" src=\"https:\/\/svetslik.si\/wp-content\/uploads\/2022\/10\/slike-na-platnu-W161-3.jpg\" class=\"attachment-full\" alt=\"Leinwandbilder \u2013 Gem\u00e4lde \u2013 E161\" title=\"Leinwandbilder \u2013 Gem\u00e4lde \u2013 E161\" srcset=\"https:\/\/svetslik.si\/wp-content\/uploads\/2022\/10\/slike-na-platnu-W161-3.jpg 800w, https:\/\/svetslik.si\/wp-content\/uploads\/2022\/10\/slike-na-platnu-W161-3-600x600.jpg 600w, https:\/\/svetslik.si\/wp-content\/uploads\/2022\/10\/slike-na-platnu-W161-3-100x100.jpg 100w, https:\/\/svetslik.si\/wp-content\/uploads\/2022\/10\/slike-na-platnu-W161-3-300x300.jpg 300w, https:\/\/svetslik.si\/wp-content\/uploads\/2022\/10\/slike-na-platnu-W161-3-150x150.jpg 150w, https:\/\/svetslik.si\/wp-content\/uploads\/2022\/10\/slike-na-platnu-W161-3-768x768.jpg 768w, https:\/\/svetslik.si\/wp-content\/uploads\/2022\/10\/slike-na-platnu-W161-3-12x12.jpg 12w\" sizes=\"(max-width: 800px) 100vw, 800px\" \/>\t\t\t\t<\/div>\n\t\t\t\t\t\t\t\t\t\t\t<\/div>\n\t<\/div>\n  [\/vc_column][\/vc_row][vc_row css=&#8221;.vc_custom_1661424649765{margin-bottom: 10px !important;}&#8221;][vc_column]\t<div class=\"et-image-960 et-image     et_image_link\">\n\t\t<div class=\"et-image-inner \">\n\t\t\t\t\t\t\t<div class=\"et-image-thumb \">\n\t\t\t\t\t<img decoding=\"async\" width=\"1000\" height=\"1058\" src=\"https:\/\/svetslik.si\/wp-content\/uploads\/2022\/10\/W161a.jpg\" class=\"attachment-full\" alt=\"Leinwandbilder - Gem\u00e4lde - E161\" title=\"Leinwandbilder - Gem\u00e4lde - E161\" srcset=\"https:\/\/svetslik.si\/wp-content\/uploads\/2022\/10\/W161a.jpg 1000w, https:\/\/svetslik.si\/wp-content\/uploads\/2022\/10\/W161a-600x635.jpg 600w, https:\/\/svetslik.si\/wp-content\/uploads\/2022\/10\/W161a-284x300.jpg 284w, https:\/\/svetslik.si\/wp-content\/uploads\/2022\/10\/W161a-968x1024.jpg 968w, https:\/\/svetslik.si\/wp-content\/uploads\/2022\/10\/W161a-768x813.jpg 768w, https:\/\/svetslik.si\/wp-content\/uploads\/2022\/10\/W161a-11x12.jpg 11w, https:\/\/svetslik.si\/wp-content\/uploads\/2022\/10\/W161a-142x150.jpg 142w, https:\/\/svetslik.si\/wp-content\/uploads\/2022\/10\/W161a-900x952.jpg 900w\" sizes=\"(max-width: 1000px) 100vw, 1000px\" \/>\t\t\t\t<\/div>\n\t\t\t\t\t\t\t\t\t\t\t<\/div>\n\t<\/div>\n  [\/vc_column][\/vc_row][vc_row css=&#8221;.vc_custom_1661424649765{margin-bottom: 10px !important;}&#8221;][vc_column]\t<div class=\"et-image-596 et-image     et_image_link\">\n\t\t<div class=\"et-image-inner \">\n\t\t\t\t\t\t\t<div class=\"et-image-thumb \">\n\t\t\t\t\t<img decoding=\"async\" width=\"741\" height=\"1000\" src=\"https:\/\/svetslik.si\/wp-content\/uploads\/2022\/10\/slike-na-platnu-W161b.jpg\" class=\"attachment-full\" alt=\"Leinwandbilder - Gem\u00e4lde - E161\" title=\"Leinwandbilder - Gem\u00e4lde - E161\" srcset=\"https:\/\/svetslik.si\/wp-content\/uploads\/2022\/10\/slike-na-platnu-W161b.jpg 741w, https:\/\/svetslik.si\/wp-content\/uploads\/2022\/10\/slike-na-platnu-W161b-600x810.jpg 600w, https:\/\/svetslik.si\/wp-content\/uploads\/2022\/10\/slike-na-platnu-W161b-222x300.jpg 222w, https:\/\/svetslik.si\/wp-content\/uploads\/2022\/10\/slike-na-platnu-W161b-9x12.jpg 9w, https:\/\/svetslik.si\/wp-content\/uploads\/2022\/10\/slike-na-platnu-W161b-111x150.jpg 111w\" sizes=\"(max-width: 741px) 100vw, 741px\" \/>\t\t\t\t<\/div>\n\t\t\t\t\t\t\t\t\t\t\t<\/div>\n\t<\/div>\n  [\/vc_column][\/vc_row]\n<\/div>","protected":false},"excerpt":{"rendered":"<p>[vc_row css=&#8221;.vc_custom_1661405884285{margin-bottom: 10px !important;}&#8221;][vc_column][\/vc_column][\/vc_row][vc_row css=&#8221;.vc_custom_1661424638916{margin-bottom: 10px !important;}&#8221;][vc_column][\/vc_column][\/vc_row][vc_row css=&#8221;.vc_custom_1661424649765{margin-bottom: 10px !important;}&#8221;][vc_column][\/vc_column][\/vc_row][vc_row css=&#8221;.vc_custom_1661424649765{margin-bottom: 10px !important;}&#8221;][vc_column][\/vc_column][\/vc_row][vc_row css=&#8221;.vc_custom_1661424649765{margin-bottom: 10px !important;}&#8221;][vc_column][\/vc_column][\/vc_row][vc_row css=&#8221;.vc_custom_1661424649765{margin-bottom: 10px !important;}&#8221;][vc_column][\/vc_column][\/vc_row]<\/p>\n","protected":false},"featured_media":65181,"template":"","meta":{"_acf_changed":false},"product_brand":[],"product_cat":[8471],"product_tag":[8477,8485,8522,8523,8524,8774,9135,8499,9133,8510,9134,8775],"class_list":{"0":"post-73898","1":"product","2":"type-product","3":"status-publish","4":"has-post-thumbnail","6":"product_cat-leinwandbilder-einteilige","7":"product_tag-abstrakte-gemaelde-de","8":"product_tag-dekorative-gemaelde","9":"product_tag-gemaelde-auf-leinwand","10":"product_tag-gemaelde-fuer-das-wohnzimmer","11":"product_tag-gemaelde-fuer-die-wand","12":"product_tag-gemalde-fur-wohnzimmer-3","13":"product_tag-kunst-gemalde","14":"product_tag-moderne-gemalde-de","15":"product_tag-online-galerie","16":"product_tag-verkauf-von-gemaelden","17":"product_tag-wanddekoration","18":"product_tag-wandgemalde-1","19":"pa_dimenzija-100-cm-x-139-cm-de","20":"pa_dimenzija-110-cm-x-153-cm-de","21":"pa_dimenzija-120-cm-x-167-cm-de","22":"pa_dimenzija-130-cm-x-181-cm-de","23":"pa_dimenzija-140-cm-x-195-cm-de","24":"pa_dimenzija-150-cm-x-209-cm-de","25":"pa_dimenzija-160-cm-x-223-cm-de","26":"pa_dimenzija-170-cm-x-237-cm-de","27":"pa_dimenzija-180-cm-x-251-cm-de","28":"pa_dimenzija-200-cm-x-279-cm-de","29":"pa_dimenzija-40-cm-x-55-cm-de","30":"pa_dimenzija-50-cm-x-69-cm-de","31":"pa_dimenzija-60-cm-x-83-cm-de","32":"pa_dimenzija-70-cm-x-97-cm-de","33":"pa_dimenzija-80-cm-x-111-cm-de","34":"pa_dimenzija-90-cm-x-125-cm-de","35":"pa_oblika-vertikal","36":"pa_okvir-ohne-rahmen","37":"pa_podokvir-ja","38":"pa_podokvir-nein","40":"first","41":"onbackorder","42":"purchasable","43":"product-type-variable","44":"has-default-attributes"},"acf":[],"yoast_head":"<!-- This site is optimized with the Yoast SEO Premium plugin v26.0 (Yoast SEO v27.2) - https:\/\/yoast.com\/product\/yoast-seo-premium-wordpress\/ -->\n<title>Leinwandbilder - Gem\u00e4lde - E161 - SVETSLIK.SI - 100% handgemalt<\/title>\n<meta name=\"description\" content=\"Leinwandbilder - Gem\u00e4lde - E161 - 100% handgemalte Leinwandbilder. Verkauf von abstrakter Kunst, modernen Gem\u00e4lden, Reproduktionen bekannter Maler, individuelle Anfertigung von Gem\u00e4lden und Bilderrahmung.\" \/>\n<meta name=\"robots\" content=\"index, follow, max-snippet:-1, max-image-preview:large, max-video-preview:-1\" \/>\n<link rel=\"canonical\" href=\"https:\/\/svetslik.si\/de\/leinwandbilder-einteilige\/leinwandbilder-gemalde-e161\/\" \/>\n<meta property=\"og:locale\" content=\"de_DE\" \/>\n<meta property=\"og:type\" content=\"article\" \/>\n<meta property=\"og:title\" content=\"Leinwandbilder - Gem\u00e4lde - E161\" \/>\n<meta property=\"og:description\" content=\"100% ro\u010dno naslikane slike na platnu, reprodukcije znanih slikarjev in umetni\u0161ke slike po naro\u010dilu.\" \/>\n<meta property=\"og:url\" content=\"https:\/\/svetslik.si\/de\/leinwandbilder-einteilige\/leinwandbilder-gemalde-e161\/\" \/>\n<meta property=\"og:site_name\" content=\"SVETSLIK.SI\" \/>\n<meta property=\"article:publisher\" content=\"https:\/\/www.facebook.com\/svetslik.si\" \/>\n<meta property=\"article:modified_time\" content=\"2024-07-04T15:03:34+00:00\" \/>\n<meta property=\"og:image\" content=\"https:\/\/svetslik.si\/wp-content\/uploads\/2022\/10\/slike-na-platnu-W161-5.jpg\" \/>\n\t<meta property=\"og:image:width\" content=\"552\" \/>\n\t<meta property=\"og:image:height\" content=\"737\" \/>\n\t<meta property=\"og:image:type\" content=\"image\/jpeg\" \/>\n<meta name=\"twitter:card\" content=\"summary_large_image\" \/>\n<meta name=\"twitter:site\" content=\"@svetslik\" \/>\n<meta name=\"twitter:label1\" content=\"Verf\u00fcgbarkeit\" \/>\n\t<meta name=\"twitter:data1\" content=\"bei Nachbestellung\" \/>\n<script type=\"application\/ld+json\" class=\"yoast-schema-graph\">{\"@context\":\"https:\/\/schema.org\",\"@graph\":[{\"@type\":[\"WebPage\",\"ItemPage\"],\"@id\":\"https:\/\/svetslik.si\/de\/leinwandbilder-einteilige\/leinwandbilder-gemalde-e161\/\",\"url\":\"https:\/\/svetslik.si\/de\/leinwandbilder-einteilige\/leinwandbilder-gemalde-e161\/\",\"name\":\"Leinwandbilder - Gem\u00e4lde - E161 - SVETSLIK.SI - 100% handgemalt\",\"isPartOf\":{\"@id\":\"https:\/\/svetslik.si\/de\/#website\"},\"primaryImageOfPage\":{\"@id\":\"https:\/\/svetslik.si\/de\/leinwandbilder-einteilige\/leinwandbilder-gemalde-e161\/#primaryimage\"},\"image\":{\"@id\":\"https:\/\/svetslik.si\/de\/leinwandbilder-einteilige\/leinwandbilder-gemalde-e161\/#primaryimage\"},\"thumbnailUrl\":\"https:\/\/svetslik.si\/wp-content\/uploads\/2022\/10\/slike-na-platnu-W161-5.jpg\",\"datePublished\":\"2022-10-25T11:53:48+00:00\",\"dateModified\":\"2024-07-04T15:03:34+00:00\",\"description\":\"Leinwandbilder - Gem\u00e4lde - E161 - 100% handgemalte Leinwandbilder. Verkauf von abstrakter Kunst, modernen Gem\u00e4lden, Reproduktionen bekannter Maler, individuelle Anfertigung von Gem\u00e4lden und Bilderrahmung.\",\"breadcrumb\":{\"@id\":\"https:\/\/svetslik.si\/de\/leinwandbilder-einteilige\/leinwandbilder-gemalde-e161\/#breadcrumb\"},\"inLanguage\":\"de\",\"potentialAction\":[{\"@type\":\"ReadAction\",\"target\":[\"https:\/\/svetslik.si\/de\/leinwandbilder-einteilige\/leinwandbilder-gemalde-e161\/\"]}]},{\"@type\":\"ImageObject\",\"inLanguage\":\"de\",\"@id\":\"https:\/\/svetslik.si\/de\/leinwandbilder-einteilige\/leinwandbilder-gemalde-e161\/#primaryimage\",\"url\":\"https:\/\/svetslik.si\/wp-content\/uploads\/2022\/10\/slike-na-platnu-W161-5.jpg\",\"contentUrl\":\"https:\/\/svetslik.si\/wp-content\/uploads\/2022\/10\/slike-na-platnu-W161-5.jpg\",\"width\":552,\"height\":737,\"caption\":\"Leinwandbilder \u2013 Gem\u00e4lde \u2013 E161 - 100% handgemalte - abstrakter Kunst - gem\u00e4lde kaufen - modernen Gem\u00e4lden - wandbilder wohnzimmer - ber\u00fchmtes gem\u00e4lde - \u00f6lgem\u00e4lde - bilderrahmen\"},{\"@type\":\"BreadcrumbList\",\"@id\":\"https:\/\/svetslik.si\/de\/leinwandbilder-einteilige\/leinwandbilder-gemalde-e161\/#breadcrumb\",\"itemListElement\":[{\"@type\":\"ListItem\",\"position\":1,\"name\":\"Wandkunst und Gem\u00e4lde auf Leinwand\",\"item\":\"https:\/\/svetslik.si\/de\/\"},{\"@type\":\"ListItem\",\"position\":2,\"name\":\"Verkauf von Gem\u00e4lden\",\"item\":\"https:\/\/svetslik.si\/prodaja-slik\/\"},{\"@type\":\"ListItem\",\"position\":3,\"name\":\"Leinwandbilder &#8211; Gem\u00e4lde &#8211; E161\"}]},{\"@type\":\"WebSite\",\"@id\":\"https:\/\/svetslik.si\/de\/#website\",\"url\":\"https:\/\/svetslik.si\/de\/\",\"name\":\"SVETSLIK.SI\",\"description\":\"100% handgemalte Reproduktionen von Gem\u00e4lden ber\u00fchmter Maler und Gem\u00e4lde auf Leinwand.\",\"publisher\":{\"@id\":\"https:\/\/svetslik.si\/de\/#organization\"},\"potentialAction\":[{\"@type\":\"SearchAction\",\"target\":{\"@type\":\"EntryPoint\",\"urlTemplate\":\"https:\/\/svetslik.si\/de\/?s={search_term_string}\"},\"query-input\":{\"@type\":\"PropertyValueSpecification\",\"valueRequired\":true,\"valueName\":\"search_term_string\"}}],\"inLanguage\":\"de\"},{\"@type\":\"Organization\",\"@id\":\"https:\/\/svetslik.si\/de\/#organization\",\"name\":\"SvetSlik.si\",\"url\":\"https:\/\/svetslik.si\/de\/\",\"logo\":{\"@type\":\"ImageObject\",\"inLanguage\":\"de\",\"@id\":\"https:\/\/svetslik.si\/de\/#\/schema\/logo\/image\/\",\"url\":\"https:\/\/svetslik.si\/wp-content\/uploads\/2020\/12\/logo-512.png\",\"contentUrl\":\"https:\/\/svetslik.si\/wp-content\/uploads\/2020\/12\/logo-512.png\",\"width\":512,\"height\":512,\"caption\":\"SvetSlik.si\"},\"image\":{\"@id\":\"https:\/\/svetslik.si\/de\/#\/schema\/logo\/image\/\"},\"sameAs\":[\"https:\/\/www.facebook.com\/svetslik.si\",\"https:\/\/x.com\/svetslik\",\"https:\/\/www.instagram.com\/svetslik.si\/\",\"https:\/\/www.linkedin.com\/company\/svetslik-si\"]}]}<\/script>\n<meta property=\"og:availability\" content=\"backorder\" \/>\n<meta property=\"product:availability\" content=\"available for order\" \/>\n<meta property=\"product:retailer_item_id\" content=\"1130_11-2\" \/>\n<meta property=\"product:condition\" content=\"new\" \/>\n<!-- \/ Yoast SEO Premium plugin. -->","yoast_head_json":{"title":"Leinwandbilder - Gem\u00e4lde - E161 - SVETSLIK.SI - 100% handgemalt","description":"Leinwandbilder - Gem\u00e4lde - E161 - 100% handgemalte Leinwandbilder. Verkauf von abstrakter Kunst, modernen Gem\u00e4lden, Reproduktionen bekannter Maler, individuelle Anfertigung von Gem\u00e4lden und Bilderrahmung.","robots":{"index":"index","follow":"follow","max-snippet":"max-snippet:-1","max-image-preview":"max-image-preview:large","max-video-preview":"max-video-preview:-1"},"canonical":"https:\/\/svetslik.si\/de\/leinwandbilder-einteilige\/leinwandbilder-gemalde-e161\/","og_locale":"de_DE","og_type":"article","og_title":"Leinwandbilder - Gem\u00e4lde - E161","og_description":"100% ro\u010dno naslikane slike na platnu, reprodukcije znanih slikarjev in umetni\u0161ke slike po naro\u010dilu.","og_url":"https:\/\/svetslik.si\/de\/leinwandbilder-einteilige\/leinwandbilder-gemalde-e161\/","og_site_name":"SVETSLIK.SI","article_publisher":"https:\/\/www.facebook.com\/svetslik.si","article_modified_time":"2024-07-04T15:03:34+00:00","og_image":[{"width":552,"height":737,"url":"https:\/\/svetslik.si\/wp-content\/uploads\/2022\/10\/slike-na-platnu-W161-5.jpg","type":"image\/jpeg"}],"twitter_card":"summary_large_image","twitter_site":"@svetslik","twitter_misc":{"Verf\u00fcgbarkeit":"bei Nachbestellung"},"schema":{"@context":"https:\/\/schema.org","@graph":[{"@type":["WebPage","ItemPage"],"@id":"https:\/\/svetslik.si\/de\/leinwandbilder-einteilige\/leinwandbilder-gemalde-e161\/","url":"https:\/\/svetslik.si\/de\/leinwandbilder-einteilige\/leinwandbilder-gemalde-e161\/","name":"Leinwandbilder - Gem\u00e4lde - E161 - SVETSLIK.SI - 100% handgemalt","isPartOf":{"@id":"https:\/\/svetslik.si\/de\/#website"},"primaryImageOfPage":{"@id":"https:\/\/svetslik.si\/de\/leinwandbilder-einteilige\/leinwandbilder-gemalde-e161\/#primaryimage"},"image":{"@id":"https:\/\/svetslik.si\/de\/leinwandbilder-einteilige\/leinwandbilder-gemalde-e161\/#primaryimage"},"thumbnailUrl":"https:\/\/svetslik.si\/wp-content\/uploads\/2022\/10\/slike-na-platnu-W161-5.jpg","datePublished":"2022-10-25T11:53:48+00:00","dateModified":"2024-07-04T15:03:34+00:00","description":"Leinwandbilder - Gem\u00e4lde - E161 - 100% handgemalte Leinwandbilder. Verkauf von abstrakter Kunst, modernen Gem\u00e4lden, Reproduktionen bekannter Maler, individuelle Anfertigung von Gem\u00e4lden und Bilderrahmung.","breadcrumb":{"@id":"https:\/\/svetslik.si\/de\/leinwandbilder-einteilige\/leinwandbilder-gemalde-e161\/#breadcrumb"},"inLanguage":"de","potentialAction":[{"@type":"ReadAction","target":["https:\/\/svetslik.si\/de\/leinwandbilder-einteilige\/leinwandbilder-gemalde-e161\/"]}]},{"@type":"ImageObject","inLanguage":"de","@id":"https:\/\/svetslik.si\/de\/leinwandbilder-einteilige\/leinwandbilder-gemalde-e161\/#primaryimage","url":"https:\/\/svetslik.si\/wp-content\/uploads\/2022\/10\/slike-na-platnu-W161-5.jpg","contentUrl":"https:\/\/svetslik.si\/wp-content\/uploads\/2022\/10\/slike-na-platnu-W161-5.jpg","width":552,"height":737,"caption":"Leinwandbilder \u2013 Gem\u00e4lde \u2013 E161 - 100% handgemalte - abstrakter Kunst - gem\u00e4lde kaufen - modernen Gem\u00e4lden - wandbilder wohnzimmer - ber\u00fchmtes gem\u00e4lde - \u00f6lgem\u00e4lde - bilderrahmen"},{"@type":"BreadcrumbList","@id":"https:\/\/svetslik.si\/de\/leinwandbilder-einteilige\/leinwandbilder-gemalde-e161\/#breadcrumb","itemListElement":[{"@type":"ListItem","position":1,"name":"Wandkunst und Gem\u00e4lde auf Leinwand","item":"https:\/\/svetslik.si\/de\/"},{"@type":"ListItem","position":2,"name":"Verkauf von Gem\u00e4lden","item":"https:\/\/svetslik.si\/prodaja-slik\/"},{"@type":"ListItem","position":3,"name":"Leinwandbilder &#8211; Gem\u00e4lde &#8211; E161"}]},{"@type":"WebSite","@id":"https:\/\/svetslik.si\/de\/#website","url":"https:\/\/svetslik.si\/de\/","name":"SVETSLIK.SI","description":"100% handgemalte Reproduktionen von Gem\u00e4lden ber\u00fchmter Maler und Gem\u00e4lde auf Leinwand.","publisher":{"@id":"https:\/\/svetslik.si\/de\/#organization"},"potentialAction":[{"@type":"SearchAction","target":{"@type":"EntryPoint","urlTemplate":"https:\/\/svetslik.si\/de\/?s={search_term_string}"},"query-input":{"@type":"PropertyValueSpecification","valueRequired":true,"valueName":"search_term_string"}}],"inLanguage":"de"},{"@type":"Organization","@id":"https:\/\/svetslik.si\/de\/#organization","name":"SvetSlik.si","url":"https:\/\/svetslik.si\/de\/","logo":{"@type":"ImageObject","inLanguage":"de","@id":"https:\/\/svetslik.si\/de\/#\/schema\/logo\/image\/","url":"https:\/\/svetslik.si\/wp-content\/uploads\/2020\/12\/logo-512.png","contentUrl":"https:\/\/svetslik.si\/wp-content\/uploads\/2020\/12\/logo-512.png","width":512,"height":512,"caption":"SvetSlik.si"},"image":{"@id":"https:\/\/svetslik.si\/de\/#\/schema\/logo\/image\/"},"sameAs":["https:\/\/www.facebook.com\/svetslik.si","https:\/\/x.com\/svetslik","https:\/\/www.instagram.com\/svetslik.si\/","https:\/\/www.linkedin.com\/company\/svetslik-si"]}]},"og_availability":"backorder","product_availability":"available for order","product_retailer_item_id":"1130_11-2","product_condition":"new"},"jetpack_sharing_enabled":true,"_links":{"self":[{"href":"https:\/\/svetslik.si\/de\/wp-json\/wp\/v2\/product\/73898","targetHints":{"allow":["GET"]}}],"collection":[{"href":"https:\/\/svetslik.si\/de\/wp-json\/wp\/v2\/product"}],"about":[{"href":"https:\/\/svetslik.si\/de\/wp-json\/wp\/v2\/types\/product"}],"wp:featuredmedia":[{"embeddable":true,"href":"https:\/\/svetslik.si\/de\/wp-json\/wp\/v2\/media\/65181"}],"wp:attachment":[{"href":"https:\/\/svetslik.si\/de\/wp-json\/wp\/v2\/media?parent=73898"}],"wp:term":[{"taxonomy":"product_brand","embeddable":true,"href":"https:\/\/svetslik.si\/de\/wp-json\/wp\/v2\/product_brand?post=73898"},{"taxonomy":"product_cat","embeddable":true,"href":"https:\/\/svetslik.si\/de\/wp-json\/wp\/v2\/product_cat?post=73898"},{"taxonomy":"product_tag","embeddable":true,"href":"https:\/\/svetslik.si\/de\/wp-json\/wp\/v2\/product_tag?post=73898"}],"curies":[{"name":"wp","href":"https:\/\/api.w.org\/{rel}","templated":true}]}}