{"id":74137,"date":"2022-12-13T17:44:28","date_gmt":"2022-12-13T16:44:28","guid":{"rendered":"https:\/\/svetslik.si\/unkategorisiert\/amedeo-modigliani-seated-nude\/"},"modified":"2026-03-22T19:16:20","modified_gmt":"2026-03-22T18:16:20","slug":"amedeo-modigliani-seated-nude","status":"publish","type":"product","link":"https:\/\/svetslik.si\/de\/amedeo-modigliani-de\/amedeo-modigliani-seated-nude\/","title":{"rendered":"Amedeo Modigliani &#8211; Seated Nude"},"content":{"rendered":"<div class=\"wpb-content-wrapper\">[vc_row css=&#8221;.vc_custom_1670950240403{margin-bottom: 10px !important;}&#8221;][vc_column]\t<div class=\"et-image-787 et-image     et_image_link\">\n\t\t<div class=\"et-image-inner \">\n\t\t\t\t\t\t\t<div class=\"et-image-thumb \">\n\t\t\t\t\t<img decoding=\"async\" width=\"1805\" height=\"2252\" src=\"https:\/\/svetslik.si\/wp-content\/uploads\/2022\/12\/Amedeo-Modigliani-Seated-Nude.jpg\" class=\"attachment-full\" alt=\"Amedeo Modigliani - Sitzender Akt - Gem\u00e4lde, Leinwandbilder - 100% handgemalte - Reproduktionen ber\u00fchmter Gem\u00e4lde - Gem\u00e4lde kaufen - Wandbilder Wohnzimmer - Ber\u00fchmtes Gem\u00e4lde - \u00d6lgem\u00e4lde - Bilderrahmen\" title=\"Amedeo Modigliani - Sitzender Akt - Gem\u00e4lde, Leinwandbilder - 100% handgemalte - Reproduktionen ber\u00fchmter Gem\u00e4lde - Gem\u00e4lde kaufen - Wandbilder Wohnzimmer - Ber\u00fchmtes Gem\u00e4lde - \u00d6lgem\u00e4lde - Bilderrahmen\" srcset=\"https:\/\/svetslik.si\/wp-content\/uploads\/2022\/12\/Amedeo-Modigliani-Seated-Nude.jpg 1805w, https:\/\/svetslik.si\/wp-content\/uploads\/2022\/12\/Amedeo-Modigliani-Seated-Nude-600x749.jpg 600w, https:\/\/svetslik.si\/wp-content\/uploads\/2022\/12\/Amedeo-Modigliani-Seated-Nude-1200x1497.jpg 1200w, https:\/\/svetslik.si\/wp-content\/uploads\/2022\/12\/Amedeo-Modigliani-Seated-Nude-240x300.jpg 240w, https:\/\/svetslik.si\/wp-content\/uploads\/2022\/12\/Amedeo-Modigliani-Seated-Nude-821x1024.jpg 821w, https:\/\/svetslik.si\/wp-content\/uploads\/2022\/12\/Amedeo-Modigliani-Seated-Nude-768x958.jpg 768w, https:\/\/svetslik.si\/wp-content\/uploads\/2022\/12\/Amedeo-Modigliani-Seated-Nude-1231x1536.jpg 1231w, https:\/\/svetslik.si\/wp-content\/uploads\/2022\/12\/Amedeo-Modigliani-Seated-Nude-1641x2048.jpg 1641w, https:\/\/svetslik.si\/wp-content\/uploads\/2022\/12\/Amedeo-Modigliani-Seated-Nude-10x12.jpg 10w, https:\/\/svetslik.si\/wp-content\/uploads\/2022\/12\/Amedeo-Modigliani-Seated-Nude-120x150.jpg 120w, https:\/\/svetslik.si\/wp-content\/uploads\/2022\/12\/Amedeo-Modigliani-Seated-Nude-1320x1647.jpg 1320w\" sizes=\"(max-width: 1805px) 100vw, 1805px\" \/>\t\t\t\t<\/div>\n\t\t\t\t\t\t\t\t\t\t\t<\/div>\n\t<\/div>\n  [\/vc_column][\/vc_row][vc_row css =&#8221;.vc_custom_1670950240403{margin-bottom: 10px !important;}&#8221;][vc_column]\t<div class=\"et-image-172 et-image     et_image_link\">\n\t\t<div class=\"et-image-inner \">\n\t\t\t\t\t\t\t<div class=\"et-image-thumb \">\n\t\t\t\t\t<img decoding=\"async\" width=\"1860\" height=\"2560\" src=\"https:\/\/svetslik.si\/wp-content\/uploads\/2022\/12\/Amedeo-Modigliani-Seated-Nude-1-scaled.jpg\" class=\"attachment-full\" alt=\"Amedeo Modigliani - Sitzender Akt - Gem\u00e4lde, Leinwandbilder - 100% handgemalte - Reproduktionen ber\u00fchmter Gem\u00e4lde - Gem\u00e4lde kaufen - Wandbilder Wohnzimmer - Ber\u00fchmtes Gem\u00e4lde - \u00d6lgem\u00e4lde - Bilderrahmen\" title=\"Amedeo Modigliani - Sitzender Akt - Gem\u00e4lde, Leinwandbilder - 100% handgemalte - Reproduktionen ber\u00fchmter Gem\u00e4lde - Gem\u00e4lde kaufen - Wandbilder Wohnzimmer - Ber\u00fchmtes Gem\u00e4lde - \u00d6lgem\u00e4lde - Bilderrahmen\" srcset=\"https:\/\/svetslik.si\/wp-content\/uploads\/2022\/12\/Amedeo-Modigliani-Seated-Nude-1-scaled.jpg 1860w, https:\/\/svetslik.si\/wp-content\/uploads\/2022\/12\/Amedeo-Modigliani-Seated-Nude-1-scaled-600x826.jpg 600w, https:\/\/svetslik.si\/wp-content\/uploads\/2022\/12\/Amedeo-Modigliani-Seated-Nude-1-scaled-1200x1652.jpg 1200w, https:\/\/svetslik.si\/wp-content\/uploads\/2022\/12\/Amedeo-Modigliani-Seated-Nude-1-218x300.jpg 218w, https:\/\/svetslik.si\/wp-content\/uploads\/2022\/12\/Amedeo-Modigliani-Seated-Nude-1-744x1024.jpg 744w, https:\/\/svetslik.si\/wp-content\/uploads\/2022\/12\/Amedeo-Modigliani-Seated-Nude-1-768x1057.jpg 768w, https:\/\/svetslik.si\/wp-content\/uploads\/2022\/12\/Amedeo-Modigliani-Seated-Nude-1-1116x1536.jpg 1116w, https:\/\/svetslik.si\/wp-content\/uploads\/2022\/12\/Amedeo-Modigliani-Seated-Nude-1-1488x2048.jpg 1488w, https:\/\/svetslik.si\/wp-content\/uploads\/2022\/12\/Amedeo-Modigliani-Seated-Nude-1-9x12.jpg 9w, https:\/\/svetslik.si\/wp-content\/uploads\/2022\/12\/Amedeo-Modigliani-Seated-Nude-1-109x150.jpg 109w, https:\/\/svetslik.si\/wp-content\/uploads\/2022\/12\/Amedeo-Modigliani-Seated-Nude-1-1320x1817.jpg 1320w\" sizes=\"(max-width: 1860px) 100vw, 1860px\" \/>\t\t\t\t<\/div>\n\t\t\t\t\t\t\t\t\t\t\t<\/div>\n\t<\/div>\n  [\/vc_column][\/vc_row][vc_row css=&#8221;. vc_custom_1670950240403 {margin-bottom: 10px! 403 {Margin -bottom: 10px !important;}&#8221;][vc_column]\t<div class=\"et-image-158 et-image     et_image_link\">\n\t\t<div class=\"et-image-inner \">\n\t\t\t\t\t\t\t<div class=\"et-image-thumb \">\n\t\t\t\t\t<img decoding=\"async\" width=\"2560\" height=\"1441\" src=\"https:\/\/svetslik.si\/wp-content\/uploads\/2022\/12\/Amedeo-Modigliani-Seated-Nude-3-scaled.jpg\" class=\"attachment-full\" alt=\"Amedeo Modigliani - Sitzender Akt - Gem\u00e4lde, Leinwandbilder - 100% handgemalte - Reproduktionen ber\u00fchmter Gem\u00e4lde - Gem\u00e4lde kaufen - Wandbilder Wohnzimmer - Ber\u00fchmtes Gem\u00e4lde - \u00d6lgem\u00e4lde - Bilderrahmen\" title=\"Amedeo Modigliani - Sitzender Akt - Gem\u00e4lde, Leinwandbilder - 100% handgemalte - Reproduktionen ber\u00fchmter Gem\u00e4lde - Gem\u00e4lde kaufen - Wandbilder Wohnzimmer - Ber\u00fchmtes Gem\u00e4lde - \u00d6lgem\u00e4lde - Bilderrahmen\" srcset=\"https:\/\/svetslik.si\/wp-content\/uploads\/2022\/12\/Amedeo-Modigliani-Seated-Nude-3-scaled.jpg 2560w, https:\/\/svetslik.si\/wp-content\/uploads\/2022\/12\/Amedeo-Modigliani-Seated-Nude-3-scaled-600x338.jpg 600w, https:\/\/svetslik.si\/wp-content\/uploads\/2022\/12\/Amedeo-Modigliani-Seated-Nude-3-scaled-1200x675.jpg 1200w, https:\/\/svetslik.si\/wp-content\/uploads\/2022\/12\/Amedeo-Modigliani-Seated-Nude-3-300x169.jpg 300w, https:\/\/svetslik.si\/wp-content\/uploads\/2022\/12\/Amedeo-Modigliani-Seated-Nude-3-1024x577.jpg 1024w, https:\/\/svetslik.si\/wp-content\/uploads\/2022\/12\/Amedeo-Modigliani-Seated-Nude-3-768x432.jpg 768w, https:\/\/svetslik.si\/wp-content\/uploads\/2022\/12\/Amedeo-Modigliani-Seated-Nude-3-1536x865.jpg 1536w, https:\/\/svetslik.si\/wp-content\/uploads\/2022\/12\/Amedeo-Modigliani-Seated-Nude-3-2048x1153.jpg 2048w, https:\/\/svetslik.si\/wp-content\/uploads\/2022\/12\/Amedeo-Modigliani-Seated-Nude-3-18x10.jpg 18w, https:\/\/svetslik.si\/wp-content\/uploads\/2022\/12\/Amedeo-Modigliani-Seated-Nude-3-150x84.jpg 150w, https:\/\/svetslik.si\/wp-content\/uploads\/2022\/12\/Amedeo-Modigliani-Seated-Nude-3-1320x743.jpg 1320w\" sizes=\"(max-width: 2560px) 100vw, 2560px\" \/>\t\t\t\t<\/div>\n\t\t\t\t\t\t\t\t\t\t\t<\/div>\n\t<\/div>\n  [\/vc_column][\/vc_row][vc_row][vc_column][vc_column_text]\n<h1>Amedeo Modigliani \u2013 Sitzender Akt<\/h1>\n<p>&nbsp;<\/p>\n<table style=\"width: 619px\" border=\"0\" width=\"619\" cellpadding=\"0\">\n<tbody>\n<tr>\n<td style=\"width: 180px;height: 21px\" height=\"21\">Erstellungsjahr:<\/td>\n<td style=\"width: 439px\">1916<\/td>\n<\/tr>\n<tr>\n<td style=\"width: 180px;height: 21px\" height=\"21\">Originalgr\u00f6\u00dfe:<\/td>\n<td style=\"width: 439px\">92,4 cm \u00d7 59,8 cm<\/td>\n<\/tr>\n<tr>\n<td style=\"width: 180px;height: 21px\" height=\"21\">Lackstil:<\/td>\n<td style=\"width: 439px\">Expressionismus<\/td>\n<\/tr>\n<tr>\n<td style=\"width: 180px;height: 21px\" height=\"21\">Originaltechnik:<\/td>\n<td>\u00d6l auf Leinwand<\/td>\n<\/tr>\n<tr>\n<td style=\"width: 180px;height: 21px\" height=\"21\">Standort:<\/td>\n<td style=\"width: 439px\">National Gallery of Art in Washington, USA<\/td>\n<\/tr>\n<\/tbody>\n<colgroup>\n<col \/>\n<col \/> <\/colgroup>\n<\/table>\n<p>&nbsp;<\/p>\n<div><\/div>\n[\/vc_column_text][\/vc_column][\/vc_row]\n<\/div>","protected":false},"excerpt":{"rendered":"<p>[vc_row css=&#8221;.vc_custom_1670950240403{margin-bottom: 10px !important;}&#8221;][vc_column][\/vc_column][\/vc_row][vc_row css =&#8221;.vc_custom_1670950240403{margin-bottom: 10px !important;}&#8221;][vc_column][\/vc_column][\/vc_row][vc_row css=&#8221;. vc_custom_1670950240403 {margin-bottom: 10px! 403 {Margin -bottom: 10px !important;}&#8221;][vc_column][\/vc_column][\/vc_row][vc_row][vc_column][vc_column_text] Amedeo Modigliani \u2013 Sitzender Akt &nbsp; Erstellungsjahr: 1916 Originalgr\u00f6\u00dfe: 92,4 cm \u00d7 59,8 cm Lackstil: Expressionismus Originaltechnik: \u00d6l auf Leinwand Standort: National Gallery of Art in Washington, USA &nbsp; [\/vc_column_text][\/vc_column][\/vc_row]<\/p>\n","protected":false},"featured_media":65296,"template":"","meta":{"_acf_changed":false},"product_brand":[],"product_cat":[8455],"product_tag":[8521,8500,8513,8514],"class_list":{"0":"post-74137","1":"product","2":"type-product","3":"status-publish","4":"has-post-thumbnail","6":"product_cat-amedeo-modigliani-de","7":"product_tag-maler","8":"product_tag-modigliani-de","9":"product_tag-reproduktion","10":"product_tag-reproduktionen","11":"pa_dimenzija-100-x-150-cm","12":"pa_dimenzija-120-x-180-cm","13":"pa_dimenzija-40-x-60-cm","14":"pa_dimenzija-50-x-80-cm","15":"pa_dimenzija-60-x-92-cm","16":"pa_dimenzija-70-x-110-cm","17":"pa_dimenzija-80-x-120-cm","18":"pa_dimenzija-90-x-140-cm","19":"pa_oblika-vertikal","20":"pa_okvir-ohne-rahmen","21":"pa_podokvir-ja","22":"pa_podokvir-nein","24":"first","25":"onbackorder","26":"purchasable","27":"product-type-variable","28":"has-default-attributes"},"acf":[],"yoast_head":"<!-- This site is optimized with the Yoast SEO Premium plugin v26.0 (Yoast SEO v27.2) - https:\/\/yoast.com\/product\/yoast-seo-premium-wordpress\/ -->\n<title>Amedeo Modigliani - Seated Nude - SVETSLIK.SI - 100% handgemalt<\/title>\n<meta name=\"description\" content=\"Amedeo Modigliani - Seated Nude - 100% handgemalte Gem\u00e4lde - Verkauf von Reproduktionen ber\u00fchmter Gem\u00e4lde und abstrakter Kunst - Wandbilder f\u00fcr das Wohnzimmer\" \/>\n<meta name=\"robots\" content=\"index, follow, max-snippet:-1, max-image-preview:large, max-video-preview:-1\" \/>\n<link rel=\"canonical\" href=\"https:\/\/svetslik.si\/de\/amedeo-modigliani-de\/amedeo-modigliani-seated-nude\/\" \/>\n<meta property=\"og:locale\" content=\"de_DE\" \/>\n<meta property=\"og:type\" content=\"article\" \/>\n<meta property=\"og:title\" content=\"Amedeo Modigliani - Seated Nude\" \/>\n<meta property=\"og:description\" content=\"100% ro\u010dno naslikane slike na platnu, reprodukcije znanih slikarjev in umetni\u0161ke slike po naro\u010dilu.\" \/>\n<meta property=\"og:url\" content=\"https:\/\/svetslik.si\/de\/amedeo-modigliani-de\/amedeo-modigliani-seated-nude\/\" \/>\n<meta property=\"og:site_name\" content=\"SVETSLIK.SI\" \/>\n<meta property=\"article:publisher\" content=\"https:\/\/www.facebook.com\/svetslik.si\" \/>\n<meta property=\"article:modified_time\" content=\"2026-03-22T18:16:20+00:00\" \/>\n<meta property=\"og:image\" content=\"https:\/\/svetslik.si\/wp-content\/uploads\/2022\/12\/Amedeo_Modigliani_060-scaled.jpg\" \/>\n\t<meta property=\"og:image:width\" content=\"1655\" \/>\n\t<meta property=\"og:image:height\" content=\"2560\" \/>\n\t<meta property=\"og:image:type\" content=\"image\/jpeg\" \/>\n<meta name=\"twitter:card\" content=\"summary_large_image\" \/>\n<meta name=\"twitter:site\" content=\"@svetslik\" \/>\n<meta name=\"twitter:label1\" content=\"Verf\u00fcgbarkeit\" \/>\n\t<meta name=\"twitter:data1\" content=\"bei Nachbestellung\" \/>\n<script type=\"application\/ld+json\" class=\"yoast-schema-graph\">{\"@context\":\"https:\/\/schema.org\",\"@graph\":[{\"@type\":[\"WebPage\",\"ItemPage\"],\"@id\":\"https:\/\/svetslik.si\/de\/amedeo-modigliani-de\/amedeo-modigliani-seated-nude\/\",\"url\":\"https:\/\/svetslik.si\/de\/amedeo-modigliani-de\/amedeo-modigliani-seated-nude\/\",\"name\":\"Amedeo Modigliani - Seated Nude - SVETSLIK.SI - 100% handgemalt\",\"isPartOf\":{\"@id\":\"https:\/\/svetslik.si\/de\/#website\"},\"primaryImageOfPage\":{\"@id\":\"https:\/\/svetslik.si\/de\/amedeo-modigliani-de\/amedeo-modigliani-seated-nude\/#primaryimage\"},\"image\":{\"@id\":\"https:\/\/svetslik.si\/de\/amedeo-modigliani-de\/amedeo-modigliani-seated-nude\/#primaryimage\"},\"thumbnailUrl\":\"https:\/\/svetslik.si\/wp-content\/uploads\/2022\/12\/Amedeo_Modigliani_060-scaled.jpg\",\"datePublished\":\"2022-12-13T16:44:28+00:00\",\"dateModified\":\"2026-03-22T18:16:20+00:00\",\"description\":\"Amedeo Modigliani - Seated Nude - 100% handgemalte Gem\u00e4lde - Verkauf von Reproduktionen ber\u00fchmter Gem\u00e4lde und abstrakter Kunst - Wandbilder f\u00fcr das Wohnzimmer\",\"breadcrumb\":{\"@id\":\"https:\/\/svetslik.si\/de\/amedeo-modigliani-de\/amedeo-modigliani-seated-nude\/#breadcrumb\"},\"inLanguage\":\"de\",\"potentialAction\":[{\"@type\":\"ReadAction\",\"target\":[\"https:\/\/svetslik.si\/de\/amedeo-modigliani-de\/amedeo-modigliani-seated-nude\/\"]}]},{\"@type\":\"ImageObject\",\"inLanguage\":\"de\",\"@id\":\"https:\/\/svetslik.si\/de\/amedeo-modigliani-de\/amedeo-modigliani-seated-nude\/#primaryimage\",\"url\":\"https:\/\/svetslik.si\/wp-content\/uploads\/2022\/12\/Amedeo_Modigliani_060-scaled.jpg\",\"contentUrl\":\"https:\/\/svetslik.si\/wp-content\/uploads\/2022\/12\/Amedeo_Modigliani_060-scaled.jpg\",\"width\":1655,\"height\":2560,\"caption\":\"Amedeo Modigliani - Sitzender Akt - Gem\u00e4lde, Leinwandbilder - 100% handgemalte - Reproduktionen ber\u00fchmter Gem\u00e4lde - Gem\u00e4lde kaufen - Wandbilder Wohnzimmer - Ber\u00fchmtes Gem\u00e4lde - \u00d6lgem\u00e4lde - Bilderrahmen\"},{\"@type\":\"BreadcrumbList\",\"@id\":\"https:\/\/svetslik.si\/de\/amedeo-modigliani-de\/amedeo-modigliani-seated-nude\/#breadcrumb\",\"itemListElement\":[{\"@type\":\"ListItem\",\"position\":1,\"name\":\"Wandkunst und Gem\u00e4lde auf Leinwand\",\"item\":\"https:\/\/svetslik.si\/de\/\"},{\"@type\":\"ListItem\",\"position\":2,\"name\":\"Verkauf von Gem\u00e4lden\",\"item\":\"https:\/\/svetslik.si\/prodaja-slik\/\"},{\"@type\":\"ListItem\",\"position\":3,\"name\":\"Amedeo Modigliani &#8211; Seated Nude\"}]},{\"@type\":\"WebSite\",\"@id\":\"https:\/\/svetslik.si\/de\/#website\",\"url\":\"https:\/\/svetslik.si\/de\/\",\"name\":\"SVETSLIK.SI\",\"description\":\"100% handgemalte Reproduktionen von Gem\u00e4lden ber\u00fchmter Maler und Gem\u00e4lde auf Leinwand.\",\"publisher\":{\"@id\":\"https:\/\/svetslik.si\/de\/#organization\"},\"potentialAction\":[{\"@type\":\"SearchAction\",\"target\":{\"@type\":\"EntryPoint\",\"urlTemplate\":\"https:\/\/svetslik.si\/de\/?s={search_term_string}\"},\"query-input\":{\"@type\":\"PropertyValueSpecification\",\"valueRequired\":true,\"valueName\":\"search_term_string\"}}],\"inLanguage\":\"de\"},{\"@type\":\"Organization\",\"@id\":\"https:\/\/svetslik.si\/de\/#organization\",\"name\":\"SvetSlik.si\",\"url\":\"https:\/\/svetslik.si\/de\/\",\"logo\":{\"@type\":\"ImageObject\",\"inLanguage\":\"de\",\"@id\":\"https:\/\/svetslik.si\/de\/#\/schema\/logo\/image\/\",\"url\":\"https:\/\/svetslik.si\/wp-content\/uploads\/2020\/12\/logo-512.png\",\"contentUrl\":\"https:\/\/svetslik.si\/wp-content\/uploads\/2020\/12\/logo-512.png\",\"width\":512,\"height\":512,\"caption\":\"SvetSlik.si\"},\"image\":{\"@id\":\"https:\/\/svetslik.si\/de\/#\/schema\/logo\/image\/\"},\"sameAs\":[\"https:\/\/www.facebook.com\/svetslik.si\",\"https:\/\/x.com\/svetslik\",\"https:\/\/www.instagram.com\/svetslik.si\/\",\"https:\/\/www.linkedin.com\/company\/svetslik-si\"]}]}<\/script>\n<meta property=\"og:availability\" content=\"backorder\" \/>\n<meta property=\"product:availability\" content=\"available for order\" \/>\n<meta property=\"product:retailer_item_id\" content=\"357__-1\" \/>\n<meta property=\"product:condition\" content=\"new\" \/>\n<!-- \/ Yoast SEO Premium plugin. -->","yoast_head_json":{"title":"Amedeo Modigliani - Seated Nude - SVETSLIK.SI - 100% handgemalt","description":"Amedeo Modigliani - Seated Nude - 100% handgemalte Gem\u00e4lde - Verkauf von Reproduktionen ber\u00fchmter Gem\u00e4lde und abstrakter Kunst - Wandbilder f\u00fcr das Wohnzimmer","robots":{"index":"index","follow":"follow","max-snippet":"max-snippet:-1","max-image-preview":"max-image-preview:large","max-video-preview":"max-video-preview:-1"},"canonical":"https:\/\/svetslik.si\/de\/amedeo-modigliani-de\/amedeo-modigliani-seated-nude\/","og_locale":"de_DE","og_type":"article","og_title":"Amedeo Modigliani - Seated Nude","og_description":"100% ro\u010dno naslikane slike na platnu, reprodukcije znanih slikarjev in umetni\u0161ke slike po naro\u010dilu.","og_url":"https:\/\/svetslik.si\/de\/amedeo-modigliani-de\/amedeo-modigliani-seated-nude\/","og_site_name":"SVETSLIK.SI","article_publisher":"https:\/\/www.facebook.com\/svetslik.si","article_modified_time":"2026-03-22T18:16:20+00:00","og_image":[{"width":1655,"height":2560,"url":"https:\/\/svetslik.si\/wp-content\/uploads\/2022\/12\/Amedeo_Modigliani_060-scaled.jpg","type":"image\/jpeg"}],"twitter_card":"summary_large_image","twitter_site":"@svetslik","twitter_misc":{"Verf\u00fcgbarkeit":"bei Nachbestellung"},"schema":{"@context":"https:\/\/schema.org","@graph":[{"@type":["WebPage","ItemPage"],"@id":"https:\/\/svetslik.si\/de\/amedeo-modigliani-de\/amedeo-modigliani-seated-nude\/","url":"https:\/\/svetslik.si\/de\/amedeo-modigliani-de\/amedeo-modigliani-seated-nude\/","name":"Amedeo Modigliani - Seated Nude - SVETSLIK.SI - 100% handgemalt","isPartOf":{"@id":"https:\/\/svetslik.si\/de\/#website"},"primaryImageOfPage":{"@id":"https:\/\/svetslik.si\/de\/amedeo-modigliani-de\/amedeo-modigliani-seated-nude\/#primaryimage"},"image":{"@id":"https:\/\/svetslik.si\/de\/amedeo-modigliani-de\/amedeo-modigliani-seated-nude\/#primaryimage"},"thumbnailUrl":"https:\/\/svetslik.si\/wp-content\/uploads\/2022\/12\/Amedeo_Modigliani_060-scaled.jpg","datePublished":"2022-12-13T16:44:28+00:00","dateModified":"2026-03-22T18:16:20+00:00","description":"Amedeo Modigliani - Seated Nude - 100% handgemalte Gem\u00e4lde - Verkauf von Reproduktionen ber\u00fchmter Gem\u00e4lde und abstrakter Kunst - Wandbilder f\u00fcr das Wohnzimmer","breadcrumb":{"@id":"https:\/\/svetslik.si\/de\/amedeo-modigliani-de\/amedeo-modigliani-seated-nude\/#breadcrumb"},"inLanguage":"de","potentialAction":[{"@type":"ReadAction","target":["https:\/\/svetslik.si\/de\/amedeo-modigliani-de\/amedeo-modigliani-seated-nude\/"]}]},{"@type":"ImageObject","inLanguage":"de","@id":"https:\/\/svetslik.si\/de\/amedeo-modigliani-de\/amedeo-modigliani-seated-nude\/#primaryimage","url":"https:\/\/svetslik.si\/wp-content\/uploads\/2022\/12\/Amedeo_Modigliani_060-scaled.jpg","contentUrl":"https:\/\/svetslik.si\/wp-content\/uploads\/2022\/12\/Amedeo_Modigliani_060-scaled.jpg","width":1655,"height":2560,"caption":"Amedeo Modigliani - Sitzender Akt - Gem\u00e4lde, Leinwandbilder - 100% handgemalte - Reproduktionen ber\u00fchmter Gem\u00e4lde - Gem\u00e4lde kaufen - Wandbilder Wohnzimmer - Ber\u00fchmtes Gem\u00e4lde - \u00d6lgem\u00e4lde - Bilderrahmen"},{"@type":"BreadcrumbList","@id":"https:\/\/svetslik.si\/de\/amedeo-modigliani-de\/amedeo-modigliani-seated-nude\/#breadcrumb","itemListElement":[{"@type":"ListItem","position":1,"name":"Wandkunst und Gem\u00e4lde auf Leinwand","item":"https:\/\/svetslik.si\/de\/"},{"@type":"ListItem","position":2,"name":"Verkauf von Gem\u00e4lden","item":"https:\/\/svetslik.si\/prodaja-slik\/"},{"@type":"ListItem","position":3,"name":"Amedeo Modigliani &#8211; Seated Nude"}]},{"@type":"WebSite","@id":"https:\/\/svetslik.si\/de\/#website","url":"https:\/\/svetslik.si\/de\/","name":"SVETSLIK.SI","description":"100% handgemalte Reproduktionen von Gem\u00e4lden ber\u00fchmter Maler und Gem\u00e4lde auf Leinwand.","publisher":{"@id":"https:\/\/svetslik.si\/de\/#organization"},"potentialAction":[{"@type":"SearchAction","target":{"@type":"EntryPoint","urlTemplate":"https:\/\/svetslik.si\/de\/?s={search_term_string}"},"query-input":{"@type":"PropertyValueSpecification","valueRequired":true,"valueName":"search_term_string"}}],"inLanguage":"de"},{"@type":"Organization","@id":"https:\/\/svetslik.si\/de\/#organization","name":"SvetSlik.si","url":"https:\/\/svetslik.si\/de\/","logo":{"@type":"ImageObject","inLanguage":"de","@id":"https:\/\/svetslik.si\/de\/#\/schema\/logo\/image\/","url":"https:\/\/svetslik.si\/wp-content\/uploads\/2020\/12\/logo-512.png","contentUrl":"https:\/\/svetslik.si\/wp-content\/uploads\/2020\/12\/logo-512.png","width":512,"height":512,"caption":"SvetSlik.si"},"image":{"@id":"https:\/\/svetslik.si\/de\/#\/schema\/logo\/image\/"},"sameAs":["https:\/\/www.facebook.com\/svetslik.si","https:\/\/x.com\/svetslik","https:\/\/www.instagram.com\/svetslik.si\/","https:\/\/www.linkedin.com\/company\/svetslik-si"]}]},"og_availability":"backorder","product_availability":"available for order","product_retailer_item_id":"357__-1","product_condition":"new"},"jetpack_sharing_enabled":true,"_links":{"self":[{"href":"https:\/\/svetslik.si\/de\/wp-json\/wp\/v2\/product\/74137","targetHints":{"allow":["GET"]}}],"collection":[{"href":"https:\/\/svetslik.si\/de\/wp-json\/wp\/v2\/product"}],"about":[{"href":"https:\/\/svetslik.si\/de\/wp-json\/wp\/v2\/types\/product"}],"wp:featuredmedia":[{"embeddable":true,"href":"https:\/\/svetslik.si\/de\/wp-json\/wp\/v2\/media\/65296"}],"wp:attachment":[{"href":"https:\/\/svetslik.si\/de\/wp-json\/wp\/v2\/media?parent=74137"}],"wp:term":[{"taxonomy":"product_brand","embeddable":true,"href":"https:\/\/svetslik.si\/de\/wp-json\/wp\/v2\/product_brand?post=74137"},{"taxonomy":"product_cat","embeddable":true,"href":"https:\/\/svetslik.si\/de\/wp-json\/wp\/v2\/product_cat?post=74137"},{"taxonomy":"product_tag","embeddable":true,"href":"https:\/\/svetslik.si\/de\/wp-json\/wp\/v2\/product_tag?post=74137"}],"curies":[{"name":"wp","href":"https:\/\/api.w.org\/{rel}","templated":true}]}}