{"id":74155,"date":"2022-12-13T18:29:30","date_gmt":"2022-12-13T17:29:30","guid":{"rendered":"https:\/\/svetslik.si\/unkategorisiert\/amedeo-modigliani-reclining-nude-iii\/"},"modified":"2026-03-22T19:16:20","modified_gmt":"2026-03-22T18:16:20","slug":"amedeo-modigliani-reclining-nude-iii","status":"publish","type":"product","link":"https:\/\/svetslik.si\/de\/amedeo-modigliani-de\/amedeo-modigliani-reclining-nude-iii\/","title":{"rendered":"Amedeo Modigliani &#8211; Reclining Nude III"},"content":{"rendered":"<div class=\"wpb-content-wrapper\">[vc_row css=&#8221;.vc_custom_1670952860781{margin-bottom: 10px !important;}&#8221;][vc_column]\t<div class=\"et-image-317 et-image     et_image_link\">\n\t\t<div class=\"et-image-inner \">\n\t\t\t\t\t\t\t<div class=\"et-image-thumb \">\n\t\t\t\t\t<img decoding=\"async\" width=\"2560\" height=\"1782\" src=\"https:\/\/svetslik.si\/wp-content\/uploads\/2022\/12\/Amedeo-Modigliani-Reclining-Nude-III-scaled.jpg\" class=\"attachment-full\" alt=\"Amedeo Modigliani - Liegender Akt III - Gem\u00e4lde, Leinwandbilder\" title=\"Amedeo Modigliani - Liegender Akt III - Gem\u00e4lde, Leinwandbilder\" srcset=\"https:\/\/svetslik.si\/wp-content\/uploads\/2022\/12\/Amedeo-Modigliani-Reclining-Nude-III-scaled.jpg 2560w, https:\/\/svetslik.si\/wp-content\/uploads\/2022\/12\/Amedeo-Modigliani-Reclining-Nude-III-scaled-600x418.jpg 600w, https:\/\/svetslik.si\/wp-content\/uploads\/2022\/12\/Amedeo-Modigliani-Reclining-Nude-III-scaled-1200x835.jpg 1200w, https:\/\/svetslik.si\/wp-content\/uploads\/2022\/12\/Amedeo-Modigliani-Reclining-Nude-III-300x209.jpg 300w, https:\/\/svetslik.si\/wp-content\/uploads\/2022\/12\/Amedeo-Modigliani-Reclining-Nude-III-1024x713.jpg 1024w, https:\/\/svetslik.si\/wp-content\/uploads\/2022\/12\/Amedeo-Modigliani-Reclining-Nude-III-768x535.jpg 768w, https:\/\/svetslik.si\/wp-content\/uploads\/2022\/12\/Amedeo-Modigliani-Reclining-Nude-III-1536x1069.jpg 1536w, https:\/\/svetslik.si\/wp-content\/uploads\/2022\/12\/Amedeo-Modigliani-Reclining-Nude-III-2048x1426.jpg 2048w, https:\/\/svetslik.si\/wp-content\/uploads\/2022\/12\/Amedeo-Modigliani-Reclining-Nude-III-18x12.jpg 18w, https:\/\/svetslik.si\/wp-content\/uploads\/2022\/12\/Amedeo-Modigliani-Reclining-Nude-III-150x104.jpg 150w, https:\/\/svetslik.si\/wp-content\/uploads\/2022\/12\/Amedeo-Modigliani-Reclining-Nude-III-1320x919.jpg 1320w\" sizes=\"(max-width: 2560px) 100vw, 2560px\" \/>\t\t\t\t<\/div>\n\t\t\t\t\t\t\t\t\t\t\t<\/div>\n\t<\/div>\n  [\/vc_column][\/vc_row] [vc_row css=&#8221;.vc_custom_1670952860781{margin-bottom: 10px !important;}&#8221;][vc_column]\t<div class=\"et-image-661 et-image     et_image_link\">\n\t\t<div class=\"et-image-inner \">\n\t\t\t\t\t\t\t<div class=\"et-image-thumb \">\n\t\t\t\t\t<img decoding=\"async\" width=\"2189\" height=\"2252\" src=\"https:\/\/svetslik.si\/wp-content\/uploads\/2022\/12\/Amedeo-Modigliani-Reclining-Nude-III-2.jpg\" class=\"attachment-full\" alt=\"Amedeo Modigliani - Liegender Akt III - Gem\u00e4lde, Leinwandbilder\" title=\"Amedeo Modigliani - Liegender Akt III - Gem\u00e4lde, Leinwandbilder\" srcset=\"https:\/\/svetslik.si\/wp-content\/uploads\/2022\/12\/Amedeo-Modigliani-Reclining-Nude-III-2.jpg 2189w, https:\/\/svetslik.si\/wp-content\/uploads\/2022\/12\/Amedeo-Modigliani-Reclining-Nude-III-2-600x617.jpg 600w, https:\/\/svetslik.si\/wp-content\/uploads\/2022\/12\/Amedeo-Modigliani-Reclining-Nude-III-2-1200x1235.jpg 1200w, https:\/\/svetslik.si\/wp-content\/uploads\/2022\/12\/Amedeo-Modigliani-Reclining-Nude-III-2-292x300.jpg 292w, https:\/\/svetslik.si\/wp-content\/uploads\/2022\/12\/Amedeo-Modigliani-Reclining-Nude-III-2-995x1024.jpg 995w, https:\/\/svetslik.si\/wp-content\/uploads\/2022\/12\/Amedeo-Modigliani-Reclining-Nude-III-2-768x790.jpg 768w, https:\/\/svetslik.si\/wp-content\/uploads\/2022\/12\/Amedeo-Modigliani-Reclining-Nude-III-2-1493x1536.jpg 1493w, https:\/\/svetslik.si\/wp-content\/uploads\/2022\/12\/Amedeo-Modigliani-Reclining-Nude-III-2-1991x2048.jpg 1991w, https:\/\/svetslik.si\/wp-content\/uploads\/2022\/12\/Amedeo-Modigliani-Reclining-Nude-III-2-12x12.jpg 12w, https:\/\/svetslik.si\/wp-content\/uploads\/2022\/12\/Amedeo-Modigliani-Reclining-Nude-III-2-146x150.jpg 146w, https:\/\/svetslik.si\/wp-content\/uploads\/2022\/12\/Amedeo-Modigliani-Reclining-Nude-III-2-1320x1358.jpg 1320w\" sizes=\"(max-width: 2189px) 100vw, 2189px\" \/>\t\t\t\t<\/div>\n\t\t\t\t\t\t\t\t\t\t\t<\/div>\n\t<\/div>\n  [\/vc_column][\/vc_row][vc_row css =&#8221;.vc_custom_1670952860781{margin-bottom: 10px !important;}&#8221;][vc_column]\t<div class=\"et-image-306 et-image     et_image_link\">\n\t\t<div class=\"et-image-inner \">\n\t\t\t\t\t\t\t<div class=\"et-image-thumb \">\n\t\t\t\t\t<img decoding=\"async\" width=\"2560\" height=\"1441\" src=\"https:\/\/svetslik.si\/wp-content\/uploads\/2022\/12\/Amedeo-Modigliani-Reclining-Nude-III-3-scaled.jpg\" class=\"attachment-full\" alt=\"Amedeo Modigliani - Liegender Akt III - Gem\u00e4lde, Leinwandbilder\" title=\"Amedeo Modigliani - Liegender Akt III - Gem\u00e4lde, Leinwandbilder\" srcset=\"https:\/\/svetslik.si\/wp-content\/uploads\/2022\/12\/Amedeo-Modigliani-Reclining-Nude-III-3-scaled.jpg 2560w, https:\/\/svetslik.si\/wp-content\/uploads\/2022\/12\/Amedeo-Modigliani-Reclining-Nude-III-3-scaled-600x338.jpg 600w, https:\/\/svetslik.si\/wp-content\/uploads\/2022\/12\/Amedeo-Modigliani-Reclining-Nude-III-3-scaled-1200x675.jpg 1200w, https:\/\/svetslik.si\/wp-content\/uploads\/2022\/12\/Amedeo-Modigliani-Reclining-Nude-III-3-300x169.jpg 300w, https:\/\/svetslik.si\/wp-content\/uploads\/2022\/12\/Amedeo-Modigliani-Reclining-Nude-III-3-1024x577.jpg 1024w, https:\/\/svetslik.si\/wp-content\/uploads\/2022\/12\/Amedeo-Modigliani-Reclining-Nude-III-3-768x432.jpg 768w, https:\/\/svetslik.si\/wp-content\/uploads\/2022\/12\/Amedeo-Modigliani-Reclining-Nude-III-3-1536x865.jpg 1536w, https:\/\/svetslik.si\/wp-content\/uploads\/2022\/12\/Amedeo-Modigliani-Reclining-Nude-III-3-2048x1153.jpg 2048w, https:\/\/svetslik.si\/wp-content\/uploads\/2022\/12\/Amedeo-Modigliani-Reclining-Nude-III-3-18x10.jpg 18w, https:\/\/svetslik.si\/wp-content\/uploads\/2022\/12\/Amedeo-Modigliani-Reclining-Nude-III-3-150x84.jpg 150w, https:\/\/svetslik.si\/wp-content\/uploads\/2022\/12\/Amedeo-Modigliani-Reclining-Nude-III-3-1320x743.jpg 1320w\" sizes=\"(max-width: 2560px) 100vw, 2560px\" \/>\t\t\t\t<\/div>\n\t\t\t\t\t\t\t\t\t\t\t<\/div>\n\t<\/div>\n  [\/vc_column][\/vc_row][vc_row css=&#8221;. vc_custom_1670952860781{margin-bottom: 10px !important;}&#8221;][vc_column]\t<div class=\"et-image-38 et-image     et_image_link\">\n\t\t<div class=\"et-image-inner \">\n\t\t\t\t\t\t\t<div class=\"et-image-thumb \">\n\t\t\t\t\t<img decoding=\"async\" width=\"2560\" height=\"1441\" src=\"https:\/\/svetslik.si\/wp-content\/uploads\/2022\/12\/Amedeo-Modigliani-Reclining-Nude-III-4-scaled.jpg\" class=\"attachment-full\" alt=\"Amedeo Modigliani - Liegender Akt III - Gem\u00e4lde, Leinwandbilder\" title=\"Amedeo Modigliani - Liegender Akt III - Gem\u00e4lde, Leinwandbilder\" srcset=\"https:\/\/svetslik.si\/wp-content\/uploads\/2022\/12\/Amedeo-Modigliani-Reclining-Nude-III-4-scaled.jpg 2560w, https:\/\/svetslik.si\/wp-content\/uploads\/2022\/12\/Amedeo-Modigliani-Reclining-Nude-III-4-scaled-600x338.jpg 600w, https:\/\/svetslik.si\/wp-content\/uploads\/2022\/12\/Amedeo-Modigliani-Reclining-Nude-III-4-scaled-1200x675.jpg 1200w, https:\/\/svetslik.si\/wp-content\/uploads\/2022\/12\/Amedeo-Modigliani-Reclining-Nude-III-4-300x169.jpg 300w, https:\/\/svetslik.si\/wp-content\/uploads\/2022\/12\/Amedeo-Modigliani-Reclining-Nude-III-4-1024x577.jpg 1024w, https:\/\/svetslik.si\/wp-content\/uploads\/2022\/12\/Amedeo-Modigliani-Reclining-Nude-III-4-768x432.jpg 768w, https:\/\/svetslik.si\/wp-content\/uploads\/2022\/12\/Amedeo-Modigliani-Reclining-Nude-III-4-1536x865.jpg 1536w, https:\/\/svetslik.si\/wp-content\/uploads\/2022\/12\/Amedeo-Modigliani-Reclining-Nude-III-4-2048x1153.jpg 2048w, https:\/\/svetslik.si\/wp-content\/uploads\/2022\/12\/Amedeo-Modigliani-Reclining-Nude-III-4-18x10.jpg 18w, https:\/\/svetslik.si\/wp-content\/uploads\/2022\/12\/Amedeo-Modigliani-Reclining-Nude-III-4-150x84.jpg 150w, https:\/\/svetslik.si\/wp-content\/uploads\/2022\/12\/Amedeo-Modigliani-Reclining-Nude-III-4-1320x743.jpg 1320w\" sizes=\"(max-width: 2560px) 100vw, 2560px\" \/>\t\t\t\t<\/div>\n\t\t\t\t\t\t\t\t\t\t\t<\/div>\n\t<\/div>\n  [\/vc_column][\/vc_row][vc_row][vc_column][vc_column_text] <\/p>\n<h1>Amedeo Modigliani \u2013 Liegender Akt III<\/h1>\n<p>&nbsp;<\/p>\n<table style=\"width: 632px\" border=\"0\" width=\"632\" cellpadding=\"0\">\n<tbody>\n<tr>\n<td style=\"width: 180px;height: 21px\" height=\"21\">Erstellungsjahr:<\/td>\n<td style=\"width: 452px\">1917<\/td>\n<\/tr>\n<tr>\n<td style=\"width: 180px;height: 21px\" height=\"21\">Originalgr\u00f6\u00dfe:<\/td>\n<td style=\"width: 452px\">92,7 cm x 60,6 cm<\/td>\n<\/tr>\n<tr>\n<td style=\"width: 180px;height: 21px\" height=\"21\">Lackstil:<\/td>\n<td style=\"width: 452px\">Expressionismus<\/td>\n<\/tr>\n<tr>\n<td style=\"width: 180px;height: 21px\" height=\"21\">Originaltechnik:<\/td>\n<td>\u00d6l auf Leinwand<\/td>\n<\/tr>\n<tr>\n<td style=\"width: 180px;height: 21px\" height=\"21\">Standort:<\/td>\n<td style=\"width: 452px\">Privatsammlung, Klaus G. Perls<\/td>\n<\/tr>\n<\/tbody>\n<colgroup>\n<col \/> <\/colgroup>\n<\/table>\n<p>&nbsp;<\/p>\n<div>\n<p>Die \u00e4u\u00dferst gesch\u00e4tzte Gem\u00e4ldeserie mit dem Motiv nackter liegender Frauen entstand im Jahr 1916. In diesen Werken f\u00fchrt der Maler die Tradition fort, die Venus auf eine etwas andere Art und Weise darzustellen \u2013 die Erotik der fr\u00fchen traditionellen Figuren in der Gem\u00e4lde sind immer in einen mythologischen oder komischen Kontext verwickelt, w\u00e4hrend Modigliani damit nicht umgehen kann \u2013 seine Frauen auf der Leinwand sind direkt offenherzig und provokativ. In einer Serie von rund zwei Dutzend Gem\u00e4lden, in denen der K\u00fcnstler stets professionelle Models und nie Freundinnen oder Liebhaber darstellte, liegen die Figuren auf einer dunklen Bettdecke, die den Ton ihrer Haut betont; wir sehen sie aus der N\u00e4he und meist von oben. Ihre stilisierten K\u00f6rper nehmen fast die gesamte Leinwand ein, ihre H\u00e4nde und F\u00fc\u00dfe befinden sich oft au\u00dferhalb des Bildrahmens. Manchmal schlafend, oft dem Betrachter zugewandt, so auch diese anmutige Frauenfigur in einem der ber\u00fchmtesten Gem\u00e4lde aus der Serie dieses K\u00fcnstlers.<\/p>\n<\/div>\n<div>\n<p>&nbsp;<\/p>\n<\/div>\n[\/vc_column_text][\/vc_column][\/vc_row]\n<\/div>","protected":false},"excerpt":{"rendered":"<p>[vc_row css=&#8221;.vc_custom_1670952860781{margin-bottom: 10px !important;}&#8221;][vc_column][\/vc_column][\/vc_row] [vc_row css=&#8221;.vc_custom_1670952860781{margin-bottom: 10px !important;}&#8221;][vc_column][\/vc_column][\/vc_row][vc_row css =&#8221;.vc_custom_1670952860781{margin-bottom: 10px !important;}&#8221;][vc_column][\/vc_column][\/vc_row][vc_row css=&#8221;. vc_custom_1670952860781{margin-bottom: 10px !important;}&#8221;][vc_column][\/vc_column][\/vc_row][vc_row][vc_column][vc_column_text] Amedeo Modigliani \u2013 Liegender Akt III &nbsp; Erstellungsjahr: 1917 Originalgr\u00f6\u00dfe: 92,7 cm x 60,6 cm Lackstil: Expressionismus Originaltechnik: \u00d6l auf Leinwand Standort: Privatsammlung, Klaus G. Perls &nbsp; Die \u00e4u\u00dferst gesch\u00e4tzte Gem\u00e4ldeserie mit dem Motiv [&hellip;]<\/p>\n","protected":false},"featured_media":65306,"template":"","meta":{"_acf_changed":false},"product_brand":[],"product_cat":[8455],"product_tag":[8521,8500,8513,8514],"class_list":{"0":"post-74155","1":"product","2":"type-product","3":"status-publish","4":"has-post-thumbnail","6":"product_cat-amedeo-modigliani-de","7":"product_tag-maler","8":"product_tag-modigliani-de","9":"product_tag-reproduktion","10":"product_tag-reproduktionen","11":"pa_dimenzija-100-x-70-cm","12":"pa_dimenzija-120-x-80-cm","13":"pa_dimenzija-150-x-100-cm","14":"pa_dimenzija-180-x-120-cm","15":"pa_dimenzija-60-x-40-cm","16":"pa_dimenzija-70-x-45-cm","17":"pa_dimenzija-80-x-50-cm","18":"pa_dimenzija-93-x-61-cm","19":"pa_oblika-horizontal-de","20":"pa_okvir-ohne-rahmen","21":"pa_podokvir-ja","22":"pa_podokvir-nein","24":"first","25":"onbackorder","26":"purchasable","27":"product-type-variable","28":"has-default-attributes"},"acf":[],"yoast_head":"<!-- This site is optimized with the Yoast SEO Premium plugin v26.0 (Yoast SEO v27.2) - https:\/\/yoast.com\/product\/yoast-seo-premium-wordpress\/ -->\n<title>Amedeo Modigliani - Reclining Nude III - SVETSLIK.SI - 100% handgemalt<\/title>\n<meta name=\"description\" content=\"Amedeo Modigliani - Reclining Nude III - 100% handgemalte Gem\u00e4lde - Verkauf von Reproduktionen ber\u00fchmter Gem\u00e4lde und abstrakter Kunst - Wandbilder f\u00fcr das Wohnzimmer\" \/>\n<meta name=\"robots\" content=\"index, follow, max-snippet:-1, max-image-preview:large, max-video-preview:-1\" \/>\n<link rel=\"canonical\" href=\"https:\/\/svetslik.si\/de\/amedeo-modigliani-de\/amedeo-modigliani-reclining-nude-iii\/\" \/>\n<meta property=\"og:locale\" content=\"de_DE\" \/>\n<meta property=\"og:type\" content=\"article\" \/>\n<meta property=\"og:title\" content=\"Amedeo Modigliani - Reclining Nude III\" \/>\n<meta property=\"og:description\" content=\"100% ro\u010dno naslikane slike na platnu, reprodukcije znanih slikarjev in umetni\u0161ke slike po naro\u010dilu.\" \/>\n<meta property=\"og:url\" content=\"https:\/\/svetslik.si\/de\/amedeo-modigliani-de\/amedeo-modigliani-reclining-nude-iii\/\" \/>\n<meta property=\"og:site_name\" content=\"SVETSLIK.SI\" \/>\n<meta property=\"article:publisher\" content=\"https:\/\/www.facebook.com\/svetslik.si\" \/>\n<meta property=\"article:modified_time\" content=\"2026-03-22T18:16:20+00:00\" \/>\n<meta property=\"og:image\" content=\"https:\/\/svetslik.si\/wp-content\/uploads\/2022\/12\/Amadeo-Modigliani-Speci-Akt....jpg-1024x630.png\" \/>\n\t<meta property=\"og:image:width\" content=\"1024\" \/>\n\t<meta property=\"og:image:height\" content=\"630\" \/>\n\t<meta property=\"og:image:type\" content=\"image\/png\" \/>\n<meta name=\"twitter:card\" content=\"summary_large_image\" \/>\n<meta name=\"twitter:site\" content=\"@svetslik\" \/>\n<meta name=\"twitter:label1\" content=\"Verf\u00fcgbarkeit\" \/>\n\t<meta name=\"twitter:data1\" content=\"bei Nachbestellung\" \/>\n<script type=\"application\/ld+json\" class=\"yoast-schema-graph\">{\"@context\":\"https:\/\/schema.org\",\"@graph\":[{\"@type\":[\"WebPage\",\"ItemPage\"],\"@id\":\"https:\/\/svetslik.si\/de\/amedeo-modigliani-de\/amedeo-modigliani-reclining-nude-iii\/\",\"url\":\"https:\/\/svetslik.si\/de\/amedeo-modigliani-de\/amedeo-modigliani-reclining-nude-iii\/\",\"name\":\"Amedeo Modigliani - Reclining Nude III - SVETSLIK.SI - 100% handgemalt\",\"isPartOf\":{\"@id\":\"https:\/\/svetslik.si\/de\/#website\"},\"primaryImageOfPage\":{\"@id\":\"https:\/\/svetslik.si\/de\/amedeo-modigliani-de\/amedeo-modigliani-reclining-nude-iii\/#primaryimage\"},\"image\":{\"@id\":\"https:\/\/svetslik.si\/de\/amedeo-modigliani-de\/amedeo-modigliani-reclining-nude-iii\/#primaryimage\"},\"thumbnailUrl\":\"https:\/\/svetslik.si\/wp-content\/uploads\/2022\/12\/Amadeo-Modigliani-Speci-Akt....jpg-scaled.png\",\"datePublished\":\"2022-12-13T17:29:30+00:00\",\"dateModified\":\"2026-03-22T18:16:20+00:00\",\"description\":\"Amedeo Modigliani - Reclining Nude III - 100% handgemalte Gem\u00e4lde - Verkauf von Reproduktionen ber\u00fchmter Gem\u00e4lde und abstrakter Kunst - Wandbilder f\u00fcr das Wohnzimmer\",\"breadcrumb\":{\"@id\":\"https:\/\/svetslik.si\/de\/amedeo-modigliani-de\/amedeo-modigliani-reclining-nude-iii\/#breadcrumb\"},\"inLanguage\":\"de\",\"potentialAction\":[{\"@type\":\"ReadAction\",\"target\":[\"https:\/\/svetslik.si\/de\/amedeo-modigliani-de\/amedeo-modigliani-reclining-nude-iii\/\"]}]},{\"@type\":\"ImageObject\",\"inLanguage\":\"de\",\"@id\":\"https:\/\/svetslik.si\/de\/amedeo-modigliani-de\/amedeo-modigliani-reclining-nude-iii\/#primaryimage\",\"url\":\"https:\/\/svetslik.si\/wp-content\/uploads\/2022\/12\/Amadeo-Modigliani-Speci-Akt....jpg-scaled.png\",\"contentUrl\":\"https:\/\/svetslik.si\/wp-content\/uploads\/2022\/12\/Amadeo-Modigliani-Speci-Akt....jpg-scaled.png\",\"width\":2560,\"height\":1575,\"caption\":\"Amedeo Modigliani - Liegender Akt III - Gem\u00e4lde, Leinwandbilder - 100% handgemalte - Reproduktionen ber\u00fchmter Gem\u00e4lde - Gem\u00e4lde kaufen - Wandbilder Wohnzimmer - Ber\u00fchmtes Gem\u00e4lde - \u00d6lgem\u00e4lde - Bilderrahmen\"},{\"@type\":\"BreadcrumbList\",\"@id\":\"https:\/\/svetslik.si\/de\/amedeo-modigliani-de\/amedeo-modigliani-reclining-nude-iii\/#breadcrumb\",\"itemListElement\":[{\"@type\":\"ListItem\",\"position\":1,\"name\":\"Wandkunst und Gem\u00e4lde auf Leinwand\",\"item\":\"https:\/\/svetslik.si\/de\/\"},{\"@type\":\"ListItem\",\"position\":2,\"name\":\"Verkauf von Gem\u00e4lden\",\"item\":\"https:\/\/svetslik.si\/prodaja-slik\/\"},{\"@type\":\"ListItem\",\"position\":3,\"name\":\"Amedeo Modigliani &#8211; Reclining Nude III\"}]},{\"@type\":\"WebSite\",\"@id\":\"https:\/\/svetslik.si\/de\/#website\",\"url\":\"https:\/\/svetslik.si\/de\/\",\"name\":\"SVETSLIK.SI\",\"description\":\"100% handgemalte Reproduktionen von Gem\u00e4lden ber\u00fchmter Maler und Gem\u00e4lde auf Leinwand.\",\"publisher\":{\"@id\":\"https:\/\/svetslik.si\/de\/#organization\"},\"potentialAction\":[{\"@type\":\"SearchAction\",\"target\":{\"@type\":\"EntryPoint\",\"urlTemplate\":\"https:\/\/svetslik.si\/de\/?s={search_term_string}\"},\"query-input\":{\"@type\":\"PropertyValueSpecification\",\"valueRequired\":true,\"valueName\":\"search_term_string\"}}],\"inLanguage\":\"de\"},{\"@type\":\"Organization\",\"@id\":\"https:\/\/svetslik.si\/de\/#organization\",\"name\":\"SvetSlik.si\",\"url\":\"https:\/\/svetslik.si\/de\/\",\"logo\":{\"@type\":\"ImageObject\",\"inLanguage\":\"de\",\"@id\":\"https:\/\/svetslik.si\/de\/#\/schema\/logo\/image\/\",\"url\":\"https:\/\/svetslik.si\/wp-content\/uploads\/2020\/12\/logo-512.png\",\"contentUrl\":\"https:\/\/svetslik.si\/wp-content\/uploads\/2020\/12\/logo-512.png\",\"width\":512,\"height\":512,\"caption\":\"SvetSlik.si\"},\"image\":{\"@id\":\"https:\/\/svetslik.si\/de\/#\/schema\/logo\/image\/\"},\"sameAs\":[\"https:\/\/www.facebook.com\/svetslik.si\",\"https:\/\/x.com\/svetslik\",\"https:\/\/www.instagram.com\/svetslik.si\/\",\"https:\/\/www.linkedin.com\/company\/svetslik-si\"]}]}<\/script>\n<meta property=\"og:availability\" content=\"backorder\" \/>\n<meta property=\"product:availability\" content=\"available for order\" \/>\n<meta property=\"product:retailer_item_id\" content=\"201__-1\" \/>\n<meta property=\"product:condition\" content=\"new\" \/>\n<!-- \/ Yoast SEO Premium plugin. -->","yoast_head_json":{"title":"Amedeo Modigliani - Reclining Nude III - SVETSLIK.SI - 100% handgemalt","description":"Amedeo Modigliani - Reclining Nude III - 100% handgemalte Gem\u00e4lde - Verkauf von Reproduktionen ber\u00fchmter Gem\u00e4lde und abstrakter Kunst - Wandbilder f\u00fcr das Wohnzimmer","robots":{"index":"index","follow":"follow","max-snippet":"max-snippet:-1","max-image-preview":"max-image-preview:large","max-video-preview":"max-video-preview:-1"},"canonical":"https:\/\/svetslik.si\/de\/amedeo-modigliani-de\/amedeo-modigliani-reclining-nude-iii\/","og_locale":"de_DE","og_type":"article","og_title":"Amedeo Modigliani - Reclining Nude III","og_description":"100% ro\u010dno naslikane slike na platnu, reprodukcije znanih slikarjev in umetni\u0161ke slike po naro\u010dilu.","og_url":"https:\/\/svetslik.si\/de\/amedeo-modigliani-de\/amedeo-modigliani-reclining-nude-iii\/","og_site_name":"SVETSLIK.SI","article_publisher":"https:\/\/www.facebook.com\/svetslik.si","article_modified_time":"2026-03-22T18:16:20+00:00","og_image":[{"width":1024,"height":630,"url":"https:\/\/svetslik.si\/wp-content\/uploads\/2022\/12\/Amadeo-Modigliani-Speci-Akt....jpg-1024x630.png","type":"image\/png"}],"twitter_card":"summary_large_image","twitter_site":"@svetslik","twitter_misc":{"Verf\u00fcgbarkeit":"bei Nachbestellung"},"schema":{"@context":"https:\/\/schema.org","@graph":[{"@type":["WebPage","ItemPage"],"@id":"https:\/\/svetslik.si\/de\/amedeo-modigliani-de\/amedeo-modigliani-reclining-nude-iii\/","url":"https:\/\/svetslik.si\/de\/amedeo-modigliani-de\/amedeo-modigliani-reclining-nude-iii\/","name":"Amedeo Modigliani - Reclining Nude III - SVETSLIK.SI - 100% handgemalt","isPartOf":{"@id":"https:\/\/svetslik.si\/de\/#website"},"primaryImageOfPage":{"@id":"https:\/\/svetslik.si\/de\/amedeo-modigliani-de\/amedeo-modigliani-reclining-nude-iii\/#primaryimage"},"image":{"@id":"https:\/\/svetslik.si\/de\/amedeo-modigliani-de\/amedeo-modigliani-reclining-nude-iii\/#primaryimage"},"thumbnailUrl":"https:\/\/svetslik.si\/wp-content\/uploads\/2022\/12\/Amadeo-Modigliani-Speci-Akt....jpg-scaled.png","datePublished":"2022-12-13T17:29:30+00:00","dateModified":"2026-03-22T18:16:20+00:00","description":"Amedeo Modigliani - Reclining Nude III - 100% handgemalte Gem\u00e4lde - Verkauf von Reproduktionen ber\u00fchmter Gem\u00e4lde und abstrakter Kunst - Wandbilder f\u00fcr das Wohnzimmer","breadcrumb":{"@id":"https:\/\/svetslik.si\/de\/amedeo-modigliani-de\/amedeo-modigliani-reclining-nude-iii\/#breadcrumb"},"inLanguage":"de","potentialAction":[{"@type":"ReadAction","target":["https:\/\/svetslik.si\/de\/amedeo-modigliani-de\/amedeo-modigliani-reclining-nude-iii\/"]}]},{"@type":"ImageObject","inLanguage":"de","@id":"https:\/\/svetslik.si\/de\/amedeo-modigliani-de\/amedeo-modigliani-reclining-nude-iii\/#primaryimage","url":"https:\/\/svetslik.si\/wp-content\/uploads\/2022\/12\/Amadeo-Modigliani-Speci-Akt....jpg-scaled.png","contentUrl":"https:\/\/svetslik.si\/wp-content\/uploads\/2022\/12\/Amadeo-Modigliani-Speci-Akt....jpg-scaled.png","width":2560,"height":1575,"caption":"Amedeo Modigliani - Liegender Akt III - Gem\u00e4lde, Leinwandbilder - 100% handgemalte - Reproduktionen ber\u00fchmter Gem\u00e4lde - Gem\u00e4lde kaufen - Wandbilder Wohnzimmer - Ber\u00fchmtes Gem\u00e4lde - \u00d6lgem\u00e4lde - Bilderrahmen"},{"@type":"BreadcrumbList","@id":"https:\/\/svetslik.si\/de\/amedeo-modigliani-de\/amedeo-modigliani-reclining-nude-iii\/#breadcrumb","itemListElement":[{"@type":"ListItem","position":1,"name":"Wandkunst und Gem\u00e4lde auf Leinwand","item":"https:\/\/svetslik.si\/de\/"},{"@type":"ListItem","position":2,"name":"Verkauf von Gem\u00e4lden","item":"https:\/\/svetslik.si\/prodaja-slik\/"},{"@type":"ListItem","position":3,"name":"Amedeo Modigliani &#8211; Reclining Nude III"}]},{"@type":"WebSite","@id":"https:\/\/svetslik.si\/de\/#website","url":"https:\/\/svetslik.si\/de\/","name":"SVETSLIK.SI","description":"100% handgemalte Reproduktionen von Gem\u00e4lden ber\u00fchmter Maler und Gem\u00e4lde auf Leinwand.","publisher":{"@id":"https:\/\/svetslik.si\/de\/#organization"},"potentialAction":[{"@type":"SearchAction","target":{"@type":"EntryPoint","urlTemplate":"https:\/\/svetslik.si\/de\/?s={search_term_string}"},"query-input":{"@type":"PropertyValueSpecification","valueRequired":true,"valueName":"search_term_string"}}],"inLanguage":"de"},{"@type":"Organization","@id":"https:\/\/svetslik.si\/de\/#organization","name":"SvetSlik.si","url":"https:\/\/svetslik.si\/de\/","logo":{"@type":"ImageObject","inLanguage":"de","@id":"https:\/\/svetslik.si\/de\/#\/schema\/logo\/image\/","url":"https:\/\/svetslik.si\/wp-content\/uploads\/2020\/12\/logo-512.png","contentUrl":"https:\/\/svetslik.si\/wp-content\/uploads\/2020\/12\/logo-512.png","width":512,"height":512,"caption":"SvetSlik.si"},"image":{"@id":"https:\/\/svetslik.si\/de\/#\/schema\/logo\/image\/"},"sameAs":["https:\/\/www.facebook.com\/svetslik.si","https:\/\/x.com\/svetslik","https:\/\/www.instagram.com\/svetslik.si\/","https:\/\/www.linkedin.com\/company\/svetslik-si"]}]},"og_availability":"backorder","product_availability":"available for order","product_retailer_item_id":"201__-1","product_condition":"new"},"jetpack_sharing_enabled":true,"_links":{"self":[{"href":"https:\/\/svetslik.si\/de\/wp-json\/wp\/v2\/product\/74155","targetHints":{"allow":["GET"]}}],"collection":[{"href":"https:\/\/svetslik.si\/de\/wp-json\/wp\/v2\/product"}],"about":[{"href":"https:\/\/svetslik.si\/de\/wp-json\/wp\/v2\/types\/product"}],"wp:featuredmedia":[{"embeddable":true,"href":"https:\/\/svetslik.si\/de\/wp-json\/wp\/v2\/media\/65306"}],"wp:attachment":[{"href":"https:\/\/svetslik.si\/de\/wp-json\/wp\/v2\/media?parent=74155"}],"wp:term":[{"taxonomy":"product_brand","embeddable":true,"href":"https:\/\/svetslik.si\/de\/wp-json\/wp\/v2\/product_brand?post=74155"},{"taxonomy":"product_cat","embeddable":true,"href":"https:\/\/svetslik.si\/de\/wp-json\/wp\/v2\/product_cat?post=74155"},{"taxonomy":"product_tag","embeddable":true,"href":"https:\/\/svetslik.si\/de\/wp-json\/wp\/v2\/product_tag?post=74155"}],"curies":[{"name":"wp","href":"https:\/\/api.w.org\/{rel}","templated":true}]}}