{"id":74733,"date":"2023-03-04T18:03:55","date_gmt":"2023-03-04T17:03:55","guid":{"rendered":"https:\/\/svetslik.si\/unkategorisiert\/abstraktne-slike-e29\/"},"modified":"2024-07-04T17:05:18","modified_gmt":"2024-07-04T15:05:18","slug":"abstrakte-kunst-gemalde-e29","status":"publish","type":"product","link":"https:\/\/svetslik.si\/de\/leinwandbilder-einteilige\/abstrakte-kunst-gemalde-e29\/","title":{"rendered":"Abstrakte Kunst Gem\u00e4lde &#8211; E29"},"content":{"rendered":"<div class=\"wpb-content-wrapper\">[vc_row css=&#8221;.vc_custom_1661405884285{margin-bottom: 10px !important;}&#8221;][vc_column]\t<div class=\"et-image-763 et-image     et_image_link\">\n\t\t<div class=\"et-image-inner \">\n\t\t\t\t\t\t\t<div class=\"et-image-thumb \">\n\t\t\t\t\t<img decoding=\"async\" width=\"724\" height=\"733\" src=\"https:\/\/svetslik.si\/wp-content\/uploads\/2023\/03\/abstraktne-slike-E29a.jpg\" class=\"attachment-full\" alt=\"Abstrakte Kunst Gem\u00e4lde E29a\" title=\"Abstrakte Kunst Gem\u00e4lde E29a\" srcset=\"https:\/\/svetslik.si\/wp-content\/uploads\/2023\/03\/abstraktne-slike-E29a.jpg 724w, https:\/\/svetslik.si\/wp-content\/uploads\/2023\/03\/abstraktne-slike-E29a-600x607.jpg 600w, https:\/\/svetslik.si\/wp-content\/uploads\/2023\/03\/abstraktne-slike-E29a-100x100.jpg 100w, https:\/\/svetslik.si\/wp-content\/uploads\/2023\/03\/abstraktne-slike-E29a-296x300.jpg 296w, https:\/\/svetslik.si\/wp-content\/uploads\/2023\/03\/abstraktne-slike-E29a-12x12.jpg 12w, https:\/\/svetslik.si\/wp-content\/uploads\/2023\/03\/abstraktne-slike-E29a-148x150.jpg 148w\" sizes=\"(max-width: 724px) 100vw, 724px\" \/>\t\t\t\t<\/div>\n\t\t\t\t\t\t\t\t\t\t\t<\/div>\n\t<\/div>\n  [\/vc_column][\/vc_row]\n<\/div>","protected":false},"excerpt":{"rendered":"<p>[vc_row css=&#8221;.vc_custom_1661405884285{margin-bottom: 10px !important;}&#8221;][vc_column][\/vc_column][\/vc_row]<\/p>\n","protected":false},"featured_media":65602,"template":"","meta":{"_acf_changed":false},"product_brand":[],"product_cat":[8471],"product_tag":[8477,8485,8522,8523,8524,8774,9135,8499,9133,8510,9134,8775],"class_list":{"0":"post-74733","1":"product","2":"type-product","3":"status-publish","4":"has-post-thumbnail","6":"product_cat-leinwandbilder-einteilige","7":"product_tag-abstrakte-gemaelde-de","8":"product_tag-dekorative-gemaelde","9":"product_tag-gemaelde-auf-leinwand","10":"product_tag-gemaelde-fuer-das-wohnzimmer","11":"product_tag-gemaelde-fuer-die-wand","12":"product_tag-gemalde-fur-wohnzimmer-3","13":"product_tag-kunst-gemalde","14":"product_tag-moderne-gemalde-de","15":"product_tag-online-galerie","16":"product_tag-verkauf-von-gemaelden","17":"product_tag-wanddekoration","18":"product_tag-wandgemalde-1","19":"pa_dimenzija-100-cm-x-159-cm","20":"pa_dimenzija-110-cm-x-175-cm","21":"pa_dimenzija-120-cm-x-191-cm","22":"pa_dimenzija-130-cm-x-207-cm","23":"pa_dimenzija-140-cm-x-223-cm","24":"pa_dimenzija-150-cm-x-239-cm","25":"pa_dimenzija-160-cm-x-255-cm","26":"pa_dimenzija-170-cm-x-271-cm","27":"pa_dimenzija-180-cm-x-287-cm","28":"pa_dimenzija-200-cm-x-319-cm","29":"pa_dimenzija-40-cm-x-63-cm","30":"pa_dimenzija-50-cm-x-79-cm","31":"pa_dimenzija-60-cm-x-95-cm","32":"pa_dimenzija-70-cm-x-111-cm","33":"pa_dimenzija-80-cm-x-127-cm","34":"pa_dimenzija-90-cm-x-143-cm","35":"pa_oblika-vertikal","36":"pa_okvir-ohne-rahmen","37":"pa_podokvir-ja","38":"pa_podokvir-nein","40":"first","41":"onbackorder","42":"purchasable","43":"product-type-variable","44":"has-default-attributes"},"acf":[],"yoast_head":"<!-- This site is optimized with the Yoast SEO Premium plugin v26.0 (Yoast SEO v27.2) - https:\/\/yoast.com\/product\/yoast-seo-premium-wordpress\/ -->\n<title>Abstrakte Kunst Gem\u00e4lde - E29 - SVETSLIK.SI - 100% handgemalt<\/title>\n<meta name=\"description\" content=\"Abstrakte Kunst Gem\u00e4lde - E29 - 100% handgemalte Leinwandbilder. Verkauf von abstrakter Kunst, modernen Gem\u00e4lden, Reproduktionen bekannter Maler, individuelle Anfertigung von Gem\u00e4lden und Bilderrahmung.\" \/>\n<meta name=\"robots\" content=\"index, follow, max-snippet:-1, max-image-preview:large, max-video-preview:-1\" \/>\n<link rel=\"canonical\" href=\"https:\/\/svetslik.si\/de\/leinwandbilder-einteilige\/abstrakte-kunst-gemalde-e29\/\" \/>\n<meta property=\"og:locale\" content=\"de_DE\" \/>\n<meta property=\"og:type\" content=\"article\" \/>\n<meta property=\"og:title\" content=\"Abstrakte Kunst Gem\u00e4lde - E29\" \/>\n<meta property=\"og:description\" content=\"100% ro\u010dno naslikane slike na platnu, reprodukcije znanih slikarjev in umetni\u0161ke slike po naro\u010dilu.\" \/>\n<meta property=\"og:url\" content=\"https:\/\/svetslik.si\/de\/leinwandbilder-einteilige\/abstrakte-kunst-gemalde-e29\/\" \/>\n<meta property=\"og:site_name\" content=\"SVETSLIK.SI\" \/>\n<meta property=\"article:publisher\" content=\"https:\/\/www.facebook.com\/svetslik.si\" \/>\n<meta property=\"article:modified_time\" content=\"2024-07-04T15:05:18+00:00\" \/>\n<meta property=\"og:image\" content=\"https:\/\/svetslik.si\/wp-content\/uploads\/2023\/03\/abstraktne-slike-E29.jpg\" \/>\n\t<meta property=\"og:image:width\" content=\"563\" \/>\n\t<meta property=\"og:image:height\" content=\"874\" \/>\n\t<meta property=\"og:image:type\" content=\"image\/jpeg\" \/>\n<meta name=\"twitter:card\" content=\"summary_large_image\" \/>\n<meta name=\"twitter:site\" content=\"@svetslik\" \/>\n<meta name=\"twitter:label1\" content=\"Verf\u00fcgbarkeit\" \/>\n\t<meta name=\"twitter:data1\" content=\"bei Nachbestellung\" \/>\n<script type=\"application\/ld+json\" class=\"yoast-schema-graph\">{\"@context\":\"https:\/\/schema.org\",\"@graph\":[{\"@type\":[\"WebPage\",\"ItemPage\"],\"@id\":\"https:\/\/svetslik.si\/de\/leinwandbilder-einteilige\/abstrakte-kunst-gemalde-e29\/\",\"url\":\"https:\/\/svetslik.si\/de\/leinwandbilder-einteilige\/abstrakte-kunst-gemalde-e29\/\",\"name\":\"Abstrakte Kunst Gem\u00e4lde - E29 - SVETSLIK.SI - 100% handgemalt\",\"isPartOf\":{\"@id\":\"https:\/\/svetslik.si\/de\/#website\"},\"primaryImageOfPage\":{\"@id\":\"https:\/\/svetslik.si\/de\/leinwandbilder-einteilige\/abstrakte-kunst-gemalde-e29\/#primaryimage\"},\"image\":{\"@id\":\"https:\/\/svetslik.si\/de\/leinwandbilder-einteilige\/abstrakte-kunst-gemalde-e29\/#primaryimage\"},\"thumbnailUrl\":\"https:\/\/svetslik.si\/wp-content\/uploads\/2023\/03\/abstraktne-slike-E29.jpg\",\"datePublished\":\"2023-03-04T17:03:55+00:00\",\"dateModified\":\"2024-07-04T15:05:18+00:00\",\"description\":\"Abstrakte Kunst Gem\u00e4lde - E29 - 100% handgemalte Leinwandbilder. Verkauf von abstrakter Kunst, modernen Gem\u00e4lden, Reproduktionen bekannter Maler, individuelle Anfertigung von Gem\u00e4lden und Bilderrahmung.\",\"breadcrumb\":{\"@id\":\"https:\/\/svetslik.si\/de\/leinwandbilder-einteilige\/abstrakte-kunst-gemalde-e29\/#breadcrumb\"},\"inLanguage\":\"de\",\"potentialAction\":[{\"@type\":\"ReadAction\",\"target\":[\"https:\/\/svetslik.si\/de\/leinwandbilder-einteilige\/abstrakte-kunst-gemalde-e29\/\"]}]},{\"@type\":\"ImageObject\",\"inLanguage\":\"de\",\"@id\":\"https:\/\/svetslik.si\/de\/leinwandbilder-einteilige\/abstrakte-kunst-gemalde-e29\/#primaryimage\",\"url\":\"https:\/\/svetslik.si\/wp-content\/uploads\/2023\/03\/abstraktne-slike-E29.jpg\",\"contentUrl\":\"https:\/\/svetslik.si\/wp-content\/uploads\/2023\/03\/abstraktne-slike-E29.jpg\",\"width\":563,\"height\":874,\"caption\":\"Abstrakte Kunst Gem\u00e4lde E29 - 100% handgemalte, Leinwandbilder, abstrakter Kunst, gem\u00e4lde kaufen, modernen Gem\u00e4lden, wandbilder wohnzimmer, ber\u00fchmtes gem\u00e4lde, \u00f6lgem\u00e4lde, bilderrahmen\"},{\"@type\":\"BreadcrumbList\",\"@id\":\"https:\/\/svetslik.si\/de\/leinwandbilder-einteilige\/abstrakte-kunst-gemalde-e29\/#breadcrumb\",\"itemListElement\":[{\"@type\":\"ListItem\",\"position\":1,\"name\":\"Wandkunst und Gem\u00e4lde auf Leinwand\",\"item\":\"https:\/\/svetslik.si\/de\/\"},{\"@type\":\"ListItem\",\"position\":2,\"name\":\"Verkauf von Gem\u00e4lden\",\"item\":\"https:\/\/svetslik.si\/prodaja-slik\/\"},{\"@type\":\"ListItem\",\"position\":3,\"name\":\"Abstrakte Kunst Gem\u00e4lde &#8211; E29\"}]},{\"@type\":\"WebSite\",\"@id\":\"https:\/\/svetslik.si\/de\/#website\",\"url\":\"https:\/\/svetslik.si\/de\/\",\"name\":\"SVETSLIK.SI\",\"description\":\"100% handgemalte Reproduktionen von Gem\u00e4lden ber\u00fchmter Maler und Gem\u00e4lde auf Leinwand.\",\"publisher\":{\"@id\":\"https:\/\/svetslik.si\/de\/#organization\"},\"potentialAction\":[{\"@type\":\"SearchAction\",\"target\":{\"@type\":\"EntryPoint\",\"urlTemplate\":\"https:\/\/svetslik.si\/de\/?s={search_term_string}\"},\"query-input\":{\"@type\":\"PropertyValueSpecification\",\"valueRequired\":true,\"valueName\":\"search_term_string\"}}],\"inLanguage\":\"de\"},{\"@type\":\"Organization\",\"@id\":\"https:\/\/svetslik.si\/de\/#organization\",\"name\":\"SvetSlik.si\",\"url\":\"https:\/\/svetslik.si\/de\/\",\"logo\":{\"@type\":\"ImageObject\",\"inLanguage\":\"de\",\"@id\":\"https:\/\/svetslik.si\/de\/#\/schema\/logo\/image\/\",\"url\":\"https:\/\/svetslik.si\/wp-content\/uploads\/2020\/12\/logo-512.png\",\"contentUrl\":\"https:\/\/svetslik.si\/wp-content\/uploads\/2020\/12\/logo-512.png\",\"width\":512,\"height\":512,\"caption\":\"SvetSlik.si\"},\"image\":{\"@id\":\"https:\/\/svetslik.si\/de\/#\/schema\/logo\/image\/\"},\"sameAs\":[\"https:\/\/www.facebook.com\/svetslik.si\",\"https:\/\/x.com\/svetslik\",\"https:\/\/www.instagram.com\/svetslik.si\/\",\"https:\/\/www.linkedin.com\/company\/svetslik-si\"]}]}<\/script>\n<meta property=\"og:availability\" content=\"backorder\" \/>\n<meta property=\"product:availability\" content=\"available for order\" \/>\n<meta property=\"product:retailer_item_id\" content=\"1130__2-1-2-2-6-1\" \/>\n<meta property=\"product:condition\" content=\"new\" \/>\n<!-- \/ Yoast SEO Premium plugin. -->","yoast_head_json":{"title":"Abstrakte Kunst Gem\u00e4lde - E29 - SVETSLIK.SI - 100% handgemalt","description":"Abstrakte Kunst Gem\u00e4lde - E29 - 100% handgemalte Leinwandbilder. Verkauf von abstrakter Kunst, modernen Gem\u00e4lden, Reproduktionen bekannter Maler, individuelle Anfertigung von Gem\u00e4lden und Bilderrahmung.","robots":{"index":"index","follow":"follow","max-snippet":"max-snippet:-1","max-image-preview":"max-image-preview:large","max-video-preview":"max-video-preview:-1"},"canonical":"https:\/\/svetslik.si\/de\/leinwandbilder-einteilige\/abstrakte-kunst-gemalde-e29\/","og_locale":"de_DE","og_type":"article","og_title":"Abstrakte Kunst Gem\u00e4lde - E29","og_description":"100% ro\u010dno naslikane slike na platnu, reprodukcije znanih slikarjev in umetni\u0161ke slike po naro\u010dilu.","og_url":"https:\/\/svetslik.si\/de\/leinwandbilder-einteilige\/abstrakte-kunst-gemalde-e29\/","og_site_name":"SVETSLIK.SI","article_publisher":"https:\/\/www.facebook.com\/svetslik.si","article_modified_time":"2024-07-04T15:05:18+00:00","og_image":[{"width":563,"height":874,"url":"https:\/\/svetslik.si\/wp-content\/uploads\/2023\/03\/abstraktne-slike-E29.jpg","type":"image\/jpeg"}],"twitter_card":"summary_large_image","twitter_site":"@svetslik","twitter_misc":{"Verf\u00fcgbarkeit":"bei Nachbestellung"},"schema":{"@context":"https:\/\/schema.org","@graph":[{"@type":["WebPage","ItemPage"],"@id":"https:\/\/svetslik.si\/de\/leinwandbilder-einteilige\/abstrakte-kunst-gemalde-e29\/","url":"https:\/\/svetslik.si\/de\/leinwandbilder-einteilige\/abstrakte-kunst-gemalde-e29\/","name":"Abstrakte Kunst Gem\u00e4lde - E29 - SVETSLIK.SI - 100% handgemalt","isPartOf":{"@id":"https:\/\/svetslik.si\/de\/#website"},"primaryImageOfPage":{"@id":"https:\/\/svetslik.si\/de\/leinwandbilder-einteilige\/abstrakte-kunst-gemalde-e29\/#primaryimage"},"image":{"@id":"https:\/\/svetslik.si\/de\/leinwandbilder-einteilige\/abstrakte-kunst-gemalde-e29\/#primaryimage"},"thumbnailUrl":"https:\/\/svetslik.si\/wp-content\/uploads\/2023\/03\/abstraktne-slike-E29.jpg","datePublished":"2023-03-04T17:03:55+00:00","dateModified":"2024-07-04T15:05:18+00:00","description":"Abstrakte Kunst Gem\u00e4lde - E29 - 100% handgemalte Leinwandbilder. Verkauf von abstrakter Kunst, modernen Gem\u00e4lden, Reproduktionen bekannter Maler, individuelle Anfertigung von Gem\u00e4lden und Bilderrahmung.","breadcrumb":{"@id":"https:\/\/svetslik.si\/de\/leinwandbilder-einteilige\/abstrakte-kunst-gemalde-e29\/#breadcrumb"},"inLanguage":"de","potentialAction":[{"@type":"ReadAction","target":["https:\/\/svetslik.si\/de\/leinwandbilder-einteilige\/abstrakte-kunst-gemalde-e29\/"]}]},{"@type":"ImageObject","inLanguage":"de","@id":"https:\/\/svetslik.si\/de\/leinwandbilder-einteilige\/abstrakte-kunst-gemalde-e29\/#primaryimage","url":"https:\/\/svetslik.si\/wp-content\/uploads\/2023\/03\/abstraktne-slike-E29.jpg","contentUrl":"https:\/\/svetslik.si\/wp-content\/uploads\/2023\/03\/abstraktne-slike-E29.jpg","width":563,"height":874,"caption":"Abstrakte Kunst Gem\u00e4lde E29 - 100% handgemalte, Leinwandbilder, abstrakter Kunst, gem\u00e4lde kaufen, modernen Gem\u00e4lden, wandbilder wohnzimmer, ber\u00fchmtes gem\u00e4lde, \u00f6lgem\u00e4lde, bilderrahmen"},{"@type":"BreadcrumbList","@id":"https:\/\/svetslik.si\/de\/leinwandbilder-einteilige\/abstrakte-kunst-gemalde-e29\/#breadcrumb","itemListElement":[{"@type":"ListItem","position":1,"name":"Wandkunst und Gem\u00e4lde auf Leinwand","item":"https:\/\/svetslik.si\/de\/"},{"@type":"ListItem","position":2,"name":"Verkauf von Gem\u00e4lden","item":"https:\/\/svetslik.si\/prodaja-slik\/"},{"@type":"ListItem","position":3,"name":"Abstrakte Kunst Gem\u00e4lde &#8211; E29"}]},{"@type":"WebSite","@id":"https:\/\/svetslik.si\/de\/#website","url":"https:\/\/svetslik.si\/de\/","name":"SVETSLIK.SI","description":"100% handgemalte Reproduktionen von Gem\u00e4lden ber\u00fchmter Maler und Gem\u00e4lde auf Leinwand.","publisher":{"@id":"https:\/\/svetslik.si\/de\/#organization"},"potentialAction":[{"@type":"SearchAction","target":{"@type":"EntryPoint","urlTemplate":"https:\/\/svetslik.si\/de\/?s={search_term_string}"},"query-input":{"@type":"PropertyValueSpecification","valueRequired":true,"valueName":"search_term_string"}}],"inLanguage":"de"},{"@type":"Organization","@id":"https:\/\/svetslik.si\/de\/#organization","name":"SvetSlik.si","url":"https:\/\/svetslik.si\/de\/","logo":{"@type":"ImageObject","inLanguage":"de","@id":"https:\/\/svetslik.si\/de\/#\/schema\/logo\/image\/","url":"https:\/\/svetslik.si\/wp-content\/uploads\/2020\/12\/logo-512.png","contentUrl":"https:\/\/svetslik.si\/wp-content\/uploads\/2020\/12\/logo-512.png","width":512,"height":512,"caption":"SvetSlik.si"},"image":{"@id":"https:\/\/svetslik.si\/de\/#\/schema\/logo\/image\/"},"sameAs":["https:\/\/www.facebook.com\/svetslik.si","https:\/\/x.com\/svetslik","https:\/\/www.instagram.com\/svetslik.si\/","https:\/\/www.linkedin.com\/company\/svetslik-si"]}]},"og_availability":"backorder","product_availability":"available for order","product_retailer_item_id":"1130__2-1-2-2-6-1","product_condition":"new"},"jetpack_sharing_enabled":true,"_links":{"self":[{"href":"https:\/\/svetslik.si\/de\/wp-json\/wp\/v2\/product\/74733","targetHints":{"allow":["GET"]}}],"collection":[{"href":"https:\/\/svetslik.si\/de\/wp-json\/wp\/v2\/product"}],"about":[{"href":"https:\/\/svetslik.si\/de\/wp-json\/wp\/v2\/types\/product"}],"wp:featuredmedia":[{"embeddable":true,"href":"https:\/\/svetslik.si\/de\/wp-json\/wp\/v2\/media\/65602"}],"wp:attachment":[{"href":"https:\/\/svetslik.si\/de\/wp-json\/wp\/v2\/media?parent=74733"}],"wp:term":[{"taxonomy":"product_brand","embeddable":true,"href":"https:\/\/svetslik.si\/de\/wp-json\/wp\/v2\/product_brand?post=74733"},{"taxonomy":"product_cat","embeddable":true,"href":"https:\/\/svetslik.si\/de\/wp-json\/wp\/v2\/product_cat?post=74733"},{"taxonomy":"product_tag","embeddable":true,"href":"https:\/\/svetslik.si\/de\/wp-json\/wp\/v2\/product_tag?post=74733"}],"curies":[{"name":"wp","href":"https:\/\/api.w.org\/{rel}","templated":true}]}}