{"id":75384,"date":"2023-03-04T19:55:49","date_gmt":"2023-03-04T18:55:49","guid":{"rendered":"https:\/\/svetslik.si\/unkategorisiert\/slike-na-platnu-e71\/"},"modified":"2026-03-22T19:21:13","modified_gmt":"2026-03-22T18:21:13","slug":"leinwandbilder-gemalde-e71","status":"publish","type":"product","link":"https:\/\/svetslik.si\/de\/leinwandbilder-einteilige\/leinwandbilder-gemalde-e71\/","title":{"rendered":"Leinwandbilder &#8211; Gem\u00e4lde &#8211; E71"},"content":{"rendered":"<div class=\"wpb-content-wrapper\">[vc_row][vc_column][vc_column_text css=&#8221;&#8221;]\n<p data-pm-slice=\"1 1 []\"><div class=\"yt-lazy-video ratio-square\" data-id=\"hduqX5iJbL4\"><\/div>\n[\/vc_column][\/vc_row][vc_row css=&#8221;.vc_custom_1713438309955{margin-bottom: 10px !important;}&#8221;][vc_column]\t<div class=\"et-image-746 et-image     et_image_link\">\n\t\t<div class=\"et-image-inner \">\n\t\t\t\t\t\t\t<div class=\"et-image-thumb \">\n\t\t\t\t\t<img decoding=\"async\" width=\"1000\" height=\"1577\" src=\"https:\/\/svetslik.si\/wp-content\/uploads\/2023\/03\/slike-na-platnu-3-e71.jpg\" class=\"attachment-full\" alt=\"Leinwandbilder - Gem\u00e4lde - E71\" title=\"Leinwandbilder - Gem\u00e4lde - E71\" srcset=\"https:\/\/svetslik.si\/wp-content\/uploads\/2023\/03\/slike-na-platnu-3-e71.jpg 1000w, https:\/\/svetslik.si\/wp-content\/uploads\/2023\/03\/slike-na-platnu-3-e71-600x946.jpg 600w, https:\/\/svetslik.si\/wp-content\/uploads\/2023\/03\/slike-na-platnu-3-e71-190x300.jpg 190w, https:\/\/svetslik.si\/wp-content\/uploads\/2023\/03\/slike-na-platnu-3-e71-649x1024.jpg 649w, https:\/\/svetslik.si\/wp-content\/uploads\/2023\/03\/slike-na-platnu-3-e71-768x1211.jpg 768w, https:\/\/svetslik.si\/wp-content\/uploads\/2023\/03\/slike-na-platnu-3-e71-974x1536.jpg 974w, https:\/\/svetslik.si\/wp-content\/uploads\/2023\/03\/slike-na-platnu-3-e71-95x150.jpg 95w, https:\/\/svetslik.si\/wp-content\/uploads\/2023\/03\/slike-na-platnu-3-e71-900x1419.jpg 900w\" sizes=\"(max-width: 1000px) 100vw, 1000px\" \/>\t\t\t\t<\/div>\n\t\t\t\t\t\t\t\t\t\t\t<\/div>\n\t<\/div>\n  [\/vc_column][\/vc_row][vc_row css=&#8221;.vc_custom_1713438319267{margin-bottom: 10px !important;}&#8221;][vc_column]\t<div class=\"et-image-561 et-image     et_image_link\">\n\t\t<div class=\"et-image-inner \">\n\t\t\t\t\t\t\t<div class=\"et-image-thumb \">\n\t\t\t\t\t<img decoding=\"async\" width=\"1000\" height=\"1566\" src=\"https:\/\/svetslik.si\/wp-content\/uploads\/2023\/03\/slike-na-platnu-1.jpg\" class=\"attachment-full\" alt=\"Leinwandbilder - Gem\u00e4lde - E71\" title=\"Leinwandbilder - Gem\u00e4lde - E71\" srcset=\"https:\/\/svetslik.si\/wp-content\/uploads\/2023\/03\/slike-na-platnu-1.jpg 1000w, https:\/\/svetslik.si\/wp-content\/uploads\/2023\/03\/slike-na-platnu-1-600x940.jpg 600w, https:\/\/svetslik.si\/wp-content\/uploads\/2023\/03\/slike-na-platnu-1-192x300.jpg 192w, https:\/\/svetslik.si\/wp-content\/uploads\/2023\/03\/slike-na-platnu-1-654x1024.jpg 654w, https:\/\/svetslik.si\/wp-content\/uploads\/2023\/03\/slike-na-platnu-1-768x1203.jpg 768w, https:\/\/svetslik.si\/wp-content\/uploads\/2023\/03\/slike-na-platnu-1-981x1536.jpg 981w, https:\/\/svetslik.si\/wp-content\/uploads\/2023\/03\/slike-na-platnu-1-96x150.jpg 96w, https:\/\/svetslik.si\/wp-content\/uploads\/2023\/03\/slike-na-platnu-1-900x1409.jpg 900w\" sizes=\"(max-width: 1000px) 100vw, 1000px\" \/>\t\t\t\t<\/div>\n\t\t\t\t\t\t\t\t\t\t\t<\/div>\n\t<\/div>\n  [\/vc_column][\/vc_row][vc_row css=&#8221;.vc_custom_1713438319267{margin-bottom: 10px !important;}&#8221;][vc_column]\t<div class=\"et-image-329 et-image     et_image_link\">\n\t\t<div class=\"et-image-inner \">\n\t\t\t\t\t\t\t<div class=\"et-image-thumb \">\n\t\t\t\t\t<img decoding=\"async\" width=\"1000\" height=\"563\" src=\"https:\/\/svetslik.si\/wp-content\/uploads\/2023\/03\/slike-na-platnu-2-e71.jpg\" class=\"attachment-full\" alt=\"Leinwandbilder - Gem\u00e4lde - E71\" title=\"Leinwandbilder - Gem\u00e4lde - E71\" srcset=\"https:\/\/svetslik.si\/wp-content\/uploads\/2023\/03\/slike-na-platnu-2-e71.jpg 1000w, https:\/\/svetslik.si\/wp-content\/uploads\/2023\/03\/slike-na-platnu-2-e71-600x338.jpg 600w, https:\/\/svetslik.si\/wp-content\/uploads\/2023\/03\/slike-na-platnu-2-e71-300x169.jpg 300w, https:\/\/svetslik.si\/wp-content\/uploads\/2023\/03\/slike-na-platnu-2-e71-768x432.jpg 768w, https:\/\/svetslik.si\/wp-content\/uploads\/2023\/03\/slike-na-platnu-2-e71-150x84.jpg 150w, https:\/\/svetslik.si\/wp-content\/uploads\/2023\/03\/slike-na-platnu-2-e71-900x507.jpg 900w\" sizes=\"(max-width: 1000px) 100vw, 1000px\" \/>\t\t\t\t<\/div>\n\t\t\t\t\t\t\t\t\t\t\t<\/div>\n\t<\/div>\n  [\/vc_column][\/vc_row]\n[\/vc_column][\/vc_row][vc_row css=&#8221;.vc_custom_1713438309955{margin-bottom: 10px !important;}&#8221;][vc_column]\t<div class=\"et-image-667 et-image     et_image_link\">\n\t\t<div class=\"et-image-inner \">\n\t\t\t\t\t\t\t<div class=\"et-image-thumb \">\n\t\t\t\t\t<img decoding=\"async\" width=\"1000\" height=\"1577\" src=\"https:\/\/svetslik.si\/wp-content\/uploads\/2023\/03\/slike-na-platnu-3-e71.jpg\" class=\"attachment-full\" alt=\"Leinwandbilder - Gem\u00e4lde - E71\" title=\"Leinwandbilder - Gem\u00e4lde - E71\" srcset=\"https:\/\/svetslik.si\/wp-content\/uploads\/2023\/03\/slike-na-platnu-3-e71.jpg 1000w, https:\/\/svetslik.si\/wp-content\/uploads\/2023\/03\/slike-na-platnu-3-e71-600x946.jpg 600w, https:\/\/svetslik.si\/wp-content\/uploads\/2023\/03\/slike-na-platnu-3-e71-190x300.jpg 190w, https:\/\/svetslik.si\/wp-content\/uploads\/2023\/03\/slike-na-platnu-3-e71-649x1024.jpg 649w, https:\/\/svetslik.si\/wp-content\/uploads\/2023\/03\/slike-na-platnu-3-e71-768x1211.jpg 768w, https:\/\/svetslik.si\/wp-content\/uploads\/2023\/03\/slike-na-platnu-3-e71-974x1536.jpg 974w, https:\/\/svetslik.si\/wp-content\/uploads\/2023\/03\/slike-na-platnu-3-e71-95x150.jpg 95w, https:\/\/svetslik.si\/wp-content\/uploads\/2023\/03\/slike-na-platnu-3-e71-900x1419.jpg 900w\" sizes=\"(max-width: 1000px) 100vw, 1000px\" \/>\t\t\t\t<\/div>\n\t\t\t\t\t\t\t\t\t\t\t<\/div>\n\t<\/div>\n  [\/vc_column][\/vc_row][vc_row css=&#8221;.vc_custom_1713438319267{margin-bottom: 10px !important;}&#8221;][vc_column]\t<div class=\"et-image-814 et-image     et_image_link\">\n\t\t<div class=\"et-image-inner \">\n\t\t\t\t\t\t\t<div class=\"et-image-thumb \">\n\t\t\t\t\t<img decoding=\"async\" width=\"1000\" height=\"1566\" src=\"https:\/\/svetslik.si\/wp-content\/uploads\/2023\/03\/slike-na-platnu-1.jpg\" class=\"attachment-full\" alt=\"Leinwandbilder - Gem\u00e4lde - E71\" title=\"Leinwandbilder - Gem\u00e4lde - E71\" srcset=\"https:\/\/svetslik.si\/wp-content\/uploads\/2023\/03\/slike-na-platnu-1.jpg 1000w, https:\/\/svetslik.si\/wp-content\/uploads\/2023\/03\/slike-na-platnu-1-600x940.jpg 600w, https:\/\/svetslik.si\/wp-content\/uploads\/2023\/03\/slike-na-platnu-1-192x300.jpg 192w, https:\/\/svetslik.si\/wp-content\/uploads\/2023\/03\/slike-na-platnu-1-654x1024.jpg 654w, https:\/\/svetslik.si\/wp-content\/uploads\/2023\/03\/slike-na-platnu-1-768x1203.jpg 768w, https:\/\/svetslik.si\/wp-content\/uploads\/2023\/03\/slike-na-platnu-1-981x1536.jpg 981w, https:\/\/svetslik.si\/wp-content\/uploads\/2023\/03\/slike-na-platnu-1-96x150.jpg 96w, https:\/\/svetslik.si\/wp-content\/uploads\/2023\/03\/slike-na-platnu-1-900x1409.jpg 900w\" sizes=\"(max-width: 1000px) 100vw, 1000px\" \/>\t\t\t\t<\/div>\n\t\t\t\t\t\t\t\t\t\t\t<\/div>\n\t<\/div>\n  [\/vc_column][\/vc_row][vc_row css=&#8221;.vc_custom_1713438319267{margin-bottom: 10px !important;}&#8221;][vc_column]\t<div class=\"et-image-238 et-image     et_image_link\">\n\t\t<div class=\"et-image-inner \">\n\t\t\t\t\t\t\t<div class=\"et-image-thumb \">\n\t\t\t\t\t<img decoding=\"async\" width=\"1000\" height=\"563\" src=\"https:\/\/svetslik.si\/wp-content\/uploads\/2023\/03\/slike-na-platnu-2-e71.jpg\" class=\"attachment-full\" alt=\"Leinwandbilder - Gem\u00e4lde - E71\" title=\"Leinwandbilder - Gem\u00e4lde - E71\" srcset=\"https:\/\/svetslik.si\/wp-content\/uploads\/2023\/03\/slike-na-platnu-2-e71.jpg 1000w, https:\/\/svetslik.si\/wp-content\/uploads\/2023\/03\/slike-na-platnu-2-e71-600x338.jpg 600w, https:\/\/svetslik.si\/wp-content\/uploads\/2023\/03\/slike-na-platnu-2-e71-300x169.jpg 300w, https:\/\/svetslik.si\/wp-content\/uploads\/2023\/03\/slike-na-platnu-2-e71-768x432.jpg 768w, https:\/\/svetslik.si\/wp-content\/uploads\/2023\/03\/slike-na-platnu-2-e71-150x84.jpg 150w, https:\/\/svetslik.si\/wp-content\/uploads\/2023\/03\/slike-na-platnu-2-e71-900x507.jpg 900w\" sizes=\"(max-width: 1000px) 100vw, 1000px\" \/>\t\t\t\t<\/div>\n\t\t\t\t\t\t\t\t\t\t\t<\/div>\n\t<\/div>\n  [\/vc_column][\/vc_row]\n<\/div>","protected":false},"excerpt":{"rendered":"<p>[vc_row][vc_column][vc_column_text css=&#8221;&#8221;] [\/vc_column][\/vc_row][vc_row css=&#8221;.vc_custom_1713438309955{margin-bottom: 10px !important;}&#8221;][vc_column][\/vc_column][\/vc_row][vc_row css=&#8221;.vc_custom_1713438319267{margin-bottom: 10px !important;}&#8221;][vc_column][\/vc_column][\/vc_row][vc_row css=&#8221;.vc_custom_1713438319267{margin-bottom: 10px !important;}&#8221;][vc_column][\/vc_column][\/vc_row] [\/vc_column][\/vc_row][vc_row css=&#8221;.vc_custom_1713438309955{margin-bottom: 10px !important;}&#8221;][vc_column][\/vc_column][\/vc_row][vc_row css=&#8221;.vc_custom_1713438319267{margin-bottom: 10px !important;}&#8221;][vc_column][\/vc_column][\/vc_row][vc_row css=&#8221;.vc_custom_1713438319267{margin-bottom: 10px !important;}&#8221;][vc_column][\/vc_column][\/vc_row]<\/p>\n","protected":false},"featured_media":65528,"template":"","meta":{"_acf_changed":false},"product_brand":[],"product_cat":[8471],"product_tag":[8477,8485,8522,8523,8524,8774,9135,8499,9133,8510,9134,8775],"class_list":{"0":"post-75384","1":"product","2":"type-product","3":"status-publish","4":"has-post-thumbnail","6":"product_cat-leinwandbilder-einteilige","7":"product_tag-abstrakte-gemaelde-de","8":"product_tag-dekorative-gemaelde","9":"product_tag-gemaelde-auf-leinwand","10":"product_tag-gemaelde-fuer-das-wohnzimmer","11":"product_tag-gemaelde-fuer-die-wand","12":"product_tag-gemalde-fur-wohnzimmer-3","13":"product_tag-kunst-gemalde","14":"product_tag-moderne-gemalde-de","15":"product_tag-online-galerie","16":"product_tag-verkauf-von-gemaelden","17":"product_tag-wanddekoration","18":"product_tag-wandgemalde-1","19":"pa_dimenzija-100-cm-x-159-cm-de","20":"pa_dimenzija-110-cm-x-175-cm-de","21":"pa_dimenzija-120-cm-x-191-cm-de","22":"pa_dimenzija-130-cm-x-207-cm-de","23":"pa_dimenzija-140-cm-x-223-cm-de","24":"pa_dimenzija-150-cm-x-239-cm-de","25":"pa_dimenzija-160-cm-x-255-cm-de","26":"pa_dimenzija-170-cm-x-271-cm-de","27":"pa_dimenzija-180-cm-x-287-cm-de","28":"pa_dimenzija-200-cm-x-319-cm-de","29":"pa_dimenzija-40-cm-x-63-cm-de","30":"pa_dimenzija-50-cm-x-79-cm-de","31":"pa_dimenzija-60-cm-x-95-cm-de","32":"pa_dimenzija-70-cm-x-111-cm-de","33":"pa_dimenzija-80-cm-x-127-cm-de","34":"pa_dimenzija-90-cm-x-143-cm-de","35":"pa_oblika-vertikal","36":"pa_okvir-ohne-rahmen","37":"pa_podokvir-ja","38":"pa_podokvir-nein","40":"first","41":"instock","42":"purchasable","43":"product-type-variable","44":"has-default-attributes"},"acf":[],"yoast_head":"<!-- This site is optimized with the Yoast SEO Premium plugin v26.0 (Yoast SEO v27.2) - https:\/\/yoast.com\/product\/yoast-seo-premium-wordpress\/ -->\n<title>Leinwandbilder - Gem\u00e4lde - E71 - SVETSLIK.SI - 100% handgemalt<\/title>\n<meta name=\"description\" content=\"Leinwandbilder - Gem\u00e4lde - E71 - 100% handgemalte Leinwandbilder. Verkauf von abstrakter Kunst, modernen Gem\u00e4lden, Reproduktionen bekannter Maler, individuelle Anfertigung von Gem\u00e4lden und Bilderrahmung.\" \/>\n<meta name=\"robots\" content=\"index, follow, max-snippet:-1, max-image-preview:large, max-video-preview:-1\" \/>\n<link rel=\"canonical\" href=\"https:\/\/svetslik.si\/de\/leinwandbilder-einteilige\/leinwandbilder-gemalde-e71\/\" \/>\n<meta property=\"og:locale\" content=\"de_DE\" \/>\n<meta property=\"og:type\" content=\"article\" \/>\n<meta property=\"og:title\" content=\"Leinwandbilder - Gem\u00e4lde - E71\" \/>\n<meta property=\"og:description\" content=\"100% ro\u010dno naslikane slike na platnu, reprodukcije znanih slikarjev in umetni\u0161ke slike po naro\u010dilu.\" \/>\n<meta property=\"og:url\" content=\"https:\/\/svetslik.si\/de\/leinwandbilder-einteilige\/leinwandbilder-gemalde-e71\/\" \/>\n<meta property=\"og:site_name\" content=\"SVETSLIK.SI\" \/>\n<meta property=\"article:publisher\" content=\"https:\/\/www.facebook.com\/svetslik.si\" \/>\n<meta property=\"article:modified_time\" content=\"2026-03-22T18:21:13+00:00\" \/>\n<meta property=\"og:image\" content=\"https:\/\/svetslik.si\/wp-content\/uploads\/2023\/03\/slika-na-platnu-71.jpg\" \/>\n\t<meta property=\"og:image:width\" content=\"1080\" \/>\n\t<meta property=\"og:image:height\" content=\"1582\" \/>\n\t<meta property=\"og:image:type\" content=\"image\/jpeg\" \/>\n<meta name=\"twitter:card\" content=\"summary_large_image\" \/>\n<meta name=\"twitter:site\" content=\"@svetslik\" \/>\n<meta name=\"twitter:label1\" content=\"Verf\u00fcgbarkeit\" \/>\n\t<meta name=\"twitter:data1\" content=\"Auf Lager\" \/>\n<script type=\"application\/ld+json\" class=\"yoast-schema-graph\">{\"@context\":\"https:\/\/schema.org\",\"@graph\":[{\"@type\":[\"WebPage\",\"ItemPage\"],\"@id\":\"https:\/\/svetslik.si\/de\/leinwandbilder-einteilige\/leinwandbilder-gemalde-e71\/\",\"url\":\"https:\/\/svetslik.si\/de\/leinwandbilder-einteilige\/leinwandbilder-gemalde-e71\/\",\"name\":\"Leinwandbilder - Gem\u00e4lde - E71 - SVETSLIK.SI - 100% handgemalt\",\"isPartOf\":{\"@id\":\"https:\/\/svetslik.si\/de\/#website\"},\"primaryImageOfPage\":{\"@id\":\"https:\/\/svetslik.si\/de\/leinwandbilder-einteilige\/leinwandbilder-gemalde-e71\/#primaryimage\"},\"image\":{\"@id\":\"https:\/\/svetslik.si\/de\/leinwandbilder-einteilige\/leinwandbilder-gemalde-e71\/#primaryimage\"},\"thumbnailUrl\":\"https:\/\/svetslik.si\/wp-content\/uploads\/2023\/03\/slika-na-platnu-71.jpg\",\"datePublished\":\"2023-03-04T18:55:49+00:00\",\"dateModified\":\"2026-03-22T18:21:13+00:00\",\"description\":\"Leinwandbilder - Gem\u00e4lde - E71 - 100% handgemalte Leinwandbilder. Verkauf von abstrakter Kunst, modernen Gem\u00e4lden, Reproduktionen bekannter Maler, individuelle Anfertigung von Gem\u00e4lden und Bilderrahmung.\",\"breadcrumb\":{\"@id\":\"https:\/\/svetslik.si\/de\/leinwandbilder-einteilige\/leinwandbilder-gemalde-e71\/#breadcrumb\"},\"inLanguage\":\"de\",\"potentialAction\":[{\"@type\":\"ReadAction\",\"target\":[\"https:\/\/svetslik.si\/de\/leinwandbilder-einteilige\/leinwandbilder-gemalde-e71\/\"]}]},{\"@type\":\"ImageObject\",\"inLanguage\":\"de\",\"@id\":\"https:\/\/svetslik.si\/de\/leinwandbilder-einteilige\/leinwandbilder-gemalde-e71\/#primaryimage\",\"url\":\"https:\/\/svetslik.si\/wp-content\/uploads\/2023\/03\/slika-na-platnu-71.jpg\",\"contentUrl\":\"https:\/\/svetslik.si\/wp-content\/uploads\/2023\/03\/slika-na-platnu-71.jpg\",\"width\":1080,\"height\":1582,\"caption\":\"Abstrakte Kunst Gem\u00e4lde E71 - 100% handgemalte, Leinwandbilder, abstrakter Kunst, gem\u00e4lde kaufen, modernen Gem\u00e4lden, wandbilder wohnzimmer, ber\u00fchmtes gem\u00e4lde, \u00f6lgem\u00e4lde, bilderrahmen\"},{\"@type\":\"BreadcrumbList\",\"@id\":\"https:\/\/svetslik.si\/de\/leinwandbilder-einteilige\/leinwandbilder-gemalde-e71\/#breadcrumb\",\"itemListElement\":[{\"@type\":\"ListItem\",\"position\":1,\"name\":\"Wandkunst und Gem\u00e4lde auf Leinwand\",\"item\":\"https:\/\/svetslik.si\/de\/\"},{\"@type\":\"ListItem\",\"position\":2,\"name\":\"Verkauf von Gem\u00e4lden\",\"item\":\"https:\/\/svetslik.si\/prodaja-slik\/\"},{\"@type\":\"ListItem\",\"position\":3,\"name\":\"Leinwandbilder &#8211; Gem\u00e4lde &#8211; E71\"}]},{\"@type\":\"WebSite\",\"@id\":\"https:\/\/svetslik.si\/de\/#website\",\"url\":\"https:\/\/svetslik.si\/de\/\",\"name\":\"SVETSLIK.SI\",\"description\":\"100% handgemalte Reproduktionen von Gem\u00e4lden ber\u00fchmter Maler und Gem\u00e4lde auf Leinwand.\",\"publisher\":{\"@id\":\"https:\/\/svetslik.si\/de\/#organization\"},\"potentialAction\":[{\"@type\":\"SearchAction\",\"target\":{\"@type\":\"EntryPoint\",\"urlTemplate\":\"https:\/\/svetslik.si\/de\/?s={search_term_string}\"},\"query-input\":{\"@type\":\"PropertyValueSpecification\",\"valueRequired\":true,\"valueName\":\"search_term_string\"}}],\"inLanguage\":\"de\"},{\"@type\":\"Organization\",\"@id\":\"https:\/\/svetslik.si\/de\/#organization\",\"name\":\"SvetSlik.si\",\"url\":\"https:\/\/svetslik.si\/de\/\",\"logo\":{\"@type\":\"ImageObject\",\"inLanguage\":\"de\",\"@id\":\"https:\/\/svetslik.si\/de\/#\/schema\/logo\/image\/\",\"url\":\"https:\/\/svetslik.si\/wp-content\/uploads\/2020\/12\/logo-512.png\",\"contentUrl\":\"https:\/\/svetslik.si\/wp-content\/uploads\/2020\/12\/logo-512.png\",\"width\":512,\"height\":512,\"caption\":\"SvetSlik.si\"},\"image\":{\"@id\":\"https:\/\/svetslik.si\/de\/#\/schema\/logo\/image\/\"},\"sameAs\":[\"https:\/\/www.facebook.com\/svetslik.si\",\"https:\/\/x.com\/svetslik\",\"https:\/\/www.instagram.com\/svetslik.si\/\",\"https:\/\/www.linkedin.com\/company\/svetslik-si\"]}]}<\/script>\n<meta property=\"og:availability\" content=\"instock\" \/>\n<meta property=\"product:availability\" content=\"instock\" \/>\n<meta property=\"product:retailer_item_id\" content=\"1130_b-9-6\" \/>\n<meta property=\"product:condition\" content=\"new\" \/>\n<!-- \/ Yoast SEO Premium plugin. -->","yoast_head_json":{"title":"Leinwandbilder - Gem\u00e4lde - E71 - SVETSLIK.SI - 100% handgemalt","description":"Leinwandbilder - Gem\u00e4lde - E71 - 100% handgemalte Leinwandbilder. Verkauf von abstrakter Kunst, modernen Gem\u00e4lden, Reproduktionen bekannter Maler, individuelle Anfertigung von Gem\u00e4lden und Bilderrahmung.","robots":{"index":"index","follow":"follow","max-snippet":"max-snippet:-1","max-image-preview":"max-image-preview:large","max-video-preview":"max-video-preview:-1"},"canonical":"https:\/\/svetslik.si\/de\/leinwandbilder-einteilige\/leinwandbilder-gemalde-e71\/","og_locale":"de_DE","og_type":"article","og_title":"Leinwandbilder - Gem\u00e4lde - E71","og_description":"100% ro\u010dno naslikane slike na platnu, reprodukcije znanih slikarjev in umetni\u0161ke slike po naro\u010dilu.","og_url":"https:\/\/svetslik.si\/de\/leinwandbilder-einteilige\/leinwandbilder-gemalde-e71\/","og_site_name":"SVETSLIK.SI","article_publisher":"https:\/\/www.facebook.com\/svetslik.si","article_modified_time":"2026-03-22T18:21:13+00:00","og_image":[{"width":1080,"height":1582,"url":"https:\/\/svetslik.si\/wp-content\/uploads\/2023\/03\/slika-na-platnu-71.jpg","type":"image\/jpeg"}],"twitter_card":"summary_large_image","twitter_site":"@svetslik","twitter_misc":{"Verf\u00fcgbarkeit":"Auf Lager"},"schema":{"@context":"https:\/\/schema.org","@graph":[{"@type":["WebPage","ItemPage"],"@id":"https:\/\/svetslik.si\/de\/leinwandbilder-einteilige\/leinwandbilder-gemalde-e71\/","url":"https:\/\/svetslik.si\/de\/leinwandbilder-einteilige\/leinwandbilder-gemalde-e71\/","name":"Leinwandbilder - Gem\u00e4lde - E71 - SVETSLIK.SI - 100% handgemalt","isPartOf":{"@id":"https:\/\/svetslik.si\/de\/#website"},"primaryImageOfPage":{"@id":"https:\/\/svetslik.si\/de\/leinwandbilder-einteilige\/leinwandbilder-gemalde-e71\/#primaryimage"},"image":{"@id":"https:\/\/svetslik.si\/de\/leinwandbilder-einteilige\/leinwandbilder-gemalde-e71\/#primaryimage"},"thumbnailUrl":"https:\/\/svetslik.si\/wp-content\/uploads\/2023\/03\/slika-na-platnu-71.jpg","datePublished":"2023-03-04T18:55:49+00:00","dateModified":"2026-03-22T18:21:13+00:00","description":"Leinwandbilder - Gem\u00e4lde - E71 - 100% handgemalte Leinwandbilder. Verkauf von abstrakter Kunst, modernen Gem\u00e4lden, Reproduktionen bekannter Maler, individuelle Anfertigung von Gem\u00e4lden und Bilderrahmung.","breadcrumb":{"@id":"https:\/\/svetslik.si\/de\/leinwandbilder-einteilige\/leinwandbilder-gemalde-e71\/#breadcrumb"},"inLanguage":"de","potentialAction":[{"@type":"ReadAction","target":["https:\/\/svetslik.si\/de\/leinwandbilder-einteilige\/leinwandbilder-gemalde-e71\/"]}]},{"@type":"ImageObject","inLanguage":"de","@id":"https:\/\/svetslik.si\/de\/leinwandbilder-einteilige\/leinwandbilder-gemalde-e71\/#primaryimage","url":"https:\/\/svetslik.si\/wp-content\/uploads\/2023\/03\/slika-na-platnu-71.jpg","contentUrl":"https:\/\/svetslik.si\/wp-content\/uploads\/2023\/03\/slika-na-platnu-71.jpg","width":1080,"height":1582,"caption":"Abstrakte Kunst Gem\u00e4lde E71 - 100% handgemalte, Leinwandbilder, abstrakter Kunst, gem\u00e4lde kaufen, modernen Gem\u00e4lden, wandbilder wohnzimmer, ber\u00fchmtes gem\u00e4lde, \u00f6lgem\u00e4lde, bilderrahmen"},{"@type":"BreadcrumbList","@id":"https:\/\/svetslik.si\/de\/leinwandbilder-einteilige\/leinwandbilder-gemalde-e71\/#breadcrumb","itemListElement":[{"@type":"ListItem","position":1,"name":"Wandkunst und Gem\u00e4lde auf Leinwand","item":"https:\/\/svetslik.si\/de\/"},{"@type":"ListItem","position":2,"name":"Verkauf von Gem\u00e4lden","item":"https:\/\/svetslik.si\/prodaja-slik\/"},{"@type":"ListItem","position":3,"name":"Leinwandbilder &#8211; Gem\u00e4lde &#8211; E71"}]},{"@type":"WebSite","@id":"https:\/\/svetslik.si\/de\/#website","url":"https:\/\/svetslik.si\/de\/","name":"SVETSLIK.SI","description":"100% handgemalte Reproduktionen von Gem\u00e4lden ber\u00fchmter Maler und Gem\u00e4lde auf Leinwand.","publisher":{"@id":"https:\/\/svetslik.si\/de\/#organization"},"potentialAction":[{"@type":"SearchAction","target":{"@type":"EntryPoint","urlTemplate":"https:\/\/svetslik.si\/de\/?s={search_term_string}"},"query-input":{"@type":"PropertyValueSpecification","valueRequired":true,"valueName":"search_term_string"}}],"inLanguage":"de"},{"@type":"Organization","@id":"https:\/\/svetslik.si\/de\/#organization","name":"SvetSlik.si","url":"https:\/\/svetslik.si\/de\/","logo":{"@type":"ImageObject","inLanguage":"de","@id":"https:\/\/svetslik.si\/de\/#\/schema\/logo\/image\/","url":"https:\/\/svetslik.si\/wp-content\/uploads\/2020\/12\/logo-512.png","contentUrl":"https:\/\/svetslik.si\/wp-content\/uploads\/2020\/12\/logo-512.png","width":512,"height":512,"caption":"SvetSlik.si"},"image":{"@id":"https:\/\/svetslik.si\/de\/#\/schema\/logo\/image\/"},"sameAs":["https:\/\/www.facebook.com\/svetslik.si","https:\/\/x.com\/svetslik","https:\/\/www.instagram.com\/svetslik.si\/","https:\/\/www.linkedin.com\/company\/svetslik-si"]}]},"og_availability":"instock","product_availability":"instock","product_retailer_item_id":"1130_b-9-6","product_condition":"new"},"jetpack_sharing_enabled":true,"_links":{"self":[{"href":"https:\/\/svetslik.si\/de\/wp-json\/wp\/v2\/product\/75384","targetHints":{"allow":["GET"]}}],"collection":[{"href":"https:\/\/svetslik.si\/de\/wp-json\/wp\/v2\/product"}],"about":[{"href":"https:\/\/svetslik.si\/de\/wp-json\/wp\/v2\/types\/product"}],"wp:featuredmedia":[{"embeddable":true,"href":"https:\/\/svetslik.si\/de\/wp-json\/wp\/v2\/media\/65528"}],"wp:attachment":[{"href":"https:\/\/svetslik.si\/de\/wp-json\/wp\/v2\/media?parent=75384"}],"wp:term":[{"taxonomy":"product_brand","embeddable":true,"href":"https:\/\/svetslik.si\/de\/wp-json\/wp\/v2\/product_brand?post=75384"},{"taxonomy":"product_cat","embeddable":true,"href":"https:\/\/svetslik.si\/de\/wp-json\/wp\/v2\/product_cat?post=75384"},{"taxonomy":"product_tag","embeddable":true,"href":"https:\/\/svetslik.si\/de\/wp-json\/wp\/v2\/product_tag?post=75384"}],"curies":[{"name":"wp","href":"https:\/\/api.w.org\/{rel}","templated":true}]}}