{"id":75827,"date":"2023-03-06T16:04:25","date_gmt":"2023-03-06T15:04:25","guid":{"rendered":"https:\/\/svetslik.si\/unkategorisiert\/slike-na-platnu-w35\/"},"modified":"2026-03-22T19:21:13","modified_gmt":"2026-03-22T18:21:13","slug":"leinwandbilder-gemalde-w35","status":"publish","type":"product","link":"https:\/\/svetslik.si\/de\/leinwandbilder-mehrteilige\/leinwandbilder-gemalde-w35\/","title":{"rendered":"Leinwandbilder &#8211; Gem\u00e4lde &#8211; W35"},"content":{"rendered":"<div class=\"wpb-content-wrapper\">[vc_row css=&#8221;.vc_custom_1678115348663{margin-bottom: 10px !important;}&#8221;][vc_column]\t<div class=\"et-image-330 et-image     et_image_link\">\n\t\t<div class=\"et-image-inner \">\n\t\t\t\t\t\t\t<div class=\"et-image-thumb \">\n\t\t\t\t\t<img decoding=\"async\" width=\"930\" height=\"930\" src=\"https:\/\/svetslik.si\/wp-content\/uploads\/2023\/03\/slike-na-platnu-W35a.jpg\" class=\"attachment-full\" alt=\"Leinwandbilder - Gem\u00e4lde - W35\" title=\"Leinwandbilder - Gem\u00e4lde - W35\" srcset=\"https:\/\/svetslik.si\/wp-content\/uploads\/2023\/03\/slike-na-platnu-W35a.jpg 930w, https:\/\/svetslik.si\/wp-content\/uploads\/2023\/03\/slike-na-platnu-W35a-600x600.jpg 600w, https:\/\/svetslik.si\/wp-content\/uploads\/2023\/03\/slike-na-platnu-W35a-100x100.jpg 100w, https:\/\/svetslik.si\/wp-content\/uploads\/2023\/03\/slike-na-platnu-W35a-300x300.jpg 300w, https:\/\/svetslik.si\/wp-content\/uploads\/2023\/03\/slike-na-platnu-W35a-150x150.jpg 150w, https:\/\/svetslik.si\/wp-content\/uploads\/2023\/03\/slike-na-platnu-W35a-768x768.jpg 768w, https:\/\/svetslik.si\/wp-content\/uploads\/2023\/03\/slike-na-platnu-W35a-12x12.jpg 12w, https:\/\/svetslik.si\/wp-content\/uploads\/2023\/03\/slike-na-platnu-W35a-900x900.jpg 900w\" sizes=\"(max-width: 930px) 100vw, 930px\" \/>\t\t\t\t<\/div>\n\t\t\t\t\t\t\t\t\t\t\t<\/div>\n\t<\/div>\n  [\/vc_column][\/vc_row][vc_row css=&#8221;.vc_custom_1678115348663{margin-bottom: 10px !important;}&#8221;][vc_column]\t<div class=\"et-image-676 et-image     et_image_link\">\n\t\t<div class=\"et-image-inner \">\n\t\t\t\t\t\t\t<div class=\"et-image-thumb \">\n\t\t\t\t\t<img decoding=\"async\" width=\"768\" height=\"1024\" src=\"https:\/\/svetslik.si\/wp-content\/uploads\/2023\/03\/slike-na-platnu-W35b.jpg\" class=\"attachment-full\" alt=\"Leinwandbilder - Gem\u00e4lde - W35\" title=\"Leinwandbilder - Gem\u00e4lde - W35\" srcset=\"https:\/\/svetslik.si\/wp-content\/uploads\/2023\/03\/slike-na-platnu-W35b.jpg 768w, https:\/\/svetslik.si\/wp-content\/uploads\/2023\/03\/slike-na-platnu-W35b-600x800.jpg 600w, https:\/\/svetslik.si\/wp-content\/uploads\/2023\/03\/slike-na-platnu-W35b-225x300.jpg 225w, https:\/\/svetslik.si\/wp-content\/uploads\/2023\/03\/slike-na-platnu-W35b-9x12.jpg 9w, https:\/\/svetslik.si\/wp-content\/uploads\/2023\/03\/slike-na-platnu-W35b-113x150.jpg 113w\" sizes=\"(max-width: 768px) 100vw, 768px\" \/>\t\t\t\t<\/div>\n\t\t\t\t\t\t\t\t\t\t\t<\/div>\n\t<\/div>\n  [\/vc_column][\/vc_row][vc_row][vc_column][vc_column_text]\n<\/div>","protected":false},"excerpt":{"rendered":"<p>[vc_row css=&#8221;.vc_custom_1678115348663{margin-bottom: 10px !important;}&#8221;][vc_column][\/vc_column][\/vc_row][vc_row css=&#8221;.vc_custom_1678115348663{margin-bottom: 10px !important;}&#8221;][vc_column][\/vc_column][\/vc_row][vc_row][vc_column][vc_column_text]<\/p>\n","protected":false},"featured_media":65688,"template":"","meta":{"_acf_changed":false},"product_brand":[],"product_cat":[8472],"product_tag":[8477,8522,8523,8774,9135,8776,8499,8510,8775],"class_list":{"0":"post-75827","1":"product","2":"type-product","3":"status-publish","4":"has-post-thumbnail","6":"product_cat-leinwandbilder-mehrteilige","7":"product_tag-abstrakte-gemaelde-de","8":"product_tag-gemaelde-auf-leinwand","9":"product_tag-gemaelde-fuer-das-wohnzimmer","10":"product_tag-gemalde-fur-wohnzimmer-3","11":"product_tag-kunst-gemalde","12":"product_tag-mehrteilige-gemalde","13":"product_tag-moderne-gemalde-de","14":"product_tag-verkauf-von-gemaelden","15":"product_tag-wandgemalde-1","16":"pa_dimenzija-100-x-50-cm-de","17":"pa_dimenzija-120-x-60-cm-de","18":"pa_dimenzija-150-x-75-cm-de","19":"pa_dimenzija-180-x-90-cm-de","20":"pa_dimenzija-200-x-100-cm-de","21":"pa_oblika-horizontal-de","22":"pa_pod-okvir-im-preis-inbegriffen","23":"pa_podokvir-ja","24":"pa_podokvir-nein","26":"first","27":"onbackorder","28":"purchasable","29":"product-type-variable","30":"has-default-attributes"},"acf":[],"yoast_head":"<!-- This site is optimized with the Yoast SEO Premium plugin v26.0 (Yoast SEO v27.2) - https:\/\/yoast.com\/product\/yoast-seo-premium-wordpress\/ -->\n<title>Leinwandbilder - Gem\u00e4lde - W35 - SVETSLIK.SI - 100% handgemalt<\/title>\n<meta name=\"description\" content=\"Leinwandbilder - Gem\u00e4lde - W35 - 100% handgemalte Leinwandbilder. Verkauf von abstrakter Kunst, modernen Gem\u00e4lden, Reproduktionen bekannter Maler, individuelle Anfertigung von Gem\u00e4lden und Bilderrahmung.\" \/>\n<meta name=\"robots\" content=\"index, follow, max-snippet:-1, max-image-preview:large, max-video-preview:-1\" \/>\n<link rel=\"canonical\" href=\"https:\/\/svetslik.si\/de\/leinwandbilder-mehrteilige\/leinwandbilder-gemalde-w35\/\" \/>\n<meta property=\"og:locale\" content=\"de_DE\" \/>\n<meta property=\"og:type\" content=\"article\" \/>\n<meta property=\"og:title\" content=\"Leinwandbilder - Gem\u00e4lde - W35\" \/>\n<meta property=\"og:description\" content=\"100% ro\u010dno naslikane slike na platnu, reprodukcije znanih slikarjev in umetni\u0161ke slike po naro\u010dilu.\" \/>\n<meta property=\"og:url\" content=\"https:\/\/svetslik.si\/de\/leinwandbilder-mehrteilige\/leinwandbilder-gemalde-w35\/\" \/>\n<meta property=\"og:site_name\" content=\"SVETSLIK.SI\" \/>\n<meta property=\"article:publisher\" content=\"https:\/\/www.facebook.com\/svetslik.si\" \/>\n<meta property=\"article:modified_time\" content=\"2026-03-22T18:21:13+00:00\" \/>\n<meta property=\"og:image\" content=\"https:\/\/svetslik.si\/wp-content\/uploads\/2023\/03\/stenske-slike-35.png\" \/>\n\t<meta property=\"og:image:width\" content=\"829\" \/>\n\t<meta property=\"og:image:height\" content=\"521\" \/>\n\t<meta property=\"og:image:type\" content=\"image\/png\" \/>\n<meta name=\"twitter:card\" content=\"summary_large_image\" \/>\n<meta name=\"twitter:site\" content=\"@svetslik\" \/>\n<meta name=\"twitter:label1\" content=\"Verf\u00fcgbarkeit\" \/>\n\t<meta name=\"twitter:data1\" content=\"bei Nachbestellung\" \/>\n<script type=\"application\/ld+json\" class=\"yoast-schema-graph\">{\"@context\":\"https:\/\/schema.org\",\"@graph\":[{\"@type\":[\"WebPage\",\"ItemPage\"],\"@id\":\"https:\/\/svetslik.si\/de\/leinwandbilder-mehrteilige\/leinwandbilder-gemalde-w35\/\",\"url\":\"https:\/\/svetslik.si\/de\/leinwandbilder-mehrteilige\/leinwandbilder-gemalde-w35\/\",\"name\":\"Leinwandbilder - Gem\u00e4lde - W35 - SVETSLIK.SI - 100% handgemalt\",\"isPartOf\":{\"@id\":\"https:\/\/svetslik.si\/de\/#website\"},\"primaryImageOfPage\":{\"@id\":\"https:\/\/svetslik.si\/de\/leinwandbilder-mehrteilige\/leinwandbilder-gemalde-w35\/#primaryimage\"},\"image\":{\"@id\":\"https:\/\/svetslik.si\/de\/leinwandbilder-mehrteilige\/leinwandbilder-gemalde-w35\/#primaryimage\"},\"thumbnailUrl\":\"https:\/\/svetslik.si\/wp-content\/uploads\/2023\/03\/stenske-slike-35.png\",\"datePublished\":\"2023-03-06T15:04:25+00:00\",\"dateModified\":\"2026-03-22T18:21:13+00:00\",\"description\":\"Leinwandbilder - Gem\u00e4lde - W35 - 100% handgemalte Leinwandbilder. Verkauf von abstrakter Kunst, modernen Gem\u00e4lden, Reproduktionen bekannter Maler, individuelle Anfertigung von Gem\u00e4lden und Bilderrahmung.\",\"breadcrumb\":{\"@id\":\"https:\/\/svetslik.si\/de\/leinwandbilder-mehrteilige\/leinwandbilder-gemalde-w35\/#breadcrumb\"},\"inLanguage\":\"de\",\"potentialAction\":[{\"@type\":\"ReadAction\",\"target\":[\"https:\/\/svetslik.si\/de\/leinwandbilder-mehrteilige\/leinwandbilder-gemalde-w35\/\"]}]},{\"@type\":\"ImageObject\",\"inLanguage\":\"de\",\"@id\":\"https:\/\/svetslik.si\/de\/leinwandbilder-mehrteilige\/leinwandbilder-gemalde-w35\/#primaryimage\",\"url\":\"https:\/\/svetslik.si\/wp-content\/uploads\/2023\/03\/stenske-slike-35.png\",\"contentUrl\":\"https:\/\/svetslik.si\/wp-content\/uploads\/2023\/03\/stenske-slike-35.png\",\"width\":829,\"height\":521,\"caption\":\"Leinwandbilder - Gem\u00e4lde - W35 - 100% handgemalte - abstrakter Kunst - gem\u00e4lde kaufen - modernen Gem\u00e4lden - wandbilder wohnzimmer - ber\u00fchmtes gem\u00e4lde - \u00f6lgem\u00e4lde - bilderrahmen\"},{\"@type\":\"BreadcrumbList\",\"@id\":\"https:\/\/svetslik.si\/de\/leinwandbilder-mehrteilige\/leinwandbilder-gemalde-w35\/#breadcrumb\",\"itemListElement\":[{\"@type\":\"ListItem\",\"position\":1,\"name\":\"Wandkunst und Gem\u00e4lde auf Leinwand\",\"item\":\"https:\/\/svetslik.si\/de\/\"},{\"@type\":\"ListItem\",\"position\":2,\"name\":\"Verkauf von Gem\u00e4lden\",\"item\":\"https:\/\/svetslik.si\/prodaja-slik\/\"},{\"@type\":\"ListItem\",\"position\":3,\"name\":\"Leinwandbilder &#8211; Gem\u00e4lde &#8211; W35\"}]},{\"@type\":\"WebSite\",\"@id\":\"https:\/\/svetslik.si\/de\/#website\",\"url\":\"https:\/\/svetslik.si\/de\/\",\"name\":\"SVETSLIK.SI\",\"description\":\"100% handgemalte Reproduktionen von Gem\u00e4lden ber\u00fchmter Maler und Gem\u00e4lde auf Leinwand.\",\"publisher\":{\"@id\":\"https:\/\/svetslik.si\/de\/#organization\"},\"potentialAction\":[{\"@type\":\"SearchAction\",\"target\":{\"@type\":\"EntryPoint\",\"urlTemplate\":\"https:\/\/svetslik.si\/de\/?s={search_term_string}\"},\"query-input\":{\"@type\":\"PropertyValueSpecification\",\"valueRequired\":true,\"valueName\":\"search_term_string\"}}],\"inLanguage\":\"de\"},{\"@type\":\"Organization\",\"@id\":\"https:\/\/svetslik.si\/de\/#organization\",\"name\":\"SvetSlik.si\",\"url\":\"https:\/\/svetslik.si\/de\/\",\"logo\":{\"@type\":\"ImageObject\",\"inLanguage\":\"de\",\"@id\":\"https:\/\/svetslik.si\/de\/#\/schema\/logo\/image\/\",\"url\":\"https:\/\/svetslik.si\/wp-content\/uploads\/2020\/12\/logo-512.png\",\"contentUrl\":\"https:\/\/svetslik.si\/wp-content\/uploads\/2020\/12\/logo-512.png\",\"width\":512,\"height\":512,\"caption\":\"SvetSlik.si\"},\"image\":{\"@id\":\"https:\/\/svetslik.si\/de\/#\/schema\/logo\/image\/\"},\"sameAs\":[\"https:\/\/www.facebook.com\/svetslik.si\",\"https:\/\/x.com\/svetslik\",\"https:\/\/www.instagram.com\/svetslik.si\/\",\"https:\/\/www.linkedin.com\/company\/svetslik-si\"]}]}<\/script>\n<meta property=\"og:availability\" content=\"backorder\" \/>\n<meta property=\"product:availability\" content=\"available for order\" \/>\n<meta property=\"product:retailer_item_id\" content=\"1058__-1\" \/>\n<meta property=\"product:condition\" content=\"new\" \/>\n<!-- \/ Yoast SEO Premium plugin. -->","yoast_head_json":{"title":"Leinwandbilder - Gem\u00e4lde - W35 - SVETSLIK.SI - 100% handgemalt","description":"Leinwandbilder - Gem\u00e4lde - W35 - 100% handgemalte Leinwandbilder. Verkauf von abstrakter Kunst, modernen Gem\u00e4lden, Reproduktionen bekannter Maler, individuelle Anfertigung von Gem\u00e4lden und Bilderrahmung.","robots":{"index":"index","follow":"follow","max-snippet":"max-snippet:-1","max-image-preview":"max-image-preview:large","max-video-preview":"max-video-preview:-1"},"canonical":"https:\/\/svetslik.si\/de\/leinwandbilder-mehrteilige\/leinwandbilder-gemalde-w35\/","og_locale":"de_DE","og_type":"article","og_title":"Leinwandbilder - Gem\u00e4lde - W35","og_description":"100% ro\u010dno naslikane slike na platnu, reprodukcije znanih slikarjev in umetni\u0161ke slike po naro\u010dilu.","og_url":"https:\/\/svetslik.si\/de\/leinwandbilder-mehrteilige\/leinwandbilder-gemalde-w35\/","og_site_name":"SVETSLIK.SI","article_publisher":"https:\/\/www.facebook.com\/svetslik.si","article_modified_time":"2026-03-22T18:21:13+00:00","og_image":[{"width":829,"height":521,"url":"https:\/\/svetslik.si\/wp-content\/uploads\/2023\/03\/stenske-slike-35.png","type":"image\/png"}],"twitter_card":"summary_large_image","twitter_site":"@svetslik","twitter_misc":{"Verf\u00fcgbarkeit":"bei Nachbestellung"},"schema":{"@context":"https:\/\/schema.org","@graph":[{"@type":["WebPage","ItemPage"],"@id":"https:\/\/svetslik.si\/de\/leinwandbilder-mehrteilige\/leinwandbilder-gemalde-w35\/","url":"https:\/\/svetslik.si\/de\/leinwandbilder-mehrteilige\/leinwandbilder-gemalde-w35\/","name":"Leinwandbilder - Gem\u00e4lde - W35 - SVETSLIK.SI - 100% handgemalt","isPartOf":{"@id":"https:\/\/svetslik.si\/de\/#website"},"primaryImageOfPage":{"@id":"https:\/\/svetslik.si\/de\/leinwandbilder-mehrteilige\/leinwandbilder-gemalde-w35\/#primaryimage"},"image":{"@id":"https:\/\/svetslik.si\/de\/leinwandbilder-mehrteilige\/leinwandbilder-gemalde-w35\/#primaryimage"},"thumbnailUrl":"https:\/\/svetslik.si\/wp-content\/uploads\/2023\/03\/stenske-slike-35.png","datePublished":"2023-03-06T15:04:25+00:00","dateModified":"2026-03-22T18:21:13+00:00","description":"Leinwandbilder - Gem\u00e4lde - W35 - 100% handgemalte Leinwandbilder. Verkauf von abstrakter Kunst, modernen Gem\u00e4lden, Reproduktionen bekannter Maler, individuelle Anfertigung von Gem\u00e4lden und Bilderrahmung.","breadcrumb":{"@id":"https:\/\/svetslik.si\/de\/leinwandbilder-mehrteilige\/leinwandbilder-gemalde-w35\/#breadcrumb"},"inLanguage":"de","potentialAction":[{"@type":"ReadAction","target":["https:\/\/svetslik.si\/de\/leinwandbilder-mehrteilige\/leinwandbilder-gemalde-w35\/"]}]},{"@type":"ImageObject","inLanguage":"de","@id":"https:\/\/svetslik.si\/de\/leinwandbilder-mehrteilige\/leinwandbilder-gemalde-w35\/#primaryimage","url":"https:\/\/svetslik.si\/wp-content\/uploads\/2023\/03\/stenske-slike-35.png","contentUrl":"https:\/\/svetslik.si\/wp-content\/uploads\/2023\/03\/stenske-slike-35.png","width":829,"height":521,"caption":"Leinwandbilder - Gem\u00e4lde - W35 - 100% handgemalte - abstrakter Kunst - gem\u00e4lde kaufen - modernen Gem\u00e4lden - wandbilder wohnzimmer - ber\u00fchmtes gem\u00e4lde - \u00f6lgem\u00e4lde - bilderrahmen"},{"@type":"BreadcrumbList","@id":"https:\/\/svetslik.si\/de\/leinwandbilder-mehrteilige\/leinwandbilder-gemalde-w35\/#breadcrumb","itemListElement":[{"@type":"ListItem","position":1,"name":"Wandkunst und Gem\u00e4lde auf Leinwand","item":"https:\/\/svetslik.si\/de\/"},{"@type":"ListItem","position":2,"name":"Verkauf von Gem\u00e4lden","item":"https:\/\/svetslik.si\/prodaja-slik\/"},{"@type":"ListItem","position":3,"name":"Leinwandbilder &#8211; Gem\u00e4lde &#8211; W35"}]},{"@type":"WebSite","@id":"https:\/\/svetslik.si\/de\/#website","url":"https:\/\/svetslik.si\/de\/","name":"SVETSLIK.SI","description":"100% handgemalte Reproduktionen von Gem\u00e4lden ber\u00fchmter Maler und Gem\u00e4lde auf Leinwand.","publisher":{"@id":"https:\/\/svetslik.si\/de\/#organization"},"potentialAction":[{"@type":"SearchAction","target":{"@type":"EntryPoint","urlTemplate":"https:\/\/svetslik.si\/de\/?s={search_term_string}"},"query-input":{"@type":"PropertyValueSpecification","valueRequired":true,"valueName":"search_term_string"}}],"inLanguage":"de"},{"@type":"Organization","@id":"https:\/\/svetslik.si\/de\/#organization","name":"SvetSlik.si","url":"https:\/\/svetslik.si\/de\/","logo":{"@type":"ImageObject","inLanguage":"de","@id":"https:\/\/svetslik.si\/de\/#\/schema\/logo\/image\/","url":"https:\/\/svetslik.si\/wp-content\/uploads\/2020\/12\/logo-512.png","contentUrl":"https:\/\/svetslik.si\/wp-content\/uploads\/2020\/12\/logo-512.png","width":512,"height":512,"caption":"SvetSlik.si"},"image":{"@id":"https:\/\/svetslik.si\/de\/#\/schema\/logo\/image\/"},"sameAs":["https:\/\/www.facebook.com\/svetslik.si","https:\/\/x.com\/svetslik","https:\/\/www.instagram.com\/svetslik.si\/","https:\/\/www.linkedin.com\/company\/svetslik-si"]}]},"og_availability":"backorder","product_availability":"available for order","product_retailer_item_id":"1058__-1","product_condition":"new"},"jetpack_sharing_enabled":true,"_links":{"self":[{"href":"https:\/\/svetslik.si\/de\/wp-json\/wp\/v2\/product\/75827","targetHints":{"allow":["GET"]}}],"collection":[{"href":"https:\/\/svetslik.si\/de\/wp-json\/wp\/v2\/product"}],"about":[{"href":"https:\/\/svetslik.si\/de\/wp-json\/wp\/v2\/types\/product"}],"wp:featuredmedia":[{"embeddable":true,"href":"https:\/\/svetslik.si\/de\/wp-json\/wp\/v2\/media\/65688"}],"wp:attachment":[{"href":"https:\/\/svetslik.si\/de\/wp-json\/wp\/v2\/media?parent=75827"}],"wp:term":[{"taxonomy":"product_brand","embeddable":true,"href":"https:\/\/svetslik.si\/de\/wp-json\/wp\/v2\/product_brand?post=75827"},{"taxonomy":"product_cat","embeddable":true,"href":"https:\/\/svetslik.si\/de\/wp-json\/wp\/v2\/product_cat?post=75827"},{"taxonomy":"product_tag","embeddable":true,"href":"https:\/\/svetslik.si\/de\/wp-json\/wp\/v2\/product_tag?post=75827"}],"curies":[{"name":"wp","href":"https:\/\/api.w.org\/{rel}","templated":true}]}}