{"id":75867,"date":"2023-03-06T18:54:53","date_gmt":"2023-03-06T17:54:53","guid":{"rendered":"https:\/\/svetslik.si\/unkategorisiert\/slike-na-platnu-w15\/"},"modified":"2024-07-11T14:23:20","modified_gmt":"2024-07-11T12:23:20","slug":"leinwandbilder-gemalde-w15","status":"publish","type":"product","link":"https:\/\/svetslik.si\/de\/leinwandbilder-mehrteilige\/leinwandbilder-gemalde-w15\/","title":{"rendered":"Leinwandbilder &#8211; Gem\u00e4lde &#8211; W15"},"content":{"rendered":"<div class=\"wpb-content-wrapper\">[vc_row css=&#8221;.vc_custom_1661405884285{margin-bottom: 10px !important;}&#8221;][vc_column]\t<div class=\"et-image-286 et-image     et_image_link\">\n\t\t<div class=\"et-image-inner \">\n\t\t\t\t\t\t\t<div class=\"et-image-thumb \">\n\t\t\t\t\t<img decoding=\"async\" width=\"1080\" height=\"1080\" src=\"https:\/\/svetslik.si\/wp-content\/uploads\/2023\/03\/stenske-slike-W15b.webp\" class=\"attachment-full\" alt=\"Leinwandbilder - Gem\u00e4lde - W15\" title=\"Leinwandbilder - Gem\u00e4lde - W15\" srcset=\"https:\/\/svetslik.si\/wp-content\/uploads\/2023\/03\/stenske-slike-W15b.webp 1080w, https:\/\/svetslik.si\/wp-content\/uploads\/2023\/03\/stenske-slike-W15b-600x600.webp 600w, https:\/\/svetslik.si\/wp-content\/uploads\/2023\/03\/stenske-slike-W15b-100x100.webp 100w, https:\/\/svetslik.si\/wp-content\/uploads\/2023\/03\/stenske-slike-W15b-300x300.webp 300w, https:\/\/svetslik.si\/wp-content\/uploads\/2023\/03\/stenske-slike-W15b-1024x1024.webp 1024w, https:\/\/svetslik.si\/wp-content\/uploads\/2023\/03\/stenske-slike-W15b-150x150.webp 150w, https:\/\/svetslik.si\/wp-content\/uploads\/2023\/03\/stenske-slike-W15b-768x768.webp 768w, https:\/\/svetslik.si\/wp-content\/uploads\/2023\/03\/stenske-slike-W15b-12x12.webp 12w, https:\/\/svetslik.si\/wp-content\/uploads\/2023\/03\/stenske-slike-W15b-900x900.webp 900w\" sizes=\"(max-width: 1080px) 100vw, 1080px\" \/>\t\t\t\t<\/div>\n\t\t\t\t\t\t\t\t\t\t\t<\/div>\n\t<\/div>\n  [\/vc_column][\/vc_row][vc_row css=&#8221;.vc_custom_1661424638916{margin-bottom: 10px !important;}&#8221;][vc_column]\t<div class=\"et-image-966 et-image     et_image_link\">\n\t\t<div class=\"et-image-inner \">\n\t\t\t\t\t\t\t<div class=\"et-image-thumb \">\n\t\t\t\t\t<img decoding=\"async\" width=\"879\" height=\"1173\" src=\"https:\/\/svetslik.si\/wp-content\/uploads\/2023\/03\/stenske-slike-W15c.webp\" class=\"attachment-full\" alt=\"Leinwandbilder - Gem\u00e4lde - W15\" title=\"Leinwandbilder - Gem\u00e4lde - W15\" srcset=\"https:\/\/svetslik.si\/wp-content\/uploads\/2023\/03\/stenske-slike-W15c.webp 879w, https:\/\/svetslik.si\/wp-content\/uploads\/2023\/03\/stenske-slike-W15c-600x801.webp 600w, https:\/\/svetslik.si\/wp-content\/uploads\/2023\/03\/stenske-slike-W15c-225x300.webp 225w, https:\/\/svetslik.si\/wp-content\/uploads\/2023\/03\/stenske-slike-W15c-767x1024.webp 767w, https:\/\/svetslik.si\/wp-content\/uploads\/2023\/03\/stenske-slike-W15c-768x1025.webp 768w, https:\/\/svetslik.si\/wp-content\/uploads\/2023\/03\/stenske-slike-W15c-9x12.webp 9w, https:\/\/svetslik.si\/wp-content\/uploads\/2023\/03\/stenske-slike-W15c-112x150.webp 112w\" sizes=\"(max-width: 879px) 100vw, 879px\" \/>\t\t\t\t<\/div>\n\t\t\t\t\t\t\t\t\t\t\t<\/div>\n\t<\/div>\n  [\/vc_column][\/vc_row][vc_row css=&#8221;.vc_custom_1661424649765{margin-bottom: 10px !important;}&#8221;][vc_column]\t<div class=\"et-image-274 et-image     et_image_link\">\n\t\t<div class=\"et-image-inner \">\n\t\t\t\t\t\t\t<div class=\"et-image-thumb \">\n\t\t\t\t\t<img decoding=\"async\" width=\"910\" height=\"1201\" src=\"https:\/\/svetslik.si\/wp-content\/uploads\/2023\/03\/stenske-slike-W15d.webp\" class=\"attachment-full\" alt=\"Leinwandbilder - Gem\u00e4lde - W15\" title=\"Leinwandbilder - Gem\u00e4lde - W15\" srcset=\"https:\/\/svetslik.si\/wp-content\/uploads\/2023\/03\/stenske-slike-W15d.webp 910w, https:\/\/svetslik.si\/wp-content\/uploads\/2023\/03\/stenske-slike-W15d-600x792.webp 600w, https:\/\/svetslik.si\/wp-content\/uploads\/2023\/03\/stenske-slike-W15d-227x300.webp 227w, https:\/\/svetslik.si\/wp-content\/uploads\/2023\/03\/stenske-slike-W15d-776x1024.webp 776w, https:\/\/svetslik.si\/wp-content\/uploads\/2023\/03\/stenske-slike-W15d-768x1014.webp 768w, https:\/\/svetslik.si\/wp-content\/uploads\/2023\/03\/stenske-slike-W15d-9x12.webp 9w, https:\/\/svetslik.si\/wp-content\/uploads\/2023\/03\/stenske-slike-W15d-114x150.webp 114w, https:\/\/svetslik.si\/wp-content\/uploads\/2023\/03\/stenske-slike-W15d-900x1188.webp 900w\" sizes=\"(max-width: 910px) 100vw, 910px\" \/>\t\t\t\t<\/div>\n\t\t\t\t\t\t\t\t\t\t\t<\/div>\n\t<\/div>\n  [\/vc_column][\/vc_row][vc_row css=&#8221;.vc_custom_1661424649765{margin-bottom: 10px !important;}&#8221;][vc_column]\t<div class=\"et-image-312 et-image     et_image_link\">\n\t\t<div class=\"et-image-inner \">\n\t\t\t\t\t\t\t<div class=\"et-image-thumb \">\n\t\t\t\t\t<img decoding=\"async\" width=\"909\" height=\"1204\" src=\"https:\/\/svetslik.si\/wp-content\/uploads\/2023\/03\/stenske-slike-W15s.webp\" class=\"attachment-full\" alt=\"Leinwandbilder - Gem\u00e4lde - W15\" title=\"Leinwandbilder - Gem\u00e4lde - W15\" srcset=\"https:\/\/svetslik.si\/wp-content\/uploads\/2023\/03\/stenske-slike-W15s.webp 909w, https:\/\/svetslik.si\/wp-content\/uploads\/2023\/03\/stenske-slike-W15s-600x795.webp 600w, https:\/\/svetslik.si\/wp-content\/uploads\/2023\/03\/stenske-slike-W15s-226x300.webp 226w, https:\/\/svetslik.si\/wp-content\/uploads\/2023\/03\/stenske-slike-W15s-773x1024.webp 773w, https:\/\/svetslik.si\/wp-content\/uploads\/2023\/03\/stenske-slike-W15s-768x1017.webp 768w, https:\/\/svetslik.si\/wp-content\/uploads\/2023\/03\/stenske-slike-W15s-9x12.webp 9w, https:\/\/svetslik.si\/wp-content\/uploads\/2023\/03\/stenske-slike-W15s-113x150.webp 113w, https:\/\/svetslik.si\/wp-content\/uploads\/2023\/03\/stenske-slike-W15s-900x1192.webp 900w\" sizes=\"(max-width: 909px) 100vw, 909px\" \/>\t\t\t\t<\/div>\n\t\t\t\t\t\t\t\t\t\t\t<\/div>\n\t<\/div>\n  [\/vc_column][\/vc_row][vc_row][vc_column][vc_column_text]\n<\/div>","protected":false},"excerpt":{"rendered":"<p>[vc_row css=&#8221;.vc_custom_1661405884285{margin-bottom: 10px !important;}&#8221;][vc_column][\/vc_column][\/vc_row][vc_row css=&#8221;.vc_custom_1661424638916{margin-bottom: 10px !important;}&#8221;][vc_column][\/vc_column][\/vc_row][vc_row css=&#8221;.vc_custom_1661424649765{margin-bottom: 10px !important;}&#8221;][vc_column][\/vc_column][\/vc_row][vc_row css=&#8221;.vc_custom_1661424649765{margin-bottom: 10px !important;}&#8221;][vc_column][\/vc_column][\/vc_row][vc_row][vc_column][vc_column_text]<\/p>\n","protected":false},"featured_media":65707,"template":"","meta":{"_acf_changed":false},"product_brand":[],"product_cat":[8472],"product_tag":[8477,8485,8522,8523,8524,8774,9135,8499,9133,8510,9134,8775],"class_list":{"0":"post-75867","1":"product","2":"type-product","3":"status-publish","4":"has-post-thumbnail","6":"product_cat-leinwandbilder-mehrteilige","7":"product_tag-abstrakte-gemaelde-de","8":"product_tag-dekorative-gemaelde","9":"product_tag-gemaelde-auf-leinwand","10":"product_tag-gemaelde-fuer-das-wohnzimmer","11":"product_tag-gemaelde-fuer-die-wand","12":"product_tag-gemalde-fur-wohnzimmer-3","13":"product_tag-kunst-gemalde","14":"product_tag-moderne-gemalde-de","15":"product_tag-online-galerie","16":"product_tag-verkauf-von-gemaelden","17":"product_tag-wanddekoration","18":"product_tag-wandgemalde-1","19":"pa_dimenzija-100-cm-x-139-cm","20":"pa_dimenzija-110-cm-x-153-cm","21":"pa_dimenzija-120-cm-x-167-cm","22":"pa_dimenzija-130-cm-x-181-cm","23":"pa_dimenzija-140-cm-x-195-cm","24":"pa_dimenzija-150-cm-x-209-cm","25":"pa_dimenzija-160-cm-x-223-cm","26":"pa_dimenzija-170-cm-x-237-cm","27":"pa_dimenzija-180-cm-x-251-cm","28":"pa_dimenzija-200-cm-x-279-cm","29":"pa_dimenzija-40-cm-x-55-cm","30":"pa_dimenzija-50-cm-x-69-cm","31":"pa_dimenzija-60-cm-x-83-cm","32":"pa_dimenzija-70-cm-x-97-cm","33":"pa_dimenzija-80-cm-x-111-cm","34":"pa_dimenzija-90-cm-x-125-cm","35":"pa_oblika-vertikal","36":"pa_pod-okvir-im-preis-inbegriffen","37":"pa_podokvir-ja","38":"pa_podokvir-nein","40":"first","41":"onbackorder","42":"purchasable","43":"product-type-variable","44":"has-default-attributes"},"acf":[],"yoast_head":"<!-- This site is optimized with the Yoast SEO Premium plugin v26.0 (Yoast SEO v27.2) - https:\/\/yoast.com\/product\/yoast-seo-premium-wordpress\/ -->\n<title>Leinwandbilder - Gem\u00e4lde - W15 - SVETSLIK.SI - 100% handgemalt<\/title>\n<meta name=\"description\" content=\"Leinwandbilder - Gem\u00e4lde - W15 - 100% handgemalte Leinwandbilder. Verkauf von abstrakter Kunst, modernen Gem\u00e4lden, Reproduktionen bekannter Maler, individuelle Anfertigung von Gem\u00e4lden und Bilderrahmung.\" \/>\n<meta name=\"robots\" content=\"index, follow, max-snippet:-1, max-image-preview:large, max-video-preview:-1\" \/>\n<link rel=\"canonical\" href=\"https:\/\/svetslik.si\/de\/leinwandbilder-mehrteilige\/leinwandbilder-gemalde-w15\/\" \/>\n<meta property=\"og:locale\" content=\"de_DE\" \/>\n<meta property=\"og:type\" content=\"article\" \/>\n<meta property=\"og:title\" content=\"Leinwandbilder - Gem\u00e4lde - W15\" \/>\n<meta property=\"og:description\" content=\"100% ro\u010dno naslikane slike na platnu, reprodukcije znanih slikarjev in umetni\u0161ke slike po naro\u010dilu.\" \/>\n<meta property=\"og:url\" content=\"https:\/\/svetslik.si\/de\/leinwandbilder-mehrteilige\/leinwandbilder-gemalde-w15\/\" \/>\n<meta property=\"og:site_name\" content=\"SVETSLIK.SI\" \/>\n<meta property=\"article:publisher\" content=\"https:\/\/www.facebook.com\/svetslik.si\" \/>\n<meta property=\"article:modified_time\" content=\"2024-07-11T12:23:20+00:00\" \/>\n<meta property=\"og:image\" content=\"https:\/\/svetslik.si\/wp-content\/uploads\/2023\/03\/stenske-slike-W15.png\" \/>\n\t<meta property=\"og:image:width\" content=\"547\" \/>\n\t<meta property=\"og:image:height\" content=\"724\" \/>\n\t<meta property=\"og:image:type\" content=\"image\/png\" \/>\n<meta name=\"twitter:card\" content=\"summary_large_image\" \/>\n<meta name=\"twitter:site\" content=\"@svetslik\" \/>\n<meta name=\"twitter:label1\" content=\"Verf\u00fcgbarkeit\" \/>\n\t<meta name=\"twitter:data1\" content=\"bei Nachbestellung\" \/>\n<script type=\"application\/ld+json\" class=\"yoast-schema-graph\">{\"@context\":\"https:\/\/schema.org\",\"@graph\":[{\"@type\":[\"WebPage\",\"ItemPage\"],\"@id\":\"https:\/\/svetslik.si\/de\/leinwandbilder-mehrteilige\/leinwandbilder-gemalde-w15\/\",\"url\":\"https:\/\/svetslik.si\/de\/leinwandbilder-mehrteilige\/leinwandbilder-gemalde-w15\/\",\"name\":\"Leinwandbilder - Gem\u00e4lde - W15 - SVETSLIK.SI - 100% handgemalt\",\"isPartOf\":{\"@id\":\"https:\/\/svetslik.si\/de\/#website\"},\"primaryImageOfPage\":{\"@id\":\"https:\/\/svetslik.si\/de\/leinwandbilder-mehrteilige\/leinwandbilder-gemalde-w15\/#primaryimage\"},\"image\":{\"@id\":\"https:\/\/svetslik.si\/de\/leinwandbilder-mehrteilige\/leinwandbilder-gemalde-w15\/#primaryimage\"},\"thumbnailUrl\":\"https:\/\/svetslik.si\/wp-content\/uploads\/2023\/03\/stenske-slike-W15.png\",\"datePublished\":\"2023-03-06T17:54:53+00:00\",\"dateModified\":\"2024-07-11T12:23:20+00:00\",\"description\":\"Leinwandbilder - Gem\u00e4lde - W15 - 100% handgemalte Leinwandbilder. Verkauf von abstrakter Kunst, modernen Gem\u00e4lden, Reproduktionen bekannter Maler, individuelle Anfertigung von Gem\u00e4lden und Bilderrahmung.\",\"breadcrumb\":{\"@id\":\"https:\/\/svetslik.si\/de\/leinwandbilder-mehrteilige\/leinwandbilder-gemalde-w15\/#breadcrumb\"},\"inLanguage\":\"de\",\"potentialAction\":[{\"@type\":\"ReadAction\",\"target\":[\"https:\/\/svetslik.si\/de\/leinwandbilder-mehrteilige\/leinwandbilder-gemalde-w15\/\"]}]},{\"@type\":\"ImageObject\",\"inLanguage\":\"de\",\"@id\":\"https:\/\/svetslik.si\/de\/leinwandbilder-mehrteilige\/leinwandbilder-gemalde-w15\/#primaryimage\",\"url\":\"https:\/\/svetslik.si\/wp-content\/uploads\/2023\/03\/stenske-slike-W15.png\",\"contentUrl\":\"https:\/\/svetslik.si\/wp-content\/uploads\/2023\/03\/stenske-slike-W15.png\",\"width\":547,\"height\":724,\"caption\":\"Leinwandbilder - Gem\u00e4lde - W15 - 100% handgemalte - abstrakter Kunst - gem\u00e4lde kaufen - modernen Gem\u00e4lden - wandbilder wohnzimmer - ber\u00fchmtes gem\u00e4lde - \u00f6lgem\u00e4lde - bilderrahmen\"},{\"@type\":\"BreadcrumbList\",\"@id\":\"https:\/\/svetslik.si\/de\/leinwandbilder-mehrteilige\/leinwandbilder-gemalde-w15\/#breadcrumb\",\"itemListElement\":[{\"@type\":\"ListItem\",\"position\":1,\"name\":\"Wandkunst und Gem\u00e4lde auf Leinwand\",\"item\":\"https:\/\/svetslik.si\/de\/\"},{\"@type\":\"ListItem\",\"position\":2,\"name\":\"Verkauf von Gem\u00e4lden\",\"item\":\"https:\/\/svetslik.si\/prodaja-slik\/\"},{\"@type\":\"ListItem\",\"position\":3,\"name\":\"Leinwandbilder &#8211; Gem\u00e4lde &#8211; W15\"}]},{\"@type\":\"WebSite\",\"@id\":\"https:\/\/svetslik.si\/de\/#website\",\"url\":\"https:\/\/svetslik.si\/de\/\",\"name\":\"SVETSLIK.SI\",\"description\":\"100% handgemalte Reproduktionen von Gem\u00e4lden ber\u00fchmter Maler und Gem\u00e4lde auf Leinwand.\",\"publisher\":{\"@id\":\"https:\/\/svetslik.si\/de\/#organization\"},\"potentialAction\":[{\"@type\":\"SearchAction\",\"target\":{\"@type\":\"EntryPoint\",\"urlTemplate\":\"https:\/\/svetslik.si\/de\/?s={search_term_string}\"},\"query-input\":{\"@type\":\"PropertyValueSpecification\",\"valueRequired\":true,\"valueName\":\"search_term_string\"}}],\"inLanguage\":\"de\"},{\"@type\":\"Organization\",\"@id\":\"https:\/\/svetslik.si\/de\/#organization\",\"name\":\"SvetSlik.si\",\"url\":\"https:\/\/svetslik.si\/de\/\",\"logo\":{\"@type\":\"ImageObject\",\"inLanguage\":\"de\",\"@id\":\"https:\/\/svetslik.si\/de\/#\/schema\/logo\/image\/\",\"url\":\"https:\/\/svetslik.si\/wp-content\/uploads\/2020\/12\/logo-512.png\",\"contentUrl\":\"https:\/\/svetslik.si\/wp-content\/uploads\/2020\/12\/logo-512.png\",\"width\":512,\"height\":512,\"caption\":\"SvetSlik.si\"},\"image\":{\"@id\":\"https:\/\/svetslik.si\/de\/#\/schema\/logo\/image\/\"},\"sameAs\":[\"https:\/\/www.facebook.com\/svetslik.si\",\"https:\/\/x.com\/svetslik\",\"https:\/\/www.instagram.com\/svetslik.si\/\",\"https:\/\/www.linkedin.com\/company\/svetslik-si\"]}]}<\/script>\n<meta property=\"og:availability\" content=\"backorder\" \/>\n<meta property=\"product:availability\" content=\"available for order\" \/>\n<meta property=\"product:retailer_item_id\" content=\"1130_11-2-2\" \/>\n<meta property=\"product:condition\" content=\"new\" \/>\n<!-- \/ Yoast SEO Premium plugin. -->","yoast_head_json":{"title":"Leinwandbilder - Gem\u00e4lde - W15 - SVETSLIK.SI - 100% handgemalt","description":"Leinwandbilder - Gem\u00e4lde - W15 - 100% handgemalte Leinwandbilder. Verkauf von abstrakter Kunst, modernen Gem\u00e4lden, Reproduktionen bekannter Maler, individuelle Anfertigung von Gem\u00e4lden und Bilderrahmung.","robots":{"index":"index","follow":"follow","max-snippet":"max-snippet:-1","max-image-preview":"max-image-preview:large","max-video-preview":"max-video-preview:-1"},"canonical":"https:\/\/svetslik.si\/de\/leinwandbilder-mehrteilige\/leinwandbilder-gemalde-w15\/","og_locale":"de_DE","og_type":"article","og_title":"Leinwandbilder - Gem\u00e4lde - W15","og_description":"100% ro\u010dno naslikane slike na platnu, reprodukcije znanih slikarjev in umetni\u0161ke slike po naro\u010dilu.","og_url":"https:\/\/svetslik.si\/de\/leinwandbilder-mehrteilige\/leinwandbilder-gemalde-w15\/","og_site_name":"SVETSLIK.SI","article_publisher":"https:\/\/www.facebook.com\/svetslik.si","article_modified_time":"2024-07-11T12:23:20+00:00","og_image":[{"width":547,"height":724,"url":"https:\/\/svetslik.si\/wp-content\/uploads\/2023\/03\/stenske-slike-W15.png","type":"image\/png"}],"twitter_card":"summary_large_image","twitter_site":"@svetslik","twitter_misc":{"Verf\u00fcgbarkeit":"bei Nachbestellung"},"schema":{"@context":"https:\/\/schema.org","@graph":[{"@type":["WebPage","ItemPage"],"@id":"https:\/\/svetslik.si\/de\/leinwandbilder-mehrteilige\/leinwandbilder-gemalde-w15\/","url":"https:\/\/svetslik.si\/de\/leinwandbilder-mehrteilige\/leinwandbilder-gemalde-w15\/","name":"Leinwandbilder - Gem\u00e4lde - W15 - SVETSLIK.SI - 100% handgemalt","isPartOf":{"@id":"https:\/\/svetslik.si\/de\/#website"},"primaryImageOfPage":{"@id":"https:\/\/svetslik.si\/de\/leinwandbilder-mehrteilige\/leinwandbilder-gemalde-w15\/#primaryimage"},"image":{"@id":"https:\/\/svetslik.si\/de\/leinwandbilder-mehrteilige\/leinwandbilder-gemalde-w15\/#primaryimage"},"thumbnailUrl":"https:\/\/svetslik.si\/wp-content\/uploads\/2023\/03\/stenske-slike-W15.png","datePublished":"2023-03-06T17:54:53+00:00","dateModified":"2024-07-11T12:23:20+00:00","description":"Leinwandbilder - Gem\u00e4lde - W15 - 100% handgemalte Leinwandbilder. Verkauf von abstrakter Kunst, modernen Gem\u00e4lden, Reproduktionen bekannter Maler, individuelle Anfertigung von Gem\u00e4lden und Bilderrahmung.","breadcrumb":{"@id":"https:\/\/svetslik.si\/de\/leinwandbilder-mehrteilige\/leinwandbilder-gemalde-w15\/#breadcrumb"},"inLanguage":"de","potentialAction":[{"@type":"ReadAction","target":["https:\/\/svetslik.si\/de\/leinwandbilder-mehrteilige\/leinwandbilder-gemalde-w15\/"]}]},{"@type":"ImageObject","inLanguage":"de","@id":"https:\/\/svetslik.si\/de\/leinwandbilder-mehrteilige\/leinwandbilder-gemalde-w15\/#primaryimage","url":"https:\/\/svetslik.si\/wp-content\/uploads\/2023\/03\/stenske-slike-W15.png","contentUrl":"https:\/\/svetslik.si\/wp-content\/uploads\/2023\/03\/stenske-slike-W15.png","width":547,"height":724,"caption":"Leinwandbilder - Gem\u00e4lde - W15 - 100% handgemalte - abstrakter Kunst - gem\u00e4lde kaufen - modernen Gem\u00e4lden - wandbilder wohnzimmer - ber\u00fchmtes gem\u00e4lde - \u00f6lgem\u00e4lde - bilderrahmen"},{"@type":"BreadcrumbList","@id":"https:\/\/svetslik.si\/de\/leinwandbilder-mehrteilige\/leinwandbilder-gemalde-w15\/#breadcrumb","itemListElement":[{"@type":"ListItem","position":1,"name":"Wandkunst und Gem\u00e4lde auf Leinwand","item":"https:\/\/svetslik.si\/de\/"},{"@type":"ListItem","position":2,"name":"Verkauf von Gem\u00e4lden","item":"https:\/\/svetslik.si\/prodaja-slik\/"},{"@type":"ListItem","position":3,"name":"Leinwandbilder &#8211; Gem\u00e4lde &#8211; W15"}]},{"@type":"WebSite","@id":"https:\/\/svetslik.si\/de\/#website","url":"https:\/\/svetslik.si\/de\/","name":"SVETSLIK.SI","description":"100% handgemalte Reproduktionen von Gem\u00e4lden ber\u00fchmter Maler und Gem\u00e4lde auf Leinwand.","publisher":{"@id":"https:\/\/svetslik.si\/de\/#organization"},"potentialAction":[{"@type":"SearchAction","target":{"@type":"EntryPoint","urlTemplate":"https:\/\/svetslik.si\/de\/?s={search_term_string}"},"query-input":{"@type":"PropertyValueSpecification","valueRequired":true,"valueName":"search_term_string"}}],"inLanguage":"de"},{"@type":"Organization","@id":"https:\/\/svetslik.si\/de\/#organization","name":"SvetSlik.si","url":"https:\/\/svetslik.si\/de\/","logo":{"@type":"ImageObject","inLanguage":"de","@id":"https:\/\/svetslik.si\/de\/#\/schema\/logo\/image\/","url":"https:\/\/svetslik.si\/wp-content\/uploads\/2020\/12\/logo-512.png","contentUrl":"https:\/\/svetslik.si\/wp-content\/uploads\/2020\/12\/logo-512.png","width":512,"height":512,"caption":"SvetSlik.si"},"image":{"@id":"https:\/\/svetslik.si\/de\/#\/schema\/logo\/image\/"},"sameAs":["https:\/\/www.facebook.com\/svetslik.si","https:\/\/x.com\/svetslik","https:\/\/www.instagram.com\/svetslik.si\/","https:\/\/www.linkedin.com\/company\/svetslik-si"]}]},"og_availability":"backorder","product_availability":"available for order","product_retailer_item_id":"1130_11-2-2","product_condition":"new"},"jetpack_sharing_enabled":true,"_links":{"self":[{"href":"https:\/\/svetslik.si\/de\/wp-json\/wp\/v2\/product\/75867","targetHints":{"allow":["GET"]}}],"collection":[{"href":"https:\/\/svetslik.si\/de\/wp-json\/wp\/v2\/product"}],"about":[{"href":"https:\/\/svetslik.si\/de\/wp-json\/wp\/v2\/types\/product"}],"wp:featuredmedia":[{"embeddable":true,"href":"https:\/\/svetslik.si\/de\/wp-json\/wp\/v2\/media\/65707"}],"wp:attachment":[{"href":"https:\/\/svetslik.si\/de\/wp-json\/wp\/v2\/media?parent=75867"}],"wp:term":[{"taxonomy":"product_brand","embeddable":true,"href":"https:\/\/svetslik.si\/de\/wp-json\/wp\/v2\/product_brand?post=75867"},{"taxonomy":"product_cat","embeddable":true,"href":"https:\/\/svetslik.si\/de\/wp-json\/wp\/v2\/product_cat?post=75867"},{"taxonomy":"product_tag","embeddable":true,"href":"https:\/\/svetslik.si\/de\/wp-json\/wp\/v2\/product_tag?post=75867"}],"curies":[{"name":"wp","href":"https:\/\/api.w.org\/{rel}","templated":true}]}}