{"id":76273,"date":"2023-04-24T18:36:22","date_gmt":"2023-04-24T16:36:22","guid":{"rendered":"https:\/\/svetslik.si\/unkategorisiert\/slika-zaljubljenca\/"},"modified":"2024-07-04T17:08:58","modified_gmt":"2024-07-04T15:08:58","slug":"gemalde-das-verliebte-paar","status":"publish","type":"product","link":"https:\/\/svetslik.si\/de\/gemalde-auf-bestellung\/gemalde-das-verliebte-paar\/","title":{"rendered":"Gem\u00e4lde &#8211; Das verliebte Paar"},"content":{"rendered":"<p>Ein Gem\u00e4lde mit dem Titel &#8220;Das verliebte Paar&#8221; ist eine romantische Darstellung von zwei Menschen, die tief in Liebe verbunden sind. Das Gem\u00e4lde f\u00e4ngt die z\u00e4rtlichen Gef\u00fchle und die Intimit\u00e4t zwischen den beiden Personen ein. Es zeigt m\u00f6glicherweise ein Paar, das sich umarmt, sich k\u00fcsst oder eng miteinander verbunden ist. Die Farben und die Komposition des Gem\u00e4ldes k\u00f6nnen die romantische Stimmung verst\u00e4rken und eine Atmosph\u00e4re der Liebe und Zuneigung schaffen. Ein solches Gem\u00e4lde kann als Ausdruck der Sch\u00f6nheit und Kraft der Liebe dienen und als Erinnerung an die Liebe in unseren eigenen Beziehungen. Es kann eine wunderbare Erg\u00e4nzung f\u00fcr jedes Zuhause sein und uns daran erinnern, wie wichtig es ist, die Liebe in unserem Leben zu ehren und zu pflegen.<\/p>\n","protected":false},"excerpt":{"rendered":"<p>Ein Gem\u00e4lde mit dem Titel &#8220;Das verliebte Paar&#8221; ist eine romantische Darstellung von zwei Menschen, die tief in Liebe verbunden sind. Das Gem\u00e4lde f\u00e4ngt die z\u00e4rtlichen Gef\u00fchle und die Intimit\u00e4t zwischen den beiden Personen ein. Es zeigt m\u00f6glicherweise ein Paar, das sich umarmt, sich k\u00fcsst oder eng miteinander verbunden ist. [&hellip;]<\/p>\n","protected":false},"featured_media":65861,"template":"","meta":{"_acf_changed":false},"product_brand":[],"product_cat":[8473],"product_tag":[],"class_list":{"0":"post-76273","1":"product","2":"type-product","3":"status-publish","4":"has-post-thumbnail","6":"product_cat-gemalde-auf-bestellung","7":"pa_dimenzija-60-x-70-cm-de","8":"pa_oblika-vertikal","9":"pa_okvir-ohne-rahmen","10":"pa_podokvir-ja","11":"pa_podokvir-nein","13":"first","14":"onbackorder","15":"purchasable","16":"product-type-variable","17":"has-default-attributes"},"acf":[],"yoast_head":"<!-- This site is optimized with the Yoast SEO Premium plugin v26.0 (Yoast SEO v27.2) - https:\/\/yoast.com\/product\/yoast-seo-premium-wordpress\/ -->\n<title>Gem\u00e4lde - Das verliebte Paar - SVETSLIK.SI - 100% handgemalt<\/title>\n<meta name=\"description\" content=\"Gem\u00e4lde - Das verliebte Paar - 100% handgemalte Gem\u00e4lde nach Wunsch. Verkauf von Reproduktionen ber\u00fchmter Gem\u00e4lde und abstrakter Kunst - Wandbilder f\u00fcr das Wohnzimmer.\" \/>\n<meta name=\"robots\" content=\"index, follow, max-snippet:-1, max-image-preview:large, max-video-preview:-1\" \/>\n<link rel=\"canonical\" href=\"https:\/\/svetslik.si\/de\/gemalde-auf-bestellung\/gemalde-das-verliebte-paar\/\" \/>\n<meta property=\"og:locale\" content=\"de_DE\" \/>\n<meta property=\"og:type\" content=\"article\" \/>\n<meta property=\"og:title\" content=\"Gem\u00e4lde - Das verliebte Paar\" \/>\n<meta property=\"og:description\" content=\"100% ro\u010dno naslikane slike na platnu, reprodukcije znanih slikarjev in umetni\u0161ke slike po naro\u010dilu.\" \/>\n<meta property=\"og:url\" content=\"https:\/\/svetslik.si\/de\/gemalde-auf-bestellung\/gemalde-das-verliebte-paar\/\" \/>\n<meta property=\"og:site_name\" content=\"SVETSLIK.SI\" \/>\n<meta property=\"article:publisher\" content=\"https:\/\/www.facebook.com\/svetslik.si\" \/>\n<meta property=\"article:modified_time\" content=\"2024-07-04T15:08:58+00:00\" \/>\n<meta property=\"og:image\" content=\"https:\/\/svetslik.si\/wp-content\/uploads\/2023\/04\/Image_20230424183120.jpg\" \/>\n\t<meta property=\"og:image:width\" content=\"1969\" \/>\n\t<meta property=\"og:image:height\" content=\"2266\" \/>\n\t<meta property=\"og:image:type\" content=\"image\/jpeg\" \/>\n<meta name=\"twitter:card\" content=\"summary_large_image\" \/>\n<meta name=\"twitter:site\" content=\"@svetslik\" \/>\n<meta name=\"twitter:label1\" content=\"Verf\u00fcgbarkeit\" \/>\n\t<meta name=\"twitter:data1\" content=\"bei Nachbestellung\" \/>\n<script type=\"application\/ld+json\" class=\"yoast-schema-graph\">{\"@context\":\"https:\/\/schema.org\",\"@graph\":[{\"@type\":[\"WebPage\",\"ItemPage\"],\"@id\":\"https:\/\/svetslik.si\/de\/gemalde-auf-bestellung\/gemalde-das-verliebte-paar\/\",\"url\":\"https:\/\/svetslik.si\/de\/gemalde-auf-bestellung\/gemalde-das-verliebte-paar\/\",\"name\":\"Gem\u00e4lde - Das verliebte Paar - SVETSLIK.SI - 100% handgemalt\",\"isPartOf\":{\"@id\":\"https:\/\/svetslik.si\/de\/#website\"},\"primaryImageOfPage\":{\"@id\":\"https:\/\/svetslik.si\/de\/gemalde-auf-bestellung\/gemalde-das-verliebte-paar\/#primaryimage\"},\"image\":{\"@id\":\"https:\/\/svetslik.si\/de\/gemalde-auf-bestellung\/gemalde-das-verliebte-paar\/#primaryimage\"},\"thumbnailUrl\":\"https:\/\/svetslik.si\/wp-content\/uploads\/2023\/04\/Image_20230424183120.jpg\",\"datePublished\":\"2023-04-24T16:36:22+00:00\",\"dateModified\":\"2024-07-04T15:08:58+00:00\",\"description\":\"Gem\u00e4lde - Das verliebte Paar - 100% handgemalte Gem\u00e4lde nach Wunsch. Verkauf von Reproduktionen ber\u00fchmter Gem\u00e4lde und abstrakter Kunst - Wandbilder f\u00fcr das Wohnzimmer.\",\"breadcrumb\":{\"@id\":\"https:\/\/svetslik.si\/de\/gemalde-auf-bestellung\/gemalde-das-verliebte-paar\/#breadcrumb\"},\"inLanguage\":\"de\",\"potentialAction\":[{\"@type\":\"ReadAction\",\"target\":[\"https:\/\/svetslik.si\/de\/gemalde-auf-bestellung\/gemalde-das-verliebte-paar\/\"]}]},{\"@type\":\"ImageObject\",\"inLanguage\":\"de\",\"@id\":\"https:\/\/svetslik.si\/de\/gemalde-auf-bestellung\/gemalde-das-verliebte-paar\/#primaryimage\",\"url\":\"https:\/\/svetslik.si\/wp-content\/uploads\/2023\/04\/Image_20230424183120.jpg\",\"contentUrl\":\"https:\/\/svetslik.si\/wp-content\/uploads\/2023\/04\/Image_20230424183120.jpg\",\"width\":1969,\"height\":2266,\"caption\":\"Gem\u00e4lde - Das verliebte Paar\"},{\"@type\":\"BreadcrumbList\",\"@id\":\"https:\/\/svetslik.si\/de\/gemalde-auf-bestellung\/gemalde-das-verliebte-paar\/#breadcrumb\",\"itemListElement\":[{\"@type\":\"ListItem\",\"position\":1,\"name\":\"Wandkunst und Gem\u00e4lde auf Leinwand\",\"item\":\"https:\/\/svetslik.si\/de\/\"},{\"@type\":\"ListItem\",\"position\":2,\"name\":\"Verkauf von Gem\u00e4lden\",\"item\":\"https:\/\/svetslik.si\/prodaja-slik\/\"},{\"@type\":\"ListItem\",\"position\":3,\"name\":\"Gem\u00e4lde &#8211; Das verliebte Paar\"}]},{\"@type\":\"WebSite\",\"@id\":\"https:\/\/svetslik.si\/de\/#website\",\"url\":\"https:\/\/svetslik.si\/de\/\",\"name\":\"SVETSLIK.SI\",\"description\":\"100% handgemalte Reproduktionen von Gem\u00e4lden ber\u00fchmter Maler und Gem\u00e4lde auf Leinwand.\",\"publisher\":{\"@id\":\"https:\/\/svetslik.si\/de\/#organization\"},\"potentialAction\":[{\"@type\":\"SearchAction\",\"target\":{\"@type\":\"EntryPoint\",\"urlTemplate\":\"https:\/\/svetslik.si\/de\/?s={search_term_string}\"},\"query-input\":{\"@type\":\"PropertyValueSpecification\",\"valueRequired\":true,\"valueName\":\"search_term_string\"}}],\"inLanguage\":\"de\"},{\"@type\":\"Organization\",\"@id\":\"https:\/\/svetslik.si\/de\/#organization\",\"name\":\"SvetSlik.si\",\"url\":\"https:\/\/svetslik.si\/de\/\",\"logo\":{\"@type\":\"ImageObject\",\"inLanguage\":\"de\",\"@id\":\"https:\/\/svetslik.si\/de\/#\/schema\/logo\/image\/\",\"url\":\"https:\/\/svetslik.si\/wp-content\/uploads\/2020\/12\/logo-512.png\",\"contentUrl\":\"https:\/\/svetslik.si\/wp-content\/uploads\/2020\/12\/logo-512.png\",\"width\":512,\"height\":512,\"caption\":\"SvetSlik.si\"},\"image\":{\"@id\":\"https:\/\/svetslik.si\/de\/#\/schema\/logo\/image\/\"},\"sameAs\":[\"https:\/\/www.facebook.com\/svetslik.si\",\"https:\/\/x.com\/svetslik\",\"https:\/\/www.instagram.com\/svetslik.si\/\",\"https:\/\/www.linkedin.com\/company\/svetslik-si\"]}]}<\/script>\n<meta property=\"og:availability\" content=\"backorder\" \/>\n<meta property=\"product:availability\" content=\"available for order\" \/>\n<meta property=\"product:retailer_item_id\" content=\"159__-1-1\" \/>\n<meta property=\"product:condition\" content=\"new\" \/>\n<!-- \/ Yoast SEO Premium plugin. -->","yoast_head_json":{"title":"Gem\u00e4lde - Das verliebte Paar - SVETSLIK.SI - 100% handgemalt","description":"Gem\u00e4lde - Das verliebte Paar - 100% handgemalte Gem\u00e4lde nach Wunsch. Verkauf von Reproduktionen ber\u00fchmter Gem\u00e4lde und abstrakter Kunst - Wandbilder f\u00fcr das Wohnzimmer.","robots":{"index":"index","follow":"follow","max-snippet":"max-snippet:-1","max-image-preview":"max-image-preview:large","max-video-preview":"max-video-preview:-1"},"canonical":"https:\/\/svetslik.si\/de\/gemalde-auf-bestellung\/gemalde-das-verliebte-paar\/","og_locale":"de_DE","og_type":"article","og_title":"Gem\u00e4lde - Das verliebte Paar","og_description":"100% ro\u010dno naslikane slike na platnu, reprodukcije znanih slikarjev in umetni\u0161ke slike po naro\u010dilu.","og_url":"https:\/\/svetslik.si\/de\/gemalde-auf-bestellung\/gemalde-das-verliebte-paar\/","og_site_name":"SVETSLIK.SI","article_publisher":"https:\/\/www.facebook.com\/svetslik.si","article_modified_time":"2024-07-04T15:08:58+00:00","og_image":[{"width":1969,"height":2266,"url":"https:\/\/svetslik.si\/wp-content\/uploads\/2023\/04\/Image_20230424183120.jpg","type":"image\/jpeg"}],"twitter_card":"summary_large_image","twitter_site":"@svetslik","twitter_misc":{"Verf\u00fcgbarkeit":"bei Nachbestellung"},"schema":{"@context":"https:\/\/schema.org","@graph":[{"@type":["WebPage","ItemPage"],"@id":"https:\/\/svetslik.si\/de\/gemalde-auf-bestellung\/gemalde-das-verliebte-paar\/","url":"https:\/\/svetslik.si\/de\/gemalde-auf-bestellung\/gemalde-das-verliebte-paar\/","name":"Gem\u00e4lde - Das verliebte Paar - SVETSLIK.SI - 100% handgemalt","isPartOf":{"@id":"https:\/\/svetslik.si\/de\/#website"},"primaryImageOfPage":{"@id":"https:\/\/svetslik.si\/de\/gemalde-auf-bestellung\/gemalde-das-verliebte-paar\/#primaryimage"},"image":{"@id":"https:\/\/svetslik.si\/de\/gemalde-auf-bestellung\/gemalde-das-verliebte-paar\/#primaryimage"},"thumbnailUrl":"https:\/\/svetslik.si\/wp-content\/uploads\/2023\/04\/Image_20230424183120.jpg","datePublished":"2023-04-24T16:36:22+00:00","dateModified":"2024-07-04T15:08:58+00:00","description":"Gem\u00e4lde - Das verliebte Paar - 100% handgemalte Gem\u00e4lde nach Wunsch. Verkauf von Reproduktionen ber\u00fchmter Gem\u00e4lde und abstrakter Kunst - Wandbilder f\u00fcr das Wohnzimmer.","breadcrumb":{"@id":"https:\/\/svetslik.si\/de\/gemalde-auf-bestellung\/gemalde-das-verliebte-paar\/#breadcrumb"},"inLanguage":"de","potentialAction":[{"@type":"ReadAction","target":["https:\/\/svetslik.si\/de\/gemalde-auf-bestellung\/gemalde-das-verliebte-paar\/"]}]},{"@type":"ImageObject","inLanguage":"de","@id":"https:\/\/svetslik.si\/de\/gemalde-auf-bestellung\/gemalde-das-verliebte-paar\/#primaryimage","url":"https:\/\/svetslik.si\/wp-content\/uploads\/2023\/04\/Image_20230424183120.jpg","contentUrl":"https:\/\/svetslik.si\/wp-content\/uploads\/2023\/04\/Image_20230424183120.jpg","width":1969,"height":2266,"caption":"Gem\u00e4lde - Das verliebte Paar"},{"@type":"BreadcrumbList","@id":"https:\/\/svetslik.si\/de\/gemalde-auf-bestellung\/gemalde-das-verliebte-paar\/#breadcrumb","itemListElement":[{"@type":"ListItem","position":1,"name":"Wandkunst und Gem\u00e4lde auf Leinwand","item":"https:\/\/svetslik.si\/de\/"},{"@type":"ListItem","position":2,"name":"Verkauf von Gem\u00e4lden","item":"https:\/\/svetslik.si\/prodaja-slik\/"},{"@type":"ListItem","position":3,"name":"Gem\u00e4lde &#8211; Das verliebte Paar"}]},{"@type":"WebSite","@id":"https:\/\/svetslik.si\/de\/#website","url":"https:\/\/svetslik.si\/de\/","name":"SVETSLIK.SI","description":"100% handgemalte Reproduktionen von Gem\u00e4lden ber\u00fchmter Maler und Gem\u00e4lde auf Leinwand.","publisher":{"@id":"https:\/\/svetslik.si\/de\/#organization"},"potentialAction":[{"@type":"SearchAction","target":{"@type":"EntryPoint","urlTemplate":"https:\/\/svetslik.si\/de\/?s={search_term_string}"},"query-input":{"@type":"PropertyValueSpecification","valueRequired":true,"valueName":"search_term_string"}}],"inLanguage":"de"},{"@type":"Organization","@id":"https:\/\/svetslik.si\/de\/#organization","name":"SvetSlik.si","url":"https:\/\/svetslik.si\/de\/","logo":{"@type":"ImageObject","inLanguage":"de","@id":"https:\/\/svetslik.si\/de\/#\/schema\/logo\/image\/","url":"https:\/\/svetslik.si\/wp-content\/uploads\/2020\/12\/logo-512.png","contentUrl":"https:\/\/svetslik.si\/wp-content\/uploads\/2020\/12\/logo-512.png","width":512,"height":512,"caption":"SvetSlik.si"},"image":{"@id":"https:\/\/svetslik.si\/de\/#\/schema\/logo\/image\/"},"sameAs":["https:\/\/www.facebook.com\/svetslik.si","https:\/\/x.com\/svetslik","https:\/\/www.instagram.com\/svetslik.si\/","https:\/\/www.linkedin.com\/company\/svetslik-si"]}]},"og_availability":"backorder","product_availability":"available for order","product_retailer_item_id":"159__-1-1","product_condition":"new"},"jetpack_sharing_enabled":true,"_links":{"self":[{"href":"https:\/\/svetslik.si\/de\/wp-json\/wp\/v2\/product\/76273","targetHints":{"allow":["GET"]}}],"collection":[{"href":"https:\/\/svetslik.si\/de\/wp-json\/wp\/v2\/product"}],"about":[{"href":"https:\/\/svetslik.si\/de\/wp-json\/wp\/v2\/types\/product"}],"wp:featuredmedia":[{"embeddable":true,"href":"https:\/\/svetslik.si\/de\/wp-json\/wp\/v2\/media\/65861"}],"wp:attachment":[{"href":"https:\/\/svetslik.si\/de\/wp-json\/wp\/v2\/media?parent=76273"}],"wp:term":[{"taxonomy":"product_brand","embeddable":true,"href":"https:\/\/svetslik.si\/de\/wp-json\/wp\/v2\/product_brand?post=76273"},{"taxonomy":"product_cat","embeddable":true,"href":"https:\/\/svetslik.si\/de\/wp-json\/wp\/v2\/product_cat?post=76273"},{"taxonomy":"product_tag","embeddable":true,"href":"https:\/\/svetslik.si\/de\/wp-json\/wp\/v2\/product_tag?post=76273"}],"curies":[{"name":"wp","href":"https:\/\/api.w.org\/{rel}","templated":true}]}}