{"id":94140,"date":"2023-08-04T08:15:45","date_gmt":"2023-08-04T06:15:45","guid":{"rendered":"https:\/\/svetslik.si\/?post_type=product&#038;p=94140"},"modified":"2026-03-22T18:27:26","modified_gmt":"2026-03-22T17:27:26","slug":"184-0070","status":"publish","type":"product","link":"https:\/\/svetslik.si\/de\/unkategorisiert\/184-0070\/","title":{"rendered":"184 0070"},"content":{"rendered":"","protected":false},"excerpt":{"rendered":"","protected":false},"featured_media":94143,"template":"","meta":{"_acf_changed":false},"product_brand":[],"product_cat":[],"product_tag":[3406,11705,11711],"class_list":{"0":"post-94140","1":"product","2":"type-product","3":"status-publish","4":"has-post-thumbnail","6":"product_tag-okvir-za-sliku","7":"product_tag-uokvirivanje-slika","8":"product_tag-okviri-za-slike","10":"first","11":"instock","12":"shipping-taxable","13":"purchasable","14":"product-type-ms3_picture_frame"},"acf":[],"yoast_head":"<!-- This site is optimized with the Yoast SEO Premium plugin v26.0 (Yoast SEO v27.2) - https:\/\/yoast.com\/product\/yoast-seo-premium-wordpress\/ -->\n<title>Okvir za sliko - 184 0070 - SVETSLIK.SI<\/title>\n<meta name=\"description\" content=\"Okvirjanje slik in napenjanje umetni\u0161kih slik na kvalitetne pod-okvirje z zati\u010di, ki omogo\u010dajo naknadno nategovanje, ko se platno razpusti.\" \/>\n<meta name=\"robots\" content=\"index, follow, max-snippet:-1, max-image-preview:large, max-video-preview:-1\" \/>\n<link rel=\"canonical\" href=\"https:\/\/svetslik.si\/de\/unkategorisiert\/184-0070\/\" \/>\n<meta property=\"og:locale\" content=\"de_DE\" \/>\n<meta property=\"og:type\" content=\"article\" \/>\n<meta property=\"og:title\" content=\"184 0070\" \/>\n<meta property=\"og:description\" content=\"100% ro\u010dno naslikane slike na platnu, reprodukcije znanih slikarjev in umetni\u0161ke slike po naro\u010dilu.\" \/>\n<meta property=\"og:url\" content=\"https:\/\/svetslik.si\/de\/unkategorisiert\/184-0070\/\" \/>\n<meta property=\"og:site_name\" content=\"SVETSLIK.SI\" \/>\n<meta property=\"article:publisher\" content=\"https:\/\/www.facebook.com\/svetslik.si\" \/>\n<meta property=\"article:modified_time\" content=\"2026-03-22T17:27:26+00:00\" \/>\n<meta property=\"og:image\" content=\"https:\/\/svetslik.si\/wp-content\/uploads\/2023\/08\/okvirjanje-slik-okvir-za-sliko-1840070.jpg\" \/>\n\t<meta property=\"og:image:width\" content=\"202\" \/>\n\t<meta property=\"og:image:height\" content=\"436\" \/>\n\t<meta property=\"og:image:type\" content=\"image\/jpeg\" \/>\n<meta name=\"twitter:card\" content=\"summary_large_image\" \/>\n<meta name=\"twitter:site\" content=\"@svetslik\" \/>\n<meta name=\"twitter:label1\" content=\"Preis\" \/>\n\t<meta name=\"twitter:data1\" content=\"33,87&nbsp;&euro;\" \/>\n\t<meta name=\"twitter:label2\" content=\"Verf\u00fcgbarkeit\" \/>\n\t<meta name=\"twitter:data2\" content=\"Auf Lager\" \/>\n<script type=\"application\/ld+json\" class=\"yoast-schema-graph\">{\"@context\":\"https:\/\/schema.org\",\"@graph\":[{\"@type\":[\"WebPage\",\"ItemPage\"],\"@id\":\"https:\/\/svetslik.si\/de\/unkategorisiert\/184-0070\/\",\"url\":\"https:\/\/svetslik.si\/de\/unkategorisiert\/184-0070\/\",\"name\":\"Okvir za sliko - 184 0070 - SVETSLIK.SI\",\"isPartOf\":{\"@id\":\"https:\/\/svetslik.si\/de\/#website\"},\"primaryImageOfPage\":{\"@id\":\"https:\/\/svetslik.si\/de\/unkategorisiert\/184-0070\/#primaryimage\"},\"image\":{\"@id\":\"https:\/\/svetslik.si\/de\/unkategorisiert\/184-0070\/#primaryimage\"},\"thumbnailUrl\":\"https:\/\/svetslik.si\/wp-content\/uploads\/2023\/08\/okvirjanje-slik-okvir-za-sliko-1840070.jpg\",\"datePublished\":\"2023-08-04T06:15:45+00:00\",\"dateModified\":\"2026-03-22T17:27:26+00:00\",\"description\":\"Okvirjanje slik in napenjanje umetni\u0161kih slik na kvalitetne pod-okvirje z zati\u010di, ki omogo\u010dajo naknadno nategovanje, ko se platno razpusti.\",\"breadcrumb\":{\"@id\":\"https:\/\/svetslik.si\/de\/unkategorisiert\/184-0070\/#breadcrumb\"},\"inLanguage\":\"de\",\"potentialAction\":[{\"@type\":\"ReadAction\",\"target\":[\"https:\/\/svetslik.si\/de\/unkategorisiert\/184-0070\/\"]}]},{\"@type\":\"ImageObject\",\"inLanguage\":\"de\",\"@id\":\"https:\/\/svetslik.si\/de\/unkategorisiert\/184-0070\/#primaryimage\",\"url\":\"https:\/\/svetslik.si\/wp-content\/uploads\/2023\/08\/okvirjanje-slik-okvir-za-sliko-1840070.jpg\",\"contentUrl\":\"https:\/\/svetslik.si\/wp-content\/uploads\/2023\/08\/okvirjanje-slik-okvir-za-sliko-1840070.jpg\",\"width\":202,\"height\":436,\"caption\":\"Rahmen f\u00fcr Gem\u00e4lde - Einrahmung von Gem\u00e4lden - Rahmen f\u00fcr Leinwandgem\u00e4lde 1840070\"},{\"@type\":\"BreadcrumbList\",\"@id\":\"https:\/\/svetslik.si\/de\/unkategorisiert\/184-0070\/#breadcrumb\",\"itemListElement\":[{\"@type\":\"ListItem\",\"position\":1,\"name\":\"Wandkunst und Gem\u00e4lde auf Leinwand\",\"item\":\"https:\/\/svetslik.si\/de\/\"},{\"@type\":\"ListItem\",\"position\":2,\"name\":\"Verkauf von Gem\u00e4lden\",\"item\":\"https:\/\/svetslik.si\/prodaja-slik\/\"},{\"@type\":\"ListItem\",\"position\":3,\"name\":\"184 0070\"}]},{\"@type\":\"WebSite\",\"@id\":\"https:\/\/svetslik.si\/de\/#website\",\"url\":\"https:\/\/svetslik.si\/de\/\",\"name\":\"SVETSLIK.SI\",\"description\":\"100% handgemalte Reproduktionen von Gem\u00e4lden ber\u00fchmter Maler und Gem\u00e4lde auf Leinwand.\",\"publisher\":{\"@id\":\"https:\/\/svetslik.si\/de\/#organization\"},\"potentialAction\":[{\"@type\":\"SearchAction\",\"target\":{\"@type\":\"EntryPoint\",\"urlTemplate\":\"https:\/\/svetslik.si\/de\/?s={search_term_string}\"},\"query-input\":{\"@type\":\"PropertyValueSpecification\",\"valueRequired\":true,\"valueName\":\"search_term_string\"}}],\"inLanguage\":\"de\"},{\"@type\":\"Organization\",\"@id\":\"https:\/\/svetslik.si\/de\/#organization\",\"name\":\"SvetSlik.si\",\"url\":\"https:\/\/svetslik.si\/de\/\",\"logo\":{\"@type\":\"ImageObject\",\"inLanguage\":\"de\",\"@id\":\"https:\/\/svetslik.si\/de\/#\/schema\/logo\/image\/\",\"url\":\"https:\/\/svetslik.si\/wp-content\/uploads\/2020\/12\/logo-512.png\",\"contentUrl\":\"https:\/\/svetslik.si\/wp-content\/uploads\/2020\/12\/logo-512.png\",\"width\":512,\"height\":512,\"caption\":\"SvetSlik.si\"},\"image\":{\"@id\":\"https:\/\/svetslik.si\/de\/#\/schema\/logo\/image\/\"},\"sameAs\":[\"https:\/\/www.facebook.com\/svetslik.si\",\"https:\/\/x.com\/svetslik\",\"https:\/\/www.instagram.com\/svetslik.si\/\",\"https:\/\/www.linkedin.com\/company\/svetslik-si\"]}]}<\/script>\n<meta property=\"product:price:amount\" content=\"33.87\" \/>\n<meta property=\"product:price:currency\" content=\"EUR\" \/>\n<meta property=\"og:availability\" content=\"instock\" \/>\n<meta property=\"product:availability\" content=\"instock\" \/>\n<meta property=\"product:retailer_item_id\" content=\"SIENA-ORO-2-3-1-1-2\" \/>\n<meta property=\"product:condition\" content=\"new\" \/>\n<!-- \/ Yoast SEO Premium plugin. -->","yoast_head_json":{"title":"Okvir za sliko - 184 0070 - SVETSLIK.SI","description":"Okvirjanje slik in napenjanje umetni\u0161kih slik na kvalitetne pod-okvirje z zati\u010di, ki omogo\u010dajo naknadno nategovanje, ko se platno razpusti.","robots":{"index":"index","follow":"follow","max-snippet":"max-snippet:-1","max-image-preview":"max-image-preview:large","max-video-preview":"max-video-preview:-1"},"canonical":"https:\/\/svetslik.si\/de\/unkategorisiert\/184-0070\/","og_locale":"de_DE","og_type":"article","og_title":"184 0070","og_description":"100% ro\u010dno naslikane slike na platnu, reprodukcije znanih slikarjev in umetni\u0161ke slike po naro\u010dilu.","og_url":"https:\/\/svetslik.si\/de\/unkategorisiert\/184-0070\/","og_site_name":"SVETSLIK.SI","article_publisher":"https:\/\/www.facebook.com\/svetslik.si","article_modified_time":"2026-03-22T17:27:26+00:00","og_image":[{"width":202,"height":436,"url":"https:\/\/svetslik.si\/wp-content\/uploads\/2023\/08\/okvirjanje-slik-okvir-za-sliko-1840070.jpg","type":"image\/jpeg"}],"twitter_card":"summary_large_image","twitter_site":"@svetslik","twitter_misc":{"Preis":"33,87&nbsp;&euro;","Verf\u00fcgbarkeit":"Auf Lager"},"schema":{"@context":"https:\/\/schema.org","@graph":[{"@type":["WebPage","ItemPage"],"@id":"https:\/\/svetslik.si\/de\/unkategorisiert\/184-0070\/","url":"https:\/\/svetslik.si\/de\/unkategorisiert\/184-0070\/","name":"Okvir za sliko - 184 0070 - SVETSLIK.SI","isPartOf":{"@id":"https:\/\/svetslik.si\/de\/#website"},"primaryImageOfPage":{"@id":"https:\/\/svetslik.si\/de\/unkategorisiert\/184-0070\/#primaryimage"},"image":{"@id":"https:\/\/svetslik.si\/de\/unkategorisiert\/184-0070\/#primaryimage"},"thumbnailUrl":"https:\/\/svetslik.si\/wp-content\/uploads\/2023\/08\/okvirjanje-slik-okvir-za-sliko-1840070.jpg","datePublished":"2023-08-04T06:15:45+00:00","dateModified":"2026-03-22T17:27:26+00:00","description":"Okvirjanje slik in napenjanje umetni\u0161kih slik na kvalitetne pod-okvirje z zati\u010di, ki omogo\u010dajo naknadno nategovanje, ko se platno razpusti.","breadcrumb":{"@id":"https:\/\/svetslik.si\/de\/unkategorisiert\/184-0070\/#breadcrumb"},"inLanguage":"de","potentialAction":[{"@type":"ReadAction","target":["https:\/\/svetslik.si\/de\/unkategorisiert\/184-0070\/"]}]},{"@type":"ImageObject","inLanguage":"de","@id":"https:\/\/svetslik.si\/de\/unkategorisiert\/184-0070\/#primaryimage","url":"https:\/\/svetslik.si\/wp-content\/uploads\/2023\/08\/okvirjanje-slik-okvir-za-sliko-1840070.jpg","contentUrl":"https:\/\/svetslik.si\/wp-content\/uploads\/2023\/08\/okvirjanje-slik-okvir-za-sliko-1840070.jpg","width":202,"height":436,"caption":"Rahmen f\u00fcr Gem\u00e4lde - Einrahmung von Gem\u00e4lden - Rahmen f\u00fcr Leinwandgem\u00e4lde 1840070"},{"@type":"BreadcrumbList","@id":"https:\/\/svetslik.si\/de\/unkategorisiert\/184-0070\/#breadcrumb","itemListElement":[{"@type":"ListItem","position":1,"name":"Wandkunst und Gem\u00e4lde auf Leinwand","item":"https:\/\/svetslik.si\/de\/"},{"@type":"ListItem","position":2,"name":"Verkauf von Gem\u00e4lden","item":"https:\/\/svetslik.si\/prodaja-slik\/"},{"@type":"ListItem","position":3,"name":"184 0070"}]},{"@type":"WebSite","@id":"https:\/\/svetslik.si\/de\/#website","url":"https:\/\/svetslik.si\/de\/","name":"SVETSLIK.SI","description":"100% handgemalte Reproduktionen von Gem\u00e4lden ber\u00fchmter Maler und Gem\u00e4lde auf Leinwand.","publisher":{"@id":"https:\/\/svetslik.si\/de\/#organization"},"potentialAction":[{"@type":"SearchAction","target":{"@type":"EntryPoint","urlTemplate":"https:\/\/svetslik.si\/de\/?s={search_term_string}"},"query-input":{"@type":"PropertyValueSpecification","valueRequired":true,"valueName":"search_term_string"}}],"inLanguage":"de"},{"@type":"Organization","@id":"https:\/\/svetslik.si\/de\/#organization","name":"SvetSlik.si","url":"https:\/\/svetslik.si\/de\/","logo":{"@type":"ImageObject","inLanguage":"de","@id":"https:\/\/svetslik.si\/de\/#\/schema\/logo\/image\/","url":"https:\/\/svetslik.si\/wp-content\/uploads\/2020\/12\/logo-512.png","contentUrl":"https:\/\/svetslik.si\/wp-content\/uploads\/2020\/12\/logo-512.png","width":512,"height":512,"caption":"SvetSlik.si"},"image":{"@id":"https:\/\/svetslik.si\/de\/#\/schema\/logo\/image\/"},"sameAs":["https:\/\/www.facebook.com\/svetslik.si","https:\/\/x.com\/svetslik","https:\/\/www.instagram.com\/svetslik.si\/","https:\/\/www.linkedin.com\/company\/svetslik-si"]}]},"product_price_amount":"33.87","product_price_currency":"EUR","og_availability":"instock","product_availability":"instock","product_retailer_item_id":"SIENA-ORO-2-3-1-1-2","product_condition":"new"},"jetpack_sharing_enabled":true,"_links":{"self":[{"href":"https:\/\/svetslik.si\/de\/wp-json\/wp\/v2\/product\/94140","targetHints":{"allow":["GET"]}}],"collection":[{"href":"https:\/\/svetslik.si\/de\/wp-json\/wp\/v2\/product"}],"about":[{"href":"https:\/\/svetslik.si\/de\/wp-json\/wp\/v2\/types\/product"}],"wp:featuredmedia":[{"embeddable":true,"href":"https:\/\/svetslik.si\/de\/wp-json\/wp\/v2\/media\/94143"}],"wp:attachment":[{"href":"https:\/\/svetslik.si\/de\/wp-json\/wp\/v2\/media?parent=94140"}],"wp:term":[{"taxonomy":"product_brand","embeddable":true,"href":"https:\/\/svetslik.si\/de\/wp-json\/wp\/v2\/product_brand?post=94140"},{"taxonomy":"product_cat","embeddable":true,"href":"https:\/\/svetslik.si\/de\/wp-json\/wp\/v2\/product_cat?post=94140"},{"taxonomy":"product_tag","embeddable":true,"href":"https:\/\/svetslik.si\/de\/wp-json\/wp\/v2\/product_tag?post=94140"}],"curies":[{"name":"wp","href":"https:\/\/api.w.org\/{rel}","templated":true}]}}