{"id":95170,"date":"2023-06-30T11:31:57","date_gmt":"2023-06-30T09:31:57","guid":{"rendered":"https:\/\/svetslik.si\/unkategorisiert\/gustav-klimt-lady-with-a-fan\/"},"modified":"2026-03-22T19:23:24","modified_gmt":"2026-03-22T18:23:24","slug":"gustav-klimt-lady-with-a-fan","status":"publish","type":"product","link":"https:\/\/svetslik.si\/de\/gustav-klimt-de\/gustav-klimt-lady-with-a-fan\/","title":{"rendered":"Gustav Klimt &#8211; Lady With a Fan"},"content":{"rendered":"<div class=\"wpb-content-wrapper\">[vc_row][vc_column][vc_column_text css=&#8221;&#8221;]\n<p data-pm-slice=\"1 1 []\"><div class=\"yt-lazy-video ratio-square\" data-id=\"MAgKfJ81Gl4\"><\/div>\n[\/vc_column][\/vc_row][vc_row css=&#8221;.vc_custom_1691766659237{margin-bottom: 10px !important;}&#8221;][vc_column]\t<div class=\"et-image-710 et-image     et_image_link\">\n\t\t<div class=\"et-image-inner \">\n\t\t\t\t\t\t\t<div class=\"et-image-thumb \">\n\t\t\t\t\t<img decoding=\"async\" width=\"1000\" height=\"899\" src=\"https:\/\/svetslik.si\/wp-content\/uploads\/2023\/06\/Gustav-Klimt-\u2013-Lady-With-a-Fan1.jpg\" class=\"attachment-full\" alt=\"Gustav Klimt \u2013 Lady With a Fan\" title=\"Gustav-Klimt-\u2013-Lady-With-a-Fan1\" srcset=\"https:\/\/svetslik.si\/wp-content\/uploads\/2023\/06\/Gustav-Klimt-\u2013-Lady-With-a-Fan1.jpg 1000w, https:\/\/svetslik.si\/wp-content\/uploads\/2023\/06\/Gustav-Klimt-\u2013-Lady-With-a-Fan1-600x539.jpg 600w, https:\/\/svetslik.si\/wp-content\/uploads\/2023\/06\/Gustav-Klimt-\u2013-Lady-With-a-Fan1-300x270.jpg 300w, https:\/\/svetslik.si\/wp-content\/uploads\/2023\/06\/Gustav-Klimt-\u2013-Lady-With-a-Fan1-768x690.jpg 768w, https:\/\/svetslik.si\/wp-content\/uploads\/2023\/06\/Gustav-Klimt-\u2013-Lady-With-a-Fan1-150x135.jpg 150w, https:\/\/svetslik.si\/wp-content\/uploads\/2023\/06\/Gustav-Klimt-\u2013-Lady-With-a-Fan1-900x809.jpg 900w\" sizes=\"(max-width: 1000px) 100vw, 1000px\" \/>\t\t\t\t<\/div>\n\t\t\t\t\t\t\t\t\t\t\t<\/div>\n\t<\/div>\n  [\/vc_column][\/vc_row][vc_row css=&#8221;.vc_custom_1691766659237{margin-bottom: 10px !important;}&#8221;][vc_column]\t<div class=\"et-image-718 et-image     et_image_link\">\n\t\t<div class=\"et-image-inner \">\n\t\t\t\t\t\t\t<div class=\"et-image-thumb \">\n\t\t\t\t\t<img decoding=\"async\" width=\"837\" height=\"1000\" src=\"https:\/\/svetslik.si\/wp-content\/uploads\/2023\/06\/Gustav-Klimt-\u2013-Lady-With-a-Fan.jpg\" class=\"attachment-full\" alt=\"Gustav Klimt \u2013 Lady With a Fan\" title=\"Gustav-Klimt-\u2013-Lady-With-a-Fan\" srcset=\"https:\/\/svetslik.si\/wp-content\/uploads\/2023\/06\/Gustav-Klimt-\u2013-Lady-With-a-Fan.jpg 837w, https:\/\/svetslik.si\/wp-content\/uploads\/2023\/06\/Gustav-Klimt-\u2013-Lady-With-a-Fan-600x717.jpg 600w, https:\/\/svetslik.si\/wp-content\/uploads\/2023\/06\/Gustav-Klimt-\u2013-Lady-With-a-Fan-251x300.jpg 251w, https:\/\/svetslik.si\/wp-content\/uploads\/2023\/06\/Gustav-Klimt-\u2013-Lady-With-a-Fan-768x918.jpg 768w, https:\/\/svetslik.si\/wp-content\/uploads\/2023\/06\/Gustav-Klimt-\u2013-Lady-With-a-Fan-126x150.jpg 126w\" sizes=\"(max-width: 837px) 100vw, 837px\" \/>\t\t\t\t<\/div>\n\t\t\t\t\t\t\t\t\t\t\t<\/div>\n\t<\/div>\n  [\/vc_column][\/vc_row][vc_row][vc_column][vc_column_text]\n<h1>Gustav Klimt \u2013 Dame mit F\u00e4cher<\/h1>\n<p>\u201eDame mit F\u00e4cher\u201c von Gustav Klimt ist ein Meisterwerk, das die au\u00dfergew\u00f6hnliche F\u00e4higkeit des K\u00fcnstlers verk\u00f6rpert, die Essenz der Weiblichkeit mit seinen Pinselstrichen einzufangen. Dieses Kunstwerk wurde w\u00e4hrend seiner \u201egoldenen Phase\u201c in den Jahren 1917\u20131918 gemalt und stellt Klimts charakteristischen Stil dar, der sich durch komplizierte Muster, dekorative Details und eine harmonische Farbmischung auszeichnet. Mit seinem fesselnden Thema und seiner fesselnden Symbolik bleibt \u201eDie Dame mit dem F\u00e4cher\u201c ein bleibendes Zeugnis von Klimts k\u00fcnstlerischem Genie.<\/p>\n<p>\u201eDie Dame mit dem F\u00e4cher\u201c zeigt eine geheimnisvolle Frau, die den Betrachter mit einem direkten Blick in ihren Bann zieht. Sie h\u00e4lt einen zarten F\u00e4cher in der Hand und strahlt einen Hauch von Geheimnis und Intrige aus. Klimts Darstellung ihrer sanften und anmutigen Gesichtsz\u00fcge ruft ein Gef\u00fchl der Gelassenheit und Selbstbeobachtung hervor. Das teilweise verdeckte Gesicht hinter dem F\u00e4cher verleiht ihrer Pers\u00f6nlichkeit Tiefe und l\u00e4dt den Betrachter ein, \u00fcber die in ihr verborgenen Gef\u00fchle und Gedanken nachzudenken.<\/p>\n<p>Klimts akribische Liebe zum Detail und seine Vorliebe f\u00fcr dekorative Muster werden in \u201eDame mit F\u00e4cher\u201c deutlich. Das Gem\u00e4lde hat einen satten goldenen Hintergrund, der mit komplizierten geometrischen Mustern verziert ist, die die Opulenz und Erhabenheit des Kunstwerks unterstreichen. Diese sorgf\u00e4ltige Handwerkskunst entf\u00fchrt den Betrachter in eine Welt dekorativer Sch\u00f6nheit und unterstreicht den zeitlosen Reiz des Gem\u00e4ldes.<\/p>\n<h2>Symbolik und Sinnlichkeit<\/h2>\n<p>Sinnlichkeit ist ein Markenzeichen von Klimts Werk und \u201eDame mit F\u00e4cher\u201c bildet da keine Ausnahme. Der F\u00e4cher selbst hat eine symbolische Bedeutung, die oft mit Geheimnis, Verf\u00fchrung und Anziehung verbunden ist. Es fungiert als visuelle Barriere zwischen dem Betrachter und der Dame und l\u00e4dt uns ein, die verborgenen Tiefen ihrer Pers\u00f6nlichkeit zu erkunden. Klimts F\u00e4higkeit, mit seinen Pinselstrichen intensive Emotionen hervorzurufen, ist in diesem Gem\u00e4lde besonders auff\u00e4llig, da der weibliche Blick und das verschleierte Gesicht die Atmosph\u00e4re des Geheimnisvollen verst\u00e4rken.<\/p>\n<h3>Farbe und Zusammensetzung<\/h3>\n<p>Die Farbpalette \u201eDame mit F\u00e4cher\u201c ist ein harmonischer Mix aus warmen T\u00f6nen, dominiert von Gold, Ocker und verschiedenen Braunt\u00f6nen. Diese Farben erzeugen einen optisch ansprechenden Wandteppich, der das Motiv umh\u00fcllt und die Aufmerksamkeit auf seine zentrale Position in der Komposition lenkt. Klimts Verwendung flie\u00dfender Linien und geometrischer Formen verleiht dem Gem\u00e4lde Bewegung und Rhythmus und steigert so seinen visuellen Reiz zus\u00e4tzlich.<\/p>\n<h3>Verm\u00e4chtnis und Einfluss<\/h3>\n<p>Gustav Klimts \u201eDame mit F\u00e4cher\u201c inspiriert und fasziniert weiterhin Kunstliebhaber auf der ganzen Welt. Seine Eleganz und Sinnlichkeit \u00fcberdauert die Zeit und macht ihn zu einem Symbol zeitloser Sch\u00f6nheit. Der Einfluss des Gem\u00e4ldes ist in der zeitgen\u00f6ssischen Kunst offensichtlich, da Klimts einzigartiger Stil und seine Liebe zum Detail weiterhin K\u00fcnstler auf der ganzen Welt inspirieren und Anklang finden.<\/p>\n<p>&nbsp;<\/p>\n<p>\u201eDame mit F\u00e4cher\u201c von Gustav Klimt ist ein Beweis f\u00fcr die F\u00e4higkeit des K\u00fcnstlers, die Komplexit\u00e4t und den Reiz der menschlichen Form einzufangen. Mit komplizierten Mustern, einer reichen Farbpalette und symbolischen Darstellungen l\u00e4dt Klimt den Betrachter ein, in eine Welt voller Eleganz und Sinnlichkeit einzutauchen. Dieses Gem\u00e4lde bleibt ein bleibendes Meisterwerk, das Klimts Verm\u00e4chtnis als vision\u00e4rer K\u00fcnstler festigt und einen unausl\u00f6schlichen Eindruck in der Kunstwelt hinterl\u00e4sst.[\/vc_column_text][\/vc_column][\/vc_row]\n<\/div>","protected":false},"excerpt":{"rendered":"<p>[vc_row][vc_column][vc_column_text css=&#8221;&#8221;] [\/vc_column][\/vc_row][vc_row css=&#8221;.vc_custom_1691766659237{margin-bottom: 10px !important;}&#8221;][vc_column][\/vc_column][\/vc_row][vc_row css=&#8221;.vc_custom_1691766659237{margin-bottom: 10px !important;}&#8221;][vc_column][\/vc_column][\/vc_row][vc_row][vc_column][vc_column_text] Gustav Klimt \u2013 Dame mit F\u00e4cher \u201eDame mit F\u00e4cher\u201c von Gustav Klimt ist ein Meisterwerk, das die au\u00dfergew\u00f6hnliche F\u00e4higkeit des K\u00fcnstlers verk\u00f6rpert, die Essenz der Weiblichkeit mit seinen Pinselstrichen einzufangen. Dieses Kunstwerk wurde w\u00e4hrend seiner \u201egoldenen Phase\u201c in den Jahren 1917\u20131918 [&hellip;]<\/p>\n","protected":false},"featured_media":92301,"template":"","meta":{"_acf_changed":false},"product_brand":[],"product_cat":[8461],"product_tag":[8489,8493,8521,8513,8514],"class_list":{"0":"post-95170","1":"product","2":"type-product","3":"status-publish","4":"has-post-thumbnail","6":"product_cat-gustav-klimt-de","7":"product_tag-gustav-klimt-de","8":"product_tag-klimt-de","9":"product_tag-maler","10":"product_tag-reproduktion","11":"product_tag-reproduktionen","12":"pa_dimenzija-100-x-100-cm-de","13":"pa_dimenzija-120-x-120-cm-de","14":"pa_dimenzija-138-x-138-cm-de","15":"pa_dimenzija-150-x-150-cm-de","16":"pa_dimenzija-50-x-50-cm-de","17":"pa_dimenzija-60-x-60-cm-de","18":"pa_dimenzija-80-x-80-cm-de","19":"pa_dimenzija-90-x-90-cm-de","20":"pa_oblika-quadrat","21":"pa_okvir-ohne-rahmen","22":"pa_podokvir-ja","23":"pa_podokvir-nein","25":"first","26":"onbackorder","27":"purchasable","28":"product-type-variable","29":"has-default-attributes"},"acf":[],"yoast_head":"<!-- This site is optimized with the Yoast SEO Premium plugin v26.0 (Yoast SEO v27.2) - https:\/\/yoast.com\/product\/yoast-seo-premium-wordpress\/ -->\n<title>Gustav Klimt - Lady With a Fan - SVETSLIK.SI - 100% handgemalt<\/title>\n<meta name=\"description\" content=\"Gustav Klimt - Lady With a Fan - 100% handgemalte Gem\u00e4lde - Verkauf von Reproduktionen ber\u00fchmter Gem\u00e4lde und abstrakter Kunst - Wandbilder f\u00fcr das Wohnzimmer\" \/>\n<meta name=\"robots\" content=\"index, follow, max-snippet:-1, max-image-preview:large, max-video-preview:-1\" \/>\n<link rel=\"canonical\" href=\"https:\/\/svetslik.si\/de\/gustav-klimt-de\/gustav-klimt-lady-with-a-fan\/\" \/>\n<meta property=\"og:locale\" content=\"de_DE\" \/>\n<meta property=\"og:type\" content=\"article\" \/>\n<meta property=\"og:title\" content=\"Gustav Klimt - Lady With a Fan\" \/>\n<meta property=\"og:description\" content=\"100% ro\u010dno naslikane slike na platnu, reprodukcije znanih slikarjev in umetni\u0161ke slike po naro\u010dilu.\" \/>\n<meta property=\"og:url\" content=\"https:\/\/svetslik.si\/de\/gustav-klimt-de\/gustav-klimt-lady-with-a-fan\/\" \/>\n<meta property=\"og:site_name\" content=\"SVETSLIK.SI\" \/>\n<meta property=\"article:publisher\" content=\"https:\/\/www.facebook.com\/svetslik.si\" \/>\n<meta property=\"article:modified_time\" content=\"2026-03-22T18:23:24+00:00\" \/>\n<meta property=\"og:image\" content=\"https:\/\/svetslik.si\/wp-content\/uploads\/2023\/06\/Lady-with-Fan-Gustav-Klimt-1024x1022.jpg\" \/>\n\t<meta property=\"og:image:width\" content=\"1024\" \/>\n\t<meta property=\"og:image:height\" content=\"1022\" \/>\n\t<meta property=\"og:image:type\" content=\"image\/jpeg\" \/>\n<meta name=\"twitter:card\" content=\"summary_large_image\" \/>\n<meta name=\"twitter:site\" content=\"@svetslik\" \/>\n<meta name=\"twitter:label1\" content=\"Verf\u00fcgbarkeit\" \/>\n\t<meta name=\"twitter:data1\" content=\"bei Nachbestellung\" \/>\n<script type=\"application\/ld+json\" class=\"yoast-schema-graph\">{\"@context\":\"https:\/\/schema.org\",\"@graph\":[{\"@type\":[\"WebPage\",\"ItemPage\"],\"@id\":\"https:\/\/svetslik.si\/de\/gustav-klimt-de\/gustav-klimt-lady-with-a-fan\/\",\"url\":\"https:\/\/svetslik.si\/de\/gustav-klimt-de\/gustav-klimt-lady-with-a-fan\/\",\"name\":\"Gustav Klimt - Lady With a Fan - SVETSLIK.SI - 100% handgemalt\",\"isPartOf\":{\"@id\":\"https:\/\/svetslik.si\/de\/#website\"},\"primaryImageOfPage\":{\"@id\":\"https:\/\/svetslik.si\/de\/gustav-klimt-de\/gustav-klimt-lady-with-a-fan\/#primaryimage\"},\"image\":{\"@id\":\"https:\/\/svetslik.si\/de\/gustav-klimt-de\/gustav-klimt-lady-with-a-fan\/#primaryimage\"},\"thumbnailUrl\":\"https:\/\/svetslik.si\/wp-content\/uploads\/2023\/06\/Lady-with-Fan-Gustav-Klimt.jpg\",\"datePublished\":\"2023-06-30T09:31:57+00:00\",\"dateModified\":\"2026-03-22T18:23:24+00:00\",\"description\":\"Gustav Klimt - Lady With a Fan - 100% handgemalte Gem\u00e4lde - Verkauf von Reproduktionen ber\u00fchmter Gem\u00e4lde und abstrakter Kunst - Wandbilder f\u00fcr das Wohnzimmer\",\"breadcrumb\":{\"@id\":\"https:\/\/svetslik.si\/de\/gustav-klimt-de\/gustav-klimt-lady-with-a-fan\/#breadcrumb\"},\"inLanguage\":\"de\",\"potentialAction\":[{\"@type\":\"ReadAction\",\"target\":[\"https:\/\/svetslik.si\/de\/gustav-klimt-de\/gustav-klimt-lady-with-a-fan\/\"]}]},{\"@type\":\"ImageObject\",\"inLanguage\":\"de\",\"@id\":\"https:\/\/svetslik.si\/de\/gustav-klimt-de\/gustav-klimt-lady-with-a-fan\/#primaryimage\",\"url\":\"https:\/\/svetslik.si\/wp-content\/uploads\/2023\/06\/Lady-with-Fan-Gustav-Klimt.jpg\",\"contentUrl\":\"https:\/\/svetslik.si\/wp-content\/uploads\/2023\/06\/Lady-with-Fan-Gustav-Klimt.jpg\",\"width\":1500,\"height\":1497,\"caption\":\"Dame mit F\u00e4cher - Gustav Klimt\"},{\"@type\":\"BreadcrumbList\",\"@id\":\"https:\/\/svetslik.si\/de\/gustav-klimt-de\/gustav-klimt-lady-with-a-fan\/#breadcrumb\",\"itemListElement\":[{\"@type\":\"ListItem\",\"position\":1,\"name\":\"Wandkunst und Gem\u00e4lde auf Leinwand\",\"item\":\"https:\/\/svetslik.si\/de\/\"},{\"@type\":\"ListItem\",\"position\":2,\"name\":\"Verkauf von Gem\u00e4lden\",\"item\":\"https:\/\/svetslik.si\/prodaja-slik\/\"},{\"@type\":\"ListItem\",\"position\":3,\"name\":\"Gustav Klimt &#8211; Lady With a Fan\"}]},{\"@type\":\"WebSite\",\"@id\":\"https:\/\/svetslik.si\/de\/#website\",\"url\":\"https:\/\/svetslik.si\/de\/\",\"name\":\"SVETSLIK.SI\",\"description\":\"100% handgemalte Reproduktionen von Gem\u00e4lden ber\u00fchmter Maler und Gem\u00e4lde auf Leinwand.\",\"publisher\":{\"@id\":\"https:\/\/svetslik.si\/de\/#organization\"},\"potentialAction\":[{\"@type\":\"SearchAction\",\"target\":{\"@type\":\"EntryPoint\",\"urlTemplate\":\"https:\/\/svetslik.si\/de\/?s={search_term_string}\"},\"query-input\":{\"@type\":\"PropertyValueSpecification\",\"valueRequired\":true,\"valueName\":\"search_term_string\"}}],\"inLanguage\":\"de\"},{\"@type\":\"Organization\",\"@id\":\"https:\/\/svetslik.si\/de\/#organization\",\"name\":\"SvetSlik.si\",\"url\":\"https:\/\/svetslik.si\/de\/\",\"logo\":{\"@type\":\"ImageObject\",\"inLanguage\":\"de\",\"@id\":\"https:\/\/svetslik.si\/de\/#\/schema\/logo\/image\/\",\"url\":\"https:\/\/svetslik.si\/wp-content\/uploads\/2020\/12\/logo-512.png\",\"contentUrl\":\"https:\/\/svetslik.si\/wp-content\/uploads\/2020\/12\/logo-512.png\",\"width\":512,\"height\":512,\"caption\":\"SvetSlik.si\"},\"image\":{\"@id\":\"https:\/\/svetslik.si\/de\/#\/schema\/logo\/image\/\"},\"sameAs\":[\"https:\/\/www.facebook.com\/svetslik.si\",\"https:\/\/x.com\/svetslik\",\"https:\/\/www.instagram.com\/svetslik.si\/\",\"https:\/\/www.linkedin.com\/company\/svetslik-si\"]}]}<\/script>\n<meta property=\"og:availability\" content=\"backorder\" \/>\n<meta property=\"product:availability\" content=\"available for order\" \/>\n<meta property=\"product:retailer_item_id\" content=\"22__-2\" \/>\n<meta property=\"product:condition\" content=\"new\" \/>\n<!-- \/ Yoast SEO Premium plugin. -->","yoast_head_json":{"title":"Gustav Klimt - Lady With a Fan - SVETSLIK.SI - 100% handgemalt","description":"Gustav Klimt - Lady With a Fan - 100% handgemalte Gem\u00e4lde - Verkauf von Reproduktionen ber\u00fchmter Gem\u00e4lde und abstrakter Kunst - Wandbilder f\u00fcr das Wohnzimmer","robots":{"index":"index","follow":"follow","max-snippet":"max-snippet:-1","max-image-preview":"max-image-preview:large","max-video-preview":"max-video-preview:-1"},"canonical":"https:\/\/svetslik.si\/de\/gustav-klimt-de\/gustav-klimt-lady-with-a-fan\/","og_locale":"de_DE","og_type":"article","og_title":"Gustav Klimt - Lady With a Fan","og_description":"100% ro\u010dno naslikane slike na platnu, reprodukcije znanih slikarjev in umetni\u0161ke slike po naro\u010dilu.","og_url":"https:\/\/svetslik.si\/de\/gustav-klimt-de\/gustav-klimt-lady-with-a-fan\/","og_site_name":"SVETSLIK.SI","article_publisher":"https:\/\/www.facebook.com\/svetslik.si","article_modified_time":"2026-03-22T18:23:24+00:00","og_image":[{"width":1024,"height":1022,"url":"https:\/\/svetslik.si\/wp-content\/uploads\/2023\/06\/Lady-with-Fan-Gustav-Klimt-1024x1022.jpg","type":"image\/jpeg"}],"twitter_card":"summary_large_image","twitter_site":"@svetslik","twitter_misc":{"Verf\u00fcgbarkeit":"bei Nachbestellung"},"schema":{"@context":"https:\/\/schema.org","@graph":[{"@type":["WebPage","ItemPage"],"@id":"https:\/\/svetslik.si\/de\/gustav-klimt-de\/gustav-klimt-lady-with-a-fan\/","url":"https:\/\/svetslik.si\/de\/gustav-klimt-de\/gustav-klimt-lady-with-a-fan\/","name":"Gustav Klimt - Lady With a Fan - SVETSLIK.SI - 100% handgemalt","isPartOf":{"@id":"https:\/\/svetslik.si\/de\/#website"},"primaryImageOfPage":{"@id":"https:\/\/svetslik.si\/de\/gustav-klimt-de\/gustav-klimt-lady-with-a-fan\/#primaryimage"},"image":{"@id":"https:\/\/svetslik.si\/de\/gustav-klimt-de\/gustav-klimt-lady-with-a-fan\/#primaryimage"},"thumbnailUrl":"https:\/\/svetslik.si\/wp-content\/uploads\/2023\/06\/Lady-with-Fan-Gustav-Klimt.jpg","datePublished":"2023-06-30T09:31:57+00:00","dateModified":"2026-03-22T18:23:24+00:00","description":"Gustav Klimt - Lady With a Fan - 100% handgemalte Gem\u00e4lde - Verkauf von Reproduktionen ber\u00fchmter Gem\u00e4lde und abstrakter Kunst - Wandbilder f\u00fcr das Wohnzimmer","breadcrumb":{"@id":"https:\/\/svetslik.si\/de\/gustav-klimt-de\/gustav-klimt-lady-with-a-fan\/#breadcrumb"},"inLanguage":"de","potentialAction":[{"@type":"ReadAction","target":["https:\/\/svetslik.si\/de\/gustav-klimt-de\/gustav-klimt-lady-with-a-fan\/"]}]},{"@type":"ImageObject","inLanguage":"de","@id":"https:\/\/svetslik.si\/de\/gustav-klimt-de\/gustav-klimt-lady-with-a-fan\/#primaryimage","url":"https:\/\/svetslik.si\/wp-content\/uploads\/2023\/06\/Lady-with-Fan-Gustav-Klimt.jpg","contentUrl":"https:\/\/svetslik.si\/wp-content\/uploads\/2023\/06\/Lady-with-Fan-Gustav-Klimt.jpg","width":1500,"height":1497,"caption":"Dame mit F\u00e4cher - Gustav Klimt"},{"@type":"BreadcrumbList","@id":"https:\/\/svetslik.si\/de\/gustav-klimt-de\/gustav-klimt-lady-with-a-fan\/#breadcrumb","itemListElement":[{"@type":"ListItem","position":1,"name":"Wandkunst und Gem\u00e4lde auf Leinwand","item":"https:\/\/svetslik.si\/de\/"},{"@type":"ListItem","position":2,"name":"Verkauf von Gem\u00e4lden","item":"https:\/\/svetslik.si\/prodaja-slik\/"},{"@type":"ListItem","position":3,"name":"Gustav Klimt &#8211; Lady With a Fan"}]},{"@type":"WebSite","@id":"https:\/\/svetslik.si\/de\/#website","url":"https:\/\/svetslik.si\/de\/","name":"SVETSLIK.SI","description":"100% handgemalte Reproduktionen von Gem\u00e4lden ber\u00fchmter Maler und Gem\u00e4lde auf Leinwand.","publisher":{"@id":"https:\/\/svetslik.si\/de\/#organization"},"potentialAction":[{"@type":"SearchAction","target":{"@type":"EntryPoint","urlTemplate":"https:\/\/svetslik.si\/de\/?s={search_term_string}"},"query-input":{"@type":"PropertyValueSpecification","valueRequired":true,"valueName":"search_term_string"}}],"inLanguage":"de"},{"@type":"Organization","@id":"https:\/\/svetslik.si\/de\/#organization","name":"SvetSlik.si","url":"https:\/\/svetslik.si\/de\/","logo":{"@type":"ImageObject","inLanguage":"de","@id":"https:\/\/svetslik.si\/de\/#\/schema\/logo\/image\/","url":"https:\/\/svetslik.si\/wp-content\/uploads\/2020\/12\/logo-512.png","contentUrl":"https:\/\/svetslik.si\/wp-content\/uploads\/2020\/12\/logo-512.png","width":512,"height":512,"caption":"SvetSlik.si"},"image":{"@id":"https:\/\/svetslik.si\/de\/#\/schema\/logo\/image\/"},"sameAs":["https:\/\/www.facebook.com\/svetslik.si","https:\/\/x.com\/svetslik","https:\/\/www.instagram.com\/svetslik.si\/","https:\/\/www.linkedin.com\/company\/svetslik-si"]}]},"og_availability":"backorder","product_availability":"available for order","product_retailer_item_id":"22__-2","product_condition":"new"},"jetpack_sharing_enabled":true,"_links":{"self":[{"href":"https:\/\/svetslik.si\/de\/wp-json\/wp\/v2\/product\/95170","targetHints":{"allow":["GET"]}}],"collection":[{"href":"https:\/\/svetslik.si\/de\/wp-json\/wp\/v2\/product"}],"about":[{"href":"https:\/\/svetslik.si\/de\/wp-json\/wp\/v2\/types\/product"}],"wp:featuredmedia":[{"embeddable":true,"href":"https:\/\/svetslik.si\/de\/wp-json\/wp\/v2\/media\/92301"}],"wp:attachment":[{"href":"https:\/\/svetslik.si\/de\/wp-json\/wp\/v2\/media?parent=95170"}],"wp:term":[{"taxonomy":"product_brand","embeddable":true,"href":"https:\/\/svetslik.si\/de\/wp-json\/wp\/v2\/product_brand?post=95170"},{"taxonomy":"product_cat","embeddable":true,"href":"https:\/\/svetslik.si\/de\/wp-json\/wp\/v2\/product_cat?post=95170"},{"taxonomy":"product_tag","embeddable":true,"href":"https:\/\/svetslik.si\/de\/wp-json\/wp\/v2\/product_tag?post=95170"}],"curies":[{"name":"wp","href":"https:\/\/api.w.org\/{rel}","templated":true}]}}