{"id":99365,"date":"2023-09-14T10:17:28","date_gmt":"2023-09-14T08:17:28","guid":{"rendered":"https:\/\/svetslik.si\/unkategorisiert\/edward-hopper-summertime\/"},"modified":"2024-07-04T17:09:38","modified_gmt":"2024-07-04T15:09:38","slug":"edward-hopper-summertime","status":"publish","type":"product","link":"https:\/\/svetslik.si\/de\/edward-hopper-de\/edward-hopper-summertime\/","title":{"rendered":"Edward Hopper &#8211; Summertime"},"content":{"rendered":"<div class=\"wpb-content-wrapper\">[vc_row][vc_column][vc_column_text]\n<h1>Edward Hopper &#8211; Summertime<\/h1>\n[\/vc_column_text][\/vc_column][\/vc_row]\n<\/div>","protected":false},"excerpt":{"rendered":"<p>[vc_row][vc_column][vc_column_text] Edward Hopper &#8211; Summertime [\/vc_column_text][\/vc_column][\/vc_row]<\/p>\n","protected":false},"featured_media":97842,"template":"","meta":{"_acf_changed":false},"product_brand":[],"product_cat":[12083],"product_tag":[],"class_list":{"0":"post-99365","1":"product","2":"type-product","3":"status-publish","4":"has-post-thumbnail","6":"product_cat-edward-hopper-de","7":"pa_dimenzija-100-x-150-cm-de","8":"pa_dimenzija-110-x-170-cm-de","9":"pa_dimenzija-120-x-180-cm-de","10":"pa_dimenzija-40-x-60-cm-de","11":"pa_dimenzija-50-x-75-cm-de","12":"pa_dimenzija-60-x-90-cm-de","13":"pa_dimenzija-70-x-105-cm-de","14":"pa_dimenzija-74-x-112-cm-de","15":"pa_dimenzija-80-x-120-cm-de","16":"pa_dimenzija-90-x-135-cm-de","17":"pa_oblika-horizontal-de","18":"pa_okvir-ohne-rahmen","19":"pa_podokvir-ja","20":"pa_podokvir-nein","22":"first","23":"onbackorder","24":"purchasable","25":"product-type-variable"},"acf":[],"yoast_head":"<!-- This site is optimized with the Yoast SEO Premium plugin v26.0 (Yoast SEO v27.2) - https:\/\/yoast.com\/product\/yoast-seo-premium-wordpress\/ -->\n<title>Edward Hopper - Summertime - SVETSLIK.SI - 100 % handbemalt<\/title>\n<meta name=\"description\" content=\"Edward Hopper - Summertime - \u2013 100 % handgemalte Leinwandkunst. Verkauf von Reproduktionen ber\u00fchmter Maler, Anfertigung von Gem\u00e4lden auf Bestellung und Einrahmung.\" \/>\n<meta name=\"robots\" content=\"index, follow, max-snippet:-1, max-image-preview:large, max-video-preview:-1\" \/>\n<link rel=\"canonical\" href=\"https:\/\/svetslik.si\/de\/edward-hopper-de\/edward-hopper-summertime\/\" \/>\n<meta property=\"og:locale\" content=\"de_DE\" \/>\n<meta property=\"og:type\" content=\"article\" \/>\n<meta property=\"og:title\" content=\"Edward Hopper - Summertime\" \/>\n<meta property=\"og:description\" content=\"100% ro\u010dno naslikane slike na platnu, reprodukcije znanih slikarjev in umetni\u0161ke slike po naro\u010dilu.\" \/>\n<meta property=\"og:url\" content=\"https:\/\/svetslik.si\/de\/edward-hopper-de\/edward-hopper-summertime\/\" \/>\n<meta property=\"og:site_name\" content=\"SVETSLIK.SI\" \/>\n<meta property=\"article:publisher\" content=\"https:\/\/www.facebook.com\/svetslik.si\" \/>\n<meta property=\"article:modified_time\" content=\"2024-07-04T15:09:38+00:00\" \/>\n<meta property=\"og:image\" content=\"https:\/\/svetslik.si\/wp-content\/uploads\/2023\/09\/Edward-Hopper-Summertime.jpg\" \/>\n\t<meta property=\"og:image:width\" content=\"1500\" \/>\n\t<meta property=\"og:image:height\" content=\"1001\" \/>\n\t<meta property=\"og:image:type\" content=\"image\/jpeg\" \/>\n<meta name=\"twitter:card\" content=\"summary_large_image\" \/>\n<meta name=\"twitter:site\" content=\"@svetslik\" \/>\n<meta name=\"twitter:label1\" content=\"Verf\u00fcgbarkeit\" \/>\n\t<meta name=\"twitter:data1\" content=\"bei Nachbestellung\" \/>\n<script type=\"application\/ld+json\" class=\"yoast-schema-graph\">{\"@context\":\"https:\/\/schema.org\",\"@graph\":[{\"@type\":[\"WebPage\",\"ItemPage\"],\"@id\":\"https:\/\/svetslik.si\/de\/edward-hopper-de\/edward-hopper-summertime\/\",\"url\":\"https:\/\/svetslik.si\/de\/edward-hopper-de\/edward-hopper-summertime\/\",\"name\":\"Edward Hopper - Summertime - SVETSLIK.SI - 100 % handbemalt\",\"isPartOf\":{\"@id\":\"https:\/\/svetslik.si\/de\/#website\"},\"primaryImageOfPage\":{\"@id\":\"https:\/\/svetslik.si\/de\/edward-hopper-de\/edward-hopper-summertime\/#primaryimage\"},\"image\":{\"@id\":\"https:\/\/svetslik.si\/de\/edward-hopper-de\/edward-hopper-summertime\/#primaryimage\"},\"thumbnailUrl\":\"https:\/\/svetslik.si\/wp-content\/uploads\/2023\/09\/Edward-Hopper-Summertime.jpg\",\"datePublished\":\"2023-09-14T08:17:28+00:00\",\"dateModified\":\"2024-07-04T15:09:38+00:00\",\"description\":\"Edward Hopper - Summertime - \u2013 100 % handgemalte Leinwandkunst. Verkauf von Reproduktionen ber\u00fchmter Maler, Anfertigung von Gem\u00e4lden auf Bestellung und Einrahmung.\",\"breadcrumb\":{\"@id\":\"https:\/\/svetslik.si\/de\/edward-hopper-de\/edward-hopper-summertime\/#breadcrumb\"},\"inLanguage\":\"de\",\"potentialAction\":[{\"@type\":\"ReadAction\",\"target\":[\"https:\/\/svetslik.si\/de\/edward-hopper-de\/edward-hopper-summertime\/\"]}]},{\"@type\":\"ImageObject\",\"inLanguage\":\"de\",\"@id\":\"https:\/\/svetslik.si\/de\/edward-hopper-de\/edward-hopper-summertime\/#primaryimage\",\"url\":\"https:\/\/svetslik.si\/wp-content\/uploads\/2023\/09\/Edward-Hopper-Summertime.jpg\",\"contentUrl\":\"https:\/\/svetslik.si\/wp-content\/uploads\/2023\/09\/Edward-Hopper-Summertime.jpg\",\"width\":1500,\"height\":1001,\"caption\":\"Edward-Hopper---Summertime\"},{\"@type\":\"BreadcrumbList\",\"@id\":\"https:\/\/svetslik.si\/de\/edward-hopper-de\/edward-hopper-summertime\/#breadcrumb\",\"itemListElement\":[{\"@type\":\"ListItem\",\"position\":1,\"name\":\"Wandkunst und Gem\u00e4lde auf Leinwand\",\"item\":\"https:\/\/svetslik.si\/de\/\"},{\"@type\":\"ListItem\",\"position\":2,\"name\":\"Verkauf von Gem\u00e4lden\",\"item\":\"https:\/\/svetslik.si\/prodaja-slik\/\"},{\"@type\":\"ListItem\",\"position\":3,\"name\":\"Edward Hopper &#8211; Summertime\"}]},{\"@type\":\"WebSite\",\"@id\":\"https:\/\/svetslik.si\/de\/#website\",\"url\":\"https:\/\/svetslik.si\/de\/\",\"name\":\"SVETSLIK.SI\",\"description\":\"100% handgemalte Reproduktionen von Gem\u00e4lden ber\u00fchmter Maler und Gem\u00e4lde auf Leinwand.\",\"publisher\":{\"@id\":\"https:\/\/svetslik.si\/de\/#organization\"},\"potentialAction\":[{\"@type\":\"SearchAction\",\"target\":{\"@type\":\"EntryPoint\",\"urlTemplate\":\"https:\/\/svetslik.si\/de\/?s={search_term_string}\"},\"query-input\":{\"@type\":\"PropertyValueSpecification\",\"valueRequired\":true,\"valueName\":\"search_term_string\"}}],\"inLanguage\":\"de\"},{\"@type\":\"Organization\",\"@id\":\"https:\/\/svetslik.si\/de\/#organization\",\"name\":\"SvetSlik.si\",\"url\":\"https:\/\/svetslik.si\/de\/\",\"logo\":{\"@type\":\"ImageObject\",\"inLanguage\":\"de\",\"@id\":\"https:\/\/svetslik.si\/de\/#\/schema\/logo\/image\/\",\"url\":\"https:\/\/svetslik.si\/wp-content\/uploads\/2020\/12\/logo-512.png\",\"contentUrl\":\"https:\/\/svetslik.si\/wp-content\/uploads\/2020\/12\/logo-512.png\",\"width\":512,\"height\":512,\"caption\":\"SvetSlik.si\"},\"image\":{\"@id\":\"https:\/\/svetslik.si\/de\/#\/schema\/logo\/image\/\"},\"sameAs\":[\"https:\/\/www.facebook.com\/svetslik.si\",\"https:\/\/x.com\/svetslik\",\"https:\/\/www.instagram.com\/svetslik.si\/\",\"https:\/\/www.linkedin.com\/company\/svetslik-si\"]}]}<\/script>\n<meta property=\"og:availability\" content=\"backorder\" \/>\n<meta property=\"product:availability\" content=\"available for order\" \/>\n<meta property=\"product:retailer_item_id\" content=\"252__-1-1-1-1\" \/>\n<meta property=\"product:condition\" content=\"new\" \/>\n<!-- \/ Yoast SEO Premium plugin. -->","yoast_head_json":{"title":"Edward Hopper - Summertime - SVETSLIK.SI - 100 % handbemalt","description":"Edward Hopper - Summertime - \u2013 100 % handgemalte Leinwandkunst. Verkauf von Reproduktionen ber\u00fchmter Maler, Anfertigung von Gem\u00e4lden auf Bestellung und Einrahmung.","robots":{"index":"index","follow":"follow","max-snippet":"max-snippet:-1","max-image-preview":"max-image-preview:large","max-video-preview":"max-video-preview:-1"},"canonical":"https:\/\/svetslik.si\/de\/edward-hopper-de\/edward-hopper-summertime\/","og_locale":"de_DE","og_type":"article","og_title":"Edward Hopper - Summertime","og_description":"100% ro\u010dno naslikane slike na platnu, reprodukcije znanih slikarjev in umetni\u0161ke slike po naro\u010dilu.","og_url":"https:\/\/svetslik.si\/de\/edward-hopper-de\/edward-hopper-summertime\/","og_site_name":"SVETSLIK.SI","article_publisher":"https:\/\/www.facebook.com\/svetslik.si","article_modified_time":"2024-07-04T15:09:38+00:00","og_image":[{"width":1500,"height":1001,"url":"https:\/\/svetslik.si\/wp-content\/uploads\/2023\/09\/Edward-Hopper-Summertime.jpg","type":"image\/jpeg"}],"twitter_card":"summary_large_image","twitter_site":"@svetslik","twitter_misc":{"Verf\u00fcgbarkeit":"bei Nachbestellung"},"schema":{"@context":"https:\/\/schema.org","@graph":[{"@type":["WebPage","ItemPage"],"@id":"https:\/\/svetslik.si\/de\/edward-hopper-de\/edward-hopper-summertime\/","url":"https:\/\/svetslik.si\/de\/edward-hopper-de\/edward-hopper-summertime\/","name":"Edward Hopper - Summertime - SVETSLIK.SI - 100 % handbemalt","isPartOf":{"@id":"https:\/\/svetslik.si\/de\/#website"},"primaryImageOfPage":{"@id":"https:\/\/svetslik.si\/de\/edward-hopper-de\/edward-hopper-summertime\/#primaryimage"},"image":{"@id":"https:\/\/svetslik.si\/de\/edward-hopper-de\/edward-hopper-summertime\/#primaryimage"},"thumbnailUrl":"https:\/\/svetslik.si\/wp-content\/uploads\/2023\/09\/Edward-Hopper-Summertime.jpg","datePublished":"2023-09-14T08:17:28+00:00","dateModified":"2024-07-04T15:09:38+00:00","description":"Edward Hopper - Summertime - \u2013 100 % handgemalte Leinwandkunst. Verkauf von Reproduktionen ber\u00fchmter Maler, Anfertigung von Gem\u00e4lden auf Bestellung und Einrahmung.","breadcrumb":{"@id":"https:\/\/svetslik.si\/de\/edward-hopper-de\/edward-hopper-summertime\/#breadcrumb"},"inLanguage":"de","potentialAction":[{"@type":"ReadAction","target":["https:\/\/svetslik.si\/de\/edward-hopper-de\/edward-hopper-summertime\/"]}]},{"@type":"ImageObject","inLanguage":"de","@id":"https:\/\/svetslik.si\/de\/edward-hopper-de\/edward-hopper-summertime\/#primaryimage","url":"https:\/\/svetslik.si\/wp-content\/uploads\/2023\/09\/Edward-Hopper-Summertime.jpg","contentUrl":"https:\/\/svetslik.si\/wp-content\/uploads\/2023\/09\/Edward-Hopper-Summertime.jpg","width":1500,"height":1001,"caption":"Edward-Hopper---Summertime"},{"@type":"BreadcrumbList","@id":"https:\/\/svetslik.si\/de\/edward-hopper-de\/edward-hopper-summertime\/#breadcrumb","itemListElement":[{"@type":"ListItem","position":1,"name":"Wandkunst und Gem\u00e4lde auf Leinwand","item":"https:\/\/svetslik.si\/de\/"},{"@type":"ListItem","position":2,"name":"Verkauf von Gem\u00e4lden","item":"https:\/\/svetslik.si\/prodaja-slik\/"},{"@type":"ListItem","position":3,"name":"Edward Hopper &#8211; Summertime"}]},{"@type":"WebSite","@id":"https:\/\/svetslik.si\/de\/#website","url":"https:\/\/svetslik.si\/de\/","name":"SVETSLIK.SI","description":"100% handgemalte Reproduktionen von Gem\u00e4lden ber\u00fchmter Maler und Gem\u00e4lde auf Leinwand.","publisher":{"@id":"https:\/\/svetslik.si\/de\/#organization"},"potentialAction":[{"@type":"SearchAction","target":{"@type":"EntryPoint","urlTemplate":"https:\/\/svetslik.si\/de\/?s={search_term_string}"},"query-input":{"@type":"PropertyValueSpecification","valueRequired":true,"valueName":"search_term_string"}}],"inLanguage":"de"},{"@type":"Organization","@id":"https:\/\/svetslik.si\/de\/#organization","name":"SvetSlik.si","url":"https:\/\/svetslik.si\/de\/","logo":{"@type":"ImageObject","inLanguage":"de","@id":"https:\/\/svetslik.si\/de\/#\/schema\/logo\/image\/","url":"https:\/\/svetslik.si\/wp-content\/uploads\/2020\/12\/logo-512.png","contentUrl":"https:\/\/svetslik.si\/wp-content\/uploads\/2020\/12\/logo-512.png","width":512,"height":512,"caption":"SvetSlik.si"},"image":{"@id":"https:\/\/svetslik.si\/de\/#\/schema\/logo\/image\/"},"sameAs":["https:\/\/www.facebook.com\/svetslik.si","https:\/\/x.com\/svetslik","https:\/\/www.instagram.com\/svetslik.si\/","https:\/\/www.linkedin.com\/company\/svetslik-si"]}]},"og_availability":"backorder","product_availability":"available for order","product_retailer_item_id":"252__-1-1-1-1","product_condition":"new"},"jetpack_sharing_enabled":true,"_links":{"self":[{"href":"https:\/\/svetslik.si\/de\/wp-json\/wp\/v2\/product\/99365","targetHints":{"allow":["GET"]}}],"collection":[{"href":"https:\/\/svetslik.si\/de\/wp-json\/wp\/v2\/product"}],"about":[{"href":"https:\/\/svetslik.si\/de\/wp-json\/wp\/v2\/types\/product"}],"wp:featuredmedia":[{"embeddable":true,"href":"https:\/\/svetslik.si\/de\/wp-json\/wp\/v2\/media\/97842"}],"wp:attachment":[{"href":"https:\/\/svetslik.si\/de\/wp-json\/wp\/v2\/media?parent=99365"}],"wp:term":[{"taxonomy":"product_brand","embeddable":true,"href":"https:\/\/svetslik.si\/de\/wp-json\/wp\/v2\/product_brand?post=99365"},{"taxonomy":"product_cat","embeddable":true,"href":"https:\/\/svetslik.si\/de\/wp-json\/wp\/v2\/product_cat?post=99365"},{"taxonomy":"product_tag","embeddable":true,"href":"https:\/\/svetslik.si\/de\/wp-json\/wp\/v2\/product_tag?post=99365"}],"curies":[{"name":"wp","href":"https:\/\/api.w.org\/{rel}","templated":true}]}}