{"id":103847,"date":"2023-11-28T14:15:57","date_gmt":"2023-11-28T13:15:57","guid":{"rendered":"https:\/\/svetslik.si\/?post_type=product&#038;p=103847"},"modified":"2026-03-22T15:11:54","modified_gmt":"2026-03-22T14:11:54","slug":"paintings-on-canvas-e323","status":"publish","type":"product","link":"https:\/\/svetslik.si\/en\/wall-art-paintings-on-canvas-single-panel\/paintings-on-canvas-e323\/","title":{"rendered":"Paintings on canvas &#8211; E323"},"content":{"rendered":"<div class=\"wpb-content-wrapper\">[vc_row css=&#8221;.vc_custom_1691575428964{margin-bottom: 10px !important;}&#8221;][vc_column]\t<div class=\"et-image-496 et-image     et_image_link\">\n\t\t<div class=\"et-image-inner \">\n\t\t\t\t\t\t\t<div class=\"et-image-thumb \">\n\t\t\t\t\t<img decoding=\"async\" width=\"1440\" height=\"1408\" src=\"https:\/\/svetslik.si\/wp-content\/uploads\/2023\/11\/Stenske-slike-E323-2.jpg\" class=\"attachment-full\" alt=\"&quot;E323-2 Contemporary Wall Design - Expressive Forms&quot;\" title=\"Wall Paintings - E323-2\" srcset=\"https:\/\/svetslik.si\/wp-content\/uploads\/2023\/11\/Stenske-slike-E323-2.jpg 1440w, https:\/\/svetslik.si\/wp-content\/uploads\/2023\/11\/Stenske-slike-E323-2-600x587.jpg 600w, https:\/\/svetslik.si\/wp-content\/uploads\/2023\/11\/Stenske-slike-E323-2-1200x1173.jpg 1200w, https:\/\/svetslik.si\/wp-content\/uploads\/2023\/11\/Stenske-slike-E323-2-300x293.jpg 300w, https:\/\/svetslik.si\/wp-content\/uploads\/2023\/11\/Stenske-slike-E323-2-1024x1001.jpg 1024w, https:\/\/svetslik.si\/wp-content\/uploads\/2023\/11\/Stenske-slike-E323-2-768x751.jpg 768w, https:\/\/svetslik.si\/wp-content\/uploads\/2023\/11\/Stenske-slike-E323-2-150x147.jpg 150w\" sizes=\"(max-width: 1440px) 100vw, 1440px\" \/>\t\t\t\t<\/div>\n\t\t\t\t\t\t\t\t\t\t\t<\/div>\n\t<\/div>\n  [\/vc_column][\/vc_row][vc_row css=&#8221;.vc_custom_1661407273423{margin-bottom: 10px !important;}&#8221;][vc_column]\t<div class=\"et-image-630 et-image     et_image_link\">\n\t\t<div class=\"et-image-inner \">\n\t\t\t\t\t\t\t<div class=\"et-image-thumb \">\n\t\t\t\t\t<img decoding=\"async\" width=\"1440\" height=\"1400\" src=\"https:\/\/svetslik.si\/wp-content\/uploads\/2023\/11\/Stenske-slike-E323-1.jpg\" class=\"attachment-full\" alt=\"&quot;E323-1 Modern Wall Art - Dynamic Patterns&quot;\" title=\"Wall Paintings - E323-1\" srcset=\"https:\/\/svetslik.si\/wp-content\/uploads\/2023\/11\/Stenske-slike-E323-1.jpg 1440w, https:\/\/svetslik.si\/wp-content\/uploads\/2023\/11\/Stenske-slike-E323-1-600x583.jpg 600w, https:\/\/svetslik.si\/wp-content\/uploads\/2023\/11\/Stenske-slike-E323-1-1200x1167.jpg 1200w, https:\/\/svetslik.si\/wp-content\/uploads\/2023\/11\/Stenske-slike-E323-1-300x292.jpg 300w, https:\/\/svetslik.si\/wp-content\/uploads\/2023\/11\/Stenske-slike-E323-1-1024x996.jpg 1024w, https:\/\/svetslik.si\/wp-content\/uploads\/2023\/11\/Stenske-slike-E323-1-768x747.jpg 768w, https:\/\/svetslik.si\/wp-content\/uploads\/2023\/11\/Stenske-slike-E323-1-150x146.jpg 150w\" sizes=\"(max-width: 1440px) 100vw, 1440px\" \/>\t\t\t\t<\/div>\n\t\t\t\t\t\t\t\t\t\t\t<\/div>\n\t<\/div>\n  [\/vc_column][\/vc_row]\n<\/div>","protected":false},"excerpt":{"rendered":"<p>[vc_row css=&#8221;.vc_custom_1691575428964{margin-bottom: 10px !important;}&#8221;][vc_column][\/vc_column][\/vc_row][vc_row css=&#8221;.vc_custom_1661407273423{margin-bottom: 10px !important;}&#8221;][vc_column][\/vc_column][\/vc_row]<\/p>\n","protected":false},"featured_media":103868,"template":"","meta":{"_acf_changed":false},"product_brand":[],"product_cat":[9818],"product_tag":[9825,9847,9833,9876,9882,9872,9874,9859,9878,9873,9871,9879],"class_list":{"0":"post-103847","1":"product","2":"type-product","3":"status-publish","4":"has-post-thumbnail","6":"product_cat-wall-art-paintings-on-canvas-single-panel","7":"product_tag-abstract-wall-art","8":"product_tag-modern-paintings","9":"product_tag-modern-wall-art","10":"product_tag-online-gallery","11":"product_tag-paintings","12":"product_tag-paintings-for-livingroom","13":"product_tag-paintings-for-the-living-room","14":"product_tag-sale-of-paintings","15":"product_tag-wall-art-en","16":"product_tag-wall-art","17":"product_tag-wall-art-on-canvas","18":"product_tag-wall-artwork","19":"pa_dimenzija-100-cm-x-139-cm-en","20":"pa_dimenzija-110-cm-x-153-cm-en","21":"pa_dimenzija-120-cm-x-167-cm-en","22":"pa_dimenzija-130-cm-x-181-cm-en","23":"pa_dimenzija-140-cm-x-195-cm-en","24":"pa_dimenzija-150-cm-x-209-cm-en","25":"pa_dimenzija-160-cm-x-223-cm-en","26":"pa_dimenzija-170-cm-x-237-cm-en","27":"pa_dimenzija-180-cm-x-250-cm-en","28":"pa_dimenzija-200-cm-x-278-cm-en","29":"pa_dimenzija-40-cm-x-56-cm-en","30":"pa_dimenzija-50-cm-x-70-cm-en","31":"pa_dimenzija-60-cm-x-84-cm-en","32":"pa_dimenzija-70-cm-x-98-cm-en","33":"pa_dimenzija-80-cm-x-112-cm-en","34":"pa_dimenzija-90-cm-x-125-cm-en","35":"pa_oblika-horizontal","36":"pa_okvir-without-frame","37":"pa_podokvir-without","38":"pa_podokvir-yes","40":"first","41":"onbackorder","42":"purchasable","43":"product-type-variable"},"acf":[],"yoast_head":"<!-- This site is optimized with the Yoast SEO Premium plugin v26.0 (Yoast SEO v27.2) - https:\/\/yoast.com\/product\/yoast-seo-premium-wordpress\/ -->\n<title>Paintings on canvas - E323 - SVETSLIK.SI - 100% hand-painted painting<\/title>\n<meta name=\"description\" content=\"Paintings on canvas - E323 - 100% hand painted paintings on canvas. Sale of reproductions of famous painters, custom painted paintings by order and framing.\" \/>\n<meta name=\"robots\" content=\"index, follow, max-snippet:-1, max-image-preview:large, max-video-preview:-1\" \/>\n<link rel=\"canonical\" href=\"https:\/\/svetslik.si\/en\/wall-art-paintings-on-canvas-single-panel\/paintings-on-canvas-e323\/\" \/>\n<meta property=\"og:locale\" content=\"en_US\" \/>\n<meta property=\"og:type\" content=\"article\" \/>\n<meta property=\"og:title\" content=\"Paintings on canvas - E323\" \/>\n<meta property=\"og:description\" content=\"100% ro\u010dno naslikane slike na platnu, reprodukcije znanih slikarjev in umetni\u0161ke slike po naro\u010dilu.\" \/>\n<meta property=\"og:url\" content=\"https:\/\/svetslik.si\/en\/wall-art-paintings-on-canvas-single-panel\/paintings-on-canvas-e323\/\" \/>\n<meta property=\"og:site_name\" content=\"SVETSLIK.SI\" \/>\n<meta property=\"article:publisher\" content=\"https:\/\/www.facebook.com\/svetslik.si\" \/>\n<meta property=\"article:modified_time\" content=\"2026-03-22T14:11:54+00:00\" \/>\n<meta property=\"og:image\" content=\"https:\/\/svetslik.si\/wp-content\/uploads\/2023\/11\/Stenske-slike-E323.jpg\" \/>\n\t<meta property=\"og:image:width\" content=\"1188\" \/>\n\t<meta property=\"og:image:height\" content=\"776\" \/>\n\t<meta property=\"og:image:type\" content=\"image\/jpeg\" \/>\n<meta name=\"twitter:card\" content=\"summary_large_image\" \/>\n<meta name=\"twitter:site\" content=\"@svetslik\" \/>\n<meta name=\"twitter:label1\" content=\"Availability\" \/>\n\t<meta name=\"twitter:data1\" content=\"On backorder\" \/>\n<script type=\"application\/ld+json\" class=\"yoast-schema-graph\">{\"@context\":\"https:\/\/schema.org\",\"@graph\":[{\"@type\":[\"WebPage\",\"ItemPage\"],\"@id\":\"https:\/\/svetslik.si\/en\/wall-art-paintings-on-canvas-single-panel\/paintings-on-canvas-e323\/\",\"url\":\"https:\/\/svetslik.si\/en\/wall-art-paintings-on-canvas-single-panel\/paintings-on-canvas-e323\/\",\"name\":\"Paintings on canvas - E323 - SVETSLIK.SI - 100% hand-painted painting\",\"isPartOf\":{\"@id\":\"https:\/\/svetslik.si\/en\/#website\"},\"primaryImageOfPage\":{\"@id\":\"https:\/\/svetslik.si\/en\/wall-art-paintings-on-canvas-single-panel\/paintings-on-canvas-e323\/#primaryimage\"},\"image\":{\"@id\":\"https:\/\/svetslik.si\/en\/wall-art-paintings-on-canvas-single-panel\/paintings-on-canvas-e323\/#primaryimage\"},\"thumbnailUrl\":\"https:\/\/svetslik.si\/wp-content\/uploads\/2023\/11\/Stenske-slike-E323.jpg\",\"datePublished\":\"2023-11-28T13:15:57+00:00\",\"dateModified\":\"2026-03-22T14:11:54+00:00\",\"description\":\"Paintings on canvas - E323 - 100% hand painted paintings on canvas. Sale of reproductions of famous painters, custom painted paintings by order and framing.\",\"breadcrumb\":{\"@id\":\"https:\/\/svetslik.si\/en\/wall-art-paintings-on-canvas-single-panel\/paintings-on-canvas-e323\/#breadcrumb\"},\"inLanguage\":\"en-US\",\"potentialAction\":[{\"@type\":\"ReadAction\",\"target\":[\"https:\/\/svetslik.si\/en\/wall-art-paintings-on-canvas-single-panel\/paintings-on-canvas-e323\/\"]}]},{\"@type\":\"ImageObject\",\"inLanguage\":\"en-US\",\"@id\":\"https:\/\/svetslik.si\/en\/wall-art-paintings-on-canvas-single-panel\/paintings-on-canvas-e323\/#primaryimage\",\"url\":\"https:\/\/svetslik.si\/wp-content\/uploads\/2023\/11\/Stenske-slike-E323.jpg\",\"contentUrl\":\"https:\/\/svetslik.si\/wp-content\/uploads\/2023\/11\/Stenske-slike-E323.jpg\",\"width\":1188,\"height\":776,\"caption\":\"\\\"Energetic design shines in E323 Abstract Painting.\\\"\"},{\"@type\":\"BreadcrumbList\",\"@id\":\"https:\/\/svetslik.si\/en\/wall-art-paintings-on-canvas-single-panel\/paintings-on-canvas-e323\/#breadcrumb\",\"itemListElement\":[{\"@type\":\"ListItem\",\"position\":1,\"name\":\"Wall art and paintings on canvas\",\"item\":\"https:\/\/svetslik.si\/en\/\"},{\"@type\":\"ListItem\",\"position\":2,\"name\":\"Sale of paintings\",\"item\":\"https:\/\/svetslik.si\/prodaja-slik\/\"},{\"@type\":\"ListItem\",\"position\":3,\"name\":\"Paintings on canvas &#8211; E323\"}]},{\"@type\":\"WebSite\",\"@id\":\"https:\/\/svetslik.si\/en\/#website\",\"url\":\"https:\/\/svetslik.si\/en\/\",\"name\":\"SVETSLIK.SI\",\"description\":\"100% ru\u010dno naslikane reprodukcije slika poznatih slikara in umjetni\u010dke zidne slike na platnu.\",\"publisher\":{\"@id\":\"https:\/\/svetslik.si\/en\/#organization\"},\"potentialAction\":[{\"@type\":\"SearchAction\",\"target\":{\"@type\":\"EntryPoint\",\"urlTemplate\":\"https:\/\/svetslik.si\/en\/?s={search_term_string}\"},\"query-input\":{\"@type\":\"PropertyValueSpecification\",\"valueRequired\":true,\"valueName\":\"search_term_string\"}}],\"inLanguage\":\"en-US\"},{\"@type\":\"Organization\",\"@id\":\"https:\/\/svetslik.si\/en\/#organization\",\"name\":\"SvetSlik.si\",\"url\":\"https:\/\/svetslik.si\/en\/\",\"logo\":{\"@type\":\"ImageObject\",\"inLanguage\":\"en-US\",\"@id\":\"https:\/\/svetslik.si\/en\/#\/schema\/logo\/image\/\",\"url\":\"https:\/\/svetslik.si\/wp-content\/uploads\/2020\/12\/logo-512.png\",\"contentUrl\":\"https:\/\/svetslik.si\/wp-content\/uploads\/2020\/12\/logo-512.png\",\"width\":512,\"height\":512,\"caption\":\"SvetSlik.si\"},\"image\":{\"@id\":\"https:\/\/svetslik.si\/en\/#\/schema\/logo\/image\/\"},\"sameAs\":[\"https:\/\/www.facebook.com\/svetslik.si\",\"https:\/\/x.com\/svetslik\",\"https:\/\/www.instagram.com\/svetslik.si\/\",\"https:\/\/www.linkedin.com\/company\/svetslik-si\"]}]}<\/script>\n<meta property=\"og:availability\" content=\"backorder\" \/>\n<meta property=\"product:availability\" content=\"available for order\" \/>\n<meta property=\"product:retailer_item_id\" content=\"1131__-1-1-2-1-1\" \/>\n<meta property=\"product:condition\" content=\"new\" \/>\n<!-- \/ Yoast SEO Premium plugin. -->","yoast_head_json":{"title":"Paintings on canvas - E323 - SVETSLIK.SI - 100% hand-painted painting","description":"Paintings on canvas - E323 - 100% hand painted paintings on canvas. Sale of reproductions of famous painters, custom painted paintings by order and framing.","robots":{"index":"index","follow":"follow","max-snippet":"max-snippet:-1","max-image-preview":"max-image-preview:large","max-video-preview":"max-video-preview:-1"},"canonical":"https:\/\/svetslik.si\/en\/wall-art-paintings-on-canvas-single-panel\/paintings-on-canvas-e323\/","og_locale":"en_US","og_type":"article","og_title":"Paintings on canvas - E323","og_description":"100% ro\u010dno naslikane slike na platnu, reprodukcije znanih slikarjev in umetni\u0161ke slike po naro\u010dilu.","og_url":"https:\/\/svetslik.si\/en\/wall-art-paintings-on-canvas-single-panel\/paintings-on-canvas-e323\/","og_site_name":"SVETSLIK.SI","article_publisher":"https:\/\/www.facebook.com\/svetslik.si","article_modified_time":"2026-03-22T14:11:54+00:00","og_image":[{"width":1188,"height":776,"url":"https:\/\/svetslik.si\/wp-content\/uploads\/2023\/11\/Stenske-slike-E323.jpg","type":"image\/jpeg"}],"twitter_card":"summary_large_image","twitter_site":"@svetslik","twitter_misc":{"Availability":"On backorder"},"schema":{"@context":"https:\/\/schema.org","@graph":[{"@type":["WebPage","ItemPage"],"@id":"https:\/\/svetslik.si\/en\/wall-art-paintings-on-canvas-single-panel\/paintings-on-canvas-e323\/","url":"https:\/\/svetslik.si\/en\/wall-art-paintings-on-canvas-single-panel\/paintings-on-canvas-e323\/","name":"Paintings on canvas - E323 - SVETSLIK.SI - 100% hand-painted painting","isPartOf":{"@id":"https:\/\/svetslik.si\/en\/#website"},"primaryImageOfPage":{"@id":"https:\/\/svetslik.si\/en\/wall-art-paintings-on-canvas-single-panel\/paintings-on-canvas-e323\/#primaryimage"},"image":{"@id":"https:\/\/svetslik.si\/en\/wall-art-paintings-on-canvas-single-panel\/paintings-on-canvas-e323\/#primaryimage"},"thumbnailUrl":"https:\/\/svetslik.si\/wp-content\/uploads\/2023\/11\/Stenske-slike-E323.jpg","datePublished":"2023-11-28T13:15:57+00:00","dateModified":"2026-03-22T14:11:54+00:00","description":"Paintings on canvas - E323 - 100% hand painted paintings on canvas. Sale of reproductions of famous painters, custom painted paintings by order and framing.","breadcrumb":{"@id":"https:\/\/svetslik.si\/en\/wall-art-paintings-on-canvas-single-panel\/paintings-on-canvas-e323\/#breadcrumb"},"inLanguage":"en-US","potentialAction":[{"@type":"ReadAction","target":["https:\/\/svetslik.si\/en\/wall-art-paintings-on-canvas-single-panel\/paintings-on-canvas-e323\/"]}]},{"@type":"ImageObject","inLanguage":"en-US","@id":"https:\/\/svetslik.si\/en\/wall-art-paintings-on-canvas-single-panel\/paintings-on-canvas-e323\/#primaryimage","url":"https:\/\/svetslik.si\/wp-content\/uploads\/2023\/11\/Stenske-slike-E323.jpg","contentUrl":"https:\/\/svetslik.si\/wp-content\/uploads\/2023\/11\/Stenske-slike-E323.jpg","width":1188,"height":776,"caption":"\"Energetic design shines in E323 Abstract Painting.\""},{"@type":"BreadcrumbList","@id":"https:\/\/svetslik.si\/en\/wall-art-paintings-on-canvas-single-panel\/paintings-on-canvas-e323\/#breadcrumb","itemListElement":[{"@type":"ListItem","position":1,"name":"Wall art and paintings on canvas","item":"https:\/\/svetslik.si\/en\/"},{"@type":"ListItem","position":2,"name":"Sale of paintings","item":"https:\/\/svetslik.si\/prodaja-slik\/"},{"@type":"ListItem","position":3,"name":"Paintings on canvas &#8211; E323"}]},{"@type":"WebSite","@id":"https:\/\/svetslik.si\/en\/#website","url":"https:\/\/svetslik.si\/en\/","name":"SVETSLIK.SI","description":"100% ru\u010dno naslikane reprodukcije slika poznatih slikara in umjetni\u010dke zidne slike na platnu.","publisher":{"@id":"https:\/\/svetslik.si\/en\/#organization"},"potentialAction":[{"@type":"SearchAction","target":{"@type":"EntryPoint","urlTemplate":"https:\/\/svetslik.si\/en\/?s={search_term_string}"},"query-input":{"@type":"PropertyValueSpecification","valueRequired":true,"valueName":"search_term_string"}}],"inLanguage":"en-US"},{"@type":"Organization","@id":"https:\/\/svetslik.si\/en\/#organization","name":"SvetSlik.si","url":"https:\/\/svetslik.si\/en\/","logo":{"@type":"ImageObject","inLanguage":"en-US","@id":"https:\/\/svetslik.si\/en\/#\/schema\/logo\/image\/","url":"https:\/\/svetslik.si\/wp-content\/uploads\/2020\/12\/logo-512.png","contentUrl":"https:\/\/svetslik.si\/wp-content\/uploads\/2020\/12\/logo-512.png","width":512,"height":512,"caption":"SvetSlik.si"},"image":{"@id":"https:\/\/svetslik.si\/en\/#\/schema\/logo\/image\/"},"sameAs":["https:\/\/www.facebook.com\/svetslik.si","https:\/\/x.com\/svetslik","https:\/\/www.instagram.com\/svetslik.si\/","https:\/\/www.linkedin.com\/company\/svetslik-si"]}]},"og_availability":"backorder","product_availability":"available for order","product_retailer_item_id":"1131__-1-1-2-1-1","product_condition":"new"},"jetpack_sharing_enabled":true,"_links":{"self":[{"href":"https:\/\/svetslik.si\/en\/wp-json\/wp\/v2\/product\/103847","targetHints":{"allow":["GET"]}}],"collection":[{"href":"https:\/\/svetslik.si\/en\/wp-json\/wp\/v2\/product"}],"about":[{"href":"https:\/\/svetslik.si\/en\/wp-json\/wp\/v2\/types\/product"}],"wp:featuredmedia":[{"embeddable":true,"href":"https:\/\/svetslik.si\/en\/wp-json\/wp\/v2\/media\/103868"}],"wp:attachment":[{"href":"https:\/\/svetslik.si\/en\/wp-json\/wp\/v2\/media?parent=103847"}],"wp:term":[{"taxonomy":"product_brand","embeddable":true,"href":"https:\/\/svetslik.si\/en\/wp-json\/wp\/v2\/product_brand?post=103847"},{"taxonomy":"product_cat","embeddable":true,"href":"https:\/\/svetslik.si\/en\/wp-json\/wp\/v2\/product_cat?post=103847"},{"taxonomy":"product_tag","embeddable":true,"href":"https:\/\/svetslik.si\/en\/wp-json\/wp\/v2\/product_tag?post=103847"}],"curies":[{"name":"wp","href":"https:\/\/api.w.org\/{rel}","templated":true}]}}