{"id":105906,"date":"2024-01-18T17:42:41","date_gmt":"2024-01-18T16:42:41","guid":{"rendered":"https:\/\/svetslik.si\/?post_type=product&#038;p=105906"},"modified":"2026-03-22T13:55:45","modified_gmt":"2026-03-22T12:55:45","slug":"paintings-forest-path","status":"publish","type":"product","link":"https:\/\/svetslik.si\/en\/wall-art-paintings-on-canvas-single-panel\/paintings-forest-path\/","title":{"rendered":"Paintings &#8211; Forest Path"},"content":{"rendered":"<div class=\"wpb-content-wrapper\">[vc_row css=&#8221;.vc_custom_1705593868507{margin-bottom: 10px !important;}&#8221;][vc_column]\t<div class=\"et-image-174 et-image     et_image_link\">\n\t\t<div class=\"et-image-inner \">\n\t\t\t\t\t\t\t<div class=\"et-image-thumb \">\n\t\t\t\t\t<img decoding=\"async\" width=\"1500\" height=\"980\" src=\"https:\/\/svetslik.si\/wp-content\/uploads\/2024\/01\/Moderna-slika-\u2013-Gozdna-pot2.webp\" class=\"attachment-full\" alt=\"Paintings - Forest Path\" title=\"Paintings - Forest Path\" srcset=\"https:\/\/svetslik.si\/wp-content\/uploads\/2024\/01\/Moderna-slika-\u2013-Gozdna-pot2.webp 1500w, https:\/\/svetslik.si\/wp-content\/uploads\/2024\/01\/Moderna-slika-\u2013-Gozdna-pot2-300x196.webp 300w, https:\/\/svetslik.si\/wp-content\/uploads\/2024\/01\/Moderna-slika-\u2013-Gozdna-pot2-1024x669.webp 1024w, https:\/\/svetslik.si\/wp-content\/uploads\/2024\/01\/Moderna-slika-\u2013-Gozdna-pot2-768x502.webp 768w, https:\/\/svetslik.si\/wp-content\/uploads\/2024\/01\/Moderna-slika-\u2013-Gozdna-pot2-150x98.webp 150w, https:\/\/svetslik.si\/wp-content\/uploads\/2024\/01\/Moderna-slika-\u2013-Gozdna-pot2-600x392.webp 600w, https:\/\/svetslik.si\/wp-content\/uploads\/2024\/01\/Moderna-slika-\u2013-Gozdna-pot2-1200x784.webp 1200w\" sizes=\"(max-width: 1500px) 100vw, 1500px\" \/>\t\t\t\t<\/div>\n\t\t\t\t\t\t\t\t\t\t\t<\/div>\n\t<\/div>\n  [\/vc_column][\/vc_row][vc_row css=&#8221;.vc_custom_1705593868507{margin-bottom: 10px !important;}&#8221;][vc_column]\t<div class=\"et-image-353 et-image     et_image_link\">\n\t\t<div class=\"et-image-inner \">\n\t\t\t\t\t\t\t<div class=\"et-image-thumb \">\n\t\t\t\t\t<img decoding=\"async\" width=\"1500\" height=\"1224\" src=\"https:\/\/svetslik.si\/wp-content\/uploads\/2024\/01\/Moderna-slika-\u2013-Gozdna-pot.webp\" class=\"attachment-full\" alt=\"Paintings - Forest Path\" title=\"Paintings - Forest Path\" srcset=\"https:\/\/svetslik.si\/wp-content\/uploads\/2024\/01\/Moderna-slika-\u2013-Gozdna-pot.webp 1500w, https:\/\/svetslik.si\/wp-content\/uploads\/2024\/01\/Moderna-slika-\u2013-Gozdna-pot-300x245.webp 300w, https:\/\/svetslik.si\/wp-content\/uploads\/2024\/01\/Moderna-slika-\u2013-Gozdna-pot-1024x836.webp 1024w, https:\/\/svetslik.si\/wp-content\/uploads\/2024\/01\/Moderna-slika-\u2013-Gozdna-pot-768x627.webp 768w, https:\/\/svetslik.si\/wp-content\/uploads\/2024\/01\/Moderna-slika-\u2013-Gozdna-pot-150x122.webp 150w, https:\/\/svetslik.si\/wp-content\/uploads\/2024\/01\/Moderna-slika-\u2013-Gozdna-pot-600x490.webp 600w, https:\/\/svetslik.si\/wp-content\/uploads\/2024\/01\/Moderna-slika-\u2013-Gozdna-pot-1200x979.webp 1200w\" sizes=\"(max-width: 1500px) 100vw, 1500px\" \/>\t\t\t\t<\/div>\n\t\t\t\t\t\t\t\t\t\t\t<\/div>\n\t<\/div>\n  [\/vc_column][\/vc_row][vc_row css=&#8221;.vc_custom_1705593868507{margin-bottom: 10px !important;}&#8221;][vc_column]\t<div class=\"et-image-858 et-image     et_image_link\">\n\t\t<div class=\"et-image-inner \">\n\t\t\t\t\t\t\t<div class=\"et-image-thumb \">\n\t\t\t\t\t<img decoding=\"async\" width=\"1000\" height=\"559\" src=\"https:\/\/svetslik.si\/wp-content\/uploads\/2021\/09\/Umetniske-slike-\u2013-Gozdna-pot-slika-na-platnu.jpg\" class=\"attachment-full\" alt=\"Umetni\u0161ke slike \u2013 Gozdna pot - slika na platnu\" title=\"Umetni\u0161ke-slike-\u2013-Gozdna-pot---slika-na-platnu\" srcset=\"https:\/\/svetslik.si\/wp-content\/uploads\/2021\/09\/Umetniske-slike-\u2013-Gozdna-pot-slika-na-platnu.jpg 1000w, https:\/\/svetslik.si\/wp-content\/uploads\/2021\/09\/Umetniske-slike-\u2013-Gozdna-pot-slika-na-platnu-600x335.jpg 600w, https:\/\/svetslik.si\/wp-content\/uploads\/2021\/09\/Umetniske-slike-\u2013-Gozdna-pot-slika-na-platnu-300x168.jpg 300w, https:\/\/svetslik.si\/wp-content\/uploads\/2021\/09\/Umetniske-slike-\u2013-Gozdna-pot-slika-na-platnu-768x429.jpg 768w, https:\/\/svetslik.si\/wp-content\/uploads\/2021\/09\/Umetniske-slike-\u2013-Gozdna-pot-slika-na-platnu-150x84.jpg 150w, https:\/\/svetslik.si\/wp-content\/uploads\/2021\/09\/Umetniske-slike-\u2013-Gozdna-pot-slika-na-platnu-900x503.jpg 900w\" sizes=\"(max-width: 1000px) 100vw, 1000px\" \/>\t\t\t\t<\/div>\n\t\t\t\t\t\t\t\t\t\t\t<\/div>\n\t<\/div>\n  [\/vc_column][\/vc_row][vc_row css=&#8221;.vc_custom_1705593868507{margin-bottom: 10px !important;}&#8221;][vc_column]\t<div class=\"et-image-92 et-image     et_image_link\">\n\t\t<div class=\"et-image-inner \">\n\t\t\t\t\t\t\t<div class=\"et-image-thumb \">\n\t\t\t\t\t<img decoding=\"async\" width=\"1000\" height=\"932\" src=\"https:\/\/svetslik.si\/wp-content\/uploads\/2021\/09\/Umetniske-slike-\u2013-Gozdna-pot-slika-na-platnu-2.jpg\" class=\"attachment-full\" alt=\"Umetni\u0161ke slike \u2013 Gozdna pot - slika na platnu\" title=\"Umetni\u0161ke-slike-\u2013-Gozdna-pot---slika-na-platnu-2\" srcset=\"https:\/\/svetslik.si\/wp-content\/uploads\/2021\/09\/Umetniske-slike-\u2013-Gozdna-pot-slika-na-platnu-2.jpg 1000w, https:\/\/svetslik.si\/wp-content\/uploads\/2021\/09\/Umetniske-slike-\u2013-Gozdna-pot-slika-na-platnu-2-600x559.jpg 600w, https:\/\/svetslik.si\/wp-content\/uploads\/2021\/09\/Umetniske-slike-\u2013-Gozdna-pot-slika-na-platnu-2-300x280.jpg 300w, https:\/\/svetslik.si\/wp-content\/uploads\/2021\/09\/Umetniske-slike-\u2013-Gozdna-pot-slika-na-platnu-2-768x716.jpg 768w, https:\/\/svetslik.si\/wp-content\/uploads\/2021\/09\/Umetniske-slike-\u2013-Gozdna-pot-slika-na-platnu-2-150x140.jpg 150w, https:\/\/svetslik.si\/wp-content\/uploads\/2021\/09\/Umetniske-slike-\u2013-Gozdna-pot-slika-na-platnu-2-900x839.jpg 900w\" sizes=\"(max-width: 1000px) 100vw, 1000px\" \/>\t\t\t\t<\/div>\n\t\t\t\t\t\t\t\t\t\t\t<\/div>\n\t<\/div>\n  [\/vc_column][\/vc_row][vc_row css=&#8221;.vc_custom_1705593868507{margin-bottom: 10px !important;}&#8221;][vc_column]\t<div class=\"et-image-378 et-image     et_image_link\">\n\t\t<div class=\"et-image-inner \">\n\t\t\t\t\t\t\t<div class=\"et-image-thumb \">\n\t\t\t\t\t<img decoding=\"async\" width=\"1000\" height=\"939\" src=\"https:\/\/svetslik.si\/wp-content\/uploads\/2021\/09\/Umetniske-slike-\u2013-Gozdna-pot-slika-na-platnu-3.jpg\" class=\"attachment-full\" alt=\"Umetni\u0161ke slike \u2013 Gozdna pot - slika na platnu\" title=\"Umetni\u0161ke-slike-\u2013-Gozdna-pot---slika-na-platnu-3\" srcset=\"https:\/\/svetslik.si\/wp-content\/uploads\/2021\/09\/Umetniske-slike-\u2013-Gozdna-pot-slika-na-platnu-3.jpg 1000w, https:\/\/svetslik.si\/wp-content\/uploads\/2021\/09\/Umetniske-slike-\u2013-Gozdna-pot-slika-na-platnu-3-600x563.jpg 600w, https:\/\/svetslik.si\/wp-content\/uploads\/2021\/09\/Umetniske-slike-\u2013-Gozdna-pot-slika-na-platnu-3-300x282.jpg 300w, https:\/\/svetslik.si\/wp-content\/uploads\/2021\/09\/Umetniske-slike-\u2013-Gozdna-pot-slika-na-platnu-3-768x721.jpg 768w, https:\/\/svetslik.si\/wp-content\/uploads\/2021\/09\/Umetniske-slike-\u2013-Gozdna-pot-slika-na-platnu-3-150x141.jpg 150w, https:\/\/svetslik.si\/wp-content\/uploads\/2021\/09\/Umetniske-slike-\u2013-Gozdna-pot-slika-na-platnu-3-900x845.jpg 900w\" sizes=\"(max-width: 1000px) 100vw, 1000px\" \/>\t\t\t\t<\/div>\n\t\t\t\t\t\t\t\t\t\t\t<\/div>\n\t<\/div>\n  [\/vc_column][\/vc_row][vc_row css=&#8221;.vc_custom_1705593868507{margin-bottom: 10px !important;}&#8221;][vc_column]\t<div class=\"et-image-361 et-image     et_image_link\">\n\t\t<div class=\"et-image-inner \">\n\t\t\t\t\t\t\t<div class=\"et-image-thumb \">\n\t\t\t\t\t<img decoding=\"async\" width=\"1000\" height=\"631\" src=\"https:\/\/svetslik.si\/wp-content\/uploads\/2021\/09\/Umetniske-slike-\u2013-Gozdna-pot-slika-na-platnu-4.jpg\" class=\"attachment-full\" alt=\"Umetni\u0161ke slike \u2013 Gozdna pot - slika na platnu\" title=\"Umetni\u0161ke-slike-\u2013-Gozdna-pot---slika-na-platnu-4\" srcset=\"https:\/\/svetslik.si\/wp-content\/uploads\/2021\/09\/Umetniske-slike-\u2013-Gozdna-pot-slika-na-platnu-4.jpg 1000w, https:\/\/svetslik.si\/wp-content\/uploads\/2021\/09\/Umetniske-slike-\u2013-Gozdna-pot-slika-na-platnu-4-600x379.jpg 600w, https:\/\/svetslik.si\/wp-content\/uploads\/2021\/09\/Umetniske-slike-\u2013-Gozdna-pot-slika-na-platnu-4-300x189.jpg 300w, https:\/\/svetslik.si\/wp-content\/uploads\/2021\/09\/Umetniske-slike-\u2013-Gozdna-pot-slika-na-platnu-4-768x485.jpg 768w, https:\/\/svetslik.si\/wp-content\/uploads\/2021\/09\/Umetniske-slike-\u2013-Gozdna-pot-slika-na-platnu-4-150x95.jpg 150w, https:\/\/svetslik.si\/wp-content\/uploads\/2021\/09\/Umetniske-slike-\u2013-Gozdna-pot-slika-na-platnu-4-900x568.jpg 900w\" sizes=\"(max-width: 1000px) 100vw, 1000px\" \/>\t\t\t\t<\/div>\n\t\t\t\t\t\t\t\t\t\t\t<\/div>\n\t<\/div>\n  [\/vc_column][\/vc_row][vc_row css=&#8221;.vc_custom_1705593868507{margin-bottom: 10px !important;}&#8221;][vc_column]\t<div class=\"et-image-859 et-image     et_image_link\">\n\t\t<div class=\"et-image-inner \">\n\t\t\t\t\t\t\t<div class=\"et-image-thumb \">\n\t\t\t\t\t<img decoding=\"async\" width=\"1000\" height=\"563\" src=\"https:\/\/svetslik.si\/wp-content\/uploads\/2021\/09\/Umetniske-slike-\u2013-Gozdna-pot-slika-na-platnu-5.jpg\" class=\"attachment-full\" alt=\"Umetni\u0161ke slike \u2013 Gozdna pot - slika na platnu\" title=\"Umetni\u0161ke-slike-\u2013-Gozdna-pot---slika-na-platnu-5\" srcset=\"https:\/\/svetslik.si\/wp-content\/uploads\/2021\/09\/Umetniske-slike-\u2013-Gozdna-pot-slika-na-platnu-5.jpg 1000w, https:\/\/svetslik.si\/wp-content\/uploads\/2021\/09\/Umetniske-slike-\u2013-Gozdna-pot-slika-na-platnu-5-600x338.jpg 600w, https:\/\/svetslik.si\/wp-content\/uploads\/2021\/09\/Umetniske-slike-\u2013-Gozdna-pot-slika-na-platnu-5-300x169.jpg 300w, https:\/\/svetslik.si\/wp-content\/uploads\/2021\/09\/Umetniske-slike-\u2013-Gozdna-pot-slika-na-platnu-5-768x432.jpg 768w, https:\/\/svetslik.si\/wp-content\/uploads\/2021\/09\/Umetniske-slike-\u2013-Gozdna-pot-slika-na-platnu-5-150x84.jpg 150w, https:\/\/svetslik.si\/wp-content\/uploads\/2021\/09\/Umetniske-slike-\u2013-Gozdna-pot-slika-na-platnu-5-900x507.jpg 900w\" sizes=\"(max-width: 1000px) 100vw, 1000px\" \/>\t\t\t\t<\/div>\n\t\t\t\t\t\t\t\t\t\t\t<\/div>\n\t<\/div>\n  [\/vc_column][\/vc_row]\n<\/div>","protected":false},"excerpt":{"rendered":"<p>[vc_row css=&#8221;.vc_custom_1705593868507{margin-bottom: 10px !important;}&#8221;][vc_column][\/vc_column][\/vc_row][vc_row css=&#8221;.vc_custom_1705593868507{margin-bottom: 10px !important;}&#8221;][vc_column][\/vc_column][\/vc_row][vc_row css=&#8221;.vc_custom_1705593868507{margin-bottom: 10px !important;}&#8221;][vc_column][\/vc_column][\/vc_row][vc_row css=&#8221;.vc_custom_1705593868507{margin-bottom: 10px !important;}&#8221;][vc_column][\/vc_column][\/vc_row][vc_row css=&#8221;.vc_custom_1705593868507{margin-bottom: 10px !important;}&#8221;][vc_column][\/vc_column][\/vc_row][vc_row css=&#8221;.vc_custom_1705593868507{margin-bottom: 10px !important;}&#8221;][vc_column][\/vc_column][\/vc_row][vc_row css=&#8221;.vc_custom_1705593868507{margin-bottom: 10px !important;}&#8221;][vc_column][\/vc_column][\/vc_row]<\/p>\n","protected":false},"featured_media":78689,"template":"","meta":{"_acf_changed":false},"product_brand":[],"product_cat":[9818],"product_tag":[9825,9847,9833,9876,9882,9872,9874,9859,9873,9878,9871,9879],"class_list":{"0":"post-105906","1":"product","2":"type-product","3":"status-publish","4":"has-post-thumbnail","6":"product_cat-wall-art-paintings-on-canvas-single-panel","7":"product_tag-abstract-wall-art","8":"product_tag-modern-paintings","9":"product_tag-modern-wall-art","10":"product_tag-online-gallery","11":"product_tag-paintings","12":"product_tag-paintings-for-livingroom","13":"product_tag-paintings-for-the-living-room","14":"product_tag-sale-of-paintings","15":"product_tag-wall-art","16":"product_tag-wall-art-en","17":"product_tag-wall-art-on-canvas","18":"product_tag-wall-artwork","19":"pa_dimenzija-100-x-50-cm","20":"pa_dimenzija-120-x-60-cm","21":"pa_dimenzija-150-x-100-cm","22":"pa_dimenzija-60-x-30-cm","23":"pa_dimenzija-80-x-40-cm","24":"pa_oblika-horizontal","25":"pa_okvir-without-frame","26":"pa_podokvir-without","27":"pa_podokvir-yes","29":"first","30":"onbackorder","31":"purchasable","32":"product-type-variable","33":"has-default-attributes"},"acf":[],"yoast_head":"<!-- This site is optimized with the Yoast SEO Premium plugin v26.0 (Yoast SEO v27.2) - https:\/\/yoast.com\/product\/yoast-seo-premium-wordpress\/ -->\n<title>Paintings - Forest Path - SVETSLIK.SI - 100% hand painted<\/title>\n<meta name=\"description\" content=\"Paintings - Forest Path - 100% hand-painted painting on canvas. Wall art, abstract paintings, reproduction of famous painting and custom paintings made by order.\" \/>\n<meta name=\"robots\" content=\"index, follow, max-snippet:-1, max-image-preview:large, max-video-preview:-1\" \/>\n<link rel=\"canonical\" href=\"https:\/\/svetslik.si\/en\/wall-art-paintings-on-canvas-single-panel\/paintings-forest-path\/\" \/>\n<meta property=\"og:locale\" content=\"en_US\" \/>\n<meta property=\"og:type\" content=\"article\" \/>\n<meta property=\"og:title\" content=\"Paintings - Forest Path\" \/>\n<meta property=\"og:description\" content=\"100% ro\u010dno naslikane slike na platnu, reprodukcije znanih slikarjev in umetni\u0161ke slike po naro\u010dilu.\" \/>\n<meta property=\"og:url\" content=\"https:\/\/svetslik.si\/en\/wall-art-paintings-on-canvas-single-panel\/paintings-forest-path\/\" \/>\n<meta property=\"og:site_name\" content=\"SVETSLIK.SI\" \/>\n<meta property=\"article:publisher\" content=\"https:\/\/www.facebook.com\/svetslik.si\" \/>\n<meta property=\"article:modified_time\" content=\"2026-03-22T12:55:45+00:00\" \/>\n<meta property=\"og:image\" content=\"https:\/\/svetslik.si\/wp-content\/uploads\/2021\/08\/image_Dekorativna-umetniska-slika-Gozdna-potjpg_680.jpg\" \/>\n\t<meta property=\"og:image:width\" content=\"680\" \/>\n\t<meta property=\"og:image:height\" content=\"370\" \/>\n\t<meta property=\"og:image:type\" content=\"image\/jpeg\" \/>\n<meta name=\"twitter:card\" content=\"summary_large_image\" \/>\n<meta name=\"twitter:site\" content=\"@svetslik\" \/>\n<meta name=\"twitter:label1\" content=\"Availability\" \/>\n\t<meta name=\"twitter:data1\" content=\"On backorder\" \/>\n<script type=\"application\/ld+json\" class=\"yoast-schema-graph\">{\"@context\":\"https:\/\/schema.org\",\"@graph\":[{\"@type\":[\"WebPage\",\"ItemPage\"],\"@id\":\"https:\/\/svetslik.si\/en\/wall-art-paintings-on-canvas-single-panel\/paintings-forest-path\/\",\"url\":\"https:\/\/svetslik.si\/en\/wall-art-paintings-on-canvas-single-panel\/paintings-forest-path\/\",\"name\":\"Paintings - Forest Path - SVETSLIK.SI - 100% hand painted\",\"isPartOf\":{\"@id\":\"https:\/\/svetslik.si\/en\/#website\"},\"primaryImageOfPage\":{\"@id\":\"https:\/\/svetslik.si\/en\/wall-art-paintings-on-canvas-single-panel\/paintings-forest-path\/#primaryimage\"},\"image\":{\"@id\":\"https:\/\/svetslik.si\/en\/wall-art-paintings-on-canvas-single-panel\/paintings-forest-path\/#primaryimage\"},\"thumbnailUrl\":\"https:\/\/svetslik.si\/wp-content\/uploads\/2021\/08\/image_Dekorativna-umetniska-slika-Gozdna-potjpg_680.jpg\",\"datePublished\":\"2024-01-18T16:42:41+00:00\",\"dateModified\":\"2026-03-22T12:55:45+00:00\",\"description\":\"Paintings - Forest Path - 100% hand-painted painting on canvas. Wall art, abstract paintings, reproduction of famous painting and custom paintings made by order.\",\"breadcrumb\":{\"@id\":\"https:\/\/svetslik.si\/en\/wall-art-paintings-on-canvas-single-panel\/paintings-forest-path\/#breadcrumb\"},\"inLanguage\":\"en-US\",\"potentialAction\":[{\"@type\":\"ReadAction\",\"target\":[\"https:\/\/svetslik.si\/en\/wall-art-paintings-on-canvas-single-panel\/paintings-forest-path\/\"]}]},{\"@type\":\"ImageObject\",\"inLanguage\":\"en-US\",\"@id\":\"https:\/\/svetslik.si\/en\/wall-art-paintings-on-canvas-single-panel\/paintings-forest-path\/#primaryimage\",\"url\":\"https:\/\/svetslik.si\/wp-content\/uploads\/2021\/08\/image_Dekorativna-umetniska-slika-Gozdna-potjpg_680.jpg\",\"contentUrl\":\"https:\/\/svetslik.si\/wp-content\/uploads\/2021\/08\/image_Dekorativna-umetniska-slika-Gozdna-potjpg_680.jpg\",\"width\":680,\"height\":370,\"caption\":\"Decorative Artwork Forest Path - Canvas Wall Art, Artwork - Modern Paintings, Decorative Canvas Wall Art, Ambient Wall Art, Abstract Paintings, Purchase and Sale of Paintings.\"},{\"@type\":\"BreadcrumbList\",\"@id\":\"https:\/\/svetslik.si\/en\/wall-art-paintings-on-canvas-single-panel\/paintings-forest-path\/#breadcrumb\",\"itemListElement\":[{\"@type\":\"ListItem\",\"position\":1,\"name\":\"Wall art and paintings on canvas\",\"item\":\"https:\/\/svetslik.si\/en\/\"},{\"@type\":\"ListItem\",\"position\":2,\"name\":\"Sale of paintings\",\"item\":\"https:\/\/svetslik.si\/prodaja-slik\/\"},{\"@type\":\"ListItem\",\"position\":3,\"name\":\"Paintings &#8211; Forest Path\"}]},{\"@type\":\"WebSite\",\"@id\":\"https:\/\/svetslik.si\/en\/#website\",\"url\":\"https:\/\/svetslik.si\/en\/\",\"name\":\"SVETSLIK.SI\",\"description\":\"100% ru\u010dno naslikane reprodukcije slika poznatih slikara in umjetni\u010dke zidne slike na platnu.\",\"publisher\":{\"@id\":\"https:\/\/svetslik.si\/en\/#organization\"},\"potentialAction\":[{\"@type\":\"SearchAction\",\"target\":{\"@type\":\"EntryPoint\",\"urlTemplate\":\"https:\/\/svetslik.si\/en\/?s={search_term_string}\"},\"query-input\":{\"@type\":\"PropertyValueSpecification\",\"valueRequired\":true,\"valueName\":\"search_term_string\"}}],\"inLanguage\":\"en-US\"},{\"@type\":\"Organization\",\"@id\":\"https:\/\/svetslik.si\/en\/#organization\",\"name\":\"SvetSlik.si\",\"url\":\"https:\/\/svetslik.si\/en\/\",\"logo\":{\"@type\":\"ImageObject\",\"inLanguage\":\"en-US\",\"@id\":\"https:\/\/svetslik.si\/en\/#\/schema\/logo\/image\/\",\"url\":\"https:\/\/svetslik.si\/wp-content\/uploads\/2020\/12\/logo-512.png\",\"contentUrl\":\"https:\/\/svetslik.si\/wp-content\/uploads\/2020\/12\/logo-512.png\",\"width\":512,\"height\":512,\"caption\":\"SvetSlik.si\"},\"image\":{\"@id\":\"https:\/\/svetslik.si\/en\/#\/schema\/logo\/image\/\"},\"sameAs\":[\"https:\/\/www.facebook.com\/svetslik.si\",\"https:\/\/x.com\/svetslik\",\"https:\/\/www.instagram.com\/svetslik.si\/\",\"https:\/\/www.linkedin.com\/company\/svetslik-si\"]}]}<\/script>\n<meta property=\"og:availability\" content=\"backorder\" \/>\n<meta property=\"product:availability\" content=\"available for order\" \/>\n<meta property=\"product:retailer_item_id\" content=\"1041__-1\" \/>\n<meta property=\"product:condition\" content=\"new\" \/>\n<!-- \/ Yoast SEO Premium plugin. -->","yoast_head_json":{"title":"Paintings - Forest Path - SVETSLIK.SI - 100% hand painted","description":"Paintings - Forest Path - 100% hand-painted painting on canvas. Wall art, abstract paintings, reproduction of famous painting and custom paintings made by order.","robots":{"index":"index","follow":"follow","max-snippet":"max-snippet:-1","max-image-preview":"max-image-preview:large","max-video-preview":"max-video-preview:-1"},"canonical":"https:\/\/svetslik.si\/en\/wall-art-paintings-on-canvas-single-panel\/paintings-forest-path\/","og_locale":"en_US","og_type":"article","og_title":"Paintings - Forest Path","og_description":"100% ro\u010dno naslikane slike na platnu, reprodukcije znanih slikarjev in umetni\u0161ke slike po naro\u010dilu.","og_url":"https:\/\/svetslik.si\/en\/wall-art-paintings-on-canvas-single-panel\/paintings-forest-path\/","og_site_name":"SVETSLIK.SI","article_publisher":"https:\/\/www.facebook.com\/svetslik.si","article_modified_time":"2026-03-22T12:55:45+00:00","og_image":[{"width":680,"height":370,"url":"https:\/\/svetslik.si\/wp-content\/uploads\/2021\/08\/image_Dekorativna-umetniska-slika-Gozdna-potjpg_680.jpg","type":"image\/jpeg"}],"twitter_card":"summary_large_image","twitter_site":"@svetslik","twitter_misc":{"Availability":"On backorder"},"schema":{"@context":"https:\/\/schema.org","@graph":[{"@type":["WebPage","ItemPage"],"@id":"https:\/\/svetslik.si\/en\/wall-art-paintings-on-canvas-single-panel\/paintings-forest-path\/","url":"https:\/\/svetslik.si\/en\/wall-art-paintings-on-canvas-single-panel\/paintings-forest-path\/","name":"Paintings - Forest Path - SVETSLIK.SI - 100% hand painted","isPartOf":{"@id":"https:\/\/svetslik.si\/en\/#website"},"primaryImageOfPage":{"@id":"https:\/\/svetslik.si\/en\/wall-art-paintings-on-canvas-single-panel\/paintings-forest-path\/#primaryimage"},"image":{"@id":"https:\/\/svetslik.si\/en\/wall-art-paintings-on-canvas-single-panel\/paintings-forest-path\/#primaryimage"},"thumbnailUrl":"https:\/\/svetslik.si\/wp-content\/uploads\/2021\/08\/image_Dekorativna-umetniska-slika-Gozdna-potjpg_680.jpg","datePublished":"2024-01-18T16:42:41+00:00","dateModified":"2026-03-22T12:55:45+00:00","description":"Paintings - Forest Path - 100% hand-painted painting on canvas. Wall art, abstract paintings, reproduction of famous painting and custom paintings made by order.","breadcrumb":{"@id":"https:\/\/svetslik.si\/en\/wall-art-paintings-on-canvas-single-panel\/paintings-forest-path\/#breadcrumb"},"inLanguage":"en-US","potentialAction":[{"@type":"ReadAction","target":["https:\/\/svetslik.si\/en\/wall-art-paintings-on-canvas-single-panel\/paintings-forest-path\/"]}]},{"@type":"ImageObject","inLanguage":"en-US","@id":"https:\/\/svetslik.si\/en\/wall-art-paintings-on-canvas-single-panel\/paintings-forest-path\/#primaryimage","url":"https:\/\/svetslik.si\/wp-content\/uploads\/2021\/08\/image_Dekorativna-umetniska-slika-Gozdna-potjpg_680.jpg","contentUrl":"https:\/\/svetslik.si\/wp-content\/uploads\/2021\/08\/image_Dekorativna-umetniska-slika-Gozdna-potjpg_680.jpg","width":680,"height":370,"caption":"Decorative Artwork Forest Path - Canvas Wall Art, Artwork - Modern Paintings, Decorative Canvas Wall Art, Ambient Wall Art, Abstract Paintings, Purchase and Sale of Paintings."},{"@type":"BreadcrumbList","@id":"https:\/\/svetslik.si\/en\/wall-art-paintings-on-canvas-single-panel\/paintings-forest-path\/#breadcrumb","itemListElement":[{"@type":"ListItem","position":1,"name":"Wall art and paintings on canvas","item":"https:\/\/svetslik.si\/en\/"},{"@type":"ListItem","position":2,"name":"Sale of paintings","item":"https:\/\/svetslik.si\/prodaja-slik\/"},{"@type":"ListItem","position":3,"name":"Paintings &#8211; Forest Path"}]},{"@type":"WebSite","@id":"https:\/\/svetslik.si\/en\/#website","url":"https:\/\/svetslik.si\/en\/","name":"SVETSLIK.SI","description":"100% ru\u010dno naslikane reprodukcije slika poznatih slikara in umjetni\u010dke zidne slike na platnu.","publisher":{"@id":"https:\/\/svetslik.si\/en\/#organization"},"potentialAction":[{"@type":"SearchAction","target":{"@type":"EntryPoint","urlTemplate":"https:\/\/svetslik.si\/en\/?s={search_term_string}"},"query-input":{"@type":"PropertyValueSpecification","valueRequired":true,"valueName":"search_term_string"}}],"inLanguage":"en-US"},{"@type":"Organization","@id":"https:\/\/svetslik.si\/en\/#organization","name":"SvetSlik.si","url":"https:\/\/svetslik.si\/en\/","logo":{"@type":"ImageObject","inLanguage":"en-US","@id":"https:\/\/svetslik.si\/en\/#\/schema\/logo\/image\/","url":"https:\/\/svetslik.si\/wp-content\/uploads\/2020\/12\/logo-512.png","contentUrl":"https:\/\/svetslik.si\/wp-content\/uploads\/2020\/12\/logo-512.png","width":512,"height":512,"caption":"SvetSlik.si"},"image":{"@id":"https:\/\/svetslik.si\/en\/#\/schema\/logo\/image\/"},"sameAs":["https:\/\/www.facebook.com\/svetslik.si","https:\/\/x.com\/svetslik","https:\/\/www.instagram.com\/svetslik.si\/","https:\/\/www.linkedin.com\/company\/svetslik-si"]}]},"og_availability":"backorder","product_availability":"available for order","product_retailer_item_id":"1041__-1","product_condition":"new"},"jetpack_sharing_enabled":true,"_links":{"self":[{"href":"https:\/\/svetslik.si\/en\/wp-json\/wp\/v2\/product\/105906","targetHints":{"allow":["GET"]}}],"collection":[{"href":"https:\/\/svetslik.si\/en\/wp-json\/wp\/v2\/product"}],"about":[{"href":"https:\/\/svetslik.si\/en\/wp-json\/wp\/v2\/types\/product"}],"wp:featuredmedia":[{"embeddable":true,"href":"https:\/\/svetslik.si\/en\/wp-json\/wp\/v2\/media\/78689"}],"wp:attachment":[{"href":"https:\/\/svetslik.si\/en\/wp-json\/wp\/v2\/media?parent=105906"}],"wp:term":[{"taxonomy":"product_brand","embeddable":true,"href":"https:\/\/svetslik.si\/en\/wp-json\/wp\/v2\/product_brand?post=105906"},{"taxonomy":"product_cat","embeddable":true,"href":"https:\/\/svetslik.si\/en\/wp-json\/wp\/v2\/product_cat?post=105906"},{"taxonomy":"product_tag","embeddable":true,"href":"https:\/\/svetslik.si\/en\/wp-json\/wp\/v2\/product_tag?post=105906"}],"curies":[{"name":"wp","href":"https:\/\/api.w.org\/{rel}","templated":true}]}}