{"id":113838,"date":"2025-12-13T19:38:58","date_gmt":"2025-12-13T18:38:58","guid":{"rendered":"https:\/\/svetslik.si\/?post_type=product&#038;p=113838"},"modified":"2026-03-22T13:48:25","modified_gmt":"2026-03-22T12:48:25","slug":"aleks-m-pomlad-v-blizini-kraja-rupa","status":"publish","type":"product","link":"https:\/\/svetslik.si\/en\/aleks-m\/aleks-m-pomlad-v-blizini-kraja-rupa\/","title":{"rendered":"Aleks M &#8211; Pomlad v bli\u017eini kraja Rupa"},"content":{"rendered":"","protected":false},"excerpt":{"rendered":"","protected":false},"featured_media":113852,"template":"","meta":{"_acf_changed":false},"product_brand":[],"product_cat":[12707],"product_tag":[9825,9847,9833,9876,9882,9872,9874,9859,9878,9873,9871,9879],"class_list":{"0":"post-113838","1":"product","2":"type-product","3":"status-publish","4":"has-post-thumbnail","6":"product_cat-aleks-m","7":"product_tag-abstract-wall-art","8":"product_tag-modern-paintings","9":"product_tag-modern-wall-art","10":"product_tag-online-gallery","11":"product_tag-paintings","12":"product_tag-paintings-for-livingroom","13":"product_tag-paintings-for-the-living-room","14":"product_tag-sale-of-paintings","15":"product_tag-wall-art-en","16":"product_tag-wall-art","17":"product_tag-wall-art-on-canvas","18":"product_tag-wall-artwork","19":"pa_dimenzija-24-x-35-cm","20":"pa_okvir-without-frame","22":"first","23":"onbackorder","24":"purchasable","25":"product-type-variable","26":"has-default-attributes"},"acf":[],"yoast_head":"<!-- This site is optimized with the Yoast SEO Premium plugin v26.0 (Yoast SEO v27.2) - https:\/\/yoast.com\/product\/yoast-seo-premium-wordpress\/ -->\n<title>Aleks M - Pomlad v bli\u017eini kraja Rupa - SVETSLIK.SI - 100% hand painted<\/title>\n<meta name=\"description\" content=\"Aleks M - Pomlad v bli\u017eini kraja Rupa - 100% hand-painted painting on canvas. Wall art, abstract paintings, reproduction of famous painting and custom paintings made by order.\" \/>\n<meta name=\"robots\" content=\"index, follow, max-snippet:-1, max-image-preview:large, max-video-preview:-1\" \/>\n<link rel=\"canonical\" href=\"https:\/\/svetslik.si\/en\/aleks-m\/aleks-m-pomlad-v-blizini-kraja-rupa\/\" \/>\n<meta property=\"og:locale\" content=\"en_US\" \/>\n<meta property=\"og:type\" content=\"article\" \/>\n<meta property=\"og:title\" content=\"Aleks M - Pomlad v bli\u017eini kraja Rupa\" \/>\n<meta property=\"og:description\" content=\"100% ro\u010dno naslikane slike na platnu, reprodukcije znanih slikarjev in umetni\u0161ke slike po naro\u010dilu.\" \/>\n<meta property=\"og:url\" content=\"https:\/\/svetslik.si\/en\/aleks-m\/aleks-m-pomlad-v-blizini-kraja-rupa\/\" \/>\n<meta property=\"og:site_name\" content=\"SVETSLIK.SI\" \/>\n<meta property=\"article:publisher\" content=\"https:\/\/www.facebook.com\/svetslik.si\" \/>\n<meta property=\"article:modified_time\" content=\"2026-03-22T12:48:25+00:00\" \/>\n<meta property=\"og:image\" content=\"https:\/\/svetslik.si\/wp-content\/uploads\/2025\/12\/viber_image_2025-11-27_13-20-58-175.jpg\" \/>\n\t<meta property=\"og:image:width\" content=\"1600\" \/>\n\t<meta property=\"og:image:height\" content=\"1133\" \/>\n\t<meta property=\"og:image:type\" content=\"image\/jpeg\" \/>\n<meta name=\"twitter:card\" content=\"summary_large_image\" \/>\n<meta name=\"twitter:site\" content=\"@svetslik\" \/>\n<meta name=\"twitter:label1\" content=\"Availability\" \/>\n\t<meta name=\"twitter:data1\" content=\"On backorder\" \/>\n<script type=\"application\/ld+json\" class=\"yoast-schema-graph\">{\"@context\":\"https:\/\/schema.org\",\"@graph\":[{\"@type\":[\"WebPage\",\"ItemPage\"],\"@id\":\"https:\/\/svetslik.si\/en\/aleks-m\/aleks-m-pomlad-v-blizini-kraja-rupa\/\",\"url\":\"https:\/\/svetslik.si\/en\/aleks-m\/aleks-m-pomlad-v-blizini-kraja-rupa\/\",\"name\":\"Aleks M - Pomlad v bli\u017eini kraja Rupa - SVETSLIK.SI - 100% hand painted\",\"isPartOf\":{\"@id\":\"https:\/\/svetslik.si\/en\/#website\"},\"primaryImageOfPage\":{\"@id\":\"https:\/\/svetslik.si\/en\/aleks-m\/aleks-m-pomlad-v-blizini-kraja-rupa\/#primaryimage\"},\"image\":{\"@id\":\"https:\/\/svetslik.si\/en\/aleks-m\/aleks-m-pomlad-v-blizini-kraja-rupa\/#primaryimage\"},\"thumbnailUrl\":\"https:\/\/svetslik.si\/wp-content\/uploads\/2025\/12\/viber_image_2025-11-27_13-20-58-175.jpg\",\"datePublished\":\"2025-12-13T18:38:58+00:00\",\"dateModified\":\"2026-03-22T12:48:25+00:00\",\"description\":\"Aleks M - Pomlad v bli\u017eini kraja Rupa - 100% hand-painted painting on canvas. Wall art, abstract paintings, reproduction of famous painting and custom paintings made by order.\",\"breadcrumb\":{\"@id\":\"https:\/\/svetslik.si\/en\/aleks-m\/aleks-m-pomlad-v-blizini-kraja-rupa\/#breadcrumb\"},\"inLanguage\":\"en-US\",\"potentialAction\":[{\"@type\":\"ReadAction\",\"target\":[\"https:\/\/svetslik.si\/en\/aleks-m\/aleks-m-pomlad-v-blizini-kraja-rupa\/\"]}]},{\"@type\":\"ImageObject\",\"inLanguage\":\"en-US\",\"@id\":\"https:\/\/svetslik.si\/en\/aleks-m\/aleks-m-pomlad-v-blizini-kraja-rupa\/#primaryimage\",\"url\":\"https:\/\/svetslik.si\/wp-content\/uploads\/2025\/12\/viber_image_2025-11-27_13-20-58-175.jpg\",\"contentUrl\":\"https:\/\/svetslik.si\/wp-content\/uploads\/2025\/12\/viber_image_2025-11-27_13-20-58-175.jpg\",\"width\":1600,\"height\":1133,\"caption\":\"Paintings - ZEN Stones (Copy) (Copy)\"},{\"@type\":\"BreadcrumbList\",\"@id\":\"https:\/\/svetslik.si\/en\/aleks-m\/aleks-m-pomlad-v-blizini-kraja-rupa\/#breadcrumb\",\"itemListElement\":[{\"@type\":\"ListItem\",\"position\":1,\"name\":\"Wall art and paintings on canvas\",\"item\":\"https:\/\/svetslik.si\/en\/\"},{\"@type\":\"ListItem\",\"position\":2,\"name\":\"Sale of paintings\",\"item\":\"https:\/\/svetslik.si\/prodaja-slik\/\"},{\"@type\":\"ListItem\",\"position\":3,\"name\":\"Aleks M &#8211; Pomlad v bli\u017eini kraja Rupa\"}]},{\"@type\":\"WebSite\",\"@id\":\"https:\/\/svetslik.si\/en\/#website\",\"url\":\"https:\/\/svetslik.si\/en\/\",\"name\":\"SVETSLIK.SI\",\"description\":\"100% ru\u010dno naslikane reprodukcije slika poznatih slikara in umjetni\u010dke zidne slike na platnu.\",\"publisher\":{\"@id\":\"https:\/\/svetslik.si\/en\/#organization\"},\"potentialAction\":[{\"@type\":\"SearchAction\",\"target\":{\"@type\":\"EntryPoint\",\"urlTemplate\":\"https:\/\/svetslik.si\/en\/?s={search_term_string}\"},\"query-input\":{\"@type\":\"PropertyValueSpecification\",\"valueRequired\":true,\"valueName\":\"search_term_string\"}}],\"inLanguage\":\"en-US\"},{\"@type\":\"Organization\",\"@id\":\"https:\/\/svetslik.si\/en\/#organization\",\"name\":\"SvetSlik.si\",\"url\":\"https:\/\/svetslik.si\/en\/\",\"logo\":{\"@type\":\"ImageObject\",\"inLanguage\":\"en-US\",\"@id\":\"https:\/\/svetslik.si\/en\/#\/schema\/logo\/image\/\",\"url\":\"https:\/\/svetslik.si\/wp-content\/uploads\/2020\/12\/logo-512.png\",\"contentUrl\":\"https:\/\/svetslik.si\/wp-content\/uploads\/2020\/12\/logo-512.png\",\"width\":512,\"height\":512,\"caption\":\"SvetSlik.si\"},\"image\":{\"@id\":\"https:\/\/svetslik.si\/en\/#\/schema\/logo\/image\/\"},\"sameAs\":[\"https:\/\/www.facebook.com\/svetslik.si\",\"https:\/\/x.com\/svetslik\",\"https:\/\/www.instagram.com\/svetslik.si\/\",\"https:\/\/www.linkedin.com\/company\/svetslik-si\"]}]}<\/script>\n<meta property=\"og:availability\" content=\"backorder\" \/>\n<meta property=\"product:availability\" content=\"available for order\" \/>\n<meta property=\"product:retailer_item_id\" content=\"649__-1-1-1\" \/>\n<meta property=\"product:condition\" content=\"new\" \/>\n<!-- \/ Yoast SEO Premium plugin. -->","yoast_head_json":{"title":"Aleks M - Pomlad v bli\u017eini kraja Rupa - SVETSLIK.SI - 100% hand painted","description":"Aleks M - Pomlad v bli\u017eini kraja Rupa - 100% hand-painted painting on canvas. Wall art, abstract paintings, reproduction of famous painting and custom paintings made by order.","robots":{"index":"index","follow":"follow","max-snippet":"max-snippet:-1","max-image-preview":"max-image-preview:large","max-video-preview":"max-video-preview:-1"},"canonical":"https:\/\/svetslik.si\/en\/aleks-m\/aleks-m-pomlad-v-blizini-kraja-rupa\/","og_locale":"en_US","og_type":"article","og_title":"Aleks M - Pomlad v bli\u017eini kraja Rupa","og_description":"100% ro\u010dno naslikane slike na platnu, reprodukcije znanih slikarjev in umetni\u0161ke slike po naro\u010dilu.","og_url":"https:\/\/svetslik.si\/en\/aleks-m\/aleks-m-pomlad-v-blizini-kraja-rupa\/","og_site_name":"SVETSLIK.SI","article_publisher":"https:\/\/www.facebook.com\/svetslik.si","article_modified_time":"2026-03-22T12:48:25+00:00","og_image":[{"width":1600,"height":1133,"url":"https:\/\/svetslik.si\/wp-content\/uploads\/2025\/12\/viber_image_2025-11-27_13-20-58-175.jpg","type":"image\/jpeg"}],"twitter_card":"summary_large_image","twitter_site":"@svetslik","twitter_misc":{"Availability":"On backorder"},"schema":{"@context":"https:\/\/schema.org","@graph":[{"@type":["WebPage","ItemPage"],"@id":"https:\/\/svetslik.si\/en\/aleks-m\/aleks-m-pomlad-v-blizini-kraja-rupa\/","url":"https:\/\/svetslik.si\/en\/aleks-m\/aleks-m-pomlad-v-blizini-kraja-rupa\/","name":"Aleks M - Pomlad v bli\u017eini kraja Rupa - SVETSLIK.SI - 100% hand painted","isPartOf":{"@id":"https:\/\/svetslik.si\/en\/#website"},"primaryImageOfPage":{"@id":"https:\/\/svetslik.si\/en\/aleks-m\/aleks-m-pomlad-v-blizini-kraja-rupa\/#primaryimage"},"image":{"@id":"https:\/\/svetslik.si\/en\/aleks-m\/aleks-m-pomlad-v-blizini-kraja-rupa\/#primaryimage"},"thumbnailUrl":"https:\/\/svetslik.si\/wp-content\/uploads\/2025\/12\/viber_image_2025-11-27_13-20-58-175.jpg","datePublished":"2025-12-13T18:38:58+00:00","dateModified":"2026-03-22T12:48:25+00:00","description":"Aleks M - Pomlad v bli\u017eini kraja Rupa - 100% hand-painted painting on canvas. Wall art, abstract paintings, reproduction of famous painting and custom paintings made by order.","breadcrumb":{"@id":"https:\/\/svetslik.si\/en\/aleks-m\/aleks-m-pomlad-v-blizini-kraja-rupa\/#breadcrumb"},"inLanguage":"en-US","potentialAction":[{"@type":"ReadAction","target":["https:\/\/svetslik.si\/en\/aleks-m\/aleks-m-pomlad-v-blizini-kraja-rupa\/"]}]},{"@type":"ImageObject","inLanguage":"en-US","@id":"https:\/\/svetslik.si\/en\/aleks-m\/aleks-m-pomlad-v-blizini-kraja-rupa\/#primaryimage","url":"https:\/\/svetslik.si\/wp-content\/uploads\/2025\/12\/viber_image_2025-11-27_13-20-58-175.jpg","contentUrl":"https:\/\/svetslik.si\/wp-content\/uploads\/2025\/12\/viber_image_2025-11-27_13-20-58-175.jpg","width":1600,"height":1133,"caption":"Paintings - ZEN Stones (Copy) (Copy)"},{"@type":"BreadcrumbList","@id":"https:\/\/svetslik.si\/en\/aleks-m\/aleks-m-pomlad-v-blizini-kraja-rupa\/#breadcrumb","itemListElement":[{"@type":"ListItem","position":1,"name":"Wall art and paintings on canvas","item":"https:\/\/svetslik.si\/en\/"},{"@type":"ListItem","position":2,"name":"Sale of paintings","item":"https:\/\/svetslik.si\/prodaja-slik\/"},{"@type":"ListItem","position":3,"name":"Aleks M &#8211; Pomlad v bli\u017eini kraja Rupa"}]},{"@type":"WebSite","@id":"https:\/\/svetslik.si\/en\/#website","url":"https:\/\/svetslik.si\/en\/","name":"SVETSLIK.SI","description":"100% ru\u010dno naslikane reprodukcije slika poznatih slikara in umjetni\u010dke zidne slike na platnu.","publisher":{"@id":"https:\/\/svetslik.si\/en\/#organization"},"potentialAction":[{"@type":"SearchAction","target":{"@type":"EntryPoint","urlTemplate":"https:\/\/svetslik.si\/en\/?s={search_term_string}"},"query-input":{"@type":"PropertyValueSpecification","valueRequired":true,"valueName":"search_term_string"}}],"inLanguage":"en-US"},{"@type":"Organization","@id":"https:\/\/svetslik.si\/en\/#organization","name":"SvetSlik.si","url":"https:\/\/svetslik.si\/en\/","logo":{"@type":"ImageObject","inLanguage":"en-US","@id":"https:\/\/svetslik.si\/en\/#\/schema\/logo\/image\/","url":"https:\/\/svetslik.si\/wp-content\/uploads\/2020\/12\/logo-512.png","contentUrl":"https:\/\/svetslik.si\/wp-content\/uploads\/2020\/12\/logo-512.png","width":512,"height":512,"caption":"SvetSlik.si"},"image":{"@id":"https:\/\/svetslik.si\/en\/#\/schema\/logo\/image\/"},"sameAs":["https:\/\/www.facebook.com\/svetslik.si","https:\/\/x.com\/svetslik","https:\/\/www.instagram.com\/svetslik.si\/","https:\/\/www.linkedin.com\/company\/svetslik-si"]}]},"og_availability":"backorder","product_availability":"available for order","product_retailer_item_id":"649__-1-1-1","product_condition":"new"},"jetpack_sharing_enabled":true,"_links":{"self":[{"href":"https:\/\/svetslik.si\/en\/wp-json\/wp\/v2\/product\/113838","targetHints":{"allow":["GET"]}}],"collection":[{"href":"https:\/\/svetslik.si\/en\/wp-json\/wp\/v2\/product"}],"about":[{"href":"https:\/\/svetslik.si\/en\/wp-json\/wp\/v2\/types\/product"}],"wp:featuredmedia":[{"embeddable":true,"href":"https:\/\/svetslik.si\/en\/wp-json\/wp\/v2\/media\/113852"}],"wp:attachment":[{"href":"https:\/\/svetslik.si\/en\/wp-json\/wp\/v2\/media?parent=113838"}],"wp:term":[{"taxonomy":"product_brand","embeddable":true,"href":"https:\/\/svetslik.si\/en\/wp-json\/wp\/v2\/product_brand?post=113838"},{"taxonomy":"product_cat","embeddable":true,"href":"https:\/\/svetslik.si\/en\/wp-json\/wp\/v2\/product_cat?post=113838"},{"taxonomy":"product_tag","embeddable":true,"href":"https:\/\/svetslik.si\/en\/wp-json\/wp\/v2\/product_tag?post=113838"}],"curies":[{"name":"wp","href":"https:\/\/api.w.org\/{rel}","templated":true}]}}