{"id":117071,"date":"2026-03-21T12:22:41","date_gmt":"2026-03-21T11:22:41","guid":{"rendered":"https:\/\/svetslik.si\/?post_type=product&#038;p=117071"},"modified":"2026-03-21T12:27:57","modified_gmt":"2026-03-21T11:27:57","slug":"paintings-on-canvas-e422","status":"publish","type":"product","link":"https:\/\/svetslik.si\/en\/wall-art-paintings-on-canvas-single-panel\/paintings-on-canvas-e422\/","title":{"rendered":"Paintings on canvas &#8211; E422"},"content":{"rendered":"<div class=\"wpb-content-wrapper\">[vc_row css=&#8221;.vc_custom_1774091421264{margin-bottom: 10px !important;}&#8221;][vc_column]\t<div class=\"et-image-250 et-image     et_image_link\">\n\t\t<div class=\"et-image-inner \">\n\t\t\t\t\t\t\t<div class=\"et-image-thumb \">\n\t\t\t\t\t<img decoding=\"async\" width=\"1500\" height=\"1401\" src=\"https:\/\/svetslik.si\/wp-content\/uploads\/2026\/03\/moderne-slike-E422.jpg\" class=\"attachment-full\" alt=\"Paintings on canvas - E422\" title=\"Paintings on canvas - E422\" srcset=\"https:\/\/svetslik.si\/wp-content\/uploads\/2026\/03\/moderne-slike-E422.jpg 1500w, https:\/\/svetslik.si\/wp-content\/uploads\/2026\/03\/moderne-slike-E422-300x280.jpg 300w, https:\/\/svetslik.si\/wp-content\/uploads\/2026\/03\/moderne-slike-E422-1024x956.jpg 1024w, https:\/\/svetslik.si\/wp-content\/uploads\/2026\/03\/moderne-slike-E422-768x717.jpg 768w, https:\/\/svetslik.si\/wp-content\/uploads\/2026\/03\/moderne-slike-E422-150x140.jpg 150w, https:\/\/svetslik.si\/wp-content\/uploads\/2026\/03\/moderne-slike-E422-600x560.jpg 600w, https:\/\/svetslik.si\/wp-content\/uploads\/2026\/03\/moderne-slike-E422-1200x1121.jpg 1200w\" sizes=\"(max-width: 1500px) 100vw, 1500px\" \/>\t\t\t\t<\/div>\n\t\t\t\t\t\t\t\t\t\t\t<\/div>\n\t<\/div>\n  [\/vc_column][\/vc_row][vc_row css=&#8221;.vc_custom_1774091421264{margin-bottom: 10px !important;}&#8221;][vc_column]\t<div class=\"et-image-408 et-image     et_image_link\">\n\t\t<div class=\"et-image-inner \">\n\t\t\t\t\t\t\t<div class=\"et-image-thumb \">\n\t\t\t\t\t<img decoding=\"async\" width=\"1500\" height=\"1539\" src=\"https:\/\/svetslik.si\/wp-content\/uploads\/2026\/03\/moderne-slike-E422v.jpg\" class=\"attachment-full\" alt=\"Paintings on canvas - E422\" title=\"Paintings on canvas - E422\" srcset=\"https:\/\/svetslik.si\/wp-content\/uploads\/2026\/03\/moderne-slike-E422v.jpg 1500w, https:\/\/svetslik.si\/wp-content\/uploads\/2026\/03\/moderne-slike-E422v-292x300.jpg 292w, https:\/\/svetslik.si\/wp-content\/uploads\/2026\/03\/moderne-slike-E422v-998x1024.jpg 998w, https:\/\/svetslik.si\/wp-content\/uploads\/2026\/03\/moderne-slike-E422v-768x788.jpg 768w, https:\/\/svetslik.si\/wp-content\/uploads\/2026\/03\/moderne-slike-E422v-1497x1536.jpg 1497w, https:\/\/svetslik.si\/wp-content\/uploads\/2026\/03\/moderne-slike-E422v-146x150.jpg 146w, https:\/\/svetslik.si\/wp-content\/uploads\/2026\/03\/moderne-slike-E422v-600x616.jpg 600w, https:\/\/svetslik.si\/wp-content\/uploads\/2026\/03\/moderne-slike-E422v-1200x1231.jpg 1200w\" sizes=\"(max-width: 1500px) 100vw, 1500px\" \/>\t\t\t\t<\/div>\n\t\t\t\t\t\t\t\t\t\t\t<\/div>\n\t<\/div>\n  [\/vc_column][\/vc_row][vc_row css=&#8221;.vc_custom_1774091421264{margin-bottom: 10px !important;}&#8221;][vc_column]\t<div class=\"et-image-704 et-image     et_image_link\">\n\t\t<div class=\"et-image-inner \">\n\t\t\t\t\t\t\t<div class=\"et-image-thumb \">\n\t\t\t\t\t<img decoding=\"async\" width=\"1500\" height=\"1816\" src=\"https:\/\/svetslik.si\/wp-content\/uploads\/2026\/03\/moderne-slike-E422-c.jpg\" class=\"attachment-full\" alt=\"Paintings on canvas - E422\" title=\"Paintings on canvas - E422\" srcset=\"https:\/\/svetslik.si\/wp-content\/uploads\/2026\/03\/moderne-slike-E422-c.jpg 1500w, https:\/\/svetslik.si\/wp-content\/uploads\/2026\/03\/moderne-slike-E422-c-248x300.jpg 248w, https:\/\/svetslik.si\/wp-content\/uploads\/2026\/03\/moderne-slike-E422-c-846x1024.jpg 846w, https:\/\/svetslik.si\/wp-content\/uploads\/2026\/03\/moderne-slike-E422-c-768x930.jpg 768w, https:\/\/svetslik.si\/wp-content\/uploads\/2026\/03\/moderne-slike-E422-c-1269x1536.jpg 1269w, https:\/\/svetslik.si\/wp-content\/uploads\/2026\/03\/moderne-slike-E422-c-124x150.jpg 124w, https:\/\/svetslik.si\/wp-content\/uploads\/2026\/03\/moderne-slike-E422-c-600x726.jpg 600w, https:\/\/svetslik.si\/wp-content\/uploads\/2026\/03\/moderne-slike-E422-c-1200x1453.jpg 1200w\" sizes=\"(max-width: 1500px) 100vw, 1500px\" \/>\t\t\t\t<\/div>\n\t\t\t\t\t\t\t\t\t\t\t<\/div>\n\t<\/div>\n  [\/vc_column][\/vc_row][vc_row css=&#8221;.vc_custom_1774091421264{margin-bottom: 10px !important;}&#8221;][vc_column]\t<div class=\"et-image-581 et-image     et_image_link\">\n\t\t<div class=\"et-image-inner \">\n\t\t\t\t\t\t\t<div class=\"et-image-thumb \">\n\t\t\t\t\t<img decoding=\"async\" width=\"1500\" height=\"1125\" src=\"https:\/\/svetslik.si\/wp-content\/uploads\/2026\/03\/moderne-slike-E422r.webp\" class=\"attachment-full\" alt=\"Paintings on canvas - E422\" title=\"Paintings on canvas - E422\" srcset=\"https:\/\/svetslik.si\/wp-content\/uploads\/2026\/03\/moderne-slike-E422r.webp 1500w, https:\/\/svetslik.si\/wp-content\/uploads\/2026\/03\/moderne-slike-E422r-300x225.webp 300w, https:\/\/svetslik.si\/wp-content\/uploads\/2026\/03\/moderne-slike-E422r-1024x768.webp 1024w, https:\/\/svetslik.si\/wp-content\/uploads\/2026\/03\/moderne-slike-E422r-768x576.webp 768w, https:\/\/svetslik.si\/wp-content\/uploads\/2026\/03\/moderne-slike-E422r-150x113.webp 150w, https:\/\/svetslik.si\/wp-content\/uploads\/2026\/03\/moderne-slike-E422r-600x450.webp 600w, https:\/\/svetslik.si\/wp-content\/uploads\/2026\/03\/moderne-slike-E422r-1200x900.webp 1200w\" sizes=\"(max-width: 1500px) 100vw, 1500px\" \/>\t\t\t\t<\/div>\n\t\t\t\t\t\t\t\t\t\t\t<\/div>\n\t<\/div>\n  [\/vc_column][\/vc_row]\n<\/div>","protected":false},"excerpt":{"rendered":"<p>[vc_row css=&#8221;.vc_custom_1774091421264{margin-bottom: 10px !important;}&#8221;][vc_column][\/vc_column][\/vc_row][vc_row css=&#8221;.vc_custom_1774091421264{margin-bottom: 10px !important;}&#8221;][vc_column][\/vc_column][\/vc_row][vc_row css=&#8221;.vc_custom_1774091421264{margin-bottom: 10px !important;}&#8221;][vc_column][\/vc_column][\/vc_row][vc_row css=&#8221;.vc_custom_1774091421264{margin-bottom: 10px !important;}&#8221;][vc_column][\/vc_column][\/vc_row]<\/p>\n","protected":false},"featured_media":117113,"template":"","meta":{"_acf_changed":false},"product_brand":[],"product_cat":[9818],"product_tag":[9825,9847,9833,9876,9882,9872,9874,9859,9878,9873,9871,9879],"class_list":{"0":"post-117071","1":"product","2":"type-product","3":"status-publish","4":"has-post-thumbnail","6":"product_cat-wall-art-paintings-on-canvas-single-panel","7":"product_tag-abstract-wall-art","8":"product_tag-modern-paintings","9":"product_tag-modern-wall-art","10":"product_tag-online-gallery","11":"product_tag-paintings","12":"product_tag-paintings-for-livingroom","13":"product_tag-paintings-for-the-living-room","14":"product_tag-sale-of-paintings","15":"product_tag-wall-art-en","16":"product_tag-wall-art","17":"product_tag-wall-art-on-canvas","18":"product_tag-wall-artwork","19":"pa_dimenzija-100-x-100-cm-en","20":"pa_dimenzija-120-x-120-cm-en","21":"pa_dimenzija-150-x-150-cm-en","22":"pa_dimenzija-200-x-200-cm-en","23":"pa_dimenzija-50-x-50-cm-en","24":"pa_dimenzija-60-x-60-cm-en","25":"pa_dimenzija-70-x-70-cm-en","26":"pa_dimenzija-80-x-80-cm-en","27":"pa_oblika-square","28":"pa_okvir-without-frame","29":"pa_podokvir-without","30":"pa_podokvir-yes","32":"first","33":"onbackorder","34":"purchasable","35":"product-type-variable","36":"has-default-attributes"},"acf":[],"yoast_head":"<!-- This site is optimized with the Yoast SEO Premium plugin v26.0 (Yoast SEO v27.2) - https:\/\/yoast.com\/product\/yoast-seo-premium-wordpress\/ -->\n<title>Paintings on canvas - E422 - SVETSLIK.SI - 100% hand painted<\/title>\n<meta name=\"description\" content=\"Paintings on canvas - E422 - 100% hand-painted painting on canvas. Wall art, abstract paintings, reproduction of famous painting and custom paintings made by order.\" \/>\n<meta name=\"robots\" content=\"index, follow, max-snippet:-1, max-image-preview:large, max-video-preview:-1\" \/>\n<link rel=\"canonical\" href=\"https:\/\/svetslik.si\/en\/wall-art-paintings-on-canvas-single-panel\/paintings-on-canvas-e422\/\" \/>\n<meta property=\"og:locale\" content=\"en_US\" \/>\n<meta property=\"og:type\" content=\"article\" \/>\n<meta property=\"og:title\" content=\"Paintings on canvas - E422\" \/>\n<meta property=\"og:description\" content=\"100% ro\u010dno naslikane slike na platnu, reprodukcije znanih slikarjev in umetni\u0161ke slike po naro\u010dilu.\" \/>\n<meta property=\"og:url\" content=\"https:\/\/svetslik.si\/en\/wall-art-paintings-on-canvas-single-panel\/paintings-on-canvas-e422\/\" \/>\n<meta property=\"og:site_name\" content=\"SVETSLIK.SI\" \/>\n<meta property=\"article:publisher\" content=\"https:\/\/www.facebook.com\/svetslik.si\" \/>\n<meta property=\"article:modified_time\" content=\"2026-03-21T11:27:57+00:00\" \/>\n<meta property=\"og:image\" content=\"https:\/\/svetslik.si\/wp-content\/uploads\/2026\/03\/moderne-slike-E422.webp\" \/>\n\t<meta property=\"og:image:width\" content=\"1500\" \/>\n\t<meta property=\"og:image:height\" content=\"1484\" \/>\n\t<meta property=\"og:image:type\" content=\"image\/webp\" \/>\n<meta name=\"twitter:card\" content=\"summary_large_image\" \/>\n<meta name=\"twitter:site\" content=\"@svetslik\" \/>\n<meta name=\"twitter:label1\" content=\"Availability\" \/>\n\t<meta name=\"twitter:data1\" content=\"On backorder\" \/>\n<script type=\"application\/ld+json\" class=\"yoast-schema-graph\">{\"@context\":\"https:\/\/schema.org\",\"@graph\":[{\"@type\":[\"WebPage\",\"ItemPage\"],\"@id\":\"https:\/\/svetslik.si\/en\/wall-art-paintings-on-canvas-single-panel\/paintings-on-canvas-e422\/\",\"url\":\"https:\/\/svetslik.si\/en\/wall-art-paintings-on-canvas-single-panel\/paintings-on-canvas-e422\/\",\"name\":\"Paintings on canvas - E422 - SVETSLIK.SI - 100% hand painted\",\"isPartOf\":{\"@id\":\"https:\/\/svetslik.si\/en\/#website\"},\"primaryImageOfPage\":{\"@id\":\"https:\/\/svetslik.si\/en\/wall-art-paintings-on-canvas-single-panel\/paintings-on-canvas-e422\/#primaryimage\"},\"image\":{\"@id\":\"https:\/\/svetslik.si\/en\/wall-art-paintings-on-canvas-single-panel\/paintings-on-canvas-e422\/#primaryimage\"},\"thumbnailUrl\":\"https:\/\/svetslik.si\/wp-content\/uploads\/2026\/03\/moderne-slike-E422.webp\",\"datePublished\":\"2026-03-21T11:22:41+00:00\",\"dateModified\":\"2026-03-21T11:27:57+00:00\",\"description\":\"Paintings on canvas - E422 - 100% hand-painted painting on canvas. Wall art, abstract paintings, reproduction of famous painting and custom paintings made by order.\",\"breadcrumb\":{\"@id\":\"https:\/\/svetslik.si\/en\/wall-art-paintings-on-canvas-single-panel\/paintings-on-canvas-e422\/#breadcrumb\"},\"inLanguage\":\"en-US\",\"potentialAction\":[{\"@type\":\"ReadAction\",\"target\":[\"https:\/\/svetslik.si\/en\/wall-art-paintings-on-canvas-single-panel\/paintings-on-canvas-e422\/\"]}]},{\"@type\":\"ImageObject\",\"inLanguage\":\"en-US\",\"@id\":\"https:\/\/svetslik.si\/en\/wall-art-paintings-on-canvas-single-panel\/paintings-on-canvas-e422\/#primaryimage\",\"url\":\"https:\/\/svetslik.si\/wp-content\/uploads\/2026\/03\/moderne-slike-E422.webp\",\"contentUrl\":\"https:\/\/svetslik.si\/wp-content\/uploads\/2026\/03\/moderne-slike-E422.webp\",\"width\":1500,\"height\":1484,\"caption\":\"Paintings on canvas - E422\"},{\"@type\":\"BreadcrumbList\",\"@id\":\"https:\/\/svetslik.si\/en\/wall-art-paintings-on-canvas-single-panel\/paintings-on-canvas-e422\/#breadcrumb\",\"itemListElement\":[{\"@type\":\"ListItem\",\"position\":1,\"name\":\"Wall art and paintings on canvas\",\"item\":\"https:\/\/svetslik.si\/en\/\"},{\"@type\":\"ListItem\",\"position\":2,\"name\":\"Sale of paintings\",\"item\":\"https:\/\/svetslik.si\/prodaja-slik\/\"},{\"@type\":\"ListItem\",\"position\":3,\"name\":\"Paintings on canvas &#8211; E422\"}]},{\"@type\":\"WebSite\",\"@id\":\"https:\/\/svetslik.si\/en\/#website\",\"url\":\"https:\/\/svetslik.si\/en\/\",\"name\":\"SVETSLIK.SI\",\"description\":\"100% ru\u010dno naslikane reprodukcije slika poznatih slikara in umjetni\u010dke zidne slike na platnu.\",\"publisher\":{\"@id\":\"https:\/\/svetslik.si\/en\/#organization\"},\"potentialAction\":[{\"@type\":\"SearchAction\",\"target\":{\"@type\":\"EntryPoint\",\"urlTemplate\":\"https:\/\/svetslik.si\/en\/?s={search_term_string}\"},\"query-input\":{\"@type\":\"PropertyValueSpecification\",\"valueRequired\":true,\"valueName\":\"search_term_string\"}}],\"inLanguage\":\"en-US\"},{\"@type\":\"Organization\",\"@id\":\"https:\/\/svetslik.si\/en\/#organization\",\"name\":\"SvetSlik.si\",\"url\":\"https:\/\/svetslik.si\/en\/\",\"logo\":{\"@type\":\"ImageObject\",\"inLanguage\":\"en-US\",\"@id\":\"https:\/\/svetslik.si\/en\/#\/schema\/logo\/image\/\",\"url\":\"https:\/\/svetslik.si\/wp-content\/uploads\/2020\/12\/logo-512.png\",\"contentUrl\":\"https:\/\/svetslik.si\/wp-content\/uploads\/2020\/12\/logo-512.png\",\"width\":512,\"height\":512,\"caption\":\"SvetSlik.si\"},\"image\":{\"@id\":\"https:\/\/svetslik.si\/en\/#\/schema\/logo\/image\/\"},\"sameAs\":[\"https:\/\/www.facebook.com\/svetslik.si\",\"https:\/\/x.com\/svetslik\",\"https:\/\/www.instagram.com\/svetslik.si\/\",\"https:\/\/www.linkedin.com\/company\/svetslik-si\"]}]}<\/script>\n<meta property=\"og:availability\" content=\"backorder\" \/>\n<meta property=\"product:availability\" content=\"available for order\" \/>\n<meta property=\"product:retailer_item_id\" content=\"1162_g-165\" \/>\n<meta property=\"product:condition\" content=\"new\" \/>\n<!-- \/ Yoast SEO Premium plugin. -->","yoast_head_json":{"title":"Paintings on canvas - E422 - SVETSLIK.SI - 100% hand painted","description":"Paintings on canvas - E422 - 100% hand-painted painting on canvas. Wall art, abstract paintings, reproduction of famous painting and custom paintings made by order.","robots":{"index":"index","follow":"follow","max-snippet":"max-snippet:-1","max-image-preview":"max-image-preview:large","max-video-preview":"max-video-preview:-1"},"canonical":"https:\/\/svetslik.si\/en\/wall-art-paintings-on-canvas-single-panel\/paintings-on-canvas-e422\/","og_locale":"en_US","og_type":"article","og_title":"Paintings on canvas - E422","og_description":"100% ro\u010dno naslikane slike na platnu, reprodukcije znanih slikarjev in umetni\u0161ke slike po naro\u010dilu.","og_url":"https:\/\/svetslik.si\/en\/wall-art-paintings-on-canvas-single-panel\/paintings-on-canvas-e422\/","og_site_name":"SVETSLIK.SI","article_publisher":"https:\/\/www.facebook.com\/svetslik.si","article_modified_time":"2026-03-21T11:27:57+00:00","og_image":[{"width":1500,"height":1484,"url":"https:\/\/svetslik.si\/wp-content\/uploads\/2026\/03\/moderne-slike-E422.webp","type":"image\/webp"}],"twitter_card":"summary_large_image","twitter_site":"@svetslik","twitter_misc":{"Availability":"On backorder"},"schema":{"@context":"https:\/\/schema.org","@graph":[{"@type":["WebPage","ItemPage"],"@id":"https:\/\/svetslik.si\/en\/wall-art-paintings-on-canvas-single-panel\/paintings-on-canvas-e422\/","url":"https:\/\/svetslik.si\/en\/wall-art-paintings-on-canvas-single-panel\/paintings-on-canvas-e422\/","name":"Paintings on canvas - E422 - SVETSLIK.SI - 100% hand painted","isPartOf":{"@id":"https:\/\/svetslik.si\/en\/#website"},"primaryImageOfPage":{"@id":"https:\/\/svetslik.si\/en\/wall-art-paintings-on-canvas-single-panel\/paintings-on-canvas-e422\/#primaryimage"},"image":{"@id":"https:\/\/svetslik.si\/en\/wall-art-paintings-on-canvas-single-panel\/paintings-on-canvas-e422\/#primaryimage"},"thumbnailUrl":"https:\/\/svetslik.si\/wp-content\/uploads\/2026\/03\/moderne-slike-E422.webp","datePublished":"2026-03-21T11:22:41+00:00","dateModified":"2026-03-21T11:27:57+00:00","description":"Paintings on canvas - E422 - 100% hand-painted painting on canvas. Wall art, abstract paintings, reproduction of famous painting and custom paintings made by order.","breadcrumb":{"@id":"https:\/\/svetslik.si\/en\/wall-art-paintings-on-canvas-single-panel\/paintings-on-canvas-e422\/#breadcrumb"},"inLanguage":"en-US","potentialAction":[{"@type":"ReadAction","target":["https:\/\/svetslik.si\/en\/wall-art-paintings-on-canvas-single-panel\/paintings-on-canvas-e422\/"]}]},{"@type":"ImageObject","inLanguage":"en-US","@id":"https:\/\/svetslik.si\/en\/wall-art-paintings-on-canvas-single-panel\/paintings-on-canvas-e422\/#primaryimage","url":"https:\/\/svetslik.si\/wp-content\/uploads\/2026\/03\/moderne-slike-E422.webp","contentUrl":"https:\/\/svetslik.si\/wp-content\/uploads\/2026\/03\/moderne-slike-E422.webp","width":1500,"height":1484,"caption":"Paintings on canvas - E422"},{"@type":"BreadcrumbList","@id":"https:\/\/svetslik.si\/en\/wall-art-paintings-on-canvas-single-panel\/paintings-on-canvas-e422\/#breadcrumb","itemListElement":[{"@type":"ListItem","position":1,"name":"Wall art and paintings on canvas","item":"https:\/\/svetslik.si\/en\/"},{"@type":"ListItem","position":2,"name":"Sale of paintings","item":"https:\/\/svetslik.si\/prodaja-slik\/"},{"@type":"ListItem","position":3,"name":"Paintings on canvas &#8211; E422"}]},{"@type":"WebSite","@id":"https:\/\/svetslik.si\/en\/#website","url":"https:\/\/svetslik.si\/en\/","name":"SVETSLIK.SI","description":"100% ru\u010dno naslikane reprodukcije slika poznatih slikara in umjetni\u010dke zidne slike na platnu.","publisher":{"@id":"https:\/\/svetslik.si\/en\/#organization"},"potentialAction":[{"@type":"SearchAction","target":{"@type":"EntryPoint","urlTemplate":"https:\/\/svetslik.si\/en\/?s={search_term_string}"},"query-input":{"@type":"PropertyValueSpecification","valueRequired":true,"valueName":"search_term_string"}}],"inLanguage":"en-US"},{"@type":"Organization","@id":"https:\/\/svetslik.si\/en\/#organization","name":"SvetSlik.si","url":"https:\/\/svetslik.si\/en\/","logo":{"@type":"ImageObject","inLanguage":"en-US","@id":"https:\/\/svetslik.si\/en\/#\/schema\/logo\/image\/","url":"https:\/\/svetslik.si\/wp-content\/uploads\/2020\/12\/logo-512.png","contentUrl":"https:\/\/svetslik.si\/wp-content\/uploads\/2020\/12\/logo-512.png","width":512,"height":512,"caption":"SvetSlik.si"},"image":{"@id":"https:\/\/svetslik.si\/en\/#\/schema\/logo\/image\/"},"sameAs":["https:\/\/www.facebook.com\/svetslik.si","https:\/\/x.com\/svetslik","https:\/\/www.instagram.com\/svetslik.si\/","https:\/\/www.linkedin.com\/company\/svetslik-si"]}]},"og_availability":"backorder","product_availability":"available for order","product_retailer_item_id":"1162_g-165","product_condition":"new"},"jetpack_sharing_enabled":true,"_links":{"self":[{"href":"https:\/\/svetslik.si\/en\/wp-json\/wp\/v2\/product\/117071","targetHints":{"allow":["GET"]}}],"collection":[{"href":"https:\/\/svetslik.si\/en\/wp-json\/wp\/v2\/product"}],"about":[{"href":"https:\/\/svetslik.si\/en\/wp-json\/wp\/v2\/types\/product"}],"wp:featuredmedia":[{"embeddable":true,"href":"https:\/\/svetslik.si\/en\/wp-json\/wp\/v2\/media\/117113"}],"wp:attachment":[{"href":"https:\/\/svetslik.si\/en\/wp-json\/wp\/v2\/media?parent=117071"}],"wp:term":[{"taxonomy":"product_brand","embeddable":true,"href":"https:\/\/svetslik.si\/en\/wp-json\/wp\/v2\/product_brand?post=117071"},{"taxonomy":"product_cat","embeddable":true,"href":"https:\/\/svetslik.si\/en\/wp-json\/wp\/v2\/product_cat?post=117071"},{"taxonomy":"product_tag","embeddable":true,"href":"https:\/\/svetslik.si\/en\/wp-json\/wp\/v2\/product_tag?post=117071"}],"curies":[{"name":"wp","href":"https:\/\/api.w.org\/{rel}","templated":true}]}}