{"id":11708,"date":"2021-09-03T14:22:56","date_gmt":"2021-09-03T12:22:56","guid":{"rendered":"https:\/\/svetslik.erzo.eu\/product\/umetniska-slika-ivane-kobilice-kofetarica\/"},"modified":"2026-03-22T17:41:54","modified_gmt":"2026-03-22T16:41:54","slug":"umetniska-slika-ivane-kobilice-kofetarica","status":"publish","type":"product","link":"https:\/\/svetslik.si\/en\/ik1-en\/umetniska-slika-ivane-kobilice-kofetarica\/","title":{"rendered":"Umetni\u0161ka slika Ivane Kobilice Kofetarica"},"content":{"rendered":"<p>&nbsp;<\/p>\n<table style=\"width: 673px;\" border=\"0\" width=\"673\" cellspacing=\"0\" cellpadding=\"0\">\n<tbody>\n<tr>\n<td style=\"width: 180px; height: 21px;\" height=\"21\">Leto nastanka:<\/td>\n<td style=\"width: 493px;\">1888<\/td>\n<\/tr>\n<tr>\n<td style=\"width: 180px; height: 21px;\" height=\"21\">Originalna velikost:<\/td>\n<td style=\"width: 493px;\">70 cm x 100 cm<\/td>\n<\/tr>\n<tr>\n<td style=\"width: 180px; height: 21px;\" height=\"21\">Slikarski slog:<\/td>\n<td style=\"width: 493px;\">Realizem<\/td>\n<\/tr>\n<tr>\n<td style=\"width: 180px; height: 21px;\" height=\"21\">Originalna tehnika:<\/td>\n<td>Olje na platno<\/td>\n<\/tr>\n<tr>\n<td style=\"width: 180px; height: 21px;\" height=\"21\">Nahaja se:<\/td>\n<td>Narodna galerija Ljubljana<\/td>\n<\/tr>\n<\/tbody>\n<colgroup>\n<col \/>\n<col \/> <\/colgroup>\n<\/table>\n","protected":false},"excerpt":{"rendered":"<p>&nbsp; Leto nastanka: 1888 Originalna velikost: 70 cm x 100 cm Slikarski slog: Realizem Originalna tehnika: Olje na platno Nahaja se: Narodna galerija Ljubljana<\/p>\n","protected":false},"featured_media":3557,"template":"","meta":{"_acf_changed":false},"product_brand":[],"product_cat":[164],"product_tag":[],"class_list":{"0":"post-11708","1":"product","2":"type-product","3":"status-publish","4":"has-post-thumbnail","6":"product_cat-ik1","7":"pa_dimenzija-50-x-80-cm","8":"pa_oblika-pokoncna","9":"pa_okvir-006-af","10":"pa_okvir-brez-okvirja","11":"pa_okvir-siena-oro","12":"pa_podokvir-da","13":"pa_podokvir-ne","15":"first","16":"onbackorder","17":"purchasable","18":"product-type-variable","19":"has-default-attributes"},"acf":[],"yoast_head":"<!-- This site is optimized with the Yoast SEO Premium plugin v26.0 (Yoast SEO v27.2) - https:\/\/yoast.com\/product\/yoast-seo-premium-wordpress\/ -->\n<title>Umetni\u0161ka slika Ivane Kobilice Kofetarica - SVETSLIK.SI<\/title>\n<meta name=\"description\" content=\"Umetni\u0161ka slika Ivane Kobilice Kofetarica - 100 % ro\u010dno naslikane reprodukcije umetni\u0161ke stenske slike na platnu. Okvirjanje slik, prodaja in izdelava dimenzij po naro\u010dilu.\" \/>\n<meta name=\"robots\" content=\"index, follow, max-snippet:-1, max-image-preview:large, max-video-preview:-1\" \/>\n<link rel=\"canonical\" href=\"https:\/\/svetslik.si\/en\/ik1-en\/umetniska-slika-ivane-kobilice-kofetarica\/\" \/>\n<meta property=\"og:locale\" content=\"en_US\" \/>\n<meta property=\"og:type\" content=\"article\" \/>\n<meta property=\"og:title\" content=\"Umetni\u0161ka slika Ivane Kobilice Kofetarica\" \/>\n<meta property=\"og:description\" content=\"100% ro\u010dno naslikane slike na platnu, reprodukcije znanih slikarjev in umetni\u0161ke slike po naro\u010dilu.\" \/>\n<meta property=\"og:url\" content=\"https:\/\/svetslik.si\/en\/ik1-en\/umetniska-slika-ivane-kobilice-kofetarica\/\" \/>\n<meta property=\"og:site_name\" content=\"SVETSLIK.SI\" \/>\n<meta property=\"article:publisher\" content=\"https:\/\/www.facebook.com\/svetslik.si\" \/>\n<meta property=\"article:modified_time\" content=\"2026-03-22T16:41:54+00:00\" \/>\n<meta property=\"og:image\" content=\"https:\/\/svetslik.si\/wp-content\/uploads\/2021\/08\/image_Umetniska-slika-Ivane-Kobilice-Kofetarica_680-scaled.jpg\" \/>\n\t<meta property=\"og:image:width\" content=\"1806\" \/>\n\t<meta property=\"og:image:height\" content=\"2560\" \/>\n\t<meta property=\"og:image:type\" content=\"image\/jpeg\" \/>\n<meta name=\"twitter:card\" content=\"summary_large_image\" \/>\n<meta name=\"twitter:site\" content=\"@svetslik\" \/>\n<meta name=\"twitter:label1\" content=\"Availability\" \/>\n\t<meta name=\"twitter:data1\" content=\"On backorder\" \/>\n<script type=\"application\/ld+json\" class=\"yoast-schema-graph\">{\"@context\":\"https:\/\/schema.org\",\"@graph\":[{\"@type\":[\"WebPage\",\"ItemPage\"],\"@id\":\"https:\/\/svetslik.si\/en\/ik1-en\/umetniska-slika-ivane-kobilice-kofetarica\/\",\"url\":\"https:\/\/svetslik.si\/en\/ik1-en\/umetniska-slika-ivane-kobilice-kofetarica\/\",\"name\":\"Umetni\u0161ka slika Ivane Kobilice Kofetarica - SVETSLIK.SI\",\"isPartOf\":{\"@id\":\"https:\/\/svetslik.si\/en\/#website\"},\"primaryImageOfPage\":{\"@id\":\"https:\/\/svetslik.si\/en\/ik1-en\/umetniska-slika-ivane-kobilice-kofetarica\/#primaryimage\"},\"image\":{\"@id\":\"https:\/\/svetslik.si\/en\/ik1-en\/umetniska-slika-ivane-kobilice-kofetarica\/#primaryimage\"},\"thumbnailUrl\":\"https:\/\/svetslik.si\/wp-content\/uploads\/2021\/08\/image_Umetniska-slika-Ivane-Kobilice-Kofetarica_680-scaled.jpg\",\"datePublished\":\"2021-09-03T12:22:56+00:00\",\"dateModified\":\"2026-03-22T16:41:54+00:00\",\"description\":\"Umetni\u0161ka slika Ivane Kobilice Kofetarica - 100 % ro\u010dno naslikane reprodukcije umetni\u0161ke stenske slike na platnu. Okvirjanje slik, prodaja in izdelava dimenzij po naro\u010dilu.\",\"breadcrumb\":{\"@id\":\"https:\/\/svetslik.si\/en\/ik1-en\/umetniska-slika-ivane-kobilice-kofetarica\/#breadcrumb\"},\"inLanguage\":\"en-US\",\"potentialAction\":[{\"@type\":\"ReadAction\",\"target\":[\"https:\/\/svetslik.si\/en\/ik1-en\/umetniska-slika-ivane-kobilice-kofetarica\/\"]}]},{\"@type\":\"ImageObject\",\"inLanguage\":\"en-US\",\"@id\":\"https:\/\/svetslik.si\/en\/ik1-en\/umetniska-slika-ivane-kobilice-kofetarica\/#primaryimage\",\"url\":\"https:\/\/svetslik.si\/wp-content\/uploads\/2021\/08\/image_Umetniska-slika-Ivane-Kobilice-Kofetarica_680-scaled.jpg\",\"contentUrl\":\"https:\/\/svetslik.si\/wp-content\/uploads\/2021\/08\/image_Umetniska-slika-Ivane-Kobilice-Kofetarica_680-scaled.jpg\",\"width\":1806,\"height\":2560,\"caption\":\"\"},{\"@type\":\"BreadcrumbList\",\"@id\":\"https:\/\/svetslik.si\/en\/ik1-en\/umetniska-slika-ivane-kobilice-kofetarica\/#breadcrumb\",\"itemListElement\":[{\"@type\":\"ListItem\",\"position\":1,\"name\":\"Wall art and paintings on canvas\",\"item\":\"https:\/\/svetslik.si\/en\/\"},{\"@type\":\"ListItem\",\"position\":2,\"name\":\"Sale of paintings\",\"item\":\"https:\/\/svetslik.si\/prodaja-slik\/\"},{\"@type\":\"ListItem\",\"position\":3,\"name\":\"Umetni\u0161ka slika Ivane Kobilice Kofetarica\"}]},{\"@type\":\"WebSite\",\"@id\":\"https:\/\/svetslik.si\/en\/#website\",\"url\":\"https:\/\/svetslik.si\/en\/\",\"name\":\"SVETSLIK.SI\",\"description\":\"100% ru\u010dno naslikane reprodukcije slika poznatih slikara in umjetni\u010dke zidne slike na platnu.\",\"publisher\":{\"@id\":\"https:\/\/svetslik.si\/en\/#organization\"},\"potentialAction\":[{\"@type\":\"SearchAction\",\"target\":{\"@type\":\"EntryPoint\",\"urlTemplate\":\"https:\/\/svetslik.si\/en\/?s={search_term_string}\"},\"query-input\":{\"@type\":\"PropertyValueSpecification\",\"valueRequired\":true,\"valueName\":\"search_term_string\"}}],\"inLanguage\":\"en-US\"},{\"@type\":\"Organization\",\"@id\":\"https:\/\/svetslik.si\/en\/#organization\",\"name\":\"SvetSlik.si\",\"url\":\"https:\/\/svetslik.si\/en\/\",\"logo\":{\"@type\":\"ImageObject\",\"inLanguage\":\"en-US\",\"@id\":\"https:\/\/svetslik.si\/en\/#\/schema\/logo\/image\/\",\"url\":\"https:\/\/svetslik.si\/wp-content\/uploads\/2020\/12\/logo-512.png\",\"contentUrl\":\"https:\/\/svetslik.si\/wp-content\/uploads\/2020\/12\/logo-512.png\",\"width\":512,\"height\":512,\"caption\":\"SvetSlik.si\"},\"image\":{\"@id\":\"https:\/\/svetslik.si\/en\/#\/schema\/logo\/image\/\"},\"sameAs\":[\"https:\/\/www.facebook.com\/svetslik.si\",\"https:\/\/x.com\/svetslik\",\"https:\/\/www.instagram.com\/svetslik.si\/\",\"https:\/\/www.linkedin.com\/company\/svetslik-si\"]}]}<\/script>\n<meta property=\"og:availability\" content=\"backorder\" \/>\n<meta property=\"product:availability\" content=\"available for order\" \/>\n<meta property=\"product:retailer_item_id\" content=\"159__\" \/>\n<meta property=\"product:condition\" content=\"new\" \/>\n<!-- \/ Yoast SEO Premium plugin. -->","yoast_head_json":{"title":"Umetni\u0161ka slika Ivane Kobilice Kofetarica - SVETSLIK.SI","description":"Umetni\u0161ka slika Ivane Kobilice Kofetarica - 100 % ro\u010dno naslikane reprodukcije umetni\u0161ke stenske slike na platnu. Okvirjanje slik, prodaja in izdelava dimenzij po naro\u010dilu.","robots":{"index":"index","follow":"follow","max-snippet":"max-snippet:-1","max-image-preview":"max-image-preview:large","max-video-preview":"max-video-preview:-1"},"canonical":"https:\/\/svetslik.si\/en\/ik1-en\/umetniska-slika-ivane-kobilice-kofetarica\/","og_locale":"en_US","og_type":"article","og_title":"Umetni\u0161ka slika Ivane Kobilice Kofetarica","og_description":"100% ro\u010dno naslikane slike na platnu, reprodukcije znanih slikarjev in umetni\u0161ke slike po naro\u010dilu.","og_url":"https:\/\/svetslik.si\/en\/ik1-en\/umetniska-slika-ivane-kobilice-kofetarica\/","og_site_name":"SVETSLIK.SI","article_publisher":"https:\/\/www.facebook.com\/svetslik.si","article_modified_time":"2026-03-22T16:41:54+00:00","og_image":[{"width":1806,"height":2560,"url":"https:\/\/svetslik.si\/wp-content\/uploads\/2021\/08\/image_Umetniska-slika-Ivane-Kobilice-Kofetarica_680-scaled.jpg","type":"image\/jpeg"}],"twitter_card":"summary_large_image","twitter_site":"@svetslik","twitter_misc":{"Availability":"On backorder"},"schema":{"@context":"https:\/\/schema.org","@graph":[{"@type":["WebPage","ItemPage"],"@id":"https:\/\/svetslik.si\/en\/ik1-en\/umetniska-slika-ivane-kobilice-kofetarica\/","url":"https:\/\/svetslik.si\/en\/ik1-en\/umetniska-slika-ivane-kobilice-kofetarica\/","name":"Umetni\u0161ka slika Ivane Kobilice Kofetarica - SVETSLIK.SI","isPartOf":{"@id":"https:\/\/svetslik.si\/en\/#website"},"primaryImageOfPage":{"@id":"https:\/\/svetslik.si\/en\/ik1-en\/umetniska-slika-ivane-kobilice-kofetarica\/#primaryimage"},"image":{"@id":"https:\/\/svetslik.si\/en\/ik1-en\/umetniska-slika-ivane-kobilice-kofetarica\/#primaryimage"},"thumbnailUrl":"https:\/\/svetslik.si\/wp-content\/uploads\/2021\/08\/image_Umetniska-slika-Ivane-Kobilice-Kofetarica_680-scaled.jpg","datePublished":"2021-09-03T12:22:56+00:00","dateModified":"2026-03-22T16:41:54+00:00","description":"Umetni\u0161ka slika Ivane Kobilice Kofetarica - 100 % ro\u010dno naslikane reprodukcije umetni\u0161ke stenske slike na platnu. Okvirjanje slik, prodaja in izdelava dimenzij po naro\u010dilu.","breadcrumb":{"@id":"https:\/\/svetslik.si\/en\/ik1-en\/umetniska-slika-ivane-kobilice-kofetarica\/#breadcrumb"},"inLanguage":"en-US","potentialAction":[{"@type":"ReadAction","target":["https:\/\/svetslik.si\/en\/ik1-en\/umetniska-slika-ivane-kobilice-kofetarica\/"]}]},{"@type":"ImageObject","inLanguage":"en-US","@id":"https:\/\/svetslik.si\/en\/ik1-en\/umetniska-slika-ivane-kobilice-kofetarica\/#primaryimage","url":"https:\/\/svetslik.si\/wp-content\/uploads\/2021\/08\/image_Umetniska-slika-Ivane-Kobilice-Kofetarica_680-scaled.jpg","contentUrl":"https:\/\/svetslik.si\/wp-content\/uploads\/2021\/08\/image_Umetniska-slika-Ivane-Kobilice-Kofetarica_680-scaled.jpg","width":1806,"height":2560,"caption":""},{"@type":"BreadcrumbList","@id":"https:\/\/svetslik.si\/en\/ik1-en\/umetniska-slika-ivane-kobilice-kofetarica\/#breadcrumb","itemListElement":[{"@type":"ListItem","position":1,"name":"Wall art and paintings on canvas","item":"https:\/\/svetslik.si\/en\/"},{"@type":"ListItem","position":2,"name":"Sale of paintings","item":"https:\/\/svetslik.si\/prodaja-slik\/"},{"@type":"ListItem","position":3,"name":"Umetni\u0161ka slika Ivane Kobilice Kofetarica"}]},{"@type":"WebSite","@id":"https:\/\/svetslik.si\/en\/#website","url":"https:\/\/svetslik.si\/en\/","name":"SVETSLIK.SI","description":"100% ru\u010dno naslikane reprodukcije slika poznatih slikara in umjetni\u010dke zidne slike na platnu.","publisher":{"@id":"https:\/\/svetslik.si\/en\/#organization"},"potentialAction":[{"@type":"SearchAction","target":{"@type":"EntryPoint","urlTemplate":"https:\/\/svetslik.si\/en\/?s={search_term_string}"},"query-input":{"@type":"PropertyValueSpecification","valueRequired":true,"valueName":"search_term_string"}}],"inLanguage":"en-US"},{"@type":"Organization","@id":"https:\/\/svetslik.si\/en\/#organization","name":"SvetSlik.si","url":"https:\/\/svetslik.si\/en\/","logo":{"@type":"ImageObject","inLanguage":"en-US","@id":"https:\/\/svetslik.si\/en\/#\/schema\/logo\/image\/","url":"https:\/\/svetslik.si\/wp-content\/uploads\/2020\/12\/logo-512.png","contentUrl":"https:\/\/svetslik.si\/wp-content\/uploads\/2020\/12\/logo-512.png","width":512,"height":512,"caption":"SvetSlik.si"},"image":{"@id":"https:\/\/svetslik.si\/en\/#\/schema\/logo\/image\/"},"sameAs":["https:\/\/www.facebook.com\/svetslik.si","https:\/\/x.com\/svetslik","https:\/\/www.instagram.com\/svetslik.si\/","https:\/\/www.linkedin.com\/company\/svetslik-si"]}]},"og_availability":"backorder","product_availability":"available for order","product_retailer_item_id":"159__","product_condition":"new"},"jetpack_sharing_enabled":true,"_links":{"self":[{"href":"https:\/\/svetslik.si\/en\/wp-json\/wp\/v2\/product\/11708","targetHints":{"allow":["GET"]}}],"collection":[{"href":"https:\/\/svetslik.si\/en\/wp-json\/wp\/v2\/product"}],"about":[{"href":"https:\/\/svetslik.si\/en\/wp-json\/wp\/v2\/types\/product"}],"wp:featuredmedia":[{"embeddable":true,"href":"https:\/\/svetslik.si\/en\/wp-json\/wp\/v2\/media\/3557"}],"wp:attachment":[{"href":"https:\/\/svetslik.si\/en\/wp-json\/wp\/v2\/media?parent=11708"}],"wp:term":[{"taxonomy":"product_brand","embeddable":true,"href":"https:\/\/svetslik.si\/en\/wp-json\/wp\/v2\/product_brand?post=11708"},{"taxonomy":"product_cat","embeddable":true,"href":"https:\/\/svetslik.si\/en\/wp-json\/wp\/v2\/product_cat?post=11708"},{"taxonomy":"product_tag","embeddable":true,"href":"https:\/\/svetslik.si\/en\/wp-json\/wp\/v2\/product_tag?post=11708"}],"curies":[{"name":"wp","href":"https:\/\/api.w.org\/{rel}","templated":true}]}}