{"id":80992,"date":"2021-09-02T17:41:52","date_gmt":"2021-09-02T15:41:52","guid":{"rendered":"https:\/\/svetslik.si\/uncategorized\/the-kiss-detail\/"},"modified":"2026-03-22T19:14:45","modified_gmt":"2026-03-22T18:14:45","slug":"the-kiss-detail","status":"publish","type":"product","link":"https:\/\/svetslik.si\/en\/gustav-klimt-en\/the-kiss-detail\/","title":{"rendered":"Gustav Klimt &#8211; The Kiss (detail)"},"content":{"rendered":"<div class=\"wpb-content-wrapper\">[vc_row css=&#8221;.vc_custom_1737549908160{margin-bottom: 10px !important;}&#8221;][vc_column]\t<div class=\"et-image-440 et-image  full   et_image_link\">\n\t\t<div class=\"et-image-inner \">\n\t\t\t\t\t\t\t<div class=\"et-image-thumb \">\n\t\t\t\t\t<img decoding=\"async\" width=\"1000\" height=\"946\" src=\"https:\/\/svetslik.si\/wp-content\/uploads\/2021\/09\/Gustav-Klimt-\u2013-The-Kiss-detail-\u2013-Poljub-reprodukcija-slike-na-platnu.jpg\" class=\"attachment-full\" alt=\"Gustav Klimt - The Kiss (detail)\" title=\"Gustav Klimt - The Kiss (detail)\" srcset=\"https:\/\/svetslik.si\/wp-content\/uploads\/2021\/09\/Gustav-Klimt-\u2013-The-Kiss-detail-\u2013-Poljub-reprodukcija-slike-na-platnu.jpg 1000w, https:\/\/svetslik.si\/wp-content\/uploads\/2021\/09\/Gustav-Klimt-\u2013-The-Kiss-detail-\u2013-Poljub-reprodukcija-slike-na-platnu-600x568.jpg 600w, https:\/\/svetslik.si\/wp-content\/uploads\/2021\/09\/Gustav-Klimt-\u2013-The-Kiss-detail-\u2013-Poljub-reprodukcija-slike-na-platnu-300x284.jpg 300w, https:\/\/svetslik.si\/wp-content\/uploads\/2021\/09\/Gustav-Klimt-\u2013-The-Kiss-detail-\u2013-Poljub-reprodukcija-slike-na-platnu-768x727.jpg 768w, https:\/\/svetslik.si\/wp-content\/uploads\/2021\/09\/Gustav-Klimt-\u2013-The-Kiss-detail-\u2013-Poljub-reprodukcija-slike-na-platnu-150x142.jpg 150w, https:\/\/svetslik.si\/wp-content\/uploads\/2021\/09\/Gustav-Klimt-\u2013-The-Kiss-detail-\u2013-Poljub-reprodukcija-slike-na-platnu-900x851.jpg 900w\" sizes=\"(max-width: 1000px) 100vw, 1000px\" \/>\t\t\t\t<\/div>\n\t\t\t\t\t\t\t\t\t\t\t<\/div>\n\t<\/div>\n  [\/vc_column][\/vc_row][vc_row css=&#8221;.vc_custom_1737549908160{margin-bottom: 10px !important;}&#8221;][vc_column]\t<div class=\"et-image-823 et-image  full   et_image_link\">\n\t\t<div class=\"et-image-inner \">\n\t\t\t\t\t\t\t<div class=\"et-image-thumb \">\n\t\t\t\t\t<img decoding=\"async\" width=\"1000\" height=\"1189\" src=\"https:\/\/svetslik.si\/wp-content\/uploads\/2021\/09\/Gustav-Klimt-\u2013-The-Kiss-detail-\u2013-Poljub-reprodukcija-slike-na-platnu-4.jpg\" class=\"attachment-full\" alt=\"Gustav Klimt - The Kiss (detail)\" title=\"Gustav Klimt - The Kiss (detail)\" srcset=\"https:\/\/svetslik.si\/wp-content\/uploads\/2021\/09\/Gustav-Klimt-\u2013-The-Kiss-detail-\u2013-Poljub-reprodukcija-slike-na-platnu-4.jpg 1000w, https:\/\/svetslik.si\/wp-content\/uploads\/2021\/09\/Gustav-Klimt-\u2013-The-Kiss-detail-\u2013-Poljub-reprodukcija-slike-na-platnu-4-600x713.jpg 600w, https:\/\/svetslik.si\/wp-content\/uploads\/2021\/09\/Gustav-Klimt-\u2013-The-Kiss-detail-\u2013-Poljub-reprodukcija-slike-na-platnu-4-252x300.jpg 252w, https:\/\/svetslik.si\/wp-content\/uploads\/2021\/09\/Gustav-Klimt-\u2013-The-Kiss-detail-\u2013-Poljub-reprodukcija-slike-na-platnu-4-861x1024.jpg 861w, https:\/\/svetslik.si\/wp-content\/uploads\/2021\/09\/Gustav-Klimt-\u2013-The-Kiss-detail-\u2013-Poljub-reprodukcija-slike-na-platnu-4-768x913.jpg 768w, https:\/\/svetslik.si\/wp-content\/uploads\/2021\/09\/Gustav-Klimt-\u2013-The-Kiss-detail-\u2013-Poljub-reprodukcija-slike-na-platnu-4-126x150.jpg 126w, https:\/\/svetslik.si\/wp-content\/uploads\/2021\/09\/Gustav-Klimt-\u2013-The-Kiss-detail-\u2013-Poljub-reprodukcija-slike-na-platnu-4-900x1070.jpg 900w\" sizes=\"(max-width: 1000px) 100vw, 1000px\" \/>\t\t\t\t<\/div>\n\t\t\t\t\t\t\t\t\t\t\t<\/div>\n\t<\/div>\n  [\/vc_column][\/vc_row][vc_row css=&#8221;.vc_custom_1737549908160{margin-bottom: 10px !important;}&#8221;][vc_column]\t<div class=\"et-image-951 et-image  full   et_image_link\">\n\t\t<div class=\"et-image-inner \">\n\t\t\t\t\t\t\t<div class=\"et-image-thumb \">\n\t\t\t\t\t<img decoding=\"async\" width=\"1000\" height=\"750\" src=\"https:\/\/svetslik.si\/wp-content\/uploads\/2021\/09\/Gustav-Klimt-\u2013-The-Kiss-detail-\u2013-Poljub-reprodukcija-slike-na-platnu-3.jpg\" class=\"attachment-full\" alt=\"Gustav Klimt - The Kiss (detail)\" title=\"Gustav Klimt - The Kiss (detail)\" srcset=\"https:\/\/svetslik.si\/wp-content\/uploads\/2021\/09\/Gustav-Klimt-\u2013-The-Kiss-detail-\u2013-Poljub-reprodukcija-slike-na-platnu-3.jpg 1000w, https:\/\/svetslik.si\/wp-content\/uploads\/2021\/09\/Gustav-Klimt-\u2013-The-Kiss-detail-\u2013-Poljub-reprodukcija-slike-na-platnu-3-600x450.jpg 600w, https:\/\/svetslik.si\/wp-content\/uploads\/2021\/09\/Gustav-Klimt-\u2013-The-Kiss-detail-\u2013-Poljub-reprodukcija-slike-na-platnu-3-300x225.jpg 300w, https:\/\/svetslik.si\/wp-content\/uploads\/2021\/09\/Gustav-Klimt-\u2013-The-Kiss-detail-\u2013-Poljub-reprodukcija-slike-na-platnu-3-768x576.jpg 768w, https:\/\/svetslik.si\/wp-content\/uploads\/2021\/09\/Gustav-Klimt-\u2013-The-Kiss-detail-\u2013-Poljub-reprodukcija-slike-na-platnu-3-150x113.jpg 150w, https:\/\/svetslik.si\/wp-content\/uploads\/2021\/09\/Gustav-Klimt-\u2013-The-Kiss-detail-\u2013-Poljub-reprodukcija-slike-na-platnu-3-900x675.jpg 900w\" sizes=\"(max-width: 1000px) 100vw, 1000px\" \/>\t\t\t\t<\/div>\n\t\t\t\t\t\t\t\t\t\t\t<\/div>\n\t<\/div>\n  [\/vc_column][\/vc_row][vc_row css=&#8221;.vc_custom_1737549908160{margin-bottom: 10px !important;}&#8221;][vc_column]\t<div class=\"et-image-993 et-image  full   et_image_link\">\n\t\t<div class=\"et-image-inner \">\n\t\t\t\t\t\t\t<div class=\"et-image-thumb \">\n\t\t\t\t\t<img decoding=\"async\" width=\"1000\" height=\"750\" src=\"https:\/\/svetslik.si\/wp-content\/uploads\/2021\/09\/Gustav-Klimt-\u2013-The-Kiss-detail-\u2013-Poljub-reprodukcija-slike-na-platnu-1.jpg\" class=\"attachment-full\" alt=\"Gustav Klimt - The Kiss (detail)\" title=\"Gustav Klimt - The Kiss (detail)\" srcset=\"https:\/\/svetslik.si\/wp-content\/uploads\/2021\/09\/Gustav-Klimt-\u2013-The-Kiss-detail-\u2013-Poljub-reprodukcija-slike-na-platnu-1.jpg 1000w, https:\/\/svetslik.si\/wp-content\/uploads\/2021\/09\/Gustav-Klimt-\u2013-The-Kiss-detail-\u2013-Poljub-reprodukcija-slike-na-platnu-1-600x450.jpg 600w, https:\/\/svetslik.si\/wp-content\/uploads\/2021\/09\/Gustav-Klimt-\u2013-The-Kiss-detail-\u2013-Poljub-reprodukcija-slike-na-platnu-1-300x225.jpg 300w, https:\/\/svetslik.si\/wp-content\/uploads\/2021\/09\/Gustav-Klimt-\u2013-The-Kiss-detail-\u2013-Poljub-reprodukcija-slike-na-platnu-1-768x576.jpg 768w, https:\/\/svetslik.si\/wp-content\/uploads\/2021\/09\/Gustav-Klimt-\u2013-The-Kiss-detail-\u2013-Poljub-reprodukcija-slike-na-platnu-1-150x113.jpg 150w, https:\/\/svetslik.si\/wp-content\/uploads\/2021\/09\/Gustav-Klimt-\u2013-The-Kiss-detail-\u2013-Poljub-reprodukcija-slike-na-platnu-1-900x675.jpg 900w\" sizes=\"(max-width: 1000px) 100vw, 1000px\" \/>\t\t\t\t<\/div>\n\t\t\t\t\t\t\t\t\t\t\t<\/div>\n\t<\/div>\n  [\/vc_column][\/vc_row][vc_row][vc_column][vc_column_text]\n<h1>Gustav Klimt &#8211; The Kiss (detail)<\/h1>\n<p>&nbsp;<\/p>\n<table id=\"imageinfo\" border=\"0\" width=\"96%\" cellspacing=\"0\" cellpadding=\"2\">\n<tbody>\n<tr>\n<td width=\"120\">Year created:<\/td>\n<td>1907-1908<\/td>\n<\/tr>\n<tr>\n<td>Original size:<\/td>\n<td>180 x 180 cm<\/td>\n<\/tr>\n<tr>\n<td>Painting style:<\/td>\n<td>Secession<\/td>\n<\/tr>\n<tr>\n<td>Original technique:<\/td>\n<td>Oil on canvas &#8211; Painting on canvas<\/td>\n<\/tr>\n<tr>\n<td>Located:<\/td>\n<td>Museum of Applied Arts, Vienna<\/td>\n<\/tr>\n<\/tbody>\n<\/table>\n<p>Wall painting on canvas by Gustav Klimt &#8211; <i><em>The Kiss<\/em><\/i>, a sensual depiction of the vortex of love, which represents the peak of Klimt&#8217;s golden period, in which he returned to his father&#8217;s craft and turned to Byzantine two-dimensional and inorganically rigid sacral art, today is considered the most famous work of this artist. The painting is dominated by intellectual and literary symbolism, the line is strict, stylized, while the color mainly plays a decorative role. The oil on canvas <em>The Kiss<\/em> was also the central exhibit of the <em>Kunstchau<\/em>, an exhibition of the highlights of Viennese Art Nouveau in 1908.<\/p>\n[\/vc_column_text][\/vc_column][\/vc_row][vc_row css=&#8221;.vc_custom_1640166708552{margin-bottom: 20px !important;}&#8221;][vc_column]\t<div class=\"et-image-885 et-image  full   et_image_link\">\n\t\t<div class=\"et-image-inner \">\n\t\t\t\t\t\t\t<div class=\"et-image-thumb \">\n\t\t\t\t\t<img decoding=\"async\" width=\"2560\" height=\"1465\" src=\"https:\/\/svetslik.si\/wp-content\/uploads\/2021\/09\/Gustav-Klimt-the-kiss-poljub-slika-na-platnu-6-scaled.jpg\" class=\"attachment-full\" alt=\"Gustav Klimt - The Kiss - Poljub - Canvas Wall Painting - Hand Painted Reproduction\" title=\"Gustav Klimt - The Kiss - Poljub - Canvas Wall Painting - Hand Painted Reproduction\" srcset=\"https:\/\/svetslik.si\/wp-content\/uploads\/2021\/09\/Gustav-Klimt-the-kiss-poljub-slika-na-platnu-6-scaled.jpg 2560w, https:\/\/svetslik.si\/wp-content\/uploads\/2021\/09\/Gustav-Klimt-the-kiss-poljub-slika-na-platnu-6-600x343.jpg 600w, https:\/\/svetslik.si\/wp-content\/uploads\/2021\/09\/Gustav-Klimt-the-kiss-poljub-slika-na-platnu-6-scaled-1200x687.jpg 1200w, https:\/\/svetslik.si\/wp-content\/uploads\/2021\/09\/Gustav-Klimt-the-kiss-poljub-slika-na-platnu-6-300x172.jpg 300w, https:\/\/svetslik.si\/wp-content\/uploads\/2021\/09\/Gustav-Klimt-the-kiss-poljub-slika-na-platnu-6-1024x586.jpg 1024w, https:\/\/svetslik.si\/wp-content\/uploads\/2021\/09\/Gustav-Klimt-the-kiss-poljub-slika-na-platnu-6-768x439.jpg 768w, https:\/\/svetslik.si\/wp-content\/uploads\/2021\/09\/Gustav-Klimt-the-kiss-poljub-slika-na-platnu-6-1536x879.jpg 1536w, https:\/\/svetslik.si\/wp-content\/uploads\/2021\/09\/Gustav-Klimt-the-kiss-poljub-slika-na-platnu-6-2048x1172.jpg 2048w, https:\/\/svetslik.si\/wp-content\/uploads\/2021\/09\/Gustav-Klimt-the-kiss-poljub-slika-na-platnu-6-150x86.jpg 150w, https:\/\/svetslik.si\/wp-content\/uploads\/2021\/09\/Gustav-Klimt-the-kiss-poljub-slika-na-platnu-6-1320x755.jpg 1320w, https:\/\/svetslik.si\/wp-content\/uploads\/2021\/09\/Gustav-Klimt-the-kiss-poljub-slika-na-platnu-6-900x515.jpg 900w\" sizes=\"(max-width: 2560px) 100vw, 2560px\" \/>\t\t\t\t<\/div>\n\t\t\t\t\t\t\t\t\t\t\t<\/div>\n\t<\/div>\n  [\/vc_column][\/vc_row]\n<\/div>","protected":false},"excerpt":{"rendered":"<p>[vc_row css=&#8221;.vc_custom_1737549908160{margin-bottom: 10px !important;}&#8221;][vc_column][\/vc_column][\/vc_row][vc_row css=&#8221;.vc_custom_1737549908160{margin-bottom: 10px !important;}&#8221;][vc_column][\/vc_column][\/vc_row][vc_row css=&#8221;.vc_custom_1737549908160{margin-bottom: 10px !important;}&#8221;][vc_column][\/vc_column][\/vc_row][vc_row css=&#8221;.vc_custom_1737549908160{margin-bottom: 10px !important;}&#8221;][vc_column][\/vc_column][\/vc_row][vc_row][vc_column][vc_column_text] Gustav Klimt &#8211; The Kiss (detail) &nbsp; Year created: 1907-1908 Original size: 180 x 180 cm Painting style: Secession Original technique: Oil on canvas &#8211; Painting on canvas Located: Museum of Applied Arts, Vienna Wall painting on [&hellip;]<\/p>\n","protected":false},"featured_media":80990,"template":"","meta":{"_acf_changed":false},"product_brand":[],"product_cat":[9808],"product_tag":[9837,9841,11718,9870,9862,9863],"class_list":{"0":"post-80992","1":"product","2":"type-product","3":"status-publish","4":"has-post-thumbnail","6":"product_cat-gustav-klimt-en","7":"product_tag-gustav-klimt-en","8":"product_tag-klimt-en","9":"product_tag-klimt-the-kiss","10":"product_tag-painter","11":"product_tag-reproduction-en","12":"product_tag-reproductions","13":"pa_dimenzija-120-x-120-cm","14":"pa_dimenzija-150-x-150-cm","15":"pa_dimenzija-40-x-40-cm","16":"pa_dimenzija-50-x-50-cm","17":"pa_dimenzija-60-x-70-cm","18":"pa_dimenzija-70-x-70-cm","19":"pa_dimenzija-80-x-80-cm","20":"pa_dimenzija-90-x-90-cm","21":"pa_oblika-square","22":"pa_okvir-without-frame","23":"pa_podokvir-without","24":"pa_podokvir-yes","26":"first","27":"instock","28":"purchasable","29":"product-type-variable","30":"has-default-attributes"},"acf":[],"yoast_head":"<!-- This site is optimized with the Yoast SEO Premium plugin v26.0 (Yoast SEO v27.2) - https:\/\/yoast.com\/product\/yoast-seo-premium-wordpress\/ -->\n<title>Gustav Klimt - The Kiss (detail) - SVETSLIK.SI - 100% hand painted<\/title>\n<meta name=\"description\" content=\"Gustav Klimt - The Kiss (detail) - 100% hand-painted reproduction of famous paintings by famous artists. Wall art, abstract paintings and custom painted paintings by order.\" \/>\n<meta name=\"robots\" content=\"index, follow, max-snippet:-1, max-image-preview:large, max-video-preview:-1\" \/>\n<link rel=\"canonical\" href=\"https:\/\/svetslik.si\/en\/gustav-klimt-en\/the-kiss-detail\/\" \/>\n<meta property=\"og:locale\" content=\"en_US\" \/>\n<meta property=\"og:type\" content=\"article\" \/>\n<meta property=\"og:title\" content=\"Gustav Klimt - The Kiss (detail)\" \/>\n<meta property=\"og:description\" content=\"100% ro\u010dno naslikane slike na platnu, reprodukcije znanih slikarjev in umetni\u0161ke slike po naro\u010dilu.\" \/>\n<meta property=\"og:url\" content=\"https:\/\/svetslik.si\/en\/gustav-klimt-en\/the-kiss-detail\/\" \/>\n<meta property=\"og:site_name\" content=\"SVETSLIK.SI\" \/>\n<meta property=\"article:publisher\" content=\"https:\/\/www.facebook.com\/svetslik.si\" \/>\n<meta property=\"article:modified_time\" content=\"2026-03-22T18:14:45+00:00\" \/>\n<meta property=\"og:image\" content=\"https:\/\/svetslik.si\/wp-content\/uploads\/2021\/08\/image_The-Kiss-detail-Gustav-Klimt-reprodukcija_680.jpg\" \/>\n\t<meta property=\"og:image:width\" content=\"1200\" \/>\n\t<meta property=\"og:image:height\" content=\"1167\" \/>\n\t<meta property=\"og:image:type\" content=\"image\/jpeg\" \/>\n<meta name=\"twitter:card\" content=\"summary_large_image\" \/>\n<meta name=\"twitter:site\" content=\"@svetslik\" \/>\n<meta name=\"twitter:label1\" content=\"Availability\" \/>\n\t<meta name=\"twitter:data1\" content=\"In stock\" \/>\n<script type=\"application\/ld+json\" class=\"yoast-schema-graph\">{\"@context\":\"https:\/\/schema.org\",\"@graph\":[{\"@type\":[\"WebPage\",\"ItemPage\"],\"@id\":\"https:\/\/svetslik.si\/en\/gustav-klimt-en\/the-kiss-detail\/\",\"url\":\"https:\/\/svetslik.si\/en\/gustav-klimt-en\/the-kiss-detail\/\",\"name\":\"Gustav Klimt - The Kiss (detail) - SVETSLIK.SI - 100% hand painted\",\"isPartOf\":{\"@id\":\"https:\/\/svetslik.si\/en\/#website\"},\"primaryImageOfPage\":{\"@id\":\"https:\/\/svetslik.si\/en\/gustav-klimt-en\/the-kiss-detail\/#primaryimage\"},\"image\":{\"@id\":\"https:\/\/svetslik.si\/en\/gustav-klimt-en\/the-kiss-detail\/#primaryimage\"},\"thumbnailUrl\":\"https:\/\/svetslik.si\/wp-content\/uploads\/2021\/08\/image_The-Kiss-detail-Gustav-Klimt-reprodukcija_680.jpg\",\"datePublished\":\"2021-09-02T15:41:52+00:00\",\"dateModified\":\"2026-03-22T18:14:45+00:00\",\"description\":\"Gustav Klimt - The Kiss (detail) - 100% hand-painted reproduction of famous paintings by famous artists. Wall art, abstract paintings and custom painted paintings by order.\",\"breadcrumb\":{\"@id\":\"https:\/\/svetslik.si\/en\/gustav-klimt-en\/the-kiss-detail\/#breadcrumb\"},\"inLanguage\":\"en-US\",\"potentialAction\":[{\"@type\":\"ReadAction\",\"target\":[\"https:\/\/svetslik.si\/en\/gustav-klimt-en\/the-kiss-detail\/\"]}]},{\"@type\":\"ImageObject\",\"inLanguage\":\"en-US\",\"@id\":\"https:\/\/svetslik.si\/en\/gustav-klimt-en\/the-kiss-detail\/#primaryimage\",\"url\":\"https:\/\/svetslik.si\/wp-content\/uploads\/2021\/08\/image_The-Kiss-detail-Gustav-Klimt-reprodukcija_680.jpg\",\"contentUrl\":\"https:\/\/svetslik.si\/wp-content\/uploads\/2021\/08\/image_The-Kiss-detail-Gustav-Klimt-reprodukcija_680.jpg\",\"width\":1200,\"height\":1167,\"caption\":\"Gustav Klimt - The Kiss - Detail (reproduction, famous painting, famous artist, Gustav Klimt)\"},{\"@type\":\"BreadcrumbList\",\"@id\":\"https:\/\/svetslik.si\/en\/gustav-klimt-en\/the-kiss-detail\/#breadcrumb\",\"itemListElement\":[{\"@type\":\"ListItem\",\"position\":1,\"name\":\"Wall art and paintings on canvas\",\"item\":\"https:\/\/svetslik.si\/en\/\"},{\"@type\":\"ListItem\",\"position\":2,\"name\":\"Sale of paintings\",\"item\":\"https:\/\/svetslik.si\/prodaja-slik\/\"},{\"@type\":\"ListItem\",\"position\":3,\"name\":\"Gustav Klimt &#8211; The Kiss (detail)\"}]},{\"@type\":\"WebSite\",\"@id\":\"https:\/\/svetslik.si\/en\/#website\",\"url\":\"https:\/\/svetslik.si\/en\/\",\"name\":\"SVETSLIK.SI\",\"description\":\"100% ru\u010dno naslikane reprodukcije slika poznatih slikara in umjetni\u010dke zidne slike na platnu.\",\"publisher\":{\"@id\":\"https:\/\/svetslik.si\/en\/#organization\"},\"potentialAction\":[{\"@type\":\"SearchAction\",\"target\":{\"@type\":\"EntryPoint\",\"urlTemplate\":\"https:\/\/svetslik.si\/en\/?s={search_term_string}\"},\"query-input\":{\"@type\":\"PropertyValueSpecification\",\"valueRequired\":true,\"valueName\":\"search_term_string\"}}],\"inLanguage\":\"en-US\"},{\"@type\":\"Organization\",\"@id\":\"https:\/\/svetslik.si\/en\/#organization\",\"name\":\"SvetSlik.si\",\"url\":\"https:\/\/svetslik.si\/en\/\",\"logo\":{\"@type\":\"ImageObject\",\"inLanguage\":\"en-US\",\"@id\":\"https:\/\/svetslik.si\/en\/#\/schema\/logo\/image\/\",\"url\":\"https:\/\/svetslik.si\/wp-content\/uploads\/2020\/12\/logo-512.png\",\"contentUrl\":\"https:\/\/svetslik.si\/wp-content\/uploads\/2020\/12\/logo-512.png\",\"width\":512,\"height\":512,\"caption\":\"SvetSlik.si\"},\"image\":{\"@id\":\"https:\/\/svetslik.si\/en\/#\/schema\/logo\/image\/\"},\"sameAs\":[\"https:\/\/www.facebook.com\/svetslik.si\",\"https:\/\/x.com\/svetslik\",\"https:\/\/www.instagram.com\/svetslik.si\/\",\"https:\/\/www.linkedin.com\/company\/svetslik-si\"]}]}<\/script>\n<meta property=\"og:availability\" content=\"instock\" \/>\n<meta property=\"product:availability\" content=\"instock\" \/>\n<meta property=\"product:retailer_item_id\" content=\"17__\" \/>\n<meta property=\"product:condition\" content=\"new\" \/>\n<!-- \/ Yoast SEO Premium plugin. -->","yoast_head_json":{"title":"Gustav Klimt - The Kiss (detail) - SVETSLIK.SI - 100% hand painted","description":"Gustav Klimt - The Kiss (detail) - 100% hand-painted reproduction of famous paintings by famous artists. Wall art, abstract paintings and custom painted paintings by order.","robots":{"index":"index","follow":"follow","max-snippet":"max-snippet:-1","max-image-preview":"max-image-preview:large","max-video-preview":"max-video-preview:-1"},"canonical":"https:\/\/svetslik.si\/en\/gustav-klimt-en\/the-kiss-detail\/","og_locale":"en_US","og_type":"article","og_title":"Gustav Klimt - The Kiss (detail)","og_description":"100% ro\u010dno naslikane slike na platnu, reprodukcije znanih slikarjev in umetni\u0161ke slike po naro\u010dilu.","og_url":"https:\/\/svetslik.si\/en\/gustav-klimt-en\/the-kiss-detail\/","og_site_name":"SVETSLIK.SI","article_publisher":"https:\/\/www.facebook.com\/svetslik.si","article_modified_time":"2026-03-22T18:14:45+00:00","og_image":[{"width":1200,"height":1167,"url":"https:\/\/svetslik.si\/wp-content\/uploads\/2021\/08\/image_The-Kiss-detail-Gustav-Klimt-reprodukcija_680.jpg","type":"image\/jpeg"}],"twitter_card":"summary_large_image","twitter_site":"@svetslik","twitter_misc":{"Availability":"In stock"},"schema":{"@context":"https:\/\/schema.org","@graph":[{"@type":["WebPage","ItemPage"],"@id":"https:\/\/svetslik.si\/en\/gustav-klimt-en\/the-kiss-detail\/","url":"https:\/\/svetslik.si\/en\/gustav-klimt-en\/the-kiss-detail\/","name":"Gustav Klimt - The Kiss (detail) - SVETSLIK.SI - 100% hand painted","isPartOf":{"@id":"https:\/\/svetslik.si\/en\/#website"},"primaryImageOfPage":{"@id":"https:\/\/svetslik.si\/en\/gustav-klimt-en\/the-kiss-detail\/#primaryimage"},"image":{"@id":"https:\/\/svetslik.si\/en\/gustav-klimt-en\/the-kiss-detail\/#primaryimage"},"thumbnailUrl":"https:\/\/svetslik.si\/wp-content\/uploads\/2021\/08\/image_The-Kiss-detail-Gustav-Klimt-reprodukcija_680.jpg","datePublished":"2021-09-02T15:41:52+00:00","dateModified":"2026-03-22T18:14:45+00:00","description":"Gustav Klimt - The Kiss (detail) - 100% hand-painted reproduction of famous paintings by famous artists. Wall art, abstract paintings and custom painted paintings by order.","breadcrumb":{"@id":"https:\/\/svetslik.si\/en\/gustav-klimt-en\/the-kiss-detail\/#breadcrumb"},"inLanguage":"en-US","potentialAction":[{"@type":"ReadAction","target":["https:\/\/svetslik.si\/en\/gustav-klimt-en\/the-kiss-detail\/"]}]},{"@type":"ImageObject","inLanguage":"en-US","@id":"https:\/\/svetslik.si\/en\/gustav-klimt-en\/the-kiss-detail\/#primaryimage","url":"https:\/\/svetslik.si\/wp-content\/uploads\/2021\/08\/image_The-Kiss-detail-Gustav-Klimt-reprodukcija_680.jpg","contentUrl":"https:\/\/svetslik.si\/wp-content\/uploads\/2021\/08\/image_The-Kiss-detail-Gustav-Klimt-reprodukcija_680.jpg","width":1200,"height":1167,"caption":"Gustav Klimt - The Kiss - Detail (reproduction, famous painting, famous artist, Gustav Klimt)"},{"@type":"BreadcrumbList","@id":"https:\/\/svetslik.si\/en\/gustav-klimt-en\/the-kiss-detail\/#breadcrumb","itemListElement":[{"@type":"ListItem","position":1,"name":"Wall art and paintings on canvas","item":"https:\/\/svetslik.si\/en\/"},{"@type":"ListItem","position":2,"name":"Sale of paintings","item":"https:\/\/svetslik.si\/prodaja-slik\/"},{"@type":"ListItem","position":3,"name":"Gustav Klimt &#8211; The Kiss (detail)"}]},{"@type":"WebSite","@id":"https:\/\/svetslik.si\/en\/#website","url":"https:\/\/svetslik.si\/en\/","name":"SVETSLIK.SI","description":"100% ru\u010dno naslikane reprodukcije slika poznatih slikara in umjetni\u010dke zidne slike na platnu.","publisher":{"@id":"https:\/\/svetslik.si\/en\/#organization"},"potentialAction":[{"@type":"SearchAction","target":{"@type":"EntryPoint","urlTemplate":"https:\/\/svetslik.si\/en\/?s={search_term_string}"},"query-input":{"@type":"PropertyValueSpecification","valueRequired":true,"valueName":"search_term_string"}}],"inLanguage":"en-US"},{"@type":"Organization","@id":"https:\/\/svetslik.si\/en\/#organization","name":"SvetSlik.si","url":"https:\/\/svetslik.si\/en\/","logo":{"@type":"ImageObject","inLanguage":"en-US","@id":"https:\/\/svetslik.si\/en\/#\/schema\/logo\/image\/","url":"https:\/\/svetslik.si\/wp-content\/uploads\/2020\/12\/logo-512.png","contentUrl":"https:\/\/svetslik.si\/wp-content\/uploads\/2020\/12\/logo-512.png","width":512,"height":512,"caption":"SvetSlik.si"},"image":{"@id":"https:\/\/svetslik.si\/en\/#\/schema\/logo\/image\/"},"sameAs":["https:\/\/www.facebook.com\/svetslik.si","https:\/\/x.com\/svetslik","https:\/\/www.instagram.com\/svetslik.si\/","https:\/\/www.linkedin.com\/company\/svetslik-si"]}]},"og_availability":"instock","product_availability":"instock","product_retailer_item_id":"17__","product_condition":"new"},"jetpack_sharing_enabled":true,"_links":{"self":[{"href":"https:\/\/svetslik.si\/en\/wp-json\/wp\/v2\/product\/80992","targetHints":{"allow":["GET"]}}],"collection":[{"href":"https:\/\/svetslik.si\/en\/wp-json\/wp\/v2\/product"}],"about":[{"href":"https:\/\/svetslik.si\/en\/wp-json\/wp\/v2\/types\/product"}],"wp:featuredmedia":[{"embeddable":true,"href":"https:\/\/svetslik.si\/en\/wp-json\/wp\/v2\/media\/80990"}],"wp:attachment":[{"href":"https:\/\/svetslik.si\/en\/wp-json\/wp\/v2\/media?parent=80992"}],"wp:term":[{"taxonomy":"product_brand","embeddable":true,"href":"https:\/\/svetslik.si\/en\/wp-json\/wp\/v2\/product_brand?post=80992"},{"taxonomy":"product_cat","embeddable":true,"href":"https:\/\/svetslik.si\/en\/wp-json\/wp\/v2\/product_cat?post=80992"},{"taxonomy":"product_tag","embeddable":true,"href":"https:\/\/svetslik.si\/en\/wp-json\/wp\/v2\/product_tag?post=80992"}],"curies":[{"name":"wp","href":"https:\/\/api.w.org\/{rel}","templated":true}]}}