{"id":81043,"date":"2021-09-02T17:41:58","date_gmt":"2021-09-02T15:41:58","guid":{"rendered":"https:\/\/svetslik.si\/uncategorized\/danae\/"},"modified":"2026-03-22T19:15:33","modified_gmt":"2026-03-22T18:15:33","slug":"danae","status":"publish","type":"product","link":"https:\/\/svetslik.si\/en\/gustav-klimt-en\/danae\/","title":{"rendered":"Gustav Klimt &#8211; Danae"},"content":{"rendered":"<h1>Gustav Klimt &#8211; Danae<\/h1>\n<p>&nbsp;<\/p>\n<table id=\"imageinfo\" border=\"0\" width=\"96%\" cellspacing=\"0\" cellpadding=\"2\">\n<tbody>\n<tr>\n<td width=\"120\">Year created:<\/td>\n<td>1907-1908<\/td>\n<\/tr>\n<tr>\n<td>Original size:<\/td>\n<td>77 x 83 cm<\/td>\n<\/tr>\n<tr>\n<td>Painting style:<\/td>\n<td>Secession<\/td>\n<\/tr>\n<tr>\n<td>Original technique:<\/td>\n<td>Oil on canvas<\/td>\n<\/tr>\n<tr>\n<td>Located:<\/td>\n<td>National Gallery of Modern Art (GNAM), Rome<\/td>\n<\/tr>\n<\/tbody>\n<\/table>\n<p>Danae was a legendary princess of Argos. Because of a prophecy that he would be killed by his grandson, her father Acrisius imprisoned her in a bronze underground dungeon, far away from male suitors. Zeus, who loved Danae, came to the princess through the roof in the form of golden rain. The golden rain fell on Danaja&#8217;s lap and she became pregnant and gave birth to a son. When Acrisius found out about his grandson, he locked her and the child in a chest and left them to the sea. In the end, Danae and her son Perseus were saved.In his sensual portrait of <em>Danae<\/em>, Klimt shows the imprisoned princess in a loving embrace with Zeus. As in legend, Zeus is depicted as an amorphous rain of gold.The painting Danae by Gustav Klimt is a masterpiece of the Art Nouveau movement and one of the most famous and recognizable works of the Austrian painter. The painting is a depiction of the Greek myth of Danae, a mortal woman impregnated by Zeus in the form of golden rain.&#8221;Danae is an oil painting on canvas measuring approximately 150cm x 150cm. It depicts Danae, a beautiful woman reclining on a couch surrounded by golden rain. The painting is characterized by a bold use of color and a unique sense of movement and emotion. The woman is painted in shades of gold and white with the background in shades of blue and purple giving the painting a sense of depth and movement.This painting also features the use of gold leaf that Klimt used in many of his works.The painting is a depiction of the Greek myth of Danae, a mortal woman impregnated by Zeus in the form of golden rain. In the myth, her father, King Acrisius, imprisoned Danae in a tower so that she would not give birth to a son who would fulfill the prophecy that Acrisius would be killed by his grandson. However, Zeus came to her in the form of golden rain and impregnated her. The golden rain in the painting represents the visit of God and the child who was born, Perseus. The background with intricate geometric patterns represents harmony and order in the universe. The painting evokes the feelings of beauty, sensuality and divinity that are characteristic of Klimt&#8217;s art.Klimt&#8217;s painting &#8220;Danae&#8221; is a masterpiece of the Art Nouveau movement and is considered one of the artist&#8217;s most iconic works. It is a depiction of the Greek myth of Danae, a mortal woman impregnated by Zeus in the form of golden rain, and a symbol of the power of love and lust. The painting is a must-see for art lovers and a great addition to any art collection.In short, the painting &#8220;Danae&#8221; by Gustav Klimt is a masterpiece of the Art Nouveau movement and one of the most famous and recognizable works of the Austrian painter. It is a depiction of the Greek myth of Danae, a mortal woman impregnated by Zeus in the form of golden rain, and a symbol of the power of love and lust. The painting evokes feelings of beauty, sensuality and divinity, making it a powerful and stimulating work. The use of gold leaf and intricate geometric patterns in the background add a unique and striking element to the image, making the image truly stand out. Painting is a great way to add a touch of beauty, sensuality and divinity to any room, making it a great addition to any art collection.<\/p>\n","protected":false},"excerpt":{"rendered":"<p>Gustav Klimt &#8211; Danae &nbsp; Year created: 1907-1908 Original size: 77 x 83 cm Painting style: Secession Original technique: Oil on canvas Located: National Gallery of Modern Art (GNAM), Rome Danae was a legendary princess of Argos. Because of a prophecy that he would be killed by his grandson, her [&hellip;]<\/p>\n","protected":false},"featured_media":79490,"template":"","meta":{"_acf_changed":false},"product_brand":[],"product_cat":[9808],"product_tag":[9837,9841,9870,9862,9863],"class_list":{"0":"post-81043","1":"product","2":"type-product","3":"status-publish","4":"has-post-thumbnail","6":"product_cat-gustav-klimt-en","7":"product_tag-gustav-klimt-en","8":"product_tag-klimt-en","9":"product_tag-painter","10":"product_tag-reproduction-en","11":"product_tag-reproductions","12":"pa_dimenzija-100-x-100-cm","13":"pa_dimenzija-120-x-120-cm","14":"pa_dimenzija-150-x-150-cm","15":"pa_dimenzija-50-x-50-cm","16":"pa_dimenzija-60-x-60-cm","17":"pa_dimenzija-80-x-80-cm","18":"pa_dimenzija-83-x-77-cm","19":"pa_dimenzija-90-x-90-cm","20":"pa_oblika-square","21":"pa_okvir-without-frame","22":"pa_podokvir-without","23":"pa_podokvir-yes","25":"first","26":"onbackorder","27":"purchasable","28":"product-type-variable","29":"has-default-attributes"},"acf":[],"yoast_head":"<!-- This site is optimized with the Yoast SEO Premium plugin v26.0 (Yoast SEO v27.2) - https:\/\/yoast.com\/product\/yoast-seo-premium-wordpress\/ -->\n<title>Gustav Klimt - Danae - SVETSLIK.SI - 100% hand painted<\/title>\n<meta name=\"description\" content=\"Gustav Klimt - Danae - 100% hand-painted reproduction of famous paintings by famous artists. Wall art, abstract paintings and custom painted paintings by order.\" \/>\n<meta name=\"robots\" content=\"index, follow, max-snippet:-1, max-image-preview:large, max-video-preview:-1\" \/>\n<link rel=\"canonical\" href=\"https:\/\/svetslik.si\/en\/gustav-klimt-en\/danae\/\" \/>\n<meta property=\"og:locale\" content=\"en_US\" \/>\n<meta property=\"og:type\" content=\"article\" \/>\n<meta property=\"og:title\" content=\"Gustav Klimt - Danae\" \/>\n<meta property=\"og:description\" content=\"100% ro\u010dno naslikane slike na platnu, reprodukcije znanih slikarjev in umetni\u0161ke slike po naro\u010dilu.\" \/>\n<meta property=\"og:url\" content=\"https:\/\/svetslik.si\/en\/gustav-klimt-en\/danae\/\" \/>\n<meta property=\"og:site_name\" content=\"SVETSLIK.SI\" \/>\n<meta property=\"article:publisher\" content=\"https:\/\/www.facebook.com\/svetslik.si\" \/>\n<meta property=\"article:modified_time\" content=\"2026-03-22T18:15:33+00:00\" \/>\n<meta property=\"og:image\" content=\"https:\/\/svetslik.si\/wp-content\/uploads\/2021\/09\/image_Danae-Gustav-Klimt_680.jpg\" \/>\n\t<meta property=\"og:image:width\" content=\"2024\" \/>\n\t<meta property=\"og:image:height\" content=\"1960\" \/>\n\t<meta property=\"og:image:type\" content=\"image\/jpeg\" \/>\n<meta name=\"twitter:card\" content=\"summary_large_image\" \/>\n<meta name=\"twitter:site\" content=\"@svetslik\" \/>\n<meta name=\"twitter:label1\" content=\"Availability\" \/>\n\t<meta name=\"twitter:data1\" content=\"On backorder\" \/>\n<script type=\"application\/ld+json\" class=\"yoast-schema-graph\">{\"@context\":\"https:\/\/schema.org\",\"@graph\":[{\"@type\":[\"WebPage\",\"ItemPage\"],\"@id\":\"https:\/\/svetslik.si\/en\/gustav-klimt-en\/danae\/\",\"url\":\"https:\/\/svetslik.si\/en\/gustav-klimt-en\/danae\/\",\"name\":\"Gustav Klimt - Danae - SVETSLIK.SI - 100% hand painted\",\"isPartOf\":{\"@id\":\"https:\/\/svetslik.si\/en\/#website\"},\"primaryImageOfPage\":{\"@id\":\"https:\/\/svetslik.si\/en\/gustav-klimt-en\/danae\/#primaryimage\"},\"image\":{\"@id\":\"https:\/\/svetslik.si\/en\/gustav-klimt-en\/danae\/#primaryimage\"},\"thumbnailUrl\":\"https:\/\/svetslik.si\/wp-content\/uploads\/2021\/09\/image_Danae-Gustav-Klimt_680.jpg\",\"datePublished\":\"2021-09-02T15:41:58+00:00\",\"dateModified\":\"2026-03-22T18:15:33+00:00\",\"description\":\"Gustav Klimt - Danae - 100% hand-painted reproduction of famous paintings by famous artists. Wall art, abstract paintings and custom painted paintings by order.\",\"breadcrumb\":{\"@id\":\"https:\/\/svetslik.si\/en\/gustav-klimt-en\/danae\/#breadcrumb\"},\"inLanguage\":\"en-US\",\"potentialAction\":[{\"@type\":\"ReadAction\",\"target\":[\"https:\/\/svetslik.si\/en\/gustav-klimt-en\/danae\/\"]}]},{\"@type\":\"ImageObject\",\"inLanguage\":\"en-US\",\"@id\":\"https:\/\/svetslik.si\/en\/gustav-klimt-en\/danae\/#primaryimage\",\"url\":\"https:\/\/svetslik.si\/wp-content\/uploads\/2021\/09\/image_Danae-Gustav-Klimt_680.jpg\",\"contentUrl\":\"https:\/\/svetslik.si\/wp-content\/uploads\/2021\/09\/image_Danae-Gustav-Klimt_680.jpg\",\"width\":2024,\"height\":1960,\"caption\":\"Danae by Gustav Klimt Reproductions of Famous Artists, Modern Wall Paintings, Artwork for Walls\"},{\"@type\":\"BreadcrumbList\",\"@id\":\"https:\/\/svetslik.si\/en\/gustav-klimt-en\/danae\/#breadcrumb\",\"itemListElement\":[{\"@type\":\"ListItem\",\"position\":1,\"name\":\"Wall art and paintings on canvas\",\"item\":\"https:\/\/svetslik.si\/en\/\"},{\"@type\":\"ListItem\",\"position\":2,\"name\":\"Sale of paintings\",\"item\":\"https:\/\/svetslik.si\/prodaja-slik\/\"},{\"@type\":\"ListItem\",\"position\":3,\"name\":\"Gustav Klimt &#8211; Danae\"}]},{\"@type\":\"WebSite\",\"@id\":\"https:\/\/svetslik.si\/en\/#website\",\"url\":\"https:\/\/svetslik.si\/en\/\",\"name\":\"SVETSLIK.SI\",\"description\":\"100% ru\u010dno naslikane reprodukcije slika poznatih slikara in umjetni\u010dke zidne slike na platnu.\",\"publisher\":{\"@id\":\"https:\/\/svetslik.si\/en\/#organization\"},\"potentialAction\":[{\"@type\":\"SearchAction\",\"target\":{\"@type\":\"EntryPoint\",\"urlTemplate\":\"https:\/\/svetslik.si\/en\/?s={search_term_string}\"},\"query-input\":{\"@type\":\"PropertyValueSpecification\",\"valueRequired\":true,\"valueName\":\"search_term_string\"}}],\"inLanguage\":\"en-US\"},{\"@type\":\"Organization\",\"@id\":\"https:\/\/svetslik.si\/en\/#organization\",\"name\":\"SvetSlik.si\",\"url\":\"https:\/\/svetslik.si\/en\/\",\"logo\":{\"@type\":\"ImageObject\",\"inLanguage\":\"en-US\",\"@id\":\"https:\/\/svetslik.si\/en\/#\/schema\/logo\/image\/\",\"url\":\"https:\/\/svetslik.si\/wp-content\/uploads\/2020\/12\/logo-512.png\",\"contentUrl\":\"https:\/\/svetslik.si\/wp-content\/uploads\/2020\/12\/logo-512.png\",\"width\":512,\"height\":512,\"caption\":\"SvetSlik.si\"},\"image\":{\"@id\":\"https:\/\/svetslik.si\/en\/#\/schema\/logo\/image\/\"},\"sameAs\":[\"https:\/\/www.facebook.com\/svetslik.si\",\"https:\/\/x.com\/svetslik\",\"https:\/\/www.instagram.com\/svetslik.si\/\",\"https:\/\/www.linkedin.com\/company\/svetslik-si\"]}]}<\/script>\n<meta property=\"og:availability\" content=\"backorder\" \/>\n<meta property=\"product:availability\" content=\"available for order\" \/>\n<meta property=\"product:retailer_item_id\" content=\"23__\" \/>\n<meta property=\"product:condition\" content=\"new\" \/>\n<!-- \/ Yoast SEO Premium plugin. -->","yoast_head_json":{"title":"Gustav Klimt - Danae - SVETSLIK.SI - 100% hand painted","description":"Gustav Klimt - Danae - 100% hand-painted reproduction of famous paintings by famous artists. Wall art, abstract paintings and custom painted paintings by order.","robots":{"index":"index","follow":"follow","max-snippet":"max-snippet:-1","max-image-preview":"max-image-preview:large","max-video-preview":"max-video-preview:-1"},"canonical":"https:\/\/svetslik.si\/en\/gustav-klimt-en\/danae\/","og_locale":"en_US","og_type":"article","og_title":"Gustav Klimt - Danae","og_description":"100% ro\u010dno naslikane slike na platnu, reprodukcije znanih slikarjev in umetni\u0161ke slike po naro\u010dilu.","og_url":"https:\/\/svetslik.si\/en\/gustav-klimt-en\/danae\/","og_site_name":"SVETSLIK.SI","article_publisher":"https:\/\/www.facebook.com\/svetslik.si","article_modified_time":"2026-03-22T18:15:33+00:00","og_image":[{"width":2024,"height":1960,"url":"https:\/\/svetslik.si\/wp-content\/uploads\/2021\/09\/image_Danae-Gustav-Klimt_680.jpg","type":"image\/jpeg"}],"twitter_card":"summary_large_image","twitter_site":"@svetslik","twitter_misc":{"Availability":"On backorder"},"schema":{"@context":"https:\/\/schema.org","@graph":[{"@type":["WebPage","ItemPage"],"@id":"https:\/\/svetslik.si\/en\/gustav-klimt-en\/danae\/","url":"https:\/\/svetslik.si\/en\/gustav-klimt-en\/danae\/","name":"Gustav Klimt - Danae - SVETSLIK.SI - 100% hand painted","isPartOf":{"@id":"https:\/\/svetslik.si\/en\/#website"},"primaryImageOfPage":{"@id":"https:\/\/svetslik.si\/en\/gustav-klimt-en\/danae\/#primaryimage"},"image":{"@id":"https:\/\/svetslik.si\/en\/gustav-klimt-en\/danae\/#primaryimage"},"thumbnailUrl":"https:\/\/svetslik.si\/wp-content\/uploads\/2021\/09\/image_Danae-Gustav-Klimt_680.jpg","datePublished":"2021-09-02T15:41:58+00:00","dateModified":"2026-03-22T18:15:33+00:00","description":"Gustav Klimt - Danae - 100% hand-painted reproduction of famous paintings by famous artists. Wall art, abstract paintings and custom painted paintings by order.","breadcrumb":{"@id":"https:\/\/svetslik.si\/en\/gustav-klimt-en\/danae\/#breadcrumb"},"inLanguage":"en-US","potentialAction":[{"@type":"ReadAction","target":["https:\/\/svetslik.si\/en\/gustav-klimt-en\/danae\/"]}]},{"@type":"ImageObject","inLanguage":"en-US","@id":"https:\/\/svetslik.si\/en\/gustav-klimt-en\/danae\/#primaryimage","url":"https:\/\/svetslik.si\/wp-content\/uploads\/2021\/09\/image_Danae-Gustav-Klimt_680.jpg","contentUrl":"https:\/\/svetslik.si\/wp-content\/uploads\/2021\/09\/image_Danae-Gustav-Klimt_680.jpg","width":2024,"height":1960,"caption":"Danae by Gustav Klimt Reproductions of Famous Artists, Modern Wall Paintings, Artwork for Walls"},{"@type":"BreadcrumbList","@id":"https:\/\/svetslik.si\/en\/gustav-klimt-en\/danae\/#breadcrumb","itemListElement":[{"@type":"ListItem","position":1,"name":"Wall art and paintings on canvas","item":"https:\/\/svetslik.si\/en\/"},{"@type":"ListItem","position":2,"name":"Sale of paintings","item":"https:\/\/svetslik.si\/prodaja-slik\/"},{"@type":"ListItem","position":3,"name":"Gustav Klimt &#8211; Danae"}]},{"@type":"WebSite","@id":"https:\/\/svetslik.si\/en\/#website","url":"https:\/\/svetslik.si\/en\/","name":"SVETSLIK.SI","description":"100% ru\u010dno naslikane reprodukcije slika poznatih slikara in umjetni\u010dke zidne slike na platnu.","publisher":{"@id":"https:\/\/svetslik.si\/en\/#organization"},"potentialAction":[{"@type":"SearchAction","target":{"@type":"EntryPoint","urlTemplate":"https:\/\/svetslik.si\/en\/?s={search_term_string}"},"query-input":{"@type":"PropertyValueSpecification","valueRequired":true,"valueName":"search_term_string"}}],"inLanguage":"en-US"},{"@type":"Organization","@id":"https:\/\/svetslik.si\/en\/#organization","name":"SvetSlik.si","url":"https:\/\/svetslik.si\/en\/","logo":{"@type":"ImageObject","inLanguage":"en-US","@id":"https:\/\/svetslik.si\/en\/#\/schema\/logo\/image\/","url":"https:\/\/svetslik.si\/wp-content\/uploads\/2020\/12\/logo-512.png","contentUrl":"https:\/\/svetslik.si\/wp-content\/uploads\/2020\/12\/logo-512.png","width":512,"height":512,"caption":"SvetSlik.si"},"image":{"@id":"https:\/\/svetslik.si\/en\/#\/schema\/logo\/image\/"},"sameAs":["https:\/\/www.facebook.com\/svetslik.si","https:\/\/x.com\/svetslik","https:\/\/www.instagram.com\/svetslik.si\/","https:\/\/www.linkedin.com\/company\/svetslik-si"]}]},"og_availability":"backorder","product_availability":"available for order","product_retailer_item_id":"23__","product_condition":"new"},"jetpack_sharing_enabled":true,"_links":{"self":[{"href":"https:\/\/svetslik.si\/en\/wp-json\/wp\/v2\/product\/81043","targetHints":{"allow":["GET"]}}],"collection":[{"href":"https:\/\/svetslik.si\/en\/wp-json\/wp\/v2\/product"}],"about":[{"href":"https:\/\/svetslik.si\/en\/wp-json\/wp\/v2\/types\/product"}],"wp:featuredmedia":[{"embeddable":true,"href":"https:\/\/svetslik.si\/en\/wp-json\/wp\/v2\/media\/79490"}],"wp:attachment":[{"href":"https:\/\/svetslik.si\/en\/wp-json\/wp\/v2\/media?parent=81043"}],"wp:term":[{"taxonomy":"product_brand","embeddable":true,"href":"https:\/\/svetslik.si\/en\/wp-json\/wp\/v2\/product_brand?post=81043"},{"taxonomy":"product_cat","embeddable":true,"href":"https:\/\/svetslik.si\/en\/wp-json\/wp\/v2\/product_cat?post=81043"},{"taxonomy":"product_tag","embeddable":true,"href":"https:\/\/svetslik.si\/en\/wp-json\/wp\/v2\/product_tag?post=81043"}],"curies":[{"name":"wp","href":"https:\/\/api.w.org\/{rel}","templated":true}]}}