{"id":81052,"date":"2021-09-02T17:41:58","date_gmt":"2021-09-02T15:41:58","guid":{"rendered":"https:\/\/svetslik.si\/uncategorized\/mother-and-child-detail\/"},"modified":"2026-03-22T19:15:33","modified_gmt":"2026-03-22T18:15:33","slug":"mother-and-child-detail","status":"publish","type":"product","link":"https:\/\/svetslik.si\/en\/gustav-klimt-en\/mother-and-child-detail\/","title":{"rendered":"Gustav Klimt &#8211; Mother and child (detail)"},"content":{"rendered":"<div class=\"wpb-content-wrapper\">[vc_row css=&#8221;.vc_custom_1742245667041{margin-bottom: 5px !important;}&#8221;][vc_column]\t<div class=\"et-image-341 et-image  full   et_image_link\">\n\t\t<div class=\"et-image-inner \">\n\t\t\t\t\t\t\t<div class=\"et-image-thumb \">\n\t\t\t\t\t<img decoding=\"async\" width=\"1500\" height=\"1490\" src=\"https:\/\/svetslik.si\/wp-content\/uploads\/2021\/09\/Gustav-Klimt-\u2013-Mother-and-child-detail-slike-na-platnu.jpg\" class=\"attachment-full\" alt=\"Gustav Klimt - Mother and child (detail)\" title=\"Gustav Klimt - Mother and child (detail)\" srcset=\"https:\/\/svetslik.si\/wp-content\/uploads\/2021\/09\/Gustav-Klimt-\u2013-Mother-and-child-detail-slike-na-platnu.jpg 1500w, https:\/\/svetslik.si\/wp-content\/uploads\/2021\/09\/Gustav-Klimt-\u2013-Mother-and-child-detail-slike-na-platnu-600x596.jpg 600w, https:\/\/svetslik.si\/wp-content\/uploads\/2021\/09\/Gustav-Klimt-\u2013-Mother-and-child-detail-slike-na-platnu-100x100.jpg 100w, https:\/\/svetslik.si\/wp-content\/uploads\/2021\/09\/Gustav-Klimt-\u2013-Mother-and-child-detail-slike-na-platnu-1200x1192.jpg 1200w, https:\/\/svetslik.si\/wp-content\/uploads\/2021\/09\/Gustav-Klimt-\u2013-Mother-and-child-detail-slike-na-platnu-300x298.jpg 300w, https:\/\/svetslik.si\/wp-content\/uploads\/2021\/09\/Gustav-Klimt-\u2013-Mother-and-child-detail-slike-na-platnu-1024x1017.jpg 1024w, https:\/\/svetslik.si\/wp-content\/uploads\/2021\/09\/Gustav-Klimt-\u2013-Mother-and-child-detail-slike-na-platnu-150x150.jpg 150w, https:\/\/svetslik.si\/wp-content\/uploads\/2021\/09\/Gustav-Klimt-\u2013-Mother-and-child-detail-slike-na-platnu-768x763.jpg 768w\" sizes=\"(max-width: 1500px) 100vw, 1500px\" \/>\t\t\t\t<\/div>\n\t\t\t\t\t\t\t\t\t\t\t<\/div>\n\t<\/div>\n  [\/vc_column][\/vc_row][vc_row css=&#8221;.vc_custom_1742245667041{margin-bottom: 5px !important;}&#8221;][vc_column]\t<div class=\"et-image-356 et-image  full   et_image_link\">\n\t\t<div class=\"et-image-inner \">\n\t\t\t\t\t\t\t<div class=\"et-image-thumb \">\n\t\t\t\t\t<img decoding=\"async\" width=\"1500\" height=\"2055\" src=\"https:\/\/svetslik.si\/wp-content\/uploads\/2021\/09\/Gustav-Klimt-\u2013-Mother-and-child-detail-slike-na-platnu-3.jpg\" class=\"attachment-full\" alt=\"Gustav Klimt - Mother and child (detail)\" title=\"Gustav Klimt - Mother and child (detail)\" srcset=\"https:\/\/svetslik.si\/wp-content\/uploads\/2021\/09\/Gustav-Klimt-\u2013-Mother-and-child-detail-slike-na-platnu-3.jpg 1500w, https:\/\/svetslik.si\/wp-content\/uploads\/2021\/09\/Gustav-Klimt-\u2013-Mother-and-child-detail-slike-na-platnu-3-600x822.jpg 600w, https:\/\/svetslik.si\/wp-content\/uploads\/2021\/09\/Gustav-Klimt-\u2013-Mother-and-child-detail-slike-na-platnu-3-1200x1644.jpg 1200w, https:\/\/svetslik.si\/wp-content\/uploads\/2021\/09\/Gustav-Klimt-\u2013-Mother-and-child-detail-slike-na-platnu-3-219x300.jpg 219w, https:\/\/svetslik.si\/wp-content\/uploads\/2021\/09\/Gustav-Klimt-\u2013-Mother-and-child-detail-slike-na-platnu-3-747x1024.jpg 747w, https:\/\/svetslik.si\/wp-content\/uploads\/2021\/09\/Gustav-Klimt-\u2013-Mother-and-child-detail-slike-na-platnu-3-768x1052.jpg 768w, https:\/\/svetslik.si\/wp-content\/uploads\/2021\/09\/Gustav-Klimt-\u2013-Mother-and-child-detail-slike-na-platnu-3-1121x1536.jpg 1121w, https:\/\/svetslik.si\/wp-content\/uploads\/2021\/09\/Gustav-Klimt-\u2013-Mother-and-child-detail-slike-na-platnu-3-1495x2048.jpg 1495w, https:\/\/svetslik.si\/wp-content\/uploads\/2021\/09\/Gustav-Klimt-\u2013-Mother-and-child-detail-slike-na-platnu-3-109x150.jpg 109w\" sizes=\"(max-width: 1500px) 100vw, 1500px\" \/>\t\t\t\t<\/div>\n\t\t\t\t\t\t\t\t\t\t\t<\/div>\n\t<\/div>\n  [\/vc_column][\/vc_row][vc_row css=&#8221;.vc_custom_1742245667041{margin-bottom: 5px !important;}&#8221;][vc_column]\t<div class=\"et-image-982 et-image  full   et_image_link\">\n\t\t<div class=\"et-image-inner \">\n\t\t\t\t\t\t\t<div class=\"et-image-thumb \">\n\t\t\t\t\t<img decoding=\"async\" width=\"1500\" height=\"1974\" src=\"https:\/\/svetslik.si\/wp-content\/uploads\/2021\/09\/Gustav-Klimt-\u2013-Mother-and-child-detail-slike-na-platnu-2.jpg\" class=\"attachment-full\" alt=\"Gustav Klimt - Mother and child (detail)\" title=\"Gustav Klimt - Mother and child (detail)\" srcset=\"https:\/\/svetslik.si\/wp-content\/uploads\/2021\/09\/Gustav-Klimt-\u2013-Mother-and-child-detail-slike-na-platnu-2.jpg 1500w, https:\/\/svetslik.si\/wp-content\/uploads\/2021\/09\/Gustav-Klimt-\u2013-Mother-and-child-detail-slike-na-platnu-2-600x790.jpg 600w, https:\/\/svetslik.si\/wp-content\/uploads\/2021\/09\/Gustav-Klimt-\u2013-Mother-and-child-detail-slike-na-platnu-2-1200x1579.jpg 1200w, https:\/\/svetslik.si\/wp-content\/uploads\/2021\/09\/Gustav-Klimt-\u2013-Mother-and-child-detail-slike-na-platnu-2-228x300.jpg 228w, https:\/\/svetslik.si\/wp-content\/uploads\/2021\/09\/Gustav-Klimt-\u2013-Mother-and-child-detail-slike-na-platnu-2-778x1024.jpg 778w, https:\/\/svetslik.si\/wp-content\/uploads\/2021\/09\/Gustav-Klimt-\u2013-Mother-and-child-detail-slike-na-platnu-2-768x1011.jpg 768w, https:\/\/svetslik.si\/wp-content\/uploads\/2021\/09\/Gustav-Klimt-\u2013-Mother-and-child-detail-slike-na-platnu-2-1167x1536.jpg 1167w, https:\/\/svetslik.si\/wp-content\/uploads\/2021\/09\/Gustav-Klimt-\u2013-Mother-and-child-detail-slike-na-platnu-2-114x150.jpg 114w\" sizes=\"(max-width: 1500px) 100vw, 1500px\" \/>\t\t\t\t<\/div>\n\t\t\t\t\t\t\t\t\t\t\t<\/div>\n\t<\/div>\n  [\/vc_column][\/vc_row][vc_row css=&#8221;.vc_custom_1742245667041{margin-bottom: 5px !important;}&#8221;][vc_column]\t<div class=\"et-image-719 et-image  full   et_image_link\">\n\t\t<div class=\"et-image-inner \">\n\t\t\t\t\t\t\t<div class=\"et-image-thumb \">\n\t\t\t\t\t<img decoding=\"async\" width=\"1500\" height=\"1125\" src=\"https:\/\/svetslik.si\/wp-content\/uploads\/2021\/09\/Gustav-Klimt-\u2013-Mother-and-child-detail-slike-na-platnu-4.jpg\" class=\"attachment-full\" alt=\"Gustav Klimt - Mother and child (detail)\" title=\"Gustav Klimt - Mother and child (detail)\" srcset=\"https:\/\/svetslik.si\/wp-content\/uploads\/2021\/09\/Gustav-Klimt-\u2013-Mother-and-child-detail-slike-na-platnu-4.jpg 1500w, https:\/\/svetslik.si\/wp-content\/uploads\/2021\/09\/Gustav-Klimt-\u2013-Mother-and-child-detail-slike-na-platnu-4-600x450.jpg 600w, https:\/\/svetslik.si\/wp-content\/uploads\/2021\/09\/Gustav-Klimt-\u2013-Mother-and-child-detail-slike-na-platnu-4-1200x900.jpg 1200w, https:\/\/svetslik.si\/wp-content\/uploads\/2021\/09\/Gustav-Klimt-\u2013-Mother-and-child-detail-slike-na-platnu-4-300x225.jpg 300w, https:\/\/svetslik.si\/wp-content\/uploads\/2021\/09\/Gustav-Klimt-\u2013-Mother-and-child-detail-slike-na-platnu-4-1024x768.jpg 1024w, https:\/\/svetslik.si\/wp-content\/uploads\/2021\/09\/Gustav-Klimt-\u2013-Mother-and-child-detail-slike-na-platnu-4-768x576.jpg 768w, https:\/\/svetslik.si\/wp-content\/uploads\/2021\/09\/Gustav-Klimt-\u2013-Mother-and-child-detail-slike-na-platnu-4-150x113.jpg 150w\" sizes=\"(max-width: 1500px) 100vw, 1500px\" \/>\t\t\t\t<\/div>\n\t\t\t\t\t\t\t\t\t\t\t<\/div>\n\t<\/div>\n  [\/vc_column][\/vc_row][vc_row][vc_column][vc_column_text]\n<h1>Gustav Klimt &#8211; Mother and child (detail) &#8211; Mother and child<\/h1>\n<table id=\"imageinfo\" border=\"0\" width=\"96%\" cellspacing=\"0\" cellpadding=\"2\">\n<tbody>\n<tr>\n<td width=\"120\">Year created:<\/td>\n<td>1905<\/td>\n<\/tr>\n<tr>\n<td>Original size:<\/td>\n<td>178 x 198 cm<\/td>\n<\/tr>\n<tr>\n<td>Painting Style:<\/td>\n<td>Secession<\/td>\n<\/tr>\n<tr>\n<td>Original technique:<\/td>\n<td>Oil on canvas<\/td>\n<\/tr>\n<tr>\n<td>Located:<\/td>\n<td>National Gallery of Modern Art (GNAM), Rome<\/td>\n<\/tr>\n<\/tbody>\n<\/table>\n<p>This striking canvas painting is a detail of the oil on canvas <em>Three Ages of Woman<\/em> from 1905. In the original wall painting, Klimt placed an older woman on the left side of the painting as a counterbalance to the overall scene. In this gentle portrait of a sleeping mother and daughter, Klimt expressed a sense of eternal contentment. The concept of this artwork, the colors and ornaments used are full of contrasts and reveal to us our past and future.<\/p>\n<p>&nbsp;<\/p>\n<p>&#8220;Mother and Child&#8221;, painted by the Austrian artist Gustav Klimt in 1905-1907, is considered one of the artist&#8217;s most intimate and personal works. The painting depicts a mother holding her child in a warm and loving embrace, surrounded by a background of lush foliage and vibrant flowers.<\/p>\n<p>The painting is an excellent example of Klimt&#8217;s Art Nouveau style, which was characterized by the use of ornate patterns, bold colors and sensual subject matter. The mother and child are depicted in a highly stylized manner, with elongated limbs and simplified facial features, which gives the picture an otherworldly and dreamlike quality.<\/p>\n<p>One of the most striking features of &#8220;Mother and Child&#8221; is the use of bold colors and intricate patterns. The painting is an interweaving of colors, with mother and child, foliage and flowers that are made up of swirling, interlaced patterns. The use of color and pattern creates a sense of movement and fluidity, which is appropriate given the image&#8217;s theme of motherhood and love.<\/p>\n<p>The symbolism of the painting is also rich. Mother and child are often seen as symbols of love, care and continuity of life. The lush foliage and vibrant flowers surrounding mother and child could represent the abundance and vitality of nature and the bond between mother and child. The intimate pose of mother and child could represent an unbreakable bond between them.<\/p>\n<p>The painting was well received by critics at its first exhibition and has since become one of Klimt&#8217;s most beloved and recognizable works. It is currently stored in the Museum of Fine Arts in Vienna, Austria.<\/p>\n<p>In short, &#8220;Mother and Child&#8221; is an intimate and personal painting that displays the richly ornate patterns, bold colors and sensual theme that are the hallmarks of Gustav Klimt&#8217;s art nouveau style. The use of color and pattern in the painting creates a sense of movement and fluidity, while the mother and child symbolize love, care and the continuity of life. The painting is considered one of Klimt&#8217;s most beloved and recognizable works and is currently housed in the Museum of Fine Arts in Vienna, Austria.[\/vc_column_text][\/vc_column][\/vc_row]\n<\/div>","protected":false},"excerpt":{"rendered":"<p>[vc_row css=&#8221;.vc_custom_1742245667041{margin-bottom: 5px !important;}&#8221;][vc_column][\/vc_column][\/vc_row][vc_row css=&#8221;.vc_custom_1742245667041{margin-bottom: 5px !important;}&#8221;][vc_column][\/vc_column][\/vc_row][vc_row css=&#8221;.vc_custom_1742245667041{margin-bottom: 5px !important;}&#8221;][vc_column][\/vc_column][\/vc_row][vc_row css=&#8221;.vc_custom_1742245667041{margin-bottom: 5px !important;}&#8221;][vc_column][\/vc_column][\/vc_row][vc_row][vc_column][vc_column_text] Gustav Klimt &#8211; Mother and child (detail) &#8211; Mother and child Year created: 1905 Original size: 178 x 198 cm Painting Style: Secession Original technique: Oil on canvas Located: National Gallery of Modern Art (GNAM), Rome This [&hellip;]<\/p>\n","protected":false},"featured_media":78962,"template":"","meta":{"_acf_changed":false},"product_brand":[],"product_cat":[9808],"product_tag":[9837,9841,9870,9862,9863],"class_list":{"0":"post-81052","1":"product","2":"type-product","3":"status-publish","4":"has-post-thumbnail","6":"product_cat-gustav-klimt-en","7":"product_tag-gustav-klimt-en","8":"product_tag-klimt-en","9":"product_tag-painter","10":"product_tag-reproduction-en","11":"product_tag-reproductions","12":"pa_dimenzija-100-x-100-cm","13":"pa_dimenzija-120-x-120-cm","14":"pa_dimenzija-150-x-150-cm","15":"pa_dimenzija-50-x-50-cm","16":"pa_dimenzija-60-x-60-cm","17":"pa_dimenzija-80-x-80-cm","18":"pa_dimenzija-90-x-90-cm","19":"pa_oblika-vertical","20":"pa_okvir-without-frame","21":"pa_podokvir-without","22":"pa_podokvir-yes","24":"first","25":"onbackorder","26":"purchasable","27":"product-type-variable","28":"has-default-attributes"},"acf":[],"yoast_head":"<!-- This site is optimized with the Yoast SEO Premium plugin v26.0 (Yoast SEO v27.2) - https:\/\/yoast.com\/product\/yoast-seo-premium-wordpress\/ -->\n<title>Gustav Klimt - Mother and child (detail) - SVETSLIK.SI - 100% hand painted<\/title>\n<meta name=\"description\" content=\"Gustav Klimt - Mother and child (detail) - 100% hand-painted reproduction of famous paintings by famous artists. Wall art, abstract paintings and custom painted paintings by order.\" \/>\n<meta name=\"robots\" content=\"index, follow, max-snippet:-1, max-image-preview:large, max-video-preview:-1\" \/>\n<link rel=\"canonical\" href=\"https:\/\/svetslik.si\/en\/gustav-klimt-en\/mother-and-child-detail\/\" \/>\n<meta property=\"og:locale\" content=\"en_US\" \/>\n<meta property=\"og:type\" content=\"article\" \/>\n<meta property=\"og:title\" content=\"Gustav Klimt - Mother and child (detail)\" \/>\n<meta property=\"og:description\" content=\"100% ro\u010dno naslikane slike na platnu, reprodukcije znanih slikarjev in umetni\u0161ke slike po naro\u010dilu.\" \/>\n<meta property=\"og:url\" content=\"https:\/\/svetslik.si\/en\/gustav-klimt-en\/mother-and-child-detail\/\" \/>\n<meta property=\"og:site_name\" content=\"SVETSLIK.SI\" \/>\n<meta property=\"article:publisher\" content=\"https:\/\/www.facebook.com\/svetslik.si\" \/>\n<meta property=\"article:modified_time\" content=\"2026-03-22T18:15:33+00:00\" \/>\n<meta property=\"og:image\" content=\"https:\/\/svetslik.si\/wp-content\/uploads\/2021\/08\/image_Mother-and-child-detail-Gustav-Klimt_680.jpg\" \/>\n\t<meta property=\"og:image:width\" content=\"1033\" \/>\n\t<meta property=\"og:image:height\" content=\"1274\" \/>\n\t<meta property=\"og:image:type\" content=\"image\/jpeg\" \/>\n<meta name=\"twitter:card\" content=\"summary_large_image\" \/>\n<meta name=\"twitter:site\" content=\"@svetslik\" \/>\n<meta name=\"twitter:label1\" content=\"Availability\" \/>\n\t<meta name=\"twitter:data1\" content=\"On backorder\" \/>\n<script type=\"application\/ld+json\" class=\"yoast-schema-graph\">{\"@context\":\"https:\/\/schema.org\",\"@graph\":[{\"@type\":[\"WebPage\",\"ItemPage\"],\"@id\":\"https:\/\/svetslik.si\/en\/gustav-klimt-en\/mother-and-child-detail\/\",\"url\":\"https:\/\/svetslik.si\/en\/gustav-klimt-en\/mother-and-child-detail\/\",\"name\":\"Gustav Klimt - Mother and child (detail) - SVETSLIK.SI - 100% hand painted\",\"isPartOf\":{\"@id\":\"https:\/\/svetslik.si\/en\/#website\"},\"primaryImageOfPage\":{\"@id\":\"https:\/\/svetslik.si\/en\/gustav-klimt-en\/mother-and-child-detail\/#primaryimage\"},\"image\":{\"@id\":\"https:\/\/svetslik.si\/en\/gustav-klimt-en\/mother-and-child-detail\/#primaryimage\"},\"thumbnailUrl\":\"https:\/\/svetslik.si\/wp-content\/uploads\/2021\/08\/image_Mother-and-child-detail-Gustav-Klimt_680.jpg\",\"datePublished\":\"2021-09-02T15:41:58+00:00\",\"dateModified\":\"2026-03-22T18:15:33+00:00\",\"description\":\"Gustav Klimt - Mother and child (detail) - 100% hand-painted reproduction of famous paintings by famous artists. Wall art, abstract paintings and custom painted paintings by order.\",\"breadcrumb\":{\"@id\":\"https:\/\/svetslik.si\/en\/gustav-klimt-en\/mother-and-child-detail\/#breadcrumb\"},\"inLanguage\":\"en-US\",\"potentialAction\":[{\"@type\":\"ReadAction\",\"target\":[\"https:\/\/svetslik.si\/en\/gustav-klimt-en\/mother-and-child-detail\/\"]}]},{\"@type\":\"ImageObject\",\"inLanguage\":\"en-US\",\"@id\":\"https:\/\/svetslik.si\/en\/gustav-klimt-en\/mother-and-child-detail\/#primaryimage\",\"url\":\"https:\/\/svetslik.si\/wp-content\/uploads\/2021\/08\/image_Mother-and-child-detail-Gustav-Klimt_680.jpg\",\"contentUrl\":\"https:\/\/svetslik.si\/wp-content\/uploads\/2021\/08\/image_Mother-and-child-detail-Gustav-Klimt_680.jpg\",\"width\":1033,\"height\":1274,\"caption\":\"Gustav Klimt - Mother and child (detail) - reproduction of famous painting by famous artist, hand painted painting on canvas, symbolism\"},{\"@type\":\"BreadcrumbList\",\"@id\":\"https:\/\/svetslik.si\/en\/gustav-klimt-en\/mother-and-child-detail\/#breadcrumb\",\"itemListElement\":[{\"@type\":\"ListItem\",\"position\":1,\"name\":\"Wall art and paintings on canvas\",\"item\":\"https:\/\/svetslik.si\/en\/\"},{\"@type\":\"ListItem\",\"position\":2,\"name\":\"Sale of paintings\",\"item\":\"https:\/\/svetslik.si\/prodaja-slik\/\"},{\"@type\":\"ListItem\",\"position\":3,\"name\":\"Gustav Klimt &#8211; Mother and child (detail)\"}]},{\"@type\":\"WebSite\",\"@id\":\"https:\/\/svetslik.si\/en\/#website\",\"url\":\"https:\/\/svetslik.si\/en\/\",\"name\":\"SVETSLIK.SI\",\"description\":\"100% ru\u010dno naslikane reprodukcije slika poznatih slikara in umjetni\u010dke zidne slike na platnu.\",\"publisher\":{\"@id\":\"https:\/\/svetslik.si\/en\/#organization\"},\"potentialAction\":[{\"@type\":\"SearchAction\",\"target\":{\"@type\":\"EntryPoint\",\"urlTemplate\":\"https:\/\/svetslik.si\/en\/?s={search_term_string}\"},\"query-input\":{\"@type\":\"PropertyValueSpecification\",\"valueRequired\":true,\"valueName\":\"search_term_string\"}}],\"inLanguage\":\"en-US\"},{\"@type\":\"Organization\",\"@id\":\"https:\/\/svetslik.si\/en\/#organization\",\"name\":\"SvetSlik.si\",\"url\":\"https:\/\/svetslik.si\/en\/\",\"logo\":{\"@type\":\"ImageObject\",\"inLanguage\":\"en-US\",\"@id\":\"https:\/\/svetslik.si\/en\/#\/schema\/logo\/image\/\",\"url\":\"https:\/\/svetslik.si\/wp-content\/uploads\/2020\/12\/logo-512.png\",\"contentUrl\":\"https:\/\/svetslik.si\/wp-content\/uploads\/2020\/12\/logo-512.png\",\"width\":512,\"height\":512,\"caption\":\"SvetSlik.si\"},\"image\":{\"@id\":\"https:\/\/svetslik.si\/en\/#\/schema\/logo\/image\/\"},\"sameAs\":[\"https:\/\/www.facebook.com\/svetslik.si\",\"https:\/\/x.com\/svetslik\",\"https:\/\/www.instagram.com\/svetslik.si\/\",\"https:\/\/www.linkedin.com\/company\/svetslik-si\"]}]}<\/script>\n<meta property=\"og:availability\" content=\"backorder\" \/>\n<meta property=\"product:availability\" content=\"available for order\" \/>\n<meta property=\"product:retailer_item_id\" content=\"24__\" \/>\n<meta property=\"product:condition\" content=\"new\" \/>\n<!-- \/ Yoast SEO Premium plugin. -->","yoast_head_json":{"title":"Gustav Klimt - Mother and child (detail) - SVETSLIK.SI - 100% hand painted","description":"Gustav Klimt - Mother and child (detail) - 100% hand-painted reproduction of famous paintings by famous artists. Wall art, abstract paintings and custom painted paintings by order.","robots":{"index":"index","follow":"follow","max-snippet":"max-snippet:-1","max-image-preview":"max-image-preview:large","max-video-preview":"max-video-preview:-1"},"canonical":"https:\/\/svetslik.si\/en\/gustav-klimt-en\/mother-and-child-detail\/","og_locale":"en_US","og_type":"article","og_title":"Gustav Klimt - Mother and child (detail)","og_description":"100% ro\u010dno naslikane slike na platnu, reprodukcije znanih slikarjev in umetni\u0161ke slike po naro\u010dilu.","og_url":"https:\/\/svetslik.si\/en\/gustav-klimt-en\/mother-and-child-detail\/","og_site_name":"SVETSLIK.SI","article_publisher":"https:\/\/www.facebook.com\/svetslik.si","article_modified_time":"2026-03-22T18:15:33+00:00","og_image":[{"width":1033,"height":1274,"url":"https:\/\/svetslik.si\/wp-content\/uploads\/2021\/08\/image_Mother-and-child-detail-Gustav-Klimt_680.jpg","type":"image\/jpeg"}],"twitter_card":"summary_large_image","twitter_site":"@svetslik","twitter_misc":{"Availability":"On backorder"},"schema":{"@context":"https:\/\/schema.org","@graph":[{"@type":["WebPage","ItemPage"],"@id":"https:\/\/svetslik.si\/en\/gustav-klimt-en\/mother-and-child-detail\/","url":"https:\/\/svetslik.si\/en\/gustav-klimt-en\/mother-and-child-detail\/","name":"Gustav Klimt - Mother and child (detail) - SVETSLIK.SI - 100% hand painted","isPartOf":{"@id":"https:\/\/svetslik.si\/en\/#website"},"primaryImageOfPage":{"@id":"https:\/\/svetslik.si\/en\/gustav-klimt-en\/mother-and-child-detail\/#primaryimage"},"image":{"@id":"https:\/\/svetslik.si\/en\/gustav-klimt-en\/mother-and-child-detail\/#primaryimage"},"thumbnailUrl":"https:\/\/svetslik.si\/wp-content\/uploads\/2021\/08\/image_Mother-and-child-detail-Gustav-Klimt_680.jpg","datePublished":"2021-09-02T15:41:58+00:00","dateModified":"2026-03-22T18:15:33+00:00","description":"Gustav Klimt - Mother and child (detail) - 100% hand-painted reproduction of famous paintings by famous artists. Wall art, abstract paintings and custom painted paintings by order.","breadcrumb":{"@id":"https:\/\/svetslik.si\/en\/gustav-klimt-en\/mother-and-child-detail\/#breadcrumb"},"inLanguage":"en-US","potentialAction":[{"@type":"ReadAction","target":["https:\/\/svetslik.si\/en\/gustav-klimt-en\/mother-and-child-detail\/"]}]},{"@type":"ImageObject","inLanguage":"en-US","@id":"https:\/\/svetslik.si\/en\/gustav-klimt-en\/mother-and-child-detail\/#primaryimage","url":"https:\/\/svetslik.si\/wp-content\/uploads\/2021\/08\/image_Mother-and-child-detail-Gustav-Klimt_680.jpg","contentUrl":"https:\/\/svetslik.si\/wp-content\/uploads\/2021\/08\/image_Mother-and-child-detail-Gustav-Klimt_680.jpg","width":1033,"height":1274,"caption":"Gustav Klimt - Mother and child (detail) - reproduction of famous painting by famous artist, hand painted painting on canvas, symbolism"},{"@type":"BreadcrumbList","@id":"https:\/\/svetslik.si\/en\/gustav-klimt-en\/mother-and-child-detail\/#breadcrumb","itemListElement":[{"@type":"ListItem","position":1,"name":"Wall art and paintings on canvas","item":"https:\/\/svetslik.si\/en\/"},{"@type":"ListItem","position":2,"name":"Sale of paintings","item":"https:\/\/svetslik.si\/prodaja-slik\/"},{"@type":"ListItem","position":3,"name":"Gustav Klimt &#8211; Mother and child (detail)"}]},{"@type":"WebSite","@id":"https:\/\/svetslik.si\/en\/#website","url":"https:\/\/svetslik.si\/en\/","name":"SVETSLIK.SI","description":"100% ru\u010dno naslikane reprodukcije slika poznatih slikara in umjetni\u010dke zidne slike na platnu.","publisher":{"@id":"https:\/\/svetslik.si\/en\/#organization"},"potentialAction":[{"@type":"SearchAction","target":{"@type":"EntryPoint","urlTemplate":"https:\/\/svetslik.si\/en\/?s={search_term_string}"},"query-input":{"@type":"PropertyValueSpecification","valueRequired":true,"valueName":"search_term_string"}}],"inLanguage":"en-US"},{"@type":"Organization","@id":"https:\/\/svetslik.si\/en\/#organization","name":"SvetSlik.si","url":"https:\/\/svetslik.si\/en\/","logo":{"@type":"ImageObject","inLanguage":"en-US","@id":"https:\/\/svetslik.si\/en\/#\/schema\/logo\/image\/","url":"https:\/\/svetslik.si\/wp-content\/uploads\/2020\/12\/logo-512.png","contentUrl":"https:\/\/svetslik.si\/wp-content\/uploads\/2020\/12\/logo-512.png","width":512,"height":512,"caption":"SvetSlik.si"},"image":{"@id":"https:\/\/svetslik.si\/en\/#\/schema\/logo\/image\/"},"sameAs":["https:\/\/www.facebook.com\/svetslik.si","https:\/\/x.com\/svetslik","https:\/\/www.instagram.com\/svetslik.si\/","https:\/\/www.linkedin.com\/company\/svetslik-si"]}]},"og_availability":"backorder","product_availability":"available for order","product_retailer_item_id":"24__","product_condition":"new"},"jetpack_sharing_enabled":true,"_links":{"self":[{"href":"https:\/\/svetslik.si\/en\/wp-json\/wp\/v2\/product\/81052","targetHints":{"allow":["GET"]}}],"collection":[{"href":"https:\/\/svetslik.si\/en\/wp-json\/wp\/v2\/product"}],"about":[{"href":"https:\/\/svetslik.si\/en\/wp-json\/wp\/v2\/types\/product"}],"wp:featuredmedia":[{"embeddable":true,"href":"https:\/\/svetslik.si\/en\/wp-json\/wp\/v2\/media\/78962"}],"wp:attachment":[{"href":"https:\/\/svetslik.si\/en\/wp-json\/wp\/v2\/media?parent=81052"}],"wp:term":[{"taxonomy":"product_brand","embeddable":true,"href":"https:\/\/svetslik.si\/en\/wp-json\/wp\/v2\/product_brand?post=81052"},{"taxonomy":"product_cat","embeddable":true,"href":"https:\/\/svetslik.si\/en\/wp-json\/wp\/v2\/product_cat?post=81052"},{"taxonomy":"product_tag","embeddable":true,"href":"https:\/\/svetslik.si\/en\/wp-json\/wp\/v2\/product_tag?post=81052"}],"curies":[{"name":"wp","href":"https:\/\/api.w.org\/{rel}","templated":true}]}}