{"id":81090,"date":"2021-09-02T17:42:04","date_gmt":"2021-09-02T15:42:04","guid":{"rendered":"https:\/\/svetslik.si\/uncategorized\/hope-ii\/"},"modified":"2026-03-22T19:17:08","modified_gmt":"2026-03-22T18:17:08","slug":"hope-ii","status":"publish","type":"product","link":"https:\/\/svetslik.si\/en\/gustav-klimt-en\/hope-ii\/","title":{"rendered":"Gustav Klimt &#8211; Hope II"},"content":{"rendered":"<div class=\"wpb-content-wrapper\">[vc_row css=&#8221;.vc_custom_1742247164329{margin-bottom: 10px !important;}&#8221;][vc_column]\t<div class=\"et-image-672 et-image     et_image_link\">\n\t\t<div class=\"et-image-inner \">\n\t\t\t\t\t\t\t<div class=\"et-image-thumb \">\n\t\t\t\t\t<img decoding=\"async\" width=\"1500\" height=\"1465\" src=\"https:\/\/svetslik.si\/wp-content\/uploads\/2021\/09\/Gustav-Klimt-\u2013-Hope-II-slike-na-platnu-5.jpg\" class=\"attachment-full\" alt=\"Gustav Klimt - Hope II\" title=\"Gustav Klimt - Hope II\" srcset=\"https:\/\/svetslik.si\/wp-content\/uploads\/2021\/09\/Gustav-Klimt-\u2013-Hope-II-slike-na-platnu-5.jpg 1500w, https:\/\/svetslik.si\/wp-content\/uploads\/2021\/09\/Gustav-Klimt-\u2013-Hope-II-slike-na-platnu-5-600x586.jpg 600w, https:\/\/svetslik.si\/wp-content\/uploads\/2021\/09\/Gustav-Klimt-\u2013-Hope-II-slike-na-platnu-5-1200x1172.jpg 1200w, https:\/\/svetslik.si\/wp-content\/uploads\/2021\/09\/Gustav-Klimt-\u2013-Hope-II-slike-na-platnu-5-300x293.jpg 300w, https:\/\/svetslik.si\/wp-content\/uploads\/2021\/09\/Gustav-Klimt-\u2013-Hope-II-slike-na-platnu-5-1024x1000.jpg 1024w, https:\/\/svetslik.si\/wp-content\/uploads\/2021\/09\/Gustav-Klimt-\u2013-Hope-II-slike-na-platnu-5-768x750.jpg 768w, https:\/\/svetslik.si\/wp-content\/uploads\/2021\/09\/Gustav-Klimt-\u2013-Hope-II-slike-na-platnu-5-150x147.jpg 150w\" sizes=\"(max-width: 1500px) 100vw, 1500px\" \/>\t\t\t\t<\/div>\n\t\t\t\t\t\t\t\t\t\t\t<\/div>\n\t<\/div>\n  [\/vc_column][\/vc_row][vc_row css=&#8221;.vc_custom_1742247164329{margin-bottom: 10px !important;}&#8221;][vc_column]\t<div class=\"et-image-677 et-image     et_image_link\">\n\t\t<div class=\"et-image-inner \">\n\t\t\t\t\t\t\t<div class=\"et-image-thumb \">\n\t\t\t\t\t<img decoding=\"async\" width=\"1500\" height=\"2121\" src=\"https:\/\/svetslik.si\/wp-content\/uploads\/2021\/09\/Gustav-Klimt-\u2013-Hope-II-slike-na-platnu.jpg\" class=\"attachment-full\" alt=\"Gustav Klimt - Hope II\" title=\"Gustav Klimt - Hope II\" srcset=\"https:\/\/svetslik.si\/wp-content\/uploads\/2021\/09\/Gustav-Klimt-\u2013-Hope-II-slike-na-platnu.jpg 1500w, https:\/\/svetslik.si\/wp-content\/uploads\/2021\/09\/Gustav-Klimt-\u2013-Hope-II-slike-na-platnu-600x848.jpg 600w, https:\/\/svetslik.si\/wp-content\/uploads\/2021\/09\/Gustav-Klimt-\u2013-Hope-II-slike-na-platnu-1200x1697.jpg 1200w, https:\/\/svetslik.si\/wp-content\/uploads\/2021\/09\/Gustav-Klimt-\u2013-Hope-II-slike-na-platnu-212x300.jpg 212w, https:\/\/svetslik.si\/wp-content\/uploads\/2021\/09\/Gustav-Klimt-\u2013-Hope-II-slike-na-platnu-724x1024.jpg 724w, https:\/\/svetslik.si\/wp-content\/uploads\/2021\/09\/Gustav-Klimt-\u2013-Hope-II-slike-na-platnu-768x1086.jpg 768w, https:\/\/svetslik.si\/wp-content\/uploads\/2021\/09\/Gustav-Klimt-\u2013-Hope-II-slike-na-platnu-1086x1536.jpg 1086w, https:\/\/svetslik.si\/wp-content\/uploads\/2021\/09\/Gustav-Klimt-\u2013-Hope-II-slike-na-platnu-1448x2048.jpg 1448w, https:\/\/svetslik.si\/wp-content\/uploads\/2021\/09\/Gustav-Klimt-\u2013-Hope-II-slike-na-platnu-106x150.jpg 106w\" sizes=\"(max-width: 1500px) 100vw, 1500px\" \/>\t\t\t\t<\/div>\n\t\t\t\t\t\t\t\t\t\t\t<\/div>\n\t<\/div>\n  [\/vc_column][\/vc_row][vc_row css=&#8221;.vc_custom_1742247164329{margin-bottom: 10px !important;}&#8221;][vc_column]\t<div class=\"et-image-292 et-image     et_image_link\">\n\t\t<div class=\"et-image-inner \">\n\t\t\t\t\t\t\t<div class=\"et-image-thumb \">\n\t\t\t\t\t<img decoding=\"async\" width=\"1500\" height=\"2087\" src=\"https:\/\/svetslik.si\/wp-content\/uploads\/2021\/09\/Gustav-Klimt-\u2013-Hope-II-slike-na-platnu-2.jpg\" class=\"attachment-full\" alt=\"Gustav Klimt - Hope II\" title=\"Gustav Klimt - Hope II\" srcset=\"https:\/\/svetslik.si\/wp-content\/uploads\/2021\/09\/Gustav-Klimt-\u2013-Hope-II-slike-na-platnu-2.jpg 1500w, https:\/\/svetslik.si\/wp-content\/uploads\/2021\/09\/Gustav-Klimt-\u2013-Hope-II-slike-na-platnu-2-600x835.jpg 600w, https:\/\/svetslik.si\/wp-content\/uploads\/2021\/09\/Gustav-Klimt-\u2013-Hope-II-slike-na-platnu-2-1200x1670.jpg 1200w, https:\/\/svetslik.si\/wp-content\/uploads\/2021\/09\/Gustav-Klimt-\u2013-Hope-II-slike-na-platnu-2-216x300.jpg 216w, https:\/\/svetslik.si\/wp-content\/uploads\/2021\/09\/Gustav-Klimt-\u2013-Hope-II-slike-na-platnu-2-736x1024.jpg 736w, https:\/\/svetslik.si\/wp-content\/uploads\/2021\/09\/Gustav-Klimt-\u2013-Hope-II-slike-na-platnu-2-768x1069.jpg 768w, https:\/\/svetslik.si\/wp-content\/uploads\/2021\/09\/Gustav-Klimt-\u2013-Hope-II-slike-na-platnu-2-1104x1536.jpg 1104w, https:\/\/svetslik.si\/wp-content\/uploads\/2021\/09\/Gustav-Klimt-\u2013-Hope-II-slike-na-platnu-2-1472x2048.jpg 1472w, https:\/\/svetslik.si\/wp-content\/uploads\/2021\/09\/Gustav-Klimt-\u2013-Hope-II-slike-na-platnu-2-108x150.jpg 108w\" sizes=\"(max-width: 1500px) 100vw, 1500px\" \/>\t\t\t\t<\/div>\n\t\t\t\t\t\t\t\t\t\t\t<\/div>\n\t<\/div>\n  [\/vc_column][\/vc_row][vc_row css=&#8221;.vc_custom_1742247164329{margin-bottom: 10px !important;}&#8221;][vc_column]\t<div class=\"et-image-691 et-image     et_image_link\">\n\t\t<div class=\"et-image-inner \">\n\t\t\t\t\t\t\t<div class=\"et-image-thumb \">\n\t\t\t\t\t<img decoding=\"async\" width=\"1500\" height=\"1386\" src=\"https:\/\/svetslik.si\/wp-content\/uploads\/2021\/09\/Gustav-Klimt-\u2013-Hope-II-slike-na-platnu-3.jpg\" class=\"attachment-full\" alt=\"Gustav Klimt - Hope II\" title=\"Gustav Klimt - Hope II\" srcset=\"https:\/\/svetslik.si\/wp-content\/uploads\/2021\/09\/Gustav-Klimt-\u2013-Hope-II-slike-na-platnu-3.jpg 1500w, https:\/\/svetslik.si\/wp-content\/uploads\/2021\/09\/Gustav-Klimt-\u2013-Hope-II-slike-na-platnu-3-600x554.jpg 600w, https:\/\/svetslik.si\/wp-content\/uploads\/2021\/09\/Gustav-Klimt-\u2013-Hope-II-slike-na-platnu-3-1200x1109.jpg 1200w, https:\/\/svetslik.si\/wp-content\/uploads\/2021\/09\/Gustav-Klimt-\u2013-Hope-II-slike-na-platnu-3-300x277.jpg 300w, https:\/\/svetslik.si\/wp-content\/uploads\/2021\/09\/Gustav-Klimt-\u2013-Hope-II-slike-na-platnu-3-1024x946.jpg 1024w, https:\/\/svetslik.si\/wp-content\/uploads\/2021\/09\/Gustav-Klimt-\u2013-Hope-II-slike-na-platnu-3-768x710.jpg 768w, https:\/\/svetslik.si\/wp-content\/uploads\/2021\/09\/Gustav-Klimt-\u2013-Hope-II-slike-na-platnu-3-150x139.jpg 150w\" sizes=\"(max-width: 1500px) 100vw, 1500px\" \/>\t\t\t\t<\/div>\n\t\t\t\t\t\t\t\t\t\t\t<\/div>\n\t<\/div>\n  [\/vc_column][\/vc_row][vc_row css=&#8221;.vc_custom_1742247164329{margin-bottom: 10px !important;}&#8221;][vc_column]\t<div class=\"et-image-20 et-image     et_image_link\">\n\t\t<div class=\"et-image-inner \">\n\t\t\t\t\t\t\t<div class=\"et-image-thumb \">\n\t\t\t\t\t<img decoding=\"async\" width=\"1500\" height=\"1125\" src=\"https:\/\/svetslik.si\/wp-content\/uploads\/2021\/09\/Gustav-Klimt-\u2013-Hope-II-slike-na-platnu-4.jpg\" class=\"attachment-full\" alt=\"Gustav Klimt - Hope II\" title=\"Gustav Klimt - Hope II\" srcset=\"https:\/\/svetslik.si\/wp-content\/uploads\/2021\/09\/Gustav-Klimt-\u2013-Hope-II-slike-na-platnu-4.jpg 1500w, https:\/\/svetslik.si\/wp-content\/uploads\/2021\/09\/Gustav-Klimt-\u2013-Hope-II-slike-na-platnu-4-600x450.jpg 600w, https:\/\/svetslik.si\/wp-content\/uploads\/2021\/09\/Gustav-Klimt-\u2013-Hope-II-slike-na-platnu-4-1200x900.jpg 1200w, https:\/\/svetslik.si\/wp-content\/uploads\/2021\/09\/Gustav-Klimt-\u2013-Hope-II-slike-na-platnu-4-300x225.jpg 300w, https:\/\/svetslik.si\/wp-content\/uploads\/2021\/09\/Gustav-Klimt-\u2013-Hope-II-slike-na-platnu-4-1024x768.jpg 1024w, https:\/\/svetslik.si\/wp-content\/uploads\/2021\/09\/Gustav-Klimt-\u2013-Hope-II-slike-na-platnu-4-768x576.jpg 768w, https:\/\/svetslik.si\/wp-content\/uploads\/2021\/09\/Gustav-Klimt-\u2013-Hope-II-slike-na-platnu-4-150x113.jpg 150w\" sizes=\"(max-width: 1500px) 100vw, 1500px\" \/>\t\t\t\t<\/div>\n\t\t\t\t\t\t\t\t\t\t\t<\/div>\n\t<\/div>\n  [\/vc_column][\/vc_row][vc_row][vc_column][vc_column_text]\n<h1>Gustav Klimt &#8211; Hope II<\/h1>\n<p>&nbsp;<\/p>\n<table id=\"imageinfo\" border=\"0\" width=\"96%\" cellspacing=\"0\" cellpadding=\"2\">\n<tbody>\n<tr>\n<td width=\"120\">Year created:<\/td>\n<td>1907-1908<\/td>\n<\/tr>\n<tr>\n<td>Original size:<\/td>\n<td>110 x 110 cm<\/td>\n<\/tr>\n<tr>\n<td>Painting Style:<\/td>\n<td>Secession<\/td>\n<\/tr>\n<tr>\n<td>Original technique:<\/td>\n<td>Oil and gold on canvas<\/td>\n<\/tr>\n<tr>\n<td>Located:<\/td>\n<td>The Museum of Modern Art (MoMA), New York<\/td>\n<\/tr>\n<\/tbody>\n<\/table>\n<p>Although images of women and children are a common occurrence in the history of art, depictions of pregnancy are quite rare. In the oil on canvas <em>Hope II<\/em>, a pregnant woman bends her head and closes her eyes as if praying for the safety of her child. A human skull looks out from behind the edge of the dress, depicting death as the danger that threatens the child. At her feet, three women with bowed heads and raised hands pray for the child&#8217;s health &#8211; although their solemnity could also mean mourning, a prediction of the child&#8217;s fate.[\/vc_column_text][\/vc_column][\/vc_row][vc_row][vc_column][vc_column_text] &#8220;Hope II&#8221;, painted by the Austrian artist Gustav Klimt in 1907-1908, is considered one of the artist&#8217;s most powerful and thought-provoking works. The picture shows a pregnant woman sitting on a bench, holding her stomach and looking into the distance with a thoughtful look.<\/p>\n<p>The painting is an excellent example of Klimt&#8217;s Art Nouveau style, which was characterized by the use of ornate patterns, bold colors and sensual subject matter. The woman in the picture is depicted in a highly stylized manner, with elongated limbs and simplified facial features, which gives the picture an otherworldly and dreamlike quality.<\/p>\n<p>One of the most striking features of &#8220;Hope II&#8221; is its use of bold colors and intricate patterns. The painting is a riot of color, with the woman&#8217;s dress and background all made up of swirling, interwoven patterns. The use of color and pattern creates a sense of movement and fluidity, which is appropriate given the painting&#8217;s theme of hope and life.[\/vc_column_text][\/vc_column][\/vc_row]\n<\/div>","protected":false},"excerpt":{"rendered":"<p>[vc_row css=&#8221;.vc_custom_1742247164329{margin-bottom: 10px !important;}&#8221;][vc_column][\/vc_column][\/vc_row][vc_row css=&#8221;.vc_custom_1742247164329{margin-bottom: 10px !important;}&#8221;][vc_column][\/vc_column][\/vc_row][vc_row css=&#8221;.vc_custom_1742247164329{margin-bottom: 10px !important;}&#8221;][vc_column][\/vc_column][\/vc_row][vc_row css=&#8221;.vc_custom_1742247164329{margin-bottom: 10px !important;}&#8221;][vc_column][\/vc_column][\/vc_row][vc_row css=&#8221;.vc_custom_1742247164329{margin-bottom: 10px !important;}&#8221;][vc_column][\/vc_column][\/vc_row][vc_row][vc_column][vc_column_text] Gustav Klimt &#8211; Hope II &nbsp; Year created: 1907-1908 Original size: 110 x 110 cm Painting Style: Secession Original technique: Oil and gold on canvas Located: The Museum of Modern Art (MoMA), New York [&hellip;]<\/p>\n","protected":false},"featured_media":78781,"template":"","meta":{"_acf_changed":false},"product_brand":[],"product_cat":[9808],"product_tag":[9837,9841,9870,9862,9863],"class_list":{"0":"post-81090","1":"product","2":"type-product","3":"status-publish","4":"has-post-thumbnail","6":"product_cat-gustav-klimt-en","7":"product_tag-gustav-klimt-en","8":"product_tag-klimt-en","9":"product_tag-painter","10":"product_tag-reproduction-en","11":"product_tag-reproductions","12":"pa_dimenzija-100-x-100-cm-en","13":"pa_dimenzija-120-x-120-cm-en","14":"pa_dimenzija-150-x-150-cm-en","15":"pa_dimenzija-50-x-50-cm-en","16":"pa_dimenzija-60-x-60-cm-en","17":"pa_dimenzija-70-x-70-cm-en","18":"pa_dimenzija-80-x-80-cm-en","19":"pa_dimenzija-90-x-90-cm-en","20":"pa_oblika-square","21":"pa_okvir-without-frame","22":"pa_podokvir-without","23":"pa_podokvir-yes","25":"first","26":"onbackorder","27":"purchasable","28":"product-type-variable","29":"has-default-attributes"},"acf":[],"yoast_head":"<!-- This site is optimized with the Yoast SEO Premium plugin v26.0 (Yoast SEO v27.2) - https:\/\/yoast.com\/product\/yoast-seo-premium-wordpress\/ -->\n<title>Gustav Klimt - Hope II - SVETSLIK.SI - 100% hand painted<\/title>\n<meta name=\"description\" content=\"Gustav Klimt - Hope II - 100% hand-painted reproduction of famous paintings by famous artists. Wall art, abstract paintings and custom painted paintings by order.\" \/>\n<meta name=\"robots\" content=\"index, follow, max-snippet:-1, max-image-preview:large, max-video-preview:-1\" \/>\n<link rel=\"canonical\" href=\"https:\/\/svetslik.si\/en\/gustav-klimt-en\/hope-ii\/\" \/>\n<meta property=\"og:locale\" content=\"en_US\" \/>\n<meta property=\"og:type\" content=\"article\" \/>\n<meta property=\"og:title\" content=\"Gustav Klimt - Hope II\" \/>\n<meta property=\"og:description\" content=\"100% ro\u010dno naslikane slike na platnu, reprodukcije znanih slikarjev in umetni\u0161ke slike po naro\u010dilu.\" \/>\n<meta property=\"og:url\" content=\"https:\/\/svetslik.si\/en\/gustav-klimt-en\/hope-ii\/\" \/>\n<meta property=\"og:site_name\" content=\"SVETSLIK.SI\" \/>\n<meta property=\"article:publisher\" content=\"https:\/\/www.facebook.com\/svetslik.si\" \/>\n<meta property=\"article:modified_time\" content=\"2026-03-22T18:17:08+00:00\" \/>\n<meta property=\"og:image\" content=\"https:\/\/svetslik.si\/wp-content\/uploads\/2021\/08\/image_Hope-II-Gustav-Klimt_680-scaled.jpg\" \/>\n\t<meta property=\"og:image:width\" content=\"2525\" \/>\n\t<meta property=\"og:image:height\" content=\"2560\" \/>\n\t<meta property=\"og:image:type\" content=\"image\/jpeg\" \/>\n<meta name=\"twitter:card\" content=\"summary_large_image\" \/>\n<meta name=\"twitter:site\" content=\"@svetslik\" \/>\n<meta name=\"twitter:label1\" content=\"Availability\" \/>\n\t<meta name=\"twitter:data1\" content=\"On backorder\" \/>\n<script type=\"application\/ld+json\" class=\"yoast-schema-graph\">{\"@context\":\"https:\/\/schema.org\",\"@graph\":[{\"@type\":[\"WebPage\",\"ItemPage\"],\"@id\":\"https:\/\/svetslik.si\/en\/gustav-klimt-en\/hope-ii\/\",\"url\":\"https:\/\/svetslik.si\/en\/gustav-klimt-en\/hope-ii\/\",\"name\":\"Gustav Klimt - Hope II - SVETSLIK.SI - 100% hand painted\",\"isPartOf\":{\"@id\":\"https:\/\/svetslik.si\/en\/#website\"},\"primaryImageOfPage\":{\"@id\":\"https:\/\/svetslik.si\/en\/gustav-klimt-en\/hope-ii\/#primaryimage\"},\"image\":{\"@id\":\"https:\/\/svetslik.si\/en\/gustav-klimt-en\/hope-ii\/#primaryimage\"},\"thumbnailUrl\":\"https:\/\/svetslik.si\/wp-content\/uploads\/2021\/08\/image_Hope-II-Gustav-Klimt_680-scaled.jpg\",\"datePublished\":\"2021-09-02T15:42:04+00:00\",\"dateModified\":\"2026-03-22T18:17:08+00:00\",\"description\":\"Gustav Klimt - Hope II - 100% hand-painted reproduction of famous paintings by famous artists. Wall art, abstract paintings and custom painted paintings by order.\",\"breadcrumb\":{\"@id\":\"https:\/\/svetslik.si\/en\/gustav-klimt-en\/hope-ii\/#breadcrumb\"},\"inLanguage\":\"en-US\",\"potentialAction\":[{\"@type\":\"ReadAction\",\"target\":[\"https:\/\/svetslik.si\/en\/gustav-klimt-en\/hope-ii\/\"]}]},{\"@type\":\"ImageObject\",\"inLanguage\":\"en-US\",\"@id\":\"https:\/\/svetslik.si\/en\/gustav-klimt-en\/hope-ii\/#primaryimage\",\"url\":\"https:\/\/svetslik.si\/wp-content\/uploads\/2021\/08\/image_Hope-II-Gustav-Klimt_680-scaled.jpg\",\"contentUrl\":\"https:\/\/svetslik.si\/wp-content\/uploads\/2021\/08\/image_Hope-II-Gustav-Klimt_680-scaled.jpg\",\"width\":2525,\"height\":2560,\"caption\":\"Hope II - Gustav Klimt - Tree of life - reproduction of famous painting by famous artist, hand painted painting on canvas\"},{\"@type\":\"BreadcrumbList\",\"@id\":\"https:\/\/svetslik.si\/en\/gustav-klimt-en\/hope-ii\/#breadcrumb\",\"itemListElement\":[{\"@type\":\"ListItem\",\"position\":1,\"name\":\"Wall art and paintings on canvas\",\"item\":\"https:\/\/svetslik.si\/en\/\"},{\"@type\":\"ListItem\",\"position\":2,\"name\":\"Sale of paintings\",\"item\":\"https:\/\/svetslik.si\/prodaja-slik\/\"},{\"@type\":\"ListItem\",\"position\":3,\"name\":\"Gustav Klimt &#8211; Hope II\"}]},{\"@type\":\"WebSite\",\"@id\":\"https:\/\/svetslik.si\/en\/#website\",\"url\":\"https:\/\/svetslik.si\/en\/\",\"name\":\"SVETSLIK.SI\",\"description\":\"100% ru\u010dno naslikane reprodukcije slika poznatih slikara in umjetni\u010dke zidne slike na platnu.\",\"publisher\":{\"@id\":\"https:\/\/svetslik.si\/en\/#organization\"},\"potentialAction\":[{\"@type\":\"SearchAction\",\"target\":{\"@type\":\"EntryPoint\",\"urlTemplate\":\"https:\/\/svetslik.si\/en\/?s={search_term_string}\"},\"query-input\":{\"@type\":\"PropertyValueSpecification\",\"valueRequired\":true,\"valueName\":\"search_term_string\"}}],\"inLanguage\":\"en-US\"},{\"@type\":\"Organization\",\"@id\":\"https:\/\/svetslik.si\/en\/#organization\",\"name\":\"SvetSlik.si\",\"url\":\"https:\/\/svetslik.si\/en\/\",\"logo\":{\"@type\":\"ImageObject\",\"inLanguage\":\"en-US\",\"@id\":\"https:\/\/svetslik.si\/en\/#\/schema\/logo\/image\/\",\"url\":\"https:\/\/svetslik.si\/wp-content\/uploads\/2020\/12\/logo-512.png\",\"contentUrl\":\"https:\/\/svetslik.si\/wp-content\/uploads\/2020\/12\/logo-512.png\",\"width\":512,\"height\":512,\"caption\":\"SvetSlik.si\"},\"image\":{\"@id\":\"https:\/\/svetslik.si\/en\/#\/schema\/logo\/image\/\"},\"sameAs\":[\"https:\/\/www.facebook.com\/svetslik.si\",\"https:\/\/x.com\/svetslik\",\"https:\/\/www.instagram.com\/svetslik.si\/\",\"https:\/\/www.linkedin.com\/company\/svetslik-si\"]}]}<\/script>\n<meta property=\"og:availability\" content=\"backorder\" \/>\n<meta property=\"product:availability\" content=\"available for order\" \/>\n<meta property=\"product:retailer_item_id\" content=\"29__\" \/>\n<meta property=\"product:condition\" content=\"new\" \/>\n<!-- \/ Yoast SEO Premium plugin. -->","yoast_head_json":{"title":"Gustav Klimt - Hope II - SVETSLIK.SI - 100% hand painted","description":"Gustav Klimt - Hope II - 100% hand-painted reproduction of famous paintings by famous artists. Wall art, abstract paintings and custom painted paintings by order.","robots":{"index":"index","follow":"follow","max-snippet":"max-snippet:-1","max-image-preview":"max-image-preview:large","max-video-preview":"max-video-preview:-1"},"canonical":"https:\/\/svetslik.si\/en\/gustav-klimt-en\/hope-ii\/","og_locale":"en_US","og_type":"article","og_title":"Gustav Klimt - Hope II","og_description":"100% ro\u010dno naslikane slike na platnu, reprodukcije znanih slikarjev in umetni\u0161ke slike po naro\u010dilu.","og_url":"https:\/\/svetslik.si\/en\/gustav-klimt-en\/hope-ii\/","og_site_name":"SVETSLIK.SI","article_publisher":"https:\/\/www.facebook.com\/svetslik.si","article_modified_time":"2026-03-22T18:17:08+00:00","og_image":[{"width":2525,"height":2560,"url":"https:\/\/svetslik.si\/wp-content\/uploads\/2021\/08\/image_Hope-II-Gustav-Klimt_680-scaled.jpg","type":"image\/jpeg"}],"twitter_card":"summary_large_image","twitter_site":"@svetslik","twitter_misc":{"Availability":"On backorder"},"schema":{"@context":"https:\/\/schema.org","@graph":[{"@type":["WebPage","ItemPage"],"@id":"https:\/\/svetslik.si\/en\/gustav-klimt-en\/hope-ii\/","url":"https:\/\/svetslik.si\/en\/gustav-klimt-en\/hope-ii\/","name":"Gustav Klimt - Hope II - SVETSLIK.SI - 100% hand painted","isPartOf":{"@id":"https:\/\/svetslik.si\/en\/#website"},"primaryImageOfPage":{"@id":"https:\/\/svetslik.si\/en\/gustav-klimt-en\/hope-ii\/#primaryimage"},"image":{"@id":"https:\/\/svetslik.si\/en\/gustav-klimt-en\/hope-ii\/#primaryimage"},"thumbnailUrl":"https:\/\/svetslik.si\/wp-content\/uploads\/2021\/08\/image_Hope-II-Gustav-Klimt_680-scaled.jpg","datePublished":"2021-09-02T15:42:04+00:00","dateModified":"2026-03-22T18:17:08+00:00","description":"Gustav Klimt - Hope II - 100% hand-painted reproduction of famous paintings by famous artists. Wall art, abstract paintings and custom painted paintings by order.","breadcrumb":{"@id":"https:\/\/svetslik.si\/en\/gustav-klimt-en\/hope-ii\/#breadcrumb"},"inLanguage":"en-US","potentialAction":[{"@type":"ReadAction","target":["https:\/\/svetslik.si\/en\/gustav-klimt-en\/hope-ii\/"]}]},{"@type":"ImageObject","inLanguage":"en-US","@id":"https:\/\/svetslik.si\/en\/gustav-klimt-en\/hope-ii\/#primaryimage","url":"https:\/\/svetslik.si\/wp-content\/uploads\/2021\/08\/image_Hope-II-Gustav-Klimt_680-scaled.jpg","contentUrl":"https:\/\/svetslik.si\/wp-content\/uploads\/2021\/08\/image_Hope-II-Gustav-Klimt_680-scaled.jpg","width":2525,"height":2560,"caption":"Hope II - Gustav Klimt - Tree of life - reproduction of famous painting by famous artist, hand painted painting on canvas"},{"@type":"BreadcrumbList","@id":"https:\/\/svetslik.si\/en\/gustav-klimt-en\/hope-ii\/#breadcrumb","itemListElement":[{"@type":"ListItem","position":1,"name":"Wall art and paintings on canvas","item":"https:\/\/svetslik.si\/en\/"},{"@type":"ListItem","position":2,"name":"Sale of paintings","item":"https:\/\/svetslik.si\/prodaja-slik\/"},{"@type":"ListItem","position":3,"name":"Gustav Klimt &#8211; Hope II"}]},{"@type":"WebSite","@id":"https:\/\/svetslik.si\/en\/#website","url":"https:\/\/svetslik.si\/en\/","name":"SVETSLIK.SI","description":"100% ru\u010dno naslikane reprodukcije slika poznatih slikara in umjetni\u010dke zidne slike na platnu.","publisher":{"@id":"https:\/\/svetslik.si\/en\/#organization"},"potentialAction":[{"@type":"SearchAction","target":{"@type":"EntryPoint","urlTemplate":"https:\/\/svetslik.si\/en\/?s={search_term_string}"},"query-input":{"@type":"PropertyValueSpecification","valueRequired":true,"valueName":"search_term_string"}}],"inLanguage":"en-US"},{"@type":"Organization","@id":"https:\/\/svetslik.si\/en\/#organization","name":"SvetSlik.si","url":"https:\/\/svetslik.si\/en\/","logo":{"@type":"ImageObject","inLanguage":"en-US","@id":"https:\/\/svetslik.si\/en\/#\/schema\/logo\/image\/","url":"https:\/\/svetslik.si\/wp-content\/uploads\/2020\/12\/logo-512.png","contentUrl":"https:\/\/svetslik.si\/wp-content\/uploads\/2020\/12\/logo-512.png","width":512,"height":512,"caption":"SvetSlik.si"},"image":{"@id":"https:\/\/svetslik.si\/en\/#\/schema\/logo\/image\/"},"sameAs":["https:\/\/www.facebook.com\/svetslik.si","https:\/\/x.com\/svetslik","https:\/\/www.instagram.com\/svetslik.si\/","https:\/\/www.linkedin.com\/company\/svetslik-si"]}]},"og_availability":"backorder","product_availability":"available for order","product_retailer_item_id":"29__","product_condition":"new"},"jetpack_sharing_enabled":true,"_links":{"self":[{"href":"https:\/\/svetslik.si\/en\/wp-json\/wp\/v2\/product\/81090","targetHints":{"allow":["GET"]}}],"collection":[{"href":"https:\/\/svetslik.si\/en\/wp-json\/wp\/v2\/product"}],"about":[{"href":"https:\/\/svetslik.si\/en\/wp-json\/wp\/v2\/types\/product"}],"wp:featuredmedia":[{"embeddable":true,"href":"https:\/\/svetslik.si\/en\/wp-json\/wp\/v2\/media\/78781"}],"wp:attachment":[{"href":"https:\/\/svetslik.si\/en\/wp-json\/wp\/v2\/media?parent=81090"}],"wp:term":[{"taxonomy":"product_brand","embeddable":true,"href":"https:\/\/svetslik.si\/en\/wp-json\/wp\/v2\/product_brand?post=81090"},{"taxonomy":"product_cat","embeddable":true,"href":"https:\/\/svetslik.si\/en\/wp-json\/wp\/v2\/product_cat?post=81090"},{"taxonomy":"product_tag","embeddable":true,"href":"https:\/\/svetslik.si\/en\/wp-json\/wp\/v2\/product_tag?post=81090"}],"curies":[{"name":"wp","href":"https:\/\/api.w.org\/{rel}","templated":true}]}}