{"id":81158,"date":"2021-09-02T17:42:17","date_gmt":"2021-09-02T15:42:17","guid":{"rendered":"https:\/\/svetslik.si\/uncategorized\/sunflowers-ii\/"},"modified":"2026-03-22T19:18:47","modified_gmt":"2026-03-22T18:18:47","slug":"sunflowers-ii","status":"publish","type":"product","link":"https:\/\/svetslik.si\/en\/vincent-van-gogh-en\/sunflowers-ii\/","title":{"rendered":"Vincent van Gogh &#8211; Sunflowers II \u2013 Son\u010dnice II"},"content":{"rendered":"<h1>Vincent Van Gogh &#8211; Sunflowers II<\/h1>\n<p>&nbsp;<\/p>\n<p>Year of creation: \u00a0 \u00a0 \u00a0 \u00a0 \u00a0 \u00a0 \u00a0 \u00a0 \u00a0 \u00a0 \u00a0 1888<\/p>\n<div>\n<p>Original size: \u00a0 \u00a0 \u00a0 \u00a0 \u00a0 \u00a0 \u00a0 \u00a0 91 cm \u00d7 72 cm<\/p>\n<\/div>\n<div>\n<p>Painting style: \u00a0 \u00a0 \u00a0 \u00a0 \u00a0 \u00a0 \u00a0 \u00a0 \u00a0 \u00a0 \u00a0 \u00a0 \u00a0post-impressionism<\/p>\n<\/div>\n<div>\n<p>Original technique: \u00a0 \u00a0 \u00a0 \u00a0 \u00a0 \u00a0 \u00a0 \u00a0 oil on canvas<\/p>\n<\/div>\n<div>\n<p>Located: \u00a0 \u00a0 \u00a0 \u00a0 \u00a0 \u00a0 \u00a0 \u00a0 \u00a0 \u00a0 \u00a0 \u00a0 \u00a0 \u00a0 \u00a0Museum Neue Pinakothek, Germany<\/p>\n<\/div>\n<div>\n<p>&nbsp;<\/p>\n<\/div>\n<p>Sunflowers are the motif of two of Van Gogh&#8217;s still life series. An early series was created in 1887 in Paris and shows flowers lying on the ground; the second series was created a year later in Arles and shows bouquets of sunflowers in a vase. Both series were painted by Van Gogh because he wanted to impress his friend the painter Paul Gauguin, who also bought two still lifes from the Paris series. About eight months later, Van Gogh greeted Gauguin in Arles with paintings of sunflowers in a vase, which he hung in Gauguin&#8217;s guest room in the Yellow House. Critics describe Van Gogh&#8217;s sunflower series as an &#8220;ode to Provence&#8221; and &#8220;the best still lifes in the history of art.&#8221;<\/p>\n<p>&#8220;Sunflowers&#8221; is a series of paintings by Dutch artist Vincent van Gogh, created between 1887 and 1889. This series of paintings is considered one of Van Gogh&#8217;s most iconic works and is widely recognized for its bold brushstrokes, emotionality and strong symbolism. The pictures show sunflowers in a vase with different shades of yellow and brown.<\/p>\n<p>The composition of the paintings is simple, the sunflowers occupy the center of the canvas, and the vase the rest of the space. The use of color in the paintings is also noticeable, as Van Gogh uses bold, contrasting colors that create a sense of movement and energy. Sunflowers are depicted in shades of yellow and brown, which creates a feeling of warmth and vitality. The vase is covered in blue and green shades that create a sense of stability and permanence. The brush strokes in the paintings are dense and visible, giving the paintings a sense of movement and energy.<\/p>\n<p>The symbolism in the paintings is also rich: sunflowers represent the beauty and power of nature, the yellow color of the flowers represents the warmth of life, and brown represents the natural cycle of life and death. The series of paintings is also considered to show Van Gogh&#8217;s emotional state at the time. Created while Van Gogh was living in Arles, France, the paintings are believed to reflect the artist&#8217;s feelings of yearning to connect with nature and the natural cycles of life.<\/p>\n<p>The &#8220;Sunflowers&#8221; series of paintings is considered one of Van Gogh&#8217;s most iconic works and can be found in several museums around the world, including the Vincent van Gogh Museum in Amsterdam, the National Gallery in London and the Metropolitan Museum of Art in New York. It is an important work of post-impressionism that is still admired and studied by both amateurs and experts. The powerful imagery, emotionality and rich symbolism make the paintings a must-see for any art lover and anyone interested in the work of Vincent van Gogh.<\/p>\n<p>&nbsp;<\/p>\n","protected":false},"excerpt":{"rendered":"<p>Vincent Van Gogh &#8211; Sunflowers II &nbsp; Year of creation: \u00a0 \u00a0 \u00a0 \u00a0 \u00a0 \u00a0 \u00a0 \u00a0 \u00a0 \u00a0 \u00a0 1888 Original size: \u00a0 \u00a0 \u00a0 \u00a0 \u00a0 \u00a0 \u00a0 \u00a0 91 cm \u00d7 72 cm Painting style: \u00a0 \u00a0 \u00a0 \u00a0 \u00a0 \u00a0 \u00a0 \u00a0 \u00a0 \u00a0 \u00a0 [&hellip;]<\/p>\n","protected":false},"featured_media":79013,"template":"","meta":{"_acf_changed":false},"product_brand":[],"product_cat":[9815],"product_tag":[9870,9862,9863,9883],"class_list":{"0":"post-81158","1":"product","2":"type-product","3":"status-publish","4":"has-post-thumbnail","6":"product_cat-vincent-van-gogh-en","7":"product_tag-painter","8":"product_tag-reproduction-en","9":"product_tag-reproductions","10":"product_tag-van-gogh-en","11":"pa_dimenzija-100-x-130-cm-en","12":"pa_dimenzija-40-x-50-cm-en","13":"pa_dimenzija-50-x-70-cm-en","14":"pa_dimenzija-60-x-80-cm-en","15":"pa_dimenzija-70-x-90-cm-en","16":"pa_dimenzija-80-x-100-cm-en","17":"pa_dimenzija-90-x-120-cm-en","18":"pa_oblika-horizontal","19":"pa_okvir-without-frame","20":"pa_podokvir-without","21":"pa_podokvir-yes","23":"first","24":"instock","25":"purchasable","26":"product-type-variable","27":"has-default-attributes"},"acf":[],"yoast_head":"<!-- This site is optimized with the Yoast SEO Premium plugin v26.0 (Yoast SEO v27.2) - https:\/\/yoast.com\/product\/yoast-seo-premium-wordpress\/ -->\n<title>Vincent van Gogh - Sunflowers II \u2013 Son\u010dnice II - SVETSLIK.SI - 100% hand painted<\/title>\n<meta name=\"description\" content=\"Vincent van Gogh - Sunflowers II \u2013 Son\u010dnice II - 100% hand-painted reproduction of famous paintings by famous artists. Wall art, abstract paintings and custom painted paintings by order.\" \/>\n<meta name=\"robots\" content=\"index, follow, max-snippet:-1, max-image-preview:large, max-video-preview:-1\" \/>\n<link rel=\"canonical\" href=\"https:\/\/svetslik.si\/en\/vincent-van-gogh-en\/sunflowers-ii\/\" \/>\n<meta property=\"og:locale\" content=\"en_US\" \/>\n<meta property=\"og:type\" content=\"article\" \/>\n<meta property=\"og:title\" content=\"Vincent van Gogh - Sunflowers II \u2013 Son\u010dnice II\" \/>\n<meta property=\"og:description\" content=\"100% ro\u010dno naslikane slike na platnu, reprodukcije znanih slikarjev in umetni\u0161ke slike po naro\u010dilu.\" \/>\n<meta property=\"og:url\" content=\"https:\/\/svetslik.si\/en\/vincent-van-gogh-en\/sunflowers-ii\/\" \/>\n<meta property=\"og:site_name\" content=\"SVETSLIK.SI\" \/>\n<meta property=\"article:publisher\" content=\"https:\/\/www.facebook.com\/svetslik.si\" \/>\n<meta property=\"article:modified_time\" content=\"2026-03-22T18:18:47+00:00\" \/>\n<meta property=\"og:image\" content=\"https:\/\/svetslik.si\/wp-content\/uploads\/2021\/08\/image_olje-na-platnu-Sunflowers-II-Vincent-van-Gogh_680.jpg\" \/>\n\t<meta property=\"og:image:width\" content=\"933\" \/>\n\t<meta property=\"og:image:height\" content=\"1280\" \/>\n\t<meta property=\"og:image:type\" content=\"image\/jpeg\" \/>\n<meta name=\"twitter:card\" content=\"summary_large_image\" \/>\n<meta name=\"twitter:site\" content=\"@svetslik\" \/>\n<meta name=\"twitter:label1\" content=\"Availability\" \/>\n\t<meta name=\"twitter:data1\" content=\"In stock\" \/>\n<script type=\"application\/ld+json\" class=\"yoast-schema-graph\">{\"@context\":\"https:\/\/schema.org\",\"@graph\":[{\"@type\":[\"WebPage\",\"ItemPage\"],\"@id\":\"https:\/\/svetslik.si\/en\/vincent-van-gogh-en\/sunflowers-ii\/\",\"url\":\"https:\/\/svetslik.si\/en\/vincent-van-gogh-en\/sunflowers-ii\/\",\"name\":\"Vincent van Gogh - Sunflowers II \u2013 Son\u010dnice II - SVETSLIK.SI - 100% hand painted\",\"isPartOf\":{\"@id\":\"https:\/\/svetslik.si\/en\/#website\"},\"primaryImageOfPage\":{\"@id\":\"https:\/\/svetslik.si\/en\/vincent-van-gogh-en\/sunflowers-ii\/#primaryimage\"},\"image\":{\"@id\":\"https:\/\/svetslik.si\/en\/vincent-van-gogh-en\/sunflowers-ii\/#primaryimage\"},\"thumbnailUrl\":\"https:\/\/svetslik.si\/wp-content\/uploads\/2021\/08\/image_olje-na-platnu-Sunflowers-II-Vincent-van-Gogh_680.jpg\",\"datePublished\":\"2021-09-02T15:42:17+00:00\",\"dateModified\":\"2026-03-22T18:18:47+00:00\",\"description\":\"Vincent van Gogh - Sunflowers II \u2013 Son\u010dnice II - 100% hand-painted reproduction of famous paintings by famous artists. Wall art, abstract paintings and custom painted paintings by order.\",\"breadcrumb\":{\"@id\":\"https:\/\/svetslik.si\/en\/vincent-van-gogh-en\/sunflowers-ii\/#breadcrumb\"},\"inLanguage\":\"en-US\",\"potentialAction\":[{\"@type\":\"ReadAction\",\"target\":[\"https:\/\/svetslik.si\/en\/vincent-van-gogh-en\/sunflowers-ii\/\"]}]},{\"@type\":\"ImageObject\",\"inLanguage\":\"en-US\",\"@id\":\"https:\/\/svetslik.si\/en\/vincent-van-gogh-en\/sunflowers-ii\/#primaryimage\",\"url\":\"https:\/\/svetslik.si\/wp-content\/uploads\/2021\/08\/image_olje-na-platnu-Sunflowers-II-Vincent-van-Gogh_680.jpg\",\"contentUrl\":\"https:\/\/svetslik.si\/wp-content\/uploads\/2021\/08\/image_olje-na-platnu-Sunflowers-II-Vincent-van-Gogh_680.jpg\",\"width\":933,\"height\":1280,\"caption\":\"Vincent Van Gogh - Sunflowers II - reproduction of famous painting by famous artist, hand painted painting on canvas, post-impressionism, still life\"},{\"@type\":\"BreadcrumbList\",\"@id\":\"https:\/\/svetslik.si\/en\/vincent-van-gogh-en\/sunflowers-ii\/#breadcrumb\",\"itemListElement\":[{\"@type\":\"ListItem\",\"position\":1,\"name\":\"Wall art and paintings on canvas\",\"item\":\"https:\/\/svetslik.si\/en\/\"},{\"@type\":\"ListItem\",\"position\":2,\"name\":\"Sale of paintings\",\"item\":\"https:\/\/svetslik.si\/prodaja-slik\/\"},{\"@type\":\"ListItem\",\"position\":3,\"name\":\"Vincent van Gogh &#8211; Sunflowers II \u2013 Son\u010dnice II\"}]},{\"@type\":\"WebSite\",\"@id\":\"https:\/\/svetslik.si\/en\/#website\",\"url\":\"https:\/\/svetslik.si\/en\/\",\"name\":\"SVETSLIK.SI\",\"description\":\"100% ru\u010dno naslikane reprodukcije slika poznatih slikara in umjetni\u010dke zidne slike na platnu.\",\"publisher\":{\"@id\":\"https:\/\/svetslik.si\/en\/#organization\"},\"potentialAction\":[{\"@type\":\"SearchAction\",\"target\":{\"@type\":\"EntryPoint\",\"urlTemplate\":\"https:\/\/svetslik.si\/en\/?s={search_term_string}\"},\"query-input\":{\"@type\":\"PropertyValueSpecification\",\"valueRequired\":true,\"valueName\":\"search_term_string\"}}],\"inLanguage\":\"en-US\"},{\"@type\":\"Organization\",\"@id\":\"https:\/\/svetslik.si\/en\/#organization\",\"name\":\"SvetSlik.si\",\"url\":\"https:\/\/svetslik.si\/en\/\",\"logo\":{\"@type\":\"ImageObject\",\"inLanguage\":\"en-US\",\"@id\":\"https:\/\/svetslik.si\/en\/#\/schema\/logo\/image\/\",\"url\":\"https:\/\/svetslik.si\/wp-content\/uploads\/2020\/12\/logo-512.png\",\"contentUrl\":\"https:\/\/svetslik.si\/wp-content\/uploads\/2020\/12\/logo-512.png\",\"width\":512,\"height\":512,\"caption\":\"SvetSlik.si\"},\"image\":{\"@id\":\"https:\/\/svetslik.si\/en\/#\/schema\/logo\/image\/\"},\"sameAs\":[\"https:\/\/www.facebook.com\/svetslik.si\",\"https:\/\/x.com\/svetslik\",\"https:\/\/www.instagram.com\/svetslik.si\/\",\"https:\/\/www.linkedin.com\/company\/svetslik-si\"]}]}<\/script>\n<meta property=\"og:availability\" content=\"instock\" \/>\n<meta property=\"product:availability\" content=\"instock\" \/>\n<meta property=\"product:retailer_item_id\" content=\"38__\" \/>\n<meta property=\"product:condition\" content=\"new\" \/>\n<!-- \/ Yoast SEO Premium plugin. -->","yoast_head_json":{"title":"Vincent van Gogh - Sunflowers II \u2013 Son\u010dnice II - SVETSLIK.SI - 100% hand painted","description":"Vincent van Gogh - Sunflowers II \u2013 Son\u010dnice II - 100% hand-painted reproduction of famous paintings by famous artists. Wall art, abstract paintings and custom painted paintings by order.","robots":{"index":"index","follow":"follow","max-snippet":"max-snippet:-1","max-image-preview":"max-image-preview:large","max-video-preview":"max-video-preview:-1"},"canonical":"https:\/\/svetslik.si\/en\/vincent-van-gogh-en\/sunflowers-ii\/","og_locale":"en_US","og_type":"article","og_title":"Vincent van Gogh - Sunflowers II \u2013 Son\u010dnice II","og_description":"100% ro\u010dno naslikane slike na platnu, reprodukcije znanih slikarjev in umetni\u0161ke slike po naro\u010dilu.","og_url":"https:\/\/svetslik.si\/en\/vincent-van-gogh-en\/sunflowers-ii\/","og_site_name":"SVETSLIK.SI","article_publisher":"https:\/\/www.facebook.com\/svetslik.si","article_modified_time":"2026-03-22T18:18:47+00:00","og_image":[{"width":933,"height":1280,"url":"https:\/\/svetslik.si\/wp-content\/uploads\/2021\/08\/image_olje-na-platnu-Sunflowers-II-Vincent-van-Gogh_680.jpg","type":"image\/jpeg"}],"twitter_card":"summary_large_image","twitter_site":"@svetslik","twitter_misc":{"Availability":"In stock"},"schema":{"@context":"https:\/\/schema.org","@graph":[{"@type":["WebPage","ItemPage"],"@id":"https:\/\/svetslik.si\/en\/vincent-van-gogh-en\/sunflowers-ii\/","url":"https:\/\/svetslik.si\/en\/vincent-van-gogh-en\/sunflowers-ii\/","name":"Vincent van Gogh - Sunflowers II \u2013 Son\u010dnice II - SVETSLIK.SI - 100% hand painted","isPartOf":{"@id":"https:\/\/svetslik.si\/en\/#website"},"primaryImageOfPage":{"@id":"https:\/\/svetslik.si\/en\/vincent-van-gogh-en\/sunflowers-ii\/#primaryimage"},"image":{"@id":"https:\/\/svetslik.si\/en\/vincent-van-gogh-en\/sunflowers-ii\/#primaryimage"},"thumbnailUrl":"https:\/\/svetslik.si\/wp-content\/uploads\/2021\/08\/image_olje-na-platnu-Sunflowers-II-Vincent-van-Gogh_680.jpg","datePublished":"2021-09-02T15:42:17+00:00","dateModified":"2026-03-22T18:18:47+00:00","description":"Vincent van Gogh - Sunflowers II \u2013 Son\u010dnice II - 100% hand-painted reproduction of famous paintings by famous artists. Wall art, abstract paintings and custom painted paintings by order.","breadcrumb":{"@id":"https:\/\/svetslik.si\/en\/vincent-van-gogh-en\/sunflowers-ii\/#breadcrumb"},"inLanguage":"en-US","potentialAction":[{"@type":"ReadAction","target":["https:\/\/svetslik.si\/en\/vincent-van-gogh-en\/sunflowers-ii\/"]}]},{"@type":"ImageObject","inLanguage":"en-US","@id":"https:\/\/svetslik.si\/en\/vincent-van-gogh-en\/sunflowers-ii\/#primaryimage","url":"https:\/\/svetslik.si\/wp-content\/uploads\/2021\/08\/image_olje-na-platnu-Sunflowers-II-Vincent-van-Gogh_680.jpg","contentUrl":"https:\/\/svetslik.si\/wp-content\/uploads\/2021\/08\/image_olje-na-platnu-Sunflowers-II-Vincent-van-Gogh_680.jpg","width":933,"height":1280,"caption":"Vincent Van Gogh - Sunflowers II - reproduction of famous painting by famous artist, hand painted painting on canvas, post-impressionism, still life"},{"@type":"BreadcrumbList","@id":"https:\/\/svetslik.si\/en\/vincent-van-gogh-en\/sunflowers-ii\/#breadcrumb","itemListElement":[{"@type":"ListItem","position":1,"name":"Wall art and paintings on canvas","item":"https:\/\/svetslik.si\/en\/"},{"@type":"ListItem","position":2,"name":"Sale of paintings","item":"https:\/\/svetslik.si\/prodaja-slik\/"},{"@type":"ListItem","position":3,"name":"Vincent van Gogh &#8211; Sunflowers II \u2013 Son\u010dnice II"}]},{"@type":"WebSite","@id":"https:\/\/svetslik.si\/en\/#website","url":"https:\/\/svetslik.si\/en\/","name":"SVETSLIK.SI","description":"100% ru\u010dno naslikane reprodukcije slika poznatih slikara in umjetni\u010dke zidne slike na platnu.","publisher":{"@id":"https:\/\/svetslik.si\/en\/#organization"},"potentialAction":[{"@type":"SearchAction","target":{"@type":"EntryPoint","urlTemplate":"https:\/\/svetslik.si\/en\/?s={search_term_string}"},"query-input":{"@type":"PropertyValueSpecification","valueRequired":true,"valueName":"search_term_string"}}],"inLanguage":"en-US"},{"@type":"Organization","@id":"https:\/\/svetslik.si\/en\/#organization","name":"SvetSlik.si","url":"https:\/\/svetslik.si\/en\/","logo":{"@type":"ImageObject","inLanguage":"en-US","@id":"https:\/\/svetslik.si\/en\/#\/schema\/logo\/image\/","url":"https:\/\/svetslik.si\/wp-content\/uploads\/2020\/12\/logo-512.png","contentUrl":"https:\/\/svetslik.si\/wp-content\/uploads\/2020\/12\/logo-512.png","width":512,"height":512,"caption":"SvetSlik.si"},"image":{"@id":"https:\/\/svetslik.si\/en\/#\/schema\/logo\/image\/"},"sameAs":["https:\/\/www.facebook.com\/svetslik.si","https:\/\/x.com\/svetslik","https:\/\/www.instagram.com\/svetslik.si\/","https:\/\/www.linkedin.com\/company\/svetslik-si"]}]},"og_availability":"instock","product_availability":"instock","product_retailer_item_id":"38__","product_condition":"new"},"jetpack_sharing_enabled":true,"_links":{"self":[{"href":"https:\/\/svetslik.si\/en\/wp-json\/wp\/v2\/product\/81158","targetHints":{"allow":["GET"]}}],"collection":[{"href":"https:\/\/svetslik.si\/en\/wp-json\/wp\/v2\/product"}],"about":[{"href":"https:\/\/svetslik.si\/en\/wp-json\/wp\/v2\/types\/product"}],"wp:featuredmedia":[{"embeddable":true,"href":"https:\/\/svetslik.si\/en\/wp-json\/wp\/v2\/media\/79013"}],"wp:attachment":[{"href":"https:\/\/svetslik.si\/en\/wp-json\/wp\/v2\/media?parent=81158"}],"wp:term":[{"taxonomy":"product_brand","embeddable":true,"href":"https:\/\/svetslik.si\/en\/wp-json\/wp\/v2\/product_brand?post=81158"},{"taxonomy":"product_cat","embeddable":true,"href":"https:\/\/svetslik.si\/en\/wp-json\/wp\/v2\/product_cat?post=81158"},{"taxonomy":"product_tag","embeddable":true,"href":"https:\/\/svetslik.si\/en\/wp-json\/wp\/v2\/product_tag?post=81158"}],"curies":[{"name":"wp","href":"https:\/\/api.w.org\/{rel}","templated":true}]}}