{"id":81166,"date":"2021-09-02T17:42:17","date_gmt":"2021-09-02T15:42:17","guid":{"rendered":"https:\/\/svetslik.si\/uncategorized\/olive-trees-with-yellow-sky-and-sun\/"},"modified":"2026-03-22T19:18:47","modified_gmt":"2026-03-22T18:18:47","slug":"olive-trees-with-yellow-sky-and-sun","status":"publish","type":"product","link":"https:\/\/svetslik.si\/en\/vincent-van-gogh-en\/olive-trees-with-yellow-sky-and-sun\/","title":{"rendered":"Vincent van Gogh &#8211; Olive trees with yellow sky and sun"},"content":{"rendered":"<div class=\"wpb-content-wrapper\">[vc_row css=&#8221;.vc_custom_1766137819903{margin-bottom: 5px !important;}&#8221;][vc_column]\t<div class=\"et-image-527 et-image aligncenter    et_image_link\">\n\t\t<div class=\"et-image-inner \">\n\t\t\t\t\t\t\t<div class=\"et-image-thumb \">\n\t\t\t\t\t<img decoding=\"async\" width=\"1500\" height=\"1157\" src=\"https:\/\/svetslik.si\/wp-content\/uploads\/2021\/09\/umetniske-slike-na-platnu-Vincent-van-Gogh-\u2013-Olive-trees-with-yellow-sky-and-sun.webp\" class=\"attachment-full\" alt=\"Vincent van Gogh - Olive trees with yellow sky and sun\" title=\"Vincent van Gogh - Olive trees with yellow sky and sun\" srcset=\"https:\/\/svetslik.si\/wp-content\/uploads\/2021\/09\/umetniske-slike-na-platnu-Vincent-van-Gogh-\u2013-Olive-trees-with-yellow-sky-and-sun.webp 1500w, https:\/\/svetslik.si\/wp-content\/uploads\/2021\/09\/umetniske-slike-na-platnu-Vincent-van-Gogh-\u2013-Olive-trees-with-yellow-sky-and-sun-300x231.webp 300w, https:\/\/svetslik.si\/wp-content\/uploads\/2021\/09\/umetniske-slike-na-platnu-Vincent-van-Gogh-\u2013-Olive-trees-with-yellow-sky-and-sun-1024x790.webp 1024w, https:\/\/svetslik.si\/wp-content\/uploads\/2021\/09\/umetniske-slike-na-platnu-Vincent-van-Gogh-\u2013-Olive-trees-with-yellow-sky-and-sun-768x592.webp 768w, https:\/\/svetslik.si\/wp-content\/uploads\/2021\/09\/umetniske-slike-na-platnu-Vincent-van-Gogh-\u2013-Olive-trees-with-yellow-sky-and-sun-150x116.webp 150w, https:\/\/svetslik.si\/wp-content\/uploads\/2021\/09\/umetniske-slike-na-platnu-Vincent-van-Gogh-\u2013-Olive-trees-with-yellow-sky-and-sun-600x463.webp 600w, https:\/\/svetslik.si\/wp-content\/uploads\/2021\/09\/umetniske-slike-na-platnu-Vincent-van-Gogh-\u2013-Olive-trees-with-yellow-sky-and-sun-1200x926.webp 1200w\" sizes=\"(max-width: 1500px) 100vw, 1500px\" \/>\t\t\t\t<\/div>\n\t\t\t\t\t\t\t\t\t\t\t<\/div>\n\t<\/div>\n  [\/vc_column][\/vc_row][vc_row css=&#8221;.vc_custom_1766137819903{margin-bottom: 5px !important;}&#8221;][vc_column]\t<div class=\"et-image-302 et-image aligncenter    et_image_link\">\n\t\t<div class=\"et-image-inner \">\n\t\t\t\t\t\t\t<div class=\"et-image-thumb \">\n\t\t\t\t\t<img decoding=\"async\" width=\"1500\" height=\"1358\" src=\"https:\/\/svetslik.si\/wp-content\/uploads\/2021\/09\/umetniske-slike-na-platnu-Vincent-van-Gogh-\u2013-Olive-trees-with-yellow-sky-and-sun-1.webp\" class=\"attachment-full\" alt=\"Vincent van Gogh - Olive trees with yellow sky and sun\" title=\"Vincent van Gogh - Olive trees with yellow sky and sun\" srcset=\"https:\/\/svetslik.si\/wp-content\/uploads\/2021\/09\/umetniske-slike-na-platnu-Vincent-van-Gogh-\u2013-Olive-trees-with-yellow-sky-and-sun-1.webp 1500w, https:\/\/svetslik.si\/wp-content\/uploads\/2021\/09\/umetniske-slike-na-platnu-Vincent-van-Gogh-\u2013-Olive-trees-with-yellow-sky-and-sun-1-300x272.webp 300w, https:\/\/svetslik.si\/wp-content\/uploads\/2021\/09\/umetniske-slike-na-platnu-Vincent-van-Gogh-\u2013-Olive-trees-with-yellow-sky-and-sun-1-1024x927.webp 1024w, https:\/\/svetslik.si\/wp-content\/uploads\/2021\/09\/umetniske-slike-na-platnu-Vincent-van-Gogh-\u2013-Olive-trees-with-yellow-sky-and-sun-1-768x695.webp 768w, https:\/\/svetslik.si\/wp-content\/uploads\/2021\/09\/umetniske-slike-na-platnu-Vincent-van-Gogh-\u2013-Olive-trees-with-yellow-sky-and-sun-1-150x136.webp 150w, https:\/\/svetslik.si\/wp-content\/uploads\/2021\/09\/umetniske-slike-na-platnu-Vincent-van-Gogh-\u2013-Olive-trees-with-yellow-sky-and-sun-1-600x543.webp 600w, https:\/\/svetslik.si\/wp-content\/uploads\/2021\/09\/umetniske-slike-na-platnu-Vincent-van-Gogh-\u2013-Olive-trees-with-yellow-sky-and-sun-1-1200x1086.webp 1200w\" sizes=\"(max-width: 1500px) 100vw, 1500px\" \/>\t\t\t\t<\/div>\n\t\t\t\t\t\t\t\t\t\t\t<\/div>\n\t<\/div>\n  [\/vc_column][\/vc_row][vc_row css=&#8221;.vc_custom_1766137819903{margin-bottom: 5px !important;}&#8221;][vc_column]\t<div class=\"et-image-244 et-image aligncenter    et_image_link\">\n\t\t<div class=\"et-image-inner \">\n\t\t\t\t\t\t\t<div class=\"et-image-thumb \">\n\t\t\t\t\t<img decoding=\"async\" width=\"1500\" height=\"1430\" src=\"https:\/\/svetslik.si\/wp-content\/uploads\/2021\/09\/umetniske-slike-na-platnu-Vincent-van-Gogh-\u2013-Olive-trees-with-yellow-sky-and-sun-2.webp\" class=\"attachment-full\" alt=\"Vincent van Gogh - Olive trees with yellow sky and sun\" title=\"Vincent van Gogh - Olive trees with yellow sky and sun\" srcset=\"https:\/\/svetslik.si\/wp-content\/uploads\/2021\/09\/umetniske-slike-na-platnu-Vincent-van-Gogh-\u2013-Olive-trees-with-yellow-sky-and-sun-2.webp 1500w, https:\/\/svetslik.si\/wp-content\/uploads\/2021\/09\/umetniske-slike-na-platnu-Vincent-van-Gogh-\u2013-Olive-trees-with-yellow-sky-and-sun-2-300x286.webp 300w, https:\/\/svetslik.si\/wp-content\/uploads\/2021\/09\/umetniske-slike-na-platnu-Vincent-van-Gogh-\u2013-Olive-trees-with-yellow-sky-and-sun-2-1024x976.webp 1024w, https:\/\/svetslik.si\/wp-content\/uploads\/2021\/09\/umetniske-slike-na-platnu-Vincent-van-Gogh-\u2013-Olive-trees-with-yellow-sky-and-sun-2-768x732.webp 768w, https:\/\/svetslik.si\/wp-content\/uploads\/2021\/09\/umetniske-slike-na-platnu-Vincent-van-Gogh-\u2013-Olive-trees-with-yellow-sky-and-sun-2-150x143.webp 150w, https:\/\/svetslik.si\/wp-content\/uploads\/2021\/09\/umetniske-slike-na-platnu-Vincent-van-Gogh-\u2013-Olive-trees-with-yellow-sky-and-sun-2-600x572.webp 600w, https:\/\/svetslik.si\/wp-content\/uploads\/2021\/09\/umetniske-slike-na-platnu-Vincent-van-Gogh-\u2013-Olive-trees-with-yellow-sky-and-sun-2-1200x1144.webp 1200w\" sizes=\"(max-width: 1500px) 100vw, 1500px\" \/>\t\t\t\t<\/div>\n\t\t\t\t\t\t\t\t\t\t\t<\/div>\n\t<\/div>\n  [\/vc_column][\/vc_row][vc_row css=&#8221;.vc_custom_1766137819903{margin-bottom: 5px !important;}&#8221;][vc_column]\t<div class=\"et-image-908 et-image aligncenter    et_image_link\">\n\t\t<div class=\"et-image-inner \">\n\t\t\t\t\t\t\t<div class=\"et-image-thumb \">\n\t\t\t\t\t<img decoding=\"async\" width=\"1500\" height=\"1125\" src=\"https:\/\/svetslik.si\/wp-content\/uploads\/2021\/09\/umetniske-slike-na-platnu-Vincent-van-Gogh-\u2013-Olive-trees-with-yellow-sky-and-sun-3.webp\" class=\"attachment-full\" alt=\"Vincent van Gogh - Olive trees with yellow sky and sun\" title=\"Vincent van Gogh - Olive trees with yellow sky and sun\" srcset=\"https:\/\/svetslik.si\/wp-content\/uploads\/2021\/09\/umetniske-slike-na-platnu-Vincent-van-Gogh-\u2013-Olive-trees-with-yellow-sky-and-sun-3.webp 1500w, https:\/\/svetslik.si\/wp-content\/uploads\/2021\/09\/umetniske-slike-na-platnu-Vincent-van-Gogh-\u2013-Olive-trees-with-yellow-sky-and-sun-3-300x225.webp 300w, https:\/\/svetslik.si\/wp-content\/uploads\/2021\/09\/umetniske-slike-na-platnu-Vincent-van-Gogh-\u2013-Olive-trees-with-yellow-sky-and-sun-3-1024x768.webp 1024w, https:\/\/svetslik.si\/wp-content\/uploads\/2021\/09\/umetniske-slike-na-platnu-Vincent-van-Gogh-\u2013-Olive-trees-with-yellow-sky-and-sun-3-768x576.webp 768w, https:\/\/svetslik.si\/wp-content\/uploads\/2021\/09\/umetniske-slike-na-platnu-Vincent-van-Gogh-\u2013-Olive-trees-with-yellow-sky-and-sun-3-150x113.webp 150w, https:\/\/svetslik.si\/wp-content\/uploads\/2021\/09\/umetniske-slike-na-platnu-Vincent-van-Gogh-\u2013-Olive-trees-with-yellow-sky-and-sun-3-600x450.webp 600w, https:\/\/svetslik.si\/wp-content\/uploads\/2021\/09\/umetniske-slike-na-platnu-Vincent-van-Gogh-\u2013-Olive-trees-with-yellow-sky-and-sun-3-1200x900.webp 1200w\" sizes=\"(max-width: 1500px) 100vw, 1500px\" \/>\t\t\t\t<\/div>\n\t\t\t\t\t\t\t\t\t\t\t<\/div>\n\t<\/div>\n  [\/vc_column][\/vc_row][vc_row][vc_column][vc_column_text]\n<h1>Vincent Van Gogh &#8211; Olive trees with yellow sky and sun<\/h1>\n<table id=\"imageinfo\" border=\"0\" width=\"96%\" cellspacing=\"0\" cellpadding=\"2\">\n<tbody>\n<tr>\n<td width=\"120\">Year created:<\/td>\n<td>1889<\/td>\n<\/tr>\n<tr>\n<td>Original size:<\/td>\n<td>77 x 93 cm<\/td>\n<\/tr>\n<tr>\n<td>Painting style:<\/td>\n<td>Post-Impressionism<\/td>\n<\/tr>\n<tr>\n<td>Original technique:<\/td>\n<td>Oil on canvas<\/td>\n<\/tr>\n<tr>\n<td>Located:<\/td>\n<td>Art Institute, Minneapolis, USA<\/td>\n<\/tr>\n<\/tbody>\n<\/table>\n<p>The painting <em>Olive Trees with Yellow Sky and Sun<\/em> was created in 1889 in Saint-Remy, when Van Gogh finally got out of the painting clinic. Van Gogh, who believed that working in nature had a positive effect on his well-being and calmed him, depicted in this painting the twisted trunks of olive trees with dense green canopies under the yellow sun and sky. The motif is reminiscent of the landscapes that the painter painted the year before in Arles.<\/p>\n<p>&#8220;Olives with Yellow Sky and Sun&#8221; is a painting by Dutch artist Vincent van Gogh from 1889. Considered one of Van Gogh&#8217;s most iconic works, this painting shows his skill in juxtaposing the beauty and power of nature. The picture shows a scene of olive trees against the background of a bright yellow sky and the sun. The painting is widely recognized for its bold brushstrokes, emotionality and strong symbolism.<\/p>\n<p>The composition of the painting is dynamic, as the olive trees occupy the central part of the canvas, while the rest of the space is occupied by the yellow sky and the sun. The use of color in the painting is also noteworthy, as Van Gogh uses bold, contrasting colors that create a sense of movement and energy. Olives are depicted in shades of green and brown, creating a sense of stability and permanence. The yellow sky is depicted in shades of yellow and orange, creating a feeling of warmth and energy. The sun is depicted in a distinct yellow color that creates a sense of life and vitality. The brush strokes in the painting are dense and visible, giving the painting a sense of movement and energy.<\/p>\n<p>The symbolism in the painting is also rich: the olive trees represent the connection with nature and the natural cycles of life, the yellow sky represents the warmth of life, and the sun represents the life force of nature. The painting is also considered to show Van Gogh&#8217;s emotional state at the time. The painting was created while Van Gogh was living at the Saint-Paul-de-Mausole Sanctuary in Saint R\u00e9my de Provence, France, and is believed to reflect the artist&#8217;s feelings of longing for connection with nature and the natural cycles of life.<\/p>\n<p>&#8220;Olives with Yellow Sky and Sun&#8221; is considered one of Van Gogh&#8217;s most iconic works and is located in the Museum of Fine Arts in Boston, USA. It is an important work of post-impressionism that is still admired and studied by both amateurs and experts. The powerful imagery, emotionality and rich symbolism make the painting a must for any art lover or anyone interested in the work of Vincent van Gogh.<\/p>\n<\/div>","protected":false},"excerpt":{"rendered":"<p>[vc_row css=&#8221;.vc_custom_1766137819903{margin-bottom: 5px !important;}&#8221;][vc_column][\/vc_column][\/vc_row][vc_row css=&#8221;.vc_custom_1766137819903{margin-bottom: 5px !important;}&#8221;][vc_column][\/vc_column][\/vc_row][vc_row css=&#8221;.vc_custom_1766137819903{margin-bottom: 5px !important;}&#8221;][vc_column][\/vc_column][\/vc_row][vc_row css=&#8221;.vc_custom_1766137819903{margin-bottom: 5px !important;}&#8221;][vc_column][\/vc_column][\/vc_row][vc_row][vc_column][vc_column_text] Vincent Van Gogh &#8211; Olive trees with yellow sky and sun Year created: 1889 Original size: 77 x 93 cm Painting style: Post-Impressionism Original technique: Oil on canvas Located: Art Institute, Minneapolis, USA The painting Olive Trees [&hellip;]<\/p>\n","protected":false},"featured_media":79008,"template":"","meta":{"_acf_changed":false},"product_brand":[],"product_cat":[9815],"product_tag":[9870,9862,9863,9883],"class_list":{"0":"post-81166","1":"product","2":"type-product","3":"status-publish","4":"has-post-thumbnail","6":"product_cat-vincent-van-gogh-en","7":"product_tag-painter","8":"product_tag-reproduction-en","9":"product_tag-reproductions","10":"product_tag-van-gogh-en","11":"pa_dimenzija-120-x-90-cm","12":"pa_dimenzija-150-x-120-cm","13":"pa_dimenzija-50-x-40-cm","14":"pa_dimenzija-60-x-50-cm","15":"pa_dimenzija-70-x-55-cm","16":"pa_dimenzija-80-x-60-cm","17":"pa_dimenzija-90-x-70-cm","18":"pa_oblika-horizontal","19":"pa_okvir-without-frame","20":"pa_podokvir-without","21":"pa_podokvir-yes","23":"first","24":"onbackorder","25":"purchasable","26":"product-type-variable","27":"has-default-attributes"},"acf":[],"yoast_head":"<!-- This site is optimized with the Yoast SEO Premium plugin v26.0 (Yoast SEO v27.2) - https:\/\/yoast.com\/product\/yoast-seo-premium-wordpress\/ -->\n<title>Vincent van Gogh - Olive trees with yellow sky and sun - SVETSLIK.SI - 100% hand painted<\/title>\n<meta name=\"description\" content=\"Vincent van Gogh - Olive trees with yellow sky and sun - 100% hand-painted reproduction of famous paintings by famous artists. Wall art, abstract paintings and custom painted paintings by order.\" \/>\n<meta name=\"robots\" content=\"index, follow, max-snippet:-1, max-image-preview:large, max-video-preview:-1\" \/>\n<link rel=\"canonical\" href=\"https:\/\/svetslik.si\/en\/vincent-van-gogh-en\/olive-trees-with-yellow-sky-and-sun\/\" \/>\n<meta property=\"og:locale\" content=\"en_US\" \/>\n<meta property=\"og:type\" content=\"article\" \/>\n<meta property=\"og:title\" content=\"Vincent van Gogh - Olive trees with yellow sky and sun\" \/>\n<meta property=\"og:description\" content=\"100% ro\u010dno naslikane slike na platnu, reprodukcije znanih slikarjev in umetni\u0161ke slike po naro\u010dilu.\" \/>\n<meta property=\"og:url\" content=\"https:\/\/svetslik.si\/en\/vincent-van-gogh-en\/olive-trees-with-yellow-sky-and-sun\/\" \/>\n<meta property=\"og:site_name\" content=\"SVETSLIK.SI\" \/>\n<meta property=\"article:publisher\" content=\"https:\/\/www.facebook.com\/svetslik.si\" \/>\n<meta property=\"article:modified_time\" content=\"2026-03-22T18:18:47+00:00\" \/>\n<meta property=\"og:image\" content=\"https:\/\/svetslik.si\/wp-content\/uploads\/2021\/08\/image_Olive-trees-with-yellow-sky-and-sun-Vincent-van-Gogh_680.jpg\" \/>\n\t<meta property=\"og:image:width\" content=\"1788\" \/>\n\t<meta property=\"og:image:height\" content=\"1440\" \/>\n\t<meta property=\"og:image:type\" content=\"image\/jpeg\" \/>\n<meta name=\"twitter:card\" content=\"summary_large_image\" \/>\n<meta name=\"twitter:site\" content=\"@svetslik\" \/>\n<meta name=\"twitter:label1\" content=\"Availability\" \/>\n\t<meta name=\"twitter:data1\" content=\"On backorder\" \/>\n<script type=\"application\/ld+json\" class=\"yoast-schema-graph\">{\"@context\":\"https:\/\/schema.org\",\"@graph\":[{\"@type\":[\"WebPage\",\"ItemPage\"],\"@id\":\"https:\/\/svetslik.si\/en\/vincent-van-gogh-en\/olive-trees-with-yellow-sky-and-sun\/\",\"url\":\"https:\/\/svetslik.si\/en\/vincent-van-gogh-en\/olive-trees-with-yellow-sky-and-sun\/\",\"name\":\"Vincent van Gogh - Olive trees with yellow sky and sun - SVETSLIK.SI - 100% hand painted\",\"isPartOf\":{\"@id\":\"https:\/\/svetslik.si\/en\/#website\"},\"primaryImageOfPage\":{\"@id\":\"https:\/\/svetslik.si\/en\/vincent-van-gogh-en\/olive-trees-with-yellow-sky-and-sun\/#primaryimage\"},\"image\":{\"@id\":\"https:\/\/svetslik.si\/en\/vincent-van-gogh-en\/olive-trees-with-yellow-sky-and-sun\/#primaryimage\"},\"thumbnailUrl\":\"https:\/\/svetslik.si\/wp-content\/uploads\/2021\/08\/image_Olive-trees-with-yellow-sky-and-sun-Vincent-van-Gogh_680.jpg\",\"datePublished\":\"2021-09-02T15:42:17+00:00\",\"dateModified\":\"2026-03-22T18:18:47+00:00\",\"description\":\"Vincent van Gogh - Olive trees with yellow sky and sun - 100% hand-painted reproduction of famous paintings by famous artists. Wall art, abstract paintings and custom painted paintings by order.\",\"breadcrumb\":{\"@id\":\"https:\/\/svetslik.si\/en\/vincent-van-gogh-en\/olive-trees-with-yellow-sky-and-sun\/#breadcrumb\"},\"inLanguage\":\"en-US\",\"potentialAction\":[{\"@type\":\"ReadAction\",\"target\":[\"https:\/\/svetslik.si\/en\/vincent-van-gogh-en\/olive-trees-with-yellow-sky-and-sun\/\"]}]},{\"@type\":\"ImageObject\",\"inLanguage\":\"en-US\",\"@id\":\"https:\/\/svetslik.si\/en\/vincent-van-gogh-en\/olive-trees-with-yellow-sky-and-sun\/#primaryimage\",\"url\":\"https:\/\/svetslik.si\/wp-content\/uploads\/2021\/08\/image_Olive-trees-with-yellow-sky-and-sun-Vincent-van-Gogh_680.jpg\",\"contentUrl\":\"https:\/\/svetslik.si\/wp-content\/uploads\/2021\/08\/image_Olive-trees-with-yellow-sky-and-sun-Vincent-van-Gogh_680.jpg\",\"width\":1788,\"height\":1440,\"caption\":\"Vincent Van Gogh - Olive trees with yellow sky and sun\"},{\"@type\":\"BreadcrumbList\",\"@id\":\"https:\/\/svetslik.si\/en\/vincent-van-gogh-en\/olive-trees-with-yellow-sky-and-sun\/#breadcrumb\",\"itemListElement\":[{\"@type\":\"ListItem\",\"position\":1,\"name\":\"Wall art and paintings on canvas\",\"item\":\"https:\/\/svetslik.si\/en\/\"},{\"@type\":\"ListItem\",\"position\":2,\"name\":\"Sale of paintings\",\"item\":\"https:\/\/svetslik.si\/prodaja-slik\/\"},{\"@type\":\"ListItem\",\"position\":3,\"name\":\"Vincent van Gogh &#8211; Olive trees with yellow sky and sun\"}]},{\"@type\":\"WebSite\",\"@id\":\"https:\/\/svetslik.si\/en\/#website\",\"url\":\"https:\/\/svetslik.si\/en\/\",\"name\":\"SVETSLIK.SI\",\"description\":\"100% ru\u010dno naslikane reprodukcije slika poznatih slikara in umjetni\u010dke zidne slike na platnu.\",\"publisher\":{\"@id\":\"https:\/\/svetslik.si\/en\/#organization\"},\"potentialAction\":[{\"@type\":\"SearchAction\",\"target\":{\"@type\":\"EntryPoint\",\"urlTemplate\":\"https:\/\/svetslik.si\/en\/?s={search_term_string}\"},\"query-input\":{\"@type\":\"PropertyValueSpecification\",\"valueRequired\":true,\"valueName\":\"search_term_string\"}}],\"inLanguage\":\"en-US\"},{\"@type\":\"Organization\",\"@id\":\"https:\/\/svetslik.si\/en\/#organization\",\"name\":\"SvetSlik.si\",\"url\":\"https:\/\/svetslik.si\/en\/\",\"logo\":{\"@type\":\"ImageObject\",\"inLanguage\":\"en-US\",\"@id\":\"https:\/\/svetslik.si\/en\/#\/schema\/logo\/image\/\",\"url\":\"https:\/\/svetslik.si\/wp-content\/uploads\/2020\/12\/logo-512.png\",\"contentUrl\":\"https:\/\/svetslik.si\/wp-content\/uploads\/2020\/12\/logo-512.png\",\"width\":512,\"height\":512,\"caption\":\"SvetSlik.si\"},\"image\":{\"@id\":\"https:\/\/svetslik.si\/en\/#\/schema\/logo\/image\/\"},\"sameAs\":[\"https:\/\/www.facebook.com\/svetslik.si\",\"https:\/\/x.com\/svetslik\",\"https:\/\/www.instagram.com\/svetslik.si\/\",\"https:\/\/www.linkedin.com\/company\/svetslik-si\"]}]}<\/script>\n<meta property=\"og:availability\" content=\"backorder\" \/>\n<meta property=\"product:availability\" content=\"available for order\" \/>\n<meta property=\"product:retailer_item_id\" content=\"39__\" \/>\n<meta property=\"product:condition\" content=\"new\" \/>\n<!-- \/ Yoast SEO Premium plugin. -->","yoast_head_json":{"title":"Vincent van Gogh - Olive trees with yellow sky and sun - SVETSLIK.SI - 100% hand painted","description":"Vincent van Gogh - Olive trees with yellow sky and sun - 100% hand-painted reproduction of famous paintings by famous artists. Wall art, abstract paintings and custom painted paintings by order.","robots":{"index":"index","follow":"follow","max-snippet":"max-snippet:-1","max-image-preview":"max-image-preview:large","max-video-preview":"max-video-preview:-1"},"canonical":"https:\/\/svetslik.si\/en\/vincent-van-gogh-en\/olive-trees-with-yellow-sky-and-sun\/","og_locale":"en_US","og_type":"article","og_title":"Vincent van Gogh - Olive trees with yellow sky and sun","og_description":"100% ro\u010dno naslikane slike na platnu, reprodukcije znanih slikarjev in umetni\u0161ke slike po naro\u010dilu.","og_url":"https:\/\/svetslik.si\/en\/vincent-van-gogh-en\/olive-trees-with-yellow-sky-and-sun\/","og_site_name":"SVETSLIK.SI","article_publisher":"https:\/\/www.facebook.com\/svetslik.si","article_modified_time":"2026-03-22T18:18:47+00:00","og_image":[{"width":1788,"height":1440,"url":"https:\/\/svetslik.si\/wp-content\/uploads\/2021\/08\/image_Olive-trees-with-yellow-sky-and-sun-Vincent-van-Gogh_680.jpg","type":"image\/jpeg"}],"twitter_card":"summary_large_image","twitter_site":"@svetslik","twitter_misc":{"Availability":"On backorder"},"schema":{"@context":"https:\/\/schema.org","@graph":[{"@type":["WebPage","ItemPage"],"@id":"https:\/\/svetslik.si\/en\/vincent-van-gogh-en\/olive-trees-with-yellow-sky-and-sun\/","url":"https:\/\/svetslik.si\/en\/vincent-van-gogh-en\/olive-trees-with-yellow-sky-and-sun\/","name":"Vincent van Gogh - Olive trees with yellow sky and sun - SVETSLIK.SI - 100% hand painted","isPartOf":{"@id":"https:\/\/svetslik.si\/en\/#website"},"primaryImageOfPage":{"@id":"https:\/\/svetslik.si\/en\/vincent-van-gogh-en\/olive-trees-with-yellow-sky-and-sun\/#primaryimage"},"image":{"@id":"https:\/\/svetslik.si\/en\/vincent-van-gogh-en\/olive-trees-with-yellow-sky-and-sun\/#primaryimage"},"thumbnailUrl":"https:\/\/svetslik.si\/wp-content\/uploads\/2021\/08\/image_Olive-trees-with-yellow-sky-and-sun-Vincent-van-Gogh_680.jpg","datePublished":"2021-09-02T15:42:17+00:00","dateModified":"2026-03-22T18:18:47+00:00","description":"Vincent van Gogh - Olive trees with yellow sky and sun - 100% hand-painted reproduction of famous paintings by famous artists. Wall art, abstract paintings and custom painted paintings by order.","breadcrumb":{"@id":"https:\/\/svetslik.si\/en\/vincent-van-gogh-en\/olive-trees-with-yellow-sky-and-sun\/#breadcrumb"},"inLanguage":"en-US","potentialAction":[{"@type":"ReadAction","target":["https:\/\/svetslik.si\/en\/vincent-van-gogh-en\/olive-trees-with-yellow-sky-and-sun\/"]}]},{"@type":"ImageObject","inLanguage":"en-US","@id":"https:\/\/svetslik.si\/en\/vincent-van-gogh-en\/olive-trees-with-yellow-sky-and-sun\/#primaryimage","url":"https:\/\/svetslik.si\/wp-content\/uploads\/2021\/08\/image_Olive-trees-with-yellow-sky-and-sun-Vincent-van-Gogh_680.jpg","contentUrl":"https:\/\/svetslik.si\/wp-content\/uploads\/2021\/08\/image_Olive-trees-with-yellow-sky-and-sun-Vincent-van-Gogh_680.jpg","width":1788,"height":1440,"caption":"Vincent Van Gogh - Olive trees with yellow sky and sun"},{"@type":"BreadcrumbList","@id":"https:\/\/svetslik.si\/en\/vincent-van-gogh-en\/olive-trees-with-yellow-sky-and-sun\/#breadcrumb","itemListElement":[{"@type":"ListItem","position":1,"name":"Wall art and paintings on canvas","item":"https:\/\/svetslik.si\/en\/"},{"@type":"ListItem","position":2,"name":"Sale of paintings","item":"https:\/\/svetslik.si\/prodaja-slik\/"},{"@type":"ListItem","position":3,"name":"Vincent van Gogh &#8211; Olive trees with yellow sky and sun"}]},{"@type":"WebSite","@id":"https:\/\/svetslik.si\/en\/#website","url":"https:\/\/svetslik.si\/en\/","name":"SVETSLIK.SI","description":"100% ru\u010dno naslikane reprodukcije slika poznatih slikara in umjetni\u010dke zidne slike na platnu.","publisher":{"@id":"https:\/\/svetslik.si\/en\/#organization"},"potentialAction":[{"@type":"SearchAction","target":{"@type":"EntryPoint","urlTemplate":"https:\/\/svetslik.si\/en\/?s={search_term_string}"},"query-input":{"@type":"PropertyValueSpecification","valueRequired":true,"valueName":"search_term_string"}}],"inLanguage":"en-US"},{"@type":"Organization","@id":"https:\/\/svetslik.si\/en\/#organization","name":"SvetSlik.si","url":"https:\/\/svetslik.si\/en\/","logo":{"@type":"ImageObject","inLanguage":"en-US","@id":"https:\/\/svetslik.si\/en\/#\/schema\/logo\/image\/","url":"https:\/\/svetslik.si\/wp-content\/uploads\/2020\/12\/logo-512.png","contentUrl":"https:\/\/svetslik.si\/wp-content\/uploads\/2020\/12\/logo-512.png","width":512,"height":512,"caption":"SvetSlik.si"},"image":{"@id":"https:\/\/svetslik.si\/en\/#\/schema\/logo\/image\/"},"sameAs":["https:\/\/www.facebook.com\/svetslik.si","https:\/\/x.com\/svetslik","https:\/\/www.instagram.com\/svetslik.si\/","https:\/\/www.linkedin.com\/company\/svetslik-si"]}]},"og_availability":"backorder","product_availability":"available for order","product_retailer_item_id":"39__","product_condition":"new"},"jetpack_sharing_enabled":true,"_links":{"self":[{"href":"https:\/\/svetslik.si\/en\/wp-json\/wp\/v2\/product\/81166","targetHints":{"allow":["GET"]}}],"collection":[{"href":"https:\/\/svetslik.si\/en\/wp-json\/wp\/v2\/product"}],"about":[{"href":"https:\/\/svetslik.si\/en\/wp-json\/wp\/v2\/types\/product"}],"wp:featuredmedia":[{"embeddable":true,"href":"https:\/\/svetslik.si\/en\/wp-json\/wp\/v2\/media\/79008"}],"wp:attachment":[{"href":"https:\/\/svetslik.si\/en\/wp-json\/wp\/v2\/media?parent=81166"}],"wp:term":[{"taxonomy":"product_brand","embeddable":true,"href":"https:\/\/svetslik.si\/en\/wp-json\/wp\/v2\/product_brand?post=81166"},{"taxonomy":"product_cat","embeddable":true,"href":"https:\/\/svetslik.si\/en\/wp-json\/wp\/v2\/product_cat?post=81166"},{"taxonomy":"product_tag","embeddable":true,"href":"https:\/\/svetslik.si\/en\/wp-json\/wp\/v2\/product_tag?post=81166"}],"curies":[{"name":"wp","href":"https:\/\/api.w.org\/{rel}","templated":true}]}}