{"id":81199,"date":"2021-09-02T17:42:24","date_gmt":"2021-09-02T15:42:24","guid":{"rendered":"https:\/\/svetslik.si\/uncategorized\/autumn-landscape-with-four-trees\/"},"modified":"2026-03-22T19:19:35","modified_gmt":"2026-03-22T18:19:35","slug":"autumn-landscape-with-four-trees","status":"publish","type":"product","link":"https:\/\/svetslik.si\/en\/vincent-van-gogh-en\/autumn-landscape-with-four-trees\/","title":{"rendered":"Vincent van Gogh &#8211; Autumn Landscape with Four Trees"},"content":{"rendered":"<div class=\"wpb-content-wrapper\">[vc_row][vc_column][vc_column_text]\n<h1>Vincent Van Gogh &#8211; Autumn Landscape with Four Trees<\/h1>\n<p>&nbsp;<\/p>\n<table style=\"width: 593px\" border=\"0\" width=\"593\" cellspacing=\"0\" cellpadding=\"0\">\n<tbody>\n<tr>\n<td style=\"width: 155px;height: 21px\" height=\"21\">Year created:<\/td>\n<td style=\"width: 439px\">1885<\/td>\n<\/tr>\n<tr>\n<td style=\"width: 155px;height: 21px\" height=\"21\">Original size:<\/td>\n<td style=\"width: 439px\">64 cm x 89 cm<\/td>\n<\/tr>\n<tr>\n<td style=\"width: 155px;height: 21px\" height=\"21\">Paint style:<\/td>\n<td style=\"width: 439px\">Post-Impressionism<\/td>\n<\/tr>\n<tr>\n<td style=\"width: 155px;height: 21px\" height=\"21\">Original technique:<\/td>\n<td style=\"width: 439px\">Oil on canvas<\/td>\n<\/tr>\n<tr>\n<td style=\"width: 155px;height: 21px\" height=\"21\">Located:<\/td>\n<td style=\"width: 439px\">\n<div>Kr\u00f6ller-M\u00fcller Museum, Otterlo, Netherlands<\/div>\n<\/td>\n<\/tr>\n<\/tbody>\n<\/table>\n<p>&nbsp;<\/p>\n<div>Van Gogh&#8217;s works express the painter&#8217;s attitude towards impressionism &#8211; this style of painting did not allow the artist enough freedom to express his emotions. Van Gogh is known for heavy impasto application of paint on canvases, shimmering colors and lively brush strokes.<\/div>\n<div><\/div>\n<div>Van Gogh painted the oil on canvas <em>Autumn Landscape with Four Trees<\/em> in November 1885, when he lived with his parents in the Dutch town of Nuenan.<\/div>\n<div><\/div>\n<div>\n<p>&#8220;Autumn Landscape with Four Trees&#8221; is an 1888 painting by Dutch artist Vincent van Gogh. This painting is considered one of Van Gogh&#8217;s most impressive works, showing his skill in capturing the natural beauty of the environment and his personal emotions. The painting shows an autumn landscape with four trees surrounded by a wheat field. The painting is widely recognized for its bold brushstrokes, emotionality and strong symbolism.<\/p>\n<p>The composition of the painting is simple but effective, as the landscape takes up most of the space on the canvas. The use of color in the painting is also noteworthy, as Van Gogh uses bold, contrasting colors that create a sense of movement and energy. The landscape is depicted in shades of yellow, orange and brown, creating a feeling of warmth and energy. The four trees are in shades of green and red, creating a sense of calm and serenity. The wheat field is draped in yellow hues that create a sense of hope and guidance. The brush strokes in the painting are dense and visible, giving the painting a sense of movement and energy.<\/p>\n<p>The symbolism in the painting is also rich: the autumn landscape represents the idea of changes and transitions in life, the four trees represent strength and longevity, and the wheat field represents hope and abundance. The painting is said to represent Van Gogh&#8217;s emotional state at the time. The painting was created while Van Gogh was living in Arles, France, and is believed to reflect the artist&#8217;s yearning to connect with nature and the natural cycles of life.<\/p>\n<p>&#8220;Autumn Landscape with Four Trees is considered one of Van Gogh&#8217;s most impressive works and is housed in the Van Gogh Museum in Amsterdam, the Netherlands. It is an important post-impressionist work that is still admired and studied by amateurs and experts alike. Because of its powerful imagery, emotional and rich symbolism, the painting is a must for any art lover or anyone interested in the work of Vincent van Gogh.<\/p>\n<\/div>\n<div><\/div>\n[\/vc_column_text][\/vc_column][\/vc_row][vc_row][vc_column]\t<div class=\"et-image-863 et-image  full   et_image_link\">\n\t\t<div class=\"et-image-inner \">\n\t\t\t\t\t\t\t<a  class=\"mfp-image et-lightbox\" data-mfp-type=\"image\" data-mfp-src=\"https:\/\/svetslik.si\/wp-content\/uploads\/2021\/09\/Vincent-Van-Gogh-\u2013-Autumn-Landscape-with-Four-Trees-scaled.jpg\"  title=\"Vincent Van Gogh \u2013 Autumn Landscape with Four Trees &#8211; hand-painted reproduction of a painting on canvas\">\n\t\t\t\t\t\t\t<div class=\"et-image-thumb \">\n\t\t\t\t\t<img decoding=\"async\" width=\"2560\" height=\"1920\" src=\"https:\/\/svetslik.si\/wp-content\/uploads\/2021\/09\/Vincent-Van-Gogh-\u2013-Autumn-Landscape-with-Four-Trees-scaled.jpg\" class=\"attachment-full\" alt=\"Vincent Van Gogh \u2013 Autumn Landscape with Four Trees - hand-painted reproduction of a painting on canvas\" title=\"Vincent Van Gogh \u2013 Autumn Landscape with Four Trees - hand-painted reproduction of a painting on canvas\" srcset=\"https:\/\/svetslik.si\/wp-content\/uploads\/2021\/09\/Vincent-Van-Gogh-\u2013-Autumn-Landscape-with-Four-Trees-scaled.jpg 2560w, https:\/\/svetslik.si\/wp-content\/uploads\/2021\/09\/Vincent-Van-Gogh-\u2013-Autumn-Landscape-with-Four-Trees-600x450.jpg 600w, https:\/\/svetslik.si\/wp-content\/uploads\/2021\/09\/Vincent-Van-Gogh-\u2013-Autumn-Landscape-with-Four-Trees-scaled-1200x900.jpg 1200w, https:\/\/svetslik.si\/wp-content\/uploads\/2021\/09\/Vincent-Van-Gogh-\u2013-Autumn-Landscape-with-Four-Trees-300x225.jpg 300w, https:\/\/svetslik.si\/wp-content\/uploads\/2021\/09\/Vincent-Van-Gogh-\u2013-Autumn-Landscape-with-Four-Trees-1024x768.jpg 1024w, https:\/\/svetslik.si\/wp-content\/uploads\/2021\/09\/Vincent-Van-Gogh-\u2013-Autumn-Landscape-with-Four-Trees-768x576.jpg 768w, https:\/\/svetslik.si\/wp-content\/uploads\/2021\/09\/Vincent-Van-Gogh-\u2013-Autumn-Landscape-with-Four-Trees-1536x1152.jpg 1536w, https:\/\/svetslik.si\/wp-content\/uploads\/2021\/09\/Vincent-Van-Gogh-\u2013-Autumn-Landscape-with-Four-Trees-2048x1536.jpg 2048w, https:\/\/svetslik.si\/wp-content\/uploads\/2021\/09\/Vincent-Van-Gogh-\u2013-Autumn-Landscape-with-Four-Trees-150x113.jpg 150w, https:\/\/svetslik.si\/wp-content\/uploads\/2021\/09\/Vincent-Van-Gogh-\u2013-Autumn-Landscape-with-Four-Trees-1320x990.jpg 1320w, https:\/\/svetslik.si\/wp-content\/uploads\/2021\/09\/Vincent-Van-Gogh-\u2013-Autumn-Landscape-with-Four-Trees-900x675.jpg 900w\" sizes=\"(max-width: 2560px) 100vw, 2560px\" \/>\t\t\t\t<\/div>\n\t\t\t\t\t\t\t<\/a>\n\t\t\t\t\t\t\t\t\t\t<div class=\"wp-caption-text\">Vincent Van Gogh \u2013 Autumn Landscape with Four Trees - hand-painted reproduction of a painting on canvas<\/div>\n\t\t\t\t\t\t\t\t<\/div>\n\t<\/div>\n   [\/vc_column][\/vc_row]\n<\/div>","protected":false},"excerpt":{"rendered":"<p>[vc_row][vc_column][vc_column_text] Vincent Van Gogh &#8211; Autumn Landscape with Four Trees &nbsp; Year created: 1885 Original size: 64 cm x 89 cm Paint style: Post-Impressionism Original technique: Oil on canvas Located: Kr\u00f6ller-M\u00fcller Museum, Otterlo, Netherlands &nbsp; Van Gogh&#8217;s works express the painter&#8217;s attitude towards impressionism &#8211; this style of painting did [&hellip;]<\/p>\n","protected":false},"featured_media":78500,"template":"","meta":{"_acf_changed":false},"product_brand":[],"product_cat":[9815],"product_tag":[9870,9862,9863,9883],"class_list":{"0":"post-81199","1":"product","2":"type-product","3":"status-publish","4":"has-post-thumbnail","6":"product_cat-vincent-van-gogh-en","7":"product_tag-painter","8":"product_tag-reproduction-en","9":"product_tag-reproductions","10":"product_tag-van-gogh-en","11":"pa_dimenzija-40-x-30-cm-en","12":"pa_dimenzija-50-x-40-cm-en","13":"pa_dimenzija-60-x-40-cm-en","14":"pa_dimenzija-60-x-50-cm-en","15":"pa_dimenzija-70-x-50-cm-en","16":"pa_dimenzija-90-x-60-cm-en","17":"pa_dimenzija-91-x-64-cm-en","18":"pa_oblika-horizontal","19":"pa_okvir-without-frame","20":"pa_podokvir-without","21":"pa_podokvir-yes","23":"first","24":"onbackorder","25":"purchasable","26":"product-type-variable","27":"has-default-attributes"},"acf":[],"yoast_head":"<!-- This site is optimized with the Yoast SEO Premium plugin v26.0 (Yoast SEO v27.2) - https:\/\/yoast.com\/product\/yoast-seo-premium-wordpress\/ -->\n<title>Vincent van Gogh - Autumn Landscape with Four Trees - SVETSLIK.SI - 100% hand painted<\/title>\n<meta name=\"description\" content=\"Vincent van Gogh - Autumn Landscape with Four Trees - 100% hand-painted reproduction of famous paintings by famous artists. Wall art, abstract paintings and custom painted paintings by order.\" \/>\n<meta name=\"robots\" content=\"index, follow, max-snippet:-1, max-image-preview:large, max-video-preview:-1\" \/>\n<link rel=\"canonical\" href=\"https:\/\/svetslik.si\/en\/vincent-van-gogh-en\/autumn-landscape-with-four-trees\/\" \/>\n<meta property=\"og:locale\" content=\"en_US\" \/>\n<meta property=\"og:type\" content=\"article\" \/>\n<meta property=\"og:title\" content=\"Vincent van Gogh - Autumn Landscape with Four Trees\" \/>\n<meta property=\"og:description\" content=\"100% ro\u010dno naslikane slike na platnu, reprodukcije znanih slikarjev in umetni\u0161ke slike po naro\u010dilu.\" \/>\n<meta property=\"og:url\" content=\"https:\/\/svetslik.si\/en\/vincent-van-gogh-en\/autumn-landscape-with-four-trees\/\" \/>\n<meta property=\"og:site_name\" content=\"SVETSLIK.SI\" \/>\n<meta property=\"article:publisher\" content=\"https:\/\/www.facebook.com\/svetslik.si\" \/>\n<meta property=\"article:modified_time\" content=\"2026-03-22T18:19:35+00:00\" \/>\n<meta property=\"og:image\" content=\"https:\/\/svetslik.si\/wp-content\/uploads\/2021\/08\/image_Autumn-Landscape-with-Four-Trees-Vincent-van-Gogh_680.jpg\" \/>\n\t<meta property=\"og:image:width\" content=\"2237\" \/>\n\t<meta property=\"og:image:height\" content=\"1759\" \/>\n\t<meta property=\"og:image:type\" content=\"image\/jpeg\" \/>\n<meta name=\"twitter:card\" content=\"summary_large_image\" \/>\n<meta name=\"twitter:site\" content=\"@svetslik\" \/>\n<meta name=\"twitter:label1\" content=\"Availability\" \/>\n\t<meta name=\"twitter:data1\" content=\"On backorder\" \/>\n<script type=\"application\/ld+json\" class=\"yoast-schema-graph\">{\"@context\":\"https:\/\/schema.org\",\"@graph\":[{\"@type\":[\"WebPage\",\"ItemPage\"],\"@id\":\"https:\/\/svetslik.si\/en\/vincent-van-gogh-en\/autumn-landscape-with-four-trees\/\",\"url\":\"https:\/\/svetslik.si\/en\/vincent-van-gogh-en\/autumn-landscape-with-four-trees\/\",\"name\":\"Vincent van Gogh - Autumn Landscape with Four Trees - SVETSLIK.SI - 100% hand painted\",\"isPartOf\":{\"@id\":\"https:\/\/svetslik.si\/en\/#website\"},\"primaryImageOfPage\":{\"@id\":\"https:\/\/svetslik.si\/en\/vincent-van-gogh-en\/autumn-landscape-with-four-trees\/#primaryimage\"},\"image\":{\"@id\":\"https:\/\/svetslik.si\/en\/vincent-van-gogh-en\/autumn-landscape-with-four-trees\/#primaryimage\"},\"thumbnailUrl\":\"https:\/\/svetslik.si\/wp-content\/uploads\/2021\/08\/image_Autumn-Landscape-with-Four-Trees-Vincent-van-Gogh_680.jpg\",\"datePublished\":\"2021-09-02T15:42:24+00:00\",\"dateModified\":\"2026-03-22T18:19:35+00:00\",\"description\":\"Vincent van Gogh - Autumn Landscape with Four Trees - 100% hand-painted reproduction of famous paintings by famous artists. Wall art, abstract paintings and custom painted paintings by order.\",\"breadcrumb\":{\"@id\":\"https:\/\/svetslik.si\/en\/vincent-van-gogh-en\/autumn-landscape-with-four-trees\/#breadcrumb\"},\"inLanguage\":\"en-US\",\"potentialAction\":[{\"@type\":\"ReadAction\",\"target\":[\"https:\/\/svetslik.si\/en\/vincent-van-gogh-en\/autumn-landscape-with-four-trees\/\"]}]},{\"@type\":\"ImageObject\",\"inLanguage\":\"en-US\",\"@id\":\"https:\/\/svetslik.si\/en\/vincent-van-gogh-en\/autumn-landscape-with-four-trees\/#primaryimage\",\"url\":\"https:\/\/svetslik.si\/wp-content\/uploads\/2021\/08\/image_Autumn-Landscape-with-Four-Trees-Vincent-van-Gogh_680.jpg\",\"contentUrl\":\"https:\/\/svetslik.si\/wp-content\/uploads\/2021\/08\/image_Autumn-Landscape-with-Four-Trees-Vincent-van-Gogh_680.jpg\",\"width\":2237,\"height\":1759,\"caption\":\"Vincent Van Gogh - Autumn Landscape with Four Trees - reproduction of famous painting by famous artist, hand painted painting on canvas - oil painting\"},{\"@type\":\"BreadcrumbList\",\"@id\":\"https:\/\/svetslik.si\/en\/vincent-van-gogh-en\/autumn-landscape-with-four-trees\/#breadcrumb\",\"itemListElement\":[{\"@type\":\"ListItem\",\"position\":1,\"name\":\"Wall art and paintings on canvas\",\"item\":\"https:\/\/svetslik.si\/en\/\"},{\"@type\":\"ListItem\",\"position\":2,\"name\":\"Sale of paintings\",\"item\":\"https:\/\/svetslik.si\/prodaja-slik\/\"},{\"@type\":\"ListItem\",\"position\":3,\"name\":\"Vincent van Gogh &#8211; Autumn Landscape with Four Trees\"}]},{\"@type\":\"WebSite\",\"@id\":\"https:\/\/svetslik.si\/en\/#website\",\"url\":\"https:\/\/svetslik.si\/en\/\",\"name\":\"SVETSLIK.SI\",\"description\":\"100% ru\u010dno naslikane reprodukcije slika poznatih slikara in umjetni\u010dke zidne slike na platnu.\",\"publisher\":{\"@id\":\"https:\/\/svetslik.si\/en\/#organization\"},\"potentialAction\":[{\"@type\":\"SearchAction\",\"target\":{\"@type\":\"EntryPoint\",\"urlTemplate\":\"https:\/\/svetslik.si\/en\/?s={search_term_string}\"},\"query-input\":{\"@type\":\"PropertyValueSpecification\",\"valueRequired\":true,\"valueName\":\"search_term_string\"}}],\"inLanguage\":\"en-US\"},{\"@type\":\"Organization\",\"@id\":\"https:\/\/svetslik.si\/en\/#organization\",\"name\":\"SvetSlik.si\",\"url\":\"https:\/\/svetslik.si\/en\/\",\"logo\":{\"@type\":\"ImageObject\",\"inLanguage\":\"en-US\",\"@id\":\"https:\/\/svetslik.si\/en\/#\/schema\/logo\/image\/\",\"url\":\"https:\/\/svetslik.si\/wp-content\/uploads\/2020\/12\/logo-512.png\",\"contentUrl\":\"https:\/\/svetslik.si\/wp-content\/uploads\/2020\/12\/logo-512.png\",\"width\":512,\"height\":512,\"caption\":\"SvetSlik.si\"},\"image\":{\"@id\":\"https:\/\/svetslik.si\/en\/#\/schema\/logo\/image\/\"},\"sameAs\":[\"https:\/\/www.facebook.com\/svetslik.si\",\"https:\/\/x.com\/svetslik\",\"https:\/\/www.instagram.com\/svetslik.si\/\",\"https:\/\/www.linkedin.com\/company\/svetslik-si\"]}]}<\/script>\n<meta property=\"og:availability\" content=\"backorder\" \/>\n<meta property=\"product:availability\" content=\"available for order\" \/>\n<meta property=\"product:retailer_item_id\" content=\"43__\" \/>\n<meta property=\"product:condition\" content=\"new\" \/>\n<!-- \/ Yoast SEO Premium plugin. -->","yoast_head_json":{"title":"Vincent van Gogh - Autumn Landscape with Four Trees - SVETSLIK.SI - 100% hand painted","description":"Vincent van Gogh - Autumn Landscape with Four Trees - 100% hand-painted reproduction of famous paintings by famous artists. Wall art, abstract paintings and custom painted paintings by order.","robots":{"index":"index","follow":"follow","max-snippet":"max-snippet:-1","max-image-preview":"max-image-preview:large","max-video-preview":"max-video-preview:-1"},"canonical":"https:\/\/svetslik.si\/en\/vincent-van-gogh-en\/autumn-landscape-with-four-trees\/","og_locale":"en_US","og_type":"article","og_title":"Vincent van Gogh - Autumn Landscape with Four Trees","og_description":"100% ro\u010dno naslikane slike na platnu, reprodukcije znanih slikarjev in umetni\u0161ke slike po naro\u010dilu.","og_url":"https:\/\/svetslik.si\/en\/vincent-van-gogh-en\/autumn-landscape-with-four-trees\/","og_site_name":"SVETSLIK.SI","article_publisher":"https:\/\/www.facebook.com\/svetslik.si","article_modified_time":"2026-03-22T18:19:35+00:00","og_image":[{"width":2237,"height":1759,"url":"https:\/\/svetslik.si\/wp-content\/uploads\/2021\/08\/image_Autumn-Landscape-with-Four-Trees-Vincent-van-Gogh_680.jpg","type":"image\/jpeg"}],"twitter_card":"summary_large_image","twitter_site":"@svetslik","twitter_misc":{"Availability":"On backorder"},"schema":{"@context":"https:\/\/schema.org","@graph":[{"@type":["WebPage","ItemPage"],"@id":"https:\/\/svetslik.si\/en\/vincent-van-gogh-en\/autumn-landscape-with-four-trees\/","url":"https:\/\/svetslik.si\/en\/vincent-van-gogh-en\/autumn-landscape-with-four-trees\/","name":"Vincent van Gogh - Autumn Landscape with Four Trees - SVETSLIK.SI - 100% hand painted","isPartOf":{"@id":"https:\/\/svetslik.si\/en\/#website"},"primaryImageOfPage":{"@id":"https:\/\/svetslik.si\/en\/vincent-van-gogh-en\/autumn-landscape-with-four-trees\/#primaryimage"},"image":{"@id":"https:\/\/svetslik.si\/en\/vincent-van-gogh-en\/autumn-landscape-with-four-trees\/#primaryimage"},"thumbnailUrl":"https:\/\/svetslik.si\/wp-content\/uploads\/2021\/08\/image_Autumn-Landscape-with-Four-Trees-Vincent-van-Gogh_680.jpg","datePublished":"2021-09-02T15:42:24+00:00","dateModified":"2026-03-22T18:19:35+00:00","description":"Vincent van Gogh - Autumn Landscape with Four Trees - 100% hand-painted reproduction of famous paintings by famous artists. Wall art, abstract paintings and custom painted paintings by order.","breadcrumb":{"@id":"https:\/\/svetslik.si\/en\/vincent-van-gogh-en\/autumn-landscape-with-four-trees\/#breadcrumb"},"inLanguage":"en-US","potentialAction":[{"@type":"ReadAction","target":["https:\/\/svetslik.si\/en\/vincent-van-gogh-en\/autumn-landscape-with-four-trees\/"]}]},{"@type":"ImageObject","inLanguage":"en-US","@id":"https:\/\/svetslik.si\/en\/vincent-van-gogh-en\/autumn-landscape-with-four-trees\/#primaryimage","url":"https:\/\/svetslik.si\/wp-content\/uploads\/2021\/08\/image_Autumn-Landscape-with-Four-Trees-Vincent-van-Gogh_680.jpg","contentUrl":"https:\/\/svetslik.si\/wp-content\/uploads\/2021\/08\/image_Autumn-Landscape-with-Four-Trees-Vincent-van-Gogh_680.jpg","width":2237,"height":1759,"caption":"Vincent Van Gogh - Autumn Landscape with Four Trees - reproduction of famous painting by famous artist, hand painted painting on canvas - oil painting"},{"@type":"BreadcrumbList","@id":"https:\/\/svetslik.si\/en\/vincent-van-gogh-en\/autumn-landscape-with-four-trees\/#breadcrumb","itemListElement":[{"@type":"ListItem","position":1,"name":"Wall art and paintings on canvas","item":"https:\/\/svetslik.si\/en\/"},{"@type":"ListItem","position":2,"name":"Sale of paintings","item":"https:\/\/svetslik.si\/prodaja-slik\/"},{"@type":"ListItem","position":3,"name":"Vincent van Gogh &#8211; Autumn Landscape with Four Trees"}]},{"@type":"WebSite","@id":"https:\/\/svetslik.si\/en\/#website","url":"https:\/\/svetslik.si\/en\/","name":"SVETSLIK.SI","description":"100% ru\u010dno naslikane reprodukcije slika poznatih slikara in umjetni\u010dke zidne slike na platnu.","publisher":{"@id":"https:\/\/svetslik.si\/en\/#organization"},"potentialAction":[{"@type":"SearchAction","target":{"@type":"EntryPoint","urlTemplate":"https:\/\/svetslik.si\/en\/?s={search_term_string}"},"query-input":{"@type":"PropertyValueSpecification","valueRequired":true,"valueName":"search_term_string"}}],"inLanguage":"en-US"},{"@type":"Organization","@id":"https:\/\/svetslik.si\/en\/#organization","name":"SvetSlik.si","url":"https:\/\/svetslik.si\/en\/","logo":{"@type":"ImageObject","inLanguage":"en-US","@id":"https:\/\/svetslik.si\/en\/#\/schema\/logo\/image\/","url":"https:\/\/svetslik.si\/wp-content\/uploads\/2020\/12\/logo-512.png","contentUrl":"https:\/\/svetslik.si\/wp-content\/uploads\/2020\/12\/logo-512.png","width":512,"height":512,"caption":"SvetSlik.si"},"image":{"@id":"https:\/\/svetslik.si\/en\/#\/schema\/logo\/image\/"},"sameAs":["https:\/\/www.facebook.com\/svetslik.si","https:\/\/x.com\/svetslik","https:\/\/www.instagram.com\/svetslik.si\/","https:\/\/www.linkedin.com\/company\/svetslik-si"]}]},"og_availability":"backorder","product_availability":"available for order","product_retailer_item_id":"43__","product_condition":"new"},"jetpack_sharing_enabled":true,"_links":{"self":[{"href":"https:\/\/svetslik.si\/en\/wp-json\/wp\/v2\/product\/81199","targetHints":{"allow":["GET"]}}],"collection":[{"href":"https:\/\/svetslik.si\/en\/wp-json\/wp\/v2\/product"}],"about":[{"href":"https:\/\/svetslik.si\/en\/wp-json\/wp\/v2\/types\/product"}],"wp:featuredmedia":[{"embeddable":true,"href":"https:\/\/svetslik.si\/en\/wp-json\/wp\/v2\/media\/78500"}],"wp:attachment":[{"href":"https:\/\/svetslik.si\/en\/wp-json\/wp\/v2\/media?parent=81199"}],"wp:term":[{"taxonomy":"product_brand","embeddable":true,"href":"https:\/\/svetslik.si\/en\/wp-json\/wp\/v2\/product_brand?post=81199"},{"taxonomy":"product_cat","embeddable":true,"href":"https:\/\/svetslik.si\/en\/wp-json\/wp\/v2\/product_cat?post=81199"},{"taxonomy":"product_tag","embeddable":true,"href":"https:\/\/svetslik.si\/en\/wp-json\/wp\/v2\/product_tag?post=81199"}],"curies":[{"name":"wp","href":"https:\/\/api.w.org\/{rel}","templated":true}]}}