{"id":81241,"date":"2021-09-02T17:42:32","date_gmt":"2021-09-02T15:42:32","guid":{"rendered":"https:\/\/svetslik.si\/uncategorized\/impression-sunrise\/"},"modified":"2026-03-22T19:20:23","modified_gmt":"2026-03-22T18:20:23","slug":"impression-sunrise","status":"publish","type":"product","link":"https:\/\/svetslik.si\/en\/claude-monet-en\/impression-sunrise\/","title":{"rendered":"Claude Monet &#8211; Impression Sunrise"},"content":{"rendered":"<div class=\"wpb-content-wrapper\">[vc_row][vc_column][vc_column_text]\n<h1>Claude Monet &#8211; Impression Sunrise<\/h1>\n<p>&nbsp;<\/p>\n<p>&nbsp;<\/p>\n<table style=\"width: 632px;\" border=\"0\" width=\"632\" cellspacing=\"0\" cellpadding=\"0\">\n<tbody>\n<tr>\n<td style=\"width: 180px; height: 21px;\" height=\"21\">Year of creation:<\/td>\n<td style=\"width: 452px;\">1872<\/td>\n<\/tr>\n<tr>\n<td style=\"width: 180px; height: 21px;\" height=\"21\">Original size:<\/td>\n<td style=\"width: 452px;\">63 cm x 48 cm<\/td>\n<\/tr>\n<tr>\n<td style=\"width: 180px; height: 21px;\" height=\"21\">Paint style:<\/td>\n<td style=\"width: 452px;\">Impressionism<\/td>\n<\/tr>\n<tr>\n<td style=\"width: 180px; height: 21px;\" height=\"21\">Original technique:<\/td>\n<td>Oil on canvas<\/td>\n<\/tr>\n<tr>\n<td style=\"width: 180px; height: 21px;\" height=\"21\">Located:<\/td>\n<td style=\"width: 452px;\">Museum Marmottan, Paris<\/td>\n<\/tr>\n<\/tbody>\n<colgroup>\n<col \/>\n<col \/> <\/colgroup>\n<\/table>\n<p>Oil on canvas <em>Impression Sunrise<\/em> is a typical example of the then new style of painting, impressionism. In this painting, Monet depicted the port of Le Havre in France. <em>Impression<\/em><em>Sunrise<\/em> is an important painting, as the Impressionism movement is named after it.<\/p>\n<p>The oil painting shows a view of the sunrise over Havre Harbor through the fog. Straight-forward brushstrokes depict a blurred background in the morning mist, and multicolored colors give the water an endless glow. It truly shows the visual impression given to the painter by the light and color of the French port city at sunrise. Breaking the shackles of traditional painting methods, as a critic he borrowed the title of this painting to mock the group of young painters represented by Monet who demanded innovation and creativity as &#8220;impressionism&#8221;, the name given to this school of painting. The painting was exhibited at the 1st Joint Exhibition of the Impressionists, which opened on March 25, 1874, and this work is the most typical of Monet&#8217;s paintings.<\/p>\n<p>Author: Claude Monet (1840-1926), a French impressionist painter, is a typical painter of ambient light and completes most of his works on site. In order to study the changes in sunlight, he painted the same scene several times, such as his series &#8220;The Haystacks&#8221; and &#8220;Church&#8221;. During the Franco-Prussian War, he took refuge in the Netherlands and studied Japanese ukiyo-e prints, which led to a change in his painting style. In his later period, he made huge scrolls of &#8220;Water Lilies&#8221;, which became the greatest masterpiece of Impressionist landscape painting.<\/p>\n<p>&nbsp;<\/p>\n[\/vc_column_text][\/vc_column][\/vc_row][vc_row css=&#8221;.vc_custom_1680541229682{margin-bottom: 10px !important;}&#8221;][vc_column]\t<div class=\"et-image-535 et-image     et_image_link\">\n\t\t<div class=\"et-image-inner \">\n\t\t\t\t\t\t\t<div class=\"et-image-thumb \">\n\t\t\t\t\t<img decoding=\"async\" width=\"2560\" height=\"1996\" src=\"https:\/\/svetslik.si\/wp-content\/uploads\/2021\/09\/claude-monet-Impression-sunrise-scaled.jpg\" class=\"attachment-full\" alt=\"Claude Monet - Impression Sunrise (reproduction, famous painting, famous artist)\" title=\"Claude Monet - Impression Sunrise (reproduction, famous painting, famous artist)\" srcset=\"https:\/\/svetslik.si\/wp-content\/uploads\/2021\/09\/claude-monet-Impression-sunrise-scaled.jpg 2560w, https:\/\/svetslik.si\/wp-content\/uploads\/2021\/09\/claude-monet-Impression-sunrise-scaled-600x468.jpg 600w, https:\/\/svetslik.si\/wp-content\/uploads\/2021\/09\/claude-monet-Impression-sunrise-scaled-1200x936.jpg 1200w, https:\/\/svetslik.si\/wp-content\/uploads\/2021\/09\/claude-monet-Impression-sunrise-300x234.jpg 300w, https:\/\/svetslik.si\/wp-content\/uploads\/2021\/09\/claude-monet-Impression-sunrise-1024x798.jpg 1024w, https:\/\/svetslik.si\/wp-content\/uploads\/2021\/09\/claude-monet-Impression-sunrise-768x599.jpg 768w, https:\/\/svetslik.si\/wp-content\/uploads\/2021\/09\/claude-monet-Impression-sunrise-1536x1198.jpg 1536w, https:\/\/svetslik.si\/wp-content\/uploads\/2021\/09\/claude-monet-Impression-sunrise-2048x1597.jpg 2048w, https:\/\/svetslik.si\/wp-content\/uploads\/2021\/09\/claude-monet-Impression-sunrise-15x12.jpg 15w, https:\/\/svetslik.si\/wp-content\/uploads\/2021\/09\/claude-monet-Impression-sunrise-150x117.jpg 150w\" sizes=\"(max-width: 2560px) 100vw, 2560px\" \/>\t\t\t\t<\/div>\n\t\t\t\t\t\t\t\t\t\t\t<\/div>\n\t<\/div>\n  [\/vc_column][\/vc_row][vc_row css=&#8221;.vc_custom_1680541229682{margin-bottom: 10px !important;}&#8221;][vc_column]\t<div class=\"et-image-603 et-image     et_image_link\">\n\t\t<div class=\"et-image-inner \">\n\t\t\t\t\t\t\t<div class=\"et-image-thumb \">\n\t\t\t\t\t<img decoding=\"async\" width=\"1808\" height=\"2108\" src=\"https:\/\/svetslik.si\/wp-content\/uploads\/2021\/09\/claude-monet-Impression-sunrise-1.jpg\" class=\"attachment-full\" alt=\"Claude Monet - Impression Sunrise (reproduction, famous painting, famous artist)\" title=\"Claude Monet - Impression Sunrise (reproduction, famous painting, famous artist)\" srcset=\"https:\/\/svetslik.si\/wp-content\/uploads\/2021\/09\/claude-monet-Impression-sunrise-1.jpg 1808w, https:\/\/svetslik.si\/wp-content\/uploads\/2021\/09\/claude-monet-Impression-sunrise-1-600x700.jpg 600w, https:\/\/svetslik.si\/wp-content\/uploads\/2021\/09\/claude-monet-Impression-sunrise-1-1200x1399.jpg 1200w, https:\/\/svetslik.si\/wp-content\/uploads\/2021\/09\/claude-monet-Impression-sunrise-1-257x300.jpg 257w, https:\/\/svetslik.si\/wp-content\/uploads\/2021\/09\/claude-monet-Impression-sunrise-1-878x1024.jpg 878w, https:\/\/svetslik.si\/wp-content\/uploads\/2021\/09\/claude-monet-Impression-sunrise-1-768x895.jpg 768w, https:\/\/svetslik.si\/wp-content\/uploads\/2021\/09\/claude-monet-Impression-sunrise-1-1317x1536.jpg 1317w, https:\/\/svetslik.si\/wp-content\/uploads\/2021\/09\/claude-monet-Impression-sunrise-1-1757x2048.jpg 1757w, https:\/\/svetslik.si\/wp-content\/uploads\/2021\/09\/claude-monet-Impression-sunrise-1-10x12.jpg 10w, https:\/\/svetslik.si\/wp-content\/uploads\/2021\/09\/claude-monet-Impression-sunrise-1-129x150.jpg 129w\" sizes=\"(max-width: 1808px) 100vw, 1808px\" \/>\t\t\t\t<\/div>\n\t\t\t\t\t\t\t\t\t\t\t<\/div>\n\t<\/div>\n  [\/vc_column][\/vc_row][vc_row css=&#8221;.vc_custom_1680541229682{margin-bottom: 10px !important;}&#8221;][vc_column]\t<div class=\"et-image-176 et-image     et_image_link\">\n\t\t<div class=\"et-image-inner \">\n\t\t\t\t\t\t\t<div class=\"et-image-thumb \">\n\t\t\t\t\t<img decoding=\"async\" width=\"2560\" height=\"1441\" src=\"https:\/\/svetslik.si\/wp-content\/uploads\/2021\/09\/claude-monet-Impression-sunrise-2-scaled.jpg\" class=\"attachment-full\" alt=\"Claude Monet - Impression Sunrise (reproduction, famous painting, famous artist)\" title=\"Claude Monet - Impression Sunrise (reproduction, famous painting, famous artist)\" srcset=\"https:\/\/svetslik.si\/wp-content\/uploads\/2021\/09\/claude-monet-Impression-sunrise-2-scaled.jpg 2560w, https:\/\/svetslik.si\/wp-content\/uploads\/2021\/09\/claude-monet-Impression-sunrise-2-scaled-600x338.jpg 600w, https:\/\/svetslik.si\/wp-content\/uploads\/2021\/09\/claude-monet-Impression-sunrise-2-scaled-1200x675.jpg 1200w, https:\/\/svetslik.si\/wp-content\/uploads\/2021\/09\/claude-monet-Impression-sunrise-2-300x169.jpg 300w, https:\/\/svetslik.si\/wp-content\/uploads\/2021\/09\/claude-monet-Impression-sunrise-2-1024x577.jpg 1024w, https:\/\/svetslik.si\/wp-content\/uploads\/2021\/09\/claude-monet-Impression-sunrise-2-768x432.jpg 768w, https:\/\/svetslik.si\/wp-content\/uploads\/2021\/09\/claude-monet-Impression-sunrise-2-1536x865.jpg 1536w, https:\/\/svetslik.si\/wp-content\/uploads\/2021\/09\/claude-monet-Impression-sunrise-2-2048x1153.jpg 2048w, https:\/\/svetslik.si\/wp-content\/uploads\/2021\/09\/claude-monet-Impression-sunrise-2-18x10.jpg 18w, https:\/\/svetslik.si\/wp-content\/uploads\/2021\/09\/claude-monet-Impression-sunrise-2-150x84.jpg 150w\" sizes=\"(max-width: 2560px) 100vw, 2560px\" \/>\t\t\t\t<\/div>\n\t\t\t\t\t\t\t\t\t\t\t<\/div>\n\t<\/div>\n  [\/vc_column][\/vc_row][vc_row css=&#8221;.vc_custom_1680541229682{margin-bottom: 10px !important;}&#8221;][vc_column]\t<div class=\"et-image-720 et-image     et_image_link\">\n\t\t<div class=\"et-image-inner \">\n\t\t\t\t\t\t\t<div class=\"et-image-thumb \">\n\t\t\t\t\t<img decoding=\"async\" width=\"2560\" height=\"1441\" src=\"https:\/\/svetslik.si\/wp-content\/uploads\/2021\/09\/claude-monet-Impression-sunrise-3-scaled.jpg\" class=\"attachment-full\" alt=\"Claude Monet - Impression Sunrise (reproduction, famous painting, famous artist)\" title=\"Claude Monet - Impression Sunrise (reproduction, famous painting, famous artist)\" srcset=\"https:\/\/svetslik.si\/wp-content\/uploads\/2021\/09\/claude-monet-Impression-sunrise-3-scaled.jpg 2560w, https:\/\/svetslik.si\/wp-content\/uploads\/2021\/09\/claude-monet-Impression-sunrise-3-scaled-600x338.jpg 600w, https:\/\/svetslik.si\/wp-content\/uploads\/2021\/09\/claude-monet-Impression-sunrise-3-scaled-1200x675.jpg 1200w, https:\/\/svetslik.si\/wp-content\/uploads\/2021\/09\/claude-monet-Impression-sunrise-3-300x169.jpg 300w, https:\/\/svetslik.si\/wp-content\/uploads\/2021\/09\/claude-monet-Impression-sunrise-3-1024x577.jpg 1024w, https:\/\/svetslik.si\/wp-content\/uploads\/2021\/09\/claude-monet-Impression-sunrise-3-768x432.jpg 768w, https:\/\/svetslik.si\/wp-content\/uploads\/2021\/09\/claude-monet-Impression-sunrise-3-1536x865.jpg 1536w, https:\/\/svetslik.si\/wp-content\/uploads\/2021\/09\/claude-monet-Impression-sunrise-3-2048x1153.jpg 2048w, https:\/\/svetslik.si\/wp-content\/uploads\/2021\/09\/claude-monet-Impression-sunrise-3-18x10.jpg 18w, https:\/\/svetslik.si\/wp-content\/uploads\/2021\/09\/claude-monet-Impression-sunrise-3-150x84.jpg 150w\" sizes=\"(max-width: 2560px) 100vw, 2560px\" \/>\t\t\t\t<\/div>\n\t\t\t\t\t\t\t\t\t\t\t<\/div>\n\t<\/div>\n  [\/vc_column][\/vc_row]\n<\/div>","protected":false},"excerpt":{"rendered":"<p>[vc_row][vc_column][vc_column_text] Claude Monet &#8211; Impression Sunrise &nbsp; &nbsp; Year of creation: 1872 Original size: 63 cm x 48 cm Paint style: Impressionism Original technique: Oil on canvas Located: Museum Marmottan, Paris Oil on canvas Impression Sunrise is a typical example of the then new style of painting, impressionism. In this [&hellip;]<\/p>\n","protected":false},"featured_media":79474,"template":"","meta":{"_acf_changed":false},"product_brand":[],"product_cat":[9803],"product_tag":[9849,9870,9862,9863],"class_list":{"0":"post-81241","1":"product","2":"type-product","3":"status-publish","4":"has-post-thumbnail","6":"product_cat-claude-monet-en","7":"product_tag-monet-en","8":"product_tag-painter","9":"product_tag-reproduction-en","10":"product_tag-reproductions","11":"pa_dimenzija-120-x-90-cm-en","12":"pa_dimenzija-150-x-110-cm-en","13":"pa_dimenzija-40-x-30-cm-en","14":"pa_dimenzija-50-x-40-cm-en","15":"pa_dimenzija-63-x-48-cm-en","16":"pa_dimenzija-70-x-50-cm-en","17":"pa_dimenzija-80-x-60-cm-en","18":"pa_dimenzija-90-x-70-cm-en","19":"pa_oblika-horizontal","20":"pa_okvir-without-frame","21":"pa_podokvir-without","22":"pa_podokvir-yes","24":"first","25":"onbackorder","26":"purchasable","27":"product-type-variable","28":"has-default-attributes"},"acf":[],"yoast_head":"<!-- This site is optimized with the Yoast SEO Premium plugin v26.0 (Yoast SEO v27.2) - https:\/\/yoast.com\/product\/yoast-seo-premium-wordpress\/ -->\n<title>Claude Monet - Impression Sunrise - SVETSLIK.SI - 100% hand painted<\/title>\n<meta name=\"description\" content=\"Claude Monet - Impression Sunrise - 100% hand-painted reproduction of famous paintings by famous artists. Wall art, abstract paintings and custom painted paintings by order.\" \/>\n<meta name=\"robots\" content=\"index, follow, max-snippet:-1, max-image-preview:large, max-video-preview:-1\" \/>\n<link rel=\"canonical\" href=\"https:\/\/svetslik.si\/en\/claude-monet-en\/impression-sunrise\/\" \/>\n<meta property=\"og:locale\" content=\"en_US\" \/>\n<meta property=\"og:type\" content=\"article\" \/>\n<meta property=\"og:title\" content=\"Claude Monet - Impression Sunrise\" \/>\n<meta property=\"og:description\" content=\"100% ro\u010dno naslikane slike na platnu, reprodukcije znanih slikarjev in umetni\u0161ke slike po naro\u010dilu.\" \/>\n<meta property=\"og:url\" content=\"https:\/\/svetslik.si\/en\/claude-monet-en\/impression-sunrise\/\" \/>\n<meta property=\"og:site_name\" content=\"SVETSLIK.SI\" \/>\n<meta property=\"article:publisher\" content=\"https:\/\/www.facebook.com\/svetslik.si\" \/>\n<meta property=\"article:modified_time\" content=\"2026-03-22T18:20:23+00:00\" \/>\n<meta property=\"og:image\" content=\"https:\/\/svetslik.si\/wp-content\/uploads\/2021\/09\/Monet_-_Impression_Sunrise-scaled.jpg\" \/>\n\t<meta property=\"og:image:width\" content=\"2560\" \/>\n\t<meta property=\"og:image:height\" content=\"1986\" \/>\n\t<meta property=\"og:image:type\" content=\"image\/jpeg\" \/>\n<meta name=\"twitter:card\" content=\"summary_large_image\" \/>\n<meta name=\"twitter:site\" content=\"@svetslik\" \/>\n<meta name=\"twitter:label1\" content=\"Availability\" \/>\n\t<meta name=\"twitter:data1\" content=\"On backorder\" \/>\n<script type=\"application\/ld+json\" class=\"yoast-schema-graph\">{\"@context\":\"https:\/\/schema.org\",\"@graph\":[{\"@type\":[\"WebPage\",\"ItemPage\"],\"@id\":\"https:\/\/svetslik.si\/en\/claude-monet-en\/impression-sunrise\/\",\"url\":\"https:\/\/svetslik.si\/en\/claude-monet-en\/impression-sunrise\/\",\"name\":\"Claude Monet - Impression Sunrise - SVETSLIK.SI - 100% hand painted\",\"isPartOf\":{\"@id\":\"https:\/\/svetslik.si\/en\/#website\"},\"primaryImageOfPage\":{\"@id\":\"https:\/\/svetslik.si\/en\/claude-monet-en\/impression-sunrise\/#primaryimage\"},\"image\":{\"@id\":\"https:\/\/svetslik.si\/en\/claude-monet-en\/impression-sunrise\/#primaryimage\"},\"thumbnailUrl\":\"https:\/\/svetslik.si\/wp-content\/uploads\/2021\/09\/Monet_-_Impression_Sunrise-scaled.jpg\",\"datePublished\":\"2021-09-02T15:42:32+00:00\",\"dateModified\":\"2026-03-22T18:20:23+00:00\",\"description\":\"Claude Monet - Impression Sunrise - 100% hand-painted reproduction of famous paintings by famous artists. Wall art, abstract paintings and custom painted paintings by order.\",\"breadcrumb\":{\"@id\":\"https:\/\/svetslik.si\/en\/claude-monet-en\/impression-sunrise\/#breadcrumb\"},\"inLanguage\":\"en-US\",\"potentialAction\":[{\"@type\":\"ReadAction\",\"target\":[\"https:\/\/svetslik.si\/en\/claude-monet-en\/impression-sunrise\/\"]}]},{\"@type\":\"ImageObject\",\"inLanguage\":\"en-US\",\"@id\":\"https:\/\/svetslik.si\/en\/claude-monet-en\/impression-sunrise\/#primaryimage\",\"url\":\"https:\/\/svetslik.si\/wp-content\/uploads\/2021\/09\/Monet_-_Impression_Sunrise-scaled.jpg\",\"contentUrl\":\"https:\/\/svetslik.si\/wp-content\/uploads\/2021\/09\/Monet_-_Impression_Sunrise-scaled.jpg\",\"width\":2560,\"height\":1986,\"caption\":\"\\\"Monet - Impression, Sunrise\\\" is a famous painting by Claude Monet. If you are looking for reproductions of this artwork as modern wall paintings or art for walls, you can search for \\\"Monet - Impression, Sunrise\\\" reproductions online or visit art galleries or stores that specialize in art reproductions. These reproductions are typically available on canvas or as framed prints. Make sure to check the authenticity and quality of the reproduction before making a purchase.\"},{\"@type\":\"BreadcrumbList\",\"@id\":\"https:\/\/svetslik.si\/en\/claude-monet-en\/impression-sunrise\/#breadcrumb\",\"itemListElement\":[{\"@type\":\"ListItem\",\"position\":1,\"name\":\"Wall art and paintings on canvas\",\"item\":\"https:\/\/svetslik.si\/en\/\"},{\"@type\":\"ListItem\",\"position\":2,\"name\":\"Sale of paintings\",\"item\":\"https:\/\/svetslik.si\/prodaja-slik\/\"},{\"@type\":\"ListItem\",\"position\":3,\"name\":\"Claude Monet &#8211; Impression Sunrise\"}]},{\"@type\":\"WebSite\",\"@id\":\"https:\/\/svetslik.si\/en\/#website\",\"url\":\"https:\/\/svetslik.si\/en\/\",\"name\":\"SVETSLIK.SI\",\"description\":\"100% ru\u010dno naslikane reprodukcije slika poznatih slikara in umjetni\u010dke zidne slike na platnu.\",\"publisher\":{\"@id\":\"https:\/\/svetslik.si\/en\/#organization\"},\"potentialAction\":[{\"@type\":\"SearchAction\",\"target\":{\"@type\":\"EntryPoint\",\"urlTemplate\":\"https:\/\/svetslik.si\/en\/?s={search_term_string}\"},\"query-input\":{\"@type\":\"PropertyValueSpecification\",\"valueRequired\":true,\"valueName\":\"search_term_string\"}}],\"inLanguage\":\"en-US\"},{\"@type\":\"Organization\",\"@id\":\"https:\/\/svetslik.si\/en\/#organization\",\"name\":\"SvetSlik.si\",\"url\":\"https:\/\/svetslik.si\/en\/\",\"logo\":{\"@type\":\"ImageObject\",\"inLanguage\":\"en-US\",\"@id\":\"https:\/\/svetslik.si\/en\/#\/schema\/logo\/image\/\",\"url\":\"https:\/\/svetslik.si\/wp-content\/uploads\/2020\/12\/logo-512.png\",\"contentUrl\":\"https:\/\/svetslik.si\/wp-content\/uploads\/2020\/12\/logo-512.png\",\"width\":512,\"height\":512,\"caption\":\"SvetSlik.si\"},\"image\":{\"@id\":\"https:\/\/svetslik.si\/en\/#\/schema\/logo\/image\/\"},\"sameAs\":[\"https:\/\/www.facebook.com\/svetslik.si\",\"https:\/\/x.com\/svetslik\",\"https:\/\/www.instagram.com\/svetslik.si\/\",\"https:\/\/www.linkedin.com\/company\/svetslik-si\"]}]}<\/script>\n<meta property=\"og:availability\" content=\"backorder\" \/>\n<meta property=\"product:availability\" content=\"available for order\" \/>\n<meta property=\"product:retailer_item_id\" content=\"49__\" \/>\n<meta property=\"product:condition\" content=\"new\" \/>\n<!-- \/ Yoast SEO Premium plugin. -->","yoast_head_json":{"title":"Claude Monet - Impression Sunrise - SVETSLIK.SI - 100% hand painted","description":"Claude Monet - Impression Sunrise - 100% hand-painted reproduction of famous paintings by famous artists. Wall art, abstract paintings and custom painted paintings by order.","robots":{"index":"index","follow":"follow","max-snippet":"max-snippet:-1","max-image-preview":"max-image-preview:large","max-video-preview":"max-video-preview:-1"},"canonical":"https:\/\/svetslik.si\/en\/claude-monet-en\/impression-sunrise\/","og_locale":"en_US","og_type":"article","og_title":"Claude Monet - Impression Sunrise","og_description":"100% ro\u010dno naslikane slike na platnu, reprodukcije znanih slikarjev in umetni\u0161ke slike po naro\u010dilu.","og_url":"https:\/\/svetslik.si\/en\/claude-monet-en\/impression-sunrise\/","og_site_name":"SVETSLIK.SI","article_publisher":"https:\/\/www.facebook.com\/svetslik.si","article_modified_time":"2026-03-22T18:20:23+00:00","og_image":[{"width":2560,"height":1986,"url":"https:\/\/svetslik.si\/wp-content\/uploads\/2021\/09\/Monet_-_Impression_Sunrise-scaled.jpg","type":"image\/jpeg"}],"twitter_card":"summary_large_image","twitter_site":"@svetslik","twitter_misc":{"Availability":"On backorder"},"schema":{"@context":"https:\/\/schema.org","@graph":[{"@type":["WebPage","ItemPage"],"@id":"https:\/\/svetslik.si\/en\/claude-monet-en\/impression-sunrise\/","url":"https:\/\/svetslik.si\/en\/claude-monet-en\/impression-sunrise\/","name":"Claude Monet - Impression Sunrise - SVETSLIK.SI - 100% hand painted","isPartOf":{"@id":"https:\/\/svetslik.si\/en\/#website"},"primaryImageOfPage":{"@id":"https:\/\/svetslik.si\/en\/claude-monet-en\/impression-sunrise\/#primaryimage"},"image":{"@id":"https:\/\/svetslik.si\/en\/claude-monet-en\/impression-sunrise\/#primaryimage"},"thumbnailUrl":"https:\/\/svetslik.si\/wp-content\/uploads\/2021\/09\/Monet_-_Impression_Sunrise-scaled.jpg","datePublished":"2021-09-02T15:42:32+00:00","dateModified":"2026-03-22T18:20:23+00:00","description":"Claude Monet - Impression Sunrise - 100% hand-painted reproduction of famous paintings by famous artists. Wall art, abstract paintings and custom painted paintings by order.","breadcrumb":{"@id":"https:\/\/svetslik.si\/en\/claude-monet-en\/impression-sunrise\/#breadcrumb"},"inLanguage":"en-US","potentialAction":[{"@type":"ReadAction","target":["https:\/\/svetslik.si\/en\/claude-monet-en\/impression-sunrise\/"]}]},{"@type":"ImageObject","inLanguage":"en-US","@id":"https:\/\/svetslik.si\/en\/claude-monet-en\/impression-sunrise\/#primaryimage","url":"https:\/\/svetslik.si\/wp-content\/uploads\/2021\/09\/Monet_-_Impression_Sunrise-scaled.jpg","contentUrl":"https:\/\/svetslik.si\/wp-content\/uploads\/2021\/09\/Monet_-_Impression_Sunrise-scaled.jpg","width":2560,"height":1986,"caption":"\"Monet - Impression, Sunrise\" is a famous painting by Claude Monet. If you are looking for reproductions of this artwork as modern wall paintings or art for walls, you can search for \"Monet - Impression, Sunrise\" reproductions online or visit art galleries or stores that specialize in art reproductions. These reproductions are typically available on canvas or as framed prints. Make sure to check the authenticity and quality of the reproduction before making a purchase."},{"@type":"BreadcrumbList","@id":"https:\/\/svetslik.si\/en\/claude-monet-en\/impression-sunrise\/#breadcrumb","itemListElement":[{"@type":"ListItem","position":1,"name":"Wall art and paintings on canvas","item":"https:\/\/svetslik.si\/en\/"},{"@type":"ListItem","position":2,"name":"Sale of paintings","item":"https:\/\/svetslik.si\/prodaja-slik\/"},{"@type":"ListItem","position":3,"name":"Claude Monet &#8211; Impression Sunrise"}]},{"@type":"WebSite","@id":"https:\/\/svetslik.si\/en\/#website","url":"https:\/\/svetslik.si\/en\/","name":"SVETSLIK.SI","description":"100% ru\u010dno naslikane reprodukcije slika poznatih slikara in umjetni\u010dke zidne slike na platnu.","publisher":{"@id":"https:\/\/svetslik.si\/en\/#organization"},"potentialAction":[{"@type":"SearchAction","target":{"@type":"EntryPoint","urlTemplate":"https:\/\/svetslik.si\/en\/?s={search_term_string}"},"query-input":{"@type":"PropertyValueSpecification","valueRequired":true,"valueName":"search_term_string"}}],"inLanguage":"en-US"},{"@type":"Organization","@id":"https:\/\/svetslik.si\/en\/#organization","name":"SvetSlik.si","url":"https:\/\/svetslik.si\/en\/","logo":{"@type":"ImageObject","inLanguage":"en-US","@id":"https:\/\/svetslik.si\/en\/#\/schema\/logo\/image\/","url":"https:\/\/svetslik.si\/wp-content\/uploads\/2020\/12\/logo-512.png","contentUrl":"https:\/\/svetslik.si\/wp-content\/uploads\/2020\/12\/logo-512.png","width":512,"height":512,"caption":"SvetSlik.si"},"image":{"@id":"https:\/\/svetslik.si\/en\/#\/schema\/logo\/image\/"},"sameAs":["https:\/\/www.facebook.com\/svetslik.si","https:\/\/x.com\/svetslik","https:\/\/www.instagram.com\/svetslik.si\/","https:\/\/www.linkedin.com\/company\/svetslik-si"]}]},"og_availability":"backorder","product_availability":"available for order","product_retailer_item_id":"49__","product_condition":"new"},"jetpack_sharing_enabled":true,"_links":{"self":[{"href":"https:\/\/svetslik.si\/en\/wp-json\/wp\/v2\/product\/81241","targetHints":{"allow":["GET"]}}],"collection":[{"href":"https:\/\/svetslik.si\/en\/wp-json\/wp\/v2\/product"}],"about":[{"href":"https:\/\/svetslik.si\/en\/wp-json\/wp\/v2\/types\/product"}],"wp:featuredmedia":[{"embeddable":true,"href":"https:\/\/svetslik.si\/en\/wp-json\/wp\/v2\/media\/79474"}],"wp:attachment":[{"href":"https:\/\/svetslik.si\/en\/wp-json\/wp\/v2\/media?parent=81241"}],"wp:term":[{"taxonomy":"product_brand","embeddable":true,"href":"https:\/\/svetslik.si\/en\/wp-json\/wp\/v2\/product_brand?post=81241"},{"taxonomy":"product_cat","embeddable":true,"href":"https:\/\/svetslik.si\/en\/wp-json\/wp\/v2\/product_cat?post=81241"},{"taxonomy":"product_tag","embeddable":true,"href":"https:\/\/svetslik.si\/en\/wp-json\/wp\/v2\/product_tag?post=81241"}],"curies":[{"name":"wp","href":"https:\/\/api.w.org\/{rel}","templated":true}]}}