{"id":81277,"date":"2021-09-02T17:42:40","date_gmt":"2021-09-02T15:42:40","guid":{"rendered":"https:\/\/svetslik.si\/uncategorized\/bridge-at-argenteuil\/"},"modified":"2026-03-22T19:21:10","modified_gmt":"2026-03-22T18:21:10","slug":"bridge-at-argenteuil","status":"publish","type":"product","link":"https:\/\/svetslik.si\/en\/claude-monet-en\/bridge-at-argenteuil\/","title":{"rendered":"Claude Monet &#8211; Bridge at Argenteuil"},"content":{"rendered":"<h1>Claude Monet &#8211; Bridge at Argenteuil<\/h1>\n<p>\n&nbsp;<\/p>\n<p>\n&nbsp;<\/p>\n<table border=\"0\" cellpadding=\"0\" cellspacing=\"0\" style=\"width: 632px\" width=\"632\">\n<tbody>\n<tr>\n<td height=\"21\" style=\"width: 180px;height: 21px\">\nYear of creation:<\/td>\n<td style=\"width: 452px\">\n1874<\/td>\n<\/tr>\n<tr>\n<td height=\"21\" style=\"width: 180px;height: 21px\">\nOriginal size:<\/td>\n<td style=\"width: 452px\">\n79.7 cm x 60 cm<\/td>\n<\/tr>\n<tr>\n<td height=\"21\" style=\"width: 180px;height: 21px\">\nPainting style:<\/td>\n<td style=\"width: 452px\">\nImpressionism<\/td>\n<\/tr>\n<tr>\n<td height=\"21\" style=\"width: 180px;height: 21px\">\nOriginal technique:<\/td>\n<td>\nOil on canvas<\/td>\n<\/tr>\n<tr>\n<td height=\"21\" style=\"width: 180px;height: 21px\">\nLocated:<\/td>\n<td style=\"width: 452px\">\nPrivate collection, Paul Mellon<\/td>\n<\/tr>\n<\/tbody>\n<colgroup>\n<\/colgroup>\n<\/table>\n<p>\nThe perfect balance of light and color is evident in the oil on canvas <em>The Bridge at Argenteuil<\/em>. Rays of light, which Monet achieved in the painting by using pure colors on the canvas, dominate and surround the forms that appear in the painting. The play between the short strokes of the brush on the waves and the larger areas of color in the painting is masterful.<\/p>\n","protected":false},"excerpt":{"rendered":"<p>Claude Monet &#8211; Bridge at Argenteuil &nbsp; &nbsp; Year of creation: 1874 Original size: 79.7 cm x 60 cm Painting style: Impressionism Original technique: Oil on canvas Located: Private collection, Paul Mellon The perfect balance of light and color is evident in the oil on canvas The Bridge at Argenteuil. [&hellip;]<\/p>\n","protected":false},"featured_media":78544,"template":"","meta":{"_acf_changed":false},"product_brand":[],"product_cat":[9803],"product_tag":[9849,9870,9862,9863],"class_list":{"0":"post-81277","1":"product","2":"type-product","3":"status-publish","4":"has-post-thumbnail","6":"product_cat-claude-monet-en","7":"product_tag-monet-en","8":"product_tag-painter","9":"product_tag-reproduction-en","10":"product_tag-reproductions","11":"pa_dimenzija-120-x-90-cm","12":"pa_dimenzija-150-x-110-cm","13":"pa_dimenzija-40-x-30-cm","14":"pa_dimenzija-50-x-40-cm","15":"pa_dimenzija-60-x-40-cm","16":"pa_dimenzija-70-x-50-cm","17":"pa_dimenzija-80-x-60-cm","18":"pa_dimenzija-90-x-70-cm","19":"pa_oblika-horizontal","20":"pa_okvir-without-frame","21":"pa_podokvir-without","22":"pa_podokvir-yes","24":"first","25":"onbackorder","26":"purchasable","27":"product-type-variable","28":"has-default-attributes"},"acf":[],"yoast_head":"<!-- This site is optimized with the Yoast SEO Premium plugin v26.0 (Yoast SEO v27.2) - https:\/\/yoast.com\/product\/yoast-seo-premium-wordpress\/ -->\n<title>Claude Monet - Bridge at Argenteuil - SVETSLIK.SI - 100% hand painted<\/title>\n<meta name=\"description\" content=\"Claude Monet - Bridge at Argenteuil - 100% hand-painted reproduction of famous paintings by famous artists. Wall art, abstract paintings and custom painted paintings by order.\" \/>\n<meta name=\"robots\" content=\"index, follow, max-snippet:-1, max-image-preview:large, max-video-preview:-1\" \/>\n<link rel=\"canonical\" href=\"https:\/\/svetslik.si\/en\/claude-monet-en\/bridge-at-argenteuil\/\" \/>\n<meta property=\"og:locale\" content=\"en_US\" \/>\n<meta property=\"og:type\" content=\"article\" \/>\n<meta property=\"og:title\" content=\"Claude Monet - Bridge at Argenteuil\" \/>\n<meta property=\"og:description\" content=\"100% ro\u010dno naslikane slike na platnu, reprodukcije znanih slikarjev in umetni\u0161ke slike po naro\u010dilu.\" \/>\n<meta property=\"og:url\" content=\"https:\/\/svetslik.si\/en\/claude-monet-en\/bridge-at-argenteuil\/\" \/>\n<meta property=\"og:site_name\" content=\"SVETSLIK.SI\" \/>\n<meta property=\"article:publisher\" content=\"https:\/\/www.facebook.com\/svetslik.si\" \/>\n<meta property=\"article:modified_time\" content=\"2026-03-22T18:21:10+00:00\" \/>\n<meta property=\"og:image\" content=\"https:\/\/svetslik.si\/wp-content\/uploads\/2021\/08\/image_Bridge-at-Argenteuil-Claude-Monet_680.jpg\" \/>\n\t<meta property=\"og:image:width\" content=\"2560\" \/>\n\t<meta property=\"og:image:height\" content=\"1919\" \/>\n\t<meta property=\"og:image:type\" content=\"image\/jpeg\" \/>\n<meta name=\"twitter:card\" content=\"summary_large_image\" \/>\n<meta name=\"twitter:site\" content=\"@svetslik\" \/>\n<meta name=\"twitter:label1\" content=\"Availability\" \/>\n\t<meta name=\"twitter:data1\" content=\"On backorder\" \/>\n<script type=\"application\/ld+json\" class=\"yoast-schema-graph\">{\"@context\":\"https:\/\/schema.org\",\"@graph\":[{\"@type\":[\"WebPage\",\"ItemPage\"],\"@id\":\"https:\/\/svetslik.si\/en\/claude-monet-en\/bridge-at-argenteuil\/\",\"url\":\"https:\/\/svetslik.si\/en\/claude-monet-en\/bridge-at-argenteuil\/\",\"name\":\"Claude Monet - Bridge at Argenteuil - SVETSLIK.SI - 100% hand painted\",\"isPartOf\":{\"@id\":\"https:\/\/svetslik.si\/en\/#website\"},\"primaryImageOfPage\":{\"@id\":\"https:\/\/svetslik.si\/en\/claude-monet-en\/bridge-at-argenteuil\/#primaryimage\"},\"image\":{\"@id\":\"https:\/\/svetslik.si\/en\/claude-monet-en\/bridge-at-argenteuil\/#primaryimage\"},\"thumbnailUrl\":\"https:\/\/svetslik.si\/wp-content\/uploads\/2021\/08\/image_Bridge-at-Argenteuil-Claude-Monet_680.jpg\",\"datePublished\":\"2021-09-02T15:42:40+00:00\",\"dateModified\":\"2026-03-22T18:21:10+00:00\",\"description\":\"Claude Monet - Bridge at Argenteuil - 100% hand-painted reproduction of famous paintings by famous artists. Wall art, abstract paintings and custom painted paintings by order.\",\"breadcrumb\":{\"@id\":\"https:\/\/svetslik.si\/en\/claude-monet-en\/bridge-at-argenteuil\/#breadcrumb\"},\"inLanguage\":\"en-US\",\"potentialAction\":[{\"@type\":\"ReadAction\",\"target\":[\"https:\/\/svetslik.si\/en\/claude-monet-en\/bridge-at-argenteuil\/\"]}]},{\"@type\":\"ImageObject\",\"inLanguage\":\"en-US\",\"@id\":\"https:\/\/svetslik.si\/en\/claude-monet-en\/bridge-at-argenteuil\/#primaryimage\",\"url\":\"https:\/\/svetslik.si\/wp-content\/uploads\/2021\/08\/image_Bridge-at-Argenteuil-Claude-Monet_680.jpg\",\"contentUrl\":\"https:\/\/svetslik.si\/wp-content\/uploads\/2021\/08\/image_Bridge-at-Argenteuil-Claude-Monet_680.jpg\",\"width\":2560,\"height\":1919,\"caption\":\"Claude Monet - Bridge at Argenteuil - reproduction of famous painting by famous artist, hand painted painting on canvas - oil painting\"},{\"@type\":\"BreadcrumbList\",\"@id\":\"https:\/\/svetslik.si\/en\/claude-monet-en\/bridge-at-argenteuil\/#breadcrumb\",\"itemListElement\":[{\"@type\":\"ListItem\",\"position\":1,\"name\":\"Wall art and paintings on canvas\",\"item\":\"https:\/\/svetslik.si\/en\/\"},{\"@type\":\"ListItem\",\"position\":2,\"name\":\"Sale of paintings\",\"item\":\"https:\/\/svetslik.si\/prodaja-slik\/\"},{\"@type\":\"ListItem\",\"position\":3,\"name\":\"Claude Monet &#8211; Bridge at Argenteuil\"}]},{\"@type\":\"WebSite\",\"@id\":\"https:\/\/svetslik.si\/en\/#website\",\"url\":\"https:\/\/svetslik.si\/en\/\",\"name\":\"SVETSLIK.SI\",\"description\":\"100% ru\u010dno naslikane reprodukcije slika poznatih slikara in umjetni\u010dke zidne slike na platnu.\",\"publisher\":{\"@id\":\"https:\/\/svetslik.si\/en\/#organization\"},\"potentialAction\":[{\"@type\":\"SearchAction\",\"target\":{\"@type\":\"EntryPoint\",\"urlTemplate\":\"https:\/\/svetslik.si\/en\/?s={search_term_string}\"},\"query-input\":{\"@type\":\"PropertyValueSpecification\",\"valueRequired\":true,\"valueName\":\"search_term_string\"}}],\"inLanguage\":\"en-US\"},{\"@type\":\"Organization\",\"@id\":\"https:\/\/svetslik.si\/en\/#organization\",\"name\":\"SvetSlik.si\",\"url\":\"https:\/\/svetslik.si\/en\/\",\"logo\":{\"@type\":\"ImageObject\",\"inLanguage\":\"en-US\",\"@id\":\"https:\/\/svetslik.si\/en\/#\/schema\/logo\/image\/\",\"url\":\"https:\/\/svetslik.si\/wp-content\/uploads\/2020\/12\/logo-512.png\",\"contentUrl\":\"https:\/\/svetslik.si\/wp-content\/uploads\/2020\/12\/logo-512.png\",\"width\":512,\"height\":512,\"caption\":\"SvetSlik.si\"},\"image\":{\"@id\":\"https:\/\/svetslik.si\/en\/#\/schema\/logo\/image\/\"},\"sameAs\":[\"https:\/\/www.facebook.com\/svetslik.si\",\"https:\/\/x.com\/svetslik\",\"https:\/\/www.instagram.com\/svetslik.si\/\",\"https:\/\/www.linkedin.com\/company\/svetslik-si\"]}]}<\/script>\n<meta property=\"og:availability\" content=\"backorder\" \/>\n<meta property=\"product:availability\" content=\"available for order\" \/>\n<meta property=\"product:retailer_item_id\" content=\"54__\" \/>\n<meta property=\"product:condition\" content=\"new\" \/>\n<!-- \/ Yoast SEO Premium plugin. -->","yoast_head_json":{"title":"Claude Monet - Bridge at Argenteuil - SVETSLIK.SI - 100% hand painted","description":"Claude Monet - Bridge at Argenteuil - 100% hand-painted reproduction of famous paintings by famous artists. Wall art, abstract paintings and custom painted paintings by order.","robots":{"index":"index","follow":"follow","max-snippet":"max-snippet:-1","max-image-preview":"max-image-preview:large","max-video-preview":"max-video-preview:-1"},"canonical":"https:\/\/svetslik.si\/en\/claude-monet-en\/bridge-at-argenteuil\/","og_locale":"en_US","og_type":"article","og_title":"Claude Monet - Bridge at Argenteuil","og_description":"100% ro\u010dno naslikane slike na platnu, reprodukcije znanih slikarjev in umetni\u0161ke slike po naro\u010dilu.","og_url":"https:\/\/svetslik.si\/en\/claude-monet-en\/bridge-at-argenteuil\/","og_site_name":"SVETSLIK.SI","article_publisher":"https:\/\/www.facebook.com\/svetslik.si","article_modified_time":"2026-03-22T18:21:10+00:00","og_image":[{"width":2560,"height":1919,"url":"https:\/\/svetslik.si\/wp-content\/uploads\/2021\/08\/image_Bridge-at-Argenteuil-Claude-Monet_680.jpg","type":"image\/jpeg"}],"twitter_card":"summary_large_image","twitter_site":"@svetslik","twitter_misc":{"Availability":"On backorder"},"schema":{"@context":"https:\/\/schema.org","@graph":[{"@type":["WebPage","ItemPage"],"@id":"https:\/\/svetslik.si\/en\/claude-monet-en\/bridge-at-argenteuil\/","url":"https:\/\/svetslik.si\/en\/claude-monet-en\/bridge-at-argenteuil\/","name":"Claude Monet - Bridge at Argenteuil - SVETSLIK.SI - 100% hand painted","isPartOf":{"@id":"https:\/\/svetslik.si\/en\/#website"},"primaryImageOfPage":{"@id":"https:\/\/svetslik.si\/en\/claude-monet-en\/bridge-at-argenteuil\/#primaryimage"},"image":{"@id":"https:\/\/svetslik.si\/en\/claude-monet-en\/bridge-at-argenteuil\/#primaryimage"},"thumbnailUrl":"https:\/\/svetslik.si\/wp-content\/uploads\/2021\/08\/image_Bridge-at-Argenteuil-Claude-Monet_680.jpg","datePublished":"2021-09-02T15:42:40+00:00","dateModified":"2026-03-22T18:21:10+00:00","description":"Claude Monet - Bridge at Argenteuil - 100% hand-painted reproduction of famous paintings by famous artists. Wall art, abstract paintings and custom painted paintings by order.","breadcrumb":{"@id":"https:\/\/svetslik.si\/en\/claude-monet-en\/bridge-at-argenteuil\/#breadcrumb"},"inLanguage":"en-US","potentialAction":[{"@type":"ReadAction","target":["https:\/\/svetslik.si\/en\/claude-monet-en\/bridge-at-argenteuil\/"]}]},{"@type":"ImageObject","inLanguage":"en-US","@id":"https:\/\/svetslik.si\/en\/claude-monet-en\/bridge-at-argenteuil\/#primaryimage","url":"https:\/\/svetslik.si\/wp-content\/uploads\/2021\/08\/image_Bridge-at-Argenteuil-Claude-Monet_680.jpg","contentUrl":"https:\/\/svetslik.si\/wp-content\/uploads\/2021\/08\/image_Bridge-at-Argenteuil-Claude-Monet_680.jpg","width":2560,"height":1919,"caption":"Claude Monet - Bridge at Argenteuil - reproduction of famous painting by famous artist, hand painted painting on canvas - oil painting"},{"@type":"BreadcrumbList","@id":"https:\/\/svetslik.si\/en\/claude-monet-en\/bridge-at-argenteuil\/#breadcrumb","itemListElement":[{"@type":"ListItem","position":1,"name":"Wall art and paintings on canvas","item":"https:\/\/svetslik.si\/en\/"},{"@type":"ListItem","position":2,"name":"Sale of paintings","item":"https:\/\/svetslik.si\/prodaja-slik\/"},{"@type":"ListItem","position":3,"name":"Claude Monet &#8211; Bridge at Argenteuil"}]},{"@type":"WebSite","@id":"https:\/\/svetslik.si\/en\/#website","url":"https:\/\/svetslik.si\/en\/","name":"SVETSLIK.SI","description":"100% ru\u010dno naslikane reprodukcije slika poznatih slikara in umjetni\u010dke zidne slike na platnu.","publisher":{"@id":"https:\/\/svetslik.si\/en\/#organization"},"potentialAction":[{"@type":"SearchAction","target":{"@type":"EntryPoint","urlTemplate":"https:\/\/svetslik.si\/en\/?s={search_term_string}"},"query-input":{"@type":"PropertyValueSpecification","valueRequired":true,"valueName":"search_term_string"}}],"inLanguage":"en-US"},{"@type":"Organization","@id":"https:\/\/svetslik.si\/en\/#organization","name":"SvetSlik.si","url":"https:\/\/svetslik.si\/en\/","logo":{"@type":"ImageObject","inLanguage":"en-US","@id":"https:\/\/svetslik.si\/en\/#\/schema\/logo\/image\/","url":"https:\/\/svetslik.si\/wp-content\/uploads\/2020\/12\/logo-512.png","contentUrl":"https:\/\/svetslik.si\/wp-content\/uploads\/2020\/12\/logo-512.png","width":512,"height":512,"caption":"SvetSlik.si"},"image":{"@id":"https:\/\/svetslik.si\/en\/#\/schema\/logo\/image\/"},"sameAs":["https:\/\/www.facebook.com\/svetslik.si","https:\/\/x.com\/svetslik","https:\/\/www.instagram.com\/svetslik.si\/","https:\/\/www.linkedin.com\/company\/svetslik-si"]}]},"og_availability":"backorder","product_availability":"available for order","product_retailer_item_id":"54__","product_condition":"new"},"jetpack_sharing_enabled":true,"_links":{"self":[{"href":"https:\/\/svetslik.si\/en\/wp-json\/wp\/v2\/product\/81277","targetHints":{"allow":["GET"]}}],"collection":[{"href":"https:\/\/svetslik.si\/en\/wp-json\/wp\/v2\/product"}],"about":[{"href":"https:\/\/svetslik.si\/en\/wp-json\/wp\/v2\/types\/product"}],"wp:featuredmedia":[{"embeddable":true,"href":"https:\/\/svetslik.si\/en\/wp-json\/wp\/v2\/media\/78544"}],"wp:attachment":[{"href":"https:\/\/svetslik.si\/en\/wp-json\/wp\/v2\/media?parent=81277"}],"wp:term":[{"taxonomy":"product_brand","embeddable":true,"href":"https:\/\/svetslik.si\/en\/wp-json\/wp\/v2\/product_brand?post=81277"},{"taxonomy":"product_cat","embeddable":true,"href":"https:\/\/svetslik.si\/en\/wp-json\/wp\/v2\/product_cat?post=81277"},{"taxonomy":"product_tag","embeddable":true,"href":"https:\/\/svetslik.si\/en\/wp-json\/wp\/v2\/product_tag?post=81277"}],"curies":[{"name":"wp","href":"https:\/\/api.w.org\/{rel}","templated":true}]}}