{"id":81326,"date":"2021-09-02T17:42:48","date_gmt":"2021-09-02T15:42:48","guid":{"rendered":"https:\/\/svetslik.si\/uncategorized\/negro-attacked-by-a-jaguar\/"},"modified":"2026-03-22T19:21:54","modified_gmt":"2026-03-22T18:21:54","slug":"negro-attacked-by-a-jaguar","status":"publish","type":"product","link":"https:\/\/svetslik.si\/en\/henri-rousseau-en\/negro-attacked-by-a-jaguar\/","title":{"rendered":"Henri Rousseau &#8211; Negro\u00a0Attacked by\u00a0a\u00a0Jaguar"},"content":{"rendered":"<h1>Henri Rousseau &#8211; Negro Attacked by a Jaguar<\/h1>\n<p>\n&nbsp;<\/p>\n<table border=\"0\" cellpadding=\"0\" cellspacing=\"0\" style=\"width: 673px\" width=\"673\">\n<tbody>\n<tr>\n<td height=\"21\" style=\"width: 180px;height: 21px\">Year of creation:<\/td>\n<td style=\"width: 493px\">1910<\/td>\n<\/tr>\n<tr>\n<td height=\"21\" style=\"width: 180px;height: 21px\">Original size:<\/td>\n<td style=\"width: 493px\">162.5 cm x 116 cm<\/td>\n<\/tr>\n<tr>\n<td height=\"21\" style=\"width: 180px;height: 21px\">Painting style:<\/td>\n<td style=\"width: 493px\">Post-impressionism<\/td>\n<\/tr>\n<tr>\n<td height=\"21\" style=\"width: 180px;height: 21px\">Original technique:<\/td>\n<td>Oil on canvas<\/td>\n<\/tr>\n<tr>\n<td height=\"21\" style=\"width: 180px;height: 21px\">Located:<\/td>\n<td>Art Museum Basel, Switzerland<\/td>\n<\/tr>\n<\/tbody>\n<colgroup><\/colgroup>\n<\/table>\n<p>The mood in this painting is extremely dreamlike, which the painter achieved through the use of colors and shading, as well as the placement of figures and other components in the painting. The atmosphere in the painting is strange and almost uncomfortable. In the central part of the painting, which is very small compared to the whole scene, the artist has placed a male figure and a jaguar standing on its hind legs and attacking this male figure. Although Rousseau&#8217;s paintings are otherwise unrealistic, in the present oil on canvas he created another kind of realism that is almost scary.<\/p>\n","protected":false},"excerpt":{"rendered":"<p>Henri Rousseau &#8211; Negro Attacked by a Jaguar &nbsp; Year of creation: 1910 Original size: 162.5 cm x 116 cm Painting style: Post-impressionism Original technique: Oil on canvas Located: Art Museum Basel, Switzerland The mood in this painting is extremely dreamlike, which the painter achieved through the use of colors [&hellip;]<\/p>\n","protected":false},"featured_media":78979,"template":"","meta":{"_acf_changed":false},"product_brand":[],"product_cat":[9809],"product_tag":[9870,9862,9863,9866],"class_list":{"0":"post-81326","1":"product","2":"type-product","3":"status-publish","4":"has-post-thumbnail","6":"product_cat-henri-rousseau-en","7":"product_tag-painter","8":"product_tag-reproduction-en","9":"product_tag-reproductions","10":"product_tag-rousseau-en","11":"pa_dimenzija-100-x-70-cm","12":"pa_dimenzija-120-x-90-cm","13":"pa_dimenzija-140-x-100-cm","14":"pa_dimenzija-163-x-116-cm","15":"pa_dimenzija-180-x-130-cm","16":"pa_dimenzija-200-x-140-cm","17":"pa_dimenzija-70-x-60-cm","18":"pa_dimenzija-90-x-65-cm","19":"pa_oblika-horizontal","20":"pa_okvir-without-frame","21":"pa_podokvir-without","22":"pa_podokvir-yes","24":"first","25":"onbackorder","26":"purchasable","27":"product-type-variable","28":"has-default-attributes"},"acf":[],"yoast_head":"<!-- This site is optimized with the Yoast SEO Premium plugin v26.0 (Yoast SEO v27.2) - https:\/\/yoast.com\/product\/yoast-seo-premium-wordpress\/ -->\n<title>Henri Rousseau - Negro\u00a0Attacked by\u00a0a\u00a0Jaguar - SVETSLIK.SI - 100% hand painted<\/title>\n<meta name=\"description\" content=\"Henri Rousseau - Negro\u00a0Attacked by\u00a0a\u00a0Jaguar - 100% hand-painted reproduction of famous paintings by famous artists. Wall art, abstract paintings and custom painted paintings by order.\" \/>\n<meta name=\"robots\" content=\"index, follow, max-snippet:-1, max-image-preview:large, max-video-preview:-1\" \/>\n<link rel=\"canonical\" href=\"https:\/\/svetslik.si\/en\/henri-rousseau-en\/negro-attacked-by-a-jaguar\/\" \/>\n<meta property=\"og:locale\" content=\"en_US\" \/>\n<meta property=\"og:type\" content=\"article\" \/>\n<meta property=\"og:title\" content=\"Henri Rousseau - Negro\u00a0Attacked by\u00a0a\u00a0Jaguar\" \/>\n<meta property=\"og:description\" content=\"100% ro\u010dno naslikane slike na platnu, reprodukcije znanih slikarjev in umetni\u0161ke slike po naro\u010dilu.\" \/>\n<meta property=\"og:url\" content=\"https:\/\/svetslik.si\/en\/henri-rousseau-en\/negro-attacked-by-a-jaguar\/\" \/>\n<meta property=\"og:site_name\" content=\"SVETSLIK.SI\" \/>\n<meta property=\"article:publisher\" content=\"https:\/\/www.facebook.com\/svetslik.si\" \/>\n<meta property=\"article:modified_time\" content=\"2026-03-22T18:21:54+00:00\" \/>\n<meta property=\"og:image\" content=\"https:\/\/svetslik.si\/wp-content\/uploads\/2021\/08\/image_Negro-Attacked-by-a-Jaguar-Henri-Rousseau_680-scaled.jpg\" \/>\n\t<meta property=\"og:image:width\" content=\"2560\" \/>\n\t<meta property=\"og:image:height\" content=\"1791\" \/>\n\t<meta property=\"og:image:type\" content=\"image\/jpeg\" \/>\n<meta name=\"twitter:card\" content=\"summary_large_image\" \/>\n<meta name=\"twitter:site\" content=\"@svetslik\" \/>\n<meta name=\"twitter:label1\" content=\"Availability\" \/>\n\t<meta name=\"twitter:data1\" content=\"On backorder\" \/>\n<script type=\"application\/ld+json\" class=\"yoast-schema-graph\">{\"@context\":\"https:\/\/schema.org\",\"@graph\":[{\"@type\":[\"WebPage\",\"ItemPage\"],\"@id\":\"https:\/\/svetslik.si\/en\/henri-rousseau-en\/negro-attacked-by-a-jaguar\/\",\"url\":\"https:\/\/svetslik.si\/en\/henri-rousseau-en\/negro-attacked-by-a-jaguar\/\",\"name\":\"Henri Rousseau - Negro\u00a0Attacked by\u00a0a\u00a0Jaguar - SVETSLIK.SI - 100% hand painted\",\"isPartOf\":{\"@id\":\"https:\/\/svetslik.si\/en\/#website\"},\"primaryImageOfPage\":{\"@id\":\"https:\/\/svetslik.si\/en\/henri-rousseau-en\/negro-attacked-by-a-jaguar\/#primaryimage\"},\"image\":{\"@id\":\"https:\/\/svetslik.si\/en\/henri-rousseau-en\/negro-attacked-by-a-jaguar\/#primaryimage\"},\"thumbnailUrl\":\"https:\/\/svetslik.si\/wp-content\/uploads\/2021\/08\/image_Negro-Attacked-by-a-Jaguar-Henri-Rousseau_680-scaled.jpg\",\"datePublished\":\"2021-09-02T15:42:48+00:00\",\"dateModified\":\"2026-03-22T18:21:54+00:00\",\"description\":\"Henri Rousseau - Negro\u00a0Attacked by\u00a0a\u00a0Jaguar - 100% hand-painted reproduction of famous paintings by famous artists. Wall art, abstract paintings and custom painted paintings by order.\",\"breadcrumb\":{\"@id\":\"https:\/\/svetslik.si\/en\/henri-rousseau-en\/negro-attacked-by-a-jaguar\/#breadcrumb\"},\"inLanguage\":\"en-US\",\"potentialAction\":[{\"@type\":\"ReadAction\",\"target\":[\"https:\/\/svetslik.si\/en\/henri-rousseau-en\/negro-attacked-by-a-jaguar\/\"]}]},{\"@type\":\"ImageObject\",\"inLanguage\":\"en-US\",\"@id\":\"https:\/\/svetslik.si\/en\/henri-rousseau-en\/negro-attacked-by-a-jaguar\/#primaryimage\",\"url\":\"https:\/\/svetslik.si\/wp-content\/uploads\/2021\/08\/image_Negro-Attacked-by-a-Jaguar-Henri-Rousseau_680-scaled.jpg\",\"contentUrl\":\"https:\/\/svetslik.si\/wp-content\/uploads\/2021\/08\/image_Negro-Attacked-by-a-Jaguar-Henri-Rousseau_680-scaled.jpg\",\"width\":2560,\"height\":1791,\"caption\":\"Henri Rousseau (Le Douanier) - For\u00eat vierge au soleil couchant - reproduction of famous painting by famous artist, hand painted painting on canvas, naive art, landscape\"},{\"@type\":\"BreadcrumbList\",\"@id\":\"https:\/\/svetslik.si\/en\/henri-rousseau-en\/negro-attacked-by-a-jaguar\/#breadcrumb\",\"itemListElement\":[{\"@type\":\"ListItem\",\"position\":1,\"name\":\"Wall art and paintings on canvas\",\"item\":\"https:\/\/svetslik.si\/en\/\"},{\"@type\":\"ListItem\",\"position\":2,\"name\":\"Sale of paintings\",\"item\":\"https:\/\/svetslik.si\/prodaja-slik\/\"},{\"@type\":\"ListItem\",\"position\":3,\"name\":\"Henri Rousseau &#8211; Negro\u00a0Attacked by\u00a0a\u00a0Jaguar\"}]},{\"@type\":\"WebSite\",\"@id\":\"https:\/\/svetslik.si\/en\/#website\",\"url\":\"https:\/\/svetslik.si\/en\/\",\"name\":\"SVETSLIK.SI\",\"description\":\"100% ru\u010dno naslikane reprodukcije slika poznatih slikara in umjetni\u010dke zidne slike na platnu.\",\"publisher\":{\"@id\":\"https:\/\/svetslik.si\/en\/#organization\"},\"potentialAction\":[{\"@type\":\"SearchAction\",\"target\":{\"@type\":\"EntryPoint\",\"urlTemplate\":\"https:\/\/svetslik.si\/en\/?s={search_term_string}\"},\"query-input\":{\"@type\":\"PropertyValueSpecification\",\"valueRequired\":true,\"valueName\":\"search_term_string\"}}],\"inLanguage\":\"en-US\"},{\"@type\":\"Organization\",\"@id\":\"https:\/\/svetslik.si\/en\/#organization\",\"name\":\"SvetSlik.si\",\"url\":\"https:\/\/svetslik.si\/en\/\",\"logo\":{\"@type\":\"ImageObject\",\"inLanguage\":\"en-US\",\"@id\":\"https:\/\/svetslik.si\/en\/#\/schema\/logo\/image\/\",\"url\":\"https:\/\/svetslik.si\/wp-content\/uploads\/2020\/12\/logo-512.png\",\"contentUrl\":\"https:\/\/svetslik.si\/wp-content\/uploads\/2020\/12\/logo-512.png\",\"width\":512,\"height\":512,\"caption\":\"SvetSlik.si\"},\"image\":{\"@id\":\"https:\/\/svetslik.si\/en\/#\/schema\/logo\/image\/\"},\"sameAs\":[\"https:\/\/www.facebook.com\/svetslik.si\",\"https:\/\/x.com\/svetslik\",\"https:\/\/www.instagram.com\/svetslik.si\/\",\"https:\/\/www.linkedin.com\/company\/svetslik-si\"]}]}<\/script>\n<meta property=\"og:availability\" content=\"backorder\" \/>\n<meta property=\"product:availability\" content=\"available for order\" \/>\n<meta property=\"product:retailer_item_id\" content=\"59__\" \/>\n<meta property=\"product:condition\" content=\"new\" \/>\n<!-- \/ Yoast SEO Premium plugin. -->","yoast_head_json":{"title":"Henri Rousseau - Negro\u00a0Attacked by\u00a0a\u00a0Jaguar - SVETSLIK.SI - 100% hand painted","description":"Henri Rousseau - Negro\u00a0Attacked by\u00a0a\u00a0Jaguar - 100% hand-painted reproduction of famous paintings by famous artists. Wall art, abstract paintings and custom painted paintings by order.","robots":{"index":"index","follow":"follow","max-snippet":"max-snippet:-1","max-image-preview":"max-image-preview:large","max-video-preview":"max-video-preview:-1"},"canonical":"https:\/\/svetslik.si\/en\/henri-rousseau-en\/negro-attacked-by-a-jaguar\/","og_locale":"en_US","og_type":"article","og_title":"Henri Rousseau - Negro\u00a0Attacked by\u00a0a\u00a0Jaguar","og_description":"100% ro\u010dno naslikane slike na platnu, reprodukcije znanih slikarjev in umetni\u0161ke slike po naro\u010dilu.","og_url":"https:\/\/svetslik.si\/en\/henri-rousseau-en\/negro-attacked-by-a-jaguar\/","og_site_name":"SVETSLIK.SI","article_publisher":"https:\/\/www.facebook.com\/svetslik.si","article_modified_time":"2026-03-22T18:21:54+00:00","og_image":[{"width":2560,"height":1791,"url":"https:\/\/svetslik.si\/wp-content\/uploads\/2021\/08\/image_Negro-Attacked-by-a-Jaguar-Henri-Rousseau_680-scaled.jpg","type":"image\/jpeg"}],"twitter_card":"summary_large_image","twitter_site":"@svetslik","twitter_misc":{"Availability":"On backorder"},"schema":{"@context":"https:\/\/schema.org","@graph":[{"@type":["WebPage","ItemPage"],"@id":"https:\/\/svetslik.si\/en\/henri-rousseau-en\/negro-attacked-by-a-jaguar\/","url":"https:\/\/svetslik.si\/en\/henri-rousseau-en\/negro-attacked-by-a-jaguar\/","name":"Henri Rousseau - Negro\u00a0Attacked by\u00a0a\u00a0Jaguar - SVETSLIK.SI - 100% hand painted","isPartOf":{"@id":"https:\/\/svetslik.si\/en\/#website"},"primaryImageOfPage":{"@id":"https:\/\/svetslik.si\/en\/henri-rousseau-en\/negro-attacked-by-a-jaguar\/#primaryimage"},"image":{"@id":"https:\/\/svetslik.si\/en\/henri-rousseau-en\/negro-attacked-by-a-jaguar\/#primaryimage"},"thumbnailUrl":"https:\/\/svetslik.si\/wp-content\/uploads\/2021\/08\/image_Negro-Attacked-by-a-Jaguar-Henri-Rousseau_680-scaled.jpg","datePublished":"2021-09-02T15:42:48+00:00","dateModified":"2026-03-22T18:21:54+00:00","description":"Henri Rousseau - Negro\u00a0Attacked by\u00a0a\u00a0Jaguar - 100% hand-painted reproduction of famous paintings by famous artists. Wall art, abstract paintings and custom painted paintings by order.","breadcrumb":{"@id":"https:\/\/svetslik.si\/en\/henri-rousseau-en\/negro-attacked-by-a-jaguar\/#breadcrumb"},"inLanguage":"en-US","potentialAction":[{"@type":"ReadAction","target":["https:\/\/svetslik.si\/en\/henri-rousseau-en\/negro-attacked-by-a-jaguar\/"]}]},{"@type":"ImageObject","inLanguage":"en-US","@id":"https:\/\/svetslik.si\/en\/henri-rousseau-en\/negro-attacked-by-a-jaguar\/#primaryimage","url":"https:\/\/svetslik.si\/wp-content\/uploads\/2021\/08\/image_Negro-Attacked-by-a-Jaguar-Henri-Rousseau_680-scaled.jpg","contentUrl":"https:\/\/svetslik.si\/wp-content\/uploads\/2021\/08\/image_Negro-Attacked-by-a-Jaguar-Henri-Rousseau_680-scaled.jpg","width":2560,"height":1791,"caption":"Henri Rousseau (Le Douanier) - For\u00eat vierge au soleil couchant - reproduction of famous painting by famous artist, hand painted painting on canvas, naive art, landscape"},{"@type":"BreadcrumbList","@id":"https:\/\/svetslik.si\/en\/henri-rousseau-en\/negro-attacked-by-a-jaguar\/#breadcrumb","itemListElement":[{"@type":"ListItem","position":1,"name":"Wall art and paintings on canvas","item":"https:\/\/svetslik.si\/en\/"},{"@type":"ListItem","position":2,"name":"Sale of paintings","item":"https:\/\/svetslik.si\/prodaja-slik\/"},{"@type":"ListItem","position":3,"name":"Henri Rousseau &#8211; Negro\u00a0Attacked by\u00a0a\u00a0Jaguar"}]},{"@type":"WebSite","@id":"https:\/\/svetslik.si\/en\/#website","url":"https:\/\/svetslik.si\/en\/","name":"SVETSLIK.SI","description":"100% ru\u010dno naslikane reprodukcije slika poznatih slikara in umjetni\u010dke zidne slike na platnu.","publisher":{"@id":"https:\/\/svetslik.si\/en\/#organization"},"potentialAction":[{"@type":"SearchAction","target":{"@type":"EntryPoint","urlTemplate":"https:\/\/svetslik.si\/en\/?s={search_term_string}"},"query-input":{"@type":"PropertyValueSpecification","valueRequired":true,"valueName":"search_term_string"}}],"inLanguage":"en-US"},{"@type":"Organization","@id":"https:\/\/svetslik.si\/en\/#organization","name":"SvetSlik.si","url":"https:\/\/svetslik.si\/en\/","logo":{"@type":"ImageObject","inLanguage":"en-US","@id":"https:\/\/svetslik.si\/en\/#\/schema\/logo\/image\/","url":"https:\/\/svetslik.si\/wp-content\/uploads\/2020\/12\/logo-512.png","contentUrl":"https:\/\/svetslik.si\/wp-content\/uploads\/2020\/12\/logo-512.png","width":512,"height":512,"caption":"SvetSlik.si"},"image":{"@id":"https:\/\/svetslik.si\/en\/#\/schema\/logo\/image\/"},"sameAs":["https:\/\/www.facebook.com\/svetslik.si","https:\/\/x.com\/svetslik","https:\/\/www.instagram.com\/svetslik.si\/","https:\/\/www.linkedin.com\/company\/svetslik-si"]}]},"og_availability":"backorder","product_availability":"available for order","product_retailer_item_id":"59__","product_condition":"new"},"jetpack_sharing_enabled":true,"_links":{"self":[{"href":"https:\/\/svetslik.si\/en\/wp-json\/wp\/v2\/product\/81326","targetHints":{"allow":["GET"]}}],"collection":[{"href":"https:\/\/svetslik.si\/en\/wp-json\/wp\/v2\/product"}],"about":[{"href":"https:\/\/svetslik.si\/en\/wp-json\/wp\/v2\/types\/product"}],"wp:featuredmedia":[{"embeddable":true,"href":"https:\/\/svetslik.si\/en\/wp-json\/wp\/v2\/media\/78979"}],"wp:attachment":[{"href":"https:\/\/svetslik.si\/en\/wp-json\/wp\/v2\/media?parent=81326"}],"wp:term":[{"taxonomy":"product_brand","embeddable":true,"href":"https:\/\/svetslik.si\/en\/wp-json\/wp\/v2\/product_brand?post=81326"},{"taxonomy":"product_cat","embeddable":true,"href":"https:\/\/svetslik.si\/en\/wp-json\/wp\/v2\/product_cat?post=81326"},{"taxonomy":"product_tag","embeddable":true,"href":"https:\/\/svetslik.si\/en\/wp-json\/wp\/v2\/product_tag?post=81326"}],"curies":[{"name":"wp","href":"https:\/\/api.w.org\/{rel}","templated":true}]}}