{"id":81335,"date":"2021-09-02T17:42:52","date_gmt":"2021-09-02T15:42:52","guid":{"rendered":"https:\/\/svetslik.si\/uncategorized\/the-sleeping-gypsy\/"},"modified":"2026-03-22T19:22:35","modified_gmt":"2026-03-22T18:22:35","slug":"the-sleeping-gypsy","status":"publish","type":"product","link":"https:\/\/svetslik.si\/en\/henri-rousseau-en\/the-sleeping-gypsy\/","title":{"rendered":"Henri Rousseau &#8211; The\u00a0Sleeping\u00a0Gypsy"},"content":{"rendered":"<h1>Henri Rousseau &#8211; The Sleeping Gypsy<\/h1>\n<p>\n&nbsp;<\/p>\n<table border=\"0\" cellpadding=\"0\" cellspacing=\"0\" style=\"width: 673px\" width=\"673\">\n<tbody>\n<tr>\n<td height=\"21\" style=\"width: 180px;height: 21px\">Year of creation:<\/td>\n<td style=\"width: 493px\">1897<\/td>\n<\/tr>\n<tr>\n<td height=\"21\" style=\"width: 180px;height: 21px\">Original size:<\/td>\n<td style=\"width: 493px\">200.7 cm x 129.5 cm<\/td>\n<\/tr>\n<tr>\n<td height=\"21\" style=\"width: 180px;height: 21px\">Painting style:<\/td>\n<td style=\"width: 493px\">Post-impressionism<\/td>\n<\/tr>\n<tr>\n<td height=\"21\" style=\"width: 180px;height: 21px\">Original technique:<\/td>\n<td>Oil on canvas<\/td>\n<\/tr>\n<tr>\n<td height=\"21\" style=\"width: 180px;height: 21px\">Located:<\/td>\n<td>Museum of Modern Art, New York<\/td>\n<\/tr>\n<\/tbody>\n<colgroup><\/colgroup>\n<\/table>\n<p>&nbsp;<\/p>\n<div>This fantastic depiction of a lion bending over a sleeping woman under a moonlit sky is one of the most recognizable works of modern times.<\/div>\n<div>&nbsp;<\/div>\n<div>In the painting, the artist depicted a young gypsy woman in a colorful dress sleeping on the sand in the desert. Her mandolin rests beside her. He clings to a walking stick with one hand and holds the other close to him. He has a look of complete satisfaction on his face. Meanwhile, a lion stands above her, but he doesn&#8217;t seem dangerous or threatening. In the upper right corner of the painting is the moon, to which the painter added a smile.&nbsp;<\/div>\n<div>&nbsp;<\/div>\n","protected":false},"excerpt":{"rendered":"<p>Henri Rousseau &#8211; The Sleeping Gypsy &nbsp; Year of creation: 1897 Original size: 200.7 cm x 129.5 cm Painting style: Post-impressionism Original technique: Oil on canvas Located: Museum of Modern Art, New York &nbsp; This fantastic depiction of a lion bending over a sleeping woman under a moonlit sky is [&hellip;]<\/p>\n","protected":false},"featured_media":79333,"template":"","meta":{"_acf_changed":false},"product_brand":[],"product_cat":[9809],"product_tag":[9870,9862,9863,9866],"class_list":{"0":"post-81335","1":"product","2":"type-product","3":"status-publish","4":"has-post-thumbnail","6":"product_cat-henri-rousseau-en","7":"product_tag-painter","8":"product_tag-reproduction-en","9":"product_tag-reproductions","10":"product_tag-rousseau-en","11":"pa_dimenzija-100-x-65-cm","12":"pa_dimenzija-120-x-80-cm","13":"pa_dimenzija-140-x-90-cm","14":"pa_dimenzija-160-x-100-cm","15":"pa_dimenzija-180-x-120-cm","16":"pa_dimenzija-201-x-130-cm","17":"pa_dimenzija-80-x-50-cm","18":"pa_dimenzija-90-x-60-cm","19":"pa_oblika-horizontal","20":"pa_okvir-without-frame","21":"pa_podokvir-without","22":"pa_podokvir-yes","24":"first","25":"onbackorder","26":"purchasable","27":"product-type-variable","28":"has-default-attributes"},"acf":[],"yoast_head":"<!-- This site is optimized with the Yoast SEO Premium plugin v26.0 (Yoast SEO v27.2) - https:\/\/yoast.com\/product\/yoast-seo-premium-wordpress\/ -->\n<title>Henri Rousseau - The\u00a0Sleeping\u00a0Gypsy - SVETSLIK.SI - 100% hand painted<\/title>\n<meta name=\"description\" content=\"Henri Rousseau - The\u00a0Sleeping\u00a0Gypsy - 100% hand-painted reproduction of famous paintings by famous artists. Wall art, abstract paintings and custom painted paintings by order.\" \/>\n<meta name=\"robots\" content=\"index, follow, max-snippet:-1, max-image-preview:large, max-video-preview:-1\" \/>\n<link rel=\"canonical\" href=\"https:\/\/svetslik.si\/en\/henri-rousseau-en\/the-sleeping-gypsy\/\" \/>\n<meta property=\"og:locale\" content=\"en_US\" \/>\n<meta property=\"og:type\" content=\"article\" \/>\n<meta property=\"og:title\" content=\"Henri Rousseau - The\u00a0Sleeping\u00a0Gypsy\" \/>\n<meta property=\"og:description\" content=\"100% ro\u010dno naslikane slike na platnu, reprodukcije znanih slikarjev in umetni\u0161ke slike po naro\u010dilu.\" \/>\n<meta property=\"og:url\" content=\"https:\/\/svetslik.si\/en\/henri-rousseau-en\/the-sleeping-gypsy\/\" \/>\n<meta property=\"og:site_name\" content=\"SVETSLIK.SI\" \/>\n<meta property=\"article:publisher\" content=\"https:\/\/www.facebook.com\/svetslik.si\" \/>\n<meta property=\"article:modified_time\" content=\"2026-03-22T18:22:35+00:00\" \/>\n<meta property=\"og:image\" content=\"https:\/\/svetslik.si\/wp-content\/uploads\/2021\/08\/image_The-Sleeping-Gypsy-Henri-Rousseau_680-scaled.jpg\" \/>\n\t<meta property=\"og:image:width\" content=\"2560\" \/>\n\t<meta property=\"og:image:height\" content=\"1669\" \/>\n\t<meta property=\"og:image:type\" content=\"image\/jpeg\" \/>\n<meta name=\"twitter:card\" content=\"summary_large_image\" \/>\n<meta name=\"twitter:site\" content=\"@svetslik\" \/>\n<meta name=\"twitter:label1\" content=\"Availability\" \/>\n\t<meta name=\"twitter:data1\" content=\"On backorder\" \/>\n<script type=\"application\/ld+json\" class=\"yoast-schema-graph\">{\"@context\":\"https:\/\/schema.org\",\"@graph\":[{\"@type\":[\"WebPage\",\"ItemPage\"],\"@id\":\"https:\/\/svetslik.si\/en\/henri-rousseau-en\/the-sleeping-gypsy\/\",\"url\":\"https:\/\/svetslik.si\/en\/henri-rousseau-en\/the-sleeping-gypsy\/\",\"name\":\"Henri Rousseau - The\u00a0Sleeping\u00a0Gypsy - SVETSLIK.SI - 100% hand painted\",\"isPartOf\":{\"@id\":\"https:\/\/svetslik.si\/en\/#website\"},\"primaryImageOfPage\":{\"@id\":\"https:\/\/svetslik.si\/en\/henri-rousseau-en\/the-sleeping-gypsy\/#primaryimage\"},\"image\":{\"@id\":\"https:\/\/svetslik.si\/en\/henri-rousseau-en\/the-sleeping-gypsy\/#primaryimage\"},\"thumbnailUrl\":\"https:\/\/svetslik.si\/wp-content\/uploads\/2021\/08\/image_The-Sleeping-Gypsy-Henri-Rousseau_680-scaled.jpg\",\"datePublished\":\"2021-09-02T15:42:52+00:00\",\"dateModified\":\"2026-03-22T18:22:35+00:00\",\"description\":\"Henri Rousseau - The\u00a0Sleeping\u00a0Gypsy - 100% hand-painted reproduction of famous paintings by famous artists. Wall art, abstract paintings and custom painted paintings by order.\",\"breadcrumb\":{\"@id\":\"https:\/\/svetslik.si\/en\/henri-rousseau-en\/the-sleeping-gypsy\/#breadcrumb\"},\"inLanguage\":\"en-US\",\"potentialAction\":[{\"@type\":\"ReadAction\",\"target\":[\"https:\/\/svetslik.si\/en\/henri-rousseau-en\/the-sleeping-gypsy\/\"]}]},{\"@type\":\"ImageObject\",\"inLanguage\":\"en-US\",\"@id\":\"https:\/\/svetslik.si\/en\/henri-rousseau-en\/the-sleeping-gypsy\/#primaryimage\",\"url\":\"https:\/\/svetslik.si\/wp-content\/uploads\/2021\/08\/image_The-Sleeping-Gypsy-Henri-Rousseau_680-scaled.jpg\",\"contentUrl\":\"https:\/\/svetslik.si\/wp-content\/uploads\/2021\/08\/image_The-Sleeping-Gypsy-Henri-Rousseau_680-scaled.jpg\",\"width\":2560,\"height\":1669,\"caption\":\"The Sleeping Gypsy - Henri Rousseau - reproduction of famous painting, painting on canvas\"},{\"@type\":\"BreadcrumbList\",\"@id\":\"https:\/\/svetslik.si\/en\/henri-rousseau-en\/the-sleeping-gypsy\/#breadcrumb\",\"itemListElement\":[{\"@type\":\"ListItem\",\"position\":1,\"name\":\"Wall art and paintings on canvas\",\"item\":\"https:\/\/svetslik.si\/en\/\"},{\"@type\":\"ListItem\",\"position\":2,\"name\":\"Sale of paintings\",\"item\":\"https:\/\/svetslik.si\/prodaja-slik\/\"},{\"@type\":\"ListItem\",\"position\":3,\"name\":\"Henri Rousseau &#8211; The\u00a0Sleeping\u00a0Gypsy\"}]},{\"@type\":\"WebSite\",\"@id\":\"https:\/\/svetslik.si\/en\/#website\",\"url\":\"https:\/\/svetslik.si\/en\/\",\"name\":\"SVETSLIK.SI\",\"description\":\"100% ru\u010dno naslikane reprodukcije slika poznatih slikara in umjetni\u010dke zidne slike na platnu.\",\"publisher\":{\"@id\":\"https:\/\/svetslik.si\/en\/#organization\"},\"potentialAction\":[{\"@type\":\"SearchAction\",\"target\":{\"@type\":\"EntryPoint\",\"urlTemplate\":\"https:\/\/svetslik.si\/en\/?s={search_term_string}\"},\"query-input\":{\"@type\":\"PropertyValueSpecification\",\"valueRequired\":true,\"valueName\":\"search_term_string\"}}],\"inLanguage\":\"en-US\"},{\"@type\":\"Organization\",\"@id\":\"https:\/\/svetslik.si\/en\/#organization\",\"name\":\"SvetSlik.si\",\"url\":\"https:\/\/svetslik.si\/en\/\",\"logo\":{\"@type\":\"ImageObject\",\"inLanguage\":\"en-US\",\"@id\":\"https:\/\/svetslik.si\/en\/#\/schema\/logo\/image\/\",\"url\":\"https:\/\/svetslik.si\/wp-content\/uploads\/2020\/12\/logo-512.png\",\"contentUrl\":\"https:\/\/svetslik.si\/wp-content\/uploads\/2020\/12\/logo-512.png\",\"width\":512,\"height\":512,\"caption\":\"SvetSlik.si\"},\"image\":{\"@id\":\"https:\/\/svetslik.si\/en\/#\/schema\/logo\/image\/\"},\"sameAs\":[\"https:\/\/www.facebook.com\/svetslik.si\",\"https:\/\/x.com\/svetslik\",\"https:\/\/www.instagram.com\/svetslik.si\/\",\"https:\/\/www.linkedin.com\/company\/svetslik-si\"]}]}<\/script>\n<meta property=\"og:availability\" content=\"backorder\" \/>\n<meta property=\"product:availability\" content=\"available for order\" \/>\n<meta property=\"product:retailer_item_id\" content=\"60__\" \/>\n<meta property=\"product:condition\" content=\"new\" \/>\n<!-- \/ Yoast SEO Premium plugin. -->","yoast_head_json":{"title":"Henri Rousseau - The\u00a0Sleeping\u00a0Gypsy - SVETSLIK.SI - 100% hand painted","description":"Henri Rousseau - The\u00a0Sleeping\u00a0Gypsy - 100% hand-painted reproduction of famous paintings by famous artists. Wall art, abstract paintings and custom painted paintings by order.","robots":{"index":"index","follow":"follow","max-snippet":"max-snippet:-1","max-image-preview":"max-image-preview:large","max-video-preview":"max-video-preview:-1"},"canonical":"https:\/\/svetslik.si\/en\/henri-rousseau-en\/the-sleeping-gypsy\/","og_locale":"en_US","og_type":"article","og_title":"Henri Rousseau - The\u00a0Sleeping\u00a0Gypsy","og_description":"100% ro\u010dno naslikane slike na platnu, reprodukcije znanih slikarjev in umetni\u0161ke slike po naro\u010dilu.","og_url":"https:\/\/svetslik.si\/en\/henri-rousseau-en\/the-sleeping-gypsy\/","og_site_name":"SVETSLIK.SI","article_publisher":"https:\/\/www.facebook.com\/svetslik.si","article_modified_time":"2026-03-22T18:22:35+00:00","og_image":[{"width":2560,"height":1669,"url":"https:\/\/svetslik.si\/wp-content\/uploads\/2021\/08\/image_The-Sleeping-Gypsy-Henri-Rousseau_680-scaled.jpg","type":"image\/jpeg"}],"twitter_card":"summary_large_image","twitter_site":"@svetslik","twitter_misc":{"Availability":"On backorder"},"schema":{"@context":"https:\/\/schema.org","@graph":[{"@type":["WebPage","ItemPage"],"@id":"https:\/\/svetslik.si\/en\/henri-rousseau-en\/the-sleeping-gypsy\/","url":"https:\/\/svetslik.si\/en\/henri-rousseau-en\/the-sleeping-gypsy\/","name":"Henri Rousseau - The\u00a0Sleeping\u00a0Gypsy - SVETSLIK.SI - 100% hand painted","isPartOf":{"@id":"https:\/\/svetslik.si\/en\/#website"},"primaryImageOfPage":{"@id":"https:\/\/svetslik.si\/en\/henri-rousseau-en\/the-sleeping-gypsy\/#primaryimage"},"image":{"@id":"https:\/\/svetslik.si\/en\/henri-rousseau-en\/the-sleeping-gypsy\/#primaryimage"},"thumbnailUrl":"https:\/\/svetslik.si\/wp-content\/uploads\/2021\/08\/image_The-Sleeping-Gypsy-Henri-Rousseau_680-scaled.jpg","datePublished":"2021-09-02T15:42:52+00:00","dateModified":"2026-03-22T18:22:35+00:00","description":"Henri Rousseau - The\u00a0Sleeping\u00a0Gypsy - 100% hand-painted reproduction of famous paintings by famous artists. Wall art, abstract paintings and custom painted paintings by order.","breadcrumb":{"@id":"https:\/\/svetslik.si\/en\/henri-rousseau-en\/the-sleeping-gypsy\/#breadcrumb"},"inLanguage":"en-US","potentialAction":[{"@type":"ReadAction","target":["https:\/\/svetslik.si\/en\/henri-rousseau-en\/the-sleeping-gypsy\/"]}]},{"@type":"ImageObject","inLanguage":"en-US","@id":"https:\/\/svetslik.si\/en\/henri-rousseau-en\/the-sleeping-gypsy\/#primaryimage","url":"https:\/\/svetslik.si\/wp-content\/uploads\/2021\/08\/image_The-Sleeping-Gypsy-Henri-Rousseau_680-scaled.jpg","contentUrl":"https:\/\/svetslik.si\/wp-content\/uploads\/2021\/08\/image_The-Sleeping-Gypsy-Henri-Rousseau_680-scaled.jpg","width":2560,"height":1669,"caption":"The Sleeping Gypsy - Henri Rousseau - reproduction of famous painting, painting on canvas"},{"@type":"BreadcrumbList","@id":"https:\/\/svetslik.si\/en\/henri-rousseau-en\/the-sleeping-gypsy\/#breadcrumb","itemListElement":[{"@type":"ListItem","position":1,"name":"Wall art and paintings on canvas","item":"https:\/\/svetslik.si\/en\/"},{"@type":"ListItem","position":2,"name":"Sale of paintings","item":"https:\/\/svetslik.si\/prodaja-slik\/"},{"@type":"ListItem","position":3,"name":"Henri Rousseau &#8211; The\u00a0Sleeping\u00a0Gypsy"}]},{"@type":"WebSite","@id":"https:\/\/svetslik.si\/en\/#website","url":"https:\/\/svetslik.si\/en\/","name":"SVETSLIK.SI","description":"100% ru\u010dno naslikane reprodukcije slika poznatih slikara in umjetni\u010dke zidne slike na platnu.","publisher":{"@id":"https:\/\/svetslik.si\/en\/#organization"},"potentialAction":[{"@type":"SearchAction","target":{"@type":"EntryPoint","urlTemplate":"https:\/\/svetslik.si\/en\/?s={search_term_string}"},"query-input":{"@type":"PropertyValueSpecification","valueRequired":true,"valueName":"search_term_string"}}],"inLanguage":"en-US"},{"@type":"Organization","@id":"https:\/\/svetslik.si\/en\/#organization","name":"SvetSlik.si","url":"https:\/\/svetslik.si\/en\/","logo":{"@type":"ImageObject","inLanguage":"en-US","@id":"https:\/\/svetslik.si\/en\/#\/schema\/logo\/image\/","url":"https:\/\/svetslik.si\/wp-content\/uploads\/2020\/12\/logo-512.png","contentUrl":"https:\/\/svetslik.si\/wp-content\/uploads\/2020\/12\/logo-512.png","width":512,"height":512,"caption":"SvetSlik.si"},"image":{"@id":"https:\/\/svetslik.si\/en\/#\/schema\/logo\/image\/"},"sameAs":["https:\/\/www.facebook.com\/svetslik.si","https:\/\/x.com\/svetslik","https:\/\/www.instagram.com\/svetslik.si\/","https:\/\/www.linkedin.com\/company\/svetslik-si"]}]},"og_availability":"backorder","product_availability":"available for order","product_retailer_item_id":"60__","product_condition":"new"},"jetpack_sharing_enabled":true,"_links":{"self":[{"href":"https:\/\/svetslik.si\/en\/wp-json\/wp\/v2\/product\/81335","targetHints":{"allow":["GET"]}}],"collection":[{"href":"https:\/\/svetslik.si\/en\/wp-json\/wp\/v2\/product"}],"about":[{"href":"https:\/\/svetslik.si\/en\/wp-json\/wp\/v2\/types\/product"}],"wp:featuredmedia":[{"embeddable":true,"href":"https:\/\/svetslik.si\/en\/wp-json\/wp\/v2\/media\/79333"}],"wp:attachment":[{"href":"https:\/\/svetslik.si\/en\/wp-json\/wp\/v2\/media?parent=81335"}],"wp:term":[{"taxonomy":"product_brand","embeddable":true,"href":"https:\/\/svetslik.si\/en\/wp-json\/wp\/v2\/product_brand?post=81335"},{"taxonomy":"product_cat","embeddable":true,"href":"https:\/\/svetslik.si\/en\/wp-json\/wp\/v2\/product_cat?post=81335"},{"taxonomy":"product_tag","embeddable":true,"href":"https:\/\/svetslik.si\/en\/wp-json\/wp\/v2\/product_tag?post=81335"}],"curies":[{"name":"wp","href":"https:\/\/api.w.org\/{rel}","templated":true}]}}