{"id":81356,"date":"2021-09-02T17:42:57","date_gmt":"2021-09-02T15:42:57","guid":{"rendered":"https:\/\/svetslik.si\/uncategorized\/woman-walking-in-an-exotic-forest\/"},"modified":"2026-03-22T19:22:35","modified_gmt":"2026-03-22T18:22:35","slug":"woman-walking-in-an-exotic-forest","status":"publish","type":"product","link":"https:\/\/svetslik.si\/en\/henri-rousseau-en\/woman-walking-in-an-exotic-forest\/","title":{"rendered":"Henri Rousseau &#8211; Woman\u00a0Walking\u00a0in\u00a0an\u00a0Exotic\u00a0Forest"},"content":{"rendered":"<h1>Henri Rousseau &#8211; Woman Walking in an Exotic Forest<\/h1>\n<p>\n&nbsp;<\/p>\n<table border=\"0\" cellpadding=\"0\" cellspacing=\"0\" style=\"width: 673px\" width=\"673\">\n<tbody>\n<tr>\n<td height=\"21\" style=\"width: 180px;height: 21px\">Year of creation:<\/td>\n<td style=\"width: 493px\">1905<\/td>\n<\/tr>\n<tr>\n<td height=\"21\" style=\"width: 180px;height: 21px\">Original size:<\/td>\n<td style=\"width: 493px\">80.7 cm x 99.9 cm<\/td>\n<\/tr>\n<tr>\n<td height=\"21\" style=\"width: 180px;height: 21px\">Painting style:<\/td>\n<td style=\"width: 493px\">Post-impressionism<\/td>\n<\/tr>\n<tr>\n<td height=\"21\" style=\"width: 180px;height: 21px\">Original technique:<\/td>\n<td>Oil on canvas<\/td>\n<\/tr>\n<tr>\n<td height=\"21\" style=\"width: 180px;height: 21px\">Located:<\/td>\n<td>Barnes Foundation, Pennsylvania, USA<\/td>\n<\/tr>\n<\/tbody>\n<colgroup><\/colgroup>\n<\/table>\n<p>Rousseau loved exploring the Jardin de Plantes in Paris, where he studied the various plants that appear in his paintings. In this picture, too, he used plants for the background, which he enlarged and in this way created the feeling of tropical vegetation. That&#8217;s why the plants in this picture look like giant trees and huge flowers that don&#8217;t belong in the rainforest.<\/p>\n","protected":false},"excerpt":{"rendered":"<p>Henri Rousseau &#8211; Woman Walking in an Exotic Forest &nbsp; Year of creation: 1905 Original size: 80.7 cm x 99.9 cm Painting style: Post-impressionism Original technique: Oil on canvas Located: Barnes Foundation, Pennsylvania, USA Rousseau loved exploring the Jardin de Plantes in Paris, where he studied the various plants that [&hellip;]<\/p>\n","protected":false},"featured_media":78409,"template":"","meta":{"_acf_changed":false},"product_brand":[],"product_cat":[9809],"product_tag":[9870,9862,9863,9866],"class_list":{"0":"post-81356","1":"product","2":"type-product","3":"status-publish","4":"has-post-thumbnail","6":"product_cat-henri-rousseau-en","7":"product_tag-painter","8":"product_tag-reproduction-en","9":"product_tag-reproductions","10":"product_tag-rousseau-en","11":"pa_dimenzija-100-x-125-cm-en","12":"pa_dimenzija-120-x-150-cm-en","13":"pa_dimenzija-140-x-170-cm-en","14":"pa_dimenzija-160-x-200-cm-en","15":"pa_dimenzija-50-x-60-cm-en","16":"pa_dimenzija-60-x-75-cm-en","17":"pa_dimenzija-70-x-90-cm-en","18":"pa_dimenzija-81-x-100-cm-en","19":"pa_oblika-vertical","20":"pa_okvir-without-frame","21":"pa_podokvir-without","22":"pa_podokvir-yes","24":"first","25":"onbackorder","26":"purchasable","27":"product-type-variable","28":"has-default-attributes"},"acf":[],"yoast_head":"<!-- This site is optimized with the Yoast SEO Premium plugin v26.0 (Yoast SEO v27.2) - https:\/\/yoast.com\/product\/yoast-seo-premium-wordpress\/ -->\n<title>Henri Rousseau - Woman\u00a0Walking\u00a0in\u00a0an\u00a0Exotic\u00a0Forest - SVETSLIK.SI - 100% hand painted<\/title>\n<meta name=\"description\" content=\"Henri Rousseau - Woman\u00a0Walking\u00a0in\u00a0an\u00a0Exotic\u00a0Forest - 100% hand-painted reproduction of famous paintings by famous artists. Wall art, abstract paintings and custom painted paintings by order.\" \/>\n<meta name=\"robots\" content=\"index, follow, max-snippet:-1, max-image-preview:large, max-video-preview:-1\" \/>\n<link rel=\"canonical\" href=\"https:\/\/svetslik.si\/en\/henri-rousseau-en\/woman-walking-in-an-exotic-forest\/\" \/>\n<meta property=\"og:locale\" content=\"en_US\" \/>\n<meta property=\"og:type\" content=\"article\" \/>\n<meta property=\"og:title\" content=\"Henri Rousseau - Woman\u00a0Walking\u00a0in\u00a0an\u00a0Exotic\u00a0Forest\" \/>\n<meta property=\"og:description\" content=\"100% ro\u010dno naslikane slike na platnu, reprodukcije znanih slikarjev in umetni\u0161ke slike po naro\u010dilu.\" \/>\n<meta property=\"og:url\" content=\"https:\/\/svetslik.si\/en\/henri-rousseau-en\/woman-walking-in-an-exotic-forest\/\" \/>\n<meta property=\"og:site_name\" content=\"SVETSLIK.SI\" \/>\n<meta property=\"article:publisher\" content=\"https:\/\/www.facebook.com\/svetslik.si\" \/>\n<meta property=\"article:modified_time\" content=\"2026-03-22T18:22:35+00:00\" \/>\n<meta property=\"og:image\" content=\"https:\/\/svetslik.si\/wp-content\/uploads\/2021\/08\/image_Woman-Walking-in-an-Exotic-Forest-Henri-Rousseau_680.jpg\" \/>\n\t<meta property=\"og:image:width\" content=\"1024\" \/>\n\t<meta property=\"og:image:height\" content=\"1262\" \/>\n\t<meta property=\"og:image:type\" content=\"image\/jpeg\" \/>\n<meta name=\"twitter:card\" content=\"summary_large_image\" \/>\n<meta name=\"twitter:site\" content=\"@svetslik\" \/>\n<meta name=\"twitter:label1\" content=\"Availability\" \/>\n\t<meta name=\"twitter:data1\" content=\"On backorder\" \/>\n<script type=\"application\/ld+json\" class=\"yoast-schema-graph\">{\"@context\":\"https:\/\/schema.org\",\"@graph\":[{\"@type\":[\"WebPage\",\"ItemPage\"],\"@id\":\"https:\/\/svetslik.si\/en\/henri-rousseau-en\/woman-walking-in-an-exotic-forest\/\",\"url\":\"https:\/\/svetslik.si\/en\/henri-rousseau-en\/woman-walking-in-an-exotic-forest\/\",\"name\":\"Henri Rousseau - Woman\u00a0Walking\u00a0in\u00a0an\u00a0Exotic\u00a0Forest - SVETSLIK.SI - 100% hand painted\",\"isPartOf\":{\"@id\":\"https:\/\/svetslik.si\/en\/#website\"},\"primaryImageOfPage\":{\"@id\":\"https:\/\/svetslik.si\/en\/henri-rousseau-en\/woman-walking-in-an-exotic-forest\/#primaryimage\"},\"image\":{\"@id\":\"https:\/\/svetslik.si\/en\/henri-rousseau-en\/woman-walking-in-an-exotic-forest\/#primaryimage\"},\"thumbnailUrl\":\"https:\/\/svetslik.si\/wp-content\/uploads\/2021\/08\/image_Woman-Walking-in-an-Exotic-Forest-Henri-Rousseau_680.jpg\",\"datePublished\":\"2021-09-02T15:42:57+00:00\",\"dateModified\":\"2026-03-22T18:22:35+00:00\",\"description\":\"Henri Rousseau - Woman\u00a0Walking\u00a0in\u00a0an\u00a0Exotic\u00a0Forest - 100% hand-painted reproduction of famous paintings by famous artists. Wall art, abstract paintings and custom painted paintings by order.\",\"breadcrumb\":{\"@id\":\"https:\/\/svetslik.si\/en\/henri-rousseau-en\/woman-walking-in-an-exotic-forest\/#breadcrumb\"},\"inLanguage\":\"en-US\",\"potentialAction\":[{\"@type\":\"ReadAction\",\"target\":[\"https:\/\/svetslik.si\/en\/henri-rousseau-en\/woman-walking-in-an-exotic-forest\/\"]}]},{\"@type\":\"ImageObject\",\"inLanguage\":\"en-US\",\"@id\":\"https:\/\/svetslik.si\/en\/henri-rousseau-en\/woman-walking-in-an-exotic-forest\/#primaryimage\",\"url\":\"https:\/\/svetslik.si\/wp-content\/uploads\/2021\/08\/image_Woman-Walking-in-an-Exotic-Forest-Henri-Rousseau_680.jpg\",\"contentUrl\":\"https:\/\/svetslik.si\/wp-content\/uploads\/2021\/08\/image_Woman-Walking-in-an-Exotic-Forest-Henri-Rousseau_680.jpg\",\"width\":1024,\"height\":1262,\"caption\":\"Henri Rousseau - Woman Walking in an Exotic Forest - reproduction of famous painting by famous artist, hand painted painting on canvas - oil painting\"},{\"@type\":\"BreadcrumbList\",\"@id\":\"https:\/\/svetslik.si\/en\/henri-rousseau-en\/woman-walking-in-an-exotic-forest\/#breadcrumb\",\"itemListElement\":[{\"@type\":\"ListItem\",\"position\":1,\"name\":\"Wall art and paintings on canvas\",\"item\":\"https:\/\/svetslik.si\/en\/\"},{\"@type\":\"ListItem\",\"position\":2,\"name\":\"Sale of paintings\",\"item\":\"https:\/\/svetslik.si\/prodaja-slik\/\"},{\"@type\":\"ListItem\",\"position\":3,\"name\":\"Henri Rousseau &#8211; Woman\u00a0Walking\u00a0in\u00a0an\u00a0Exotic\u00a0Forest\"}]},{\"@type\":\"WebSite\",\"@id\":\"https:\/\/svetslik.si\/en\/#website\",\"url\":\"https:\/\/svetslik.si\/en\/\",\"name\":\"SVETSLIK.SI\",\"description\":\"100% ru\u010dno naslikane reprodukcije slika poznatih slikara in umjetni\u010dke zidne slike na platnu.\",\"publisher\":{\"@id\":\"https:\/\/svetslik.si\/en\/#organization\"},\"potentialAction\":[{\"@type\":\"SearchAction\",\"target\":{\"@type\":\"EntryPoint\",\"urlTemplate\":\"https:\/\/svetslik.si\/en\/?s={search_term_string}\"},\"query-input\":{\"@type\":\"PropertyValueSpecification\",\"valueRequired\":true,\"valueName\":\"search_term_string\"}}],\"inLanguage\":\"en-US\"},{\"@type\":\"Organization\",\"@id\":\"https:\/\/svetslik.si\/en\/#organization\",\"name\":\"SvetSlik.si\",\"url\":\"https:\/\/svetslik.si\/en\/\",\"logo\":{\"@type\":\"ImageObject\",\"inLanguage\":\"en-US\",\"@id\":\"https:\/\/svetslik.si\/en\/#\/schema\/logo\/image\/\",\"url\":\"https:\/\/svetslik.si\/wp-content\/uploads\/2020\/12\/logo-512.png\",\"contentUrl\":\"https:\/\/svetslik.si\/wp-content\/uploads\/2020\/12\/logo-512.png\",\"width\":512,\"height\":512,\"caption\":\"SvetSlik.si\"},\"image\":{\"@id\":\"https:\/\/svetslik.si\/en\/#\/schema\/logo\/image\/\"},\"sameAs\":[\"https:\/\/www.facebook.com\/svetslik.si\",\"https:\/\/x.com\/svetslik\",\"https:\/\/www.instagram.com\/svetslik.si\/\",\"https:\/\/www.linkedin.com\/company\/svetslik-si\"]}]}<\/script>\n<meta property=\"og:availability\" content=\"backorder\" \/>\n<meta property=\"product:availability\" content=\"available for order\" \/>\n<meta property=\"product:retailer_item_id\" content=\"62__\" \/>\n<meta property=\"product:condition\" content=\"new\" \/>\n<!-- \/ Yoast SEO Premium plugin. -->","yoast_head_json":{"title":"Henri Rousseau - Woman\u00a0Walking\u00a0in\u00a0an\u00a0Exotic\u00a0Forest - SVETSLIK.SI - 100% hand painted","description":"Henri Rousseau - Woman\u00a0Walking\u00a0in\u00a0an\u00a0Exotic\u00a0Forest - 100% hand-painted reproduction of famous paintings by famous artists. Wall art, abstract paintings and custom painted paintings by order.","robots":{"index":"index","follow":"follow","max-snippet":"max-snippet:-1","max-image-preview":"max-image-preview:large","max-video-preview":"max-video-preview:-1"},"canonical":"https:\/\/svetslik.si\/en\/henri-rousseau-en\/woman-walking-in-an-exotic-forest\/","og_locale":"en_US","og_type":"article","og_title":"Henri Rousseau - Woman\u00a0Walking\u00a0in\u00a0an\u00a0Exotic\u00a0Forest","og_description":"100% ro\u010dno naslikane slike na platnu, reprodukcije znanih slikarjev in umetni\u0161ke slike po naro\u010dilu.","og_url":"https:\/\/svetslik.si\/en\/henri-rousseau-en\/woman-walking-in-an-exotic-forest\/","og_site_name":"SVETSLIK.SI","article_publisher":"https:\/\/www.facebook.com\/svetslik.si","article_modified_time":"2026-03-22T18:22:35+00:00","og_image":[{"width":1024,"height":1262,"url":"https:\/\/svetslik.si\/wp-content\/uploads\/2021\/08\/image_Woman-Walking-in-an-Exotic-Forest-Henri-Rousseau_680.jpg","type":"image\/jpeg"}],"twitter_card":"summary_large_image","twitter_site":"@svetslik","twitter_misc":{"Availability":"On backorder"},"schema":{"@context":"https:\/\/schema.org","@graph":[{"@type":["WebPage","ItemPage"],"@id":"https:\/\/svetslik.si\/en\/henri-rousseau-en\/woman-walking-in-an-exotic-forest\/","url":"https:\/\/svetslik.si\/en\/henri-rousseau-en\/woman-walking-in-an-exotic-forest\/","name":"Henri Rousseau - Woman\u00a0Walking\u00a0in\u00a0an\u00a0Exotic\u00a0Forest - SVETSLIK.SI - 100% hand painted","isPartOf":{"@id":"https:\/\/svetslik.si\/en\/#website"},"primaryImageOfPage":{"@id":"https:\/\/svetslik.si\/en\/henri-rousseau-en\/woman-walking-in-an-exotic-forest\/#primaryimage"},"image":{"@id":"https:\/\/svetslik.si\/en\/henri-rousseau-en\/woman-walking-in-an-exotic-forest\/#primaryimage"},"thumbnailUrl":"https:\/\/svetslik.si\/wp-content\/uploads\/2021\/08\/image_Woman-Walking-in-an-Exotic-Forest-Henri-Rousseau_680.jpg","datePublished":"2021-09-02T15:42:57+00:00","dateModified":"2026-03-22T18:22:35+00:00","description":"Henri Rousseau - Woman\u00a0Walking\u00a0in\u00a0an\u00a0Exotic\u00a0Forest - 100% hand-painted reproduction of famous paintings by famous artists. Wall art, abstract paintings and custom painted paintings by order.","breadcrumb":{"@id":"https:\/\/svetslik.si\/en\/henri-rousseau-en\/woman-walking-in-an-exotic-forest\/#breadcrumb"},"inLanguage":"en-US","potentialAction":[{"@type":"ReadAction","target":["https:\/\/svetslik.si\/en\/henri-rousseau-en\/woman-walking-in-an-exotic-forest\/"]}]},{"@type":"ImageObject","inLanguage":"en-US","@id":"https:\/\/svetslik.si\/en\/henri-rousseau-en\/woman-walking-in-an-exotic-forest\/#primaryimage","url":"https:\/\/svetslik.si\/wp-content\/uploads\/2021\/08\/image_Woman-Walking-in-an-Exotic-Forest-Henri-Rousseau_680.jpg","contentUrl":"https:\/\/svetslik.si\/wp-content\/uploads\/2021\/08\/image_Woman-Walking-in-an-Exotic-Forest-Henri-Rousseau_680.jpg","width":1024,"height":1262,"caption":"Henri Rousseau - Woman Walking in an Exotic Forest - reproduction of famous painting by famous artist, hand painted painting on canvas - oil painting"},{"@type":"BreadcrumbList","@id":"https:\/\/svetslik.si\/en\/henri-rousseau-en\/woman-walking-in-an-exotic-forest\/#breadcrumb","itemListElement":[{"@type":"ListItem","position":1,"name":"Wall art and paintings on canvas","item":"https:\/\/svetslik.si\/en\/"},{"@type":"ListItem","position":2,"name":"Sale of paintings","item":"https:\/\/svetslik.si\/prodaja-slik\/"},{"@type":"ListItem","position":3,"name":"Henri Rousseau &#8211; Woman\u00a0Walking\u00a0in\u00a0an\u00a0Exotic\u00a0Forest"}]},{"@type":"WebSite","@id":"https:\/\/svetslik.si\/en\/#website","url":"https:\/\/svetslik.si\/en\/","name":"SVETSLIK.SI","description":"100% ru\u010dno naslikane reprodukcije slika poznatih slikara in umjetni\u010dke zidne slike na platnu.","publisher":{"@id":"https:\/\/svetslik.si\/en\/#organization"},"potentialAction":[{"@type":"SearchAction","target":{"@type":"EntryPoint","urlTemplate":"https:\/\/svetslik.si\/en\/?s={search_term_string}"},"query-input":{"@type":"PropertyValueSpecification","valueRequired":true,"valueName":"search_term_string"}}],"inLanguage":"en-US"},{"@type":"Organization","@id":"https:\/\/svetslik.si\/en\/#organization","name":"SvetSlik.si","url":"https:\/\/svetslik.si\/en\/","logo":{"@type":"ImageObject","inLanguage":"en-US","@id":"https:\/\/svetslik.si\/en\/#\/schema\/logo\/image\/","url":"https:\/\/svetslik.si\/wp-content\/uploads\/2020\/12\/logo-512.png","contentUrl":"https:\/\/svetslik.si\/wp-content\/uploads\/2020\/12\/logo-512.png","width":512,"height":512,"caption":"SvetSlik.si"},"image":{"@id":"https:\/\/svetslik.si\/en\/#\/schema\/logo\/image\/"},"sameAs":["https:\/\/www.facebook.com\/svetslik.si","https:\/\/x.com\/svetslik","https:\/\/www.instagram.com\/svetslik.si\/","https:\/\/www.linkedin.com\/company\/svetslik-si"]}]},"og_availability":"backorder","product_availability":"available for order","product_retailer_item_id":"62__","product_condition":"new"},"jetpack_sharing_enabled":true,"_links":{"self":[{"href":"https:\/\/svetslik.si\/en\/wp-json\/wp\/v2\/product\/81356","targetHints":{"allow":["GET"]}}],"collection":[{"href":"https:\/\/svetslik.si\/en\/wp-json\/wp\/v2\/product"}],"about":[{"href":"https:\/\/svetslik.si\/en\/wp-json\/wp\/v2\/types\/product"}],"wp:featuredmedia":[{"embeddable":true,"href":"https:\/\/svetslik.si\/en\/wp-json\/wp\/v2\/media\/78409"}],"wp:attachment":[{"href":"https:\/\/svetslik.si\/en\/wp-json\/wp\/v2\/media?parent=81356"}],"wp:term":[{"taxonomy":"product_brand","embeddable":true,"href":"https:\/\/svetslik.si\/en\/wp-json\/wp\/v2\/product_brand?post=81356"},{"taxonomy":"product_cat","embeddable":true,"href":"https:\/\/svetslik.si\/en\/wp-json\/wp\/v2\/product_cat?post=81356"},{"taxonomy":"product_tag","embeddable":true,"href":"https:\/\/svetslik.si\/en\/wp-json\/wp\/v2\/product_tag?post=81356"}],"curies":[{"name":"wp","href":"https:\/\/api.w.org\/{rel}","templated":true}]}}